{"id":23310,"date":"2018-08-17T16:43:46","date_gmt":"2018-08-17T20:43:46","guid":{"rendered":"http:\/\/www.musee-mccord-stewart.ca\/?page_id=23310\/"},"modified":"2026-03-02T14:23:34","modified_gmt":"2026-03-02T19:23:34","slug":"cegep","status":"publish","type":"page","link":"https:\/\/www.musee-mccord-stewart.ca\/fr\/groupes\/scolaire\/cegep\/","title":{"rendered":"C\u00e9gep"},"content":{"rendered":"<p>Au Mus\u00e9e ou en ligne, venez d\u00e9couvrir nos expositions, explorer nos collections et interagir en direct avec notre \u00e9quipe de m\u00e9diation!<\/p>\n<p>\u00c9labor\u00e9s dans une\u00a0<strong>perspective citoyenne<\/strong>, nos\u00a0<strong>visites<\/strong>\u00a0et nos\u00a0<strong>ateliers <\/strong>pour les groupes scolaires, favorisent l\u2019apprentissage et l\u2019ouverture \u00e0 l\u2019autre. Les objets culturels et les histoires sont au c\u0153ur de discussions dynamiques et permettent ainsi l\u2019\u00e9change de connaissances et d\u2018exp\u00e9riences. Une visite d\u2019exposition permettra \u00e0 votre groupe scolaire d\u2019<strong>aborder des enjeux historiques et actuels<\/strong>. Pour enrichir l\u2019exp\u00e9rience,\u00a0<strong>combinez un ou plusieurs ateliers th\u00e9matiques \u00e0 votre visite d\u2019exposition.<br \/>\n<\/strong><a class=\"cta\" href=\"#activites\">D\u00e9couvrez nos activit\u00e9s<i class=\"arrow-right-thickicon-\"><\/i><\/a><br \/>\n<a class=\"cta\" href=\"https:\/\/pages.mccord.museum\/reservation-groupe\" target=\"_blank\" rel=\"noopener\">R\u00e9servez votre visite<i class=\"arrow-right-thickicon-\"><\/i><\/a><\/p>\n<h3>Pr\u00e9parez votre visite<\/h3>\n<p><a href=\"https:\/\/www.musee-mccord-stewart.ca\/fr\/groupes\/instructions-reservation\/\">Instructions pour les r\u00e9servations de groupes<i class=\"arrow-right-thickicon-\"><\/i><\/a><a id=\"activites\"><\/a><br \/>\n<a href=\"https:\/\/www.musee-mccord-stewart.ca\/fr\/groupes\/faq-groupes\/\">Foire aux questions<i class=\"arrow-right-thickicon-\"><\/i><\/a><\/p>\n<h3>Espaces \u00e9ducatifs<\/h3>\n<p>Le Mus\u00e9e McCord Stewart est heureux de d\u00e9voiler son tout nouvel espace de m\u00e9diation compos\u00e9 de trois salles polyvalentes, conviviales et lumineuses, et r\u00e9alis\u00e9 gr\u00e2ce au g\u00e9n\u00e9reux soutien de la Fondation Rossy.<br \/>\n<a class=\"cta\" href=\"https:\/\/www.musee-mccord-stewart.ca\/fr\/espace-fondation-rossy-education\/\" target=\"_blank\" rel=\"noopener\">D\u00e9couvrez les espaces<i class=\"arrow-right-thickicon-\"><\/i><\/a><\/p>\n","protected":false},"excerpt":{"rendered":"<p>Au Mus\u00e9e ou en ligne, venez d\u00e9couvrir nos expositions, explorer nos collections et interagir en direct avec notre \u00e9quipe de m\u00e9diation! \u00c9labor\u00e9s dans une\u00a0perspective citoyenne, nos\u00a0visites\u00a0et nos\u00a0ateliers pour les groupes scolaires, favorisent l\u2019apprentissage et l\u2019ouverture \u00e0 l\u2019autre. Les objets culturels et les histoires sont au c\u0153ur de discussions dynamiques et permettent ainsi l\u2019\u00e9change de connaissances [&hellip;]<\/p>\n","protected":false},"author":17,"featured_media":0,"parent":23292,"menu_order":0,"comment_status":"closed","ping_status":"closed","template":"page-templates\/page-texte.php","meta":{"footnotes":""},"categories":[],"tags":[],"acf":[],"yoast_head":"<!-- This site is optimized with the Yoast SEO Premium plugin v20.11 (Yoast SEO v20.11) - https:\/\/yoast.com\/wordpress\/plugins\/seo\/ -->\n<title>C\u00e9gep - Des activit\u00e9s \u00e9ducatives au Mus\u00e9e McCord<\/title>\n<meta name=\"description\" content=\"C\u00e9gep: Partageant un int\u00e9r\u00eat commun pour l\u2019histoire, chaque visite offre aux visiteurs l\u2019exp\u00e9rience particuli\u00e8re d\u2019un lieu, d\u2019une \u00e9poque, d\u2019une communaut\u00e9.\" \/>\n<meta name=\"robots\" content=\"index, follow, max-snippet:-1, max-image-preview:large, max-video-preview:-1\" \/>\n<link rel=\"canonical\" href=\"https:\/\/www.musee-mccord-stewart.ca\/fr\/groupes\/scolaire\/cegep\/\" \/>\n<meta property=\"og:locale\" content=\"fr_FR\" \/>\n<meta property=\"og:type\" content=\"article\" \/>\n<meta property=\"og:title\" content=\"C\u00e9gep\" \/>\n<meta property=\"og:description\" content=\"C\u00e9gep: Partageant un int\u00e9r\u00eat commun pour l\u2019histoire, chaque visite offre aux visiteurs l\u2019exp\u00e9rience particuli\u00e8re d\u2019un lieu, d\u2019une \u00e9poque, d\u2019une communaut\u00e9.\" \/>\n<meta property=\"og:url\" content=\"https:\/\/www.musee-mccord-stewart.ca\/fr\/groupes\/scolaire\/cegep\/\" \/>\n<meta property=\"og:site_name\" content=\"Mus\u00e9e McCord Stewart\" \/>\n<meta property=\"article:publisher\" content=\"https:\/\/www.facebook.com\/museemccordstewart\" \/>\n<meta property=\"article:modified_time\" content=\"2026-03-02T19:23:34+00:00\" \/>\n<meta property=\"og:image\" content=\"https:\/\/www.musee-mccord-stewart.ca\/app\/uploads\/2018\/08\/mccord_francisation_13juin2018_web-41_640x448.jpg\" \/>\n\t<meta property=\"og:image:width\" content=\"640\" \/>\n\t<meta property=\"og:image:height\" content=\"448\" \/>\n\t<meta property=\"og:image:type\" content=\"image\/jpeg\" \/>\n<meta name=\"twitter:card\" content=\"summary_large_image\" \/>\n<meta name=\"twitter:description\" content=\"C\u00e9gep: Partageant un int\u00e9r\u00eat commun pour l\u2019histoire, chaque visite offre aux visiteurs l\u2019exp\u00e9rience particuli\u00e8re d\u2019un lieu, d\u2019une \u00e9poque, d\u2019une communaut\u00e9.\" \/>\n<meta name=\"twitter:site\" content=\"@MuseeMcCordStew\" \/>\n<meta name=\"twitter:label1\" content=\"Dur\u00e9e de lecture estim\u00e9e\" \/>\n\t<meta name=\"twitter:data1\" content=\"1 minute\" \/>\n<script type=\"application\/ld+json\" class=\"yoast-schema-graph\">{\"@context\":\"https:\/\/schema.org\",\"@graph\":[{\"@type\":\"WebPage\",\"@id\":\"https:\/\/www.musee-mccord-stewart.ca\/fr\/groupes\/scolaire\/cegep\/\",\"url\":\"https:\/\/www.musee-mccord-stewart.ca\/fr\/groupes\/scolaire\/cegep\/\",\"name\":\"C\u00e9gep - Des activit\u00e9s \u00e9ducatives au Mus\u00e9e McCord\",\"isPartOf\":{\"@id\":\"https:\/\/www.musee-mccord-stewart.ca\/fr\/#website\"},\"datePublished\":\"2018-08-17T20:43:46+00:00\",\"dateModified\":\"2026-03-02T19:23:34+00:00\",\"description\":\"C\u00e9gep: Partageant un int\u00e9r\u00eat commun pour l\u2019histoire, chaque visite offre aux visiteurs l\u2019exp\u00e9rience particuli\u00e8re d\u2019un lieu, d\u2019une \u00e9poque, d\u2019une communaut\u00e9.\",\"breadcrumb\":{\"@id\":\"https:\/\/www.musee-mccord-stewart.ca\/fr\/groupes\/scolaire\/cegep\/#breadcrumb\"},\"inLanguage\":\"fr-FR\",\"potentialAction\":[{\"@type\":\"ReadAction\",\"target\":[\"https:\/\/www.musee-mccord-stewart.ca\/fr\/groupes\/scolaire\/cegep\/\"]}]},{\"@type\":\"BreadcrumbList\",\"@id\":\"https:\/\/www.musee-mccord-stewart.ca\/fr\/groupes\/scolaire\/cegep\/#breadcrumb\",\"itemListElement\":[{\"@type\":\"ListItem\",\"position\":1,\"name\":\"Accueil\",\"item\":\"https:\/\/www.musee-mccord-stewart.ca\/fr\/\"},{\"@type\":\"ListItem\",\"position\":2,\"name\":\"Groupes\",\"item\":\"https:\/\/www.musee-mccord-stewart.ca\/fr\/groupes\/\"},{\"@type\":\"ListItem\",\"position\":3,\"name\":\"Scolaire\",\"item\":\"https:\/\/www.musee-mccord-stewart.ca\/fr\/groupes\/scolaire\/\"},{\"@type\":\"ListItem\",\"position\":4,\"name\":\"C\u00e9gep\"}]},{\"@type\":\"WebSite\",\"@id\":\"https:\/\/www.musee-mccord-stewart.ca\/fr\/#website\",\"url\":\"https:\/\/www.musee-mccord-stewart.ca\/fr\/\",\"name\":\"Mus\u00e9e McCord Stewart\",\"description\":\"Notre monde, nos histoires\",\"publisher\":{\"@id\":\"https:\/\/www.musee-mccord-stewart.ca\/fr\/#organization\"},\"alternateName\":\"MCS\",\"potentialAction\":[{\"@type\":\"SearchAction\",\"target\":{\"@type\":\"EntryPoint\",\"urlTemplate\":\"https:\/\/www.musee-mccord-stewart.ca\/fr\/?s={search_term_string}\"},\"query-input\":\"required name=search_term_string\"}],\"inLanguage\":\"fr-FR\"},{\"@type\":\"Organization\",\"@id\":\"https:\/\/www.musee-mccord-stewart.ca\/fr\/#organization\",\"name\":\"McCord Stewart Museum\",\"alternateName\":\"MCS\",\"url\":\"https:\/\/www.musee-mccord-stewart.ca\/fr\/\",\"logo\":{\"@type\":\"ImageObject\",\"inLanguage\":\"fr-FR\",\"@id\":\"https:\/\/www.musee-mccord-stewart.ca\/fr\/#\/schema\/logo\/image\/\",\"url\":\"https:\/\/www.musee-mccord-stewart.ca\/app\/uploads\/2023\/05\/logo_museemccordstewart_horizontal_noir_slogan.svg\",\"contentUrl\":\"https:\/\/www.musee-mccord-stewart.ca\/app\/uploads\/2023\/05\/logo_museemccordstewart_horizontal_noir_slogan.svg\",\"width\":1,\"height\":1,\"caption\":\"McCord Stewart Museum\"},\"image\":{\"@id\":\"https:\/\/www.musee-mccord-stewart.ca\/fr\/#\/schema\/logo\/image\/\"},\"sameAs\":[\"https:\/\/www.facebook.com\/museemccordstewart\",\"https:\/\/twitter.com\/MuseeMcCordStew\",\"https:\/\/instagram.com\/museemccordstewart\",\"https:\/\/www.linkedin.com\/company\/museemccordstewart\/\",\"https:\/\/www.pinterest.com\/museemccordstewart\/\",\"https:\/\/www.youtube.com\/c\/MuseeMcCordStewartMuseum\"]}]}<\/script>\n<!-- \/ Yoast SEO Premium plugin. -->","yoast_head_json":{"title":"C\u00e9gep - Des activit\u00e9s \u00e9ducatives au Mus\u00e9e McCord","description":"C\u00e9gep: Partageant un int\u00e9r\u00eat commun pour l\u2019histoire, chaque visite offre aux visiteurs l\u2019exp\u00e9rience particuli\u00e8re d\u2019un lieu, d\u2019une \u00e9poque, d\u2019une communaut\u00e9.","robots":{"index":"index","follow":"follow","max-snippet":"max-snippet:-1","max-image-preview":"max-image-preview:large","max-video-preview":"max-video-preview:-1"},"canonical":"https:\/\/www.musee-mccord-stewart.ca\/fr\/groupes\/scolaire\/cegep\/","og_locale":"fr_FR","og_type":"article","og_title":"C\u00e9gep","og_description":"C\u00e9gep: Partageant un int\u00e9r\u00eat commun pour l\u2019histoire, chaque visite offre aux visiteurs l\u2019exp\u00e9rience particuli\u00e8re d\u2019un lieu, d\u2019une \u00e9poque, d\u2019une communaut\u00e9.","og_url":"https:\/\/www.musee-mccord-stewart.ca\/fr\/groupes\/scolaire\/cegep\/","og_site_name":"Mus\u00e9e McCord Stewart","article_publisher":"https:\/\/www.facebook.com\/museemccordstewart","article_modified_time":"2026-03-02T19:23:34+00:00","og_image":[{"width":640,"height":448,"url":"https:\/\/www.musee-mccord-stewart.ca\/app\/uploads\/2018\/08\/mccord_francisation_13juin2018_web-41_640x448.jpg","type":"image\/jpeg"}],"twitter_card":"summary_large_image","twitter_description":"C\u00e9gep: Partageant un int\u00e9r\u00eat commun pour l\u2019histoire, chaque visite offre aux visiteurs l\u2019exp\u00e9rience particuli\u00e8re d\u2019un lieu, d\u2019une \u00e9poque, d\u2019une communaut\u00e9.","twitter_site":"@MuseeMcCordStew","twitter_misc":{"Dur\u00e9e de lecture estim\u00e9e":"1 minute"},"schema":{"@context":"https:\/\/schema.org","@graph":[{"@type":"WebPage","@id":"https:\/\/www.musee-mccord-stewart.ca\/fr\/groupes\/scolaire\/cegep\/","url":"https:\/\/www.musee-mccord-stewart.ca\/fr\/groupes\/scolaire\/cegep\/","name":"C\u00e9gep - Des activit\u00e9s \u00e9ducatives au Mus\u00e9e McCord","isPartOf":{"@id":"https:\/\/www.musee-mccord-stewart.ca\/fr\/#website"},"datePublished":"2018-08-17T20:43:46+00:00","dateModified":"2026-03-02T19:23:34+00:00","description":"C\u00e9gep: Partageant un int\u00e9r\u00eat commun pour l\u2019histoire, chaque visite offre aux visiteurs l\u2019exp\u00e9rience particuli\u00e8re d\u2019un lieu, d\u2019une \u00e9poque, d\u2019une communaut\u00e9.","breadcrumb":{"@id":"https:\/\/www.musee-mccord-stewart.ca\/fr\/groupes\/scolaire\/cegep\/#breadcrumb"},"inLanguage":"fr-FR","potentialAction":[{"@type":"ReadAction","target":["https:\/\/www.musee-mccord-stewart.ca\/fr\/groupes\/scolaire\/cegep\/"]}]},{"@type":"BreadcrumbList","@id":"https:\/\/www.musee-mccord-stewart.ca\/fr\/groupes\/scolaire\/cegep\/#breadcrumb","itemListElement":[{"@type":"ListItem","position":1,"name":"Accueil","item":"https:\/\/www.musee-mccord-stewart.ca\/fr\/"},{"@type":"ListItem","position":2,"name":"Groupes","item":"https:\/\/www.musee-mccord-stewart.ca\/fr\/groupes\/"},{"@type":"ListItem","position":3,"name":"Scolaire","item":"https:\/\/www.musee-mccord-stewart.ca\/fr\/groupes\/scolaire\/"},{"@type":"ListItem","position":4,"name":"C\u00e9gep"}]},{"@type":"WebSite","@id":"https:\/\/www.musee-mccord-stewart.ca\/fr\/#website","url":"https:\/\/www.musee-mccord-stewart.ca\/fr\/","name":"Mus\u00e9e McCord Stewart","description":"Notre monde, nos histoires","publisher":{"@id":"https:\/\/www.musee-mccord-stewart.ca\/fr\/#organization"},"alternateName":"MCS","potentialAction":[{"@type":"SearchAction","target":{"@type":"EntryPoint","urlTemplate":"https:\/\/www.musee-mccord-stewart.ca\/fr\/?s={search_term_string}"},"query-input":"required name=search_term_string"}],"inLanguage":"fr-FR"},{"@type":"Organization","@id":"https:\/\/www.musee-mccord-stewart.ca\/fr\/#organization","name":"McCord Stewart Museum","alternateName":"MCS","url":"https:\/\/www.musee-mccord-stewart.ca\/fr\/","logo":{"@type":"ImageObject","inLanguage":"fr-FR","@id":"https:\/\/www.musee-mccord-stewart.ca\/fr\/#\/schema\/logo\/image\/","url":"https:\/\/www.musee-mccord-stewart.ca\/app\/uploads\/2023\/05\/logo_museemccordstewart_horizontal_noir_slogan.svg","contentUrl":"https:\/\/www.musee-mccord-stewart.ca\/app\/uploads\/2023\/05\/logo_museemccordstewart_horizontal_noir_slogan.svg","width":1,"height":1,"caption":"McCord Stewart Museum"},"image":{"@id":"https:\/\/www.musee-mccord-stewart.ca\/fr\/#\/schema\/logo\/image\/"},"sameAs":["https:\/\/www.facebook.com\/museemccordstewart","https:\/\/twitter.com\/MuseeMcCordStew","https:\/\/instagram.com\/museemccordstewart","https:\/\/www.linkedin.com\/company\/museemccordstewart\/","https:\/\/www.pinterest.com\/museemccordstewart\/","https:\/\/www.youtube.com\/c\/MuseeMcCordStewartMuseum"]}]}},"_links":{"self":[{"href":"https:\/\/www.musee-mccord-stewart.ca\/fr\/wp-json\/wp\/v2\/pages\/23310"}],"collection":[{"href":"https:\/\/www.musee-mccord-stewart.ca\/fr\/wp-json\/wp\/v2\/pages"}],"about":[{"href":"https:\/\/www.musee-mccord-stewart.ca\/fr\/wp-json\/wp\/v2\/types\/page"}],"author":[{"embeddable":true,"href":"https:\/\/www.musee-mccord-stewart.ca\/fr\/wp-json\/wp\/v2\/users\/17"}],"replies":[{"embeddable":true,"href":"https:\/\/www.musee-mccord-stewart.ca\/fr\/wp-json\/wp\/v2\/comments?post=23310"}],"version-history":[{"count":0,"href":"https:\/\/www.musee-mccord-stewart.ca\/fr\/wp-json\/wp\/v2\/pages\/23310\/revisions"}],"up":[{"embeddable":true,"href":"https:\/\/www.musee-mccord-stewart.ca\/fr\/wp-json\/wp\/v2\/pages\/23292"}],"wp:attachment":[{"href":"https:\/\/www.musee-mccord-stewart.ca\/fr\/wp-json\/wp\/v2\/media?parent=23310"}],"wp:term":[{"taxonomy":"category","embeddable":true,"href":"https:\/\/www.musee-mccord-stewart.ca\/fr\/wp-json\/wp\/v2\/categories?post=23310"},{"taxonomy":"post_tag","embeddable":true,"href":"https:\/\/www.musee-mccord-stewart.ca\/fr\/wp-json\/wp\/v2\/tags?post=23310"}],"curies":[{"name":"wp","href":"https:\/\/api.w.org\/{rel}","templated":true}]}}