{"id":23303,"date":"2018-08-15T09:50:38","date_gmt":"2018-08-15T13:50:38","guid":{"rendered":"http:\/\/www.musee-mccord-stewart.ca\/?page_id=23303\/"},"modified":"2018-11-09T11:57:04","modified_gmt":"2018-11-09T16:57:04","slug":"musee-a-votre-portee-enseignants-et-educateurs","status":"publish","type":"page","link":"https:\/\/www.musee-mccord-stewart.ca\/fr\/adultes\/musee-a-votre-portee-enseignants-et-educateurs\/","title":{"rendered":"Le Mus\u00e9e \u00e0 votre port\u00e9e pour enseignants et \u00e9ducateurs"},"content":{"rendered":"<p><img loading=\"lazy\" decoding=\"async\" width=\"150\" height=\"141\" class=\"alignnone size-full wp-image-23095\" src=\"http:\/\/www.musee-mccord-stewart.ca\/app\/uploads\/2018\/08\/pastilles_approches_racontez_rouge_web-e1533740037302.png\" alt=\"\" \/><img loading=\"lazy\" decoding=\"async\" width=\"150\" height=\"141\" class=\"alignnone size-full wp-image-23093\" src=\"http:\/\/www.musee-mccord-stewart.ca\/app\/uploads\/2018\/08\/pastilles_approches_explorez_rouge_web-e1533738913649.png\" alt=\"\" \/> \u00a0<img loading=\"lazy\" decoding=\"async\" width=\"150\" height=\"141\" class=\"alignnone size-full wp-image-23090\" src=\"http:\/\/www.musee-mccord-stewart.ca\/app\/uploads\/2018\/08\/pastilles_approches_reinventez_rouge_web-e1533739961891.png\" alt=\"\" \/><\/p>\n<p>L\u2019\u00e9cole et le Mus\u00e9e collaborent \u00e0 l\u2019enrichissement de l\u2019exp\u00e9rience \u00e9ducative des \u00e9l\u00e8ves. Que vous soyez enseignant ou \u00e9ducateur en formation initiale ou continue, profitez de cette activit\u00e9 pour d\u00e9couvrir la vision \u00e9ducative du Mus\u00e9e et les intentions de l\u2019offre scolaire.<\/p>\n<p>Avec votre groupe, vivez l\u2019exp\u00e9rience d\u2019une visite participative choisie parmi les programmes du Mus\u00e9e. R\u00e9alisez ensuite une r\u00e9troaction collective sur l\u2019exp\u00e9rience v\u00e9cue et explorez diverses mani\u00e8res d\u2019arrimer la visite mus\u00e9ale aux situations d\u2019apprentissage scolaire.<br \/>\n<a class=\"cta\" title=\"\" href=\"http:\/\/www.musee-mccord-stewart.ca\/fr\/groupes\/instructions-reservation\/\">Instructions pour r\u00e9server<i class=\"arrow-right-thickicon-\"><\/i><\/a><\/p>\n","protected":false},"excerpt":{"rendered":"<p>\u00a0 L\u2019\u00e9cole et le Mus\u00e9e collaborent \u00e0 l\u2019enrichissement de l\u2019exp\u00e9rience \u00e9ducative des \u00e9l\u00e8ves. Que vous soyez enseignant ou \u00e9ducateur en formation initiale ou continue, profitez de cette activit\u00e9 pour d\u00e9couvrir la vision \u00e9ducative du Mus\u00e9e et les intentions de l\u2019offre scolaire. Avec votre groupe, vivez l\u2019exp\u00e9rience d\u2019une visite participative choisie parmi les programmes du Mus\u00e9e. [&hellip;]<\/p>\n","protected":false},"author":17,"featured_media":0,"parent":720,"menu_order":0,"comment_status":"closed","ping_status":"closed","template":"page-templates\/page-texte.php","meta":{"footnotes":""},"categories":[],"tags":[],"acf":[],"yoast_head":"<!-- This site is optimized with the Yoast SEO Premium plugin v20.11 (Yoast SEO v20.11) - https:\/\/yoast.com\/wordpress\/plugins\/seo\/ -->\n<title>Le Mus\u00e9e \u00e0 votre port\u00e9e pour enseignants et \u00e9ducateurs - Mus\u00e9e McCord Stewart<\/title>\n<meta name=\"description\" content=\"Une occasion de formation initiale ou continue pour les enseignants et les \u00e9ducateurs.\" \/>\n<meta name=\"robots\" content=\"index, follow, max-snippet:-1, max-image-preview:large, max-video-preview:-1\" \/>\n<link rel=\"canonical\" href=\"https:\/\/www.musee-mccord-stewart.ca\/fr\/adultes\/musee-a-votre-portee-enseignants-et-educateurs\/\" \/>\n<meta property=\"og:locale\" content=\"fr_FR\" \/>\n<meta property=\"og:type\" content=\"article\" \/>\n<meta property=\"og:title\" content=\"Le Mus\u00e9e \u00e0 votre port\u00e9e pour enseignants et \u00e9ducateurs\" \/>\n<meta property=\"og:description\" content=\"\u00a0 L\u2019\u00e9cole et le Mus\u00e9e collaborent \u00e0 l\u2019enrichissement de l\u2019exp\u00e9rience \u00e9ducative des \u00e9l\u00e8ves. Que vous soyez enseignant ou \u00e9ducateur en formation initiale ou\" \/>\n<meta property=\"og:url\" content=\"https:\/\/www.musee-mccord-stewart.ca\/fr\/adultes\/musee-a-votre-portee-enseignants-et-educateurs\/\" \/>\n<meta property=\"og:site_name\" content=\"Mus\u00e9e McCord Stewart\" \/>\n<meta property=\"article:publisher\" content=\"https:\/\/www.facebook.com\/museemccordstewart\" \/>\n<meta property=\"article:modified_time\" content=\"2018-11-09T16:57:04+00:00\" \/>\n<meta property=\"og:image\" content=\"http:\/\/www.musee-mccord.qc.ca\/app\/uploads\/2018\/08\/pastilles_approches_racontez_rouge_web-e1533740037302.png\" \/>\n<meta name=\"twitter:card\" content=\"summary_large_image\" \/>\n<meta name=\"twitter:site\" content=\"@MuseeMcCordStew\" \/>\n<script type=\"application\/ld+json\" class=\"yoast-schema-graph\">{\"@context\":\"https:\/\/schema.org\",\"@graph\":[{\"@type\":\"WebPage\",\"@id\":\"https:\/\/www.musee-mccord-stewart.ca\/fr\/adultes\/musee-a-votre-portee-enseignants-et-educateurs\/\",\"url\":\"https:\/\/www.musee-mccord-stewart.ca\/fr\/adultes\/musee-a-votre-portee-enseignants-et-educateurs\/\",\"name\":\"Le Mus\u00e9e \u00e0 votre port\u00e9e pour enseignants et \u00e9ducateurs - Mus\u00e9e McCord Stewart\",\"isPartOf\":{\"@id\":\"https:\/\/www.musee-mccord-stewart.ca\/fr\/#website\"},\"datePublished\":\"2018-08-15T13:50:38+00:00\",\"dateModified\":\"2018-11-09T16:57:04+00:00\",\"description\":\"Une occasion de formation initiale ou continue pour les enseignants et les \u00e9ducateurs.\",\"breadcrumb\":{\"@id\":\"https:\/\/www.musee-mccord-stewart.ca\/fr\/adultes\/musee-a-votre-portee-enseignants-et-educateurs\/#breadcrumb\"},\"inLanguage\":\"fr-FR\",\"potentialAction\":[{\"@type\":\"ReadAction\",\"target\":[\"https:\/\/www.musee-mccord-stewart.ca\/fr\/adultes\/musee-a-votre-portee-enseignants-et-educateurs\/\"]}]},{\"@type\":\"BreadcrumbList\",\"@id\":\"https:\/\/www.musee-mccord-stewart.ca\/fr\/adultes\/musee-a-votre-portee-enseignants-et-educateurs\/#breadcrumb\",\"itemListElement\":[{\"@type\":\"ListItem\",\"position\":1,\"name\":\"Accueil\",\"item\":\"https:\/\/www.musee-mccord-stewart.ca\/fr\/\"},{\"@type\":\"ListItem\",\"position\":2,\"name\":\"Adultes\",\"item\":\"https:\/\/www.musee-mccord-stewart.ca\/fr\/?page_id=720\"},{\"@type\":\"ListItem\",\"position\":3,\"name\":\"Le Mus\u00e9e \u00e0 votre port\u00e9e pour enseignants et \u00e9ducateurs\"}]},{\"@type\":\"WebSite\",\"@id\":\"https:\/\/www.musee-mccord-stewart.ca\/fr\/#website\",\"url\":\"https:\/\/www.musee-mccord-stewart.ca\/fr\/\",\"name\":\"Mus\u00e9e McCord Stewart\",\"description\":\"Notre monde, nos histoires\",\"publisher\":{\"@id\":\"https:\/\/www.musee-mccord-stewart.ca\/fr\/#organization\"},\"alternateName\":\"MCS\",\"potentialAction\":[{\"@type\":\"SearchAction\",\"target\":{\"@type\":\"EntryPoint\",\"urlTemplate\":\"https:\/\/www.musee-mccord-stewart.ca\/fr\/?s={search_term_string}\"},\"query-input\":\"required name=search_term_string\"}],\"inLanguage\":\"fr-FR\"},{\"@type\":\"Organization\",\"@id\":\"https:\/\/www.musee-mccord-stewart.ca\/fr\/#organization\",\"name\":\"McCord Stewart Museum\",\"alternateName\":\"MCS\",\"url\":\"https:\/\/www.musee-mccord-stewart.ca\/fr\/\",\"logo\":{\"@type\":\"ImageObject\",\"inLanguage\":\"fr-FR\",\"@id\":\"https:\/\/www.musee-mccord-stewart.ca\/fr\/#\/schema\/logo\/image\/\",\"url\":\"https:\/\/www.musee-mccord-stewart.ca\/app\/uploads\/2023\/05\/logo_museemccordstewart_horizontal_noir_slogan.svg\",\"contentUrl\":\"https:\/\/www.musee-mccord-stewart.ca\/app\/uploads\/2023\/05\/logo_museemccordstewart_horizontal_noir_slogan.svg\",\"width\":1,\"height\":1,\"caption\":\"McCord Stewart Museum\"},\"image\":{\"@id\":\"https:\/\/www.musee-mccord-stewart.ca\/fr\/#\/schema\/logo\/image\/\"},\"sameAs\":[\"https:\/\/www.facebook.com\/museemccordstewart\",\"https:\/\/twitter.com\/MuseeMcCordStew\",\"https:\/\/instagram.com\/museemccordstewart\",\"https:\/\/www.linkedin.com\/company\/museemccordstewart\/\",\"https:\/\/www.pinterest.com\/museemccordstewart\/\",\"https:\/\/www.youtube.com\/c\/MuseeMcCordStewartMuseum\"]}]}<\/script>\n<!-- \/ Yoast SEO Premium plugin. -->","yoast_head_json":{"title":"Le Mus\u00e9e \u00e0 votre port\u00e9e pour enseignants et \u00e9ducateurs - Mus\u00e9e McCord Stewart","description":"Une occasion de formation initiale ou continue pour les enseignants et les \u00e9ducateurs.","robots":{"index":"index","follow":"follow","max-snippet":"max-snippet:-1","max-image-preview":"max-image-preview:large","max-video-preview":"max-video-preview:-1"},"canonical":"https:\/\/www.musee-mccord-stewart.ca\/fr\/adultes\/musee-a-votre-portee-enseignants-et-educateurs\/","og_locale":"fr_FR","og_type":"article","og_title":"Le Mus\u00e9e \u00e0 votre port\u00e9e pour enseignants et \u00e9ducateurs","og_description":"\u00a0 L\u2019\u00e9cole et le Mus\u00e9e collaborent \u00e0 l\u2019enrichissement de l\u2019exp\u00e9rience \u00e9ducative des \u00e9l\u00e8ves. Que vous soyez enseignant ou \u00e9ducateur en formation initiale ou","og_url":"https:\/\/www.musee-mccord-stewart.ca\/fr\/adultes\/musee-a-votre-portee-enseignants-et-educateurs\/","og_site_name":"Mus\u00e9e McCord Stewart","article_publisher":"https:\/\/www.facebook.com\/museemccordstewart","article_modified_time":"2018-11-09T16:57:04+00:00","og_image":[{"url":"http:\/\/www.musee-mccord.qc.ca\/app\/uploads\/2018\/08\/pastilles_approches_racontez_rouge_web-e1533740037302.png"}],"twitter_card":"summary_large_image","twitter_site":"@MuseeMcCordStew","schema":{"@context":"https:\/\/schema.org","@graph":[{"@type":"WebPage","@id":"https:\/\/www.musee-mccord-stewart.ca\/fr\/adultes\/musee-a-votre-portee-enseignants-et-educateurs\/","url":"https:\/\/www.musee-mccord-stewart.ca\/fr\/adultes\/musee-a-votre-portee-enseignants-et-educateurs\/","name":"Le Mus\u00e9e \u00e0 votre port\u00e9e pour enseignants et \u00e9ducateurs - Mus\u00e9e McCord Stewart","isPartOf":{"@id":"https:\/\/www.musee-mccord-stewart.ca\/fr\/#website"},"datePublished":"2018-08-15T13:50:38+00:00","dateModified":"2018-11-09T16:57:04+00:00","description":"Une occasion de formation initiale ou continue pour les enseignants et les \u00e9ducateurs.","breadcrumb":{"@id":"https:\/\/www.musee-mccord-stewart.ca\/fr\/adultes\/musee-a-votre-portee-enseignants-et-educateurs\/#breadcrumb"},"inLanguage":"fr-FR","potentialAction":[{"@type":"ReadAction","target":["https:\/\/www.musee-mccord-stewart.ca\/fr\/adultes\/musee-a-votre-portee-enseignants-et-educateurs\/"]}]},{"@type":"BreadcrumbList","@id":"https:\/\/www.musee-mccord-stewart.ca\/fr\/adultes\/musee-a-votre-portee-enseignants-et-educateurs\/#breadcrumb","itemListElement":[{"@type":"ListItem","position":1,"name":"Accueil","item":"https:\/\/www.musee-mccord-stewart.ca\/fr\/"},{"@type":"ListItem","position":2,"name":"Adultes","item":"https:\/\/www.musee-mccord-stewart.ca\/fr\/?page_id=720"},{"@type":"ListItem","position":3,"name":"Le Mus\u00e9e \u00e0 votre port\u00e9e pour enseignants et \u00e9ducateurs"}]},{"@type":"WebSite","@id":"https:\/\/www.musee-mccord-stewart.ca\/fr\/#website","url":"https:\/\/www.musee-mccord-stewart.ca\/fr\/","name":"Mus\u00e9e McCord Stewart","description":"Notre monde, nos histoires","publisher":{"@id":"https:\/\/www.musee-mccord-stewart.ca\/fr\/#organization"},"alternateName":"MCS","potentialAction":[{"@type":"SearchAction","target":{"@type":"EntryPoint","urlTemplate":"https:\/\/www.musee-mccord-stewart.ca\/fr\/?s={search_term_string}"},"query-input":"required name=search_term_string"}],"inLanguage":"fr-FR"},{"@type":"Organization","@id":"https:\/\/www.musee-mccord-stewart.ca\/fr\/#organization","name":"McCord Stewart Museum","alternateName":"MCS","url":"https:\/\/www.musee-mccord-stewart.ca\/fr\/","logo":{"@type":"ImageObject","inLanguage":"fr-FR","@id":"https:\/\/www.musee-mccord-stewart.ca\/fr\/#\/schema\/logo\/image\/","url":"https:\/\/www.musee-mccord-stewart.ca\/app\/uploads\/2023\/05\/logo_museemccordstewart_horizontal_noir_slogan.svg","contentUrl":"https:\/\/www.musee-mccord-stewart.ca\/app\/uploads\/2023\/05\/logo_museemccordstewart_horizontal_noir_slogan.svg","width":1,"height":1,"caption":"McCord Stewart Museum"},"image":{"@id":"https:\/\/www.musee-mccord-stewart.ca\/fr\/#\/schema\/logo\/image\/"},"sameAs":["https:\/\/www.facebook.com\/museemccordstewart","https:\/\/twitter.com\/MuseeMcCordStew","https:\/\/instagram.com\/museemccordstewart","https:\/\/www.linkedin.com\/company\/museemccordstewart\/","https:\/\/www.pinterest.com\/museemccordstewart\/","https:\/\/www.youtube.com\/c\/MuseeMcCordStewartMuseum"]}]}},"_links":{"self":[{"href":"https:\/\/www.musee-mccord-stewart.ca\/fr\/wp-json\/wp\/v2\/pages\/23303"}],"collection":[{"href":"https:\/\/www.musee-mccord-stewart.ca\/fr\/wp-json\/wp\/v2\/pages"}],"about":[{"href":"https:\/\/www.musee-mccord-stewart.ca\/fr\/wp-json\/wp\/v2\/types\/page"}],"author":[{"embeddable":true,"href":"https:\/\/www.musee-mccord-stewart.ca\/fr\/wp-json\/wp\/v2\/users\/17"}],"replies":[{"embeddable":true,"href":"https:\/\/www.musee-mccord-stewart.ca\/fr\/wp-json\/wp\/v2\/comments?post=23303"}],"version-history":[{"count":0,"href":"https:\/\/www.musee-mccord-stewart.ca\/fr\/wp-json\/wp\/v2\/pages\/23303\/revisions"}],"up":[{"embeddable":true,"href":"https:\/\/www.musee-mccord-stewart.ca\/fr\/wp-json\/wp\/v2\/pages\/720"}],"wp:attachment":[{"href":"https:\/\/www.musee-mccord-stewart.ca\/fr\/wp-json\/wp\/v2\/media?parent=23303"}],"wp:term":[{"taxonomy":"category","embeddable":true,"href":"https:\/\/www.musee-mccord-stewart.ca\/fr\/wp-json\/wp\/v2\/categories?post=23303"},{"taxonomy":"post_tag","embeddable":true,"href":"https:\/\/www.musee-mccord-stewart.ca\/fr\/wp-json\/wp\/v2\/tags?post=23303"}],"curies":[{"name":"wp","href":"https:\/\/api.w.org\/{rel}","templated":true}]}}