{"id":23294,"date":"2018-08-17T11:33:03","date_gmt":"2018-08-17T15:33:03","guid":{"rendered":"http:\/\/www.musee-mccord-stewart.ca\/?page_id=23294\/"},"modified":"2026-03-02T14:23:24","modified_gmt":"2026-03-02T19:23:24","slug":"adultes","status":"publish","type":"page","link":"https:\/\/www.musee-mccord-stewart.ca\/fr\/groupes\/adultes\/","title":{"rendered":"Adultes"},"content":{"rendered":"<p>Au Mus\u00e9e ou en ligne, venez d\u00e9couvrir nos expositions, explorer nos collections et interagir en direct avec notre \u00e9quipe de m\u00e9diation!\u00a0Les activit\u00e9s \u00e9ducatives permettront de faire vivre \u00e0 votre groupe une exp\u00e9rience favorisant l\u2019apprentissage et l\u2019ouverture \u00e0 l\u2019autre, en abordant des enjeux historiques et actuels.<\/p>\n<p>Nos visites et nos ateliers pour les groupes favorisent la rencontre entre ami\u00b7e\u00b7s, groupes d\u2019int\u00e9r\u00eat ou coll\u00e8gues. Les objets culturels et les histoires sont au c\u0153ur de discussions dynamiques et permettent ainsi l\u2019\u00e9change de connaissances et d\u2018exp\u00e9riences. N\u2019h\u00e9sitez pas \u00e0 combiner \u00e0 votre visite d\u2019exposition un ou plusieurs ateliers th\u00e9matiques!<br \/>\n<a class=\"cta\" href=\"#activites\">D\u00e9couvrez nos activit\u00e9s<i class=\"arrow-right-thickicon-\"><\/i><\/a><br \/>\n<a class=\"cta\" href=\"https:\/\/pages.mccord.museum\/reservation-groupe\" target=\"_blank\" rel=\"noopener\">R\u00e9servez votre visite<i class=\"arrow-right-thickicon-\"><\/i><\/a><\/p>\n<h3>Pr\u00e9parez votre visite<\/h3>\n<p><a href=\"https:\/\/www.musee-mccord-stewart.ca\/fr\/groupes\/instructions-reservation\/\">Instructions pour les r\u00e9servations de groupes<i class=\"arrow-right-thickicon-\"><\/i><\/a><a id=\"activites\"><\/a><br \/>\n<a href=\"https:\/\/www.musee-mccord-stewart.ca\/fr\/groupes\/faq-groupes\/\">Foire aux questions<i class=\"arrow-right-thickicon-\"><\/i><\/a><\/p>\n<h3>Espaces \u00e9ducatifs<\/h3>\n<p>Le Mus\u00e9e McCord Stewart est heureux de d\u00e9voiler son tout nouvel espace de m\u00e9diation compos\u00e9 de trois salles polyvalentes, conviviales et lumineuses, et r\u00e9alis\u00e9 gr\u00e2ce au g\u00e9n\u00e9reux soutien de la Fondation Rossy.<br \/>\n<a class=\"cta\" href=\"https:\/\/www.musee-mccord-stewart.ca\/fr\/espace-fondation-rossy-education\/\" target=\"_blank\" rel=\"noopener\">D\u00e9couvrez les espaces<i class=\"arrow-right-thickicon-\"><\/i><\/a><\/p>\n","protected":false},"excerpt":{"rendered":"<p>Au Mus\u00e9e ou en ligne, venez d\u00e9couvrir nos expositions, explorer nos collections et interagir en direct avec notre \u00e9quipe de m\u00e9diation!\u00a0Les activit\u00e9s \u00e9ducatives permettront de faire vivre \u00e0 votre groupe une exp\u00e9rience favorisant l\u2019apprentissage et l\u2019ouverture \u00e0 l\u2019autre, en abordant des enjeux historiques et actuels. Nos visites et nos ateliers pour les groupes favorisent la [&hellip;]<\/p>\n","protected":false},"author":17,"featured_media":0,"parent":23232,"menu_order":0,"comment_status":"closed","ping_status":"closed","template":"page-templates\/page-texte.php","meta":{"footnotes":""},"categories":[],"tags":[],"acf":[],"yoast_head":"<!-- This site is optimized with the Yoast SEO Premium plugin v20.11 (Yoast SEO v20.11) - https:\/\/yoast.com\/wordpress\/plugins\/seo\/ -->\n<title>Adultes - Visites et ateliers th\u00e9matiques au Mus\u00e9e McCord<\/title>\n<meta name=\"description\" content=\"Des visites et des ateliers pour les groupes favorisant la rencontre entre amis, groupes d\u2019int\u00e9r\u00eat ou coll\u00e8gues.\" \/>\n<meta name=\"robots\" content=\"index, follow, max-snippet:-1, max-image-preview:large, max-video-preview:-1\" \/>\n<link rel=\"canonical\" href=\"https:\/\/www.musee-mccord-stewart.ca\/fr\/groupes\/adultes\/\" \/>\n<meta property=\"og:locale\" content=\"fr_FR\" \/>\n<meta property=\"og:type\" content=\"article\" \/>\n<meta property=\"og:title\" content=\"Adultes\" \/>\n<meta property=\"og:description\" content=\"Au Mus\u00e9e ou en ligne, venez d\u00e9couvrir nos expositions, explorer nos collections et interagir en direct avec notre \u00e9quipe de m\u00e9diation!\u00a0Les activit\u00e9s\" \/>\n<meta property=\"og:url\" content=\"https:\/\/www.musee-mccord-stewart.ca\/fr\/groupes\/adultes\/\" \/>\n<meta property=\"og:site_name\" content=\"Mus\u00e9e McCord Stewart\" \/>\n<meta property=\"article:publisher\" content=\"https:\/\/www.facebook.com\/museemccordstewart\" \/>\n<meta property=\"article:modified_time\" content=\"2026-03-02T19:23:24+00:00\" \/>\n<meta property=\"og:image\" content=\"https:\/\/www.musee-mccord-stewart.ca\/app\/uploads\/2022\/09\/mccord-stewart_facade-exterieur-henderson-2022_roger-aziz_1320x480.jpg\" \/>\n\t<meta property=\"og:image:width\" content=\"1320\" \/>\n\t<meta property=\"og:image:height\" content=\"480\" \/>\n\t<meta property=\"og:image:type\" content=\"image\/jpeg\" \/>\n<meta name=\"twitter:card\" content=\"summary_large_image\" \/>\n<meta name=\"twitter:site\" content=\"@MuseeMcCordStew\" \/>\n<meta name=\"twitter:label1\" content=\"Dur\u00e9e de lecture estim\u00e9e\" \/>\n\t<meta name=\"twitter:data1\" content=\"1 minute\" \/>\n<script type=\"application\/ld+json\" class=\"yoast-schema-graph\">{\"@context\":\"https:\/\/schema.org\",\"@graph\":[{\"@type\":\"WebPage\",\"@id\":\"https:\/\/www.musee-mccord-stewart.ca\/fr\/groupes\/adultes\/\",\"url\":\"https:\/\/www.musee-mccord-stewart.ca\/fr\/groupes\/adultes\/\",\"name\":\"Adultes - Visites et ateliers th\u00e9matiques au Mus\u00e9e McCord\",\"isPartOf\":{\"@id\":\"https:\/\/www.musee-mccord-stewart.ca\/fr\/#website\"},\"datePublished\":\"2018-08-17T15:33:03+00:00\",\"dateModified\":\"2026-03-02T19:23:24+00:00\",\"description\":\"Des visites et des ateliers pour les groupes favorisant la rencontre entre amis, groupes d\u2019int\u00e9r\u00eat ou coll\u00e8gues.\",\"breadcrumb\":{\"@id\":\"https:\/\/www.musee-mccord-stewart.ca\/fr\/groupes\/adultes\/#breadcrumb\"},\"inLanguage\":\"fr-FR\",\"potentialAction\":[{\"@type\":\"ReadAction\",\"target\":[\"https:\/\/www.musee-mccord-stewart.ca\/fr\/groupes\/adultes\/\"]}]},{\"@type\":\"BreadcrumbList\",\"@id\":\"https:\/\/www.musee-mccord-stewart.ca\/fr\/groupes\/adultes\/#breadcrumb\",\"itemListElement\":[{\"@type\":\"ListItem\",\"position\":1,\"name\":\"Accueil\",\"item\":\"https:\/\/www.musee-mccord-stewart.ca\/fr\/\"},{\"@type\":\"ListItem\",\"position\":2,\"name\":\"Groupes\",\"item\":\"https:\/\/www.musee-mccord-stewart.ca\/fr\/groupes\/\"},{\"@type\":\"ListItem\",\"position\":3,\"name\":\"Adultes\"}]},{\"@type\":\"WebSite\",\"@id\":\"https:\/\/www.musee-mccord-stewart.ca\/fr\/#website\",\"url\":\"https:\/\/www.musee-mccord-stewart.ca\/fr\/\",\"name\":\"Mus\u00e9e McCord Stewart\",\"description\":\"Notre monde, nos histoires\",\"publisher\":{\"@id\":\"https:\/\/www.musee-mccord-stewart.ca\/fr\/#organization\"},\"alternateName\":\"MCS\",\"potentialAction\":[{\"@type\":\"SearchAction\",\"target\":{\"@type\":\"EntryPoint\",\"urlTemplate\":\"https:\/\/www.musee-mccord-stewart.ca\/fr\/?s={search_term_string}\"},\"query-input\":\"required name=search_term_string\"}],\"inLanguage\":\"fr-FR\"},{\"@type\":\"Organization\",\"@id\":\"https:\/\/www.musee-mccord-stewart.ca\/fr\/#organization\",\"name\":\"McCord Stewart Museum\",\"alternateName\":\"MCS\",\"url\":\"https:\/\/www.musee-mccord-stewart.ca\/fr\/\",\"logo\":{\"@type\":\"ImageObject\",\"inLanguage\":\"fr-FR\",\"@id\":\"https:\/\/www.musee-mccord-stewart.ca\/fr\/#\/schema\/logo\/image\/\",\"url\":\"https:\/\/www.musee-mccord-stewart.ca\/app\/uploads\/2023\/05\/logo_museemccordstewart_horizontal_noir_slogan.svg\",\"contentUrl\":\"https:\/\/www.musee-mccord-stewart.ca\/app\/uploads\/2023\/05\/logo_museemccordstewart_horizontal_noir_slogan.svg\",\"width\":1,\"height\":1,\"caption\":\"McCord Stewart Museum\"},\"image\":{\"@id\":\"https:\/\/www.musee-mccord-stewart.ca\/fr\/#\/schema\/logo\/image\/\"},\"sameAs\":[\"https:\/\/www.facebook.com\/museemccordstewart\",\"https:\/\/twitter.com\/MuseeMcCordStew\",\"https:\/\/instagram.com\/museemccordstewart\",\"https:\/\/www.linkedin.com\/company\/museemccordstewart\/\",\"https:\/\/www.pinterest.com\/museemccordstewart\/\",\"https:\/\/www.youtube.com\/c\/MuseeMcCordStewartMuseum\"]}]}<\/script>\n<!-- \/ Yoast SEO Premium plugin. -->","yoast_head_json":{"title":"Adultes - Visites et ateliers th\u00e9matiques au Mus\u00e9e McCord","description":"Des visites et des ateliers pour les groupes favorisant la rencontre entre amis, groupes d\u2019int\u00e9r\u00eat ou coll\u00e8gues.","robots":{"index":"index","follow":"follow","max-snippet":"max-snippet:-1","max-image-preview":"max-image-preview:large","max-video-preview":"max-video-preview:-1"},"canonical":"https:\/\/www.musee-mccord-stewart.ca\/fr\/groupes\/adultes\/","og_locale":"fr_FR","og_type":"article","og_title":"Adultes","og_description":"Au Mus\u00e9e ou en ligne, venez d\u00e9couvrir nos expositions, explorer nos collections et interagir en direct avec notre \u00e9quipe de m\u00e9diation!\u00a0Les activit\u00e9s","og_url":"https:\/\/www.musee-mccord-stewart.ca\/fr\/groupes\/adultes\/","og_site_name":"Mus\u00e9e McCord Stewart","article_publisher":"https:\/\/www.facebook.com\/museemccordstewart","article_modified_time":"2026-03-02T19:23:24+00:00","og_image":[{"width":1320,"height":480,"url":"https:\/\/www.musee-mccord-stewart.ca\/app\/uploads\/2022\/09\/mccord-stewart_facade-exterieur-henderson-2022_roger-aziz_1320x480.jpg","type":"image\/jpeg"}],"twitter_card":"summary_large_image","twitter_site":"@MuseeMcCordStew","twitter_misc":{"Dur\u00e9e de lecture estim\u00e9e":"1 minute"},"schema":{"@context":"https:\/\/schema.org","@graph":[{"@type":"WebPage","@id":"https:\/\/www.musee-mccord-stewart.ca\/fr\/groupes\/adultes\/","url":"https:\/\/www.musee-mccord-stewart.ca\/fr\/groupes\/adultes\/","name":"Adultes - Visites et ateliers th\u00e9matiques au Mus\u00e9e McCord","isPartOf":{"@id":"https:\/\/www.musee-mccord-stewart.ca\/fr\/#website"},"datePublished":"2018-08-17T15:33:03+00:00","dateModified":"2026-03-02T19:23:24+00:00","description":"Des visites et des ateliers pour les groupes favorisant la rencontre entre amis, groupes d\u2019int\u00e9r\u00eat ou coll\u00e8gues.","breadcrumb":{"@id":"https:\/\/www.musee-mccord-stewart.ca\/fr\/groupes\/adultes\/#breadcrumb"},"inLanguage":"fr-FR","potentialAction":[{"@type":"ReadAction","target":["https:\/\/www.musee-mccord-stewart.ca\/fr\/groupes\/adultes\/"]}]},{"@type":"BreadcrumbList","@id":"https:\/\/www.musee-mccord-stewart.ca\/fr\/groupes\/adultes\/#breadcrumb","itemListElement":[{"@type":"ListItem","position":1,"name":"Accueil","item":"https:\/\/www.musee-mccord-stewart.ca\/fr\/"},{"@type":"ListItem","position":2,"name":"Groupes","item":"https:\/\/www.musee-mccord-stewart.ca\/fr\/groupes\/"},{"@type":"ListItem","position":3,"name":"Adultes"}]},{"@type":"WebSite","@id":"https:\/\/www.musee-mccord-stewart.ca\/fr\/#website","url":"https:\/\/www.musee-mccord-stewart.ca\/fr\/","name":"Mus\u00e9e McCord Stewart","description":"Notre monde, nos histoires","publisher":{"@id":"https:\/\/www.musee-mccord-stewart.ca\/fr\/#organization"},"alternateName":"MCS","potentialAction":[{"@type":"SearchAction","target":{"@type":"EntryPoint","urlTemplate":"https:\/\/www.musee-mccord-stewart.ca\/fr\/?s={search_term_string}"},"query-input":"required name=search_term_string"}],"inLanguage":"fr-FR"},{"@type":"Organization","@id":"https:\/\/www.musee-mccord-stewart.ca\/fr\/#organization","name":"McCord Stewart Museum","alternateName":"MCS","url":"https:\/\/www.musee-mccord-stewart.ca\/fr\/","logo":{"@type":"ImageObject","inLanguage":"fr-FR","@id":"https:\/\/www.musee-mccord-stewart.ca\/fr\/#\/schema\/logo\/image\/","url":"https:\/\/www.musee-mccord-stewart.ca\/app\/uploads\/2023\/05\/logo_museemccordstewart_horizontal_noir_slogan.svg","contentUrl":"https:\/\/www.musee-mccord-stewart.ca\/app\/uploads\/2023\/05\/logo_museemccordstewart_horizontal_noir_slogan.svg","width":1,"height":1,"caption":"McCord Stewart Museum"},"image":{"@id":"https:\/\/www.musee-mccord-stewart.ca\/fr\/#\/schema\/logo\/image\/"},"sameAs":["https:\/\/www.facebook.com\/museemccordstewart","https:\/\/twitter.com\/MuseeMcCordStew","https:\/\/instagram.com\/museemccordstewart","https:\/\/www.linkedin.com\/company\/museemccordstewart\/","https:\/\/www.pinterest.com\/museemccordstewart\/","https:\/\/www.youtube.com\/c\/MuseeMcCordStewartMuseum"]}]}},"_links":{"self":[{"href":"https:\/\/www.musee-mccord-stewart.ca\/fr\/wp-json\/wp\/v2\/pages\/23294"}],"collection":[{"href":"https:\/\/www.musee-mccord-stewart.ca\/fr\/wp-json\/wp\/v2\/pages"}],"about":[{"href":"https:\/\/www.musee-mccord-stewart.ca\/fr\/wp-json\/wp\/v2\/types\/page"}],"author":[{"embeddable":true,"href":"https:\/\/www.musee-mccord-stewart.ca\/fr\/wp-json\/wp\/v2\/users\/17"}],"replies":[{"embeddable":true,"href":"https:\/\/www.musee-mccord-stewart.ca\/fr\/wp-json\/wp\/v2\/comments?post=23294"}],"version-history":[{"count":0,"href":"https:\/\/www.musee-mccord-stewart.ca\/fr\/wp-json\/wp\/v2\/pages\/23294\/revisions"}],"up":[{"embeddable":true,"href":"https:\/\/www.musee-mccord-stewart.ca\/fr\/wp-json\/wp\/v2\/pages\/23232"}],"wp:attachment":[{"href":"https:\/\/www.musee-mccord-stewart.ca\/fr\/wp-json\/wp\/v2\/media?parent=23294"}],"wp:term":[{"taxonomy":"category","embeddable":true,"href":"https:\/\/www.musee-mccord-stewart.ca\/fr\/wp-json\/wp\/v2\/categories?post=23294"},{"taxonomy":"post_tag","embeddable":true,"href":"https:\/\/www.musee-mccord-stewart.ca\/fr\/wp-json\/wp\/v2\/tags?post=23294"}],"curies":[{"name":"wp","href":"https:\/\/api.w.org\/{rel}","templated":true}]}}