{"id":21476,"date":"2018-01-25T09:04:33","date_gmt":"2018-01-25T14:04:33","guid":{"rendered":"http:\/\/www.musee-mccord-stewart.ca\/?page_id=21476\/"},"modified":"2025-12-11T16:42:59","modified_gmt":"2025-12-11T21:42:59","slug":"christian-vachon","status":"publish","type":"page","link":"https:\/\/www.musee-mccord-stewart.ca\/fr\/collections\/equipe\/christian-vachon\/","title":{"rendered":"Christian Vachon"},"content":{"rendered":"<h4>Directeur, Gestion des collections<br \/>\nConservateur, Art documentaire<\/h4>\n<p><strong><em>Mes int\u00e9r\u00eats pour toute forme d\u2019imagerie canadienne m\u2019ont amen\u00e9 \u00e0 d\u00e9velopper une v\u00e9ritable passion pour la caricature \u00e9ditoriale. La caricature est \u00e0 la fois un art et un manifeste o\u00f9 le dessin, par le biais de la satire, offre une lecture politique, sociologique et psychologique d\u2019un \u00e9v\u00e8nement. On dit qu\u2019une image vaut mille mots, je dis qu\u2019une caricature vaut un chapitre.<\/em><\/strong><\/p>\n<p>________<\/p>\n<p>Historien de l\u2019art, Christian Vachon est sp\u00e9cialis\u00e9 en imagerie canadienne du 18<sup>e<\/sup> \u00e0 nos jours, plus particuli\u00e8rement dans les domaines des proc\u00e9d\u00e9s d\u2019impression et de la satire graphique. Il \u00e9tudie le d\u00e9veloppement de l\u2019imprimerie aux 19<sup>e<\/sup> et 20<sup>e<\/sup> si\u00e8cles afin de bien comprendre son r\u00f4le fondamental dans la diffusion de l\u2019iconographie produite en sol canadien. Un approfondissement de l\u2019histoire de la presse illustr\u00e9e canadienne l\u2019am\u00e8ne \u00e0 se passionner pour la caricature politique et \u00e9ditoriale.<\/p>\n<p>Titulaire d\u2019une ma\u00eetrise en \u00e9tudes des arts de l\u2019Universit\u00e9 du Qu\u00e9bec \u00e0 Montr\u00e9al, il s\u2019est joint au Mus\u00e9e en 1989. Il y a orchestr\u00e9 l\u2019am\u00e9nagement des nouvelles r\u00e9serves de la collection Peintures, estampes et dessins pour la r\u00e9ouverture du Mus\u00e9e en 1992. Il a ensuite \u00e9t\u00e9 registraire avant d\u2019\u00eatre nomm\u00e9 directeur du service de Gestion des collections.<\/p>\n<p>En 2010, il devient conservateur de la collection Art documentaire. Il a agi depuis en tant que commissaire d\u2019expositions mettant en valeur cette collection \u2013 notamment la section des caricatures aujourd\u2019hui compos\u00e9e de plus de 45\u00a0000 dessins \u2013 avec la pr\u00e9sentation des expositions<strong> <a href=\"http:\/\/www.musee-mccord.qc.ca\/fr\/expositions\/la-fin-du-monde-en-caricatures\/\"><em>La fin du monde\u2026 en caricatures!<\/em><\/a><\/strong>, <strong><a href=\"http:\/\/www.musee-mccord.qc.ca\/fr\/expositions\/aislin\/\"><em>Aislin\u00a0: 50 ann\u00e9es de caricatures<\/em><\/a><\/strong> et<strong> <a href=\"https:\/\/www.musee-mccord.qc.ca\/fr\/expositions\/chapleau-profession-caricaturiste\/\"><em>Chapleau \u2013 Profession\u00a0: caricaturiste<\/em><\/a><em>.<\/em><\/strong><\/p>\n<p>En 2012, Christian Vachon est nomm\u00e9 membre honoraire de l\u2019Association canadienne des dessinateurs \u00e9ditoriaux pour avoir servi l\u2019association de fa\u00e7on exceptionnelle. En 2016, celle-ci est rebaptis\u00e9e l\u2019<a title=\"\" href=\"https:\/\/acc.format.com\/l-association\" target=\"_blank\" rel=\"noopener\">Association des caricaturistes canadiens<\/a> et il est \u00e9lu au conseil d\u2019administration en tant que conservateur affili\u00e9. Son expertise de l\u2019histoire du dessin de presse canadien l\u2019am\u00e8ne \u00e0 prononcer de nombreuses conf\u00e9rences sur le sujet et \u00e0 participer \u00e0 diff\u00e9rents \u00e9v\u00e8nements portant sur la caricature d\u2019hier et d\u2019aujourd\u2019hui.<\/p>\n<p>Conservateur responsable de l\u2019acquisition de la collection Allan Slaight, constitu\u00e9e d\u2019un ensemble d\u2019affiches sur le th\u00e8me de la magie et d\u2019un lot d\u2019archives substantiel documentant la carri\u00e8re de Harry Houdini, il s\u2019est employ\u00e9 \u00e0 documenter celle-ci dans le cadre de la r\u00e9alisation de l\u2019exposition <a href=\"http:\/\/www.musee-mccord.qc.ca\/fr\/expositions\/magie\/\"><em>Illusions \u2013 L\u2019art de la magie<\/em><\/a> pr\u00e9sent\u00e9e en 2017.<\/p>\n<p>En 2023, il est co-commissaire de l\u2019exposition\u00a0<strong><a href=\"https:\/\/can01.safelinks.protection.outlook.com\/?url=https%3A%2F%2Fwww.musee-mccord-stewart.ca%2Ffr%2Fexpositions%2Fmontreal-devenir-duncan-peintre-19e%2F&amp;data=05%7C02%7Cstephanie.poisson%40mccord-stewart.ca%7C9213da82f2484671c94908dc899d2436%7Ccddc26c7aa71404ea709baa65bc5ab4e%7C0%7C0%7C638536555204571361%7CUnknown%7CTWFpbGZsb3d8eyJWIjoiMC4wLjAwMDAiLCJQIjoiV2luMzIiLCJBTiI6Ik1haWwiLCJXVCI6Mn0%3D%7C0%7C%7C%7C&amp;sdata=EnlZBcq5DY2W3IGfUcPjuY9gF07go7FtiYI0qbmOeoQ%3D&amp;reserved=0\"><em>Montr\u00e9al en devenir \u2013 Duncan, peintre du 19<\/em><em><sup>e<\/sup><\/em><em>\u00a0si\u00e8cle<\/em><\/a><\/strong>. Toujours au fait des d\u00e9veloppements qui caract\u00e9risaient sa ville d\u2019adoption, Duncan a c\u00e9l\u00e9br\u00e9 et actualis\u00e9 l\u2019\u00e9volution de Montr\u00e9al pendant pr\u00e8s de 50 ans.<\/p>\n<p><a class=\"cta\" title=\"\" href=\"http:\/\/www.musee-mccord-stewart.ca\/fr\/collections\/art-documentaire\/\">Plus sur la collection Art documentaire<i class=\"arrow-right-thickicon-\"><\/i><\/a><br \/>\n<a class=\"cta\" title=\"\" href=\"https:\/\/collections.musee-mccord-stewart.ca\/fr\/collections\/155917\/documentary-art\/objects\">Explorez la collection en ligne<i class=\"arrow-right-thickicon-\"><\/i><\/a><\/p>\n","protected":false},"excerpt":{"rendered":"<p>Directeur, Gestion des collections Conservateur, Art documentaire Mes int\u00e9r\u00eats pour toute forme d\u2019imagerie canadienne m\u2019ont amen\u00e9 \u00e0 d\u00e9velopper une v\u00e9ritable passion pour la caricature \u00e9ditoriale. La caricature est \u00e0 la fois un art et un manifeste o\u00f9 le dessin, par le biais de la satire, offre une lecture politique, sociologique et psychologique d\u2019un \u00e9v\u00e8nement. On [&hellip;]<\/p>\n","protected":false},"author":3,"featured_media":0,"parent":21301,"menu_order":0,"comment_status":"closed","ping_status":"closed","template":"page-templates\/page-texte.php","meta":{"footnotes":""},"categories":[],"tags":[],"acf":[],"yoast_head":"<!-- This site is optimized with the Yoast SEO Premium plugin v20.11 (Yoast SEO v20.11) - https:\/\/yoast.com\/wordpress\/plugins\/seo\/ -->\n<title>Christian Vachon - Conservateur, Art documentaire - Mus\u00e9e McCord Stewart<\/title>\n<meta name=\"description\" content=\"Faites connaissance avec Christian Vachon, chef, Gestion des collections et conservateur de la collection Art documentaire et apprenez-en plus sur son expertise et son travail.\" \/>\n<meta name=\"robots\" content=\"index, follow, max-snippet:-1, max-image-preview:large, max-video-preview:-1\" \/>\n<link rel=\"canonical\" href=\"https:\/\/www.musee-mccord-stewart.ca\/fr\/collections\/equipe\/christian-vachon\/\" \/>\n<meta property=\"og:locale\" content=\"fr_FR\" \/>\n<meta property=\"og:type\" content=\"article\" \/>\n<meta property=\"og:title\" content=\"Christian Vachon\" \/>\n<meta property=\"og:description\" content=\"Directeur, Gestion des collections Conservateur, Art documentaire Mes int\u00e9r\u00eats pour toute forme d\u2019imagerie canadienne m\u2019ont amen\u00e9 \u00e0 d\u00e9velopper une\" \/>\n<meta property=\"og:url\" content=\"https:\/\/www.musee-mccord-stewart.ca\/fr\/collections\/equipe\/christian-vachon\/\" \/>\n<meta property=\"og:site_name\" content=\"Mus\u00e9e McCord Stewart\" \/>\n<meta property=\"article:publisher\" content=\"https:\/\/www.facebook.com\/museemccordstewart\" \/>\n<meta property=\"article:modified_time\" content=\"2025-12-11T21:42:59+00:00\" \/>\n<meta property=\"og:image\" content=\"https:\/\/www.musee-mccord-stewart.ca\/app\/uploads\/2022\/09\/mccord-stewart_facade-exterieur-henderson-2022_roger-aziz_1320x480.jpg\" \/>\n\t<meta property=\"og:image:width\" content=\"1320\" \/>\n\t<meta property=\"og:image:height\" content=\"480\" \/>\n\t<meta property=\"og:image:type\" content=\"image\/jpeg\" \/>\n<meta name=\"twitter:card\" content=\"summary_large_image\" \/>\n<meta name=\"twitter:site\" content=\"@MuseeMcCordStew\" \/>\n<meta name=\"twitter:label1\" content=\"Dur\u00e9e de lecture estim\u00e9e\" \/>\n\t<meta name=\"twitter:data1\" content=\"3 minutes\" \/>\n<script type=\"application\/ld+json\" class=\"yoast-schema-graph\">{\"@context\":\"https:\/\/schema.org\",\"@graph\":[{\"@type\":\"WebPage\",\"@id\":\"https:\/\/www.musee-mccord-stewart.ca\/fr\/collections\/equipe\/christian-vachon\/\",\"url\":\"https:\/\/www.musee-mccord-stewart.ca\/fr\/collections\/equipe\/christian-vachon\/\",\"name\":\"Christian Vachon - Conservateur, Art documentaire - Mus\u00e9e McCord Stewart\",\"isPartOf\":{\"@id\":\"https:\/\/www.musee-mccord-stewart.ca\/fr\/#website\"},\"datePublished\":\"2018-01-25T14:04:33+00:00\",\"dateModified\":\"2025-12-11T21:42:59+00:00\",\"description\":\"Faites connaissance avec Christian Vachon, chef, Gestion des collections et conservateur de la collection Art documentaire et apprenez-en plus sur son expertise et son travail.\",\"breadcrumb\":{\"@id\":\"https:\/\/www.musee-mccord-stewart.ca\/fr\/collections\/equipe\/christian-vachon\/#breadcrumb\"},\"inLanguage\":\"fr-FR\",\"potentialAction\":[{\"@type\":\"ReadAction\",\"target\":[\"https:\/\/www.musee-mccord-stewart.ca\/fr\/collections\/equipe\/christian-vachon\/\"]}]},{\"@type\":\"BreadcrumbList\",\"@id\":\"https:\/\/www.musee-mccord-stewart.ca\/fr\/collections\/equipe\/christian-vachon\/#breadcrumb\",\"itemListElement\":[{\"@type\":\"ListItem\",\"position\":1,\"name\":\"Accueil\",\"item\":\"https:\/\/www.musee-mccord-stewart.ca\/fr\/\"},{\"@type\":\"ListItem\",\"position\":2,\"name\":\"Collections\",\"item\":\"https:\/\/www.musee-mccord-stewart.ca\/fr\/collections\/\"},{\"@type\":\"ListItem\",\"position\":3,\"name\":\"\u00c9quipe\",\"item\":\"https:\/\/www.musee-mccord-stewart.ca\/fr\/collections\/equipe\/\"},{\"@type\":\"ListItem\",\"position\":4,\"name\":\"Christian Vachon\"}]},{\"@type\":\"WebSite\",\"@id\":\"https:\/\/www.musee-mccord-stewart.ca\/fr\/#website\",\"url\":\"https:\/\/www.musee-mccord-stewart.ca\/fr\/\",\"name\":\"Mus\u00e9e McCord Stewart\",\"description\":\"Notre monde, nos histoires\",\"publisher\":{\"@id\":\"https:\/\/www.musee-mccord-stewart.ca\/fr\/#organization\"},\"alternateName\":\"MCS\",\"potentialAction\":[{\"@type\":\"SearchAction\",\"target\":{\"@type\":\"EntryPoint\",\"urlTemplate\":\"https:\/\/www.musee-mccord-stewart.ca\/fr\/?s={search_term_string}\"},\"query-input\":\"required name=search_term_string\"}],\"inLanguage\":\"fr-FR\"},{\"@type\":\"Organization\",\"@id\":\"https:\/\/www.musee-mccord-stewart.ca\/fr\/#organization\",\"name\":\"McCord Stewart Museum\",\"alternateName\":\"MCS\",\"url\":\"https:\/\/www.musee-mccord-stewart.ca\/fr\/\",\"logo\":{\"@type\":\"ImageObject\",\"inLanguage\":\"fr-FR\",\"@id\":\"https:\/\/www.musee-mccord-stewart.ca\/fr\/#\/schema\/logo\/image\/\",\"url\":\"https:\/\/www.musee-mccord-stewart.ca\/app\/uploads\/2023\/05\/logo_museemccordstewart_horizontal_noir_slogan.svg\",\"contentUrl\":\"https:\/\/www.musee-mccord-stewart.ca\/app\/uploads\/2023\/05\/logo_museemccordstewart_horizontal_noir_slogan.svg\",\"width\":1,\"height\":1,\"caption\":\"McCord Stewart Museum\"},\"image\":{\"@id\":\"https:\/\/www.musee-mccord-stewart.ca\/fr\/#\/schema\/logo\/image\/\"},\"sameAs\":[\"https:\/\/www.facebook.com\/museemccordstewart\",\"https:\/\/twitter.com\/MuseeMcCordStew\",\"https:\/\/instagram.com\/museemccordstewart\",\"https:\/\/www.linkedin.com\/company\/museemccordstewart\/\",\"https:\/\/www.pinterest.com\/museemccordstewart\/\",\"https:\/\/www.youtube.com\/c\/MuseeMcCordStewartMuseum\"]}]}<\/script>\n<!-- \/ Yoast SEO Premium plugin. -->","yoast_head_json":{"title":"Christian Vachon - Conservateur, Art documentaire - Mus\u00e9e McCord Stewart","description":"Faites connaissance avec Christian Vachon, chef, Gestion des collections et conservateur de la collection Art documentaire et apprenez-en plus sur son expertise et son travail.","robots":{"index":"index","follow":"follow","max-snippet":"max-snippet:-1","max-image-preview":"max-image-preview:large","max-video-preview":"max-video-preview:-1"},"canonical":"https:\/\/www.musee-mccord-stewart.ca\/fr\/collections\/equipe\/christian-vachon\/","og_locale":"fr_FR","og_type":"article","og_title":"Christian Vachon","og_description":"Directeur, Gestion des collections Conservateur, Art documentaire Mes int\u00e9r\u00eats pour toute forme d\u2019imagerie canadienne m\u2019ont amen\u00e9 \u00e0 d\u00e9velopper une","og_url":"https:\/\/www.musee-mccord-stewart.ca\/fr\/collections\/equipe\/christian-vachon\/","og_site_name":"Mus\u00e9e McCord Stewart","article_publisher":"https:\/\/www.facebook.com\/museemccordstewart","article_modified_time":"2025-12-11T21:42:59+00:00","og_image":[{"width":1320,"height":480,"url":"https:\/\/www.musee-mccord-stewart.ca\/app\/uploads\/2022\/09\/mccord-stewart_facade-exterieur-henderson-2022_roger-aziz_1320x480.jpg","type":"image\/jpeg"}],"twitter_card":"summary_large_image","twitter_site":"@MuseeMcCordStew","twitter_misc":{"Dur\u00e9e de lecture estim\u00e9e":"3 minutes"},"schema":{"@context":"https:\/\/schema.org","@graph":[{"@type":"WebPage","@id":"https:\/\/www.musee-mccord-stewart.ca\/fr\/collections\/equipe\/christian-vachon\/","url":"https:\/\/www.musee-mccord-stewart.ca\/fr\/collections\/equipe\/christian-vachon\/","name":"Christian Vachon - Conservateur, Art documentaire - Mus\u00e9e McCord Stewart","isPartOf":{"@id":"https:\/\/www.musee-mccord-stewart.ca\/fr\/#website"},"datePublished":"2018-01-25T14:04:33+00:00","dateModified":"2025-12-11T21:42:59+00:00","description":"Faites connaissance avec Christian Vachon, chef, Gestion des collections et conservateur de la collection Art documentaire et apprenez-en plus sur son expertise et son travail.","breadcrumb":{"@id":"https:\/\/www.musee-mccord-stewart.ca\/fr\/collections\/equipe\/christian-vachon\/#breadcrumb"},"inLanguage":"fr-FR","potentialAction":[{"@type":"ReadAction","target":["https:\/\/www.musee-mccord-stewart.ca\/fr\/collections\/equipe\/christian-vachon\/"]}]},{"@type":"BreadcrumbList","@id":"https:\/\/www.musee-mccord-stewart.ca\/fr\/collections\/equipe\/christian-vachon\/#breadcrumb","itemListElement":[{"@type":"ListItem","position":1,"name":"Accueil","item":"https:\/\/www.musee-mccord-stewart.ca\/fr\/"},{"@type":"ListItem","position":2,"name":"Collections","item":"https:\/\/www.musee-mccord-stewart.ca\/fr\/collections\/"},{"@type":"ListItem","position":3,"name":"\u00c9quipe","item":"https:\/\/www.musee-mccord-stewart.ca\/fr\/collections\/equipe\/"},{"@type":"ListItem","position":4,"name":"Christian Vachon"}]},{"@type":"WebSite","@id":"https:\/\/www.musee-mccord-stewart.ca\/fr\/#website","url":"https:\/\/www.musee-mccord-stewart.ca\/fr\/","name":"Mus\u00e9e McCord Stewart","description":"Notre monde, nos histoires","publisher":{"@id":"https:\/\/www.musee-mccord-stewart.ca\/fr\/#organization"},"alternateName":"MCS","potentialAction":[{"@type":"SearchAction","target":{"@type":"EntryPoint","urlTemplate":"https:\/\/www.musee-mccord-stewart.ca\/fr\/?s={search_term_string}"},"query-input":"required name=search_term_string"}],"inLanguage":"fr-FR"},{"@type":"Organization","@id":"https:\/\/www.musee-mccord-stewart.ca\/fr\/#organization","name":"McCord Stewart Museum","alternateName":"MCS","url":"https:\/\/www.musee-mccord-stewart.ca\/fr\/","logo":{"@type":"ImageObject","inLanguage":"fr-FR","@id":"https:\/\/www.musee-mccord-stewart.ca\/fr\/#\/schema\/logo\/image\/","url":"https:\/\/www.musee-mccord-stewart.ca\/app\/uploads\/2023\/05\/logo_museemccordstewart_horizontal_noir_slogan.svg","contentUrl":"https:\/\/www.musee-mccord-stewart.ca\/app\/uploads\/2023\/05\/logo_museemccordstewart_horizontal_noir_slogan.svg","width":1,"height":1,"caption":"McCord Stewart Museum"},"image":{"@id":"https:\/\/www.musee-mccord-stewart.ca\/fr\/#\/schema\/logo\/image\/"},"sameAs":["https:\/\/www.facebook.com\/museemccordstewart","https:\/\/twitter.com\/MuseeMcCordStew","https:\/\/instagram.com\/museemccordstewart","https:\/\/www.linkedin.com\/company\/museemccordstewart\/","https:\/\/www.pinterest.com\/museemccordstewart\/","https:\/\/www.youtube.com\/c\/MuseeMcCordStewartMuseum"]}]}},"_links":{"self":[{"href":"https:\/\/www.musee-mccord-stewart.ca\/fr\/wp-json\/wp\/v2\/pages\/21476"}],"collection":[{"href":"https:\/\/www.musee-mccord-stewart.ca\/fr\/wp-json\/wp\/v2\/pages"}],"about":[{"href":"https:\/\/www.musee-mccord-stewart.ca\/fr\/wp-json\/wp\/v2\/types\/page"}],"author":[{"embeddable":true,"href":"https:\/\/www.musee-mccord-stewart.ca\/fr\/wp-json\/wp\/v2\/users\/3"}],"replies":[{"embeddable":true,"href":"https:\/\/www.musee-mccord-stewart.ca\/fr\/wp-json\/wp\/v2\/comments?post=21476"}],"version-history":[{"count":0,"href":"https:\/\/www.musee-mccord-stewart.ca\/fr\/wp-json\/wp\/v2\/pages\/21476\/revisions"}],"up":[{"embeddable":true,"href":"https:\/\/www.musee-mccord-stewart.ca\/fr\/wp-json\/wp\/v2\/pages\/21301"}],"wp:attachment":[{"href":"https:\/\/www.musee-mccord-stewart.ca\/fr\/wp-json\/wp\/v2\/media?parent=21476"}],"wp:term":[{"taxonomy":"category","embeddable":true,"href":"https:\/\/www.musee-mccord-stewart.ca\/fr\/wp-json\/wp\/v2\/categories?post=21476"},{"taxonomy":"post_tag","embeddable":true,"href":"https:\/\/www.musee-mccord-stewart.ca\/fr\/wp-json\/wp\/v2\/tags?post=21476"}],"curies":[{"name":"wp","href":"https:\/\/api.w.org\/{rel}","templated":true}]}}