{"id":21474,"date":"2018-01-31T08:58:57","date_gmt":"2018-01-31T13:58:57","guid":{"rendered":"http:\/\/www.musee-mccord-stewart.ca\/?page_id=21474\/"},"modified":"2022-08-15T15:40:11","modified_gmt":"2022-08-15T19:40:11","slug":"anne-mackay","status":"publish","type":"page","link":"https:\/\/www.musee-mccord-stewart.ca\/fr\/collections\/equipe\/anne-mackay\/","title":{"rendered":"Anne MacKay"},"content":{"rendered":"<h4>Restauration associ\u00e9e<\/h4>\n<p><strong><em>Ce qu\u2019il y a d\u2019extraordinaire dans mon travail en restauration, c\u2019est qu\u2019il me donne la chance d\u2019explorer les liens entre la pens\u00e9e et l\u2019action, l\u2019histoire et l\u2019objet, l\u2019id\u00e9e et la mat\u00e9rialit\u00e9, focalisant miraculeusement ce que je voyais autrefois comme les passions totalement divergentes de ma jeunesse!<\/em><\/strong><\/p>\n<p>________<\/p>\n<p>Anne MacKay s\u2019est jointe \u00e0 l\u2019\u00e9quipe du Mus\u00e9e McCord en 1997 et dirige depuis le service de la Restauration, o\u00f9 elle pr\u00e9conise l\u2019adoption de pratiques exemplaires dans tous les aspects de la pr\u00e9servation et de l\u2019utilisation des collections du Mus\u00e9e. Elle supervise le programme de traitement actif du service, poursuit la recherche sur les objets mus\u00e9aux et les enjeux en mati\u00e8re de restauration et encourage l\u2019excellence dans le soin apport\u00e9 aux collections.<\/p>\n<p>Elle a \u00e9galement pour responsabilit\u00e9 de faire \u00e9tat des questions touchant la restauration des collections \u00e0 tous les services du Mus\u00e9e. Elle assure la liaison avec les services Collections et recherche et Gestion des collections afin de cerner les enjeux et les objectifs institutionnels concernant la mise en r\u00e9serve, le pr\u00eat et le transport des objets des collections.<\/p>\n<p>Elle collabore \u00e9troitement avec le service des Programmes pour veiller au respect des normes les plus \u00e9lev\u00e9es en mati\u00e8re de planification et de r\u00e9alisation des expositions, et elle a men\u00e9 l\u2019\u00e9quipe de la Restauration dans la production de pr\u00e8s de 70 expositions du McCord.<\/p>\n<p>Anne MacKay est membre de l\u2019<a href=\"http:\/\/capc-acrp.ca\/what_is_capc_fr.asp\">Association canadienne des restaurateurs professionnels<\/a> et poss\u00e8de une accr\u00e9ditation en restauration de sculptures. Elle est \u00e9galement membre de l\u2019<a href=\"https:\/\/www.cac-accr.ca\/fr\/\">Association canadienne pour la conservation et la restauration des biens culturels<\/a> et a si\u00e9g\u00e9 \u00e0 plusieurs conseils ex\u00e9cutifs de son conseil d\u2019administration. Elle est r\u00e9dactrice en chef adjointe du\u00a0<em>Journal de l\u2019Association canadienne pour la conservation et la restauration<\/em> dont les articles sont revus par les pairs. Elle a donn\u00e9 des cours universitaires sur l\u2019histoire et la th\u00e9orie de la restauration et a prononc\u00e9 de nombreuses conf\u00e9rences et publi\u00e9 plusieurs articles sur un large \u00e9ventail de sujets portant sur la restauration.<\/p>\n<p>Elle poss\u00e8de un dipl\u00f4me en sculpture de la Vancouver School of Art (aujourd\u2019hui l\u2019Emily Carr University of Art + Design) et poss\u00e8de un baccalaur\u00e9at en histoire de l\u2019Universit\u00e9 Concordia \u00e0 Montr\u00e9al, ainsi qu\u2019une ma\u00eetrise en restauration d\u2019\u0153uvres d\u2019art de la Queen\u2019s University \u00e0 Kingston. Avant d\u2019entrer au Mus\u00e9e McCord, elle a occup\u00e9 le poste de restauratrice des sculptures et des arts d\u00e9coratifs au Mus\u00e9e des beaux-arts du Canada.<\/p>\n<p><strong><a href=\"http:\/\/www.musee-mccord-stewart.ca\/fr\/restauration\/\"> &#8211; PLUS SUR LE SERVICE DE LA RESTAURATION<\/a><\/strong><\/p>\n","protected":false},"excerpt":{"rendered":"<p>Restauration associ\u00e9e Ce qu\u2019il y a d\u2019extraordinaire dans mon travail en restauration, c\u2019est qu\u2019il me donne la chance d\u2019explorer les liens entre la pens\u00e9e et l\u2019action, l\u2019histoire et l\u2019objet, l\u2019id\u00e9e et la mat\u00e9rialit\u00e9, focalisant miraculeusement ce que je voyais autrefois comme les passions totalement divergentes de ma jeunesse! ________ Anne MacKay s\u2019est jointe \u00e0 l\u2019\u00e9quipe [&hellip;]<\/p>\n","protected":false},"author":3,"featured_media":0,"parent":21301,"menu_order":0,"comment_status":"closed","ping_status":"closed","template":"page-templates\/page-texte.php","meta":{"footnotes":""},"categories":[],"tags":[],"acf":[],"yoast_head":"<!-- This site is optimized with the Yoast SEO Premium plugin v20.11 (Yoast SEO v20.11) - https:\/\/yoast.com\/wordpress\/plugins\/seo\/ -->\n<title>Anne MacKay - Chef, Restauration - Mus\u00e9e McCord<\/title>\n<meta name=\"description\" content=\"Faites connaissance avec Anne MacKay, Chef, Restauration.\" \/>\n<meta name=\"robots\" content=\"index, follow, max-snippet:-1, max-image-preview:large, max-video-preview:-1\" \/>\n<link rel=\"canonical\" href=\"https:\/\/www.musee-mccord-stewart.ca\/fr\/collections\/equipe\/anne-mackay\/\" \/>\n<meta property=\"og:locale\" content=\"fr_FR\" \/>\n<meta property=\"og:type\" content=\"article\" \/>\n<meta property=\"og:title\" content=\"Anne MacKay\" \/>\n<meta property=\"og:description\" content=\"Restauration associ\u00e9e Ce qu\u2019il y a d\u2019extraordinaire dans mon travail en restauration, c\u2019est qu\u2019il me donne la chance d\u2019explorer les liens entre la pens\u00e9e\" \/>\n<meta property=\"og:url\" content=\"https:\/\/www.musee-mccord-stewart.ca\/fr\/collections\/equipe\/anne-mackay\/\" \/>\n<meta property=\"og:site_name\" content=\"Mus\u00e9e McCord Stewart\" \/>\n<meta property=\"article:publisher\" content=\"https:\/\/www.facebook.com\/museemccordstewart\" \/>\n<meta property=\"article:modified_time\" content=\"2022-08-15T19:40:11+00:00\" \/>\n<meta property=\"og:image\" content=\"https:\/\/www.musee-mccord-stewart.ca\/app\/uploads\/2022\/09\/mccord-stewart_facade-exterieur-henderson-2022_roger-aziz_1320x480.jpg\" \/>\n\t<meta property=\"og:image:width\" content=\"1320\" \/>\n\t<meta property=\"og:image:height\" content=\"480\" \/>\n\t<meta property=\"og:image:type\" content=\"image\/jpeg\" \/>\n<meta name=\"twitter:card\" content=\"summary_large_image\" \/>\n<meta name=\"twitter:site\" content=\"@MuseeMcCordStew\" \/>\n<meta name=\"twitter:label1\" content=\"Dur\u00e9e de lecture estim\u00e9e\" \/>\n\t<meta name=\"twitter:data1\" content=\"2 minutes\" \/>\n<script type=\"application\/ld+json\" class=\"yoast-schema-graph\">{\"@context\":\"https:\/\/schema.org\",\"@graph\":[{\"@type\":\"WebPage\",\"@id\":\"https:\/\/www.musee-mccord-stewart.ca\/fr\/collections\/equipe\/anne-mackay\/\",\"url\":\"https:\/\/www.musee-mccord-stewart.ca\/fr\/collections\/equipe\/anne-mackay\/\",\"name\":\"Anne MacKay - Chef, Restauration - Mus\u00e9e McCord\",\"isPartOf\":{\"@id\":\"https:\/\/www.musee-mccord-stewart.ca\/fr\/#website\"},\"datePublished\":\"2018-01-31T13:58:57+00:00\",\"dateModified\":\"2022-08-15T19:40:11+00:00\",\"description\":\"Faites connaissance avec Anne MacKay, Chef, Restauration.\",\"breadcrumb\":{\"@id\":\"https:\/\/www.musee-mccord-stewart.ca\/fr\/collections\/equipe\/anne-mackay\/#breadcrumb\"},\"inLanguage\":\"fr-FR\",\"potentialAction\":[{\"@type\":\"ReadAction\",\"target\":[\"https:\/\/www.musee-mccord-stewart.ca\/fr\/collections\/equipe\/anne-mackay\/\"]}]},{\"@type\":\"BreadcrumbList\",\"@id\":\"https:\/\/www.musee-mccord-stewart.ca\/fr\/collections\/equipe\/anne-mackay\/#breadcrumb\",\"itemListElement\":[{\"@type\":\"ListItem\",\"position\":1,\"name\":\"Accueil\",\"item\":\"https:\/\/www.musee-mccord-stewart.ca\/fr\/\"},{\"@type\":\"ListItem\",\"position\":2,\"name\":\"Collections\",\"item\":\"https:\/\/www.musee-mccord-stewart.ca\/fr\/collections\/\"},{\"@type\":\"ListItem\",\"position\":3,\"name\":\"\u00c9quipe\",\"item\":\"https:\/\/www.musee-mccord-stewart.ca\/fr\/collections\/equipe\/\"},{\"@type\":\"ListItem\",\"position\":4,\"name\":\"Anne MacKay\"}]},{\"@type\":\"WebSite\",\"@id\":\"https:\/\/www.musee-mccord-stewart.ca\/fr\/#website\",\"url\":\"https:\/\/www.musee-mccord-stewart.ca\/fr\/\",\"name\":\"Mus\u00e9e McCord Stewart\",\"description\":\"Notre monde, nos histoires\",\"publisher\":{\"@id\":\"https:\/\/www.musee-mccord-stewart.ca\/fr\/#organization\"},\"alternateName\":\"MCS\",\"potentialAction\":[{\"@type\":\"SearchAction\",\"target\":{\"@type\":\"EntryPoint\",\"urlTemplate\":\"https:\/\/www.musee-mccord-stewart.ca\/fr\/?s={search_term_string}\"},\"query-input\":\"required name=search_term_string\"}],\"inLanguage\":\"fr-FR\"},{\"@type\":\"Organization\",\"@id\":\"https:\/\/www.musee-mccord-stewart.ca\/fr\/#organization\",\"name\":\"McCord Stewart Museum\",\"alternateName\":\"MCS\",\"url\":\"https:\/\/www.musee-mccord-stewart.ca\/fr\/\",\"logo\":{\"@type\":\"ImageObject\",\"inLanguage\":\"fr-FR\",\"@id\":\"https:\/\/www.musee-mccord-stewart.ca\/fr\/#\/schema\/logo\/image\/\",\"url\":\"https:\/\/www.musee-mccord-stewart.ca\/app\/uploads\/2023\/05\/logo_museemccordstewart_horizontal_noir_slogan.svg\",\"contentUrl\":\"https:\/\/www.musee-mccord-stewart.ca\/app\/uploads\/2023\/05\/logo_museemccordstewart_horizontal_noir_slogan.svg\",\"width\":1,\"height\":1,\"caption\":\"McCord Stewart Museum\"},\"image\":{\"@id\":\"https:\/\/www.musee-mccord-stewart.ca\/fr\/#\/schema\/logo\/image\/\"},\"sameAs\":[\"https:\/\/www.facebook.com\/museemccordstewart\",\"https:\/\/twitter.com\/MuseeMcCordStew\",\"https:\/\/instagram.com\/museemccordstewart\",\"https:\/\/www.linkedin.com\/company\/museemccordstewart\/\",\"https:\/\/www.pinterest.com\/museemccordstewart\/\",\"https:\/\/www.youtube.com\/c\/MuseeMcCordStewartMuseum\"]}]}<\/script>\n<!-- \/ Yoast SEO Premium plugin. -->","yoast_head_json":{"title":"Anne MacKay - Chef, Restauration - Mus\u00e9e McCord","description":"Faites connaissance avec Anne MacKay, Chef, Restauration.","robots":{"index":"index","follow":"follow","max-snippet":"max-snippet:-1","max-image-preview":"max-image-preview:large","max-video-preview":"max-video-preview:-1"},"canonical":"https:\/\/www.musee-mccord-stewart.ca\/fr\/collections\/equipe\/anne-mackay\/","og_locale":"fr_FR","og_type":"article","og_title":"Anne MacKay","og_description":"Restauration associ\u00e9e Ce qu\u2019il y a d\u2019extraordinaire dans mon travail en restauration, c\u2019est qu\u2019il me donne la chance d\u2019explorer les liens entre la pens\u00e9e","og_url":"https:\/\/www.musee-mccord-stewart.ca\/fr\/collections\/equipe\/anne-mackay\/","og_site_name":"Mus\u00e9e McCord Stewart","article_publisher":"https:\/\/www.facebook.com\/museemccordstewart","article_modified_time":"2022-08-15T19:40:11+00:00","og_image":[{"width":1320,"height":480,"url":"https:\/\/www.musee-mccord-stewart.ca\/app\/uploads\/2022\/09\/mccord-stewart_facade-exterieur-henderson-2022_roger-aziz_1320x480.jpg","type":"image\/jpeg"}],"twitter_card":"summary_large_image","twitter_site":"@MuseeMcCordStew","twitter_misc":{"Dur\u00e9e de lecture estim\u00e9e":"2 minutes"},"schema":{"@context":"https:\/\/schema.org","@graph":[{"@type":"WebPage","@id":"https:\/\/www.musee-mccord-stewart.ca\/fr\/collections\/equipe\/anne-mackay\/","url":"https:\/\/www.musee-mccord-stewart.ca\/fr\/collections\/equipe\/anne-mackay\/","name":"Anne MacKay - Chef, Restauration - Mus\u00e9e McCord","isPartOf":{"@id":"https:\/\/www.musee-mccord-stewart.ca\/fr\/#website"},"datePublished":"2018-01-31T13:58:57+00:00","dateModified":"2022-08-15T19:40:11+00:00","description":"Faites connaissance avec Anne MacKay, Chef, Restauration.","breadcrumb":{"@id":"https:\/\/www.musee-mccord-stewart.ca\/fr\/collections\/equipe\/anne-mackay\/#breadcrumb"},"inLanguage":"fr-FR","potentialAction":[{"@type":"ReadAction","target":["https:\/\/www.musee-mccord-stewart.ca\/fr\/collections\/equipe\/anne-mackay\/"]}]},{"@type":"BreadcrumbList","@id":"https:\/\/www.musee-mccord-stewart.ca\/fr\/collections\/equipe\/anne-mackay\/#breadcrumb","itemListElement":[{"@type":"ListItem","position":1,"name":"Accueil","item":"https:\/\/www.musee-mccord-stewart.ca\/fr\/"},{"@type":"ListItem","position":2,"name":"Collections","item":"https:\/\/www.musee-mccord-stewart.ca\/fr\/collections\/"},{"@type":"ListItem","position":3,"name":"\u00c9quipe","item":"https:\/\/www.musee-mccord-stewart.ca\/fr\/collections\/equipe\/"},{"@type":"ListItem","position":4,"name":"Anne MacKay"}]},{"@type":"WebSite","@id":"https:\/\/www.musee-mccord-stewart.ca\/fr\/#website","url":"https:\/\/www.musee-mccord-stewart.ca\/fr\/","name":"Mus\u00e9e McCord Stewart","description":"Notre monde, nos histoires","publisher":{"@id":"https:\/\/www.musee-mccord-stewart.ca\/fr\/#organization"},"alternateName":"MCS","potentialAction":[{"@type":"SearchAction","target":{"@type":"EntryPoint","urlTemplate":"https:\/\/www.musee-mccord-stewart.ca\/fr\/?s={search_term_string}"},"query-input":"required name=search_term_string"}],"inLanguage":"fr-FR"},{"@type":"Organization","@id":"https:\/\/www.musee-mccord-stewart.ca\/fr\/#organization","name":"McCord Stewart Museum","alternateName":"MCS","url":"https:\/\/www.musee-mccord-stewart.ca\/fr\/","logo":{"@type":"ImageObject","inLanguage":"fr-FR","@id":"https:\/\/www.musee-mccord-stewart.ca\/fr\/#\/schema\/logo\/image\/","url":"https:\/\/www.musee-mccord-stewart.ca\/app\/uploads\/2023\/05\/logo_museemccordstewart_horizontal_noir_slogan.svg","contentUrl":"https:\/\/www.musee-mccord-stewart.ca\/app\/uploads\/2023\/05\/logo_museemccordstewart_horizontal_noir_slogan.svg","width":1,"height":1,"caption":"McCord Stewart Museum"},"image":{"@id":"https:\/\/www.musee-mccord-stewart.ca\/fr\/#\/schema\/logo\/image\/"},"sameAs":["https:\/\/www.facebook.com\/museemccordstewart","https:\/\/twitter.com\/MuseeMcCordStew","https:\/\/instagram.com\/museemccordstewart","https:\/\/www.linkedin.com\/company\/museemccordstewart\/","https:\/\/www.pinterest.com\/museemccordstewart\/","https:\/\/www.youtube.com\/c\/MuseeMcCordStewartMuseum"]}]}},"_links":{"self":[{"href":"https:\/\/www.musee-mccord-stewart.ca\/fr\/wp-json\/wp\/v2\/pages\/21474"}],"collection":[{"href":"https:\/\/www.musee-mccord-stewart.ca\/fr\/wp-json\/wp\/v2\/pages"}],"about":[{"href":"https:\/\/www.musee-mccord-stewart.ca\/fr\/wp-json\/wp\/v2\/types\/page"}],"author":[{"embeddable":true,"href":"https:\/\/www.musee-mccord-stewart.ca\/fr\/wp-json\/wp\/v2\/users\/3"}],"replies":[{"embeddable":true,"href":"https:\/\/www.musee-mccord-stewart.ca\/fr\/wp-json\/wp\/v2\/comments?post=21474"}],"version-history":[{"count":0,"href":"https:\/\/www.musee-mccord-stewart.ca\/fr\/wp-json\/wp\/v2\/pages\/21474\/revisions"}],"up":[{"embeddable":true,"href":"https:\/\/www.musee-mccord-stewart.ca\/fr\/wp-json\/wp\/v2\/pages\/21301"}],"wp:attachment":[{"href":"https:\/\/www.musee-mccord-stewart.ca\/fr\/wp-json\/wp\/v2\/media?parent=21474"}],"wp:term":[{"taxonomy":"category","embeddable":true,"href":"https:\/\/www.musee-mccord-stewart.ca\/fr\/wp-json\/wp\/v2\/categories?post=21474"},{"taxonomy":"post_tag","embeddable":true,"href":"https:\/\/www.musee-mccord-stewart.ca\/fr\/wp-json\/wp\/v2\/tags?post=21474"}],"curies":[{"name":"wp","href":"https:\/\/api.w.org\/{rel}","templated":true}]}}