{"id":21473,"date":"2018-01-24T09:40:11","date_gmt":"2018-01-24T14:40:11","guid":{"rendered":"http:\/\/www.musee-mccord-stewart.ca\/?page_id=21473\/"},"modified":"2025-12-04T14:48:27","modified_gmt":"2025-12-04T19:48:27","slug":"cynthia-cooper","status":"publish","type":"page","link":"https:\/\/www.musee-mccord-stewart.ca\/fr\/collections\/equipe\/cynthia-cooper\/","title":{"rendered":"Cynthia Cooper"},"content":{"rendered":"<h4>Cheffe, Collections et recherche<br \/>\nConservatrice, Costume, mode et textiles<\/h4>\n<p><strong><em>J\u2019aime examiner de pr\u00e8s les v\u00eatements et d\u00e9couvrir les histoires derri\u00e8re les tissus, les points de couture et les signes d\u2019usure. Les v\u00eatements me plongent dans des conversations intimes et complexes avec le pass\u00e9. <\/em><\/strong><\/p>\n<p><strong>________<\/strong><\/p>\n<p>Cynthia Cooper aime particuli\u00e8rement raconter des histoires sur le costume et la mode qui en sont venues \u00e0 \u00eatre intimement li\u00e9es \u00e0 des projets identitaires canadiens. Commissaire de l\u2019exposition <a href=\"https:\/\/www.musee-mccord-stewart.ca\/fr\/expositions\/bals-costumes\/\"><em>Bals costum\u00e9s \u2013 Habiller l\u2019Histoire, 1870-1927<\/em><\/a>, elle est \u00e9galement l\u2019autrice principale de l\u2019ouvrage \u00e9ponyme publi\u00e9 sous sa direction et co\u00e9dit\u00e9 par le Mus\u00e9e et 5 Continents Editions en 2024. En amont de ce projet, elle a \u00e9tudi\u00e9 une <a href=\"https:\/\/www.musee-mccord-stewart.ca\/fr\/audio-video\/fils-emancipation-noire-robe-18-e-siecle\/\">robe du dix-huiti\u00e8me si\u00e8cle dont le parcours refl\u00e8te celui de la premi\u00e8re vague d\u2019\u00e9mancipation et d\u2019\u00e9tablissement des Noir\u00b7e\u00b7s au Canada<\/a>. <span class=\"TrackChangeTextInsertion TrackedChange SCXW73010666 BCX0\"><span class=\"TextRun SCXW73010666 BCX0\" lang=\"FR-CA\" xml:lang=\"FR-CA\" data-contrast=\"auto\"><span class=\"NormalTextRun SCXW73010666 BCX0\">E<\/span><\/span><\/span><span class=\"TrackChangeTextInsertion TrackedChange SCXW73010666 BCX0\"><span class=\"TrackedChange SCXW73010666 BCX0\"><span class=\"TextRun SCXW73010666 BCX0\" lang=\"FR-CA\" xml:lang=\"FR-CA\" data-contrast=\"auto\"><span class=\"NormalTextRun SCXW73010666 BCX0\">n 2019, <\/span><\/span><\/span><\/span><span class=\"TrackChangeTextInsertion TrackedChange SCXW73010666 BCX0\"><span class=\"TextRun SCXW73010666 BCX0\" lang=\"FR-CA\" xml:lang=\"FR-CA\" data-contrast=\"auto\"><span class=\"NormalTextRun SCXW73010666 BCX0\">a<\/span><\/span><\/span><span class=\"TrackChangeTextDeletionMarker TrackedChange SCXW73010666 BCX0\"><span class=\"TextRun SCXW73010666 BCX0\" lang=\"FR-CA\" xml:lang=\"FR-CA\" data-contrast=\"auto\"><span class=\"NormalTextRun TrackChangeTextDeletion SCXW73010666 BCX0\">vec <\/span><\/span><\/span><span class=\"TextRun SCXW73010666 BCX0\" lang=\"FR-CA\" xml:lang=\"FR-CA\" data-contrast=\"auto\"><span class=\"NormalTextRun SCXW73010666 BCX0\">la <\/span><span class=\"NormalTextRun SCXW73010666 BCX0\">courte <\/span><span class=\"NormalTextRun SCXW73010666 BCX0\">vid\u00e9o<\/span><span class=\"NormalTextRun SCXW73010666 BCX0\"> intitul\u00e9e<\/span> <\/span><a class=\"Hyperlink SCXW73010666 BCX0\" href=\"https:\/\/montrealgazette.com\/news\/local-news\/montreal-curator-uses-textile-history-as-an-exercise-in-social-justice\" target=\"_blank\" rel=\"noreferrer noopener\"><span class=\"TextRun Underlined SCXW73010666 BCX0\" lang=\"FR-CA\" xml:lang=\"FR-CA\" data-contrast=\"none\"><span class=\"NormalTextRun SCXW73010666 BCX0\" data-ccp-charstyle=\"Hyperlink\">Tous \u00e0 votre tartan de la feuille d\u2019\u00e9rable<\/span><span class=\"NormalTextRun SCXW73010666 BCX0\" data-ccp-charstyle=\"Hyperlink\">!<\/span><\/span><\/a><span class=\"TextRun SCXW73010666 BCX0\" lang=\"FR-CA\" xml:lang=\"FR-CA\" data-contrast=\"auto\"><span class=\"NormalTextRun SCXW73010666 BCX0\">, diffus\u00e9<\/span><span class=\"NormalTextRun SCXW73010666 BCX0\">e<\/span><span class=\"NormalTextRun SCXW73010666 BCX0\"> sur les m\u00e9dias sociaux<\/span><\/span><span class=\"TextRun SCXW73010666 BCX0\" lang=\"FR-CA\" xml:lang=\"FR-CA\" data-contrast=\"auto\"><span class=\"NormalTextRun SCXW73010666 BCX0\">, <\/span><span class=\"NormalTextRun SCXW73010666 BCX0\">elle a d\u00e9clench\u00e9 une conversation autour de l\u2019inclusion en utilisant le symbole national le plus m\u00e9connu du Canada \u2013 un t<\/span><span class=\"NormalTextRun SCXW73010666 BCX0\">issu<\/span><span class=\"NormalTextRun SCXW73010666 BCX0\">. <\/span><span class=\"NormalTextRun SCXW73010666 BCX0\">C<\/span><span class=\"NormalTextRun SCXW73010666 BCX0\">\u2019est sous son impulsion qu\u2019a \u00e9t\u00e9 cr\u00e9\u00e9e <\/span><\/span><a class=\"Hyperlink SCXW73010666 BCX0\" href=\"https:\/\/encyclomodeqc.musee-mccord.qc.ca\/fr\/\" target=\"_blank\" rel=\"noreferrer noopener\"><span class=\"TextRun Underlined SCXW73010666 BCX0\" lang=\"FR-CA\" xml:lang=\"FR-CA\" data-contrast=\"none\"><span class=\"NormalTextRun SCXW73010666 BCX0\" data-ccp-charstyle=\"Hyperlink\">Encyclo<\/span><span class=\"NormalTextRun SCXW73010666 BCX0\" data-ccp-charstyle=\"Hyperlink\">M<\/span><span class=\"NormalTextRun SCXW73010666 BCX0\" data-ccp-charstyle=\"Hyperlink\">ode<\/span><span class=\"NormalTextRun SCXW73010666 BCX0\" data-ccp-charstyle=\"Hyperlink\">QC<\/span><\/span><\/a><span class=\"TextRun SCXW73010666 BCX0\" lang=\"FR-CA\" xml:lang=\"FR-CA\" data-contrast=\"auto\"><span class=\"NormalTextRun SCXW73010666 BCX0\">, <\/span><span class=\"NormalTextRun SCXW73010666 BCX0\">une<\/span><span class=\"NormalTextRun SCXW73010666 BCX0\"> r<\/span><span class=\"NormalTextRun SCXW73010666 BCX0\">\u00e9f\u00e9<\/span><span class=\"NormalTextRun SCXW73010666 BCX0\">rence encyclop\u00e9dique en ligne unique sur l\u2019histoire de la mode au Qu\u00e9bec, dont elle supervise le contenu<\/span><span class=\"NormalTextRun SCXW73010666 BCX0\">.<\/span><\/span><span class=\"EOP SCXW73010666 BCX0\" data-ccp-props=\"{&quot;201341983&quot;:0,&quot;335559739&quot;:0,&quot;335559740&quot;:276}\">\u00a0<\/span><\/p>\n<p>Cynthia Cooper est entr\u00e9e au Mus\u00e9e en 1998 comme conservatrice, o<span class=\"TextRun SCXW121771369 BCX0\" lang=\"FR-CA\" xml:lang=\"FR-CA\" data-contrast=\"auto\"><span class=\"NormalTextRun SCXW121771369 BCX0\">\u00f9<\/span><\/span> elle supervise la plus grande collection mus\u00e9ale de v\u00eatements canadiens. Elle dirige \u00e9galement le service Collections et recherche depuis 2009. Un int\u00e9r\u00eat de longue date pour le design et la construction des v\u00eatements l\u2019a amen\u00e9e \u00e0 obtenir une ma\u00eetrise \u00e8s sciences en costume et textiles historiques de l\u2019Universit\u00e9 du Rhode Island.<\/p>\n<p>Le Mus\u00e9e a obtenu quatre fois le Richard Martin Exhibition Award de la Costume Society of America, notamment pour ses projets <strong><a href=\"https:\/\/www.musee-mccord.qc.ca\/fr\/expositions\/lexpo-67-et-la-mode-a-montreal-dans-les-annees-1960\/\"><em>Mode Expo 67<\/em><\/a><\/strong> en 2018 et <strong><a href=\"https:\/\/www.musee-mccord.qc.ca\/fr\/expositions\/devoiler-ou-dissimuler\/\"><em>D\u00e9voiler ou dissimuler?<\/em><\/a><\/strong> en 2009. Elle a \u00e9t\u00e9 commissaire de l\u2019exposition <strong><a href=\"https:\/\/www.musee-mccord.qc.ca\/fr\/expositions\/lamour-sous-toutes-ses-coutures\/\"><em>L\u2019amour sous toutes ses coutures<\/em><\/a><\/strong> (2014) et a assur\u00e9 la direction du commissariat pour l\u2019exposition itin\u00e9rante <strong><a href=\"https:\/\/www.musee-mccord.qc.ca\/fr\/expositions\/de-philadelphie-a-monaco-grace-kelly\/\"><em>De Philadelphie \u00e0 Monaco\u00a0: Grace Kelly \u2013 Au-del\u00e0 de l\u2019ic\u00f4ne<\/em><\/a><\/strong> (2013), et pour l\u2019exposition intitul\u00e9e <strong><a href=\"https:\/\/www.musee-mccord.qc.ca\/fr\/expositions\/90-tresors-90-histoires-90-ans\/\"><em>90 tr\u00e9sors, 90 histoires, 90 ans<\/em><\/a><\/strong> (2011) et son catalogue. Elle a de plus repr\u00e9sent\u00e9 l\u2019\u00e9quipe de la conservation du Mus\u00e9e pour les expositions itin\u00e9rantes <em><strong><a title=\"\" href=\"https:\/\/www.musee-mccord-stewart.ca\/fr\/expositions\/christian-dior\/\" target=\"_blank\" rel=\"noopener\">Christian Dior<\/a><\/strong><\/em> en 2020-2021 <strong><a href=\"https:\/\/www.musee-mccord.qc.ca\/fr\/expositions\/balenciaga\/\">Balenciaga<em> \u2013 Ma\u00eetre de la haute couture<\/em><\/a> <\/strong>en 2018 et<strong> <a href=\"https:\/\/www.musee-mccord.qc.ca\/fr\/expositions\/la-mode-italienne-de-1945-a-aujourdhui\/\">Eleganza<em> \u2013 La mode italienne de<\/em> 1945 <em>\u00e0 aujourd\u2019hui<\/em><\/a><\/strong> en 2016.<\/p>\n<p>Elle a organis\u00e9 au Mus\u00e9e trois \u00e9v\u00e9nements r\u00e9unissant des sp\u00e9cialistes, soit <a href=\"https:\/\/www.musee-mccord-stewart.ca\/fr\/audio-video\/jour-1-symposium-bals-costumes\/\"><em>Bals costum\u00e9s\u00a0: le symposium<\/em><\/a> en 2025 de m\u00eame que les colloques <em>Corps \u00e0 d\u00e9couvert <\/em>en 2008 et <em>\u00c0 la recherche du savoir\u00a0: nouveaux \u00e9changes sur les collections du Mus\u00e9e McCord<\/em> en 2013, ce dernier en collaboration avec Joanne Burgess de l\u2019UQAM dans le cadre du projet Montr\u00e9al, plaque tournante des \u00e9changes financ\u00e9 par le Conseil de recherches en sciences humaines (CRSH). Elle a repr\u00e9sent\u00e9 le Mus\u00e9e pour le projet financ\u00e9 par le CRSH intitul\u00e9 <a href=\"http:\/\/objectlives.com\/\">Object Lives and Global Histories in Northern North America<\/a>, a contribu\u00e9 au travail du <a href=\"https:\/\/lhpm.uqam.ca\/\">Laboratoire d\u2019histoire et du patrimoine de Montr\u00e9al<\/a> bas\u00e9 \u00e0 l\u2019UQAM et a \u00a0particip\u00e9 \u00e0 \u00ab\u00a0Confection pour les femmes, 1750-1930\u00a0\u00bb, un projet de recherche soutenu par ACORSO (Apparences, Corps et Soci\u00e9t\u00e9s), un groupe d\u2019int\u00e9r\u00eat scientifique \u00e0 l\u2019Universit\u00e9 de Rennes.<\/p>\n<p>Active au sein de diff\u00e9rentes associations professionnelles, Cynthia Cooper a si\u00e9g\u00e9 au conseil national de la Costume Society of America. Elle a donn\u00e9 des cours sur les parall\u00e8les entre l\u2019art et la mode, sur l\u2019histoire de la mode, sur l\u2019histoire des textiles et sur la culture mat\u00e9rielle \u00e0 la Facult\u00e9 des beaux-arts et au D\u00e9partement d\u2019histoire de l\u2019art de l\u2019Universit\u00e9 Concordia, et sur l\u2019histoire de la mode au Coll\u00e8ge LaSalle.<\/p>\n<p><a class=\"cta\" title=\"\" href=\"https:\/\/www.musee-mccord-stewart.ca\/fr\/collections\/costume-mode-et-textiles\/\">Plus sur la collection Costume, mode et textiles<i class=\"arrow-right-thickicon-\"><\/i><\/a><br \/>\n<a class=\"cta\" title=\"\" href=\"https:\/\/collections.musee-mccord-stewart.ca\/fr\/collections\/155916\/dress-fashion-and-textiles\/objects\">Explorez la collection en ligne<i class=\"arrow-right-thickicon-\"><\/i><\/a><\/p>\n","protected":false},"excerpt":{"rendered":"<p>Cheffe, Collections et recherche Conservatrice, Costume, mode et textiles J\u2019aime examiner de pr\u00e8s les v\u00eatements et d\u00e9couvrir les histoires derri\u00e8re les tissus, les points de couture et les signes d\u2019usure. Les v\u00eatements me plongent dans des conversations intimes et complexes avec le pass\u00e9. ________ Cynthia Cooper aime particuli\u00e8rement raconter des histoires sur le costume et [&hellip;]<\/p>\n","protected":false},"author":3,"featured_media":0,"parent":21301,"menu_order":0,"comment_status":"closed","ping_status":"closed","template":"page-templates\/page-texte.php","meta":{"footnotes":""},"categories":[],"tags":[],"acf":[],"yoast_head":"<!-- This site is optimized with the Yoast SEO Premium plugin v20.11 (Yoast SEO v20.11) - https:\/\/yoast.com\/wordpress\/plugins\/seo\/ -->\n<title>Cynthia Cooper - Conservatrice, Costume, mode et textiles - Mus\u00e9e McCord Stewart<\/title>\n<meta name=\"description\" content=\"Faites connaissance avec Cynthia Cooper, cheffe, Collections et recherche et conservatrice de la collection Costume, mode et textiles et apprenez-en plus sur son expertise et son travail.\" \/>\n<meta name=\"robots\" content=\"index, follow, max-snippet:-1, max-image-preview:large, max-video-preview:-1\" \/>\n<link rel=\"canonical\" href=\"https:\/\/www.musee-mccord-stewart.ca\/fr\/collections\/equipe\/cynthia-cooper\/\" \/>\n<meta property=\"og:locale\" content=\"fr_FR\" \/>\n<meta property=\"og:type\" content=\"article\" \/>\n<meta property=\"og:title\" content=\"Cynthia Cooper\" \/>\n<meta property=\"og:description\" content=\"Cheffe, Collections et recherche Conservatrice, Costume, mode et textiles J\u2019aime examiner de pr\u00e8s les v\u00eatements et d\u00e9couvrir les histoires derri\u00e8re les\" \/>\n<meta property=\"og:url\" content=\"https:\/\/www.musee-mccord-stewart.ca\/fr\/collections\/equipe\/cynthia-cooper\/\" \/>\n<meta property=\"og:site_name\" content=\"Mus\u00e9e McCord Stewart\" \/>\n<meta property=\"article:publisher\" content=\"https:\/\/www.facebook.com\/museemccordstewart\" \/>\n<meta property=\"article:modified_time\" content=\"2025-12-04T19:48:27+00:00\" \/>\n<meta property=\"og:image\" content=\"https:\/\/www.musee-mccord-stewart.ca\/app\/uploads\/2025\/07\/mccord-stewart_cooper_cynthia_1320x480_20250702_ld-1.jpg\" \/>\n\t<meta property=\"og:image:width\" content=\"1320\" \/>\n\t<meta property=\"og:image:height\" content=\"480\" \/>\n\t<meta property=\"og:image:type\" content=\"image\/jpeg\" \/>\n<meta name=\"twitter:card\" content=\"summary_large_image\" \/>\n<meta name=\"twitter:site\" content=\"@MuseeMcCordStew\" \/>\n<meta name=\"twitter:label1\" content=\"Dur\u00e9e de lecture estim\u00e9e\" \/>\n\t<meta name=\"twitter:data1\" content=\"4 minutes\" \/>\n<script type=\"application\/ld+json\" class=\"yoast-schema-graph\">{\"@context\":\"https:\/\/schema.org\",\"@graph\":[{\"@type\":\"WebPage\",\"@id\":\"https:\/\/www.musee-mccord-stewart.ca\/fr\/collections\/equipe\/cynthia-cooper\/\",\"url\":\"https:\/\/www.musee-mccord-stewart.ca\/fr\/collections\/equipe\/cynthia-cooper\/\",\"name\":\"Cynthia Cooper - Conservatrice, Costume, mode et textiles - Mus\u00e9e McCord Stewart\",\"isPartOf\":{\"@id\":\"https:\/\/www.musee-mccord-stewart.ca\/fr\/#website\"},\"datePublished\":\"2018-01-24T14:40:11+00:00\",\"dateModified\":\"2025-12-04T19:48:27+00:00\",\"description\":\"Faites connaissance avec Cynthia Cooper, cheffe, Collections et recherche et conservatrice de la collection Costume, mode et textiles et apprenez-en plus sur son expertise et son travail.\",\"breadcrumb\":{\"@id\":\"https:\/\/www.musee-mccord-stewart.ca\/fr\/collections\/equipe\/cynthia-cooper\/#breadcrumb\"},\"inLanguage\":\"fr-FR\",\"potentialAction\":[{\"@type\":\"ReadAction\",\"target\":[\"https:\/\/www.musee-mccord-stewart.ca\/fr\/collections\/equipe\/cynthia-cooper\/\"]}]},{\"@type\":\"BreadcrumbList\",\"@id\":\"https:\/\/www.musee-mccord-stewart.ca\/fr\/collections\/equipe\/cynthia-cooper\/#breadcrumb\",\"itemListElement\":[{\"@type\":\"ListItem\",\"position\":1,\"name\":\"Accueil\",\"item\":\"https:\/\/www.musee-mccord-stewart.ca\/fr\/\"},{\"@type\":\"ListItem\",\"position\":2,\"name\":\"Collections\",\"item\":\"https:\/\/www.musee-mccord-stewart.ca\/fr\/collections\/\"},{\"@type\":\"ListItem\",\"position\":3,\"name\":\"\u00c9quipe\",\"item\":\"https:\/\/www.musee-mccord-stewart.ca\/fr\/collections\/equipe\/\"},{\"@type\":\"ListItem\",\"position\":4,\"name\":\"Cynthia Cooper\"}]},{\"@type\":\"WebSite\",\"@id\":\"https:\/\/www.musee-mccord-stewart.ca\/fr\/#website\",\"url\":\"https:\/\/www.musee-mccord-stewart.ca\/fr\/\",\"name\":\"Mus\u00e9e McCord Stewart\",\"description\":\"Notre monde, nos histoires\",\"publisher\":{\"@id\":\"https:\/\/www.musee-mccord-stewart.ca\/fr\/#organization\"},\"alternateName\":\"MCS\",\"potentialAction\":[{\"@type\":\"SearchAction\",\"target\":{\"@type\":\"EntryPoint\",\"urlTemplate\":\"https:\/\/www.musee-mccord-stewart.ca\/fr\/?s={search_term_string}\"},\"query-input\":\"required name=search_term_string\"}],\"inLanguage\":\"fr-FR\"},{\"@type\":\"Organization\",\"@id\":\"https:\/\/www.musee-mccord-stewart.ca\/fr\/#organization\",\"name\":\"McCord Stewart Museum\",\"alternateName\":\"MCS\",\"url\":\"https:\/\/www.musee-mccord-stewart.ca\/fr\/\",\"logo\":{\"@type\":\"ImageObject\",\"inLanguage\":\"fr-FR\",\"@id\":\"https:\/\/www.musee-mccord-stewart.ca\/fr\/#\/schema\/logo\/image\/\",\"url\":\"https:\/\/www.musee-mccord-stewart.ca\/app\/uploads\/2023\/05\/logo_museemccordstewart_horizontal_noir_slogan.svg\",\"contentUrl\":\"https:\/\/www.musee-mccord-stewart.ca\/app\/uploads\/2023\/05\/logo_museemccordstewart_horizontal_noir_slogan.svg\",\"width\":1,\"height\":1,\"caption\":\"McCord Stewart Museum\"},\"image\":{\"@id\":\"https:\/\/www.musee-mccord-stewart.ca\/fr\/#\/schema\/logo\/image\/\"},\"sameAs\":[\"https:\/\/www.facebook.com\/museemccordstewart\",\"https:\/\/twitter.com\/MuseeMcCordStew\",\"https:\/\/instagram.com\/museemccordstewart\",\"https:\/\/www.linkedin.com\/company\/museemccordstewart\/\",\"https:\/\/www.pinterest.com\/museemccordstewart\/\",\"https:\/\/www.youtube.com\/c\/MuseeMcCordStewartMuseum\"]}]}<\/script>\n<!-- \/ Yoast SEO Premium plugin. -->","yoast_head_json":{"title":"Cynthia Cooper - Conservatrice, Costume, mode et textiles - Mus\u00e9e McCord Stewart","description":"Faites connaissance avec Cynthia Cooper, cheffe, Collections et recherche et conservatrice de la collection Costume, mode et textiles et apprenez-en plus sur son expertise et son travail.","robots":{"index":"index","follow":"follow","max-snippet":"max-snippet:-1","max-image-preview":"max-image-preview:large","max-video-preview":"max-video-preview:-1"},"canonical":"https:\/\/www.musee-mccord-stewart.ca\/fr\/collections\/equipe\/cynthia-cooper\/","og_locale":"fr_FR","og_type":"article","og_title":"Cynthia Cooper","og_description":"Cheffe, Collections et recherche Conservatrice, Costume, mode et textiles J\u2019aime examiner de pr\u00e8s les v\u00eatements et d\u00e9couvrir les histoires derri\u00e8re les","og_url":"https:\/\/www.musee-mccord-stewart.ca\/fr\/collections\/equipe\/cynthia-cooper\/","og_site_name":"Mus\u00e9e McCord Stewart","article_publisher":"https:\/\/www.facebook.com\/museemccordstewart","article_modified_time":"2025-12-04T19:48:27+00:00","og_image":[{"width":1320,"height":480,"url":"https:\/\/www.musee-mccord-stewart.ca\/app\/uploads\/2025\/07\/mccord-stewart_cooper_cynthia_1320x480_20250702_ld-1.jpg","type":"image\/jpeg"}],"twitter_card":"summary_large_image","twitter_site":"@MuseeMcCordStew","twitter_misc":{"Dur\u00e9e de lecture estim\u00e9e":"4 minutes"},"schema":{"@context":"https:\/\/schema.org","@graph":[{"@type":"WebPage","@id":"https:\/\/www.musee-mccord-stewart.ca\/fr\/collections\/equipe\/cynthia-cooper\/","url":"https:\/\/www.musee-mccord-stewart.ca\/fr\/collections\/equipe\/cynthia-cooper\/","name":"Cynthia Cooper - Conservatrice, Costume, mode et textiles - Mus\u00e9e McCord Stewart","isPartOf":{"@id":"https:\/\/www.musee-mccord-stewart.ca\/fr\/#website"},"datePublished":"2018-01-24T14:40:11+00:00","dateModified":"2025-12-04T19:48:27+00:00","description":"Faites connaissance avec Cynthia Cooper, cheffe, Collections et recherche et conservatrice de la collection Costume, mode et textiles et apprenez-en plus sur son expertise et son travail.","breadcrumb":{"@id":"https:\/\/www.musee-mccord-stewart.ca\/fr\/collections\/equipe\/cynthia-cooper\/#breadcrumb"},"inLanguage":"fr-FR","potentialAction":[{"@type":"ReadAction","target":["https:\/\/www.musee-mccord-stewart.ca\/fr\/collections\/equipe\/cynthia-cooper\/"]}]},{"@type":"BreadcrumbList","@id":"https:\/\/www.musee-mccord-stewart.ca\/fr\/collections\/equipe\/cynthia-cooper\/#breadcrumb","itemListElement":[{"@type":"ListItem","position":1,"name":"Accueil","item":"https:\/\/www.musee-mccord-stewart.ca\/fr\/"},{"@type":"ListItem","position":2,"name":"Collections","item":"https:\/\/www.musee-mccord-stewart.ca\/fr\/collections\/"},{"@type":"ListItem","position":3,"name":"\u00c9quipe","item":"https:\/\/www.musee-mccord-stewart.ca\/fr\/collections\/equipe\/"},{"@type":"ListItem","position":4,"name":"Cynthia Cooper"}]},{"@type":"WebSite","@id":"https:\/\/www.musee-mccord-stewart.ca\/fr\/#website","url":"https:\/\/www.musee-mccord-stewart.ca\/fr\/","name":"Mus\u00e9e McCord Stewart","description":"Notre monde, nos histoires","publisher":{"@id":"https:\/\/www.musee-mccord-stewart.ca\/fr\/#organization"},"alternateName":"MCS","potentialAction":[{"@type":"SearchAction","target":{"@type":"EntryPoint","urlTemplate":"https:\/\/www.musee-mccord-stewart.ca\/fr\/?s={search_term_string}"},"query-input":"required name=search_term_string"}],"inLanguage":"fr-FR"},{"@type":"Organization","@id":"https:\/\/www.musee-mccord-stewart.ca\/fr\/#organization","name":"McCord Stewart Museum","alternateName":"MCS","url":"https:\/\/www.musee-mccord-stewart.ca\/fr\/","logo":{"@type":"ImageObject","inLanguage":"fr-FR","@id":"https:\/\/www.musee-mccord-stewart.ca\/fr\/#\/schema\/logo\/image\/","url":"https:\/\/www.musee-mccord-stewart.ca\/app\/uploads\/2023\/05\/logo_museemccordstewart_horizontal_noir_slogan.svg","contentUrl":"https:\/\/www.musee-mccord-stewart.ca\/app\/uploads\/2023\/05\/logo_museemccordstewart_horizontal_noir_slogan.svg","width":1,"height":1,"caption":"McCord Stewart Museum"},"image":{"@id":"https:\/\/www.musee-mccord-stewart.ca\/fr\/#\/schema\/logo\/image\/"},"sameAs":["https:\/\/www.facebook.com\/museemccordstewart","https:\/\/twitter.com\/MuseeMcCordStew","https:\/\/instagram.com\/museemccordstewart","https:\/\/www.linkedin.com\/company\/museemccordstewart\/","https:\/\/www.pinterest.com\/museemccordstewart\/","https:\/\/www.youtube.com\/c\/MuseeMcCordStewartMuseum"]}]}},"_links":{"self":[{"href":"https:\/\/www.musee-mccord-stewart.ca\/fr\/wp-json\/wp\/v2\/pages\/21473"}],"collection":[{"href":"https:\/\/www.musee-mccord-stewart.ca\/fr\/wp-json\/wp\/v2\/pages"}],"about":[{"href":"https:\/\/www.musee-mccord-stewart.ca\/fr\/wp-json\/wp\/v2\/types\/page"}],"author":[{"embeddable":true,"href":"https:\/\/www.musee-mccord-stewart.ca\/fr\/wp-json\/wp\/v2\/users\/3"}],"replies":[{"embeddable":true,"href":"https:\/\/www.musee-mccord-stewart.ca\/fr\/wp-json\/wp\/v2\/comments?post=21473"}],"version-history":[{"count":0,"href":"https:\/\/www.musee-mccord-stewart.ca\/fr\/wp-json\/wp\/v2\/pages\/21473\/revisions"}],"up":[{"embeddable":true,"href":"https:\/\/www.musee-mccord-stewart.ca\/fr\/wp-json\/wp\/v2\/pages\/21301"}],"wp:attachment":[{"href":"https:\/\/www.musee-mccord-stewart.ca\/fr\/wp-json\/wp\/v2\/media?parent=21473"}],"wp:term":[{"taxonomy":"category","embeddable":true,"href":"https:\/\/www.musee-mccord-stewart.ca\/fr\/wp-json\/wp\/v2\/categories?post=21473"},{"taxonomy":"post_tag","embeddable":true,"href":"https:\/\/www.musee-mccord-stewart.ca\/fr\/wp-json\/wp\/v2\/tags?post=21473"}],"curies":[{"name":"wp","href":"https:\/\/api.w.org\/{rel}","templated":true}]}}