{"id":21301,"date":"2017-12-14T14:31:04","date_gmt":"2017-12-14T19:31:04","guid":{"rendered":"http:\/\/www.musee-mccord-stewart.ca\/?page_id=21301\/"},"modified":"2025-12-11T16:17:29","modified_gmt":"2025-12-11T21:17:29","slug":"equipe","status":"publish","type":"page","link":"https:\/\/www.musee-mccord-stewart.ca\/fr\/collections\/equipe\/","title":{"rendered":"\u00c9quipe"},"content":{"rendered":"<div class=\"imgTiny\"><img loading=\"lazy\" decoding=\"async\" width=\"640\" height=\"448\" class=\"wp-image-51508 size-full\" src=\"https:\/\/www.musee-mccord-stewart.ca\/app\/uploads\/2025\/08\/mccord-stewart_cooper_cynthia_01_640x448_20250709_ra.jpg\" alt=\"\" srcset=\"https:\/\/www.musee-mccord-stewart.ca\/app\/uploads\/2025\/08\/mccord-stewart_cooper_cynthia_01_640x448_20250709_ra.jpg 640w, https:\/\/www.musee-mccord-stewart.ca\/app\/uploads\/2025\/08\/mccord-stewart_cooper_cynthia_01_640x448_20250709_ra-300x210.jpg 300w, https:\/\/www.musee-mccord-stewart.ca\/app\/uploads\/2025\/08\/mccord-stewart_cooper_cynthia_01_640x448_20250709_ra-400x280.jpg 400w, https:\/\/www.musee-mccord-stewart.ca\/app\/uploads\/2025\/08\/mccord-stewart_cooper_cynthia_01_640x448_20250709_ra-54x38.jpg 54w\" sizes=\"(max-width: 640px) 100vw, 640px\" \/><div class=\"credit\">Photo : Roger Aziz, \u00a9 Mus\u00e9e McCord Stewart, 2025<\/div><\/div>\n<p><span style=\"font-size: 21px;\"><strong>Cynthia Cooper<\/strong><br \/>\n<\/span><a href=\"http:\/\/www.musee-mccord-stewart.ca\/fr\/collections\/equipe\/cynthia-cooper\/\">Cheffe, Collections et recherche<\/a><br \/>\n<a href=\"http:\/\/www.musee-mccord-stewart.ca\/fr\/collections\/equipe\/cynthia-cooper\/\">Conservatrice, Costumes, mode et textiles<\/a><\/p>\n<p>Cynthia s\u2019est jointe \u00e0 l\u2019\u00e9quipe du Mus\u00e9e en 1998. Elle aime raconter des histoires sur des v\u00eatements et des modes qui en sont venus \u00e0 \u00eatre intimement li\u00e9s \u00e0 des projets identitaires canadiens.<\/p>\n<div class=\"imgTiny\"><img loading=\"lazy\" decoding=\"async\" width=\"640\" height=\"448\" class=\"wp-image-52263 size-full\" src=\"https:\/\/www.musee-mccord-stewart.ca\/app\/uploads\/2025\/12\/caterina_florio_2025_640x448.jpg\" alt=\"\" srcset=\"https:\/\/www.musee-mccord-stewart.ca\/app\/uploads\/2025\/12\/caterina_florio_2025_640x448.jpg 640w, https:\/\/www.musee-mccord-stewart.ca\/app\/uploads\/2025\/12\/caterina_florio_2025_640x448-300x210.jpg 300w, https:\/\/www.musee-mccord-stewart.ca\/app\/uploads\/2025\/12\/caterina_florio_2025_640x448-400x280.jpg 400w, https:\/\/www.musee-mccord-stewart.ca\/app\/uploads\/2025\/12\/caterina_florio_2025_640x448-54x38.jpg 54w\" sizes=\"(max-width: 640px) 100vw, 640px\" \/><div class=\"credit\">Photo: Roger Aziz, \u00a9 Mus\u00e9e McCord Stewart, 2025<\/div><\/div>\n<p><span style=\"font-size: 21px;\"><strong>Caterina Florio<br \/>\n<\/strong><\/span><a href=\"https:\/\/www.musee-mccord-stewart.ca\/fr\/collections\/equipe\/caterina-florio\/\">Cheffe, Restauration<\/a><\/p>\n<p>Caterina s\u2019est jointe \u00e0 l\u2019\u00e9quipe du Mus\u00e9e en 2021 comme cheffe de la Restauration. S\u2019int\u00e9ressant grandement au fonctionnement des mus\u00e9es et \u00e0 ce qu\u2019ils peuvent accomplir, elle croit \u00e0 la pertinence de la restauration non seulement en regard des pratiques mus\u00e9ales, mais \u00e9galement de la soci\u00e9t\u00e9 au-del\u00e0 du laboratoire.<\/p>\n<div class=\"imgTiny\"><img loading=\"lazy\" decoding=\"async\" width=\"640\" height=\"448\" class=\"wp-image-52262 size-full\" src=\"https:\/\/www.musee-mccord-stewart.ca\/app\/uploads\/2025\/12\/jonathan_lainey_2025_640x448.jpg\" alt=\"\" srcset=\"https:\/\/www.musee-mccord-stewart.ca\/app\/uploads\/2025\/12\/jonathan_lainey_2025_640x448.jpg 640w, https:\/\/www.musee-mccord-stewart.ca\/app\/uploads\/2025\/12\/jonathan_lainey_2025_640x448-300x210.jpg 300w, https:\/\/www.musee-mccord-stewart.ca\/app\/uploads\/2025\/12\/jonathan_lainey_2025_640x448-400x280.jpg 400w, https:\/\/www.musee-mccord-stewart.ca\/app\/uploads\/2025\/12\/jonathan_lainey_2025_640x448-54x38.jpg 54w\" sizes=\"(max-width: 640px) 100vw, 640px\" \/><div class=\"credit\">Photo: Roger Aziz, \u00a9 Mus\u00e9e McCord Stewart, 2025<\/div><\/div>\n<p><span style=\"font-size: 21px;\"><strong>Jonathan Lainey<br \/>\n<\/strong><\/span><a title=\"\" href=\"https:\/\/www.musee-mccord-stewart.ca\/fr\/collections\/equipe\/jonathan-lainey\/\">Conservateur, Cultures autochtones<\/a><\/p>\n<p>Jonathan s\u2019est joint \u00e0 l\u2019\u00e9quipe du Mus\u00e9e en 2020. Ses champs d\u2019int\u00e9r\u00eat touchent \u00e0 l\u2019histoire sociale, politique et culturelle des Autochtones au Qu\u00e9bec et au Canada, plus particuli\u00e8rement aux Wendat et aux colliers de wampum. Il s\u2019int\u00e9resse notamment \u00e0 l\u2019histoire des objets et des collections \u00e0 travers le temps.<\/p>\n<p>&nbsp;<\/p>\n<div class=\"imgTiny\"><img loading=\"lazy\" decoding=\"async\" width=\"640\" height=\"448\" class=\"wp-image-51525 size-full\" src=\"https:\/\/www.musee-mccord-stewart.ca\/app\/uploads\/2025\/08\/mathieu_lapointe_01_20250731_ra-7x10_640x448.jpg\" alt=\"\" srcset=\"https:\/\/www.musee-mccord-stewart.ca\/app\/uploads\/2025\/08\/mathieu_lapointe_01_20250731_ra-7x10_640x448.jpg 640w, https:\/\/www.musee-mccord-stewart.ca\/app\/uploads\/2025\/08\/mathieu_lapointe_01_20250731_ra-7x10_640x448-300x210.jpg 300w, https:\/\/www.musee-mccord-stewart.ca\/app\/uploads\/2025\/08\/mathieu_lapointe_01_20250731_ra-7x10_640x448-400x280.jpg 400w, https:\/\/www.musee-mccord-stewart.ca\/app\/uploads\/2025\/08\/mathieu_lapointe_01_20250731_ra-7x10_640x448-54x38.jpg 54w\" sizes=\"(max-width: 640px) 100vw, 640px\" \/><div class=\"credit\">Photo : Roger Aziz, \u00a9 Mus\u00e9e McCord Stewart, 2025<\/div><\/div>\n<p><span style=\"font-size: 21px;\"><strong>Mathieu Lapointe<br \/>\n<\/strong><\/span><a href=\"http:\/\/www.musee-mccord-stewart.ca\/fr\/collections\/equipe\/mathieu-lapointe\/\">Conservateur, Archives<\/a><\/p>\n<p>Mathieu s\u2019est joint \u00e0 l\u2019\u00e9quipe du Mus\u00e9e en 2018. Sp\u00e9cialiste de l\u2019histoire de Montr\u00e9al et des id\u00e9ologies et de la culture au Qu\u00e9bec, il s\u2019est notamment int\u00e9ress\u00e9 aux mouvements citoyens, aux discours moralisateurs et aux enqu\u00eates publiques qui ont marqu\u00e9 la m\u00e9tropole au 20<sup>e<\/sup> si\u00e8cle.<\/p>\n<p>&nbsp;<\/p>\n<div class=\"imgTiny\"><img loading=\"lazy\" decoding=\"async\" width=\"640\" height=\"448\" class=\"wp-image-52261 size-full\" src=\"https:\/\/www.musee-mccord-stewart.ca\/app\/uploads\/2025\/12\/zoe_tousignant_2025_640x448.jpg\" alt=\"\" srcset=\"https:\/\/www.musee-mccord-stewart.ca\/app\/uploads\/2025\/12\/zoe_tousignant_2025_640x448.jpg 640w, https:\/\/www.musee-mccord-stewart.ca\/app\/uploads\/2025\/12\/zoe_tousignant_2025_640x448-300x210.jpg 300w, https:\/\/www.musee-mccord-stewart.ca\/app\/uploads\/2025\/12\/zoe_tousignant_2025_640x448-400x280.jpg 400w, https:\/\/www.musee-mccord-stewart.ca\/app\/uploads\/2025\/12\/zoe_tousignant_2025_640x448-54x38.jpg 54w\" sizes=\"(max-width: 640px) 100vw, 640px\" \/><div class=\"credit\">Photo: Roger Aziz, \u00a9 Mus\u00e9e McCord Stewart, 2025<\/div><\/div>\n<p><span style=\"font-size: 21px;\"><strong>Zo\u00eb Tousignant<br \/>\n<\/strong><\/span><a href=\"http:\/\/www.musee-mccord-stewart.ca\/fr\/collections\/equipe\/zoe-tousignant\/\">Conservatrice, Photographie<\/a><\/p>\n<p>Zo\u00eb s\u2019est jointe \u00e0 l\u2019\u00e9quipe du Mus\u00e9e en 2022. Ses recherches se sont concentr\u00e9es sur l\u2019\u00e9tude de la culture de l\u2019imprim\u00e9 comme forme vitale de diffusion de la photographie; sur la cartographie des r\u00e9seaux de personnes et d\u2019institutions qui constituent le champ de la culture visuelle; et sur l\u2019\u00e9lucidation des liens affectifs cr\u00e9\u00e9s par les photographies et la pratique photographique.<\/p>\n<p>&nbsp;<\/p>\n<div class=\"imgTiny\"><img loading=\"lazy\" decoding=\"async\" width=\"640\" height=\"448\" class=\"wp-image-51522 size-full\" src=\"https:\/\/www.musee-mccord-stewart.ca\/app\/uploads\/2025\/08\/christian_vachon_01_20250731_ra-7x10_640x448px.jpg\" alt=\"\" srcset=\"https:\/\/www.musee-mccord-stewart.ca\/app\/uploads\/2025\/08\/christian_vachon_01_20250731_ra-7x10_640x448px.jpg 640w, https:\/\/www.musee-mccord-stewart.ca\/app\/uploads\/2025\/08\/christian_vachon_01_20250731_ra-7x10_640x448px-300x210.jpg 300w, https:\/\/www.musee-mccord-stewart.ca\/app\/uploads\/2025\/08\/christian_vachon_01_20250731_ra-7x10_640x448px-400x280.jpg 400w, https:\/\/www.musee-mccord-stewart.ca\/app\/uploads\/2025\/08\/christian_vachon_01_20250731_ra-7x10_640x448px-54x38.jpg 54w\" sizes=\"(max-width: 640px) 100vw, 640px\" \/><div class=\"credit\">Photo : Roger Aziz, \u00a9 Mus\u00e9e McCord Stewart, 2025<\/div><\/div>\n<p><span style=\"font-size: 21px;\"><strong>Christian Vachon<br \/>\n<\/strong><\/span><a href=\"http:\/\/www.musee-mccord-stewart.ca\/fr\/collections\/equipe\/christian-vachon\/\">Directeur, Gestion des collections<br \/>\nConservateur, Art documentaire<\/a><\/p>\n<p>Christian s\u2019est joint \u00e0 l\u2019\u00e9quipe du Mus\u00e9e en 1989. Historien de l\u2019art passionn\u00e9 d\u2019iconographie canadienne du 18e si\u00e8cle \u00e0 nos jours, Christian s\u2019int\u00e9resse plus particuli\u00e8rement \u00e0 l\u2019image imprim\u00e9e et \u00e0 la satire graphique. Il s\u2019emploie ainsi \u00e0 documenter l\u2019histoire de la caricature et du dessin de presse au Qu\u00e9bec.<\/p>\n<div class=\"imgTiny\"><img loading=\"lazy\" decoding=\"async\" width=\"640\" height=\"448\" class=\"wp-image-52264 size-full\" src=\"https:\/\/www.musee-mccord-stewart.ca\/app\/uploads\/2025\/12\/alexis_walker_2025_640x448.jpg\" alt=\"\" srcset=\"https:\/\/www.musee-mccord-stewart.ca\/app\/uploads\/2025\/12\/alexis_walker_2025_640x448.jpg 640w, https:\/\/www.musee-mccord-stewart.ca\/app\/uploads\/2025\/12\/alexis_walker_2025_640x448-300x210.jpg 300w, https:\/\/www.musee-mccord-stewart.ca\/app\/uploads\/2025\/12\/alexis_walker_2025_640x448-400x280.jpg 400w, https:\/\/www.musee-mccord-stewart.ca\/app\/uploads\/2025\/12\/alexis_walker_2025_640x448-54x38.jpg 54w\" sizes=\"(max-width: 640px) 100vw, 640px\" \/><div class=\"credit\">Photo: Roger Aziz, \u00a9 Mus\u00e9e McCord Stewart, 2025<\/div><\/div>\n<p><span style=\"font-size: 21px;\"><strong>Alexis Walker<br \/>\n<\/strong><\/span><a href=\"http:\/\/www.musee-mccord-stewart.ca\/fr\/collections\/equipe\/alexis-walker\/\">Conservatrice adjointe, Costume, mode et textiles<\/a><\/p>\n<p>Alexis s\u2019est jointe \u00e0 l\u2019\u00e9quipe du Mus\u00e9e en 2015. En plus de faire de la recherche sur l\u2019histoire de l\u2019industrie du v\u00eatement de Montr\u00e9al et d\u2019en assurer la diffusion, Alexis nous fait d\u00e9couvrir les multiples facettes de la communaut\u00e9 de la mode montr\u00e9alaise. Elle s\u2019int\u00e9resse particuli\u00e8rement aux liens entre la mode contemporaine et l\u2019art, la musique, le cin\u00e9ma et la culture pop.<\/p>\n","protected":false},"excerpt":{"rendered":"<p>Cynthia Cooper Cheffe, Collections et recherche Conservatrice, Costumes, mode et textiles Cynthia s\u2019est jointe \u00e0 l\u2019\u00e9quipe du Mus\u00e9e en 1998. Elle aime raconter des histoires sur des v\u00eatements et des modes qui en sont venus \u00e0 \u00eatre intimement li\u00e9s \u00e0 des projets identitaires canadiens. Caterina Florio Cheffe, Restauration Caterina s\u2019est jointe \u00e0 l\u2019\u00e9quipe du Mus\u00e9e [&hellip;]<\/p>\n","protected":false},"author":3,"featured_media":0,"parent":39985,"menu_order":0,"comment_status":"closed","ping_status":"closed","template":"page-templates\/page-texte.php","meta":{"footnotes":""},"categories":[],"tags":[],"acf":[],"yoast_head":"<!-- This site is optimized with the Yoast SEO Premium plugin v20.11 (Yoast SEO v20.11) - https:\/\/yoast.com\/wordpress\/plugins\/seo\/ -->\n<title>\u00c9quipe Collections et recherche - Mus\u00e9e McCord<\/title>\n<meta name=\"description\" content=\"Faites connaissance avec nos conservateurs et notre chef de la restauration, et apprenez-en plus sur leur expertise et leur travail.\" \/>\n<meta name=\"robots\" content=\"index, follow, max-snippet:-1, max-image-preview:large, max-video-preview:-1\" \/>\n<link rel=\"canonical\" href=\"https:\/\/www.musee-mccord-stewart.ca\/fr\/collections\/equipe\/\" \/>\n<meta property=\"og:locale\" content=\"fr_FR\" \/>\n<meta property=\"og:type\" content=\"article\" \/>\n<meta property=\"og:title\" content=\"\u00c9quipe\" \/>\n<meta property=\"og:description\" content=\"Cynthia Cooper Cheffe, Collections et recherche Conservatrice, Costumes, mode et textiles Cynthia s\u2019est jointe \u00e0 l\u2019\u00e9quipe du Mus\u00e9e en 1998. Elle aime\" \/>\n<meta property=\"og:url\" content=\"https:\/\/www.musee-mccord-stewart.ca\/fr\/collections\/equipe\/\" \/>\n<meta property=\"og:site_name\" content=\"Mus\u00e9e McCord Stewart\" \/>\n<meta property=\"article:publisher\" content=\"https:\/\/www.facebook.com\/museemccordstewart\" \/>\n<meta property=\"article:modified_time\" content=\"2025-12-11T21:17:29+00:00\" \/>\n<meta property=\"og:image\" content=\"https:\/\/www.musee-mccord-stewart.ca\/app\/uploads\/2025\/08\/mccord-stewart_cooper_cynthia_01_640x448_20250709_ra.jpg\" \/>\n<meta name=\"twitter:card\" content=\"summary_large_image\" \/>\n<meta name=\"twitter:site\" content=\"@MuseeMcCordStew\" \/>\n<meta name=\"twitter:label1\" content=\"Dur\u00e9e de lecture estim\u00e9e\" \/>\n\t<meta name=\"twitter:data1\" content=\"4 minutes\" \/>\n<script type=\"application\/ld+json\" class=\"yoast-schema-graph\">{\"@context\":\"https:\/\/schema.org\",\"@graph\":[{\"@type\":\"WebPage\",\"@id\":\"https:\/\/www.musee-mccord-stewart.ca\/fr\/collections\/equipe\/\",\"url\":\"https:\/\/www.musee-mccord-stewart.ca\/fr\/collections\/equipe\/\",\"name\":\"\u00c9quipe Collections et recherche - Mus\u00e9e McCord\",\"isPartOf\":{\"@id\":\"https:\/\/www.musee-mccord-stewart.ca\/fr\/#website\"},\"datePublished\":\"2017-12-14T19:31:04+00:00\",\"dateModified\":\"2025-12-11T21:17:29+00:00\",\"description\":\"Faites connaissance avec nos conservateurs et notre chef de la restauration, et apprenez-en plus sur leur expertise et leur travail.\",\"breadcrumb\":{\"@id\":\"https:\/\/www.musee-mccord-stewart.ca\/fr\/collections\/equipe\/#breadcrumb\"},\"inLanguage\":\"fr-FR\",\"potentialAction\":[{\"@type\":\"ReadAction\",\"target\":[\"https:\/\/www.musee-mccord-stewart.ca\/fr\/collections\/equipe\/\"]}]},{\"@type\":\"BreadcrumbList\",\"@id\":\"https:\/\/www.musee-mccord-stewart.ca\/fr\/collections\/equipe\/#breadcrumb\",\"itemListElement\":[{\"@type\":\"ListItem\",\"position\":1,\"name\":\"Accueil\",\"item\":\"https:\/\/www.musee-mccord-stewart.ca\/fr\/\"},{\"@type\":\"ListItem\",\"position\":2,\"name\":\"Collections\",\"item\":\"https:\/\/www.musee-mccord-stewart.ca\/fr\/collections\/\"},{\"@type\":\"ListItem\",\"position\":3,\"name\":\"\u00c9quipe\"}]},{\"@type\":\"WebSite\",\"@id\":\"https:\/\/www.musee-mccord-stewart.ca\/fr\/#website\",\"url\":\"https:\/\/www.musee-mccord-stewart.ca\/fr\/\",\"name\":\"Mus\u00e9e McCord Stewart\",\"description\":\"Notre monde, nos histoires\",\"publisher\":{\"@id\":\"https:\/\/www.musee-mccord-stewart.ca\/fr\/#organization\"},\"alternateName\":\"MCS\",\"potentialAction\":[{\"@type\":\"SearchAction\",\"target\":{\"@type\":\"EntryPoint\",\"urlTemplate\":\"https:\/\/www.musee-mccord-stewart.ca\/fr\/?s={search_term_string}\"},\"query-input\":\"required name=search_term_string\"}],\"inLanguage\":\"fr-FR\"},{\"@type\":\"Organization\",\"@id\":\"https:\/\/www.musee-mccord-stewart.ca\/fr\/#organization\",\"name\":\"McCord Stewart Museum\",\"alternateName\":\"MCS\",\"url\":\"https:\/\/www.musee-mccord-stewart.ca\/fr\/\",\"logo\":{\"@type\":\"ImageObject\",\"inLanguage\":\"fr-FR\",\"@id\":\"https:\/\/www.musee-mccord-stewart.ca\/fr\/#\/schema\/logo\/image\/\",\"url\":\"https:\/\/www.musee-mccord-stewart.ca\/app\/uploads\/2023\/05\/logo_museemccordstewart_horizontal_noir_slogan.svg\",\"contentUrl\":\"https:\/\/www.musee-mccord-stewart.ca\/app\/uploads\/2023\/05\/logo_museemccordstewart_horizontal_noir_slogan.svg\",\"width\":1,\"height\":1,\"caption\":\"McCord Stewart Museum\"},\"image\":{\"@id\":\"https:\/\/www.musee-mccord-stewart.ca\/fr\/#\/schema\/logo\/image\/\"},\"sameAs\":[\"https:\/\/www.facebook.com\/museemccordstewart\",\"https:\/\/twitter.com\/MuseeMcCordStew\",\"https:\/\/instagram.com\/museemccordstewart\",\"https:\/\/www.linkedin.com\/company\/museemccordstewart\/\",\"https:\/\/www.pinterest.com\/museemccordstewart\/\",\"https:\/\/www.youtube.com\/c\/MuseeMcCordStewartMuseum\"]}]}<\/script>\n<!-- \/ Yoast SEO Premium plugin. -->","yoast_head_json":{"title":"\u00c9quipe Collections et recherche - Mus\u00e9e McCord","description":"Faites connaissance avec nos conservateurs et notre chef de la restauration, et apprenez-en plus sur leur expertise et leur travail.","robots":{"index":"index","follow":"follow","max-snippet":"max-snippet:-1","max-image-preview":"max-image-preview:large","max-video-preview":"max-video-preview:-1"},"canonical":"https:\/\/www.musee-mccord-stewart.ca\/fr\/collections\/equipe\/","og_locale":"fr_FR","og_type":"article","og_title":"\u00c9quipe","og_description":"Cynthia Cooper Cheffe, Collections et recherche Conservatrice, Costumes, mode et textiles Cynthia s\u2019est jointe \u00e0 l\u2019\u00e9quipe du Mus\u00e9e en 1998. Elle aime","og_url":"https:\/\/www.musee-mccord-stewart.ca\/fr\/collections\/equipe\/","og_site_name":"Mus\u00e9e McCord Stewart","article_publisher":"https:\/\/www.facebook.com\/museemccordstewart","article_modified_time":"2025-12-11T21:17:29+00:00","og_image":[{"url":"https:\/\/www.musee-mccord-stewart.ca\/app\/uploads\/2025\/08\/mccord-stewart_cooper_cynthia_01_640x448_20250709_ra.jpg"}],"twitter_card":"summary_large_image","twitter_site":"@MuseeMcCordStew","twitter_misc":{"Dur\u00e9e de lecture estim\u00e9e":"4 minutes"},"schema":{"@context":"https:\/\/schema.org","@graph":[{"@type":"WebPage","@id":"https:\/\/www.musee-mccord-stewart.ca\/fr\/collections\/equipe\/","url":"https:\/\/www.musee-mccord-stewart.ca\/fr\/collections\/equipe\/","name":"\u00c9quipe Collections et recherche - Mus\u00e9e McCord","isPartOf":{"@id":"https:\/\/www.musee-mccord-stewart.ca\/fr\/#website"},"datePublished":"2017-12-14T19:31:04+00:00","dateModified":"2025-12-11T21:17:29+00:00","description":"Faites connaissance avec nos conservateurs et notre chef de la restauration, et apprenez-en plus sur leur expertise et leur travail.","breadcrumb":{"@id":"https:\/\/www.musee-mccord-stewart.ca\/fr\/collections\/equipe\/#breadcrumb"},"inLanguage":"fr-FR","potentialAction":[{"@type":"ReadAction","target":["https:\/\/www.musee-mccord-stewart.ca\/fr\/collections\/equipe\/"]}]},{"@type":"BreadcrumbList","@id":"https:\/\/www.musee-mccord-stewart.ca\/fr\/collections\/equipe\/#breadcrumb","itemListElement":[{"@type":"ListItem","position":1,"name":"Accueil","item":"https:\/\/www.musee-mccord-stewart.ca\/fr\/"},{"@type":"ListItem","position":2,"name":"Collections","item":"https:\/\/www.musee-mccord-stewart.ca\/fr\/collections\/"},{"@type":"ListItem","position":3,"name":"\u00c9quipe"}]},{"@type":"WebSite","@id":"https:\/\/www.musee-mccord-stewart.ca\/fr\/#website","url":"https:\/\/www.musee-mccord-stewart.ca\/fr\/","name":"Mus\u00e9e McCord Stewart","description":"Notre monde, nos histoires","publisher":{"@id":"https:\/\/www.musee-mccord-stewart.ca\/fr\/#organization"},"alternateName":"MCS","potentialAction":[{"@type":"SearchAction","target":{"@type":"EntryPoint","urlTemplate":"https:\/\/www.musee-mccord-stewart.ca\/fr\/?s={search_term_string}"},"query-input":"required name=search_term_string"}],"inLanguage":"fr-FR"},{"@type":"Organization","@id":"https:\/\/www.musee-mccord-stewart.ca\/fr\/#organization","name":"McCord Stewart Museum","alternateName":"MCS","url":"https:\/\/www.musee-mccord-stewart.ca\/fr\/","logo":{"@type":"ImageObject","inLanguage":"fr-FR","@id":"https:\/\/www.musee-mccord-stewart.ca\/fr\/#\/schema\/logo\/image\/","url":"https:\/\/www.musee-mccord-stewart.ca\/app\/uploads\/2023\/05\/logo_museemccordstewart_horizontal_noir_slogan.svg","contentUrl":"https:\/\/www.musee-mccord-stewart.ca\/app\/uploads\/2023\/05\/logo_museemccordstewart_horizontal_noir_slogan.svg","width":1,"height":1,"caption":"McCord Stewart Museum"},"image":{"@id":"https:\/\/www.musee-mccord-stewart.ca\/fr\/#\/schema\/logo\/image\/"},"sameAs":["https:\/\/www.facebook.com\/museemccordstewart","https:\/\/twitter.com\/MuseeMcCordStew","https:\/\/instagram.com\/museemccordstewart","https:\/\/www.linkedin.com\/company\/museemccordstewart\/","https:\/\/www.pinterest.com\/museemccordstewart\/","https:\/\/www.youtube.com\/c\/MuseeMcCordStewartMuseum"]}]}},"_links":{"self":[{"href":"https:\/\/www.musee-mccord-stewart.ca\/fr\/wp-json\/wp\/v2\/pages\/21301"}],"collection":[{"href":"https:\/\/www.musee-mccord-stewart.ca\/fr\/wp-json\/wp\/v2\/pages"}],"about":[{"href":"https:\/\/www.musee-mccord-stewart.ca\/fr\/wp-json\/wp\/v2\/types\/page"}],"author":[{"embeddable":true,"href":"https:\/\/www.musee-mccord-stewart.ca\/fr\/wp-json\/wp\/v2\/users\/3"}],"replies":[{"embeddable":true,"href":"https:\/\/www.musee-mccord-stewart.ca\/fr\/wp-json\/wp\/v2\/comments?post=21301"}],"version-history":[{"count":0,"href":"https:\/\/www.musee-mccord-stewart.ca\/fr\/wp-json\/wp\/v2\/pages\/21301\/revisions"}],"up":[{"embeddable":true,"href":"https:\/\/www.musee-mccord-stewart.ca\/fr\/wp-json\/wp\/v2\/pages\/39985"}],"wp:attachment":[{"href":"https:\/\/www.musee-mccord-stewart.ca\/fr\/wp-json\/wp\/v2\/media?parent=21301"}],"wp:term":[{"taxonomy":"category","embeddable":true,"href":"https:\/\/www.musee-mccord-stewart.ca\/fr\/wp-json\/wp\/v2\/categories?post=21301"},{"taxonomy":"post_tag","embeddable":true,"href":"https:\/\/www.musee-mccord-stewart.ca\/fr\/wp-json\/wp\/v2\/tags?post=21301"}],"curies":[{"name":"wp","href":"https:\/\/api.w.org\/{rel}","templated":true}]}}