{"id":20950,"date":"2017-09-15T16:34:21","date_gmt":"2017-09-15T20:34:21","guid":{"rendered":"http:\/\/www.musee-mccord-stewart.ca\/?page_id=20950\/"},"modified":"2018-01-31T16:40:44","modified_gmt":"2018-01-31T21:40:44","slug":"il-etait-une-fois","status":"publish","type":"page","link":"https:\/\/www.musee-mccord-stewart.ca\/fr\/il-etait-une-fois\/","title":{"rendered":"Il \u00e9tait une fois&#8230;"},"content":{"rendered":"<p>Le <strong><a href=\"http:\/\/www.musee-mccord-stewart.ca\/fr\/jeune-mccord\/comite-du-jeune-mccord\/\">Comit\u00e9 du Jeune McCord<\/a><\/strong> est <strong>fier d\u2019avoir amass\u00e9 20 099 $<\/strong> pour la campagne <strong><em>Il \u00e9tait une fois<\/em><\/strong>!<\/p>\n<p>Votre contribution au Mus\u00e9e McCord permettra \u00e0 des milliers d\u2019enfants de d\u00e9couvrir les jouets et objets d\u00e9coratifs de la collection du Mus\u00e9e dans l\u2019exposition <em><strong><a href=\"http:\/\/www.musee-mccord-stewart.ca\/fr\/expositions\/tohu-bohu-au-pays-des-contes\/\">Tohu-bohu au pays des contes<\/a>.\u00a0<\/strong><\/em>Les enfants seront les h\u00e9ros de cet univers inspir\u00e9 des contes merveilleux de <em>Hansel et Gretel<\/em>, du <em>Petit Chaperon rouge<\/em>, de <em>Jack et le haricot magique<\/em>, de <em>Cendrillon<\/em> et de <em>La petite sir\u00e8ne<\/em>.<\/p>\n<h4>Venez visiter le Mus\u00e9e McCord pour d\u00e9couvrir les jouets et constater ainsi l\u2019effet tangible de votre contribution!<\/h4>\n<ul class=\"sliderTiny\">\n<li>\n<img decoding=\"async\" src=\"https:\/\/www.musee-mccord-stewart.ca\/app\/uploads\/2017\/09\/mccord-tohubohu-therearmirror-com-12-7-1200x800.jpg\" alt=\"\u00a9 TheRearMirror.com\" title=\"\u00a9 TheRearMirror.com\" \/>\n<\/li>\n<li>\n<img decoding=\"async\" src=\"https:\/\/www.musee-mccord-stewart.ca\/app\/uploads\/2017\/09\/mccord-tohubohu-therearmirror-com-12-40-1200x800.jpg\" alt=\"\u00a9 TheRearMirror.com\" title=\"\u00a9 TheRearMirror.com\" \/>\n<\/li>\n<li>\n<img decoding=\"async\" src=\"https:\/\/www.musee-mccord-stewart.ca\/app\/uploads\/2017\/09\/mccord-tohubohu-therearmirror-com-12-43-1200x800.jpg\" alt=\"\u00a9 TheRearMirror.com\" title=\"\u00a9 TheRearMirror.com\" \/>\n<\/li>\n<li>\n<img decoding=\"async\" src=\"https:\/\/www.musee-mccord-stewart.ca\/app\/uploads\/2017\/09\/mccord-tohubohu-therearmirror-com-12-75-1200x800.jpg\" alt=\"\u00a9 TheRearMirror.com\" title=\"\u00a9 TheRearMirror.com\" \/>\n<\/li>\n<li>\n<img decoding=\"async\" src=\"https:\/\/www.musee-mccord-stewart.ca\/app\/uploads\/2017\/09\/mccord-tohubohu-therearmirror-com-12-91-1200x800.jpg\" alt=\"\u00a9 TheRearMirror.com\" title=\"\u00a9 TheRearMirror.com\" \/>\n<\/li>\n<li>\n<img decoding=\"async\" src=\"https:\/\/www.musee-mccord-stewart.ca\/app\/uploads\/2017\/09\/mccord-tohubohu-therearmirror-com-12-96-1200x800.jpg\" alt=\"\u00a9 TheRearMirror.com\" title=\"\u00a9 TheRearMirror.com\" \/>\n<\/li>\n<\/ul>\n\n<p><strong>J\u2019ai manqu\u00e9 la campagne, qu\u2019est-ce-que \u00ab\u00a0Il \u00e9tait une fois\u00a0\u00bb?<\/strong><strong><br \/>\n<\/strong>Le <a href=\"http:\/\/www.musee-mccord-stewart.ca\/fr\/jeune-mccord\/comite-du-jeune-mccord\/\"><strong>Comit\u00e9 du Jeune McCord<\/strong><\/a> a lanc\u00e9 l\u2019initiative <em>Il \u00e9tait une fois<\/em> afin d\u2019amasser les dons pour restaurer des jouets et des objets d\u00e9coratifs de la collection du Mus\u00e9e McCord pour les mettre en en valeur dans l\u2019exposition <a href=\"http:\/\/www.musee-mccord-stewart.ca\/fr\/expositions\/tohu-bohu-au-pays-des-contes\/\"><strong><em>Tohu-bohu au pays des contes<\/em><\/strong><\/a>.<\/p>\n<p><strong>Pourquoi le Mus\u00e9e McCord a-t-il besoin de vous?<br \/>\n<\/strong>Nous avons besoin de vous pour nous aider \u00e0 faire restaurer les jouets afin que nous puissions les faire d\u00e9couvrir aux enfants dans une exposition du McCord qui les enchantera, intitul\u00e9e <a href=\"http:\/\/www.musee-mccord-stewart.ca\/fr\/expositions\/tohu-bohu-au-pays-des-contes\/\"><strong><em>Tohu-bohu au pays des contes<\/em><\/strong><\/a>. En tant que donateur du projet, vous recevrez une invitation exclusive \u00e0 la premi\u00e8re de l&rsquo;exposition et pourrez ainsi constater l\u2019effet tangible de votre don. Contribuez \u00e0 faire r\u00eaver les enfants gr\u00e2ce \u00e0 ces contes merveilleux. Aidez le Mus\u00e9e \u00e0 restaurer ces jouets et faites vivre \u00e0 nos enfants une aventure unique!<\/p>\n<p><strong>En quoi consiste le traitement de restauration des jouets?<br \/>\n<\/strong>Chaque objet s\u00e9lectionn\u00e9 pour l\u2019exposition <a href=\"http:\/\/www.musee-mccord-stewart.ca\/fr\/expositions\/tohu-bohu-au-pays-des-contes\/\"><strong><em>Tohu-bohu au pays des contes<\/em><\/strong><\/a> fera l\u2019objet d\u2019une \u00e9valuation compl\u00e8te par le personnel de la restauration afin de mieux comprendre son histoire, de d\u00e9terminer son \u00e9tat et d&rsquo;identifier sa composition pour que le Mus\u00e9e puisse ensuite \u00e9tablir le traitement le plus appropri\u00e9 pour la pr\u00e9servation de l\u2019artefact. Le traitement d&rsquo;un objet peut inclure la documentation, le nettoyage, la stabilisation des \u00e9l\u00e9ments pr\u00e9caires, la r\u00e9paration de mat\u00e9riaux endommag\u00e9s ou le remplacement des pi\u00e8ces manquantes, ainsi que des recommandations sp\u00e9cifiques pour son exposition.<\/p>\n<p><iframe loading=\"lazy\" src=\"https:\/\/globalnews.ca\/video\/embed\/3843276\/\" width=\"670\" height=\"372\" frameborder=\"0\" scrolling=\"no\" allowfullscreen=\"allowfullscreen\"><\/iframe><\/p>\n<p><strong>Pourquoi la restauration est-elle importante?<br \/>\n<\/strong>La restauration est au c\u0153ur du mandat du McCord qui est de pr\u00e9server, d&rsquo;\u00e9tudier et de pr\u00e9senter ses collections. Les restaurateurs sont des professionnels d\u00e9vou\u00e9s qui se passionnent pour notre histoire mat\u00e9rielle. Leur expertise nous permet non seulement de mieux comprendre la place des objets dans notre histoire, mais \u00e9galement d\u2019en appr\u00e9cier la pertinence \u00e0 notre \u00e9poque. Le travail de l&rsquo;\u00e9quipe permet de rendre nos objets accessibles et d\u2019offrir \u00e0 tous nos visiteurs l\u2019occasion d\u2019en apprendre davantage sur notre histoire, nos gens, nos communaut\u00e9s.<\/p>\n<p><strong>Qu\u2019est-ce qui est inclus dans le budget?<br \/>\n<\/strong>1) Mat\u00e9riaux et outils pour le travail de restauration<br \/>\n2) Personnel de la restauration<br \/>\nRecherche permettant de prendre des d\u00e9cisions \u00e9clair\u00e9es concernant la restauration des objets<br \/>\nTraitement et documentation d&rsquo;objets<br \/>\n3) Consultation avec des sp\u00e9cialistes<\/p>\n","protected":false},"excerpt":{"rendered":"<p>Le Comit\u00e9 du Jeune McCord est fier d\u2019avoir amass\u00e9 20 099 $ pour la campagne Il \u00e9tait une fois! Votre contribution au Mus\u00e9e McCord permettra \u00e0 des milliers d\u2019enfants de d\u00e9couvrir les jouets et objets d\u00e9coratifs de la collection du Mus\u00e9e dans l\u2019exposition Tohu-bohu au pays des contes.\u00a0Les enfants seront les h\u00e9ros de cet univers [&hellip;]<\/p>\n","protected":false},"author":17,"featured_media":0,"parent":0,"menu_order":0,"comment_status":"closed","ping_status":"closed","template":"page-templates\/page-texte.php","meta":{"footnotes":""},"categories":[],"tags":[],"acf":[],"yoast_head":"<!-- This site is optimized with the Yoast SEO Premium plugin v20.11 (Yoast SEO v20.11) - https:\/\/yoast.com\/wordpress\/plugins\/seo\/ -->\n<title>Il \u00e9tait une fois - Mus\u00e9e McCord<\/title>\n<meta name=\"description\" content=\"Aidez le Mus\u00e9e \u00e0 restaurer des jouets et objets d\u00e9coratifs de sa collection pour permettre aux enfants de vivre une exp\u00e9rience unique et merveilleuse.\" \/>\n<meta name=\"robots\" content=\"index, follow, max-snippet:-1, max-image-preview:large, max-video-preview:-1\" \/>\n<link rel=\"canonical\" href=\"https:\/\/www.musee-mccord-stewart.ca\/fr\/il-etait-une-fois\/\" \/>\n<meta property=\"og:locale\" content=\"fr_FR\" \/>\n<meta property=\"og:type\" content=\"article\" \/>\n<meta property=\"og:title\" content=\"Il \u00e9tait une fois...\" \/>\n<meta property=\"og:description\" content=\"Le Comit\u00e9 du Jeune McCord est fier d\u2019avoir amass\u00e9 20 099 $ pour la campagne Il \u00e9tait une fois! Votre contribution au Mus\u00e9e McCord permettra \u00e0 des milliers\" \/>\n<meta property=\"og:url\" content=\"https:\/\/www.musee-mccord-stewart.ca\/fr\/il-etait-une-fois\/\" \/>\n<meta property=\"og:site_name\" content=\"Mus\u00e9e McCord Stewart\" \/>\n<meta property=\"article:publisher\" content=\"https:\/\/www.facebook.com\/museemccordstewart\" \/>\n<meta property=\"article:modified_time\" content=\"2018-01-31T21:40:44+00:00\" \/>\n<meta property=\"og:image\" content=\"https:\/\/www.musee-mccord.qc.ca\/app\/uploads\/2017\/09\/mccord-tohubohu-therearmirror-com-12-7-1200x800.jpg\" \/>\n<meta name=\"twitter:card\" content=\"summary_large_image\" \/>\n<meta name=\"twitter:site\" content=\"@MuseeMcCordStew\" \/>\n<meta name=\"twitter:label1\" content=\"Dur\u00e9e de lecture estim\u00e9e\" \/>\n\t<meta name=\"twitter:data1\" content=\"3 minutes\" \/>\n<script type=\"application\/ld+json\" class=\"yoast-schema-graph\">{\"@context\":\"https:\/\/schema.org\",\"@graph\":[{\"@type\":\"WebPage\",\"@id\":\"https:\/\/www.musee-mccord-stewart.ca\/fr\/il-etait-une-fois\/\",\"url\":\"https:\/\/www.musee-mccord-stewart.ca\/fr\/il-etait-une-fois\/\",\"name\":\"Il \u00e9tait une fois - Mus\u00e9e McCord\",\"isPartOf\":{\"@id\":\"https:\/\/www.musee-mccord-stewart.ca\/fr\/#website\"},\"datePublished\":\"2017-09-15T20:34:21+00:00\",\"dateModified\":\"2018-01-31T21:40:44+00:00\",\"description\":\"Aidez le Mus\u00e9e \u00e0 restaurer des jouets et objets d\u00e9coratifs de sa collection pour permettre aux enfants de vivre une exp\u00e9rience unique et merveilleuse.\",\"breadcrumb\":{\"@id\":\"https:\/\/www.musee-mccord-stewart.ca\/fr\/il-etait-une-fois\/#breadcrumb\"},\"inLanguage\":\"fr-FR\",\"potentialAction\":[{\"@type\":\"ReadAction\",\"target\":[\"https:\/\/www.musee-mccord-stewart.ca\/fr\/il-etait-une-fois\/\"]}]},{\"@type\":\"BreadcrumbList\",\"@id\":\"https:\/\/www.musee-mccord-stewart.ca\/fr\/il-etait-une-fois\/#breadcrumb\",\"itemListElement\":[{\"@type\":\"ListItem\",\"position\":1,\"name\":\"Accueil\",\"item\":\"https:\/\/www.musee-mccord-stewart.ca\/fr\/\"},{\"@type\":\"ListItem\",\"position\":2,\"name\":\"Il \u00e9tait une fois&#8230;\"}]},{\"@type\":\"WebSite\",\"@id\":\"https:\/\/www.musee-mccord-stewart.ca\/fr\/#website\",\"url\":\"https:\/\/www.musee-mccord-stewart.ca\/fr\/\",\"name\":\"Mus\u00e9e McCord Stewart\",\"description\":\"Notre monde, nos histoires\",\"publisher\":{\"@id\":\"https:\/\/www.musee-mccord-stewart.ca\/fr\/#organization\"},\"alternateName\":\"MCS\",\"potentialAction\":[{\"@type\":\"SearchAction\",\"target\":{\"@type\":\"EntryPoint\",\"urlTemplate\":\"https:\/\/www.musee-mccord-stewart.ca\/fr\/?s={search_term_string}\"},\"query-input\":\"required name=search_term_string\"}],\"inLanguage\":\"fr-FR\"},{\"@type\":\"Organization\",\"@id\":\"https:\/\/www.musee-mccord-stewart.ca\/fr\/#organization\",\"name\":\"McCord Stewart Museum\",\"alternateName\":\"MCS\",\"url\":\"https:\/\/www.musee-mccord-stewart.ca\/fr\/\",\"logo\":{\"@type\":\"ImageObject\",\"inLanguage\":\"fr-FR\",\"@id\":\"https:\/\/www.musee-mccord-stewart.ca\/fr\/#\/schema\/logo\/image\/\",\"url\":\"https:\/\/www.musee-mccord-stewart.ca\/app\/uploads\/2023\/05\/logo_museemccordstewart_horizontal_noir_slogan.svg\",\"contentUrl\":\"https:\/\/www.musee-mccord-stewart.ca\/app\/uploads\/2023\/05\/logo_museemccordstewart_horizontal_noir_slogan.svg\",\"width\":1,\"height\":1,\"caption\":\"McCord Stewart Museum\"},\"image\":{\"@id\":\"https:\/\/www.musee-mccord-stewart.ca\/fr\/#\/schema\/logo\/image\/\"},\"sameAs\":[\"https:\/\/www.facebook.com\/museemccordstewart\",\"https:\/\/twitter.com\/MuseeMcCordStew\",\"https:\/\/instagram.com\/museemccordstewart\",\"https:\/\/www.linkedin.com\/company\/museemccordstewart\/\",\"https:\/\/www.pinterest.com\/museemccordstewart\/\",\"https:\/\/www.youtube.com\/c\/MuseeMcCordStewartMuseum\"]}]}<\/script>\n<!-- \/ Yoast SEO Premium plugin. -->","yoast_head_json":{"title":"Il \u00e9tait une fois - Mus\u00e9e McCord","description":"Aidez le Mus\u00e9e \u00e0 restaurer des jouets et objets d\u00e9coratifs de sa collection pour permettre aux enfants de vivre une exp\u00e9rience unique et merveilleuse.","robots":{"index":"index","follow":"follow","max-snippet":"max-snippet:-1","max-image-preview":"max-image-preview:large","max-video-preview":"max-video-preview:-1"},"canonical":"https:\/\/www.musee-mccord-stewart.ca\/fr\/il-etait-une-fois\/","og_locale":"fr_FR","og_type":"article","og_title":"Il \u00e9tait une fois...","og_description":"Le Comit\u00e9 du Jeune McCord est fier d\u2019avoir amass\u00e9 20 099 $ pour la campagne Il \u00e9tait une fois! Votre contribution au Mus\u00e9e McCord permettra \u00e0 des milliers","og_url":"https:\/\/www.musee-mccord-stewart.ca\/fr\/il-etait-une-fois\/","og_site_name":"Mus\u00e9e McCord Stewart","article_publisher":"https:\/\/www.facebook.com\/museemccordstewart","article_modified_time":"2018-01-31T21:40:44+00:00","og_image":[{"url":"https:\/\/www.musee-mccord.qc.ca\/app\/uploads\/2017\/09\/mccord-tohubohu-therearmirror-com-12-7-1200x800.jpg"}],"twitter_card":"summary_large_image","twitter_site":"@MuseeMcCordStew","twitter_misc":{"Dur\u00e9e de lecture estim\u00e9e":"3 minutes"},"schema":{"@context":"https:\/\/schema.org","@graph":[{"@type":"WebPage","@id":"https:\/\/www.musee-mccord-stewart.ca\/fr\/il-etait-une-fois\/","url":"https:\/\/www.musee-mccord-stewart.ca\/fr\/il-etait-une-fois\/","name":"Il \u00e9tait une fois - Mus\u00e9e McCord","isPartOf":{"@id":"https:\/\/www.musee-mccord-stewart.ca\/fr\/#website"},"datePublished":"2017-09-15T20:34:21+00:00","dateModified":"2018-01-31T21:40:44+00:00","description":"Aidez le Mus\u00e9e \u00e0 restaurer des jouets et objets d\u00e9coratifs de sa collection pour permettre aux enfants de vivre une exp\u00e9rience unique et merveilleuse.","breadcrumb":{"@id":"https:\/\/www.musee-mccord-stewart.ca\/fr\/il-etait-une-fois\/#breadcrumb"},"inLanguage":"fr-FR","potentialAction":[{"@type":"ReadAction","target":["https:\/\/www.musee-mccord-stewart.ca\/fr\/il-etait-une-fois\/"]}]},{"@type":"BreadcrumbList","@id":"https:\/\/www.musee-mccord-stewart.ca\/fr\/il-etait-une-fois\/#breadcrumb","itemListElement":[{"@type":"ListItem","position":1,"name":"Accueil","item":"https:\/\/www.musee-mccord-stewart.ca\/fr\/"},{"@type":"ListItem","position":2,"name":"Il \u00e9tait une fois&#8230;"}]},{"@type":"WebSite","@id":"https:\/\/www.musee-mccord-stewart.ca\/fr\/#website","url":"https:\/\/www.musee-mccord-stewart.ca\/fr\/","name":"Mus\u00e9e McCord Stewart","description":"Notre monde, nos histoires","publisher":{"@id":"https:\/\/www.musee-mccord-stewart.ca\/fr\/#organization"},"alternateName":"MCS","potentialAction":[{"@type":"SearchAction","target":{"@type":"EntryPoint","urlTemplate":"https:\/\/www.musee-mccord-stewart.ca\/fr\/?s={search_term_string}"},"query-input":"required name=search_term_string"}],"inLanguage":"fr-FR"},{"@type":"Organization","@id":"https:\/\/www.musee-mccord-stewart.ca\/fr\/#organization","name":"McCord Stewart Museum","alternateName":"MCS","url":"https:\/\/www.musee-mccord-stewart.ca\/fr\/","logo":{"@type":"ImageObject","inLanguage":"fr-FR","@id":"https:\/\/www.musee-mccord-stewart.ca\/fr\/#\/schema\/logo\/image\/","url":"https:\/\/www.musee-mccord-stewart.ca\/app\/uploads\/2023\/05\/logo_museemccordstewart_horizontal_noir_slogan.svg","contentUrl":"https:\/\/www.musee-mccord-stewart.ca\/app\/uploads\/2023\/05\/logo_museemccordstewart_horizontal_noir_slogan.svg","width":1,"height":1,"caption":"McCord Stewart Museum"},"image":{"@id":"https:\/\/www.musee-mccord-stewart.ca\/fr\/#\/schema\/logo\/image\/"},"sameAs":["https:\/\/www.facebook.com\/museemccordstewart","https:\/\/twitter.com\/MuseeMcCordStew","https:\/\/instagram.com\/museemccordstewart","https:\/\/www.linkedin.com\/company\/museemccordstewart\/","https:\/\/www.pinterest.com\/museemccordstewart\/","https:\/\/www.youtube.com\/c\/MuseeMcCordStewartMuseum"]}]}},"_links":{"self":[{"href":"https:\/\/www.musee-mccord-stewart.ca\/fr\/wp-json\/wp\/v2\/pages\/20950"}],"collection":[{"href":"https:\/\/www.musee-mccord-stewart.ca\/fr\/wp-json\/wp\/v2\/pages"}],"about":[{"href":"https:\/\/www.musee-mccord-stewart.ca\/fr\/wp-json\/wp\/v2\/types\/page"}],"author":[{"embeddable":true,"href":"https:\/\/www.musee-mccord-stewart.ca\/fr\/wp-json\/wp\/v2\/users\/17"}],"replies":[{"embeddable":true,"href":"https:\/\/www.musee-mccord-stewart.ca\/fr\/wp-json\/wp\/v2\/comments?post=20950"}],"version-history":[{"count":0,"href":"https:\/\/www.musee-mccord-stewart.ca\/fr\/wp-json\/wp\/v2\/pages\/20950\/revisions"}],"wp:attachment":[{"href":"https:\/\/www.musee-mccord-stewart.ca\/fr\/wp-json\/wp\/v2\/media?parent=20950"}],"wp:term":[{"taxonomy":"category","embeddable":true,"href":"https:\/\/www.musee-mccord-stewart.ca\/fr\/wp-json\/wp\/v2\/categories?post=20950"},{"taxonomy":"post_tag","embeddable":true,"href":"https:\/\/www.musee-mccord-stewart.ca\/fr\/wp-json\/wp\/v2\/tags?post=20950"}],"curies":[{"name":"wp","href":"https:\/\/api.w.org\/{rel}","templated":true}]}}