{"id":20730,"date":"2017-09-01T11:48:40","date_gmt":"2017-09-01T15:48:40","guid":{"rendered":"http:\/\/www.musee-mccord-stewart.ca\/?page_id=20730\/"},"modified":"2017-09-01T17:04:31","modified_gmt":"2017-09-01T21:04:31","slug":"illusions-lart-de-la-magie-adulte","status":"publish","type":"page","link":"https:\/\/www.musee-mccord-stewart.ca\/fr\/illusions-lart-de-la-magie-adulte\/","title":{"rendered":"Illusions \u2013 L&rsquo;art de la magie"},"content":{"rendered":"<p><strong>Dates :<\/strong> jusqu&rsquo;au 7 janvier 2018<br \/>\n<strong>Dur\u00e9e :<\/strong> 90 minutes<br \/>\n<strong>Nombre max. :<\/strong> 30<br \/>\n<strong>Tarif :<\/strong>\u00a0adultes 16 $, \u00e9tudiants 12,50 $, a\u00een\u00e9s 14,50 $ par personne<\/p>\n<p>Cette grande exposition plonge au c\u0153ur de l&rsquo;\u00e2ge d&rsquo;or de la magie (1880-1930) en pr\u00e9sentant 78 \u00e9poustouflantes chromolithographies, dont certaines de tr\u00e8s grand format, issues de la collection Allan Slaight. Ces affiches immortalisent les grands magiciens de l&rsquo;\u00e9poque et leurs ing\u00e9nieuses illusions qui ont marqu\u00e9 l&rsquo;av\u00e8nement de la magie moderne. La visite comment\u00e9e offerte en salle d\u00e9voile les m\u00e9canismes professionnels et promotionnels de ces ma\u00eetres du divertissement, qu&rsquo;ont \u00e9t\u00e9 Kellar, Thurston, Houdini&#8230;<\/p>\n<p><a class=\"download\" href=\"http:\/\/www.musee-mccord-stewart.ca\/app\/uploads\/2017\/09\/mccord-education-brochure-adultes-fr-reader-finale.pdf\">T\u00c9L\u00c9CHARGER LE PROGRAMME D\u2019ACTIVIT\u00c9S \u00c9DUCATIVES POUR ADULTES 2017-2018 AU COMPLET<\/a><\/p>\n<h4>POUR VOTRE R\u00c9SERVATION, PR\u00c9PAREZ LES INFORMATIONS SUIVANTES :<\/h4>\n<ul>\n<li>Le titre de l\u2019activit\u00e9 choisie;<\/li>\n<li>Trois dates possibles pour faciliter votre r\u00e9servation;<\/li>\n<li>L\u2019heure souhait\u00e9e de la visite, le nombre de personnes dans votre groupe et la langue dans laquelle vous d\u00e9sirez que votre visite se d\u00e9roule;<\/li>\n<li>Les coordonn\u00e9es compl\u00e8tes de votre organisme incluant une adresse de courriel afin que vous puissiez recevoir la confirmation de la visite.<\/li>\n<\/ul>\n<p>Apr\u00e8s avoir effectu\u00e9 votre r\u00e9servation, vous recevrez\u00a0une confirmation par courriel et vous devrez en accuser\u00a0r\u00e9ception pour confirmer l\u2019horaire de votre visite.<\/p>\n<p>Enfin, pour les groupes coll\u00e9giaux ou universitaires,\u00a0pr\u00e9voyez un accompagnateur pour 15 \u00e9tudiants;\u00a0l\u2019entr\u00e9e sera gratuite pour ce dernier.<\/p>\n<p>Le tarif pour 15 personnes sera exig\u00e9 pour tout groupe\u00a0de moins de 15 personnes.<\/p>\n<h4>CHANGEMENTS ET ANNULATIONS<\/h4>\n<p>\u00c0 moins d\u2019une modification de votre part 48 heures\u00a0avant la date de votre activit\u00e9, le montant total sera\u00a0factur\u00e9 pour le nombre de participants indiqu\u00e9 lors\u00a0de la r\u00e9servation.<\/p>\n<h4>MODALIT\u00c9S DE PAIEMENT<\/h4>\n<p>Le jour de l\u2019activit\u00e9, la personne responsable du groupe\u00a0devra aller \u00e0 la billetterie pour finaliser le paiement.\u00a0Le montant total sera payable sur place en argent\u00a0comptant ou par ch\u00e8que. Il est aussi possible de payer\u00a0par facturation. Vous devrez libeller votre ch\u00e8que \u00e0\u00a0l\u2019ordre du Mus\u00e9e McCord.<\/p>\n<h4>ESPACE D\u00ceNER<\/h4>\n<p>\u00c0 noter, un espace pour d\u00eener est disponible sur r\u00e9servation pour un montant forfaitaire de 50 $.<\/p>\n","protected":false},"excerpt":{"rendered":"<p>Dates : jusqu&rsquo;au 7 janvier 2018 Dur\u00e9e : 90 minutes Nombre max. : 30 Tarif :\u00a0adultes 16 $, \u00e9tudiants 12,50 $, a\u00een\u00e9s 14,50 $ par personne Cette grande exposition plonge au c\u0153ur de l&rsquo;\u00e2ge d&rsquo;or de la magie (1880-1930) en pr\u00e9sentant 78 \u00e9poustouflantes chromolithographies, dont certaines de tr\u00e8s grand format, issues de la collection Allan [&hellip;]<\/p>\n","protected":false},"author":17,"featured_media":0,"parent":0,"menu_order":0,"comment_status":"closed","ping_status":"closed","template":"page-templates\/page-texte.php","meta":{"footnotes":""},"categories":[],"tags":[],"acf":[],"yoast_head":"<!-- This site is optimized with the Yoast SEO Premium plugin v20.11 (Yoast SEO v20.11) - https:\/\/yoast.com\/wordpress\/plugins\/seo\/ -->\n<title>Illusions \u2013 L&#039;art de la magie - Mus\u00e9e McCord<\/title>\n<meta name=\"description\" content=\"La visite comment\u00e9e d\u00e9voile les m\u00e9canismes professionnels et promotionnels de ces ma\u00eetres du divertissement, qu&#039;ont \u00e9t\u00e9 Kellar, Thurston, Houdini...\" \/>\n<meta name=\"robots\" content=\"index, follow, max-snippet:-1, max-image-preview:large, max-video-preview:-1\" \/>\n<link rel=\"canonical\" href=\"https:\/\/www.musee-mccord-stewart.ca\/fr\/illusions-lart-de-la-magie-adulte\/\" \/>\n<meta property=\"og:locale\" content=\"fr_FR\" \/>\n<meta property=\"og:type\" content=\"article\" \/>\n<meta property=\"og:title\" content=\"Illusions \u2013 L&#039;art de la magie\" \/>\n<meta property=\"og:description\" content=\"Dates : jusqu&#039;au 7 janvier 2018 Dur\u00e9e : 90 minutes Nombre max. : 30 Tarif :\u00a0adultes 16 $, \u00e9tudiants 12,50 $, a\u00een\u00e9s 14,50 $ par personne Cette grande\" \/>\n<meta property=\"og:url\" content=\"https:\/\/www.musee-mccord-stewart.ca\/fr\/illusions-lart-de-la-magie-adulte\/\" \/>\n<meta property=\"og:site_name\" content=\"Mus\u00e9e McCord Stewart\" \/>\n<meta property=\"article:publisher\" content=\"https:\/\/www.facebook.com\/museemccordstewart\" \/>\n<meta property=\"article:modified_time\" content=\"2017-09-01T21:04:31+00:00\" \/>\n<meta property=\"og:image\" content=\"https:\/\/www.musee-mccord-stewart.ca\/app\/uploads\/2022\/09\/mccord-stewart_facade-exterieur-henderson-2022_roger-aziz_1320x480.jpg\" \/>\n\t<meta property=\"og:image:width\" content=\"1320\" \/>\n\t<meta property=\"og:image:height\" content=\"480\" \/>\n\t<meta property=\"og:image:type\" content=\"image\/jpeg\" \/>\n<meta name=\"twitter:card\" content=\"summary_large_image\" \/>\n<meta name=\"twitter:site\" content=\"@MuseeMcCordStew\" \/>\n<meta name=\"twitter:label1\" content=\"Dur\u00e9e de lecture estim\u00e9e\" \/>\n\t<meta name=\"twitter:data1\" content=\"2 minutes\" \/>\n<script type=\"application\/ld+json\" class=\"yoast-schema-graph\">{\"@context\":\"https:\/\/schema.org\",\"@graph\":[{\"@type\":\"WebPage\",\"@id\":\"https:\/\/www.musee-mccord-stewart.ca\/fr\/illusions-lart-de-la-magie-adulte\/\",\"url\":\"https:\/\/www.musee-mccord-stewart.ca\/fr\/illusions-lart-de-la-magie-adulte\/\",\"name\":\"Illusions \u2013 L'art de la magie - Mus\u00e9e McCord\",\"isPartOf\":{\"@id\":\"https:\/\/www.musee-mccord-stewart.ca\/fr\/#website\"},\"datePublished\":\"2017-09-01T15:48:40+00:00\",\"dateModified\":\"2017-09-01T21:04:31+00:00\",\"description\":\"La visite comment\u00e9e d\u00e9voile les m\u00e9canismes professionnels et promotionnels de ces ma\u00eetres du divertissement, qu'ont \u00e9t\u00e9 Kellar, Thurston, Houdini...\",\"breadcrumb\":{\"@id\":\"https:\/\/www.musee-mccord-stewart.ca\/fr\/illusions-lart-de-la-magie-adulte\/#breadcrumb\"},\"inLanguage\":\"fr-FR\",\"potentialAction\":[{\"@type\":\"ReadAction\",\"target\":[\"https:\/\/www.musee-mccord-stewart.ca\/fr\/illusions-lart-de-la-magie-adulte\/\"]}]},{\"@type\":\"BreadcrumbList\",\"@id\":\"https:\/\/www.musee-mccord-stewart.ca\/fr\/illusions-lart-de-la-magie-adulte\/#breadcrumb\",\"itemListElement\":[{\"@type\":\"ListItem\",\"position\":1,\"name\":\"Accueil\",\"item\":\"https:\/\/www.musee-mccord-stewart.ca\/fr\/\"},{\"@type\":\"ListItem\",\"position\":2,\"name\":\"Illusions \u2013 L&rsquo;art de la magie\"}]},{\"@type\":\"WebSite\",\"@id\":\"https:\/\/www.musee-mccord-stewart.ca\/fr\/#website\",\"url\":\"https:\/\/www.musee-mccord-stewart.ca\/fr\/\",\"name\":\"Mus\u00e9e McCord Stewart\",\"description\":\"Notre monde, nos histoires\",\"publisher\":{\"@id\":\"https:\/\/www.musee-mccord-stewart.ca\/fr\/#organization\"},\"alternateName\":\"MCS\",\"potentialAction\":[{\"@type\":\"SearchAction\",\"target\":{\"@type\":\"EntryPoint\",\"urlTemplate\":\"https:\/\/www.musee-mccord-stewart.ca\/fr\/?s={search_term_string}\"},\"query-input\":\"required name=search_term_string\"}],\"inLanguage\":\"fr-FR\"},{\"@type\":\"Organization\",\"@id\":\"https:\/\/www.musee-mccord-stewart.ca\/fr\/#organization\",\"name\":\"McCord Stewart Museum\",\"alternateName\":\"MCS\",\"url\":\"https:\/\/www.musee-mccord-stewart.ca\/fr\/\",\"logo\":{\"@type\":\"ImageObject\",\"inLanguage\":\"fr-FR\",\"@id\":\"https:\/\/www.musee-mccord-stewart.ca\/fr\/#\/schema\/logo\/image\/\",\"url\":\"https:\/\/www.musee-mccord-stewart.ca\/app\/uploads\/2023\/05\/logo_museemccordstewart_horizontal_noir_slogan.svg\",\"contentUrl\":\"https:\/\/www.musee-mccord-stewart.ca\/app\/uploads\/2023\/05\/logo_museemccordstewart_horizontal_noir_slogan.svg\",\"width\":1,\"height\":1,\"caption\":\"McCord Stewart Museum\"},\"image\":{\"@id\":\"https:\/\/www.musee-mccord-stewart.ca\/fr\/#\/schema\/logo\/image\/\"},\"sameAs\":[\"https:\/\/www.facebook.com\/museemccordstewart\",\"https:\/\/twitter.com\/MuseeMcCordStew\",\"https:\/\/instagram.com\/museemccordstewart\",\"https:\/\/www.linkedin.com\/company\/museemccordstewart\/\",\"https:\/\/www.pinterest.com\/museemccordstewart\/\",\"https:\/\/www.youtube.com\/c\/MuseeMcCordStewartMuseum\"]}]}<\/script>\n<!-- \/ Yoast SEO Premium plugin. -->","yoast_head_json":{"title":"Illusions \u2013 L'art de la magie - Mus\u00e9e McCord","description":"La visite comment\u00e9e d\u00e9voile les m\u00e9canismes professionnels et promotionnels de ces ma\u00eetres du divertissement, qu'ont \u00e9t\u00e9 Kellar, Thurston, Houdini...","robots":{"index":"index","follow":"follow","max-snippet":"max-snippet:-1","max-image-preview":"max-image-preview:large","max-video-preview":"max-video-preview:-1"},"canonical":"https:\/\/www.musee-mccord-stewart.ca\/fr\/illusions-lart-de-la-magie-adulte\/","og_locale":"fr_FR","og_type":"article","og_title":"Illusions \u2013 L'art de la magie","og_description":"Dates : jusqu'au 7 janvier 2018 Dur\u00e9e : 90 minutes Nombre max. : 30 Tarif :\u00a0adultes 16 $, \u00e9tudiants 12,50 $, a\u00een\u00e9s 14,50 $ par personne Cette grande","og_url":"https:\/\/www.musee-mccord-stewart.ca\/fr\/illusions-lart-de-la-magie-adulte\/","og_site_name":"Mus\u00e9e McCord Stewart","article_publisher":"https:\/\/www.facebook.com\/museemccordstewart","article_modified_time":"2017-09-01T21:04:31+00:00","og_image":[{"width":1320,"height":480,"url":"https:\/\/www.musee-mccord-stewart.ca\/app\/uploads\/2022\/09\/mccord-stewart_facade-exterieur-henderson-2022_roger-aziz_1320x480.jpg","type":"image\/jpeg"}],"twitter_card":"summary_large_image","twitter_site":"@MuseeMcCordStew","twitter_misc":{"Dur\u00e9e de lecture estim\u00e9e":"2 minutes"},"schema":{"@context":"https:\/\/schema.org","@graph":[{"@type":"WebPage","@id":"https:\/\/www.musee-mccord-stewart.ca\/fr\/illusions-lart-de-la-magie-adulte\/","url":"https:\/\/www.musee-mccord-stewart.ca\/fr\/illusions-lart-de-la-magie-adulte\/","name":"Illusions \u2013 L'art de la magie - Mus\u00e9e McCord","isPartOf":{"@id":"https:\/\/www.musee-mccord-stewart.ca\/fr\/#website"},"datePublished":"2017-09-01T15:48:40+00:00","dateModified":"2017-09-01T21:04:31+00:00","description":"La visite comment\u00e9e d\u00e9voile les m\u00e9canismes professionnels et promotionnels de ces ma\u00eetres du divertissement, qu'ont \u00e9t\u00e9 Kellar, Thurston, Houdini...","breadcrumb":{"@id":"https:\/\/www.musee-mccord-stewart.ca\/fr\/illusions-lart-de-la-magie-adulte\/#breadcrumb"},"inLanguage":"fr-FR","potentialAction":[{"@type":"ReadAction","target":["https:\/\/www.musee-mccord-stewart.ca\/fr\/illusions-lart-de-la-magie-adulte\/"]}]},{"@type":"BreadcrumbList","@id":"https:\/\/www.musee-mccord-stewart.ca\/fr\/illusions-lart-de-la-magie-adulte\/#breadcrumb","itemListElement":[{"@type":"ListItem","position":1,"name":"Accueil","item":"https:\/\/www.musee-mccord-stewart.ca\/fr\/"},{"@type":"ListItem","position":2,"name":"Illusions \u2013 L&rsquo;art de la magie"}]},{"@type":"WebSite","@id":"https:\/\/www.musee-mccord-stewart.ca\/fr\/#website","url":"https:\/\/www.musee-mccord-stewart.ca\/fr\/","name":"Mus\u00e9e McCord Stewart","description":"Notre monde, nos histoires","publisher":{"@id":"https:\/\/www.musee-mccord-stewart.ca\/fr\/#organization"},"alternateName":"MCS","potentialAction":[{"@type":"SearchAction","target":{"@type":"EntryPoint","urlTemplate":"https:\/\/www.musee-mccord-stewart.ca\/fr\/?s={search_term_string}"},"query-input":"required name=search_term_string"}],"inLanguage":"fr-FR"},{"@type":"Organization","@id":"https:\/\/www.musee-mccord-stewart.ca\/fr\/#organization","name":"McCord Stewart Museum","alternateName":"MCS","url":"https:\/\/www.musee-mccord-stewart.ca\/fr\/","logo":{"@type":"ImageObject","inLanguage":"fr-FR","@id":"https:\/\/www.musee-mccord-stewart.ca\/fr\/#\/schema\/logo\/image\/","url":"https:\/\/www.musee-mccord-stewart.ca\/app\/uploads\/2023\/05\/logo_museemccordstewart_horizontal_noir_slogan.svg","contentUrl":"https:\/\/www.musee-mccord-stewart.ca\/app\/uploads\/2023\/05\/logo_museemccordstewart_horizontal_noir_slogan.svg","width":1,"height":1,"caption":"McCord Stewart Museum"},"image":{"@id":"https:\/\/www.musee-mccord-stewart.ca\/fr\/#\/schema\/logo\/image\/"},"sameAs":["https:\/\/www.facebook.com\/museemccordstewart","https:\/\/twitter.com\/MuseeMcCordStew","https:\/\/instagram.com\/museemccordstewart","https:\/\/www.linkedin.com\/company\/museemccordstewart\/","https:\/\/www.pinterest.com\/museemccordstewart\/","https:\/\/www.youtube.com\/c\/MuseeMcCordStewartMuseum"]}]}},"_links":{"self":[{"href":"https:\/\/www.musee-mccord-stewart.ca\/fr\/wp-json\/wp\/v2\/pages\/20730"}],"collection":[{"href":"https:\/\/www.musee-mccord-stewart.ca\/fr\/wp-json\/wp\/v2\/pages"}],"about":[{"href":"https:\/\/www.musee-mccord-stewart.ca\/fr\/wp-json\/wp\/v2\/types\/page"}],"author":[{"embeddable":true,"href":"https:\/\/www.musee-mccord-stewart.ca\/fr\/wp-json\/wp\/v2\/users\/17"}],"replies":[{"embeddable":true,"href":"https:\/\/www.musee-mccord-stewart.ca\/fr\/wp-json\/wp\/v2\/comments?post=20730"}],"version-history":[{"count":0,"href":"https:\/\/www.musee-mccord-stewart.ca\/fr\/wp-json\/wp\/v2\/pages\/20730\/revisions"}],"wp:attachment":[{"href":"https:\/\/www.musee-mccord-stewart.ca\/fr\/wp-json\/wp\/v2\/media?parent=20730"}],"wp:term":[{"taxonomy":"category","embeddable":true,"href":"https:\/\/www.musee-mccord-stewart.ca\/fr\/wp-json\/wp\/v2\/categories?post=20730"},{"taxonomy":"post_tag","embeddable":true,"href":"https:\/\/www.musee-mccord-stewart.ca\/fr\/wp-json\/wp\/v2\/tags?post=20730"}],"curies":[{"name":"wp","href":"https:\/\/api.w.org\/{rel}","templated":true}]}}