{"id":20201,"date":"2017-06-14T15:25:39","date_gmt":"2017-06-14T19:25:39","guid":{"rendered":"http:\/\/www.musee-mccord-stewart.ca\/?page_id=20201\/"},"modified":"2024-01-11T12:00:57","modified_gmt":"2024-01-11T17:00:57","slug":"age-dor-des-affiches-de-spectacles-de-magie","status":"publish","type":"page","link":"https:\/\/www.musee-mccord-stewart.ca\/fr\/collections\/art-documentaire\/age-dor-des-affiches-de-spectacles-de-magie\/","title":{"rendered":"L\u2019\u00e2ge d\u2019or des affiches de spectacles de magie"},"content":{"rendered":"<p>En 2015, le Mus\u00e9e McCord Stewart annonce l\u2019acquisition d\u2019une remarquable collection comportant des affiches sur le th\u00e8me de la magie ainsi qu\u2019un substantiel lot d\u2019archives documentant la carri\u00e8re du plus c\u00e9l\u00e8bre des magiciens des temps modernes, Harry Houdini (1874\u20131926).<\/p>\n<p>La collection Allan Slaight se d\u00e9marque, entre autres, par la splendeur et la singularit\u00e9 des affiches qu\u2019elle rassemble. Ces illustrations, \u00e0 mi-chemin entre l\u2019art et la publicit\u00e9, misent sur une imagerie fantasmagorique mettant en sc\u00e8ne des actes qui d\u00e9passent l\u2019entendement pour le commun des mortels. R\u00e9alis\u00e9es pour la plupart au cours de l\u2019\u00e2ge d\u2019or des spectacles de magie, soit des ann\u00e9es 1880 aux ann\u00e9es 1930, ces \u0153uvres ont marqu\u00e9 l\u2019imaginaire populaire tout en r\u00e9pondant \u00e0 des imp\u00e9ratifs de mise en march\u00e9.<\/p>\n<p><a title=\"\" href=\"http:\/\/collections.musee-mccord.qc.ca\/scripts\/search_results.php?Lang=2&amp;keywords=%22Houdini-Web1%22&amp;order=1&amp;curset=6\">Cliquez ici pour d\u00e9couvrir les affiches provenant de cette collection<\/a>.<\/p>\n<ul class=\"sliderTiny\">\n<li>\n<img decoding=\"async\" src=\"https:\/\/www.musee-mccord-stewart.ca\/app\/uploads\/2017\/06\/m2014-128-299_150916-p1_fr-599x800.jpg\" alt=\"Strobridge Lithographing Company, &lt;i&gt;Kellar&lt;\/i&gt;, 1899. Achat, gr\u00e2ce \u00e0 la g\u00e9n\u00e9rosit\u00e9 de La Fondation Emmanuelle Gattuso, M2014.128.299 \u00a9 Mus\u00e9e McCord\" title=\"Strobridge Lithographing Company, &lt;i&gt;Kellar&lt;\/i&gt;, 1899. Achat, gr\u00e2ce \u00e0 la g\u00e9n\u00e9rosit\u00e9 de La Fondation Emmanuelle Gattuso, M2014.128.299 \u00a9 Mus\u00e9e McCord\" \/>\n<\/li>\n<li>\n<img decoding=\"async\" src=\"https:\/\/www.musee-mccord-stewart.ca\/app\/uploads\/2017\/06\/m2014-128-555_150930-p1_fr-1200x785.jpg\" alt=\"The Otis Lithograph Company, &lt;i&gt;Thurston, ma\u00eetre de la magie \u2013 Tout sort du chapeau&lt;\/i&gt;, vers 1924. Achat, gr\u00e2ce \u00e0 la g\u00e9n\u00e9rosit\u00e9 de La Fondation Emmanuelle Gattuso, M2014.128.555 \u00a9 Mus\u00e9e McCord\" title=\"The Otis Lithograph Company, &lt;i&gt;Thurston, ma\u00eetre de la magie \u2013 Tout sort du chapeau&lt;\/i&gt;, vers 1924. Achat, gr\u00e2ce \u00e0 la g\u00e9n\u00e9rosit\u00e9 de La Fondation Emmanuelle Gattuso, M2014.128.555 \u00a9 Mus\u00e9e McCord\" \/>\n<\/li>\n<li>\n<img decoding=\"async\" src=\"https:\/\/www.musee-mccord-stewart.ca\/app\/uploads\/2017\/06\/m2014-128-421_150930-p1_fr-603x800.jpg\" alt=\"Strobridge Lithographing Company, &lt;i&gt;Thurston le grand magician \u2013 Les esprits reviennent-ils?&lt;\/i&gt;, 1915. Achat, gr\u00e2ce \u00e0 la g\u00e9n\u00e9rosit\u00e9 de La Fondation Emmanuelle Gattuso, M2014.128.421 \u00a9 Mus\u00e9e McCord\" title=\"Strobridge Lithographing Company, &lt;i&gt;Thurston le grand magician \u2013 Les esprits reviennent-ils?&lt;\/i&gt;, 1915. Achat, gr\u00e2ce \u00e0 la g\u00e9n\u00e9rosit\u00e9 de La Fondation Emmanuelle Gattuso, M2014.128.421 \u00a9 Mus\u00e9e McCord\" \/>\n<\/li>\n<li>\n<img decoding=\"async\" src=\"https:\/\/www.musee-mccord-stewart.ca\/app\/uploads\/2017\/06\/m2014-128-284_150814-p1_fr-1200x786.jpg\" alt=\"Strobridge Lithographing Company, &lt;i&gt;Kella&lt;\/i&gt;r, 1902. Achat, gr\u00e2ce \u00e0 la g\u00e9n\u00e9rosit\u00e9 de La Fondation Emmanuelle Gattuso, M2014.128.284 \u00a9 Mus\u00e9e McCord\" title=\"Strobridge Lithographing Company, &lt;i&gt;Kella&lt;\/i&gt;r, 1902. Achat, gr\u00e2ce \u00e0 la g\u00e9n\u00e9rosit\u00e9 de La Fondation Emmanuelle Gattuso, M2014.128.284 \u00a9 Mus\u00e9e McCord\" \/>\n<\/li>\n<li>\n<img decoding=\"async\" src=\"https:\/\/www.musee-mccord-stewart.ca\/app\/uploads\/2017\/06\/m2014-128-262_151028-p1_fr-545x800.jpg\" alt=\"Adolph Friedl\u00e4nder , &lt;i&gt;Kassner, der gro\u03b2e Zauberer&lt;\/i&gt;, 1929. Achat, gr\u00e2ce \u00e0 la g\u00e9n\u00e9rosit\u00e9 de La Fondation Emmanuelle Gattuso, M2014.128.262 \u00a9 Mus\u00e9e McCord\" title=\"Adolph Friedl\u00e4nder , &lt;i&gt;Kassner, der gro\u03b2e Zauberer&lt;\/i&gt;, 1929. Achat, gr\u00e2ce \u00e0 la g\u00e9n\u00e9rosit\u00e9 de La Fondation Emmanuelle Gattuso, M2014.128.262 \u00a9 Mus\u00e9e McCord\" \/>\n<\/li>\n<li>\n<img decoding=\"async\" src=\"https:\/\/www.musee-mccord-stewart.ca\/app\/uploads\/2017\/06\/m2014-128-229_150902-p1_fr-528x800.jpg\" alt=\"The Dangerfield Printing Company Limited, &lt;i&gt;Houdini \u00e0 l\u2019envers dans la cage vitr\u00e9e remplie d\u2019eau&lt;\/i&gt;, vers 1915. Achat, gr\u00e2ce \u00e0 la g\u00e9n\u00e9rosit\u00e9 de La Fondation Emmanuelle Gattuso, M2014.128.229 \u00a9 Mus\u00e9e McCord\" title=\"The Dangerfield Printing Company Limited, &lt;i&gt;Houdini \u00e0 l\u2019envers dans la cage vitr\u00e9e remplie d\u2019eau&lt;\/i&gt;, vers 1915. Achat, gr\u00e2ce \u00e0 la g\u00e9n\u00e9rosit\u00e9 de La Fondation Emmanuelle Gattuso, M2014.128.229 \u00a9 Mus\u00e9e McCord\" \/>\n<\/li>\n<li>\n<img decoding=\"async\" src=\"https:\/\/www.musee-mccord-stewart.ca\/app\/uploads\/2017\/06\/m2014-128-221_150127-p1_fr-593x800.jpg\" alt=\"The Otis Lithograph Company, &lt;i&gt;Le ma\u00eetre mystificateur Houdini, le plus grand n\u00e9cromancien de son \u00e9poque, et peut-\u00eatre de tous les temps&lt;\/i&gt;, 1926. Achat, gr\u00e2ce \u00e0 la g\u00e9n\u00e9rosit\u00e9 de La Fondation Emmanuelle Gattuso, M2014.128.221 \u00a9 Mus\u00e9e McCord\" title=\"The Otis Lithograph Company, &lt;i&gt;Le ma\u00eetre mystificateur Houdini, le plus grand n\u00e9cromancien de son \u00e9poque, et peut-\u00eatre de tous les temps&lt;\/i&gt;, 1926. Achat, gr\u00e2ce \u00e0 la g\u00e9n\u00e9rosit\u00e9 de La Fondation Emmanuelle Gattuso, M2014.128.221 \u00a9 Mus\u00e9e McCord\" \/>\n<\/li>\n<li>\n<img decoding=\"async\" src=\"https:\/\/www.musee-mccord-stewart.ca\/app\/uploads\/2017\/06\/m2014-128-208_150209-p1_fr-594x800.jpg\" alt=\"Strobridge Lithographing Company,  &lt;i&gt;Ad\u00e9la\u00efde Herrmann&lt;\/i&gt;, reine de la magie, 1903. Achat, gr\u00e2ce \u00e0 la g\u00e9n\u00e9rosit\u00e9 de La Fondation Emmanuelle Gattuso, M2014.128.208 \u00a9 Mus\u00e9e McCord\" title=\"Strobridge Lithographing Company,  &lt;i&gt;Ad\u00e9la\u00efde Herrmann&lt;\/i&gt;, reine de la magie, 1903. Achat, gr\u00e2ce \u00e0 la g\u00e9n\u00e9rosit\u00e9 de La Fondation Emmanuelle Gattuso, M2014.128.208 \u00a9 Mus\u00e9e McCord\" \/>\n<\/li>\n<li>\n<img decoding=\"async\" src=\"https:\/\/www.musee-mccord-stewart.ca\/app\/uploads\/2017\/06\/m2014-128-111_150921-p1_fr-559x800.jpg\" alt=\"J. Ols\u00e9ns Litografiska Anstalt, &lt;i&gt;Illusions de Dant\u00e9&lt;\/i&gt;, 1931. Achat, gr\u00e2ce \u00e0 la g\u00e9n\u00e9rosit\u00e9 de La Fondation Emmanuelle Gattuso, M2014.128.111 \u00a9 Mus\u00e9e McCord\" title=\"J. Ols\u00e9ns Litografiska Anstalt, &lt;i&gt;Illusions de Dant\u00e9&lt;\/i&gt;, 1931. Achat, gr\u00e2ce \u00e0 la g\u00e9n\u00e9rosit\u00e9 de La Fondation Emmanuelle Gattuso, M2014.128.111 \u00a9 Mus\u00e9e McCord\" \/>\n<\/li>\n<li>\n<img decoding=\"async\" src=\"https:\/\/www.musee-mccord-stewart.ca\/app\/uploads\/2017\/06\/m2014-128-86_151028-p1_fr-588x800.jpg\" alt=\"Illinois Litho Company, &lt;i&gt;Carter le myst\u00e9rieux&lt;\/i&gt;, 1905. Achat, gr\u00e2ce \u00e0 la g\u00e9n\u00e9rosit\u00e9 de La Fondation Emmanuelle Gattuso, M2014.128.86 \u00a9 Mus\u00e9e McCord \" title=\"Illinois Litho Company, &lt;i&gt;Carter le myst\u00e9rieux&lt;\/i&gt;, 1905. Achat, gr\u00e2ce \u00e0 la g\u00e9n\u00e9rosit\u00e9 de La Fondation Emmanuelle Gattuso, M2014.128.86 \u00a9 Mus\u00e9e McCord \" \/>\n<\/li>\n<li>\n<img decoding=\"async\" src=\"https:\/\/www.musee-mccord-stewart.ca\/app\/uploads\/2017\/06\/m2014-128-3_151028-p1_fr-396x800.jpg\" alt=\"Av Yaga, &lt;i&gt;Alexander, l\u2019homme qui sait&lt;\/i&gt;, 1915. Achat, gr\u00e2ce \u00e0 la g\u00e9n\u00e9rosit\u00e9 de La Fondation Emmanuelle Gattuso, M2014.128.3 \u00a9 Mus\u00e9e McCord\" title=\"Av Yaga, &lt;i&gt;Alexander, l\u2019homme qui sait&lt;\/i&gt;, 1915. Achat, gr\u00e2ce \u00e0 la g\u00e9n\u00e9rosit\u00e9 de La Fondation Emmanuelle Gattuso, M2014.128.3 \u00a9 Mus\u00e9e McCord\" \/>\n<\/li>\n<\/ul>\n\n","protected":false},"excerpt":{"rendered":"<p>En 2015, le Mus\u00e9e McCord Stewart annonce l\u2019acquisition d\u2019une remarquable collection comportant des affiches sur le th\u00e8me de la magie ainsi qu\u2019un substantiel lot d\u2019archives documentant la carri\u00e8re du plus c\u00e9l\u00e8bre des magiciens des temps modernes, Harry Houdini (1874\u20131926). La collection Allan Slaight se d\u00e9marque, entre autres, par la splendeur et la singularit\u00e9 des affiches [&hellip;]<\/p>\n","protected":false},"author":3,"featured_media":0,"parent":1804,"menu_order":0,"comment_status":"closed","ping_status":"closed","template":"page-templates\/page-texte.php","meta":{"footnotes":""},"categories":[],"tags":[],"acf":[],"yoast_head":"<!-- This site is optimized with the Yoast SEO Premium plugin v20.11 (Yoast SEO v20.11) - https:\/\/yoast.com\/wordpress\/plugins\/seo\/ -->\n<title>L\u2019\u00e2ge d\u2019or des affiches de spectacles de magie - Mus\u00e9e McCord Stewart<\/title>\n<meta name=\"description\" content=\"En 2015, le Mus\u00e9e McCord Stewart annonce l\u2019acquisition d\u2019une remarquable collection comportant des affiches sur le th\u00e8me de la magie ainsi qu\u2019un\" \/>\n<meta name=\"robots\" content=\"index, follow, max-snippet:-1, max-image-preview:large, max-video-preview:-1\" \/>\n<link rel=\"canonical\" href=\"https:\/\/www.musee-mccord-stewart.ca\/fr\/collections\/art-documentaire\/age-dor-des-affiches-de-spectacles-de-magie\/\" \/>\n<meta property=\"og:locale\" content=\"fr_FR\" \/>\n<meta property=\"og:type\" content=\"article\" \/>\n<meta property=\"og:title\" content=\"L\u2019\u00e2ge d\u2019or des affiches de spectacles de magie\" \/>\n<meta property=\"og:description\" content=\"En 2015, le Mus\u00e9e McCord Stewart annonce l\u2019acquisition d\u2019une remarquable collection comportant des affiches sur le th\u00e8me de la magie ainsi qu\u2019un\" \/>\n<meta property=\"og:url\" content=\"https:\/\/www.musee-mccord-stewart.ca\/fr\/collections\/art-documentaire\/age-dor-des-affiches-de-spectacles-de-magie\/\" \/>\n<meta property=\"og:site_name\" content=\"Mus\u00e9e McCord Stewart\" \/>\n<meta property=\"article:publisher\" content=\"https:\/\/www.facebook.com\/museemccordstewart\" \/>\n<meta property=\"article:modified_time\" content=\"2024-01-11T17:00:57+00:00\" \/>\n<meta property=\"og:image\" content=\"https:\/\/www.musee-mccord-stewart.ca\/app\/uploads\/2017\/06\/m2014-128-299_150916-p1_fr-599x800.jpg\" \/>\n<meta name=\"twitter:card\" content=\"summary_large_image\" \/>\n<meta name=\"twitter:site\" content=\"@MuseeMcCordStew\" \/>\n<meta name=\"twitter:label1\" content=\"Dur\u00e9e de lecture estim\u00e9e\" \/>\n\t<meta name=\"twitter:data1\" content=\"1 minute\" \/>\n<script type=\"application\/ld+json\" class=\"yoast-schema-graph\">{\"@context\":\"https:\/\/schema.org\",\"@graph\":[{\"@type\":\"WebPage\",\"@id\":\"https:\/\/www.musee-mccord-stewart.ca\/fr\/collections\/art-documentaire\/age-dor-des-affiches-de-spectacles-de-magie\/\",\"url\":\"https:\/\/www.musee-mccord-stewart.ca\/fr\/collections\/art-documentaire\/age-dor-des-affiches-de-spectacles-de-magie\/\",\"name\":\"L\u2019\u00e2ge d\u2019or des affiches de spectacles de magie - Mus\u00e9e McCord Stewart\",\"isPartOf\":{\"@id\":\"https:\/\/www.musee-mccord-stewart.ca\/fr\/#website\"},\"datePublished\":\"2017-06-14T19:25:39+00:00\",\"dateModified\":\"2024-01-11T17:00:57+00:00\",\"description\":\"En 2015, le Mus\u00e9e McCord Stewart annonce l\u2019acquisition d\u2019une remarquable collection comportant des affiches sur le th\u00e8me de la magie ainsi qu\u2019un\",\"breadcrumb\":{\"@id\":\"https:\/\/www.musee-mccord-stewart.ca\/fr\/collections\/art-documentaire\/age-dor-des-affiches-de-spectacles-de-magie\/#breadcrumb\"},\"inLanguage\":\"fr-FR\",\"potentialAction\":[{\"@type\":\"ReadAction\",\"target\":[\"https:\/\/www.musee-mccord-stewart.ca\/fr\/collections\/art-documentaire\/age-dor-des-affiches-de-spectacles-de-magie\/\"]}]},{\"@type\":\"BreadcrumbList\",\"@id\":\"https:\/\/www.musee-mccord-stewart.ca\/fr\/collections\/art-documentaire\/age-dor-des-affiches-de-spectacles-de-magie\/#breadcrumb\",\"itemListElement\":[{\"@type\":\"ListItem\",\"position\":1,\"name\":\"Accueil\",\"item\":\"https:\/\/www.musee-mccord-stewart.ca\/fr\/\"},{\"@type\":\"ListItem\",\"position\":2,\"name\":\"Collections\",\"item\":\"https:\/\/www.musee-mccord-stewart.ca\/fr\/collections\/\"},{\"@type\":\"ListItem\",\"position\":3,\"name\":\"Art documentaire\",\"item\":\"https:\/\/www.musee-mccord-stewart.ca\/fr\/collections\/art-documentaire\/\"},{\"@type\":\"ListItem\",\"position\":4,\"name\":\"L\u2019\u00e2ge d\u2019or des affiches de spectacles de magie\"}]},{\"@type\":\"WebSite\",\"@id\":\"https:\/\/www.musee-mccord-stewart.ca\/fr\/#website\",\"url\":\"https:\/\/www.musee-mccord-stewart.ca\/fr\/\",\"name\":\"Mus\u00e9e McCord Stewart\",\"description\":\"Notre monde, nos histoires\",\"publisher\":{\"@id\":\"https:\/\/www.musee-mccord-stewart.ca\/fr\/#organization\"},\"alternateName\":\"MCS\",\"potentialAction\":[{\"@type\":\"SearchAction\",\"target\":{\"@type\":\"EntryPoint\",\"urlTemplate\":\"https:\/\/www.musee-mccord-stewart.ca\/fr\/?s={search_term_string}\"},\"query-input\":\"required name=search_term_string\"}],\"inLanguage\":\"fr-FR\"},{\"@type\":\"Organization\",\"@id\":\"https:\/\/www.musee-mccord-stewart.ca\/fr\/#organization\",\"name\":\"McCord Stewart Museum\",\"alternateName\":\"MCS\",\"url\":\"https:\/\/www.musee-mccord-stewart.ca\/fr\/\",\"logo\":{\"@type\":\"ImageObject\",\"inLanguage\":\"fr-FR\",\"@id\":\"https:\/\/www.musee-mccord-stewart.ca\/fr\/#\/schema\/logo\/image\/\",\"url\":\"https:\/\/www.musee-mccord-stewart.ca\/app\/uploads\/2023\/05\/logo_museemccordstewart_horizontal_noir_slogan.svg\",\"contentUrl\":\"https:\/\/www.musee-mccord-stewart.ca\/app\/uploads\/2023\/05\/logo_museemccordstewart_horizontal_noir_slogan.svg\",\"width\":1,\"height\":1,\"caption\":\"McCord Stewart Museum\"},\"image\":{\"@id\":\"https:\/\/www.musee-mccord-stewart.ca\/fr\/#\/schema\/logo\/image\/\"},\"sameAs\":[\"https:\/\/www.facebook.com\/museemccordstewart\",\"https:\/\/twitter.com\/MuseeMcCordStew\",\"https:\/\/instagram.com\/museemccordstewart\",\"https:\/\/www.linkedin.com\/company\/museemccordstewart\/\",\"https:\/\/www.pinterest.com\/museemccordstewart\/\",\"https:\/\/www.youtube.com\/c\/MuseeMcCordStewartMuseum\"]}]}<\/script>\n<!-- \/ Yoast SEO Premium plugin. -->","yoast_head_json":{"title":"L\u2019\u00e2ge d\u2019or des affiches de spectacles de magie - Mus\u00e9e McCord Stewart","description":"En 2015, le Mus\u00e9e McCord Stewart annonce l\u2019acquisition d\u2019une remarquable collection comportant des affiches sur le th\u00e8me de la magie ainsi qu\u2019un","robots":{"index":"index","follow":"follow","max-snippet":"max-snippet:-1","max-image-preview":"max-image-preview:large","max-video-preview":"max-video-preview:-1"},"canonical":"https:\/\/www.musee-mccord-stewart.ca\/fr\/collections\/art-documentaire\/age-dor-des-affiches-de-spectacles-de-magie\/","og_locale":"fr_FR","og_type":"article","og_title":"L\u2019\u00e2ge d\u2019or des affiches de spectacles de magie","og_description":"En 2015, le Mus\u00e9e McCord Stewart annonce l\u2019acquisition d\u2019une remarquable collection comportant des affiches sur le th\u00e8me de la magie ainsi qu\u2019un","og_url":"https:\/\/www.musee-mccord-stewart.ca\/fr\/collections\/art-documentaire\/age-dor-des-affiches-de-spectacles-de-magie\/","og_site_name":"Mus\u00e9e McCord Stewart","article_publisher":"https:\/\/www.facebook.com\/museemccordstewart","article_modified_time":"2024-01-11T17:00:57+00:00","og_image":[{"url":"https:\/\/www.musee-mccord-stewart.ca\/app\/uploads\/2017\/06\/m2014-128-299_150916-p1_fr-599x800.jpg"}],"twitter_card":"summary_large_image","twitter_site":"@MuseeMcCordStew","twitter_misc":{"Dur\u00e9e de lecture estim\u00e9e":"1 minute"},"schema":{"@context":"https:\/\/schema.org","@graph":[{"@type":"WebPage","@id":"https:\/\/www.musee-mccord-stewart.ca\/fr\/collections\/art-documentaire\/age-dor-des-affiches-de-spectacles-de-magie\/","url":"https:\/\/www.musee-mccord-stewart.ca\/fr\/collections\/art-documentaire\/age-dor-des-affiches-de-spectacles-de-magie\/","name":"L\u2019\u00e2ge d\u2019or des affiches de spectacles de magie - Mus\u00e9e McCord Stewart","isPartOf":{"@id":"https:\/\/www.musee-mccord-stewart.ca\/fr\/#website"},"datePublished":"2017-06-14T19:25:39+00:00","dateModified":"2024-01-11T17:00:57+00:00","description":"En 2015, le Mus\u00e9e McCord Stewart annonce l\u2019acquisition d\u2019une remarquable collection comportant des affiches sur le th\u00e8me de la magie ainsi qu\u2019un","breadcrumb":{"@id":"https:\/\/www.musee-mccord-stewart.ca\/fr\/collections\/art-documentaire\/age-dor-des-affiches-de-spectacles-de-magie\/#breadcrumb"},"inLanguage":"fr-FR","potentialAction":[{"@type":"ReadAction","target":["https:\/\/www.musee-mccord-stewart.ca\/fr\/collections\/art-documentaire\/age-dor-des-affiches-de-spectacles-de-magie\/"]}]},{"@type":"BreadcrumbList","@id":"https:\/\/www.musee-mccord-stewart.ca\/fr\/collections\/art-documentaire\/age-dor-des-affiches-de-spectacles-de-magie\/#breadcrumb","itemListElement":[{"@type":"ListItem","position":1,"name":"Accueil","item":"https:\/\/www.musee-mccord-stewart.ca\/fr\/"},{"@type":"ListItem","position":2,"name":"Collections","item":"https:\/\/www.musee-mccord-stewart.ca\/fr\/collections\/"},{"@type":"ListItem","position":3,"name":"Art documentaire","item":"https:\/\/www.musee-mccord-stewart.ca\/fr\/collections\/art-documentaire\/"},{"@type":"ListItem","position":4,"name":"L\u2019\u00e2ge d\u2019or des affiches de spectacles de magie"}]},{"@type":"WebSite","@id":"https:\/\/www.musee-mccord-stewart.ca\/fr\/#website","url":"https:\/\/www.musee-mccord-stewart.ca\/fr\/","name":"Mus\u00e9e McCord Stewart","description":"Notre monde, nos histoires","publisher":{"@id":"https:\/\/www.musee-mccord-stewart.ca\/fr\/#organization"},"alternateName":"MCS","potentialAction":[{"@type":"SearchAction","target":{"@type":"EntryPoint","urlTemplate":"https:\/\/www.musee-mccord-stewart.ca\/fr\/?s={search_term_string}"},"query-input":"required name=search_term_string"}],"inLanguage":"fr-FR"},{"@type":"Organization","@id":"https:\/\/www.musee-mccord-stewart.ca\/fr\/#organization","name":"McCord Stewart Museum","alternateName":"MCS","url":"https:\/\/www.musee-mccord-stewart.ca\/fr\/","logo":{"@type":"ImageObject","inLanguage":"fr-FR","@id":"https:\/\/www.musee-mccord-stewart.ca\/fr\/#\/schema\/logo\/image\/","url":"https:\/\/www.musee-mccord-stewart.ca\/app\/uploads\/2023\/05\/logo_museemccordstewart_horizontal_noir_slogan.svg","contentUrl":"https:\/\/www.musee-mccord-stewart.ca\/app\/uploads\/2023\/05\/logo_museemccordstewart_horizontal_noir_slogan.svg","width":1,"height":1,"caption":"McCord Stewart Museum"},"image":{"@id":"https:\/\/www.musee-mccord-stewart.ca\/fr\/#\/schema\/logo\/image\/"},"sameAs":["https:\/\/www.facebook.com\/museemccordstewart","https:\/\/twitter.com\/MuseeMcCordStew","https:\/\/instagram.com\/museemccordstewart","https:\/\/www.linkedin.com\/company\/museemccordstewart\/","https:\/\/www.pinterest.com\/museemccordstewart\/","https:\/\/www.youtube.com\/c\/MuseeMcCordStewartMuseum"]}]}},"_links":{"self":[{"href":"https:\/\/www.musee-mccord-stewart.ca\/fr\/wp-json\/wp\/v2\/pages\/20201"}],"collection":[{"href":"https:\/\/www.musee-mccord-stewart.ca\/fr\/wp-json\/wp\/v2\/pages"}],"about":[{"href":"https:\/\/www.musee-mccord-stewart.ca\/fr\/wp-json\/wp\/v2\/types\/page"}],"author":[{"embeddable":true,"href":"https:\/\/www.musee-mccord-stewart.ca\/fr\/wp-json\/wp\/v2\/users\/3"}],"replies":[{"embeddable":true,"href":"https:\/\/www.musee-mccord-stewart.ca\/fr\/wp-json\/wp\/v2\/comments?post=20201"}],"version-history":[{"count":0,"href":"https:\/\/www.musee-mccord-stewart.ca\/fr\/wp-json\/wp\/v2\/pages\/20201\/revisions"}],"up":[{"embeddable":true,"href":"https:\/\/www.musee-mccord-stewart.ca\/fr\/wp-json\/wp\/v2\/pages\/1804"}],"wp:attachment":[{"href":"https:\/\/www.musee-mccord-stewart.ca\/fr\/wp-json\/wp\/v2\/media?parent=20201"}],"wp:term":[{"taxonomy":"category","embeddable":true,"href":"https:\/\/www.musee-mccord-stewart.ca\/fr\/wp-json\/wp\/v2\/categories?post=20201"},{"taxonomy":"post_tag","embeddable":true,"href":"https:\/\/www.musee-mccord-stewart.ca\/fr\/wp-json\/wp\/v2\/tags?post=20201"}],"curies":[{"name":"wp","href":"https:\/\/api.w.org\/{rel}","templated":true}]}}