{"id":20061,"date":"2017-06-06T11:15:00","date_gmt":"2017-06-06T15:15:00","guid":{"rendered":"http:\/\/www.musee-mccord-stewart.ca\/?page_id=20061\/"},"modified":"2017-08-10T11:12:35","modified_gmt":"2017-08-10T15:12:35","slug":"balade-pour-la-paix","status":"publish","type":"page","link":"https:\/\/www.musee-mccord-stewart.ca\/fr\/balade-pour-la-paix\/","title":{"rendered":"La Balade pour la Paix, un Mus\u00e9e \u00e0 ciel ouvert"},"content":{"rendered":"<p>Un projet du 375e anniversaire de Montr\u00e9al, du 50e anniversaire d\u2019Expo 67 et du 150e anniversaire du Canada, <strong><em>La<\/em> <em>Balade pour\u00a0la Paix, un\u00a0Mus\u00e9e \u00e0 ciel ouvert<\/em><\/strong>, a \u00e9t\u00e9 con\u00e7ue et organis\u00e9e par le Mus\u00e9e des beaux-arts de Montr\u00e9al en collaboration avec le Mus\u00e9e McCord et avec le soutien des universit\u00e9s Concordia et McGill.<\/p>\n<p>Il s\u2019agit d\u2019une <strong>grande exposition d\u2019art public<\/strong> install\u00e9e le long d\u2019un kilom\u00e8tre sur la rue Sherbrooke, qui met \u00e0 l\u2019honneur <strong>67 \u0153uvres v\u00e9hiculant un message de paix<\/strong>, \u00e0 l\u2019image des valeurs universelles d\u2019humanisme, de tol\u00e9rance et d\u2019ouverture qui ont inspir\u00e9 la r\u00e9alisation d\u2019Expo 67. Du 5 juin au 29 octobre 2017, d\u00e9couvrez des <strong>sculptures, photographies et installations<\/strong>\u00a0r\u00e9alis\u00e9es par des artistes canadiens et \u00e9trangers de renomm\u00e9e internationale.<\/p>\n","protected":false},"excerpt":{"rendered":"<p>Un projet du 375e anniversaire de Montr\u00e9al, du 50e anniversaire d\u2019Expo 67 et du 150e anniversaire du Canada, La Balade pour\u00a0la Paix, un\u00a0Mus\u00e9e \u00e0 ciel ouvert, a \u00e9t\u00e9 con\u00e7ue et organis\u00e9e par le Mus\u00e9e des beaux-arts de Montr\u00e9al en collaboration avec le Mus\u00e9e McCord et avec le soutien des universit\u00e9s Concordia et McGill. Il s\u2019agit [&hellip;]<\/p>\n","protected":false},"author":17,"featured_media":0,"parent":0,"menu_order":0,"comment_status":"closed","ping_status":"closed","template":"page-templates\/page-texte.php","meta":{"footnotes":""},"categories":[],"tags":[],"acf":[],"yoast_head":"<!-- This site is optimized with the Yoast SEO Premium plugin v20.11 (Yoast SEO v20.11) - https:\/\/yoast.com\/wordpress\/plugins\/seo\/ -->\n<title>La Balade pour la Paix, un Mus\u00e9e \u00e0 ciel ouvert - Mus\u00e9e McCord<\/title>\n<meta name=\"description\" content=\"Cette exposition d\u2019art public sur la rue Sherbrooke met \u00e0 l\u2019honneur 67 \u0153uvres v\u00e9hiculant un message de paix, \u00e0 l\u2019image des valeurs qui ont inspir\u00e9 Expo 67.\" \/>\n<meta name=\"robots\" content=\"index, follow, max-snippet:-1, max-image-preview:large, max-video-preview:-1\" \/>\n<link rel=\"canonical\" href=\"https:\/\/www.musee-mccord-stewart.ca\/fr\/balade-pour-la-paix\/\" \/>\n<meta property=\"og:locale\" content=\"fr_FR\" \/>\n<meta property=\"og:type\" content=\"article\" \/>\n<meta property=\"og:title\" content=\"La Balade pour la Paix, un Mus\u00e9e \u00e0 ciel ouvert\" \/>\n<meta property=\"og:description\" content=\"Un projet du 375e anniversaire de Montr\u00e9al, du 50e anniversaire d\u2019Expo 67 et du 150e anniversaire du Canada, La Balade pour\u00a0la Paix, un\u00a0Mus\u00e9e \u00e0 ciel\" \/>\n<meta property=\"og:url\" content=\"https:\/\/www.musee-mccord-stewart.ca\/fr\/balade-pour-la-paix\/\" \/>\n<meta property=\"og:site_name\" content=\"Mus\u00e9e McCord Stewart\" \/>\n<meta property=\"article:publisher\" content=\"https:\/\/www.facebook.com\/museemccordstewart\" \/>\n<meta property=\"article:modified_time\" content=\"2017-08-10T15:12:35+00:00\" \/>\n<meta property=\"og:image\" content=\"https:\/\/www.musee-mccord-stewart.ca\/app\/uploads\/2022\/09\/mccord-stewart_facade-exterieur-henderson-2022_roger-aziz_1320x480.jpg\" \/>\n\t<meta property=\"og:image:width\" content=\"1320\" \/>\n\t<meta property=\"og:image:height\" content=\"480\" \/>\n\t<meta property=\"og:image:type\" content=\"image\/jpeg\" \/>\n<meta name=\"twitter:card\" content=\"summary_large_image\" \/>\n<meta name=\"twitter:site\" content=\"@MuseeMcCordStew\" \/>\n<meta name=\"twitter:label1\" content=\"Dur\u00e9e de lecture estim\u00e9e\" \/>\n\t<meta name=\"twitter:data1\" content=\"1 minute\" \/>\n<script type=\"application\/ld+json\" class=\"yoast-schema-graph\">{\"@context\":\"https:\/\/schema.org\",\"@graph\":[{\"@type\":\"WebPage\",\"@id\":\"https:\/\/www.musee-mccord-stewart.ca\/fr\/balade-pour-la-paix\/\",\"url\":\"https:\/\/www.musee-mccord-stewart.ca\/fr\/balade-pour-la-paix\/\",\"name\":\"La Balade pour la Paix, un Mus\u00e9e \u00e0 ciel ouvert - Mus\u00e9e McCord\",\"isPartOf\":{\"@id\":\"https:\/\/www.musee-mccord-stewart.ca\/fr\/#website\"},\"datePublished\":\"2017-06-06T15:15:00+00:00\",\"dateModified\":\"2017-08-10T15:12:35+00:00\",\"description\":\"Cette exposition d\u2019art public sur la rue Sherbrooke met \u00e0 l\u2019honneur 67 \u0153uvres v\u00e9hiculant un message de paix, \u00e0 l\u2019image des valeurs qui ont inspir\u00e9 Expo 67.\",\"breadcrumb\":{\"@id\":\"https:\/\/www.musee-mccord-stewart.ca\/fr\/balade-pour-la-paix\/#breadcrumb\"},\"inLanguage\":\"fr-FR\",\"potentialAction\":[{\"@type\":\"ReadAction\",\"target\":[\"https:\/\/www.musee-mccord-stewart.ca\/fr\/balade-pour-la-paix\/\"]}]},{\"@type\":\"BreadcrumbList\",\"@id\":\"https:\/\/www.musee-mccord-stewart.ca\/fr\/balade-pour-la-paix\/#breadcrumb\",\"itemListElement\":[{\"@type\":\"ListItem\",\"position\":1,\"name\":\"Accueil\",\"item\":\"https:\/\/www.musee-mccord-stewart.ca\/fr\/\"},{\"@type\":\"ListItem\",\"position\":2,\"name\":\"La Balade pour la Paix, un Mus\u00e9e \u00e0 ciel ouvert\"}]},{\"@type\":\"WebSite\",\"@id\":\"https:\/\/www.musee-mccord-stewart.ca\/fr\/#website\",\"url\":\"https:\/\/www.musee-mccord-stewart.ca\/fr\/\",\"name\":\"Mus\u00e9e McCord Stewart\",\"description\":\"Notre monde, nos histoires\",\"publisher\":{\"@id\":\"https:\/\/www.musee-mccord-stewart.ca\/fr\/#organization\"},\"alternateName\":\"MCS\",\"potentialAction\":[{\"@type\":\"SearchAction\",\"target\":{\"@type\":\"EntryPoint\",\"urlTemplate\":\"https:\/\/www.musee-mccord-stewart.ca\/fr\/?s={search_term_string}\"},\"query-input\":\"required name=search_term_string\"}],\"inLanguage\":\"fr-FR\"},{\"@type\":\"Organization\",\"@id\":\"https:\/\/www.musee-mccord-stewart.ca\/fr\/#organization\",\"name\":\"McCord Stewart Museum\",\"alternateName\":\"MCS\",\"url\":\"https:\/\/www.musee-mccord-stewart.ca\/fr\/\",\"logo\":{\"@type\":\"ImageObject\",\"inLanguage\":\"fr-FR\",\"@id\":\"https:\/\/www.musee-mccord-stewart.ca\/fr\/#\/schema\/logo\/image\/\",\"url\":\"https:\/\/www.musee-mccord-stewart.ca\/app\/uploads\/2023\/05\/logo_museemccordstewart_horizontal_noir_slogan.svg\",\"contentUrl\":\"https:\/\/www.musee-mccord-stewart.ca\/app\/uploads\/2023\/05\/logo_museemccordstewart_horizontal_noir_slogan.svg\",\"width\":1,\"height\":1,\"caption\":\"McCord Stewart Museum\"},\"image\":{\"@id\":\"https:\/\/www.musee-mccord-stewart.ca\/fr\/#\/schema\/logo\/image\/\"},\"sameAs\":[\"https:\/\/www.facebook.com\/museemccordstewart\",\"https:\/\/twitter.com\/MuseeMcCordStew\",\"https:\/\/instagram.com\/museemccordstewart\",\"https:\/\/www.linkedin.com\/company\/museemccordstewart\/\",\"https:\/\/www.pinterest.com\/museemccordstewart\/\",\"https:\/\/www.youtube.com\/c\/MuseeMcCordStewartMuseum\"]}]}<\/script>\n<!-- \/ Yoast SEO Premium plugin. -->","yoast_head_json":{"title":"La Balade pour la Paix, un Mus\u00e9e \u00e0 ciel ouvert - Mus\u00e9e McCord","description":"Cette exposition d\u2019art public sur la rue Sherbrooke met \u00e0 l\u2019honneur 67 \u0153uvres v\u00e9hiculant un message de paix, \u00e0 l\u2019image des valeurs qui ont inspir\u00e9 Expo 67.","robots":{"index":"index","follow":"follow","max-snippet":"max-snippet:-1","max-image-preview":"max-image-preview:large","max-video-preview":"max-video-preview:-1"},"canonical":"https:\/\/www.musee-mccord-stewart.ca\/fr\/balade-pour-la-paix\/","og_locale":"fr_FR","og_type":"article","og_title":"La Balade pour la Paix, un Mus\u00e9e \u00e0 ciel ouvert","og_description":"Un projet du 375e anniversaire de Montr\u00e9al, du 50e anniversaire d\u2019Expo 67 et du 150e anniversaire du Canada, La Balade pour\u00a0la Paix, un\u00a0Mus\u00e9e \u00e0 ciel","og_url":"https:\/\/www.musee-mccord-stewart.ca\/fr\/balade-pour-la-paix\/","og_site_name":"Mus\u00e9e McCord Stewart","article_publisher":"https:\/\/www.facebook.com\/museemccordstewart","article_modified_time":"2017-08-10T15:12:35+00:00","og_image":[{"width":1320,"height":480,"url":"https:\/\/www.musee-mccord-stewart.ca\/app\/uploads\/2022\/09\/mccord-stewart_facade-exterieur-henderson-2022_roger-aziz_1320x480.jpg","type":"image\/jpeg"}],"twitter_card":"summary_large_image","twitter_site":"@MuseeMcCordStew","twitter_misc":{"Dur\u00e9e de lecture estim\u00e9e":"1 minute"},"schema":{"@context":"https:\/\/schema.org","@graph":[{"@type":"WebPage","@id":"https:\/\/www.musee-mccord-stewart.ca\/fr\/balade-pour-la-paix\/","url":"https:\/\/www.musee-mccord-stewart.ca\/fr\/balade-pour-la-paix\/","name":"La Balade pour la Paix, un Mus\u00e9e \u00e0 ciel ouvert - Mus\u00e9e McCord","isPartOf":{"@id":"https:\/\/www.musee-mccord-stewart.ca\/fr\/#website"},"datePublished":"2017-06-06T15:15:00+00:00","dateModified":"2017-08-10T15:12:35+00:00","description":"Cette exposition d\u2019art public sur la rue Sherbrooke met \u00e0 l\u2019honneur 67 \u0153uvres v\u00e9hiculant un message de paix, \u00e0 l\u2019image des valeurs qui ont inspir\u00e9 Expo 67.","breadcrumb":{"@id":"https:\/\/www.musee-mccord-stewart.ca\/fr\/balade-pour-la-paix\/#breadcrumb"},"inLanguage":"fr-FR","potentialAction":[{"@type":"ReadAction","target":["https:\/\/www.musee-mccord-stewart.ca\/fr\/balade-pour-la-paix\/"]}]},{"@type":"BreadcrumbList","@id":"https:\/\/www.musee-mccord-stewart.ca\/fr\/balade-pour-la-paix\/#breadcrumb","itemListElement":[{"@type":"ListItem","position":1,"name":"Accueil","item":"https:\/\/www.musee-mccord-stewart.ca\/fr\/"},{"@type":"ListItem","position":2,"name":"La Balade pour la Paix, un Mus\u00e9e \u00e0 ciel ouvert"}]},{"@type":"WebSite","@id":"https:\/\/www.musee-mccord-stewart.ca\/fr\/#website","url":"https:\/\/www.musee-mccord-stewart.ca\/fr\/","name":"Mus\u00e9e McCord Stewart","description":"Notre monde, nos histoires","publisher":{"@id":"https:\/\/www.musee-mccord-stewart.ca\/fr\/#organization"},"alternateName":"MCS","potentialAction":[{"@type":"SearchAction","target":{"@type":"EntryPoint","urlTemplate":"https:\/\/www.musee-mccord-stewart.ca\/fr\/?s={search_term_string}"},"query-input":"required name=search_term_string"}],"inLanguage":"fr-FR"},{"@type":"Organization","@id":"https:\/\/www.musee-mccord-stewart.ca\/fr\/#organization","name":"McCord Stewart Museum","alternateName":"MCS","url":"https:\/\/www.musee-mccord-stewart.ca\/fr\/","logo":{"@type":"ImageObject","inLanguage":"fr-FR","@id":"https:\/\/www.musee-mccord-stewart.ca\/fr\/#\/schema\/logo\/image\/","url":"https:\/\/www.musee-mccord-stewart.ca\/app\/uploads\/2023\/05\/logo_museemccordstewart_horizontal_noir_slogan.svg","contentUrl":"https:\/\/www.musee-mccord-stewart.ca\/app\/uploads\/2023\/05\/logo_museemccordstewart_horizontal_noir_slogan.svg","width":1,"height":1,"caption":"McCord Stewart Museum"},"image":{"@id":"https:\/\/www.musee-mccord-stewart.ca\/fr\/#\/schema\/logo\/image\/"},"sameAs":["https:\/\/www.facebook.com\/museemccordstewart","https:\/\/twitter.com\/MuseeMcCordStew","https:\/\/instagram.com\/museemccordstewart","https:\/\/www.linkedin.com\/company\/museemccordstewart\/","https:\/\/www.pinterest.com\/museemccordstewart\/","https:\/\/www.youtube.com\/c\/MuseeMcCordStewartMuseum"]}]}},"_links":{"self":[{"href":"https:\/\/www.musee-mccord-stewart.ca\/fr\/wp-json\/wp\/v2\/pages\/20061"}],"collection":[{"href":"https:\/\/www.musee-mccord-stewart.ca\/fr\/wp-json\/wp\/v2\/pages"}],"about":[{"href":"https:\/\/www.musee-mccord-stewart.ca\/fr\/wp-json\/wp\/v2\/types\/page"}],"author":[{"embeddable":true,"href":"https:\/\/www.musee-mccord-stewart.ca\/fr\/wp-json\/wp\/v2\/users\/17"}],"replies":[{"embeddable":true,"href":"https:\/\/www.musee-mccord-stewart.ca\/fr\/wp-json\/wp\/v2\/comments?post=20061"}],"version-history":[{"count":0,"href":"https:\/\/www.musee-mccord-stewart.ca\/fr\/wp-json\/wp\/v2\/pages\/20061\/revisions"}],"wp:attachment":[{"href":"https:\/\/www.musee-mccord-stewart.ca\/fr\/wp-json\/wp\/v2\/media?parent=20061"}],"wp:term":[{"taxonomy":"category","embeddable":true,"href":"https:\/\/www.musee-mccord-stewart.ca\/fr\/wp-json\/wp\/v2\/categories?post=20061"},{"taxonomy":"post_tag","embeddable":true,"href":"https:\/\/www.musee-mccord-stewart.ca\/fr\/wp-json\/wp\/v2\/tags?post=20061"}],"curies":[{"name":"wp","href":"https:\/\/api.w.org\/{rel}","templated":true}]}}