{"id":19541,"date":"2017-03-30T12:52:26","date_gmt":"2017-03-30T16:52:26","guid":{"rendered":"http:\/\/www.musee-mccord-stewart.ca\/fr\/?page_id=19541"},"modified":"2023-07-11T16:38:44","modified_gmt":"2023-07-11T20:38:44","slug":"75000-pages-histoire","status":"publish","type":"page","link":"https:\/\/www.musee-mccord-stewart.ca\/fr\/collections\/archives\/75000-pages-histoire\/","title":{"rendered":"75 000 pages d&rsquo;histoire"},"content":{"rendered":"<p>\u00c0 l\u2019occasion du 150<sup>e <\/sup>anniversaire de la Conf\u00e9d\u00e9ration canadienne et dans le cadre du 375<sup>e<\/sup>\u00a0anniversaire de Montr\u00e9al, le Mus\u00e9e McCord met \u00e0 la disposition du public 75\u00a0000\u00a0nouvelles images issues de sa collection d\u2019archives textuelles.<\/p>\n<p>Judicieusement choisie, cette s\u00e9lection met \u00e0 l\u2019honneur 21 ensembles documentaires, soit une majorit\u00e9 de fonds d\u2019archives provenant de particuliers, de familles ou d\u2019organismes, ainsi que des collections sp\u00e9ciales constitu\u00e9es selon des th\u00e8mes ou des types de documents. Les corpus d\u00e9crits, num\u00e9ris\u00e9s et mis en ligne dans le cadre de ce projet portent sur l\u2019histoire canadienne, mais plus sp\u00e9cifiquement sur celle de Montr\u00e9al et des Montr\u00e9alais au cours des 19<sup>e<\/sup> et 20<sup>e <\/sup>si\u00e8cles.<\/p>\n<p>Cette initiative s\u2019inscrit dans une d\u00e9marche de partage des savoirs qui a pour objectif de rendre accessible \u00e0 tous un contenu riche et diversifi\u00e9, pr\u00e9sentant des personnages, des organismes et des \u00e9v\u00e9nements importants, de la petite comme de la grande histoire. En favorisant la diffusion de ses archives, le Mus\u00e9e McCord souhaite \u00e9galement contribuer \u00e0 la pr\u00e9servation et au rayonnement du patrimoine canadien.<\/p>\n<p>Par le biais de transcriptions \u2013\u00a0qui mettent en exergue quelques extraits particuliers des documents\u00a0\u2013\u00a0et de commentaires explicatifs, nous invitons chercheurs et passionn\u00e9s \u00e0 d\u00e9couvrir le Canada, ses habitants, ainsi que la vie urbaine et montr\u00e9alaise \u00e0 diff\u00e9rentes \u00e9poques.<\/p>\n<table style=\"height: 1152px; width: 19.0055%;\">\n<tbody>\n<tr style=\"height: 48px;\">\n<td style=\"width: 146px; height: 48px;\"><a title=\"\" href=\"https:\/\/collections.musee-mccord-stewart.ca\/fr\/objects\/176132\" target=\"_blank\" rel=\"noopener\"><strong>Collection Canadiana<\/strong><\/a><\/td>\n<td style=\"width: 42.7px; height: 48px;\"><strong>\u00a0C002<\/strong><\/td>\n<td style=\"width: 87.3px; height: 48px;\"><strong>\u00a0<\/strong>1763-1991<\/td>\n<\/tr>\n<tr style=\"height: 48px;\">\n<td style=\"width: 146px; height: 48px;\"><a title=\"\" href=\"https:\/\/collections.musee-mccord-stewart.ca\/fr\/objects\/176130\" target=\"_blank\" rel=\"noopener\"><strong>Collection Nouvelle-France<\/strong><\/a><\/td>\n<td style=\"width: 42.7px; height: 48px;\"><strong>\u00a0C003<\/strong><\/td>\n<td style=\"width: 87.3px; height: 48px;\">\u00a01610-1827<\/td>\n<\/tr>\n<tr style=\"height: 48px;\">\n<td style=\"width: 146px; height: 48px;\"><a title=\"\" href=\"https:\/\/collections.musee-mccord-stewart.ca\/fr\/objects\/176200\" target=\"_blank\" rel=\"noopener\"><strong>Collection Mat\u00e9riel scolaire<\/strong><\/a><\/td>\n<td style=\"width: 42.7px; height: 48px;\"><strong>\u00a0C145<\/strong><\/td>\n<td style=\"width: 87.3px; height: 48px;\">\u00a01865-1965<\/td>\n<\/tr>\n<tr style=\"height: 72px;\">\n<td style=\"width: 146px; height: 72px;\"><a title=\"\" href=\"https:\/\/collections.musee-mccord-stewart.ca\/fr\/objects\/176201\" target=\"_blank\" rel=\"noopener\"><strong>Collection Expo\u00a067 et Terre des Hommes<\/strong><\/a><\/td>\n<td style=\"width: 42.7px; height: 72px;\"><strong>\u00a0C146<\/strong><\/td>\n<td style=\"width: 87.3px; height: 72px;\">\u00a01963-1999<\/td>\n<\/tr>\n<tr style=\"height: 48px;\">\n<td style=\"width: 146px; height: 48px;\"><a title=\"\" href=\"https:\/\/collections.musee-mccord-stewart.ca\/fr\/objects\/176207\" target=\"_blank\" rel=\"noopener\"><strong>Collection Arts de la sc\u00e8ne <\/strong><\/a><\/td>\n<td style=\"width: 42.7px; height: 48px;\"><strong>\u00a0C156<\/strong><\/td>\n<td style=\"width: 87.3px; height: 48px;\">\u00a01816-1989<\/td>\n<\/tr>\n<tr style=\"height: 72px;\">\n<td style=\"width: 146px; height: 72px;\"><a title=\"\" href=\"https:\/\/collections.musee-mccord-stewart.ca\/fr\/objects\/176323\" target=\"_blank\" rel=\"noopener\"><strong>Collection Recettes et alimentation <\/strong><\/a><\/td>\n<td style=\"width: 42.7px; height: 72px;\"><strong>\u00a0C265<\/strong><\/td>\n<td style=\"width: 87.3px; height: 72px;\">\u00a01749-2000<\/td>\n<\/tr>\n<tr style=\"height: 72px;\">\n<td style=\"width: 146px; height: 72px;\"><a title=\"\" href=\"https:\/\/collections.musee-mccord-stewart.ca\/fr\/objects\/176384\" target=\"_blank\" rel=\"noopener\"><strong>Collection Prospectus et publicit\u00e9s <\/strong><\/a><\/td>\n<td style=\"width: 42.7px; height: 72px;\"><strong>\u00a0C283<\/strong><\/td>\n<td style=\"width: 87.3px; height: 72px;\">\u00a01812-1985<\/td>\n<\/tr>\n<tr style=\"height: 48px;\">\n<td style=\"width: 146px; height: 48px;\"><a title=\"\" href=\"https:\/\/collections.musee-mccord-stewart.ca\/fr\/objects\/176386\" target=\"_blank\" rel=\"noopener\"><strong>Collection Menus et gastronomie <\/strong><\/a><\/td>\n<td style=\"width: 42.7px; height: 48px;\"><strong>\u00a0C285<\/strong><\/td>\n<td style=\"width: 87.3px; height: 48px;\">\u00a01853-2004<\/td>\n<\/tr>\n<tr style=\"height: 72px;\">\n<td style=\"width: 146px; height: 72px;\"><a title=\"\" href=\"https:\/\/collections.musee-mccord-stewart.ca\/fr\/objects\/214241\" target=\"_blank\" rel=\"noopener\"><strong>Collection Mode, textiles et v\u00eatements <\/strong><\/a><\/td>\n<td style=\"width: 42.7px; height: 72px;\"><strong>\u00a0C609<\/strong><\/td>\n<td style=\"width: 87.3px; height: 72px;\">\u00a01826-2008<\/td>\n<\/tr>\n<tr style=\"height: 48px;\">\n<td style=\"width: 146px; height: 48px;\"><a title=\"\" href=\"https:\/\/collections.musee-mccord-stewart.ca\/fr\/objects\/217690\" target=\"_blank\" rel=\"noopener\"><strong>Fonds de la famille McCord <\/strong><\/a><\/td>\n<td style=\"width: 42.7px; height: 48px;\"><strong>\u00a0P001<\/strong><\/td>\n<td style=\"width: 87.3px; height: 48px;\">\u00a01708-1954<\/td>\n<\/tr>\n<tr style=\"height: 48px;\">\n<td style=\"width: 146px; height: 48px;\"><a title=\"\" href=\"https:\/\/collections.musee-mccord-stewart.ca\/fr\/objects\/176488\" target=\"_blank\" rel=\"noopener\"><strong>Fonds de la famille Bagg <\/strong><\/a><\/td>\n<td style=\"width: 42.7px; height: 48px;\"><strong>\u00a0P070<\/strong><\/td>\n<td style=\"width: 87.3px; height: 48px;\">\u00a01749-1995<\/td>\n<\/tr>\n<tr style=\"height: 48px;\">\n<td style=\"width: 146px; height: 48px;\"><a title=\"\" href=\"https:\/\/collections.musee-mccord-stewart.ca\/fr\/objects\/176492\" target=\"_blank\" rel=\"noopener\"><strong>Fonds de la famille Gibb <\/strong><\/a><\/td>\n<td style=\"width: 42.7px; height: 48px;\"><strong>\u00a0P075<\/strong><\/td>\n<td style=\"width: 87.3px; height: 48px;\">\u00a01797-1970<\/td>\n<\/tr>\n<tr style=\"height: 48px;\">\n<td style=\"width: 146px; height: 48px;\"><a title=\"\" href=\"https:\/\/collections.musee-mccord-stewart.ca\/fr\/objects\/176520\" target=\"_blank\" rel=\"noopener\"><strong>Fonds H\u00f4tel Windsor <\/strong><\/a><\/td>\n<td style=\"width: 42.7px; height: 48px;\"><strong>\u00a0P092<\/strong><\/td>\n<td style=\"width: 87.3px; height: 48px;\">\u00a01877-1980<\/td>\n<\/tr>\n<tr style=\"height: 48px;\">\n<td style=\"width: 146px; height: 48px;\"><a title=\"\" href=\"https:\/\/collections.musee-mccord-stewart.ca\/fr\/objects\/176553\" target=\"_blank\" rel=\"noopener\"><strong>Fonds Clarence A. Gagnon <\/strong><\/a><\/td>\n<td style=\"width: 42.7px; height: 48px;\"><strong>\u00a0P116<\/strong><\/td>\n<td style=\"width: 87.3px; height: 48px;\">\u00a01904-1978<\/td>\n<\/tr>\n<tr style=\"height: 72px;\">\n<td style=\"width: 146px; height: 72px;\"><a title=\"\" href=\"https:\/\/collections.musee-mccord-stewart.ca\/fr\/objects\/176647\" target=\"_blank\" rel=\"noopener\"><strong>Fonds Pen and Pencil Club of Montreal <\/strong><\/a><\/td>\n<td style=\"width: 42.7px; height: 72px;\"><strong>\u00a0P139<\/strong><\/td>\n<td style=\"width: 87.3px; height: 72px;\">\u00a01890-1966<\/td>\n<\/tr>\n<tr style=\"height: 48px;\">\n<td style=\"width: 146px; height: 48px;\"><a title=\"\" href=\"https:\/\/collections.musee-mccord-stewart.ca\/fr\/objects\/176691\" target=\"_blank\" rel=\"noopener\"><strong>Fonds Montreal Hunt Club <\/strong><\/a><\/td>\n<td style=\"width: 42.7px; height: 48px;\"><strong>\u00a0P161<\/strong><\/td>\n<td style=\"width: 87.3px; height: 48px;\">\u00a01830-1998<\/td>\n<\/tr>\n<tr style=\"height: 48px;\">\n<td style=\"width: 146px; height: 48px;\"><a title=\"\" href=\"https:\/\/collections.musee-mccord-stewart.ca\/fr\/objects\/176733\" target=\"_blank\" rel=\"noopener\"><strong>Fonds John Wardrop Ross <\/strong><\/a><\/td>\n<td style=\"width: 42.7px; height: 48px;\"><strong>\u00a0P217<\/strong><\/td>\n<td style=\"width: 87.3px; height: 48px;\">\u00a01899-1951<\/td>\n<\/tr>\n<tr style=\"height: 48px;\">\n<td style=\"width: 146px; height: 48px;\"><a title=\"\" href=\"https:\/\/collections.musee-mccord-stewart.ca\/fr\/objects\/176768\" target=\"_blank\" rel=\"noopener\"><strong>Fonds Sir George Back <\/strong><\/a><\/td>\n<td style=\"width: 42.7px; height: 48px;\"><strong>\u00a0P238<\/strong><\/td>\n<td style=\"width: 87.3px; height: 48px;\">\u00a01819-1878<\/td>\n<\/tr>\n<tr style=\"height: 72px;\">\n<td style=\"width: 146px; height: 72px;\"><a title=\"\" href=\"https:\/\/collections.musee-mccord-stewart.ca\/fr\/objects\/243471\" target=\"_blank\" rel=\"noopener\"><strong>Fonds Junior League of Montreal <\/strong><\/a><\/td>\n<td style=\"width: 42.7px; height: 72px;\"><strong>\u00a0P685<\/strong><\/td>\n<td style=\"width: 87.3px; height: 72px;\">\u00a01913-2007<\/td>\n<\/tr>\n<tr style=\"height: 48px;\">\n<td style=\"width: 146px; height: 48px;\"><a title=\"\" href=\"https:\/\/collections.musee-mccord-stewart.ca\/fr\/objects\/245274\" target=\"_blank\" rel=\"noopener\"><strong>Fonds Jean-Claude Poitras <\/strong><\/a><\/td>\n<td style=\"width: 42.7px; height: 48px;\"><strong>\u00a0P689<\/strong><\/td>\n<td style=\"width: 87.3px; height: 48px;\">\u00a01949-2006<\/td>\n<\/tr>\n<tr style=\"height: 48px;\">\n<td style=\"width: 146px; height: 48px;\"><a title=\"\" href=\"https:\/\/collections.musee-mccord-stewart.ca\/fr\/objects\/295897\" target=\"_blank\" rel=\"noopener\"><strong>Fonds John Warden <\/strong><\/a><\/td>\n<td style=\"width: 42.7px; height: 48px;\"><strong>\u00a0P741<\/strong><\/td>\n<td style=\"width: 87.3px; height: 48px;\">\u00a01957-2007<\/td>\n<\/tr>\n<\/tbody>\n<\/table>\n","protected":false},"excerpt":{"rendered":"<p>\u00c0 l\u2019occasion du 150e anniversaire de la Conf\u00e9d\u00e9ration canadienne et dans le cadre du 375e\u00a0anniversaire de Montr\u00e9al, le Mus\u00e9e McCord met \u00e0 la disposition du public 75\u00a0000\u00a0nouvelles images issues de sa collection d\u2019archives textuelles. Judicieusement choisie, cette s\u00e9lection met \u00e0 l\u2019honneur 21 ensembles documentaires, soit une majorit\u00e9 de fonds d\u2019archives provenant de particuliers, de familles [&hellip;]<\/p>\n","protected":false},"author":3,"featured_media":0,"parent":1816,"menu_order":0,"comment_status":"closed","ping_status":"closed","template":"page-templates\/page-texte.php","meta":{"footnotes":""},"categories":[],"tags":[],"acf":[],"yoast_head":"<!-- This site is optimized with the Yoast SEO Premium plugin v20.11 (Yoast SEO v20.11) - https:\/\/yoast.com\/wordpress\/plugins\/seo\/ -->\n<title>75 000 pages d&#039;histoire - Mus\u00e9e McCord Stewart<\/title>\n<meta name=\"description\" content=\"\u00c0 l\u2019occasion du 150e anniversaire de la Conf\u00e9d\u00e9ration canadienne et dans le cadre du 375e\u00a0anniversaire de Montr\u00e9al, le Mus\u00e9e McCord met \u00e0 la disposition\" \/>\n<meta name=\"robots\" content=\"index, follow, max-snippet:-1, max-image-preview:large, max-video-preview:-1\" \/>\n<link rel=\"canonical\" href=\"https:\/\/www.musee-mccord-stewart.ca\/fr\/collections\/archives\/75000-pages-histoire\/\" \/>\n<meta property=\"og:locale\" content=\"fr_FR\" \/>\n<meta property=\"og:type\" content=\"article\" \/>\n<meta property=\"og:title\" content=\"75 000 pages d&#039;histoire\" \/>\n<meta property=\"og:description\" content=\"\u00c0 l\u2019occasion du 150e anniversaire de la Conf\u00e9d\u00e9ration canadienne et dans le cadre du 375e\u00a0anniversaire de Montr\u00e9al, le Mus\u00e9e McCord met \u00e0 la disposition\" \/>\n<meta property=\"og:url\" content=\"https:\/\/www.musee-mccord-stewart.ca\/fr\/collections\/archives\/75000-pages-histoire\/\" \/>\n<meta property=\"og:site_name\" content=\"Mus\u00e9e McCord Stewart\" \/>\n<meta property=\"article:publisher\" content=\"https:\/\/www.facebook.com\/museemccordstewart\" \/>\n<meta property=\"article:modified_time\" content=\"2023-07-11T20:38:44+00:00\" \/>\n<meta property=\"og:image\" content=\"https:\/\/www.musee-mccord-stewart.ca\/app\/uploads\/2022\/09\/mccord-stewart_facade-exterieur-henderson-2022_roger-aziz_1320x480.jpg\" \/>\n\t<meta property=\"og:image:width\" content=\"1320\" \/>\n\t<meta property=\"og:image:height\" content=\"480\" \/>\n\t<meta property=\"og:image:type\" content=\"image\/jpeg\" \/>\n<meta name=\"twitter:card\" content=\"summary_large_image\" \/>\n<meta name=\"twitter:site\" content=\"@MuseeMcCordStew\" \/>\n<meta name=\"twitter:label1\" content=\"Dur\u00e9e de lecture estim\u00e9e\" \/>\n\t<meta name=\"twitter:data1\" content=\"2 minutes\" \/>\n<script type=\"application\/ld+json\" class=\"yoast-schema-graph\">{\"@context\":\"https:\/\/schema.org\",\"@graph\":[{\"@type\":\"WebPage\",\"@id\":\"https:\/\/www.musee-mccord-stewart.ca\/fr\/collections\/archives\/75000-pages-histoire\/\",\"url\":\"https:\/\/www.musee-mccord-stewart.ca\/fr\/collections\/archives\/75000-pages-histoire\/\",\"name\":\"75 000 pages d'histoire - Mus\u00e9e McCord Stewart\",\"isPartOf\":{\"@id\":\"https:\/\/www.musee-mccord-stewart.ca\/fr\/#website\"},\"datePublished\":\"2017-03-30T16:52:26+00:00\",\"dateModified\":\"2023-07-11T20:38:44+00:00\",\"description\":\"\u00c0 l\u2019occasion du 150e anniversaire de la Conf\u00e9d\u00e9ration canadienne et dans le cadre du 375e\u00a0anniversaire de Montr\u00e9al, le Mus\u00e9e McCord met \u00e0 la disposition\",\"breadcrumb\":{\"@id\":\"https:\/\/www.musee-mccord-stewart.ca\/fr\/collections\/archives\/75000-pages-histoire\/#breadcrumb\"},\"inLanguage\":\"fr-FR\",\"potentialAction\":[{\"@type\":\"ReadAction\",\"target\":[\"https:\/\/www.musee-mccord-stewart.ca\/fr\/collections\/archives\/75000-pages-histoire\/\"]}]},{\"@type\":\"BreadcrumbList\",\"@id\":\"https:\/\/www.musee-mccord-stewart.ca\/fr\/collections\/archives\/75000-pages-histoire\/#breadcrumb\",\"itemListElement\":[{\"@type\":\"ListItem\",\"position\":1,\"name\":\"Accueil\",\"item\":\"https:\/\/www.musee-mccord-stewart.ca\/fr\/\"},{\"@type\":\"ListItem\",\"position\":2,\"name\":\"Collections\",\"item\":\"https:\/\/www.musee-mccord-stewart.ca\/fr\/collections\/\"},{\"@type\":\"ListItem\",\"position\":3,\"name\":\"Archives\",\"item\":\"https:\/\/www.musee-mccord-stewart.ca\/fr\/collections\/archives\/\"},{\"@type\":\"ListItem\",\"position\":4,\"name\":\"75 000 pages d&rsquo;histoire\"}]},{\"@type\":\"WebSite\",\"@id\":\"https:\/\/www.musee-mccord-stewart.ca\/fr\/#website\",\"url\":\"https:\/\/www.musee-mccord-stewart.ca\/fr\/\",\"name\":\"Mus\u00e9e McCord Stewart\",\"description\":\"Notre monde, nos histoires\",\"publisher\":{\"@id\":\"https:\/\/www.musee-mccord-stewart.ca\/fr\/#organization\"},\"alternateName\":\"MCS\",\"potentialAction\":[{\"@type\":\"SearchAction\",\"target\":{\"@type\":\"EntryPoint\",\"urlTemplate\":\"https:\/\/www.musee-mccord-stewart.ca\/fr\/?s={search_term_string}\"},\"query-input\":\"required name=search_term_string\"}],\"inLanguage\":\"fr-FR\"},{\"@type\":\"Organization\",\"@id\":\"https:\/\/www.musee-mccord-stewart.ca\/fr\/#organization\",\"name\":\"McCord Stewart Museum\",\"alternateName\":\"MCS\",\"url\":\"https:\/\/www.musee-mccord-stewart.ca\/fr\/\",\"logo\":{\"@type\":\"ImageObject\",\"inLanguage\":\"fr-FR\",\"@id\":\"https:\/\/www.musee-mccord-stewart.ca\/fr\/#\/schema\/logo\/image\/\",\"url\":\"https:\/\/www.musee-mccord-stewart.ca\/app\/uploads\/2023\/05\/logo_museemccordstewart_horizontal_noir_slogan.svg\",\"contentUrl\":\"https:\/\/www.musee-mccord-stewart.ca\/app\/uploads\/2023\/05\/logo_museemccordstewart_horizontal_noir_slogan.svg\",\"width\":1,\"height\":1,\"caption\":\"McCord Stewart Museum\"},\"image\":{\"@id\":\"https:\/\/www.musee-mccord-stewart.ca\/fr\/#\/schema\/logo\/image\/\"},\"sameAs\":[\"https:\/\/www.facebook.com\/museemccordstewart\",\"https:\/\/twitter.com\/MuseeMcCordStew\",\"https:\/\/instagram.com\/museemccordstewart\",\"https:\/\/www.linkedin.com\/company\/museemccordstewart\/\",\"https:\/\/www.pinterest.com\/museemccordstewart\/\",\"https:\/\/www.youtube.com\/c\/MuseeMcCordStewartMuseum\"]}]}<\/script>\n<!-- \/ Yoast SEO Premium plugin. -->","yoast_head_json":{"title":"75 000 pages d'histoire - Mus\u00e9e McCord Stewart","description":"\u00c0 l\u2019occasion du 150e anniversaire de la Conf\u00e9d\u00e9ration canadienne et dans le cadre du 375e\u00a0anniversaire de Montr\u00e9al, le Mus\u00e9e McCord met \u00e0 la disposition","robots":{"index":"index","follow":"follow","max-snippet":"max-snippet:-1","max-image-preview":"max-image-preview:large","max-video-preview":"max-video-preview:-1"},"canonical":"https:\/\/www.musee-mccord-stewart.ca\/fr\/collections\/archives\/75000-pages-histoire\/","og_locale":"fr_FR","og_type":"article","og_title":"75 000 pages d'histoire","og_description":"\u00c0 l\u2019occasion du 150e anniversaire de la Conf\u00e9d\u00e9ration canadienne et dans le cadre du 375e\u00a0anniversaire de Montr\u00e9al, le Mus\u00e9e McCord met \u00e0 la disposition","og_url":"https:\/\/www.musee-mccord-stewart.ca\/fr\/collections\/archives\/75000-pages-histoire\/","og_site_name":"Mus\u00e9e McCord Stewart","article_publisher":"https:\/\/www.facebook.com\/museemccordstewart","article_modified_time":"2023-07-11T20:38:44+00:00","og_image":[{"width":1320,"height":480,"url":"https:\/\/www.musee-mccord-stewart.ca\/app\/uploads\/2022\/09\/mccord-stewart_facade-exterieur-henderson-2022_roger-aziz_1320x480.jpg","type":"image\/jpeg"}],"twitter_card":"summary_large_image","twitter_site":"@MuseeMcCordStew","twitter_misc":{"Dur\u00e9e de lecture estim\u00e9e":"2 minutes"},"schema":{"@context":"https:\/\/schema.org","@graph":[{"@type":"WebPage","@id":"https:\/\/www.musee-mccord-stewart.ca\/fr\/collections\/archives\/75000-pages-histoire\/","url":"https:\/\/www.musee-mccord-stewart.ca\/fr\/collections\/archives\/75000-pages-histoire\/","name":"75 000 pages d'histoire - Mus\u00e9e McCord Stewart","isPartOf":{"@id":"https:\/\/www.musee-mccord-stewart.ca\/fr\/#website"},"datePublished":"2017-03-30T16:52:26+00:00","dateModified":"2023-07-11T20:38:44+00:00","description":"\u00c0 l\u2019occasion du 150e anniversaire de la Conf\u00e9d\u00e9ration canadienne et dans le cadre du 375e\u00a0anniversaire de Montr\u00e9al, le Mus\u00e9e McCord met \u00e0 la disposition","breadcrumb":{"@id":"https:\/\/www.musee-mccord-stewart.ca\/fr\/collections\/archives\/75000-pages-histoire\/#breadcrumb"},"inLanguage":"fr-FR","potentialAction":[{"@type":"ReadAction","target":["https:\/\/www.musee-mccord-stewart.ca\/fr\/collections\/archives\/75000-pages-histoire\/"]}]},{"@type":"BreadcrumbList","@id":"https:\/\/www.musee-mccord-stewart.ca\/fr\/collections\/archives\/75000-pages-histoire\/#breadcrumb","itemListElement":[{"@type":"ListItem","position":1,"name":"Accueil","item":"https:\/\/www.musee-mccord-stewart.ca\/fr\/"},{"@type":"ListItem","position":2,"name":"Collections","item":"https:\/\/www.musee-mccord-stewart.ca\/fr\/collections\/"},{"@type":"ListItem","position":3,"name":"Archives","item":"https:\/\/www.musee-mccord-stewart.ca\/fr\/collections\/archives\/"},{"@type":"ListItem","position":4,"name":"75 000 pages d&rsquo;histoire"}]},{"@type":"WebSite","@id":"https:\/\/www.musee-mccord-stewart.ca\/fr\/#website","url":"https:\/\/www.musee-mccord-stewart.ca\/fr\/","name":"Mus\u00e9e McCord Stewart","description":"Notre monde, nos histoires","publisher":{"@id":"https:\/\/www.musee-mccord-stewart.ca\/fr\/#organization"},"alternateName":"MCS","potentialAction":[{"@type":"SearchAction","target":{"@type":"EntryPoint","urlTemplate":"https:\/\/www.musee-mccord-stewart.ca\/fr\/?s={search_term_string}"},"query-input":"required name=search_term_string"}],"inLanguage":"fr-FR"},{"@type":"Organization","@id":"https:\/\/www.musee-mccord-stewart.ca\/fr\/#organization","name":"McCord Stewart Museum","alternateName":"MCS","url":"https:\/\/www.musee-mccord-stewart.ca\/fr\/","logo":{"@type":"ImageObject","inLanguage":"fr-FR","@id":"https:\/\/www.musee-mccord-stewart.ca\/fr\/#\/schema\/logo\/image\/","url":"https:\/\/www.musee-mccord-stewart.ca\/app\/uploads\/2023\/05\/logo_museemccordstewart_horizontal_noir_slogan.svg","contentUrl":"https:\/\/www.musee-mccord-stewart.ca\/app\/uploads\/2023\/05\/logo_museemccordstewart_horizontal_noir_slogan.svg","width":1,"height":1,"caption":"McCord Stewart Museum"},"image":{"@id":"https:\/\/www.musee-mccord-stewart.ca\/fr\/#\/schema\/logo\/image\/"},"sameAs":["https:\/\/www.facebook.com\/museemccordstewart","https:\/\/twitter.com\/MuseeMcCordStew","https:\/\/instagram.com\/museemccordstewart","https:\/\/www.linkedin.com\/company\/museemccordstewart\/","https:\/\/www.pinterest.com\/museemccordstewart\/","https:\/\/www.youtube.com\/c\/MuseeMcCordStewartMuseum"]}]}},"_links":{"self":[{"href":"https:\/\/www.musee-mccord-stewart.ca\/fr\/wp-json\/wp\/v2\/pages\/19541"}],"collection":[{"href":"https:\/\/www.musee-mccord-stewart.ca\/fr\/wp-json\/wp\/v2\/pages"}],"about":[{"href":"https:\/\/www.musee-mccord-stewart.ca\/fr\/wp-json\/wp\/v2\/types\/page"}],"author":[{"embeddable":true,"href":"https:\/\/www.musee-mccord-stewart.ca\/fr\/wp-json\/wp\/v2\/users\/3"}],"replies":[{"embeddable":true,"href":"https:\/\/www.musee-mccord-stewart.ca\/fr\/wp-json\/wp\/v2\/comments?post=19541"}],"version-history":[{"count":0,"href":"https:\/\/www.musee-mccord-stewart.ca\/fr\/wp-json\/wp\/v2\/pages\/19541\/revisions"}],"up":[{"embeddable":true,"href":"https:\/\/www.musee-mccord-stewart.ca\/fr\/wp-json\/wp\/v2\/pages\/1816"}],"wp:attachment":[{"href":"https:\/\/www.musee-mccord-stewart.ca\/fr\/wp-json\/wp\/v2\/media?parent=19541"}],"wp:term":[{"taxonomy":"category","embeddable":true,"href":"https:\/\/www.musee-mccord-stewart.ca\/fr\/wp-json\/wp\/v2\/categories?post=19541"},{"taxonomy":"post_tag","embeddable":true,"href":"https:\/\/www.musee-mccord-stewart.ca\/fr\/wp-json\/wp\/v2\/tags?post=19541"}],"curies":[{"name":"wp","href":"https:\/\/api.w.org\/{rel}","templated":true}]}}