{"id":1843,"date":"2015-04-30T10:14:35","date_gmt":"2015-04-30T14:14:35","guid":{"rendered":"http:\/\/www.musee-mccord-stewart.ca\/?page_id=1843"},"modified":"2024-07-02T14:37:45","modified_gmt":"2024-07-02T18:37:45","slug":"circuits-urbains","status":"publish","type":"page","link":"https:\/\/www.musee-mccord-stewart.ca\/fr\/circuits-urbains\/","title":{"rendered":"Circuits urbains"},"content":{"rendered":"<p><strong>L&rsquo;histoire de Montr\u00e9al \u00e0 port\u00e9e de main!<\/strong> Les <em>Circuits urbains<\/em>\u00a0proposent une fa\u00e7on amusante d\u2019en apprendre plus sur l\u2019histoire de certains lieux de Montr\u00e9al.<\/p>\n<p>Vivez une<strong>\u00a0exp\u00e9rience unique hors les murs<\/strong> gr\u00e2ce aux images historiques puis\u00e9es dans les collections <a href=\"https:\/\/www.musee-mccord-stewart.ca\/fr\/collections\/photographie\/\">Photographie<\/a> et <a href=\"https:\/\/www.musee-mccord-stewart.ca\/fr\/collections\/art-documentaire\/\">Art documentaire<\/a> du Mus\u00e9e. Munis de votre t\u00e9l\u00e9phone, explorez les divers circuits th\u00e9matiques au gr\u00e9 de vos d\u00e9placements et d\u00e9couvrez <strong>l\u2019histoire de plus de 75 sites de la ville<\/strong> et des <strong>images t\u00e9moignant du Montr\u00e9al d\u2019autrefois<\/strong>.<\/p>\n<p>Gr\u00e2ce aux <strong>cartes interactives<\/strong> de <i>Google Maps<\/i>, vous pouvez maintenant suivre les indications et choisir votre propre itin\u00e9raire! De plus, l\u2019information concernant l&rsquo;histoire de chaque arr\u00eat est disponible directement sur ces cartes.<\/p>\n<ul class=\"sliderTiny\">\n<li>\n<img decoding=\"async\" src=\"https:\/\/www.musee-mccord-stewart.ca\/app\/uploads\/2024\/06\/circuit-urbains_magasiner19e20e_13-1_x593.jpg\" alt=\"\" title=\"\" \/>\n<\/li>\n<li>\n<img decoding=\"async\" src=\"https:\/\/www.musee-mccord-stewart.ca\/app\/uploads\/2024\/06\/circuit-urbains_magasiner19e20e_8-2_x593.jpg\" alt=\"\" title=\"\" \/>\n<\/li>\n<li>\n<img decoding=\"async\" src=\"https:\/\/www.musee-mccord-stewart.ca\/app\/uploads\/2024\/06\/circuit-urbains_centreville_vieuxmontreal_8_x593.jpg\" alt=\"\" title=\"\" \/>\n<\/li>\n<li>\n<img decoding=\"async\" src=\"https:\/\/www.musee-mccord-stewart.ca\/app\/uploads\/2024\/06\/circuit-urbains_mcgill-college_5_gates-mcgill_x593.jpg\" alt=\"\" title=\"\" \/>\n<\/li>\n<\/ul>\n\n","protected":false},"excerpt":{"rendered":"<p>L&rsquo;histoire de Montr\u00e9al \u00e0 port\u00e9e de main! Les Circuits urbains\u00a0proposent une fa\u00e7on amusante d\u2019en apprendre plus sur l\u2019histoire de certains lieux de Montr\u00e9al. Vivez une\u00a0exp\u00e9rience unique hors les murs gr\u00e2ce aux images historiques puis\u00e9es dans les collections Photographie et Art documentaire du Mus\u00e9e. Munis de votre t\u00e9l\u00e9phone, explorez les divers circuits th\u00e9matiques au gr\u00e9 de [&hellip;]<\/p>\n","protected":false},"author":3,"featured_media":0,"parent":0,"menu_order":0,"comment_status":"closed","ping_status":"closed","template":"page-templates\/page-texte.php","meta":{"footnotes":""},"categories":[],"tags":[],"acf":[],"yoast_head":"<!-- This site is optimized with the Yoast SEO Premium plugin v20.11 (Yoast SEO v20.11) - https:\/\/yoast.com\/wordpress\/plugins\/seo\/ -->\n<title>Circuits urbains - Parcours th\u00e9matiques du Mus\u00e9e McCord Stewart<\/title>\n<meta name=\"description\" content=\"D\u00e9couvrez l\u2019histoire de 150 sites de la ville et des photographies t\u00e9moignant du Montr\u00e9al d\u2019autrefois avec les Circuits urbains.\" \/>\n<meta name=\"robots\" content=\"index, follow, max-snippet:-1, max-image-preview:large, max-video-preview:-1\" \/>\n<link rel=\"canonical\" href=\"https:\/\/www.musee-mccord-stewart.ca\/fr\/circuits-urbains\/\" \/>\n<meta property=\"og:locale\" content=\"fr_FR\" \/>\n<meta property=\"og:type\" content=\"article\" \/>\n<meta property=\"og:title\" content=\"Circuits urbains\" \/>\n<meta property=\"og:description\" content=\"D\u00e9couvrez l\u2019histoire de 150 sites de la ville et des photographies t\u00e9moignant du Montr\u00e9al d\u2019autrefois avec les Circuits urbains.\" \/>\n<meta property=\"og:url\" content=\"https:\/\/www.musee-mccord-stewart.ca\/fr\/circuits-urbains\/\" \/>\n<meta property=\"og:site_name\" content=\"Mus\u00e9e McCord Stewart\" \/>\n<meta property=\"article:publisher\" content=\"https:\/\/www.facebook.com\/museemccordstewart\" \/>\n<meta property=\"article:modified_time\" content=\"2024-07-02T18:37:45+00:00\" \/>\n<meta property=\"og:image\" content=\"https:\/\/www.musee-mccord-stewart.ca\/app\/uploads\/2024\/06\/circuit-urbains_bandeau_800x520.jpg\" \/>\n\t<meta property=\"og:image:width\" content=\"800\" \/>\n\t<meta property=\"og:image:height\" content=\"520\" \/>\n\t<meta property=\"og:image:type\" content=\"image\/jpeg\" \/>\n<meta name=\"twitter:card\" content=\"summary_large_image\" \/>\n<meta name=\"twitter:description\" content=\"D\u00e9couvrez l\u2019histoire de 150 sites de la ville et des photographies t\u00e9moignant du Montr\u00e9al d\u2019autrefois avec les Circuits urbains.\" \/>\n<meta name=\"twitter:site\" content=\"@MuseeMcCordStew\" \/>\n<meta name=\"twitter:label1\" content=\"Dur\u00e9e de lecture estim\u00e9e\" \/>\n\t<meta name=\"twitter:data1\" content=\"1 minute\" \/>\n<script type=\"application\/ld+json\" class=\"yoast-schema-graph\">{\"@context\":\"https:\/\/schema.org\",\"@graph\":[{\"@type\":\"WebPage\",\"@id\":\"https:\/\/www.musee-mccord-stewart.ca\/fr\/circuits-urbains\/\",\"url\":\"https:\/\/www.musee-mccord-stewart.ca\/fr\/circuits-urbains\/\",\"name\":\"Circuits urbains - Parcours th\u00e9matiques du Mus\u00e9e McCord Stewart\",\"isPartOf\":{\"@id\":\"https:\/\/www.musee-mccord-stewart.ca\/fr\/#website\"},\"datePublished\":\"2015-04-30T14:14:35+00:00\",\"dateModified\":\"2024-07-02T18:37:45+00:00\",\"description\":\"D\u00e9couvrez l\u2019histoire de 150 sites de la ville et des photographies t\u00e9moignant du Montr\u00e9al d\u2019autrefois avec les Circuits urbains.\",\"breadcrumb\":{\"@id\":\"https:\/\/www.musee-mccord-stewart.ca\/fr\/circuits-urbains\/#breadcrumb\"},\"inLanguage\":\"fr-FR\",\"potentialAction\":[{\"@type\":\"ReadAction\",\"target\":[\"https:\/\/www.musee-mccord-stewart.ca\/fr\/circuits-urbains\/\"]}]},{\"@type\":\"BreadcrumbList\",\"@id\":\"https:\/\/www.musee-mccord-stewart.ca\/fr\/circuits-urbains\/#breadcrumb\",\"itemListElement\":[{\"@type\":\"ListItem\",\"position\":1,\"name\":\"Accueil\",\"item\":\"https:\/\/www.musee-mccord-stewart.ca\/fr\/\"},{\"@type\":\"ListItem\",\"position\":2,\"name\":\"Circuits urbains\"}]},{\"@type\":\"WebSite\",\"@id\":\"https:\/\/www.musee-mccord-stewart.ca\/fr\/#website\",\"url\":\"https:\/\/www.musee-mccord-stewart.ca\/fr\/\",\"name\":\"Mus\u00e9e McCord Stewart\",\"description\":\"Notre monde, nos histoires\",\"publisher\":{\"@id\":\"https:\/\/www.musee-mccord-stewart.ca\/fr\/#organization\"},\"alternateName\":\"MCS\",\"potentialAction\":[{\"@type\":\"SearchAction\",\"target\":{\"@type\":\"EntryPoint\",\"urlTemplate\":\"https:\/\/www.musee-mccord-stewart.ca\/fr\/?s={search_term_string}\"},\"query-input\":\"required name=search_term_string\"}],\"inLanguage\":\"fr-FR\"},{\"@type\":\"Organization\",\"@id\":\"https:\/\/www.musee-mccord-stewart.ca\/fr\/#organization\",\"name\":\"McCord Stewart Museum\",\"alternateName\":\"MCS\",\"url\":\"https:\/\/www.musee-mccord-stewart.ca\/fr\/\",\"logo\":{\"@type\":\"ImageObject\",\"inLanguage\":\"fr-FR\",\"@id\":\"https:\/\/www.musee-mccord-stewart.ca\/fr\/#\/schema\/logo\/image\/\",\"url\":\"https:\/\/www.musee-mccord-stewart.ca\/app\/uploads\/2023\/05\/logo_museemccordstewart_horizontal_noir_slogan.svg\",\"contentUrl\":\"https:\/\/www.musee-mccord-stewart.ca\/app\/uploads\/2023\/05\/logo_museemccordstewart_horizontal_noir_slogan.svg\",\"width\":1,\"height\":1,\"caption\":\"McCord Stewart Museum\"},\"image\":{\"@id\":\"https:\/\/www.musee-mccord-stewart.ca\/fr\/#\/schema\/logo\/image\/\"},\"sameAs\":[\"https:\/\/www.facebook.com\/museemccordstewart\",\"https:\/\/twitter.com\/MuseeMcCordStew\",\"https:\/\/instagram.com\/museemccordstewart\",\"https:\/\/www.linkedin.com\/company\/museemccordstewart\/\",\"https:\/\/www.pinterest.com\/museemccordstewart\/\",\"https:\/\/www.youtube.com\/c\/MuseeMcCordStewartMuseum\"]}]}<\/script>\n<!-- \/ Yoast SEO Premium plugin. -->","yoast_head_json":{"title":"Circuits urbains - Parcours th\u00e9matiques du Mus\u00e9e McCord Stewart","description":"D\u00e9couvrez l\u2019histoire de 150 sites de la ville et des photographies t\u00e9moignant du Montr\u00e9al d\u2019autrefois avec les Circuits urbains.","robots":{"index":"index","follow":"follow","max-snippet":"max-snippet:-1","max-image-preview":"max-image-preview:large","max-video-preview":"max-video-preview:-1"},"canonical":"https:\/\/www.musee-mccord-stewart.ca\/fr\/circuits-urbains\/","og_locale":"fr_FR","og_type":"article","og_title":"Circuits urbains","og_description":"D\u00e9couvrez l\u2019histoire de 150 sites de la ville et des photographies t\u00e9moignant du Montr\u00e9al d\u2019autrefois avec les Circuits urbains.","og_url":"https:\/\/www.musee-mccord-stewart.ca\/fr\/circuits-urbains\/","og_site_name":"Mus\u00e9e McCord Stewart","article_publisher":"https:\/\/www.facebook.com\/museemccordstewart","article_modified_time":"2024-07-02T18:37:45+00:00","og_image":[{"width":800,"height":520,"url":"https:\/\/www.musee-mccord-stewart.ca\/app\/uploads\/2024\/06\/circuit-urbains_bandeau_800x520.jpg","type":"image\/jpeg"}],"twitter_card":"summary_large_image","twitter_description":"D\u00e9couvrez l\u2019histoire de 150 sites de la ville et des photographies t\u00e9moignant du Montr\u00e9al d\u2019autrefois avec les Circuits urbains.","twitter_site":"@MuseeMcCordStew","twitter_misc":{"Dur\u00e9e de lecture estim\u00e9e":"1 minute"},"schema":{"@context":"https:\/\/schema.org","@graph":[{"@type":"WebPage","@id":"https:\/\/www.musee-mccord-stewart.ca\/fr\/circuits-urbains\/","url":"https:\/\/www.musee-mccord-stewart.ca\/fr\/circuits-urbains\/","name":"Circuits urbains - Parcours th\u00e9matiques du Mus\u00e9e McCord Stewart","isPartOf":{"@id":"https:\/\/www.musee-mccord-stewart.ca\/fr\/#website"},"datePublished":"2015-04-30T14:14:35+00:00","dateModified":"2024-07-02T18:37:45+00:00","description":"D\u00e9couvrez l\u2019histoire de 150 sites de la ville et des photographies t\u00e9moignant du Montr\u00e9al d\u2019autrefois avec les Circuits urbains.","breadcrumb":{"@id":"https:\/\/www.musee-mccord-stewart.ca\/fr\/circuits-urbains\/#breadcrumb"},"inLanguage":"fr-FR","potentialAction":[{"@type":"ReadAction","target":["https:\/\/www.musee-mccord-stewart.ca\/fr\/circuits-urbains\/"]}]},{"@type":"BreadcrumbList","@id":"https:\/\/www.musee-mccord-stewart.ca\/fr\/circuits-urbains\/#breadcrumb","itemListElement":[{"@type":"ListItem","position":1,"name":"Accueil","item":"https:\/\/www.musee-mccord-stewart.ca\/fr\/"},{"@type":"ListItem","position":2,"name":"Circuits urbains"}]},{"@type":"WebSite","@id":"https:\/\/www.musee-mccord-stewart.ca\/fr\/#website","url":"https:\/\/www.musee-mccord-stewart.ca\/fr\/","name":"Mus\u00e9e McCord Stewart","description":"Notre monde, nos histoires","publisher":{"@id":"https:\/\/www.musee-mccord-stewart.ca\/fr\/#organization"},"alternateName":"MCS","potentialAction":[{"@type":"SearchAction","target":{"@type":"EntryPoint","urlTemplate":"https:\/\/www.musee-mccord-stewart.ca\/fr\/?s={search_term_string}"},"query-input":"required name=search_term_string"}],"inLanguage":"fr-FR"},{"@type":"Organization","@id":"https:\/\/www.musee-mccord-stewart.ca\/fr\/#organization","name":"McCord Stewart Museum","alternateName":"MCS","url":"https:\/\/www.musee-mccord-stewart.ca\/fr\/","logo":{"@type":"ImageObject","inLanguage":"fr-FR","@id":"https:\/\/www.musee-mccord-stewart.ca\/fr\/#\/schema\/logo\/image\/","url":"https:\/\/www.musee-mccord-stewart.ca\/app\/uploads\/2023\/05\/logo_museemccordstewart_horizontal_noir_slogan.svg","contentUrl":"https:\/\/www.musee-mccord-stewart.ca\/app\/uploads\/2023\/05\/logo_museemccordstewart_horizontal_noir_slogan.svg","width":1,"height":1,"caption":"McCord Stewart Museum"},"image":{"@id":"https:\/\/www.musee-mccord-stewart.ca\/fr\/#\/schema\/logo\/image\/"},"sameAs":["https:\/\/www.facebook.com\/museemccordstewart","https:\/\/twitter.com\/MuseeMcCordStew","https:\/\/instagram.com\/museemccordstewart","https:\/\/www.linkedin.com\/company\/museemccordstewart\/","https:\/\/www.pinterest.com\/museemccordstewart\/","https:\/\/www.youtube.com\/c\/MuseeMcCordStewartMuseum"]}]}},"_links":{"self":[{"href":"https:\/\/www.musee-mccord-stewart.ca\/fr\/wp-json\/wp\/v2\/pages\/1843"}],"collection":[{"href":"https:\/\/www.musee-mccord-stewart.ca\/fr\/wp-json\/wp\/v2\/pages"}],"about":[{"href":"https:\/\/www.musee-mccord-stewart.ca\/fr\/wp-json\/wp\/v2\/types\/page"}],"author":[{"embeddable":true,"href":"https:\/\/www.musee-mccord-stewart.ca\/fr\/wp-json\/wp\/v2\/users\/3"}],"replies":[{"embeddable":true,"href":"https:\/\/www.musee-mccord-stewart.ca\/fr\/wp-json\/wp\/v2\/comments?post=1843"}],"version-history":[{"count":0,"href":"https:\/\/www.musee-mccord-stewart.ca\/fr\/wp-json\/wp\/v2\/pages\/1843\/revisions"}],"wp:attachment":[{"href":"https:\/\/www.musee-mccord-stewart.ca\/fr\/wp-json\/wp\/v2\/media?parent=1843"}],"wp:term":[{"taxonomy":"category","embeddable":true,"href":"https:\/\/www.musee-mccord-stewart.ca\/fr\/wp-json\/wp\/v2\/categories?post=1843"},{"taxonomy":"post_tag","embeddable":true,"href":"https:\/\/www.musee-mccord-stewart.ca\/fr\/wp-json\/wp\/v2\/tags?post=1843"}],"curies":[{"name":"wp","href":"https:\/\/api.w.org\/{rel}","templated":true}]}}