{"id":1816,"date":"2015-04-29T23:12:40","date_gmt":"2015-04-30T03:12:40","guid":{"rendered":"http:\/\/www.musee-mccord-stewart.ca\/?page_id=1816"},"modified":"2025-12-10T15:00:08","modified_gmt":"2025-12-10T20:00:08","slug":"archives","status":"publish","type":"page","link":"https:\/\/www.musee-mccord-stewart.ca\/fr\/collections\/archives\/","title":{"rendered":"Archives"},"content":{"rendered":"<p>La collection Archives comprend 850 ensembles documentaires, soit une majorit\u00e9 de fonds d\u2019archives provenant de particuliers, de familles ou d\u2019organismes, ainsi que des collections sp\u00e9ciales constitu\u00e9es autour de th\u00e8mes ou de types de documents. Totalisant plus de 340 m\u00e8tres lin\u00e9aires, <strong>les archives portent sur l\u2019ensemble de l\u2019histoire canadienne, mais plus particuli\u00e8rement sur celle de Montr\u00e9al et des Montr\u00e9alais au cours des 19<sup>e<\/sup>\u00a0et 20<sup>e<\/sup>\u00a0si\u00e8cles<\/strong>.<br \/>\n<a class=\"cta\" title=\"\" href=\"https:\/\/collections.musee-mccord-stewart.ca\/fr\/collections\/155915\/archives\/objects\">Explorez la collection en ligne<\/a><br \/>\n<a class=\"cta\" title=\"\" href=\"https:\/\/www.musee-mccord-stewart.ca\/fr\/collections\/archives\/liste-principaux-fonds-collections\/\">Liste des principaux fonds et collections<i class=\"arrow-right-thickicon-\"><\/i><\/a><\/p>\n<p>Les documents textuels prennent la forme d\u2019\u00e9crits personnels, administratifs, financiers ou juridiques. On y trouve entre autres de la correspondance, des journaux personnels, des proc\u00e8s-verbaux, des livres de comptes, des contrats, des publications, des cartes, des plans et des documents dits \u00e9ph\u00e9m\u00e8res, tels que des carnets de bal, des publicit\u00e9s ou des menus.<\/p>\n<p>Autrefois ax\u00e9e sur l\u2019histoire d\u2019\u00e9v\u00e9nements et de personnages d\u2019importance \u00e0 Montr\u00e9al et au Canada, <strong>la collection se d\u00e9veloppe aujourd\u2019hui en accordant une place privil\u00e9gi\u00e9e \u00e0 l\u2019histoire sociale<\/strong> et \u00e0 celle des familles, au commerce et \u00e0 l\u2019industrie, aux conflits arm\u00e9s, aux clubs sportifs amateurs, aux associations artistiques ou caritatives, \u00e0 des \u00e9v\u00e9nements culturels comme Expo 67, \u00e0 la mode, aux arts, etc.<\/p>\n<p><strong>La collection d\u2019archives du Mus\u00e9e Stewart compte 16 m\u00e8tres lin\u00e9aires d\u2019archives textuelles et plus de 1 000 documents cartographiques<\/strong>, pour la plupart collectionn\u00e9s par David M. Stewart, fondateur du Mus\u00e9e. Elle documente de multiples aspects de l\u2019histoire du Qu\u00e9bec et du Canada depuis la Nouvelle-France dans le cadre plus large de l\u2019histoire atlantique, de nombreux documents concernant aussi l\u2019histoire europ\u00e9enne, en particulier celle de la France et de l\u2019Angleterre, m\u00e9tropoles historiques du Canada. L\u2019histoire militaire y est particuli\u00e8rement bien repr\u00e9sent\u00e9e, avec les fonds de corps tels que le R\u00e9giment royal de l\u2019Artillerie canadienne et les Victoria Rifles of Canada.<\/p>\n<ul class=\"sliderTiny\">\n<li>\n<img decoding=\"async\" src=\"https:\/\/www.musee-mccord-stewart.ca\/app\/uploads\/2015\/06\/c146_a6-2-p1_fr-1200x665.jpg\" alt=\"Carte du site de l\u2019Expo 67, George E. Porcell Enterprises Inc., 1966. C146\/A,6.2, \u00a9 Mus\u00e9e McCord Stewart\" title=\"Carte du site de l\u2019Expo 67, George E. Porcell Enterprises Inc., 1966. C146\/A,6.2, \u00a9 Mus\u00e9e McCord Stewart\" \/>\n<\/li>\n<li>\n<img decoding=\"async\" src=\"https:\/\/www.musee-mccord-stewart.ca\/app\/uploads\/2021\/12\/mccord_collection_nf-9_101116-p1_800px_fr.jpg\" alt=\"Demande de mat\u00e9riel pour l&#039;arm\u00e9e \u00e0 Fran\u00e7ois Bigot, intendant de la Nouvelle-France, par Louis-Antoine de Bougainville, Cap-Rouge, 8 septembre [1758]. S001\/C1.3,2.5, Mus\u00e9e McCord Stewart\" title=\"Demande de mat\u00e9riel pour l&#039;arm\u00e9e \u00e0 Fran\u00e7ois Bigot, intendant de la Nouvelle-France, par Louis-Antoine de Bougainville, Cap-Rouge, 8 septembre [1758]. S001\/C1.3,2.5, Mus\u00e9e McCord Stewart\" \/>\n<\/li>\n<li>\n<img decoding=\"async\" src=\"https:\/\/www.musee-mccord-stewart.ca\/app\/uploads\/2022\/01\/mccord_collection_1979-523_800px_fr.jpg\" alt=\"Jodocus Hondius l\u2019Ancien, &lt;i&gt;Nosce Te Ipsum [Connais-toi toi-m\u00eame]&lt;\/i&gt; (d\u00e9tail), 1590. 1979.523, Mus\u00e9e McCord Stewart\" title=\"Jodocus Hondius l\u2019Ancien, &lt;i&gt;Nosce Te Ipsum [Connais-toi toi-m\u00eame]&lt;\/i&gt; (d\u00e9tail), 1590. 1979.523, Mus\u00e9e McCord Stewart\" \/>\n<\/li>\n<li>\n<img decoding=\"async\" src=\"https:\/\/www.musee-mccord-stewart.ca\/app\/uploads\/2015\/06\/m2012-103-1-p6_fr-553x800.jpg\" alt=\"Livre d&#039;inventaire de la quincaillerie d\u2019Arthur Webster, 1820-1821. Don de Mme Helen Day Cooper, M2012.103.1, Mus\u00e9e McCord Stewart\" title=\"Livre d&#039;inventaire de la quincaillerie d\u2019Arthur Webster, 1820-1821. Don de Mme Helen Day Cooper, M2012.103.1, Mus\u00e9e McCord Stewart\" \/>\n<\/li>\n<li>\n<img decoding=\"async\" src=\"https:\/\/www.musee-mccord-stewart.ca\/app\/uploads\/2021\/12\/mccord_collection_1979-261_800px_fr.jpg\" alt=\"Guillaume Delisle, &lt;i&gt;H\u00e9misph\u00e8re septentrional pour voir plus distinctement les terres arctiques&lt;\/i&gt;, 1714. 1979.261, Mus\u00e9e McCord Stewart\" title=\"Guillaume Delisle, &lt;i&gt;H\u00e9misph\u00e8re septentrional pour voir plus distinctement les terres arctiques&lt;\/i&gt;, 1714. 1979.261, Mus\u00e9e McCord Stewart\" \/>\n<\/li>\n<li>\n<img decoding=\"async\" src=\"https:\/\/www.musee-mccord-stewart.ca\/app\/uploads\/2015\/06\/m2634_fr-934x800.jpg\" alt=\"Journal de voyage de Sir George Back, 1833-1835. Don du r\u00e9v\u00e9rend Norman Pares et David Ross McCord. M2634, Mus\u00e9e McCord Stewart\" title=\"Journal de voyage de Sir George Back, 1833-1835. Don du r\u00e9v\u00e9rend Norman Pares et David Ross McCord. M2634, Mus\u00e9e McCord Stewart\" \/>\n<\/li>\n<li>\n<img decoding=\"async\" src=\"https:\/\/www.musee-mccord-stewart.ca\/app\/uploads\/2015\/06\/m19113-p2_fr-1154x800.jpg\" alt=\"Carnet de notes de Thomas Molson, 1820-1824. Don de Mabel Molson, Fonds de la famille Molson P046, M19113, Mus\u00e9e McCord Stewart\" title=\"Carnet de notes de Thomas Molson, 1820-1824. Don de Mabel Molson, Fonds de la famille Molson P046, M19113, Mus\u00e9e McCord Stewart\" \/>\n<\/li>\n<li>\n<img decoding=\"async\" src=\"https:\/\/www.musee-mccord-stewart.ca\/app\/uploads\/2015\/06\/m20193-ph1_fr-589x800.jpg\" alt=\"Derni\u00e8res volont\u00e9s exprim\u00e9es par Louis Riel au R\u00e9v\u00e9rend P\u00e8re Alexis Andr\u00e9, 16 novembre 1885. Don de Brian McGreevy, Collection Louis Riel C209, M20193, Mus\u00e9e McCord Stewart\" title=\"Derni\u00e8res volont\u00e9s exprim\u00e9es par Louis Riel au R\u00e9v\u00e9rend P\u00e8re Alexis Andr\u00e9, 16 novembre 1885. Don de Brian McGreevy, Collection Louis Riel C209, M20193, Mus\u00e9e McCord Stewart\" \/>\n<\/li>\n<li>\n<img decoding=\"async\" src=\"https:\/\/www.musee-mccord-stewart.ca\/app\/uploads\/2015\/06\/p163_b-01-p1_fr-466x800.jpg\" alt=\"Programme 1911-1912 du Club de Raquettes Le Canadien de St-Henri. Don de Mme Irene Jensen. P163\/B.01, Mus\u00e9e McCord Stewart\" title=\"Programme 1911-1912 du Club de Raquettes Le Canadien de St-Henri. Don de Mme Irene Jensen. P163\/B.01, Mus\u00e9e McCord Stewart\" \/>\n<\/li>\n<\/ul>\n\n<h2>Livres rares<\/h2>\n<p>La collection de livres rares du Mus\u00e9e McCord compte pr\u00e8s de <strong>2 500 livres ou brochures parus entre les 17<sup>e<\/sup>\u00a0et 20<sup>e<\/sup>\u00a0si\u00e8cles<\/strong>. Concentr\u00e9e sur le 19<sup>e<\/sup> et le premier 20<sup>e<\/sup> si\u00e8cle, elle a surtout \u00e9t\u00e9 constitu\u00e9e \u00e0 partir des biblioth\u00e8ques personnelles de David Ross McCord et de William Notman.<\/p>\n<p>Les autres ouvrages qui la composent, le plus souvent publi\u00e9s au Canada, sont compl\u00e9mentaires aux diff\u00e9rentes collections du Mus\u00e9e. On y trouve notamment des livres d\u2019histoire du Canada et de Montr\u00e9al, des annuaires et des almanachs, des livrets touristiques, des livres d\u2019art, des livres en langues autochtones, des r\u00e9cits d\u2019explorateurs, de la litt\u00e9rature jeunesse, des livres portant sur la magie, des recensements militaires et des recueils de plans.<\/p>\n<p>Ces \u00e9crits servent de r\u00e9f\u00e9rence pour la recherche sur les collections tout en constituant des artefacts disponibles \u00e0 la consultation et mis en valeur dans le cadre d\u2019expositions et de projets de diffusion de toutes sortes.<\/p>\n<p><strong>La collection de livres rares du Mus\u00e9e Stewart rassemble quant \u00e0 elle plus de 1\u00a0500 livres anciens parus du 15<sup>e<\/sup> au 19<sup>e<\/sup> si\u00e8cle en Europe et au Canada.<\/strong> Elle illustre l\u2019importance que David M. Stewart r\u00e9servait au document \u00e9crit, qu\u2019il soit manuscrit ou imprim\u00e9, dans la p\u00e9dagogie de l\u2019histoire.<\/p>\n<ul class=\"sliderTiny\">\n<li>\n<img decoding=\"async\" src=\"https:\/\/www.musee-mccord-stewart.ca\/app\/uploads\/2015\/06\/m242-p3_fr-517x800.jpg\" alt=\"F. Mesplet et C. Berger, &lt;i&gt;R\u00e8glement de la confr\u00e9rie de l&#039;adoration perp\u00e9tuelle du S. Sacrement et de la bonne mort&lt;\/i&gt;, 1776. Don de David Ross McCord. M242, Mus\u00e9e McCord Stewart\" title=\"F. Mesplet et C. Berger, &lt;i&gt;R\u00e8glement de la confr\u00e9rie de l&#039;adoration perp\u00e9tuelle du S. Sacrement et de la bonne mort&lt;\/i&gt;, 1776. Don de David Ross McCord. M242, Mus\u00e9e McCord Stewart\" \/>\n<\/li>\n<li>\n<img decoding=\"async\" src=\"https:\/\/www.musee-mccord-stewart.ca\/app\/uploads\/2021\/12\/mccord_collection_hc-1613_1_800px_fr.jpg\" alt=\"Samuel de Champlain, &lt;i&gt;Les voyages du Sieur de Champlain, Xaintongeois, capitaine ordinaire pour le Roy, en la marine&lt;\/i&gt;, 1613. HC-1613, Mus\u00e9e McCord Stewart\" title=\"Samuel de Champlain, &lt;i&gt;Les voyages du Sieur de Champlain, Xaintongeois, capitaine ordinaire pour le Roy, en la marine&lt;\/i&gt;, 1613. HC-1613, Mus\u00e9e McCord Stewart\" \/>\n<\/li>\n<li>\n<img decoding=\"async\" src=\"https:\/\/www.musee-mccord-stewart.ca\/app\/uploads\/2015\/06\/m2004-117-20-p5_fr-1041x800.jpg\" alt=\"Jacques Grasset de Saint-Sauveur, &lt;i&gt;Moeurs, loix et costumes des sauvages de la Baye d&#039;Hudson&lt;\/i&gt;, vers 1796. Don de Dr. J. lawrence Hutchison. M2004.117.20, Mus\u00e9e McCord Stewart\" title=\"Jacques Grasset de Saint-Sauveur, &lt;i&gt;Moeurs, loix et costumes des sauvages de la Baye d&#039;Hudson&lt;\/i&gt;, vers 1796. Don de Dr. J. lawrence Hutchison. M2004.117.20, Mus\u00e9e McCord Stewart\" \/>\n<\/li>\n<li>\n<img decoding=\"async\" src=\"https:\/\/www.musee-mccord-stewart.ca\/app\/uploads\/2015\/06\/m2010-19-23-p2_fr-1078x800.jpg\" alt=\"Manuel de pri\u00e8res en hi\u00e9roglyphes mi\u2019kmaq, 1921. Don de J\u00e9r\u00f4me Rousseau. M2010.19.23, Mus\u00e9e McCord Stewart\" title=\"Manuel de pri\u00e8res en hi\u00e9roglyphes mi\u2019kmaq, 1921. Don de J\u00e9r\u00f4me Rousseau. M2010.19.23, Mus\u00e9e McCord Stewart\" \/>\n<\/li>\n<li>\n<img decoding=\"async\" src=\"https:\/\/www.musee-mccord-stewart.ca\/app\/uploads\/2015\/06\/m11712-p6_fr.jpg\" alt=\"Fran\u00e7ois Du Creux, &lt;i&gt;Historiae Canadensis, sev Novae-Franciae Libri Decem, Ad Annum usque Christi&lt;\/i&gt;, 1664. Don de Ward C. Pitfield. M11712, Mus\u00e9e McCord Stewart\" title=\"Fran\u00e7ois Du Creux, &lt;i&gt;Historiae Canadensis, sev Novae-Franciae Libri Decem, Ad Annum usque Christi&lt;\/i&gt;, 1664. Don de Ward C. Pitfield. M11712, Mus\u00e9e McCord Stewart\" \/>\n<\/li>\n<li>\n<img decoding=\"async\" src=\"https:\/\/www.musee-mccord-stewart.ca\/app\/uploads\/2015\/06\/rb-0695_fr-1200x634.jpg\" alt=\"&lt;i&gt;Diseases of the Nervous System, and How to Cure Them : Paine&#039;s Celery Compound&lt;\/i&gt;, Wells &amp; Richardson Co., 1896. RB-0695, Mus\u00e9e McCord Stewart\" title=\"&lt;i&gt;Diseases of the Nervous System, and How to Cure Them : Paine&#039;s Celery Compound&lt;\/i&gt;, Wells &amp; Richardson Co., 1896. RB-0695, Mus\u00e9e McCord Stewart\" \/>\n<\/li>\n<li>\n<img decoding=\"async\" src=\"https:\/\/www.musee-mccord-stewart.ca\/app\/uploads\/2015\/06\/rb-1889-p1_fr-1002x800.jpg\" alt=\"J. Bell, Gallery of Fine Arts, &lt;i&gt;La Belle Assembl\u00e9e or, Bell&#039;s Court and Fashionable Magazine, addressed particulary to The Ladies&lt;\/i&gt;, vol. I part II, 1806. M2011X.6.33, Mus\u00e9e McCord Stewart\" title=\"J. Bell, Gallery of Fine Arts, &lt;i&gt;La Belle Assembl\u00e9e or, Bell&#039;s Court and Fashionable Magazine, addressed particulary to The Ladies&lt;\/i&gt;, vol. I part II, 1806. M2011X.6.33, Mus\u00e9e McCord Stewart\" \/>\n<\/li>\n<\/ul>\n\n","protected":false},"excerpt":{"rendered":"<p>La collection Archives comprend 850 ensembles documentaires, soit une majorit\u00e9 de fonds d\u2019archives provenant de particuliers, de familles ou d\u2019organismes, ainsi que des collections sp\u00e9ciales constitu\u00e9es autour de th\u00e8mes ou de types de documents. Totalisant plus de 340 m\u00e8tres lin\u00e9aires, les archives portent sur l\u2019ensemble de l\u2019histoire canadienne, mais plus particuli\u00e8rement sur celle de Montr\u00e9al [&hellip;]<\/p>\n","protected":false},"author":3,"featured_media":0,"parent":39985,"menu_order":0,"comment_status":"closed","ping_status":"closed","template":"page-templates\/page-texte.php","meta":{"footnotes":""},"categories":[],"tags":[],"acf":[],"yoast_head":"<!-- This site is optimized with the Yoast SEO Premium plugin v20.11 (Yoast SEO v20.11) - https:\/\/yoast.com\/wordpress\/plugins\/seo\/ -->\n<title>Archives - Mus\u00e9e McCord Stewart<\/title>\n<meta name=\"description\" content=\"La collection Archives porte sur l\u2019ensemble de l\u2019histoire canadienne, mais plus particuli\u00e8rement sur celle de Montr\u00e9al et des Montr\u00e9alais au cours des 19e et 20e si\u00e8cles.\" \/>\n<meta name=\"robots\" content=\"index, follow, max-snippet:-1, max-image-preview:large, max-video-preview:-1\" \/>\n<link rel=\"canonical\" href=\"https:\/\/www.musee-mccord-stewart.ca\/fr\/collections\/archives\/\" \/>\n<meta property=\"og:locale\" content=\"fr_FR\" \/>\n<meta property=\"og:type\" content=\"article\" \/>\n<meta property=\"og:title\" content=\"Archives\" \/>\n<meta property=\"og:description\" content=\"La collection Archives porte sur l\u2019ensemble de l\u2019histoire canadienne, mais plus particuli\u00e8rement sur celle de Montr\u00e9al et des Montr\u00e9alais au cours des 19e et 20e si\u00e8cles.\" \/>\n<meta property=\"og:url\" content=\"https:\/\/www.musee-mccord-stewart.ca\/fr\/collections\/archives\/\" \/>\n<meta property=\"og:site_name\" content=\"Mus\u00e9e McCord Stewart\" \/>\n<meta property=\"article:publisher\" content=\"https:\/\/www.facebook.com\/museemccordstewart\" \/>\n<meta property=\"article:modified_time\" content=\"2025-12-10T20:00:08+00:00\" \/>\n<meta property=\"og:image\" content=\"https:\/\/www.musee-mccord-stewart.ca\/app\/uploads\/2022\/02\/mccord_collection_archives_1979-523_800px_640x375.jpg\" \/>\n\t<meta property=\"og:image:width\" content=\"640\" \/>\n\t<meta property=\"og:image:height\" content=\"375\" \/>\n\t<meta property=\"og:image:type\" content=\"image\/jpeg\" \/>\n<meta name=\"twitter:card\" content=\"summary_large_image\" \/>\n<meta name=\"twitter:description\" content=\"La collection Archives porte sur l\u2019ensemble de l\u2019histoire canadienne, mais plus particuli\u00e8rement sur celle de Montr\u00e9al et des Montr\u00e9alais au cours des 19e et 20e si\u00e8cles.\" \/>\n<meta name=\"twitter:site\" content=\"@MuseeMcCordStew\" \/>\n<meta name=\"twitter:label1\" content=\"Dur\u00e9e de lecture estim\u00e9e\" \/>\n\t<meta name=\"twitter:data1\" content=\"3 minutes\" \/>\n<script type=\"application\/ld+json\" class=\"yoast-schema-graph\">{\"@context\":\"https:\/\/schema.org\",\"@graph\":[{\"@type\":\"WebPage\",\"@id\":\"https:\/\/www.musee-mccord-stewart.ca\/fr\/collections\/archives\/\",\"url\":\"https:\/\/www.musee-mccord-stewart.ca\/fr\/collections\/archives\/\",\"name\":\"Archives - Mus\u00e9e McCord Stewart\",\"isPartOf\":{\"@id\":\"https:\/\/www.musee-mccord-stewart.ca\/fr\/#website\"},\"datePublished\":\"2015-04-30T03:12:40+00:00\",\"dateModified\":\"2025-12-10T20:00:08+00:00\",\"description\":\"La collection Archives porte sur l\u2019ensemble de l\u2019histoire canadienne, mais plus particuli\u00e8rement sur celle de Montr\u00e9al et des Montr\u00e9alais au cours des 19e et 20e si\u00e8cles.\",\"breadcrumb\":{\"@id\":\"https:\/\/www.musee-mccord-stewart.ca\/fr\/collections\/archives\/#breadcrumb\"},\"inLanguage\":\"fr-FR\",\"potentialAction\":[{\"@type\":\"ReadAction\",\"target\":[\"https:\/\/www.musee-mccord-stewart.ca\/fr\/collections\/archives\/\"]}]},{\"@type\":\"BreadcrumbList\",\"@id\":\"https:\/\/www.musee-mccord-stewart.ca\/fr\/collections\/archives\/#breadcrumb\",\"itemListElement\":[{\"@type\":\"ListItem\",\"position\":1,\"name\":\"Accueil\",\"item\":\"https:\/\/www.musee-mccord-stewart.ca\/fr\/\"},{\"@type\":\"ListItem\",\"position\":2,\"name\":\"Collections\",\"item\":\"https:\/\/www.musee-mccord-stewart.ca\/fr\/collections\/\"},{\"@type\":\"ListItem\",\"position\":3,\"name\":\"Archives\"}]},{\"@type\":\"WebSite\",\"@id\":\"https:\/\/www.musee-mccord-stewart.ca\/fr\/#website\",\"url\":\"https:\/\/www.musee-mccord-stewart.ca\/fr\/\",\"name\":\"Mus\u00e9e McCord Stewart\",\"description\":\"Notre monde, nos histoires\",\"publisher\":{\"@id\":\"https:\/\/www.musee-mccord-stewart.ca\/fr\/#organization\"},\"alternateName\":\"MCS\",\"potentialAction\":[{\"@type\":\"SearchAction\",\"target\":{\"@type\":\"EntryPoint\",\"urlTemplate\":\"https:\/\/www.musee-mccord-stewart.ca\/fr\/?s={search_term_string}\"},\"query-input\":\"required name=search_term_string\"}],\"inLanguage\":\"fr-FR\"},{\"@type\":\"Organization\",\"@id\":\"https:\/\/www.musee-mccord-stewart.ca\/fr\/#organization\",\"name\":\"McCord Stewart Museum\",\"alternateName\":\"MCS\",\"url\":\"https:\/\/www.musee-mccord-stewart.ca\/fr\/\",\"logo\":{\"@type\":\"ImageObject\",\"inLanguage\":\"fr-FR\",\"@id\":\"https:\/\/www.musee-mccord-stewart.ca\/fr\/#\/schema\/logo\/image\/\",\"url\":\"https:\/\/www.musee-mccord-stewart.ca\/app\/uploads\/2023\/05\/logo_museemccordstewart_horizontal_noir_slogan.svg\",\"contentUrl\":\"https:\/\/www.musee-mccord-stewart.ca\/app\/uploads\/2023\/05\/logo_museemccordstewart_horizontal_noir_slogan.svg\",\"width\":1,\"height\":1,\"caption\":\"McCord Stewart Museum\"},\"image\":{\"@id\":\"https:\/\/www.musee-mccord-stewart.ca\/fr\/#\/schema\/logo\/image\/\"},\"sameAs\":[\"https:\/\/www.facebook.com\/museemccordstewart\",\"https:\/\/twitter.com\/MuseeMcCordStew\",\"https:\/\/instagram.com\/museemccordstewart\",\"https:\/\/www.linkedin.com\/company\/museemccordstewart\/\",\"https:\/\/www.pinterest.com\/museemccordstewart\/\",\"https:\/\/www.youtube.com\/c\/MuseeMcCordStewartMuseum\"]}]}<\/script>\n<!-- \/ Yoast SEO Premium plugin. -->","yoast_head_json":{"title":"Archives - Mus\u00e9e McCord Stewart","description":"La collection Archives porte sur l\u2019ensemble de l\u2019histoire canadienne, mais plus particuli\u00e8rement sur celle de Montr\u00e9al et des Montr\u00e9alais au cours des 19e et 20e si\u00e8cles.","robots":{"index":"index","follow":"follow","max-snippet":"max-snippet:-1","max-image-preview":"max-image-preview:large","max-video-preview":"max-video-preview:-1"},"canonical":"https:\/\/www.musee-mccord-stewart.ca\/fr\/collections\/archives\/","og_locale":"fr_FR","og_type":"article","og_title":"Archives","og_description":"La collection Archives porte sur l\u2019ensemble de l\u2019histoire canadienne, mais plus particuli\u00e8rement sur celle de Montr\u00e9al et des Montr\u00e9alais au cours des 19e et 20e si\u00e8cles.","og_url":"https:\/\/www.musee-mccord-stewart.ca\/fr\/collections\/archives\/","og_site_name":"Mus\u00e9e McCord Stewart","article_publisher":"https:\/\/www.facebook.com\/museemccordstewart","article_modified_time":"2025-12-10T20:00:08+00:00","og_image":[{"width":640,"height":375,"url":"https:\/\/www.musee-mccord-stewart.ca\/app\/uploads\/2022\/02\/mccord_collection_archives_1979-523_800px_640x375.jpg","type":"image\/jpeg"}],"twitter_card":"summary_large_image","twitter_description":"La collection Archives porte sur l\u2019ensemble de l\u2019histoire canadienne, mais plus particuli\u00e8rement sur celle de Montr\u00e9al et des Montr\u00e9alais au cours des 19e et 20e si\u00e8cles.","twitter_site":"@MuseeMcCordStew","twitter_misc":{"Dur\u00e9e de lecture estim\u00e9e":"3 minutes"},"schema":{"@context":"https:\/\/schema.org","@graph":[{"@type":"WebPage","@id":"https:\/\/www.musee-mccord-stewart.ca\/fr\/collections\/archives\/","url":"https:\/\/www.musee-mccord-stewart.ca\/fr\/collections\/archives\/","name":"Archives - Mus\u00e9e McCord Stewart","isPartOf":{"@id":"https:\/\/www.musee-mccord-stewart.ca\/fr\/#website"},"datePublished":"2015-04-30T03:12:40+00:00","dateModified":"2025-12-10T20:00:08+00:00","description":"La collection Archives porte sur l\u2019ensemble de l\u2019histoire canadienne, mais plus particuli\u00e8rement sur celle de Montr\u00e9al et des Montr\u00e9alais au cours des 19e et 20e si\u00e8cles.","breadcrumb":{"@id":"https:\/\/www.musee-mccord-stewart.ca\/fr\/collections\/archives\/#breadcrumb"},"inLanguage":"fr-FR","potentialAction":[{"@type":"ReadAction","target":["https:\/\/www.musee-mccord-stewart.ca\/fr\/collections\/archives\/"]}]},{"@type":"BreadcrumbList","@id":"https:\/\/www.musee-mccord-stewart.ca\/fr\/collections\/archives\/#breadcrumb","itemListElement":[{"@type":"ListItem","position":1,"name":"Accueil","item":"https:\/\/www.musee-mccord-stewart.ca\/fr\/"},{"@type":"ListItem","position":2,"name":"Collections","item":"https:\/\/www.musee-mccord-stewart.ca\/fr\/collections\/"},{"@type":"ListItem","position":3,"name":"Archives"}]},{"@type":"WebSite","@id":"https:\/\/www.musee-mccord-stewart.ca\/fr\/#website","url":"https:\/\/www.musee-mccord-stewart.ca\/fr\/","name":"Mus\u00e9e McCord Stewart","description":"Notre monde, nos histoires","publisher":{"@id":"https:\/\/www.musee-mccord-stewart.ca\/fr\/#organization"},"alternateName":"MCS","potentialAction":[{"@type":"SearchAction","target":{"@type":"EntryPoint","urlTemplate":"https:\/\/www.musee-mccord-stewart.ca\/fr\/?s={search_term_string}"},"query-input":"required name=search_term_string"}],"inLanguage":"fr-FR"},{"@type":"Organization","@id":"https:\/\/www.musee-mccord-stewart.ca\/fr\/#organization","name":"McCord Stewart Museum","alternateName":"MCS","url":"https:\/\/www.musee-mccord-stewart.ca\/fr\/","logo":{"@type":"ImageObject","inLanguage":"fr-FR","@id":"https:\/\/www.musee-mccord-stewart.ca\/fr\/#\/schema\/logo\/image\/","url":"https:\/\/www.musee-mccord-stewart.ca\/app\/uploads\/2023\/05\/logo_museemccordstewart_horizontal_noir_slogan.svg","contentUrl":"https:\/\/www.musee-mccord-stewart.ca\/app\/uploads\/2023\/05\/logo_museemccordstewart_horizontal_noir_slogan.svg","width":1,"height":1,"caption":"McCord Stewart Museum"},"image":{"@id":"https:\/\/www.musee-mccord-stewart.ca\/fr\/#\/schema\/logo\/image\/"},"sameAs":["https:\/\/www.facebook.com\/museemccordstewart","https:\/\/twitter.com\/MuseeMcCordStew","https:\/\/instagram.com\/museemccordstewart","https:\/\/www.linkedin.com\/company\/museemccordstewart\/","https:\/\/www.pinterest.com\/museemccordstewart\/","https:\/\/www.youtube.com\/c\/MuseeMcCordStewartMuseum"]}]}},"_links":{"self":[{"href":"https:\/\/www.musee-mccord-stewart.ca\/fr\/wp-json\/wp\/v2\/pages\/1816"}],"collection":[{"href":"https:\/\/www.musee-mccord-stewart.ca\/fr\/wp-json\/wp\/v2\/pages"}],"about":[{"href":"https:\/\/www.musee-mccord-stewart.ca\/fr\/wp-json\/wp\/v2\/types\/page"}],"author":[{"embeddable":true,"href":"https:\/\/www.musee-mccord-stewart.ca\/fr\/wp-json\/wp\/v2\/users\/3"}],"replies":[{"embeddable":true,"href":"https:\/\/www.musee-mccord-stewart.ca\/fr\/wp-json\/wp\/v2\/comments?post=1816"}],"version-history":[{"count":0,"href":"https:\/\/www.musee-mccord-stewart.ca\/fr\/wp-json\/wp\/v2\/pages\/1816\/revisions"}],"up":[{"embeddable":true,"href":"https:\/\/www.musee-mccord-stewart.ca\/fr\/wp-json\/wp\/v2\/pages\/39985"}],"wp:attachment":[{"href":"https:\/\/www.musee-mccord-stewart.ca\/fr\/wp-json\/wp\/v2\/media?parent=1816"}],"wp:term":[{"taxonomy":"category","embeddable":true,"href":"https:\/\/www.musee-mccord-stewart.ca\/fr\/wp-json\/wp\/v2\/categories?post=1816"},{"taxonomy":"post_tag","embeddable":true,"href":"https:\/\/www.musee-mccord-stewart.ca\/fr\/wp-json\/wp\/v2\/tags?post=1816"}],"curies":[{"name":"wp","href":"https:\/\/api.w.org\/{rel}","templated":true}]}}