{"id":1814,"date":"2015-04-29T23:08:23","date_gmt":"2015-04-30T03:08:23","guid":{"rendered":"http:\/\/www.musee-mccord-stewart.ca\/?page_id=1814"},"modified":"2025-12-11T16:58:59","modified_gmt":"2025-12-11T21:58:59","slug":"photographie","status":"publish","type":"page","link":"https:\/\/www.musee-mccord-stewart.ca\/fr\/collections\/photographie\/","title":{"rendered":"Photographie"},"content":{"rendered":"<p>La collection Photographie regroupe plus de <strong>2\u00a0150 000 photographies qui documentent principalement l\u2019histoire sociale de Montr\u00e9al, mais \u00e9galement celle du Qu\u00e9bec et du Canada<\/strong>, allant d\u2019une s\u00e9rie de daguerr\u00e9otypes cr\u00e9\u00e9s dans les ann\u00e9es 1840 \u00e0 des images num\u00e9riques contemporaines.<br \/>\n<a class=\"cta\" title=\"\" href=\"https:\/\/collections.musee-mccord-stewart.ca\/fr\/collections\/155926\/photography\/objects\">Explorez la collection en ligne<i class=\"arrow-right-thickicon-\"><\/i><\/a><\/p>\n<p>Les <strong><a href=\"https:\/\/www.musee-mccord-stewart.ca\/fr\/collections\/photographie\/archives-photographiques-notman\/\">Archives photographiques Notman<\/a> constituent le c\u0153ur de la collection<\/strong> avec environ\u00a0<strong>200 000 n\u00e9gatifs<\/strong>\u00a0sur plaque de verre,\u00a0<strong>400 000 \u00e9preuves<\/strong>\u00a0et des\u00a0<strong>centaines de registres et de livres comptables<\/strong> produits par le studio fond\u00e9 \u00e0 Montr\u00e9al en 1856 par William Notman (1826-1891) et dirig\u00e9 par ses fils jusqu\u2019en 1935.<\/p>\n<p>Comprenant des n\u00e9gatifs sur verre et des tirages d\u2019\u00e9poque, des st\u00e9r\u00e9ographies, des photographies peintes et des photographies composites, cette partie de la collection montre la croissance du Canada durant la seconde moiti\u00e9 du 19<sup>e<\/sup>\u00a0si\u00e8cle, le r\u00f4le pr\u00e9pond\u00e9rant de Montr\u00e9al dans son d\u00e9veloppement socio-\u00e9conomique, ainsi que l\u2019expansion vers de l\u2019Ouest et la construction du chemin de fer transcontinental. Les <a href=\"https:\/\/www.musee-mccord-stewart.ca\/fr\/collections\/photographie\/archives-photographiques-notman\/\">Archives photographiques Notman<\/a> sont inscrites au <a href=\"https:\/\/www.musee-mccord-stewart.ca\/fr\/nouvelles\/inscription-archives-photographiques-notman-unesco\/\"><strong>Registre international de la M\u00e9moire du monde de l&rsquo;UNESCO<\/strong><\/a>.<\/p>\n<p>Par ailleurs, la collection contient des milliers de photographies sous forme d\u2019albums, de s\u00e9ries et de portfolios, r\u00e9alis\u00e9es par des professionnels, des amateurs et des artistes. <strong>Elle constitue une source abondante de photographies vernaculaires et d\u2019images des Autochtones.<\/strong><\/p>\n<p>En compl\u00e9ment des photographies, le Mus\u00e9e d\u00e9tient une collection d\u2019appareils photo et d\u2019accessoires jalonnant l\u2019\u00e9volution technique de la photographie, ainsi que des appareils de visionnement en usage au Canada, tels que des st\u00e9r\u00e9oscopes, des lanternes magiques et des projecteurs modernes.<\/p>\n<ul class=\"sliderTiny\">\n<li>\n<img decoding=\"async\" src=\"https:\/\/www.musee-mccord-stewart.ca\/app\/uploads\/2015\/06\/n-0000-1956-1-8-p1_fr-570x800.jpg\" alt=\"William Notman, Registre, Picture Book No. 8, 1863. N-0000.1956.1.8 \u00a9 Mus\u00e9e McCord Stewart\" title=\"William Notman, Registre, Picture Book No. 8, 1863. N-0000.1956.1.8 \u00a9 Mus\u00e9e McCord Stewart\" \/>\n<\/li>\n<li>\n<img decoding=\"async\" src=\"https:\/\/www.musee-mccord-stewart.ca\/app\/uploads\/2015\/06\/mp-1974-16-21-p1_fr-678x800.jpg\" alt=\"Gabor Szilasi, &lt;i&gt;M. et Mme Adrien Ouellette, (Louise Labb\u00e9), Saint-Joseph de Beauce&lt;\/i&gt;, 1973. Don de Gabor Szilasi, MP-1974.16.21 \u00a9 Mus\u00e9e McCord Stewart\" title=\"Gabor Szilasi, &lt;i&gt;M. et Mme Adrien Ouellette, (Louise Labb\u00e9), Saint-Joseph de Beauce&lt;\/i&gt;, 1973. Don de Gabor Szilasi, MP-1974.16.21 \u00a9 Mus\u00e9e McCord Stewart\" \/>\n<\/li>\n<li>\n<img decoding=\"async\" src=\"https:\/\/www.musee-mccord-stewart.ca\/app\/uploads\/2015\/06\/mp-1973-49-3-14-p1_fr-985x800.jpg\" alt=\"William Hanson Boorne, &lt;i&gt;Astokumi et une femme, Tsuu T&#039;ina, pr\u00e8s de Calgary&lt;\/i&gt;, 1885. Don de M. et Mme T. E. Stevenson. MP-1973.49.3.14 \u00a9 Mus\u00e9e McCord Stewart\" title=\"William Hanson Boorne, &lt;i&gt;Astokumi et une femme, Tsuu T&#039;ina, pr\u00e8s de Calgary&lt;\/i&gt;, 1885. Don de M. et Mme T. E. Stevenson. MP-1973.49.3.14 \u00a9 Mus\u00e9e McCord Stewart\" \/>\n<\/li>\n<li>\n<img decoding=\"async\" src=\"https:\/\/www.musee-mccord-stewart.ca\/app\/uploads\/2015\/06\/mp-0000-427-1-p3_fr-1168x800.jpg\" alt=\"Photographe inconnu, &lt;i&gt;Les enfants Dawes&lt;\/i&gt;, vers 1850, daguerr\u00e9otype. Don de Mme A. Sidney Dawes, MP-0000.427.1 \u00a9 Mus\u00e9e McCord Stewart\" title=\"Photographe inconnu, &lt;i&gt;Les enfants Dawes&lt;\/i&gt;, vers 1850, daguerr\u00e9otype. Don de Mme A. Sidney Dawes, MP-0000.427.1 \u00a9 Mus\u00e9e McCord Stewart\" \/>\n<\/li>\n<li>\n<img decoding=\"async\" src=\"https:\/\/www.musee-mccord-stewart.ca\/app\/uploads\/2015\/06\/mp-0000-308-5-p1_fr-1200x728.jpg\" alt=\"Alexander Henderson, &lt;i&gt;Inondation printani\u00e8re, pr\u00e8s de Montr\u00e9al&lt;\/i&gt;, vers 1865. MP-0000.308.5 \u00a9 Mus\u00e9e McCord Stewart\" title=\"Alexander Henderson, &lt;i&gt;Inondation printani\u00e8re, pr\u00e8s de Montr\u00e9al&lt;\/i&gt;, vers 1865. MP-0000.308.5 \u00a9 Mus\u00e9e McCord Stewart\" \/>\n<\/li>\n<li>\n<img decoding=\"async\" src=\"https:\/\/www.musee-mccord-stewart.ca\/app\/uploads\/2015\/06\/mp-0000-10-170-p1_fr-1078x800.jpg\" alt=\"Alexander Henderson, &lt;i&gt;Vue en plong\u00e9e des jardins du S\u00e9minaire, Montr\u00e9al&lt;\/i&gt;, vers 1870. MP-0000.10.170 \u00a9 Mus\u00e9e McCord Stewart\" title=\"Alexander Henderson, &lt;i&gt;Vue en plong\u00e9e des jardins du S\u00e9minaire, Montr\u00e9al&lt;\/i&gt;, vers 1870. MP-0000.10.170 \u00a9 Mus\u00e9e McCord Stewart\" \/>\n<\/li>\n<li>\n<img decoding=\"async\" src=\"https:\/\/www.musee-mccord-stewart.ca\/app\/uploads\/2015\/06\/m2011-64-2-3-177-p2_fr-1200x718.jpg\" alt=\"Harry Sutcliffe, &lt;i&gt;Le lac aux Castors dans le parc du Mont-Royal, Montr\u00e9al&lt;\/i&gt;, vers 1939. Don de Peter, Paul, Robert et Carolyn Sutcliffe, M2011.64.2.3.177 \u00a9 Mus\u00e9e McCord Stewart\" title=\"Harry Sutcliffe, &lt;i&gt;Le lac aux Castors dans le parc du Mont-Royal, Montr\u00e9al&lt;\/i&gt;, vers 1939. Don de Peter, Paul, Robert et Carolyn Sutcliffe, M2011.64.2.3.177 \u00a9 Mus\u00e9e McCord Stewart\" \/>\n<\/li>\n<\/ul>\n\n<hr \/>\n<p>Le Fonds Standard Life \u2013 Notman octroie du financement annuellement pour l\u2019entretien et la diffusion de la Collection Notman.<\/p>\n","protected":false},"excerpt":{"rendered":"<p>La collection Photographie regroupe plus de 2\u00a0150 000 photographies qui documentent principalement l\u2019histoire sociale de Montr\u00e9al, mais \u00e9galement celle du Qu\u00e9bec et du Canada, allant d\u2019une s\u00e9rie de daguerr\u00e9otypes cr\u00e9\u00e9s dans les ann\u00e9es 1840 \u00e0 des images num\u00e9riques contemporaines. Explorez la collection en ligne Les Archives photographiques Notman constituent le c\u0153ur de la collection avec [&hellip;]<\/p>\n","protected":false},"author":3,"featured_media":0,"parent":39985,"menu_order":0,"comment_status":"closed","ping_status":"closed","template":"page-templates\/page-texte.php","meta":{"footnotes":""},"categories":[],"tags":[],"acf":[],"yoast_head":"<!-- This site is optimized with the Yoast SEO Premium plugin v20.11 (Yoast SEO v20.11) - https:\/\/yoast.com\/wordpress\/plugins\/seo\/ -->\n<title>Photographie - McCord Stewart Museum<\/title>\n<meta name=\"description\" content=\"La collection Photographie regroupe plus de 2 150 000 photographies qui documentent principalement l\u2019histoire sociale de Montr\u00e9al, mais \u00e9galement celle du Qu\u00e9bec et du Canada.\" \/>\n<meta name=\"robots\" content=\"index, follow, max-snippet:-1, max-image-preview:large, max-video-preview:-1\" \/>\n<link rel=\"canonical\" href=\"https:\/\/www.musee-mccord-stewart.ca\/fr\/collections\/photographie\/\" \/>\n<meta property=\"og:locale\" content=\"fr_FR\" \/>\n<meta property=\"og:type\" content=\"article\" \/>\n<meta property=\"og:title\" content=\"Photographie\" \/>\n<meta property=\"og:description\" content=\"La collection Photographie regroupe plus de 2\u00a0150 000 photographies qui documentent principalement l\u2019histoire sociale de Montr\u00e9al, mais \u00e9galement celle du\" \/>\n<meta property=\"og:url\" content=\"https:\/\/www.musee-mccord-stewart.ca\/fr\/collections\/photographie\/\" \/>\n<meta property=\"og:site_name\" content=\"Mus\u00e9e McCord Stewart\" \/>\n<meta property=\"article:publisher\" content=\"https:\/\/www.facebook.com\/museemccordstewart\" \/>\n<meta property=\"article:modified_time\" content=\"2025-12-11T21:58:59+00:00\" \/>\n<meta property=\"og:image\" content=\"https:\/\/www.musee-mccord-stewart.ca\/app\/uploads\/2015\/06\/n-0000-1956-1-8-p1_fr-570x800.jpg\" \/>\n<meta name=\"twitter:card\" content=\"summary_large_image\" \/>\n<meta name=\"twitter:site\" content=\"@MuseeMcCordStew\" \/>\n<meta name=\"twitter:label1\" content=\"Dur\u00e9e de lecture estim\u00e9e\" \/>\n\t<meta name=\"twitter:data1\" content=\"2 minutes\" \/>\n<script type=\"application\/ld+json\" class=\"yoast-schema-graph\">{\"@context\":\"https:\/\/schema.org\",\"@graph\":[{\"@type\":\"WebPage\",\"@id\":\"https:\/\/www.musee-mccord-stewart.ca\/fr\/collections\/photographie\/\",\"url\":\"https:\/\/www.musee-mccord-stewart.ca\/fr\/collections\/photographie\/\",\"name\":\"Photographie - McCord Stewart Museum\",\"isPartOf\":{\"@id\":\"https:\/\/www.musee-mccord-stewart.ca\/fr\/#website\"},\"datePublished\":\"2015-04-30T03:08:23+00:00\",\"dateModified\":\"2025-12-11T21:58:59+00:00\",\"description\":\"La collection Photographie regroupe plus de 2 150 000 photographies qui documentent principalement l\u2019histoire sociale de Montr\u00e9al, mais \u00e9galement celle du Qu\u00e9bec et du Canada.\",\"breadcrumb\":{\"@id\":\"https:\/\/www.musee-mccord-stewart.ca\/fr\/collections\/photographie\/#breadcrumb\"},\"inLanguage\":\"fr-FR\",\"potentialAction\":[{\"@type\":\"ReadAction\",\"target\":[\"https:\/\/www.musee-mccord-stewart.ca\/fr\/collections\/photographie\/\"]}]},{\"@type\":\"BreadcrumbList\",\"@id\":\"https:\/\/www.musee-mccord-stewart.ca\/fr\/collections\/photographie\/#breadcrumb\",\"itemListElement\":[{\"@type\":\"ListItem\",\"position\":1,\"name\":\"Accueil\",\"item\":\"https:\/\/www.musee-mccord-stewart.ca\/fr\/\"},{\"@type\":\"ListItem\",\"position\":2,\"name\":\"Collections\",\"item\":\"https:\/\/www.musee-mccord-stewart.ca\/fr\/collections\/\"},{\"@type\":\"ListItem\",\"position\":3,\"name\":\"Photographie\"}]},{\"@type\":\"WebSite\",\"@id\":\"https:\/\/www.musee-mccord-stewart.ca\/fr\/#website\",\"url\":\"https:\/\/www.musee-mccord-stewart.ca\/fr\/\",\"name\":\"Mus\u00e9e McCord Stewart\",\"description\":\"Notre monde, nos histoires\",\"publisher\":{\"@id\":\"https:\/\/www.musee-mccord-stewart.ca\/fr\/#organization\"},\"alternateName\":\"MCS\",\"potentialAction\":[{\"@type\":\"SearchAction\",\"target\":{\"@type\":\"EntryPoint\",\"urlTemplate\":\"https:\/\/www.musee-mccord-stewart.ca\/fr\/?s={search_term_string}\"},\"query-input\":\"required name=search_term_string\"}],\"inLanguage\":\"fr-FR\"},{\"@type\":\"Organization\",\"@id\":\"https:\/\/www.musee-mccord-stewart.ca\/fr\/#organization\",\"name\":\"McCord Stewart Museum\",\"alternateName\":\"MCS\",\"url\":\"https:\/\/www.musee-mccord-stewart.ca\/fr\/\",\"logo\":{\"@type\":\"ImageObject\",\"inLanguage\":\"fr-FR\",\"@id\":\"https:\/\/www.musee-mccord-stewart.ca\/fr\/#\/schema\/logo\/image\/\",\"url\":\"https:\/\/www.musee-mccord-stewart.ca\/app\/uploads\/2023\/05\/logo_museemccordstewart_horizontal_noir_slogan.svg\",\"contentUrl\":\"https:\/\/www.musee-mccord-stewart.ca\/app\/uploads\/2023\/05\/logo_museemccordstewart_horizontal_noir_slogan.svg\",\"width\":1,\"height\":1,\"caption\":\"McCord Stewart Museum\"},\"image\":{\"@id\":\"https:\/\/www.musee-mccord-stewart.ca\/fr\/#\/schema\/logo\/image\/\"},\"sameAs\":[\"https:\/\/www.facebook.com\/museemccordstewart\",\"https:\/\/twitter.com\/MuseeMcCordStew\",\"https:\/\/instagram.com\/museemccordstewart\",\"https:\/\/www.linkedin.com\/company\/museemccordstewart\/\",\"https:\/\/www.pinterest.com\/museemccordstewart\/\",\"https:\/\/www.youtube.com\/c\/MuseeMcCordStewartMuseum\"]}]}<\/script>\n<!-- \/ Yoast SEO Premium plugin. -->","yoast_head_json":{"title":"Photographie - McCord Stewart Museum","description":"La collection Photographie regroupe plus de 2 150 000 photographies qui documentent principalement l\u2019histoire sociale de Montr\u00e9al, mais \u00e9galement celle du Qu\u00e9bec et du Canada.","robots":{"index":"index","follow":"follow","max-snippet":"max-snippet:-1","max-image-preview":"max-image-preview:large","max-video-preview":"max-video-preview:-1"},"canonical":"https:\/\/www.musee-mccord-stewart.ca\/fr\/collections\/photographie\/","og_locale":"fr_FR","og_type":"article","og_title":"Photographie","og_description":"La collection Photographie regroupe plus de 2\u00a0150 000 photographies qui documentent principalement l\u2019histoire sociale de Montr\u00e9al, mais \u00e9galement celle du","og_url":"https:\/\/www.musee-mccord-stewart.ca\/fr\/collections\/photographie\/","og_site_name":"Mus\u00e9e McCord Stewart","article_publisher":"https:\/\/www.facebook.com\/museemccordstewart","article_modified_time":"2025-12-11T21:58:59+00:00","og_image":[{"url":"https:\/\/www.musee-mccord-stewart.ca\/app\/uploads\/2015\/06\/n-0000-1956-1-8-p1_fr-570x800.jpg"}],"twitter_card":"summary_large_image","twitter_site":"@MuseeMcCordStew","twitter_misc":{"Dur\u00e9e de lecture estim\u00e9e":"2 minutes"},"schema":{"@context":"https:\/\/schema.org","@graph":[{"@type":"WebPage","@id":"https:\/\/www.musee-mccord-stewart.ca\/fr\/collections\/photographie\/","url":"https:\/\/www.musee-mccord-stewart.ca\/fr\/collections\/photographie\/","name":"Photographie - McCord Stewart Museum","isPartOf":{"@id":"https:\/\/www.musee-mccord-stewart.ca\/fr\/#website"},"datePublished":"2015-04-30T03:08:23+00:00","dateModified":"2025-12-11T21:58:59+00:00","description":"La collection Photographie regroupe plus de 2 150 000 photographies qui documentent principalement l\u2019histoire sociale de Montr\u00e9al, mais \u00e9galement celle du Qu\u00e9bec et du Canada.","breadcrumb":{"@id":"https:\/\/www.musee-mccord-stewart.ca\/fr\/collections\/photographie\/#breadcrumb"},"inLanguage":"fr-FR","potentialAction":[{"@type":"ReadAction","target":["https:\/\/www.musee-mccord-stewart.ca\/fr\/collections\/photographie\/"]}]},{"@type":"BreadcrumbList","@id":"https:\/\/www.musee-mccord-stewart.ca\/fr\/collections\/photographie\/#breadcrumb","itemListElement":[{"@type":"ListItem","position":1,"name":"Accueil","item":"https:\/\/www.musee-mccord-stewart.ca\/fr\/"},{"@type":"ListItem","position":2,"name":"Collections","item":"https:\/\/www.musee-mccord-stewart.ca\/fr\/collections\/"},{"@type":"ListItem","position":3,"name":"Photographie"}]},{"@type":"WebSite","@id":"https:\/\/www.musee-mccord-stewart.ca\/fr\/#website","url":"https:\/\/www.musee-mccord-stewart.ca\/fr\/","name":"Mus\u00e9e McCord Stewart","description":"Notre monde, nos histoires","publisher":{"@id":"https:\/\/www.musee-mccord-stewart.ca\/fr\/#organization"},"alternateName":"MCS","potentialAction":[{"@type":"SearchAction","target":{"@type":"EntryPoint","urlTemplate":"https:\/\/www.musee-mccord-stewart.ca\/fr\/?s={search_term_string}"},"query-input":"required name=search_term_string"}],"inLanguage":"fr-FR"},{"@type":"Organization","@id":"https:\/\/www.musee-mccord-stewart.ca\/fr\/#organization","name":"McCord Stewart Museum","alternateName":"MCS","url":"https:\/\/www.musee-mccord-stewart.ca\/fr\/","logo":{"@type":"ImageObject","inLanguage":"fr-FR","@id":"https:\/\/www.musee-mccord-stewart.ca\/fr\/#\/schema\/logo\/image\/","url":"https:\/\/www.musee-mccord-stewart.ca\/app\/uploads\/2023\/05\/logo_museemccordstewart_horizontal_noir_slogan.svg","contentUrl":"https:\/\/www.musee-mccord-stewart.ca\/app\/uploads\/2023\/05\/logo_museemccordstewart_horizontal_noir_slogan.svg","width":1,"height":1,"caption":"McCord Stewart Museum"},"image":{"@id":"https:\/\/www.musee-mccord-stewart.ca\/fr\/#\/schema\/logo\/image\/"},"sameAs":["https:\/\/www.facebook.com\/museemccordstewart","https:\/\/twitter.com\/MuseeMcCordStew","https:\/\/instagram.com\/museemccordstewart","https:\/\/www.linkedin.com\/company\/museemccordstewart\/","https:\/\/www.pinterest.com\/museemccordstewart\/","https:\/\/www.youtube.com\/c\/MuseeMcCordStewartMuseum"]}]}},"_links":{"self":[{"href":"https:\/\/www.musee-mccord-stewart.ca\/fr\/wp-json\/wp\/v2\/pages\/1814"}],"collection":[{"href":"https:\/\/www.musee-mccord-stewart.ca\/fr\/wp-json\/wp\/v2\/pages"}],"about":[{"href":"https:\/\/www.musee-mccord-stewart.ca\/fr\/wp-json\/wp\/v2\/types\/page"}],"author":[{"embeddable":true,"href":"https:\/\/www.musee-mccord-stewart.ca\/fr\/wp-json\/wp\/v2\/users\/3"}],"replies":[{"embeddable":true,"href":"https:\/\/www.musee-mccord-stewart.ca\/fr\/wp-json\/wp\/v2\/comments?post=1814"}],"version-history":[{"count":0,"href":"https:\/\/www.musee-mccord-stewart.ca\/fr\/wp-json\/wp\/v2\/pages\/1814\/revisions"}],"up":[{"embeddable":true,"href":"https:\/\/www.musee-mccord-stewart.ca\/fr\/wp-json\/wp\/v2\/pages\/39985"}],"wp:attachment":[{"href":"https:\/\/www.musee-mccord-stewart.ca\/fr\/wp-json\/wp\/v2\/media?parent=1814"}],"wp:term":[{"taxonomy":"category","embeddable":true,"href":"https:\/\/www.musee-mccord-stewart.ca\/fr\/wp-json\/wp\/v2\/categories?post=1814"},{"taxonomy":"post_tag","embeddable":true,"href":"https:\/\/www.musee-mccord-stewart.ca\/fr\/wp-json\/wp\/v2\/tags?post=1814"}],"curies":[{"name":"wp","href":"https:\/\/api.w.org\/{rel}","templated":true}]}}