{"id":1812,"date":"2015-04-29T23:06:23","date_gmt":"2015-04-30T03:06:23","guid":{"rendered":"http:\/\/www.musee-mccord-stewart.ca\/?page_id=1812"},"modified":"2025-12-11T17:02:57","modified_gmt":"2025-12-11T22:02:57","slug":"culture-materielle","status":"publish","type":"page","link":"https:\/\/www.musee-mccord-stewart.ca\/fr\/collections\/culture-materielle\/","title":{"rendered":"Culture mat\u00e9rielle"},"content":{"rendered":"<p>La collection Culture mat\u00e9rielle regroupe des objets qui documentent principalement l\u2019<strong>histoire de l\u2019environnement mat\u00e9riel domestique montr\u00e9alais depuis plus de trois si\u00e8cles<\/strong>. Constitu\u00e9e \u00e0 l\u2019origine d\u2019artefacts associ\u00e9s aux figures, lieux et \u00e9v\u00e9nements embl\u00e9matiques de l\u2019histoire canadienne, la collection s\u2019est enrichie pour englober des objets illustrant le cadre de vie, les go\u00fbts et les mani\u00e8res de vivre et d\u2019habiter des gens.<br \/>\n<a class=\"cta\" title=\"\" href=\"https:\/\/collections.musee-mccord-stewart.ca\/fr\/collections\/155920\/material-culture\/objects\">Explorez la collection en ligne<i class=\"arrow-right-thickicon-\"><\/i><\/a><\/p>\n<p>On y trouve des objets aussi vari\u00e9s que des articles li\u00e9s \u00e0 la pr\u00e9paration et au service des aliments, \u00e0 la d\u00e9coration int\u00e9rieure, \u00e0 l\u2019organisation m\u00e9nag\u00e8re et aux activit\u00e9s de loisir, des pi\u00e8ces de monnaie et des m\u00e9dailles ainsi que des objets plus intimes t\u00e9moignant de l\u2019hygi\u00e8ne personnelle et de la pratique religieuse dans l\u2019espace domestique. La collection comprend autant des objets du quotidien \u2013 ustensiles de cuisine, pots en gr\u00e8s, vaisselle \u2013 produits localement, que des articles de luxe en verre, en c\u00e9ramique fine et en argent import\u00e9s d\u2019Europe.<\/p>\n<p>De nombreux objets provenant de l\u2019environnement mat\u00e9riel des enfants \u2013 berceaux, vaisselle, chaises hautes, poussettes, jouets et jeux \u2013 t\u00e9moignent de la culture de l\u2019enfance \u00e0 Montr\u00e9al et plus globalement au Qu\u00e9bec et au Canada, illustrant notamment des pratiques en mati\u00e8re de consommation, de marketing, d\u2019\u00e9ducation et de p\u00e9dagogie.<\/p>\n<p>\u00c0 la collection du Mus\u00e9e McCord s\u2019ajoutent <strong>plus de 6\u00a0500 objets d\u00e9coratifs, militaires et scientifiques du Mus\u00e9e Stewart<\/strong>, dont la remarquable collection d\u2019instruments scientifiques \u2013 globes terrestres et c\u00e9lestes, instruments de navigation et d\u2019exploration, instruments m\u00e9dicaux, instruments de math\u00e9matiques, microscopes \u2013 datant du 16<sup>e<\/sup> au 19<sup>e<\/sup> si\u00e8cle.<\/p>\n<p>Les <strong>instruments de d\u00e9monstration de l\u2019abb\u00e9 Nollet et de Sigaud de Lafond<\/strong> repr\u00e9sentent sans contredit l\u2019ensemble le plus remarquable de la collection. Soulignons \u00e9galement les nombreuses pi\u00e8ces li\u00e9es au tabac et celles \u00e9voquant l\u2019histoire militaire du Canada dans son ensemble, et du Qu\u00e9bec en particulier. Des armes anciennes, armes \u00e0 feu, armes blanches et autres pi\u00e8ces d\u2019artillerie provenant d\u2019un peu partout dans le monde, compl\u00e8tent la collection.<\/p>\n<ul class=\"sliderTiny\">\n<li>\n<img decoding=\"async\" src=\"https:\/\/www.musee-mccord-stewart.ca\/app\/uploads\/2021\/12\/mccord_collection_1975-65-1-11_080118-p1_1200x800px_fr-1200x800.jpg\" alt=\"Jeu de cavagnole, vers 1750. 1975.65.1.11, Mus\u00e9e McCord Stewart\" title=\"Jeu de cavagnole, vers 1750. 1975.65.1.11, Mus\u00e9e McCord Stewart\" \/>\n<\/li>\n<li>\n<img decoding=\"async\" src=\"https:\/\/www.musee-mccord-stewart.ca\/app\/uploads\/2015\/06\/m6935-p1_fr-1200x800.jpg\" alt=\"Corne \u00e0 poudre, 1759. Don de David Ross McCord, M6935, Mus\u00e9e McCord Stewart\" title=\"Corne \u00e0 poudre, 1759. Don de David Ross McCord, M6935, Mus\u00e9e McCord Stewart\" \/>\n<\/li>\n<li>\n<img decoding=\"async\" src=\"https:\/\/www.musee-mccord-stewart.ca\/app\/uploads\/2015\/06\/mc988-1-69-p1_fr-1070x800.jpg\" alt=\"Assiette \u00e0 d\u00eener fabriqu\u00e9e par Davenport, 1830-1840. MC988.1.69, Mus\u00e9e McCord Stewart\" title=\"Assiette \u00e0 d\u00eener fabriqu\u00e9e par Davenport, 1830-1840. MC988.1.69, Mus\u00e9e McCord Stewart\" \/>\n<\/li>\n<li>\n<img decoding=\"async\" src=\"https:\/\/www.musee-mccord-stewart.ca\/app\/uploads\/2021\/12\/mccord_collection_1968-8-1_101101-r1_800px_fr.jpg\" alt=\"Globe terrestre, Matth\u00e4us Greuter, 1632. 1968.8.1, Mus\u00e9e McCord Stewart\" title=\"Globe terrestre, Matth\u00e4us Greuter, 1632. 1968.8.1, Mus\u00e9e McCord Stewart\" \/>\n<\/li>\n<li>\n<img decoding=\"async\" src=\"https:\/\/www.musee-mccord-stewart.ca\/app\/uploads\/2015\/06\/m14500-p1_fr-1134x800.jpg\" alt=\"Commode, 1750-1760. Don de Mme Southam, M14500, Mus\u00e9e McCord Stewart\" title=\"Commode, 1750-1760. Don de Mme Southam, M14500, Mus\u00e9e McCord Stewart\" \/>\n<\/li>\n<li>\n<img decoding=\"async\" src=\"https:\/\/www.musee-mccord-stewart.ca\/app\/uploads\/2021\/12\/mccord_collection_1983-26-1_040225-p1_800px_fr-1.jpg\" alt=\"Pompe \u00e0 feu \u00e0 la mani\u00e8re de l\u2019abb\u00e9 Jean-Antoine Nollet, 1770-1800. 1983.26.1, Mus\u00e9e McCord Stewart\" title=\"Pompe \u00e0 feu \u00e0 la mani\u00e8re de l\u2019abb\u00e9 Jean-Antoine Nollet, 1770-1800. 1983.26.1, Mus\u00e9e McCord Stewart\" \/>\n<\/li>\n<li>\n<img decoding=\"async\" src=\"https:\/\/www.musee-mccord-stewart.ca\/app\/uploads\/2015\/06\/m4839-p1_fr-1011x800.jpg\" alt=\"Gobelet avec les armoiries du marquis de Montcalm, 1725-1756. Don de David Ross McCord, M4839, Mus\u00e9e McCord Stewart\" title=\"Gobelet avec les armoiries du marquis de Montcalm, 1725-1756. Don de David Ross McCord, M4839, Mus\u00e9e McCord Stewart\" \/>\n<\/li>\n<li>\n<img decoding=\"async\" src=\"https:\/\/www.musee-mccord-stewart.ca\/app\/uploads\/2015\/06\/m2010-10-1-1-p2_fr-547x800.jpg\" alt=\"Poup\u00e9e de mode et accessoires, 1863-1866. Don de la famille Palazi-Raby, M2010.10.1.1-200, Mus\u00e9e McCord Stewart\" title=\"Poup\u00e9e de mode et accessoires, 1863-1866. Don de la famille Palazi-Raby, M2010.10.1.1-200, Mus\u00e9e McCord Stewart\" \/>\n<\/li>\n<\/ul>\n\n","protected":false},"excerpt":{"rendered":"<p>La collection Culture mat\u00e9rielle regroupe des objets qui documentent principalement l\u2019histoire de l\u2019environnement mat\u00e9riel domestique montr\u00e9alais depuis plus de trois si\u00e8cles. Constitu\u00e9e \u00e0 l\u2019origine d\u2019artefacts associ\u00e9s aux figures, lieux et \u00e9v\u00e9nements embl\u00e9matiques de l\u2019histoire canadienne, la collection s\u2019est enrichie pour englober des objets illustrant le cadre de vie, les go\u00fbts et les mani\u00e8res de vivre [&hellip;]<\/p>\n","protected":false},"author":3,"featured_media":0,"parent":39985,"menu_order":0,"comment_status":"closed","ping_status":"closed","template":"page-templates\/page-texte.php","meta":{"footnotes":""},"categories":[],"tags":[],"acf":[],"yoast_head":"<!-- This site is optimized with the Yoast SEO Premium plugin v20.11 (Yoast SEO v20.11) - https:\/\/yoast.com\/wordpress\/plugins\/seo\/ -->\n<title>Culture mat\u00e9rielle - Mus\u00e9e McCord Stewart<\/title>\n<meta name=\"description\" content=\"La collection Culture mat\u00e9rielle regroupe plus de 62 000 objets qui documentent principalement l\u2019histoire de l\u2019environnement mat\u00e9riel domestique montr\u00e9alais depuis plus de trois si\u00e8cles.\" \/>\n<meta name=\"robots\" content=\"index, follow, max-snippet:-1, max-image-preview:large, max-video-preview:-1\" \/>\n<link rel=\"canonical\" href=\"https:\/\/www.musee-mccord-stewart.ca\/fr\/collections\/culture-materielle\/\" \/>\n<meta property=\"og:locale\" content=\"fr_FR\" \/>\n<meta property=\"og:type\" content=\"article\" \/>\n<meta property=\"og:title\" content=\"Culture mat\u00e9rielle\" \/>\n<meta property=\"og:description\" content=\"La collection Culture mat\u00e9rielle regroupe des objets qui documentent principalement l\u2019histoire de l\u2019environnement mat\u00e9riel domestique montr\u00e9alais depuis\" \/>\n<meta property=\"og:url\" content=\"https:\/\/www.musee-mccord-stewart.ca\/fr\/collections\/culture-materielle\/\" \/>\n<meta property=\"og:site_name\" content=\"Mus\u00e9e McCord Stewart\" \/>\n<meta property=\"article:publisher\" content=\"https:\/\/www.facebook.com\/museemccordstewart\" \/>\n<meta property=\"article:modified_time\" content=\"2025-12-11T22:02:57+00:00\" \/>\n<meta property=\"og:image\" content=\"https:\/\/www.musee-mccord-stewart.ca\/app\/uploads\/2021\/12\/mccord_collection_1975-65-1-11_080118-p1_1200x800px_fr-1200x800.jpg\" \/>\n<meta name=\"twitter:card\" content=\"summary_large_image\" \/>\n<meta name=\"twitter:site\" content=\"@MuseeMcCordStew\" \/>\n<meta name=\"twitter:label1\" content=\"Dur\u00e9e de lecture estim\u00e9e\" \/>\n\t<meta name=\"twitter:data1\" content=\"2 minutes\" \/>\n<script type=\"application\/ld+json\" class=\"yoast-schema-graph\">{\"@context\":\"https:\/\/schema.org\",\"@graph\":[{\"@type\":\"WebPage\",\"@id\":\"https:\/\/www.musee-mccord-stewart.ca\/fr\/collections\/culture-materielle\/\",\"url\":\"https:\/\/www.musee-mccord-stewart.ca\/fr\/collections\/culture-materielle\/\",\"name\":\"Culture mat\u00e9rielle - Mus\u00e9e McCord Stewart\",\"isPartOf\":{\"@id\":\"https:\/\/www.musee-mccord-stewart.ca\/fr\/#website\"},\"datePublished\":\"2015-04-30T03:06:23+00:00\",\"dateModified\":\"2025-12-11T22:02:57+00:00\",\"description\":\"La collection Culture mat\u00e9rielle regroupe plus de 62 000 objets qui documentent principalement l\u2019histoire de l\u2019environnement mat\u00e9riel domestique montr\u00e9alais depuis plus de trois si\u00e8cles.\",\"breadcrumb\":{\"@id\":\"https:\/\/www.musee-mccord-stewart.ca\/fr\/collections\/culture-materielle\/#breadcrumb\"},\"inLanguage\":\"fr-FR\",\"potentialAction\":[{\"@type\":\"ReadAction\",\"target\":[\"https:\/\/www.musee-mccord-stewart.ca\/fr\/collections\/culture-materielle\/\"]}]},{\"@type\":\"BreadcrumbList\",\"@id\":\"https:\/\/www.musee-mccord-stewart.ca\/fr\/collections\/culture-materielle\/#breadcrumb\",\"itemListElement\":[{\"@type\":\"ListItem\",\"position\":1,\"name\":\"Accueil\",\"item\":\"https:\/\/www.musee-mccord-stewart.ca\/fr\/\"},{\"@type\":\"ListItem\",\"position\":2,\"name\":\"Collections\",\"item\":\"https:\/\/www.musee-mccord-stewart.ca\/fr\/collections\/\"},{\"@type\":\"ListItem\",\"position\":3,\"name\":\"Culture mat\u00e9rielle\"}]},{\"@type\":\"WebSite\",\"@id\":\"https:\/\/www.musee-mccord-stewart.ca\/fr\/#website\",\"url\":\"https:\/\/www.musee-mccord-stewart.ca\/fr\/\",\"name\":\"Mus\u00e9e McCord Stewart\",\"description\":\"Notre monde, nos histoires\",\"publisher\":{\"@id\":\"https:\/\/www.musee-mccord-stewart.ca\/fr\/#organization\"},\"alternateName\":\"MCS\",\"potentialAction\":[{\"@type\":\"SearchAction\",\"target\":{\"@type\":\"EntryPoint\",\"urlTemplate\":\"https:\/\/www.musee-mccord-stewart.ca\/fr\/?s={search_term_string}\"},\"query-input\":\"required name=search_term_string\"}],\"inLanguage\":\"fr-FR\"},{\"@type\":\"Organization\",\"@id\":\"https:\/\/www.musee-mccord-stewart.ca\/fr\/#organization\",\"name\":\"McCord Stewart Museum\",\"alternateName\":\"MCS\",\"url\":\"https:\/\/www.musee-mccord-stewart.ca\/fr\/\",\"logo\":{\"@type\":\"ImageObject\",\"inLanguage\":\"fr-FR\",\"@id\":\"https:\/\/www.musee-mccord-stewart.ca\/fr\/#\/schema\/logo\/image\/\",\"url\":\"https:\/\/www.musee-mccord-stewart.ca\/app\/uploads\/2023\/05\/logo_museemccordstewart_horizontal_noir_slogan.svg\",\"contentUrl\":\"https:\/\/www.musee-mccord-stewart.ca\/app\/uploads\/2023\/05\/logo_museemccordstewart_horizontal_noir_slogan.svg\",\"width\":1,\"height\":1,\"caption\":\"McCord Stewart Museum\"},\"image\":{\"@id\":\"https:\/\/www.musee-mccord-stewart.ca\/fr\/#\/schema\/logo\/image\/\"},\"sameAs\":[\"https:\/\/www.facebook.com\/museemccordstewart\",\"https:\/\/twitter.com\/MuseeMcCordStew\",\"https:\/\/instagram.com\/museemccordstewart\",\"https:\/\/www.linkedin.com\/company\/museemccordstewart\/\",\"https:\/\/www.pinterest.com\/museemccordstewart\/\",\"https:\/\/www.youtube.com\/c\/MuseeMcCordStewartMuseum\"]}]}<\/script>\n<!-- \/ Yoast SEO Premium plugin. -->","yoast_head_json":{"title":"Culture mat\u00e9rielle - Mus\u00e9e McCord Stewart","description":"La collection Culture mat\u00e9rielle regroupe plus de 62 000 objets qui documentent principalement l\u2019histoire de l\u2019environnement mat\u00e9riel domestique montr\u00e9alais depuis plus de trois si\u00e8cles.","robots":{"index":"index","follow":"follow","max-snippet":"max-snippet:-1","max-image-preview":"max-image-preview:large","max-video-preview":"max-video-preview:-1"},"canonical":"https:\/\/www.musee-mccord-stewart.ca\/fr\/collections\/culture-materielle\/","og_locale":"fr_FR","og_type":"article","og_title":"Culture mat\u00e9rielle","og_description":"La collection Culture mat\u00e9rielle regroupe des objets qui documentent principalement l\u2019histoire de l\u2019environnement mat\u00e9riel domestique montr\u00e9alais depuis","og_url":"https:\/\/www.musee-mccord-stewart.ca\/fr\/collections\/culture-materielle\/","og_site_name":"Mus\u00e9e McCord Stewart","article_publisher":"https:\/\/www.facebook.com\/museemccordstewart","article_modified_time":"2025-12-11T22:02:57+00:00","og_image":[{"url":"https:\/\/www.musee-mccord-stewart.ca\/app\/uploads\/2021\/12\/mccord_collection_1975-65-1-11_080118-p1_1200x800px_fr-1200x800.jpg"}],"twitter_card":"summary_large_image","twitter_site":"@MuseeMcCordStew","twitter_misc":{"Dur\u00e9e de lecture estim\u00e9e":"2 minutes"},"schema":{"@context":"https:\/\/schema.org","@graph":[{"@type":"WebPage","@id":"https:\/\/www.musee-mccord-stewart.ca\/fr\/collections\/culture-materielle\/","url":"https:\/\/www.musee-mccord-stewart.ca\/fr\/collections\/culture-materielle\/","name":"Culture mat\u00e9rielle - Mus\u00e9e McCord Stewart","isPartOf":{"@id":"https:\/\/www.musee-mccord-stewart.ca\/fr\/#website"},"datePublished":"2015-04-30T03:06:23+00:00","dateModified":"2025-12-11T22:02:57+00:00","description":"La collection Culture mat\u00e9rielle regroupe plus de 62 000 objets qui documentent principalement l\u2019histoire de l\u2019environnement mat\u00e9riel domestique montr\u00e9alais depuis plus de trois si\u00e8cles.","breadcrumb":{"@id":"https:\/\/www.musee-mccord-stewart.ca\/fr\/collections\/culture-materielle\/#breadcrumb"},"inLanguage":"fr-FR","potentialAction":[{"@type":"ReadAction","target":["https:\/\/www.musee-mccord-stewart.ca\/fr\/collections\/culture-materielle\/"]}]},{"@type":"BreadcrumbList","@id":"https:\/\/www.musee-mccord-stewart.ca\/fr\/collections\/culture-materielle\/#breadcrumb","itemListElement":[{"@type":"ListItem","position":1,"name":"Accueil","item":"https:\/\/www.musee-mccord-stewart.ca\/fr\/"},{"@type":"ListItem","position":2,"name":"Collections","item":"https:\/\/www.musee-mccord-stewart.ca\/fr\/collections\/"},{"@type":"ListItem","position":3,"name":"Culture mat\u00e9rielle"}]},{"@type":"WebSite","@id":"https:\/\/www.musee-mccord-stewart.ca\/fr\/#website","url":"https:\/\/www.musee-mccord-stewart.ca\/fr\/","name":"Mus\u00e9e McCord Stewart","description":"Notre monde, nos histoires","publisher":{"@id":"https:\/\/www.musee-mccord-stewart.ca\/fr\/#organization"},"alternateName":"MCS","potentialAction":[{"@type":"SearchAction","target":{"@type":"EntryPoint","urlTemplate":"https:\/\/www.musee-mccord-stewart.ca\/fr\/?s={search_term_string}"},"query-input":"required name=search_term_string"}],"inLanguage":"fr-FR"},{"@type":"Organization","@id":"https:\/\/www.musee-mccord-stewart.ca\/fr\/#organization","name":"McCord Stewart Museum","alternateName":"MCS","url":"https:\/\/www.musee-mccord-stewart.ca\/fr\/","logo":{"@type":"ImageObject","inLanguage":"fr-FR","@id":"https:\/\/www.musee-mccord-stewart.ca\/fr\/#\/schema\/logo\/image\/","url":"https:\/\/www.musee-mccord-stewart.ca\/app\/uploads\/2023\/05\/logo_museemccordstewart_horizontal_noir_slogan.svg","contentUrl":"https:\/\/www.musee-mccord-stewart.ca\/app\/uploads\/2023\/05\/logo_museemccordstewart_horizontal_noir_slogan.svg","width":1,"height":1,"caption":"McCord Stewart Museum"},"image":{"@id":"https:\/\/www.musee-mccord-stewart.ca\/fr\/#\/schema\/logo\/image\/"},"sameAs":["https:\/\/www.facebook.com\/museemccordstewart","https:\/\/twitter.com\/MuseeMcCordStew","https:\/\/instagram.com\/museemccordstewart","https:\/\/www.linkedin.com\/company\/museemccordstewart\/","https:\/\/www.pinterest.com\/museemccordstewart\/","https:\/\/www.youtube.com\/c\/MuseeMcCordStewartMuseum"]}]}},"_links":{"self":[{"href":"https:\/\/www.musee-mccord-stewart.ca\/fr\/wp-json\/wp\/v2\/pages\/1812"}],"collection":[{"href":"https:\/\/www.musee-mccord-stewart.ca\/fr\/wp-json\/wp\/v2\/pages"}],"about":[{"href":"https:\/\/www.musee-mccord-stewart.ca\/fr\/wp-json\/wp\/v2\/types\/page"}],"author":[{"embeddable":true,"href":"https:\/\/www.musee-mccord-stewart.ca\/fr\/wp-json\/wp\/v2\/users\/3"}],"replies":[{"embeddable":true,"href":"https:\/\/www.musee-mccord-stewart.ca\/fr\/wp-json\/wp\/v2\/comments?post=1812"}],"version-history":[{"count":0,"href":"https:\/\/www.musee-mccord-stewart.ca\/fr\/wp-json\/wp\/v2\/pages\/1812\/revisions"}],"up":[{"embeddable":true,"href":"https:\/\/www.musee-mccord-stewart.ca\/fr\/wp-json\/wp\/v2\/pages\/39985"}],"wp:attachment":[{"href":"https:\/\/www.musee-mccord-stewart.ca\/fr\/wp-json\/wp\/v2\/media?parent=1812"}],"wp:term":[{"taxonomy":"category","embeddable":true,"href":"https:\/\/www.musee-mccord-stewart.ca\/fr\/wp-json\/wp\/v2\/categories?post=1812"},{"taxonomy":"post_tag","embeddable":true,"href":"https:\/\/www.musee-mccord-stewart.ca\/fr\/wp-json\/wp\/v2\/tags?post=1812"}],"curies":[{"name":"wp","href":"https:\/\/api.w.org\/{rel}","templated":true}]}}