{"id":1809,"date":"2015-04-29T23:03:37","date_gmt":"2015-04-30T03:03:37","guid":{"rendered":"http:\/\/www.musee-mccord-stewart.ca\/?page_id=1809"},"modified":"2025-08-29T09:47:05","modified_gmt":"2025-08-29T13:47:05","slug":"cultures-autochtones","status":"publish","type":"page","link":"https:\/\/www.musee-mccord-stewart.ca\/fr\/collections\/cultures-autochtones\/","title":{"rendered":"Cultures autochtones"},"content":{"rendered":"<p>La collection Cultures autochtones est constitu\u00e9e de <strong>plus de 16\u00a0000 objets arch\u00e9ologiques et historiques racontant pr\u00e8s de 12\u00a0000 ans d\u2019histoire<\/strong>. T\u00e9moins \u00e9loquents de la culture mat\u00e9rielle des Premi\u00e8res Nations, des Inuits et des M\u00e9tis au Canada principalement, mais \u00e9galement dans certaines r\u00e9gions des \u00c9tats-Unis, de la Sib\u00e9rie et du Groenland, ces articles sont le reflet de la grande diversit\u00e9 et de la richesse des cultures autochtones.<br \/>\n<a class=\"cta\" title=\"\" href=\"https:\/\/collections.musee-mccord-stewart.ca\/fr\/collections\/155918\/indigenous-cultures\/objects\">Explorez la collection en ligne<i class=\"arrow-right-thickicon-\"><\/i><\/a><\/p>\n<p>Les <strong>v\u00eatements et les accessoires<\/strong> repr\u00e9sentent plus du quart des objets historiques, dont les plus anciens datent de la fin du 18<sup>e <\/sup>si\u00e8cle et les plus r\u00e9cents du 21<sup>e<\/sup> si\u00e8cle. \u00c0 ce corpus s\u2019ajoutent les <strong>objets du quotidien<\/strong> datant principalement du 19<sup>e<\/sup> si\u00e8cle et du d\u00e9but du 20<sup>e<\/sup> : bols, cuill\u00e8res, paniers et autres articles domestiques, armes de guerre, \u00e9quipements de chasse et de p\u00eache et mat\u00e9riel li\u00e9 au transport, ainsi que des masques, tambours et autres objets c\u00e9r\u00e9moniels. De nombreuses pi\u00e8ces refl\u00e8tent la fusion cr\u00e9ative de formes autochtones et de styles eurocanadiens.<\/p>\n<p>Les objets des r\u00e9gions arctiques forment un des segments les plus importants de la collection par leur \u00e9tendue g\u00e9ographique et historique; ceux des for\u00eats de l\u2019Est et de la c\u00f4te du Nord-Ouest sont parmi les plus remarquables par leur anciennet\u00e9 et leur raret\u00e9.<\/p>\n<p>La <strong>composante arch\u00e9ologique compte plus de 8 500 pi\u00e8ces<\/strong>, plus sp\u00e9cifiquement des tessons de poterie, des outils lithiques et des outils en os. Ces articles, dont certains remontent \u00e0 plus de 10 000 ans, proviennent de l\u2019ensemble du Canada et du nord-est am\u00e9ricain, mais plus particuli\u00e8rement de l\u2019Ontario et du Qu\u00e9bec.<\/p>\n<ul class=\"sliderTiny\">\n<li>\n<img decoding=\"async\" src=\"https:\/\/www.musee-mccord-stewart.ca\/app\/uploads\/2015\/06\/me988-136-6-p1_fr-484x800.jpg\" alt=\"Bourse, M\u00e9tis, 1880-1890. Don de M. Julien F. Gaudet, ME988.136.6 \u00a9 Mus\u00e9e McCord Stewart\" title=\"Bourse, M\u00e9tis, 1880-1890. Don de M. Julien F. Gaudet, ME988.136.6 \u00a9 Mus\u00e9e McCord Stewart\" \/>\n<\/li>\n<li>\n<img decoding=\"async\" src=\"https:\/\/www.musee-mccord-stewart.ca\/app\/uploads\/2015\/06\/me986-62-p1_fr-1095x800.jpg\" alt=\"Parka, Yu&#039;pik de Sivuqaq, 1910-1915. Don de Dr Philip N. Cronenwett, ME986.62 \u00a9 Mus\u00e9e McCord Stewart\" title=\"Parka, Yu&#039;pik de Sivuqaq, 1910-1915. Don de Dr Philip N. Cronenwett, ME986.62 \u00a9 Mus\u00e9e McCord Stewart\" \/>\n<\/li>\n<li>\n<img decoding=\"async\" src=\"https:\/\/www.musee-mccord-stewart.ca\/app\/uploads\/2015\/06\/me938-10-p1_fr-1200x800.jpg\" alt=\"\u00c9tui \u00e0 mouchoir, Wendat, 1850-1900. Don de Henry W. Hill, ME938.10 \u00a9 Mus\u00e9e McCord Stewart\" title=\"\u00c9tui \u00e0 mouchoir, Wendat, 1850-1900. Don de Henry W. Hill, ME938.10 \u00a9 Mus\u00e9e McCord Stewart\" \/>\n<\/li>\n<li>\n<img decoding=\"async\" src=\"https:\/\/www.musee-mccord-stewart.ca\/app\/uploads\/2015\/06\/me928-8-1-2_fr-1021x800.jpg\" alt=\"Mocassins, N\u00eahiyawak, 1920. Don de l&#039;Art Association of Montreal, ME928.8.1-2 \u00a9 Mus\u00e9e McCord Stewart\" title=\"Mocassins, N\u00eahiyawak, 1920. Don de l&#039;Art Association of Montreal, ME928.8.1-2 \u00a9 Mus\u00e9e McCord Stewart\" \/>\n<\/li>\n<li>\n<img decoding=\"async\" src=\"https:\/\/www.musee-mccord-stewart.ca\/app\/uploads\/2015\/06\/m5396-p2_fr-1080x800.jpg\" alt=\"B\u00e2ton de danse, Nakoda, 1865-1900. Don de Mabel Molson, M5396 \u00a9 Mus\u00e9e McCord Stewart\" title=\"B\u00e2ton de danse, Nakoda, 1865-1900. Don de Mabel Molson, M5396 \u00a9 Mus\u00e9e McCord Stewart\" \/>\n<\/li>\n<li>\n<img decoding=\"async\" src=\"https:\/\/www.musee-mccord-stewart.ca\/app\/uploads\/2015\/06\/acc1811-p1_fr-1080x800.jpg\" alt=\"Panier peint par Charles Edenshaw et tiss\u00e9e par son \u00e9pouse Isabella Edenshaw, Ha\u00efda, 1921. Don de l&#039;Art Association of Montreal. ACC1811 \u00a9 Mus\u00e9e McCord Stewart\" title=\"Panier peint par Charles Edenshaw et tiss\u00e9e par son \u00e9pouse Isabella Edenshaw, Ha\u00efda, 1921. Don de l&#039;Art Association of Montreal. ACC1811 \u00a9 Mus\u00e9e McCord Stewart\" \/>\n<\/li>\n<\/ul>\n\n","protected":false},"excerpt":{"rendered":"<p>La collection Cultures autochtones est constitu\u00e9e de plus de 16\u00a0000 objets arch\u00e9ologiques et historiques racontant pr\u00e8s de 12\u00a0000 ans d\u2019histoire. T\u00e9moins \u00e9loquents de la culture mat\u00e9rielle des Premi\u00e8res Nations, des Inuits et des M\u00e9tis au Canada principalement, mais \u00e9galement dans certaines r\u00e9gions des \u00c9tats-Unis, de la Sib\u00e9rie et du Groenland, ces articles sont le reflet [&hellip;]<\/p>\n","protected":false},"author":3,"featured_media":0,"parent":39985,"menu_order":0,"comment_status":"closed","ping_status":"closed","template":"page-templates\/page-texte.php","meta":{"footnotes":""},"categories":[],"tags":[],"acf":[],"yoast_head":"<!-- This site is optimized with the Yoast SEO Premium plugin v20.11 (Yoast SEO v20.11) - https:\/\/yoast.com\/wordpress\/plugins\/seo\/ -->\n<title>Cultures autochtones - Mus\u00e9e McCord Stewart<\/title>\n<meta name=\"description\" content=\"La collection Cultures autochtones est constitu\u00e9e de plus de 16 000 objets, t\u00e9moins \u00e9loquents de la culture mat\u00e9rielle des Premi\u00e8res Nations, des Inuits et des M\u00e9tis au Canada principalement.\" \/>\n<meta name=\"robots\" content=\"index, follow, max-snippet:-1, max-image-preview:large, max-video-preview:-1\" \/>\n<link rel=\"canonical\" href=\"https:\/\/www.musee-mccord-stewart.ca\/fr\/collections\/cultures-autochtones\/\" \/>\n<meta property=\"og:locale\" content=\"fr_FR\" \/>\n<meta property=\"og:type\" content=\"article\" \/>\n<meta property=\"og:title\" content=\"Cultures autochtones\" \/>\n<meta property=\"og:description\" content=\"La collection Cultures autochtones est constitu\u00e9e de plus de 16\u00a0000 objets arch\u00e9ologiques et historiques racontant pr\u00e8s de 12\u00a0000 ans d\u2019histoire. T\u00e9moins\" \/>\n<meta property=\"og:url\" content=\"https:\/\/www.musee-mccord-stewart.ca\/fr\/collections\/cultures-autochtones\/\" \/>\n<meta property=\"og:site_name\" content=\"Mus\u00e9e McCord Stewart\" \/>\n<meta property=\"article:publisher\" content=\"https:\/\/www.facebook.com\/museemccordstewart\" \/>\n<meta property=\"article:modified_time\" content=\"2025-08-29T13:47:05+00:00\" \/>\n<meta property=\"og:image\" content=\"https:\/\/www.musee-mccord-stewart.ca\/app\/uploads\/2015\/06\/me988-136-6-p1_fr-484x800.jpg\" \/>\n<meta name=\"twitter:card\" content=\"summary_large_image\" \/>\n<meta name=\"twitter:site\" content=\"@MuseeMcCordStew\" \/>\n<meta name=\"twitter:label1\" content=\"Dur\u00e9e de lecture estim\u00e9e\" \/>\n\t<meta name=\"twitter:data1\" content=\"2 minutes\" \/>\n<script type=\"application\/ld+json\" class=\"yoast-schema-graph\">{\"@context\":\"https:\/\/schema.org\",\"@graph\":[{\"@type\":\"WebPage\",\"@id\":\"https:\/\/www.musee-mccord-stewart.ca\/fr\/collections\/cultures-autochtones\/\",\"url\":\"https:\/\/www.musee-mccord-stewart.ca\/fr\/collections\/cultures-autochtones\/\",\"name\":\"Cultures autochtones - Mus\u00e9e McCord Stewart\",\"isPartOf\":{\"@id\":\"https:\/\/www.musee-mccord-stewart.ca\/fr\/#website\"},\"datePublished\":\"2015-04-30T03:03:37+00:00\",\"dateModified\":\"2025-08-29T13:47:05+00:00\",\"description\":\"La collection Cultures autochtones est constitu\u00e9e de plus de 16 000 objets, t\u00e9moins \u00e9loquents de la culture mat\u00e9rielle des Premi\u00e8res Nations, des Inuits et des M\u00e9tis au Canada principalement.\",\"breadcrumb\":{\"@id\":\"https:\/\/www.musee-mccord-stewart.ca\/fr\/collections\/cultures-autochtones\/#breadcrumb\"},\"inLanguage\":\"fr-FR\",\"potentialAction\":[{\"@type\":\"ReadAction\",\"target\":[\"https:\/\/www.musee-mccord-stewart.ca\/fr\/collections\/cultures-autochtones\/\"]}]},{\"@type\":\"BreadcrumbList\",\"@id\":\"https:\/\/www.musee-mccord-stewart.ca\/fr\/collections\/cultures-autochtones\/#breadcrumb\",\"itemListElement\":[{\"@type\":\"ListItem\",\"position\":1,\"name\":\"Accueil\",\"item\":\"https:\/\/www.musee-mccord-stewart.ca\/fr\/\"},{\"@type\":\"ListItem\",\"position\":2,\"name\":\"Collections\",\"item\":\"https:\/\/www.musee-mccord-stewart.ca\/fr\/collections\/\"},{\"@type\":\"ListItem\",\"position\":3,\"name\":\"Cultures autochtones\"}]},{\"@type\":\"WebSite\",\"@id\":\"https:\/\/www.musee-mccord-stewart.ca\/fr\/#website\",\"url\":\"https:\/\/www.musee-mccord-stewart.ca\/fr\/\",\"name\":\"Mus\u00e9e McCord Stewart\",\"description\":\"Notre monde, nos histoires\",\"publisher\":{\"@id\":\"https:\/\/www.musee-mccord-stewart.ca\/fr\/#organization\"},\"alternateName\":\"MCS\",\"potentialAction\":[{\"@type\":\"SearchAction\",\"target\":{\"@type\":\"EntryPoint\",\"urlTemplate\":\"https:\/\/www.musee-mccord-stewart.ca\/fr\/?s={search_term_string}\"},\"query-input\":\"required name=search_term_string\"}],\"inLanguage\":\"fr-FR\"},{\"@type\":\"Organization\",\"@id\":\"https:\/\/www.musee-mccord-stewart.ca\/fr\/#organization\",\"name\":\"McCord Stewart Museum\",\"alternateName\":\"MCS\",\"url\":\"https:\/\/www.musee-mccord-stewart.ca\/fr\/\",\"logo\":{\"@type\":\"ImageObject\",\"inLanguage\":\"fr-FR\",\"@id\":\"https:\/\/www.musee-mccord-stewart.ca\/fr\/#\/schema\/logo\/image\/\",\"url\":\"https:\/\/www.musee-mccord-stewart.ca\/app\/uploads\/2023\/05\/logo_museemccordstewart_horizontal_noir_slogan.svg\",\"contentUrl\":\"https:\/\/www.musee-mccord-stewart.ca\/app\/uploads\/2023\/05\/logo_museemccordstewart_horizontal_noir_slogan.svg\",\"width\":1,\"height\":1,\"caption\":\"McCord Stewart Museum\"},\"image\":{\"@id\":\"https:\/\/www.musee-mccord-stewart.ca\/fr\/#\/schema\/logo\/image\/\"},\"sameAs\":[\"https:\/\/www.facebook.com\/museemccordstewart\",\"https:\/\/twitter.com\/MuseeMcCordStew\",\"https:\/\/instagram.com\/museemccordstewart\",\"https:\/\/www.linkedin.com\/company\/museemccordstewart\/\",\"https:\/\/www.pinterest.com\/museemccordstewart\/\",\"https:\/\/www.youtube.com\/c\/MuseeMcCordStewartMuseum\"]}]}<\/script>\n<!-- \/ Yoast SEO Premium plugin. -->","yoast_head_json":{"title":"Cultures autochtones - Mus\u00e9e McCord Stewart","description":"La collection Cultures autochtones est constitu\u00e9e de plus de 16 000 objets, t\u00e9moins \u00e9loquents de la culture mat\u00e9rielle des Premi\u00e8res Nations, des Inuits et des M\u00e9tis au Canada principalement.","robots":{"index":"index","follow":"follow","max-snippet":"max-snippet:-1","max-image-preview":"max-image-preview:large","max-video-preview":"max-video-preview:-1"},"canonical":"https:\/\/www.musee-mccord-stewart.ca\/fr\/collections\/cultures-autochtones\/","og_locale":"fr_FR","og_type":"article","og_title":"Cultures autochtones","og_description":"La collection Cultures autochtones est constitu\u00e9e de plus de 16\u00a0000 objets arch\u00e9ologiques et historiques racontant pr\u00e8s de 12\u00a0000 ans d\u2019histoire. T\u00e9moins","og_url":"https:\/\/www.musee-mccord-stewart.ca\/fr\/collections\/cultures-autochtones\/","og_site_name":"Mus\u00e9e McCord Stewart","article_publisher":"https:\/\/www.facebook.com\/museemccordstewart","article_modified_time":"2025-08-29T13:47:05+00:00","og_image":[{"url":"https:\/\/www.musee-mccord-stewart.ca\/app\/uploads\/2015\/06\/me988-136-6-p1_fr-484x800.jpg"}],"twitter_card":"summary_large_image","twitter_site":"@MuseeMcCordStew","twitter_misc":{"Dur\u00e9e de lecture estim\u00e9e":"2 minutes"},"schema":{"@context":"https:\/\/schema.org","@graph":[{"@type":"WebPage","@id":"https:\/\/www.musee-mccord-stewart.ca\/fr\/collections\/cultures-autochtones\/","url":"https:\/\/www.musee-mccord-stewart.ca\/fr\/collections\/cultures-autochtones\/","name":"Cultures autochtones - Mus\u00e9e McCord Stewart","isPartOf":{"@id":"https:\/\/www.musee-mccord-stewart.ca\/fr\/#website"},"datePublished":"2015-04-30T03:03:37+00:00","dateModified":"2025-08-29T13:47:05+00:00","description":"La collection Cultures autochtones est constitu\u00e9e de plus de 16 000 objets, t\u00e9moins \u00e9loquents de la culture mat\u00e9rielle des Premi\u00e8res Nations, des Inuits et des M\u00e9tis au Canada principalement.","breadcrumb":{"@id":"https:\/\/www.musee-mccord-stewart.ca\/fr\/collections\/cultures-autochtones\/#breadcrumb"},"inLanguage":"fr-FR","potentialAction":[{"@type":"ReadAction","target":["https:\/\/www.musee-mccord-stewart.ca\/fr\/collections\/cultures-autochtones\/"]}]},{"@type":"BreadcrumbList","@id":"https:\/\/www.musee-mccord-stewart.ca\/fr\/collections\/cultures-autochtones\/#breadcrumb","itemListElement":[{"@type":"ListItem","position":1,"name":"Accueil","item":"https:\/\/www.musee-mccord-stewart.ca\/fr\/"},{"@type":"ListItem","position":2,"name":"Collections","item":"https:\/\/www.musee-mccord-stewart.ca\/fr\/collections\/"},{"@type":"ListItem","position":3,"name":"Cultures autochtones"}]},{"@type":"WebSite","@id":"https:\/\/www.musee-mccord-stewart.ca\/fr\/#website","url":"https:\/\/www.musee-mccord-stewart.ca\/fr\/","name":"Mus\u00e9e McCord Stewart","description":"Notre monde, nos histoires","publisher":{"@id":"https:\/\/www.musee-mccord-stewart.ca\/fr\/#organization"},"alternateName":"MCS","potentialAction":[{"@type":"SearchAction","target":{"@type":"EntryPoint","urlTemplate":"https:\/\/www.musee-mccord-stewart.ca\/fr\/?s={search_term_string}"},"query-input":"required name=search_term_string"}],"inLanguage":"fr-FR"},{"@type":"Organization","@id":"https:\/\/www.musee-mccord-stewart.ca\/fr\/#organization","name":"McCord Stewart Museum","alternateName":"MCS","url":"https:\/\/www.musee-mccord-stewart.ca\/fr\/","logo":{"@type":"ImageObject","inLanguage":"fr-FR","@id":"https:\/\/www.musee-mccord-stewart.ca\/fr\/#\/schema\/logo\/image\/","url":"https:\/\/www.musee-mccord-stewart.ca\/app\/uploads\/2023\/05\/logo_museemccordstewart_horizontal_noir_slogan.svg","contentUrl":"https:\/\/www.musee-mccord-stewart.ca\/app\/uploads\/2023\/05\/logo_museemccordstewart_horizontal_noir_slogan.svg","width":1,"height":1,"caption":"McCord Stewart Museum"},"image":{"@id":"https:\/\/www.musee-mccord-stewart.ca\/fr\/#\/schema\/logo\/image\/"},"sameAs":["https:\/\/www.facebook.com\/museemccordstewart","https:\/\/twitter.com\/MuseeMcCordStew","https:\/\/instagram.com\/museemccordstewart","https:\/\/www.linkedin.com\/company\/museemccordstewart\/","https:\/\/www.pinterest.com\/museemccordstewart\/","https:\/\/www.youtube.com\/c\/MuseeMcCordStewartMuseum"]}]}},"_links":{"self":[{"href":"https:\/\/www.musee-mccord-stewart.ca\/fr\/wp-json\/wp\/v2\/pages\/1809"}],"collection":[{"href":"https:\/\/www.musee-mccord-stewart.ca\/fr\/wp-json\/wp\/v2\/pages"}],"about":[{"href":"https:\/\/www.musee-mccord-stewart.ca\/fr\/wp-json\/wp\/v2\/types\/page"}],"author":[{"embeddable":true,"href":"https:\/\/www.musee-mccord-stewart.ca\/fr\/wp-json\/wp\/v2\/users\/3"}],"replies":[{"embeddable":true,"href":"https:\/\/www.musee-mccord-stewart.ca\/fr\/wp-json\/wp\/v2\/comments?post=1809"}],"version-history":[{"count":0,"href":"https:\/\/www.musee-mccord-stewart.ca\/fr\/wp-json\/wp\/v2\/pages\/1809\/revisions"}],"up":[{"embeddable":true,"href":"https:\/\/www.musee-mccord-stewart.ca\/fr\/wp-json\/wp\/v2\/pages\/39985"}],"wp:attachment":[{"href":"https:\/\/www.musee-mccord-stewart.ca\/fr\/wp-json\/wp\/v2\/media?parent=1809"}],"wp:term":[{"taxonomy":"category","embeddable":true,"href":"https:\/\/www.musee-mccord-stewart.ca\/fr\/wp-json\/wp\/v2\/categories?post=1809"},{"taxonomy":"post_tag","embeddable":true,"href":"https:\/\/www.musee-mccord-stewart.ca\/fr\/wp-json\/wp\/v2\/tags?post=1809"}],"curies":[{"name":"wp","href":"https:\/\/api.w.org\/{rel}","templated":true}]}}