{"id":1807,"date":"2015-04-29T23:00:25","date_gmt":"2015-04-30T03:00:25","guid":{"rendered":"http:\/\/www.musee-mccord-stewart.ca\/?page_id=1807"},"modified":"2025-12-11T16:56:23","modified_gmt":"2025-12-11T21:56:23","slug":"costume-mode-et-textiles","status":"publish","type":"page","link":"https:\/\/www.musee-mccord-stewart.ca\/fr\/collections\/costume-mode-et-textiles\/","title":{"rendered":"Costume, mode et textiles"},"content":{"rendered":"<p>La collection Costume, mode et textiles comprend au-del\u00e0 de <strong>27 000 v\u00eatements et accessoires faits ou port\u00e9s principalement \u00e0 Montr\u00e9al depuis les trois derniers si\u00e8cles<\/strong>. Elle couvre tous les aspects de la mode f\u00e9minine, masculine et enfantine des 19e et 20e si\u00e8cles, incluant des v\u00eatements d\u2019int\u00e9rieur et d\u2019ext\u00e9rieur, des sous-v\u00eatements, des v\u00eatements de sport et de tous les jours, ainsi que des tenues pour des occasions sp\u00e9ciales comme des mariages et des bapt\u00eames.<br \/>\n<a class=\"cta\" title=\"\" href=\"https:\/\/collections.musee-mccord-stewart.ca\/fr\/collections\/155916\/dress-fashion-and-textiles\/objects\">Explorez la collection en ligne<i class=\"arrow-right-thickicon-\"><\/i><\/a><\/p>\n<p>Des accessoires comme des gants, des bas et des chaussures, ainsi que des objets f\u00e9minins tels que des ombrelles, des \u00e9ventails et des sacs \u00e0 main sont bien repr\u00e9sent\u00e9s dans la collection. De nombreux articles vestimentaires du quotidien et plusieurs v\u00eatements et accessoires du 18e si\u00e8cle ont une valeur historique en raison de leur raret\u00e9.<\/p>\n<p>Les nombreuses pi\u00e8ces de <strong>v\u00eatements mode datant du milieu \u00e0 la fin du 20e si\u00e8cle produites par des fabricants et des cr\u00e9ateurs locaux et par des couturiers internationaux<\/strong> t\u00e9moignent du d\u00e9veloppement de l\u2019industrie de la mode, du secteur de la vente au d\u00e9tail et du march\u00e9 de l\u2019importation \u00e0 Montr\u00e9al. Certains articles sont associ\u00e9s \u00e0 des \u00e9v\u00e9nements historiques ou des personnages marquants du Canada.<\/p>\n<p>Puisque la collection est ax\u00e9e sur l\u2019histoire sociale, la plupart des pi\u00e8ces sont bien document\u00e9es en ce qui concerne leur propri\u00e9taire, leur fabricant ou le contexte de leur utilisation. La collection constitue une <strong>ressource inestimable pour les chercheurs qui s\u2019int\u00e9ressent \u00e0 l\u2019histoire de la mode \u00e0 Montr\u00e9al et au Canada<\/strong> et \u00e0 la culture mat\u00e9rielle de l\u2019apparence.<\/p>\n<ul class=\"sliderTiny\">\n<li>\n<img decoding=\"async\" src=\"https:\/\/www.musee-mccord-stewart.ca\/app\/uploads\/2015\/06\/m18005-1-3-p1_fr-600x800.jpg\" alt=\"Habit, vers 1780, remodel\u00e9 dans les ann\u00e9es 1790. Don de Mme Herbert Molson, M18005.1-3 \u00a9 Mus\u00e9e McCord Stewart\" title=\"Habit, vers 1780, remodel\u00e9 dans les ann\u00e9es 1790. Don de Mme Herbert Molson, M18005.1-3 \u00a9 Mus\u00e9e McCord Stewart\" \/>\n<\/li>\n<li>\n<img decoding=\"async\" src=\"https:\/\/www.musee-mccord-stewart.ca\/app\/uploads\/2015\/06\/m2013-54-2-1-2-p1_fr-1200x800.jpg\" alt=\"Chaussures, La Gioconda, vers 1930. Don d\u2019Alan Grant, M2013.54.2.1-2 \u00a9 Mus\u00e9e McCord Stewart\" title=\"Chaussures, La Gioconda, vers 1930. Don d\u2019Alan Grant, M2013.54.2.1-2 \u00a9 Mus\u00e9e McCord Stewart\" \/>\n<\/li>\n<li>\n<img decoding=\"async\" src=\"https:\/\/www.musee-mccord-stewart.ca\/app\/uploads\/2015\/06\/m2011-20-1-1-p1_fr-560x800.jpg\" alt=\"Robe de mari\u00e9e, Levaque\u2019s Wool Shop, 1970. Don du Fonds Franco-Ontarien Paulette Tourangeau, M2011.20.1.1 \u00a9 Mus\u00e9e McCord Stewart\" title=\"Robe de mari\u00e9e, Levaque\u2019s Wool Shop, 1970. Don du Fonds Franco-Ontarien Paulette Tourangeau, M2011.20.1.1 \u00a9 Mus\u00e9e McCord Stewart\" \/>\n<\/li>\n<li>\n<img decoding=\"async\" src=\"https:\/\/www.musee-mccord-stewart.ca\/app\/uploads\/2015\/06\/m2009-62-1-1-2-p1_fr-537x800.jpg\" alt=\"Robe, John James Milloy, 1887. Acquis avec l&#039;aide d&#039;une subvention des biens culturels mobiliers accord\u00e9e par le minist\u00e8re du Patrimoine canadien en vertu de la Loi sur l&#039;exportation et l&#039;importation de biens culturels, M2009.62.1.1-2 \u00a9 Mus\u00e9e McCord Stewart\" title=\"Robe, John James Milloy, 1887. Acquis avec l&#039;aide d&#039;une subvention des biens culturels mobiliers accord\u00e9e par le minist\u00e8re du Patrimoine canadien en vertu de la Loi sur l&#039;exportation et l&#039;importation de biens culturels, M2009.62.1.1-2 \u00a9 Mus\u00e9e McCord Stewart\" \/>\n<\/li>\n<li>\n<img decoding=\"async\" src=\"https:\/\/www.musee-mccord-stewart.ca\/app\/uploads\/2015\/06\/m2006-118-1-1-2-p2_fr-964x800.jpg\" alt=\"Bottes, Canadian Rubber Co., 1868-1875. Don du Dr William P. Baker, M2006.118.1.1-2 \u00a9 Mus\u00e9e McCord Stewart\" title=\"Bottes, Canadian Rubber Co., 1868-1875. Don du Dr William P. Baker, M2006.118.1.1-2 \u00a9 Mus\u00e9e McCord Stewart\" \/>\n<\/li>\n<li>\n<img decoding=\"async\" src=\"https:\/\/www.musee-mccord-stewart.ca\/app\/uploads\/2015\/06\/m988-132-p5_fr-893x800.jpg\" alt=\"Marquoir, Mary Sheepey, 1764. Don de Ren\u00e9 Boissay, M988.132 \u00a9 Mus\u00e9e McCord Stewart\" title=\"Marquoir, Mary Sheepey, 1764. Don de Ren\u00e9 Boissay, M988.132 \u00a9 Mus\u00e9e McCord Stewart\" \/>\n<\/li>\n<\/ul>\n\n","protected":false},"excerpt":{"rendered":"<p>La collection Costume, mode et textiles comprend au-del\u00e0 de 27 000 v\u00eatements et accessoires faits ou port\u00e9s principalement \u00e0 Montr\u00e9al depuis les trois derniers si\u00e8cles. Elle couvre tous les aspects de la mode f\u00e9minine, masculine et enfantine des 19e et 20e si\u00e8cles, incluant des v\u00eatements d\u2019int\u00e9rieur et d\u2019ext\u00e9rieur, des sous-v\u00eatements, des v\u00eatements de sport et [&hellip;]<\/p>\n","protected":false},"author":3,"featured_media":0,"parent":39985,"menu_order":0,"comment_status":"closed","ping_status":"closed","template":"page-templates\/page-texte.php","meta":{"footnotes":""},"categories":[],"tags":[],"acf":[],"yoast_head":"<!-- This site is optimized with the Yoast SEO Premium plugin v20.11 (Yoast SEO v20.11) - https:\/\/yoast.com\/wordpress\/plugins\/seo\/ -->\n<title>Costume, mode et textiles - Mus\u00e9e McCord Stewart<\/title>\n<meta name=\"description\" content=\"La collection Costume, mode et textiles comprend au-del\u00e0 de 27 000 v\u00eatements et accessoires faits ou port\u00e9s principalement \u00e0 Montr\u00e9al au cours des trois derniers si\u00e8cles.\" \/>\n<meta name=\"robots\" content=\"index, follow, max-snippet:-1, max-image-preview:large, max-video-preview:-1\" \/>\n<link rel=\"canonical\" href=\"https:\/\/www.musee-mccord-stewart.ca\/fr\/collections\/costume-mode-et-textiles\/\" \/>\n<meta property=\"og:locale\" content=\"fr_FR\" \/>\n<meta property=\"og:type\" content=\"article\" \/>\n<meta property=\"og:title\" content=\"Costume, mode et textiles\" \/>\n<meta property=\"og:description\" content=\"La collection Costume, mode et textiles comprend au-del\u00e0 de 27 000 v\u00eatements et accessoires faits ou port\u00e9s principalement \u00e0 Montr\u00e9al depuis les trois\" \/>\n<meta property=\"og:url\" content=\"https:\/\/www.musee-mccord-stewart.ca\/fr\/collections\/costume-mode-et-textiles\/\" \/>\n<meta property=\"og:site_name\" content=\"Mus\u00e9e McCord Stewart\" \/>\n<meta property=\"article:publisher\" content=\"https:\/\/www.facebook.com\/museemccordstewart\" \/>\n<meta property=\"article:modified_time\" content=\"2025-12-11T21:56:23+00:00\" \/>\n<meta property=\"og:image\" content=\"https:\/\/www.musee-mccord-stewart.ca\/app\/uploads\/2015\/06\/m18005-1-3-p1_fr-600x800.jpg\" \/>\n<meta name=\"twitter:card\" content=\"summary_large_image\" \/>\n<meta name=\"twitter:site\" content=\"@MuseeMcCordStew\" \/>\n<meta name=\"twitter:label1\" content=\"Dur\u00e9e de lecture estim\u00e9e\" \/>\n\t<meta name=\"twitter:data1\" content=\"2 minutes\" \/>\n<script type=\"application\/ld+json\" class=\"yoast-schema-graph\">{\"@context\":\"https:\/\/schema.org\",\"@graph\":[{\"@type\":\"WebPage\",\"@id\":\"https:\/\/www.musee-mccord-stewart.ca\/fr\/collections\/costume-mode-et-textiles\/\",\"url\":\"https:\/\/www.musee-mccord-stewart.ca\/fr\/collections\/costume-mode-et-textiles\/\",\"name\":\"Costume, mode et textiles - Mus\u00e9e McCord Stewart\",\"isPartOf\":{\"@id\":\"https:\/\/www.musee-mccord-stewart.ca\/fr\/#website\"},\"datePublished\":\"2015-04-30T03:00:25+00:00\",\"dateModified\":\"2025-12-11T21:56:23+00:00\",\"description\":\"La collection Costume, mode et textiles comprend au-del\u00e0 de 27 000 v\u00eatements et accessoires faits ou port\u00e9s principalement \u00e0 Montr\u00e9al au cours des trois derniers si\u00e8cles.\",\"breadcrumb\":{\"@id\":\"https:\/\/www.musee-mccord-stewart.ca\/fr\/collections\/costume-mode-et-textiles\/#breadcrumb\"},\"inLanguage\":\"fr-FR\",\"potentialAction\":[{\"@type\":\"ReadAction\",\"target\":[\"https:\/\/www.musee-mccord-stewart.ca\/fr\/collections\/costume-mode-et-textiles\/\"]}]},{\"@type\":\"BreadcrumbList\",\"@id\":\"https:\/\/www.musee-mccord-stewart.ca\/fr\/collections\/costume-mode-et-textiles\/#breadcrumb\",\"itemListElement\":[{\"@type\":\"ListItem\",\"position\":1,\"name\":\"Accueil\",\"item\":\"https:\/\/www.musee-mccord-stewart.ca\/fr\/\"},{\"@type\":\"ListItem\",\"position\":2,\"name\":\"Collections\",\"item\":\"https:\/\/www.musee-mccord-stewart.ca\/fr\/collections\/\"},{\"@type\":\"ListItem\",\"position\":3,\"name\":\"Costume, mode et textiles\"}]},{\"@type\":\"WebSite\",\"@id\":\"https:\/\/www.musee-mccord-stewart.ca\/fr\/#website\",\"url\":\"https:\/\/www.musee-mccord-stewart.ca\/fr\/\",\"name\":\"Mus\u00e9e McCord Stewart\",\"description\":\"Notre monde, nos histoires\",\"publisher\":{\"@id\":\"https:\/\/www.musee-mccord-stewart.ca\/fr\/#organization\"},\"alternateName\":\"MCS\",\"potentialAction\":[{\"@type\":\"SearchAction\",\"target\":{\"@type\":\"EntryPoint\",\"urlTemplate\":\"https:\/\/www.musee-mccord-stewart.ca\/fr\/?s={search_term_string}\"},\"query-input\":\"required name=search_term_string\"}],\"inLanguage\":\"fr-FR\"},{\"@type\":\"Organization\",\"@id\":\"https:\/\/www.musee-mccord-stewart.ca\/fr\/#organization\",\"name\":\"McCord Stewart Museum\",\"alternateName\":\"MCS\",\"url\":\"https:\/\/www.musee-mccord-stewart.ca\/fr\/\",\"logo\":{\"@type\":\"ImageObject\",\"inLanguage\":\"fr-FR\",\"@id\":\"https:\/\/www.musee-mccord-stewart.ca\/fr\/#\/schema\/logo\/image\/\",\"url\":\"https:\/\/www.musee-mccord-stewart.ca\/app\/uploads\/2023\/05\/logo_museemccordstewart_horizontal_noir_slogan.svg\",\"contentUrl\":\"https:\/\/www.musee-mccord-stewart.ca\/app\/uploads\/2023\/05\/logo_museemccordstewart_horizontal_noir_slogan.svg\",\"width\":1,\"height\":1,\"caption\":\"McCord Stewart Museum\"},\"image\":{\"@id\":\"https:\/\/www.musee-mccord-stewart.ca\/fr\/#\/schema\/logo\/image\/\"},\"sameAs\":[\"https:\/\/www.facebook.com\/museemccordstewart\",\"https:\/\/twitter.com\/MuseeMcCordStew\",\"https:\/\/instagram.com\/museemccordstewart\",\"https:\/\/www.linkedin.com\/company\/museemccordstewart\/\",\"https:\/\/www.pinterest.com\/museemccordstewart\/\",\"https:\/\/www.youtube.com\/c\/MuseeMcCordStewartMuseum\"]}]}<\/script>\n<!-- \/ Yoast SEO Premium plugin. -->","yoast_head_json":{"title":"Costume, mode et textiles - Mus\u00e9e McCord Stewart","description":"La collection Costume, mode et textiles comprend au-del\u00e0 de 27 000 v\u00eatements et accessoires faits ou port\u00e9s principalement \u00e0 Montr\u00e9al au cours des trois derniers si\u00e8cles.","robots":{"index":"index","follow":"follow","max-snippet":"max-snippet:-1","max-image-preview":"max-image-preview:large","max-video-preview":"max-video-preview:-1"},"canonical":"https:\/\/www.musee-mccord-stewart.ca\/fr\/collections\/costume-mode-et-textiles\/","og_locale":"fr_FR","og_type":"article","og_title":"Costume, mode et textiles","og_description":"La collection Costume, mode et textiles comprend au-del\u00e0 de 27 000 v\u00eatements et accessoires faits ou port\u00e9s principalement \u00e0 Montr\u00e9al depuis les trois","og_url":"https:\/\/www.musee-mccord-stewart.ca\/fr\/collections\/costume-mode-et-textiles\/","og_site_name":"Mus\u00e9e McCord Stewart","article_publisher":"https:\/\/www.facebook.com\/museemccordstewart","article_modified_time":"2025-12-11T21:56:23+00:00","og_image":[{"url":"https:\/\/www.musee-mccord-stewart.ca\/app\/uploads\/2015\/06\/m18005-1-3-p1_fr-600x800.jpg"}],"twitter_card":"summary_large_image","twitter_site":"@MuseeMcCordStew","twitter_misc":{"Dur\u00e9e de lecture estim\u00e9e":"2 minutes"},"schema":{"@context":"https:\/\/schema.org","@graph":[{"@type":"WebPage","@id":"https:\/\/www.musee-mccord-stewart.ca\/fr\/collections\/costume-mode-et-textiles\/","url":"https:\/\/www.musee-mccord-stewart.ca\/fr\/collections\/costume-mode-et-textiles\/","name":"Costume, mode et textiles - Mus\u00e9e McCord Stewart","isPartOf":{"@id":"https:\/\/www.musee-mccord-stewart.ca\/fr\/#website"},"datePublished":"2015-04-30T03:00:25+00:00","dateModified":"2025-12-11T21:56:23+00:00","description":"La collection Costume, mode et textiles comprend au-del\u00e0 de 27 000 v\u00eatements et accessoires faits ou port\u00e9s principalement \u00e0 Montr\u00e9al au cours des trois derniers si\u00e8cles.","breadcrumb":{"@id":"https:\/\/www.musee-mccord-stewart.ca\/fr\/collections\/costume-mode-et-textiles\/#breadcrumb"},"inLanguage":"fr-FR","potentialAction":[{"@type":"ReadAction","target":["https:\/\/www.musee-mccord-stewart.ca\/fr\/collections\/costume-mode-et-textiles\/"]}]},{"@type":"BreadcrumbList","@id":"https:\/\/www.musee-mccord-stewart.ca\/fr\/collections\/costume-mode-et-textiles\/#breadcrumb","itemListElement":[{"@type":"ListItem","position":1,"name":"Accueil","item":"https:\/\/www.musee-mccord-stewart.ca\/fr\/"},{"@type":"ListItem","position":2,"name":"Collections","item":"https:\/\/www.musee-mccord-stewart.ca\/fr\/collections\/"},{"@type":"ListItem","position":3,"name":"Costume, mode et textiles"}]},{"@type":"WebSite","@id":"https:\/\/www.musee-mccord-stewart.ca\/fr\/#website","url":"https:\/\/www.musee-mccord-stewart.ca\/fr\/","name":"Mus\u00e9e McCord Stewart","description":"Notre monde, nos histoires","publisher":{"@id":"https:\/\/www.musee-mccord-stewart.ca\/fr\/#organization"},"alternateName":"MCS","potentialAction":[{"@type":"SearchAction","target":{"@type":"EntryPoint","urlTemplate":"https:\/\/www.musee-mccord-stewart.ca\/fr\/?s={search_term_string}"},"query-input":"required name=search_term_string"}],"inLanguage":"fr-FR"},{"@type":"Organization","@id":"https:\/\/www.musee-mccord-stewart.ca\/fr\/#organization","name":"McCord Stewart Museum","alternateName":"MCS","url":"https:\/\/www.musee-mccord-stewart.ca\/fr\/","logo":{"@type":"ImageObject","inLanguage":"fr-FR","@id":"https:\/\/www.musee-mccord-stewart.ca\/fr\/#\/schema\/logo\/image\/","url":"https:\/\/www.musee-mccord-stewart.ca\/app\/uploads\/2023\/05\/logo_museemccordstewart_horizontal_noir_slogan.svg","contentUrl":"https:\/\/www.musee-mccord-stewart.ca\/app\/uploads\/2023\/05\/logo_museemccordstewart_horizontal_noir_slogan.svg","width":1,"height":1,"caption":"McCord Stewart Museum"},"image":{"@id":"https:\/\/www.musee-mccord-stewart.ca\/fr\/#\/schema\/logo\/image\/"},"sameAs":["https:\/\/www.facebook.com\/museemccordstewart","https:\/\/twitter.com\/MuseeMcCordStew","https:\/\/instagram.com\/museemccordstewart","https:\/\/www.linkedin.com\/company\/museemccordstewart\/","https:\/\/www.pinterest.com\/museemccordstewart\/","https:\/\/www.youtube.com\/c\/MuseeMcCordStewartMuseum"]}]}},"_links":{"self":[{"href":"https:\/\/www.musee-mccord-stewart.ca\/fr\/wp-json\/wp\/v2\/pages\/1807"}],"collection":[{"href":"https:\/\/www.musee-mccord-stewart.ca\/fr\/wp-json\/wp\/v2\/pages"}],"about":[{"href":"https:\/\/www.musee-mccord-stewart.ca\/fr\/wp-json\/wp\/v2\/types\/page"}],"author":[{"embeddable":true,"href":"https:\/\/www.musee-mccord-stewart.ca\/fr\/wp-json\/wp\/v2\/users\/3"}],"replies":[{"embeddable":true,"href":"https:\/\/www.musee-mccord-stewart.ca\/fr\/wp-json\/wp\/v2\/comments?post=1807"}],"version-history":[{"count":0,"href":"https:\/\/www.musee-mccord-stewart.ca\/fr\/wp-json\/wp\/v2\/pages\/1807\/revisions"}],"up":[{"embeddable":true,"href":"https:\/\/www.musee-mccord-stewart.ca\/fr\/wp-json\/wp\/v2\/pages\/39985"}],"wp:attachment":[{"href":"https:\/\/www.musee-mccord-stewart.ca\/fr\/wp-json\/wp\/v2\/media?parent=1807"}],"wp:term":[{"taxonomy":"category","embeddable":true,"href":"https:\/\/www.musee-mccord-stewart.ca\/fr\/wp-json\/wp\/v2\/categories?post=1807"},{"taxonomy":"post_tag","embeddable":true,"href":"https:\/\/www.musee-mccord-stewart.ca\/fr\/wp-json\/wp\/v2\/tags?post=1807"}],"curies":[{"name":"wp","href":"https:\/\/api.w.org\/{rel}","templated":true}]}}