{"id":1804,"date":"2015-04-29T22:48:42","date_gmt":"2015-04-30T02:48:42","guid":{"rendered":"http:\/\/www.musee-mccord-stewart.ca\/?page_id=1804"},"modified":"2025-12-11T16:43:42","modified_gmt":"2025-12-11T21:43:42","slug":"art-documentaire","status":"publish","type":"page","link":"https:\/\/www.musee-mccord-stewart.ca\/fr\/collections\/art-documentaire\/","title":{"rendered":"Art documentaire"},"content":{"rendered":"<p>La collection Art documentaire est compos\u00e9e d\u2019<strong>images peintes, dessin\u00e9es ou imprim\u00e9es<\/strong> repr\u00e9sentant autant de sources pour la recherche dans le domaine de l\u2019histoire sociale au Canada et au Qu\u00e9bec. Ces documents iconographiques portent sur des personnages, des lieux, des sc\u00e8nes, des \u00e9v\u00e9nements historiques ou politiques et des objets. Ils refl\u00e8tent les points de vue des Canadiens depuis les trois derniers si\u00e8cles.<br \/>\n<a class=\"cta\" title=\"\" href=\"https:\/\/collections.musee-mccord-stewart.ca\/fr\/collections\/155917\/documentary-art\/objects\">Explorez la collection en ligne<i class=\"arrow-right-thickicon-\"><\/i><\/a><\/p>\n<p>La collection se d\u00e9marque avec un <strong>corpus de dessins satiriques couvrant plus de deux si\u00e8cles et demi d\u2019histoire canadienne<\/strong>. Compos\u00e9e d\u2019environ 45 000 caricatures, cette collection est tr\u00e8s largement diffus\u00e9e, que ce soit dans des publications, en ligne ou dans des expositions.<\/p>\n<p>En mati\u00e8re d\u2019\u0153uvres originales, on d\u00e9nombre plus d\u2019<strong>une dizaine de milliers de portraits d\u2019individus ayant marqu\u00e9 l\u2019histoire du pays ainsi que de paysages ou de vues urbaines<\/strong> documentant l\u2019essor d\u2019agglom\u00e9rations canadiennes, principalement celle de Montr\u00e9al.<\/p>\n<p>Des <strong>fonds d\u2019illustrateurs et d\u2019imprimeurs, des journaux illustr\u00e9s anciens et des affiches<\/strong> compl\u00e8tent cette vaste banque d\u2019images caract\u00e9ristiques du Canada, de ses populations et de ses cultures.<\/p>\n<p>L\u2019ensemble inclut le corpus de gravures anciennes et de documents iconographiques du Mus\u00e9e Stewart, un <strong>recueil visuel des principaux \u00e9v\u00e9nements ayant conduit \u00e0 la pr\u00e9sence europ\u00e9enne sur le territoire actuel du Canada<\/strong>. Il comprend plus de 4 000 illustrations d\u2019activit\u00e9s humaines et militaires.<\/p>\n<ul class=\"sliderTiny\">\n<li>\n<img decoding=\"async\" src=\"https:\/\/www.musee-mccord-stewart.ca\/app\/uploads\/2015\/06\/m11588-p2_fr-1071x800.jpg\" alt=\"Autrefois attribu\u00e9 \u00e0 Joseph L\u00e9gar\u00e9, &lt;i&gt;L&#039;incendie du Parlement \u00e0 Montr\u00e9al&lt;\/i&gt;, 1849. M11588, Mus\u00e9e McCord Stewart\" title=\"Autrefois attribu\u00e9 \u00e0 Joseph L\u00e9gar\u00e9, &lt;i&gt;L&#039;incendie du Parlement \u00e0 Montr\u00e9al&lt;\/i&gt;, 1849. M11588, Mus\u00e9e McCord Stewart\" \/>\n<\/li>\n<li>\n<img decoding=\"async\" src=\"https:\/\/www.musee-mccord-stewart.ca\/app\/uploads\/2021\/12\/mccord_collection_1978-323_800px_fr.jpg\" alt=\"D\u2019apr\u00e8s Olaus Magnus, &lt;i&gt;De regnis septention Monstra marina &amp; terrestria&lt;\/i&gt;, vers 1550. 1978.323, Mus\u00e9e McCord Stewart\" title=\"D\u2019apr\u00e8s Olaus Magnus, &lt;i&gt;De regnis septention Monstra marina &amp; terrestria&lt;\/i&gt;, vers 1550. 1978.323, Mus\u00e9e McCord Stewart\" \/>\n<\/li>\n<li>\n<img decoding=\"async\" src=\"https:\/\/www.musee-mccord-stewart.ca\/app\/uploads\/2015\/06\/m2009-31-5-1-2-p1_fr-1098x800.jpg\" alt=\"Portraits miniatures de l&#039;officier James Cuthbert et de son enfant, vers 1797-1798 pour le m\u00e9daillon et vers 1815-1820 pour la breloque. Don du Dr. Wendy C. Weaver, M2009.31.5.1-2, Mus\u00e9e McCord Stewart\" title=\"Portraits miniatures de l&#039;officier James Cuthbert et de son enfant, vers 1797-1798 pour le m\u00e9daillon et vers 1815-1820 pour la breloque. Don du Dr. Wendy C. Weaver, M2009.31.5.1-2, Mus\u00e9e McCord Stewart\" \/>\n<\/li>\n<li>\n<img decoding=\"async\" src=\"https:\/\/www.musee-mccord-stewart.ca\/app\/uploads\/2021\/12\/mccord_collection_1978-297_800px_fr.jpg\" alt=\"Cornelis Cort, d\u2019apr\u00e8s Frans Floris, &lt;i&gt;Astrologia&lt;\/i&gt;, 1565. 1978.297, Mus\u00e9e McCord Stewart\" title=\"Cornelis Cort, d\u2019apr\u00e8s Frans Floris, &lt;i&gt;Astrologia&lt;\/i&gt;, 1565. 1978.297, Mus\u00e9e McCord Stewart\" \/>\n<\/li>\n<li>\n<img decoding=\"async\" src=\"https:\/\/www.musee-mccord-stewart.ca\/app\/uploads\/2015\/06\/m2000-95-1-p1_fr-1142x800.jpg\" alt=\"Cornelius Krieghoff, &lt;i&gt;Le Shakspeare Club&lt;\/i&gt;, 1847. Don de Mme E. R. Brodhead, M2000.95.1, Mus\u00e9e McCord Stewart\" title=\"Cornelius Krieghoff, &lt;i&gt;Le Shakspeare Club&lt;\/i&gt;, 1847. Don de Mme E. R. Brodhead, M2000.95.1, Mus\u00e9e McCord Stewart\" \/>\n<\/li>\n<li>\n<img decoding=\"async\" src=\"https:\/\/www.musee-mccord-stewart.ca\/app\/uploads\/2021\/12\/mccord_collection_1985-32_180301-p1_800px_fr.jpg\" alt=\"Fran\u00e7ois Hubert Drouais, &lt;i&gt;Madame de Pompadour en vestale&lt;\/i&gt;, vers 1764. 1985.32, Mus\u00e9e McCord Stewart\" title=\"Fran\u00e7ois Hubert Drouais, &lt;i&gt;Madame de Pompadour en vestale&lt;\/i&gt;, vers 1764. 1985.32, Mus\u00e9e McCord Stewart\" \/>\n<\/li>\n<li>\n<img decoding=\"async\" src=\"https:\/\/www.musee-mccord-stewart.ca\/app\/uploads\/2015\/06\/m1793-p1_fr-640x800.jpg\" alt=\"George Townshend, &lt;i&gt;Le g\u00e9n\u00e9ral James Wolfe \u00e0 Qu\u00e9bec&lt;\/i&gt;, 1759. Don de David Ross McCord, M1793, Mus\u00e9e McCord Stewart\" title=\"George Townshend, &lt;i&gt;Le g\u00e9n\u00e9ral James Wolfe \u00e0 Qu\u00e9bec&lt;\/i&gt;, 1759. Don de David Ross McCord, M1793, Mus\u00e9e McCord Stewart\" \/>\n<\/li>\n<li>\n<img decoding=\"async\" src=\"https:\/\/www.musee-mccord-stewart.ca\/app\/uploads\/2015\/06\/m966-61-p2_fr-1200x775.jpg\" alt=\"James Duncan, &lt;i&gt;Montr\u00e9al depuis la montagne&lt;\/i&gt;, vers 1830-1831. Don de William D. Lighthall, M966.61, Mus\u00e9e McCord Stewart\" title=\"James Duncan, &lt;i&gt;Montr\u00e9al depuis la montagne&lt;\/i&gt;, vers 1830-1831. Don de William D. Lighthall, M966.61, Mus\u00e9e McCord Stewart\" \/>\n<\/li>\n<li>\n<img decoding=\"async\" src=\"https:\/\/www.musee-mccord-stewart.ca\/app\/uploads\/2015\/06\/m965-9-p2_fr-980x800.jpg\" alt=\"Peter Rindisbacher, &lt;i&gt;Le capitaine Bulger, gouverneur d&#039;Assiniboia, et des chefs et des guerriers de la nation chippewa de Red Lake, r\u00e9unis en conseil \u00e0 la Maison de la colonie au Fort Douglas, 22 mai 1823&lt;\/i&gt;, 1823. M965.9, Mus\u00e9e McCord Stewart\" title=\"Peter Rindisbacher, &lt;i&gt;Le capitaine Bulger, gouverneur d&#039;Assiniboia, et des chefs et des guerriers de la nation chippewa de Red Lake, r\u00e9unis en conseil \u00e0 la Maison de la colonie au Fort Douglas, 22 mai 1823&lt;\/i&gt;, 1823. M965.9, Mus\u00e9e McCord Stewart\" \/>\n<\/li>\n<\/ul>\n\n","protected":false},"excerpt":{"rendered":"<p>La collection Art documentaire est compos\u00e9e d\u2019images peintes, dessin\u00e9es ou imprim\u00e9es repr\u00e9sentant autant de sources pour la recherche dans le domaine de l\u2019histoire sociale au Canada et au Qu\u00e9bec. Ces documents iconographiques portent sur des personnages, des lieux, des sc\u00e8nes, des \u00e9v\u00e9nements historiques ou politiques et des objets. Ils refl\u00e8tent les points de vue des [&hellip;]<\/p>\n","protected":false},"author":3,"featured_media":0,"parent":39985,"menu_order":0,"comment_status":"closed","ping_status":"closed","template":"page-templates\/page-texte.php","meta":{"footnotes":""},"categories":[],"tags":[],"acf":[],"yoast_head":"<!-- This site is optimized with the Yoast SEO Premium plugin v20.11 (Yoast SEO v20.11) - https:\/\/yoast.com\/wordpress\/plugins\/seo\/ -->\n<title>Art documentaire - Mus\u00e9e McCord Stewart<\/title>\n<meta name=\"description\" content=\"La collection Art documentaire est compos\u00e9e d\u2019images portant sur des personnages, des lieux, des \u00e9v\u00e9nements historiques ou politiques et refl\u00e8tent les perspectives des Canadiens des trois derniers si\u00e8cles.\" \/>\n<meta name=\"robots\" content=\"index, follow, max-snippet:-1, max-image-preview:large, max-video-preview:-1\" \/>\n<link rel=\"canonical\" href=\"https:\/\/www.musee-mccord-stewart.ca\/fr\/collections\/art-documentaire\/\" \/>\n<meta property=\"og:locale\" content=\"fr_FR\" \/>\n<meta property=\"og:type\" content=\"article\" \/>\n<meta property=\"og:title\" content=\"Art documentaire\" \/>\n<meta property=\"og:description\" content=\"La collection Art documentaire est compos\u00e9e d\u2019images portant sur des personnages, des lieux, des \u00e9v\u00e9nements historiques ou politiques et refl\u00e8tent les perspectives des Canadiens des trois derniers si\u00e8cles.\" \/>\n<meta property=\"og:url\" content=\"https:\/\/www.musee-mccord-stewart.ca\/fr\/collections\/art-documentaire\/\" \/>\n<meta property=\"og:site_name\" content=\"Mus\u00e9e McCord Stewart\" \/>\n<meta property=\"article:publisher\" content=\"https:\/\/www.facebook.com\/museemccordstewart\" \/>\n<meta property=\"article:modified_time\" content=\"2025-12-11T21:43:42+00:00\" \/>\n<meta property=\"og:image\" content=\"https:\/\/www.musee-mccord-stewart.ca\/app\/uploads\/2022\/02\/mccord_collection_art_documentaire_m11588-p2_640x375.jpg\" \/>\n\t<meta property=\"og:image:width\" content=\"640\" \/>\n\t<meta property=\"og:image:height\" content=\"375\" \/>\n\t<meta property=\"og:image:type\" content=\"image\/jpeg\" \/>\n<meta name=\"twitter:card\" content=\"summary_large_image\" \/>\n<meta name=\"twitter:description\" content=\"La collection Art documentaire est compos\u00e9e d\u2019images portant sur des personnages, des lieux, des \u00e9v\u00e9nements historiques ou politiques et refl\u00e8tent les perspectives des Canadiens des trois derniers si\u00e8cles.\" \/>\n<meta name=\"twitter:site\" content=\"@MuseeMcCordStew\" \/>\n<meta name=\"twitter:label1\" content=\"Dur\u00e9e de lecture estim\u00e9e\" \/>\n\t<meta name=\"twitter:data1\" content=\"2 minutes\" \/>\n<script type=\"application\/ld+json\" class=\"yoast-schema-graph\">{\"@context\":\"https:\/\/schema.org\",\"@graph\":[{\"@type\":\"WebPage\",\"@id\":\"https:\/\/www.musee-mccord-stewart.ca\/fr\/collections\/art-documentaire\/\",\"url\":\"https:\/\/www.musee-mccord-stewart.ca\/fr\/collections\/art-documentaire\/\",\"name\":\"Art documentaire - Mus\u00e9e McCord Stewart\",\"isPartOf\":{\"@id\":\"https:\/\/www.musee-mccord-stewart.ca\/fr\/#website\"},\"datePublished\":\"2015-04-30T02:48:42+00:00\",\"dateModified\":\"2025-12-11T21:43:42+00:00\",\"description\":\"La collection Art documentaire est compos\u00e9e d\u2019images portant sur des personnages, des lieux, des \u00e9v\u00e9nements historiques ou politiques et refl\u00e8tent les perspectives des Canadiens des trois derniers si\u00e8cles.\",\"breadcrumb\":{\"@id\":\"https:\/\/www.musee-mccord-stewart.ca\/fr\/collections\/art-documentaire\/#breadcrumb\"},\"inLanguage\":\"fr-FR\",\"potentialAction\":[{\"@type\":\"ReadAction\",\"target\":[\"https:\/\/www.musee-mccord-stewart.ca\/fr\/collections\/art-documentaire\/\"]}]},{\"@type\":\"BreadcrumbList\",\"@id\":\"https:\/\/www.musee-mccord-stewart.ca\/fr\/collections\/art-documentaire\/#breadcrumb\",\"itemListElement\":[{\"@type\":\"ListItem\",\"position\":1,\"name\":\"Accueil\",\"item\":\"https:\/\/www.musee-mccord-stewart.ca\/fr\/\"},{\"@type\":\"ListItem\",\"position\":2,\"name\":\"Collections\",\"item\":\"https:\/\/www.musee-mccord-stewart.ca\/fr\/collections\/\"},{\"@type\":\"ListItem\",\"position\":3,\"name\":\"Art documentaire\"}]},{\"@type\":\"WebSite\",\"@id\":\"https:\/\/www.musee-mccord-stewart.ca\/fr\/#website\",\"url\":\"https:\/\/www.musee-mccord-stewart.ca\/fr\/\",\"name\":\"Mus\u00e9e McCord Stewart\",\"description\":\"Notre monde, nos histoires\",\"publisher\":{\"@id\":\"https:\/\/www.musee-mccord-stewart.ca\/fr\/#organization\"},\"alternateName\":\"MCS\",\"potentialAction\":[{\"@type\":\"SearchAction\",\"target\":{\"@type\":\"EntryPoint\",\"urlTemplate\":\"https:\/\/www.musee-mccord-stewart.ca\/fr\/?s={search_term_string}\"},\"query-input\":\"required name=search_term_string\"}],\"inLanguage\":\"fr-FR\"},{\"@type\":\"Organization\",\"@id\":\"https:\/\/www.musee-mccord-stewart.ca\/fr\/#organization\",\"name\":\"McCord Stewart Museum\",\"alternateName\":\"MCS\",\"url\":\"https:\/\/www.musee-mccord-stewart.ca\/fr\/\",\"logo\":{\"@type\":\"ImageObject\",\"inLanguage\":\"fr-FR\",\"@id\":\"https:\/\/www.musee-mccord-stewart.ca\/fr\/#\/schema\/logo\/image\/\",\"url\":\"https:\/\/www.musee-mccord-stewart.ca\/app\/uploads\/2023\/05\/logo_museemccordstewart_horizontal_noir_slogan.svg\",\"contentUrl\":\"https:\/\/www.musee-mccord-stewart.ca\/app\/uploads\/2023\/05\/logo_museemccordstewart_horizontal_noir_slogan.svg\",\"width\":1,\"height\":1,\"caption\":\"McCord Stewart Museum\"},\"image\":{\"@id\":\"https:\/\/www.musee-mccord-stewart.ca\/fr\/#\/schema\/logo\/image\/\"},\"sameAs\":[\"https:\/\/www.facebook.com\/museemccordstewart\",\"https:\/\/twitter.com\/MuseeMcCordStew\",\"https:\/\/instagram.com\/museemccordstewart\",\"https:\/\/www.linkedin.com\/company\/museemccordstewart\/\",\"https:\/\/www.pinterest.com\/museemccordstewart\/\",\"https:\/\/www.youtube.com\/c\/MuseeMcCordStewartMuseum\"]}]}<\/script>\n<!-- \/ Yoast SEO Premium plugin. -->","yoast_head_json":{"title":"Art documentaire - Mus\u00e9e McCord Stewart","description":"La collection Art documentaire est compos\u00e9e d\u2019images portant sur des personnages, des lieux, des \u00e9v\u00e9nements historiques ou politiques et refl\u00e8tent les perspectives des Canadiens des trois derniers si\u00e8cles.","robots":{"index":"index","follow":"follow","max-snippet":"max-snippet:-1","max-image-preview":"max-image-preview:large","max-video-preview":"max-video-preview:-1"},"canonical":"https:\/\/www.musee-mccord-stewart.ca\/fr\/collections\/art-documentaire\/","og_locale":"fr_FR","og_type":"article","og_title":"Art documentaire","og_description":"La collection Art documentaire est compos\u00e9e d\u2019images portant sur des personnages, des lieux, des \u00e9v\u00e9nements historiques ou politiques et refl\u00e8tent les perspectives des Canadiens des trois derniers si\u00e8cles.","og_url":"https:\/\/www.musee-mccord-stewart.ca\/fr\/collections\/art-documentaire\/","og_site_name":"Mus\u00e9e McCord Stewart","article_publisher":"https:\/\/www.facebook.com\/museemccordstewart","article_modified_time":"2025-12-11T21:43:42+00:00","og_image":[{"width":640,"height":375,"url":"https:\/\/www.musee-mccord-stewart.ca\/app\/uploads\/2022\/02\/mccord_collection_art_documentaire_m11588-p2_640x375.jpg","type":"image\/jpeg"}],"twitter_card":"summary_large_image","twitter_description":"La collection Art documentaire est compos\u00e9e d\u2019images portant sur des personnages, des lieux, des \u00e9v\u00e9nements historiques ou politiques et refl\u00e8tent les perspectives des Canadiens des trois derniers si\u00e8cles.","twitter_site":"@MuseeMcCordStew","twitter_misc":{"Dur\u00e9e de lecture estim\u00e9e":"2 minutes"},"schema":{"@context":"https:\/\/schema.org","@graph":[{"@type":"WebPage","@id":"https:\/\/www.musee-mccord-stewart.ca\/fr\/collections\/art-documentaire\/","url":"https:\/\/www.musee-mccord-stewart.ca\/fr\/collections\/art-documentaire\/","name":"Art documentaire - Mus\u00e9e McCord Stewart","isPartOf":{"@id":"https:\/\/www.musee-mccord-stewart.ca\/fr\/#website"},"datePublished":"2015-04-30T02:48:42+00:00","dateModified":"2025-12-11T21:43:42+00:00","description":"La collection Art documentaire est compos\u00e9e d\u2019images portant sur des personnages, des lieux, des \u00e9v\u00e9nements historiques ou politiques et refl\u00e8tent les perspectives des Canadiens des trois derniers si\u00e8cles.","breadcrumb":{"@id":"https:\/\/www.musee-mccord-stewart.ca\/fr\/collections\/art-documentaire\/#breadcrumb"},"inLanguage":"fr-FR","potentialAction":[{"@type":"ReadAction","target":["https:\/\/www.musee-mccord-stewart.ca\/fr\/collections\/art-documentaire\/"]}]},{"@type":"BreadcrumbList","@id":"https:\/\/www.musee-mccord-stewart.ca\/fr\/collections\/art-documentaire\/#breadcrumb","itemListElement":[{"@type":"ListItem","position":1,"name":"Accueil","item":"https:\/\/www.musee-mccord-stewart.ca\/fr\/"},{"@type":"ListItem","position":2,"name":"Collections","item":"https:\/\/www.musee-mccord-stewart.ca\/fr\/collections\/"},{"@type":"ListItem","position":3,"name":"Art documentaire"}]},{"@type":"WebSite","@id":"https:\/\/www.musee-mccord-stewart.ca\/fr\/#website","url":"https:\/\/www.musee-mccord-stewart.ca\/fr\/","name":"Mus\u00e9e McCord Stewart","description":"Notre monde, nos histoires","publisher":{"@id":"https:\/\/www.musee-mccord-stewart.ca\/fr\/#organization"},"alternateName":"MCS","potentialAction":[{"@type":"SearchAction","target":{"@type":"EntryPoint","urlTemplate":"https:\/\/www.musee-mccord-stewart.ca\/fr\/?s={search_term_string}"},"query-input":"required name=search_term_string"}],"inLanguage":"fr-FR"},{"@type":"Organization","@id":"https:\/\/www.musee-mccord-stewart.ca\/fr\/#organization","name":"McCord Stewart Museum","alternateName":"MCS","url":"https:\/\/www.musee-mccord-stewart.ca\/fr\/","logo":{"@type":"ImageObject","inLanguage":"fr-FR","@id":"https:\/\/www.musee-mccord-stewart.ca\/fr\/#\/schema\/logo\/image\/","url":"https:\/\/www.musee-mccord-stewart.ca\/app\/uploads\/2023\/05\/logo_museemccordstewart_horizontal_noir_slogan.svg","contentUrl":"https:\/\/www.musee-mccord-stewart.ca\/app\/uploads\/2023\/05\/logo_museemccordstewart_horizontal_noir_slogan.svg","width":1,"height":1,"caption":"McCord Stewart Museum"},"image":{"@id":"https:\/\/www.musee-mccord-stewart.ca\/fr\/#\/schema\/logo\/image\/"},"sameAs":["https:\/\/www.facebook.com\/museemccordstewart","https:\/\/twitter.com\/MuseeMcCordStew","https:\/\/instagram.com\/museemccordstewart","https:\/\/www.linkedin.com\/company\/museemccordstewart\/","https:\/\/www.pinterest.com\/museemccordstewart\/","https:\/\/www.youtube.com\/c\/MuseeMcCordStewartMuseum"]}]}},"_links":{"self":[{"href":"https:\/\/www.musee-mccord-stewart.ca\/fr\/wp-json\/wp\/v2\/pages\/1804"}],"collection":[{"href":"https:\/\/www.musee-mccord-stewart.ca\/fr\/wp-json\/wp\/v2\/pages"}],"about":[{"href":"https:\/\/www.musee-mccord-stewart.ca\/fr\/wp-json\/wp\/v2\/types\/page"}],"author":[{"embeddable":true,"href":"https:\/\/www.musee-mccord-stewart.ca\/fr\/wp-json\/wp\/v2\/users\/3"}],"replies":[{"embeddable":true,"href":"https:\/\/www.musee-mccord-stewart.ca\/fr\/wp-json\/wp\/v2\/comments?post=1804"}],"version-history":[{"count":0,"href":"https:\/\/www.musee-mccord-stewart.ca\/fr\/wp-json\/wp\/v2\/pages\/1804\/revisions"}],"up":[{"embeddable":true,"href":"https:\/\/www.musee-mccord-stewart.ca\/fr\/wp-json\/wp\/v2\/pages\/39985"}],"wp:attachment":[{"href":"https:\/\/www.musee-mccord-stewart.ca\/fr\/wp-json\/wp\/v2\/media?parent=1804"}],"wp:term":[{"taxonomy":"category","embeddable":true,"href":"https:\/\/www.musee-mccord-stewart.ca\/fr\/wp-json\/wp\/v2\/categories?post=1804"},{"taxonomy":"post_tag","embeddable":true,"href":"https:\/\/www.musee-mccord-stewart.ca\/fr\/wp-json\/wp\/v2\/tags?post=1804"}],"curies":[{"name":"wp","href":"https:\/\/api.w.org\/{rel}","templated":true}]}}