{"id":17821,"date":"2016-08-12T09:55:42","date_gmt":"2016-08-12T13:55:42","guid":{"rendered":"http:\/\/www.musee-mccord-stewart.ca\/?page_id=17821"},"modified":"2016-08-12T10:03:51","modified_gmt":"2016-08-12T14:03:52","slug":"les-premiers-peuples-du-canada","status":"publish","type":"page","link":"https:\/\/www.musee-mccord-stewart.ca\/fr\/les-premiers-peuples-du-canada\/","title":{"rendered":"Les premiers Peuples du Canada"},"content":{"rendered":"<p><strong>Dur\u00e9e :<\/strong> 90 minutes<br \/>\n<strong>Dates:<\/strong>\u00a0\u00e0 partir du 24\u00a0janvier 2017<br \/>\n<strong>Nombre max. :<\/strong> 30<br \/>\n<strong>Tarif :<\/strong> 6,50 $ par personne<\/p>\n<p>NIVEAU D\u00c9BUTANT \u00c0 AVANC\u00c9 (FRAN\u00c7AIS).<\/p>\n<p>Hommes et femmes se racontent \u00e0 travers\u00a0les v\u00eatements de l\u2019exposition <em><a title=\"Porter son identit\u00e9. La collection Premiers Peuples\" href=\"http:\/\/www.musee-mccord-stewart.ca\/fr\/expositions\/porter-son-identite-la-collection-premiers-peuples\/\">Porter son identit\u00e9 \u2013\u00a0La collection Premiers Peuples<\/a><\/em>. La d\u00e9couverte\u00a0des Premiers Peuples du Canada est un moyen\u00a0efficace de faciliter l\u2019int\u00e9gration des nouveaux<br \/>\narrivants en permettant aux visiteurs\u00a0de comparer leur culture d\u2019origine \u00e0 celles\u00a0des peuples autochtones.<\/p>\n<p>En atelier, les visiteurs r\u00e9alisent une impression\u00a0inspir\u00e9e des gravures inuites.<\/p>\n<p>&nbsp;<\/p>\n<p><a class=\"download\" href=\"http:\/\/www.musee-mccord-stewart.ca\/app\/uploads\/2015\/06\/telecharger-le-programme-dactivites-educatives-pour-adultes-2016-2017-au-complet-1.pdf\">T\u00c9L\u00c9CHARGER LE PROGRAMME D\u2019ACTIVIT\u00c9S \u00c9DUCATIVES POUR ADULTES 2016-2017 AU COMPLET\u00a0<\/a><\/p>\n","protected":false},"excerpt":{"rendered":"<p>Dur\u00e9e : 90 minutes Dates:\u00a0\u00e0 partir du 24\u00a0janvier 2017 Nombre max. : 30 Tarif : 6,50 $ par personne NIVEAU D\u00c9BUTANT \u00c0 AVANC\u00c9 (FRAN\u00c7AIS). Hommes et femmes se racontent \u00e0 travers\u00a0les v\u00eatements de l\u2019exposition Porter son identit\u00e9 \u2013\u00a0La collection Premiers Peuples. La d\u00e9couverte\u00a0des Premiers Peuples du Canada est un moyen\u00a0efficace de faciliter l\u2019int\u00e9gration des nouveaux [&hellip;]<\/p>\n","protected":false},"author":17,"featured_media":0,"parent":0,"menu_order":0,"comment_status":"closed","ping_status":"closed","template":"page-templates\/page-texte.php","meta":{"footnotes":""},"categories":[],"tags":[],"acf":[],"yoast_head":"<!-- This site is optimized with the Yoast SEO Premium plugin v20.11 (Yoast SEO v20.11) - https:\/\/yoast.com\/wordpress\/plugins\/seo\/ -->\n<title>Les premiers Peuples du Canada - Mus\u00e9e McCord Stewart<\/title>\n<meta name=\"description\" content=\"Dur\u00e9e : 90 minutes Dates:\u00a0\u00e0 partir du 24\u00a0janvier 2017 Nombre max. : 30 Tarif : 6,50 $ par personne NIVEAU D\u00c9BUTANT \u00c0 AVANC\u00c9 (FRAN\u00c7AIS). Hommes et femmes\" \/>\n<meta name=\"robots\" content=\"index, follow, max-snippet:-1, max-image-preview:large, max-video-preview:-1\" \/>\n<link rel=\"canonical\" href=\"https:\/\/www.musee-mccord-stewart.ca\/fr\/les-premiers-peuples-du-canada\/\" \/>\n<meta property=\"og:locale\" content=\"fr_FR\" \/>\n<meta property=\"og:type\" content=\"article\" \/>\n<meta property=\"og:title\" content=\"Les premiers Peuples du Canada\" \/>\n<meta property=\"og:description\" content=\"Dur\u00e9e : 90 minutes Dates:\u00a0\u00e0 partir du 24\u00a0janvier 2017 Nombre max. : 30 Tarif : 6,50 $ par personne NIVEAU D\u00c9BUTANT \u00c0 AVANC\u00c9 (FRAN\u00c7AIS). Hommes et femmes\" \/>\n<meta property=\"og:url\" content=\"https:\/\/www.musee-mccord-stewart.ca\/fr\/les-premiers-peuples-du-canada\/\" \/>\n<meta property=\"og:site_name\" content=\"Mus\u00e9e McCord Stewart\" \/>\n<meta property=\"article:publisher\" content=\"https:\/\/www.facebook.com\/museemccordstewart\" \/>\n<meta property=\"article:modified_time\" content=\"2016-08-12T14:03:52+00:00\" \/>\n<meta property=\"og:image\" content=\"https:\/\/www.musee-mccord-stewart.ca\/app\/uploads\/2022\/09\/mccord-stewart_facade-exterieur-henderson-2022_roger-aziz_1320x480.jpg\" \/>\n\t<meta property=\"og:image:width\" content=\"1320\" \/>\n\t<meta property=\"og:image:height\" content=\"480\" \/>\n\t<meta property=\"og:image:type\" content=\"image\/jpeg\" \/>\n<meta name=\"twitter:card\" content=\"summary_large_image\" \/>\n<meta name=\"twitter:site\" content=\"@MuseeMcCordStew\" \/>\n<script type=\"application\/ld+json\" class=\"yoast-schema-graph\">{\"@context\":\"https:\/\/schema.org\",\"@graph\":[{\"@type\":\"WebPage\",\"@id\":\"https:\/\/www.musee-mccord-stewart.ca\/fr\/les-premiers-peuples-du-canada\/\",\"url\":\"https:\/\/www.musee-mccord-stewart.ca\/fr\/les-premiers-peuples-du-canada\/\",\"name\":\"Les premiers Peuples du Canada - Mus\u00e9e McCord Stewart\",\"isPartOf\":{\"@id\":\"https:\/\/www.musee-mccord-stewart.ca\/fr\/#website\"},\"datePublished\":\"2016-08-12T13:55:42+00:00\",\"dateModified\":\"2016-08-12T14:03:52+00:00\",\"description\":\"Dur\u00e9e : 90 minutes Dates:\u00a0\u00e0 partir du 24\u00a0janvier 2017 Nombre max. : 30 Tarif : 6,50 $ par personne NIVEAU D\u00c9BUTANT \u00c0 AVANC\u00c9 (FRAN\u00c7AIS). Hommes et femmes\",\"breadcrumb\":{\"@id\":\"https:\/\/www.musee-mccord-stewart.ca\/fr\/les-premiers-peuples-du-canada\/#breadcrumb\"},\"inLanguage\":\"fr-FR\",\"potentialAction\":[{\"@type\":\"ReadAction\",\"target\":[\"https:\/\/www.musee-mccord-stewart.ca\/fr\/les-premiers-peuples-du-canada\/\"]}]},{\"@type\":\"BreadcrumbList\",\"@id\":\"https:\/\/www.musee-mccord-stewart.ca\/fr\/les-premiers-peuples-du-canada\/#breadcrumb\",\"itemListElement\":[{\"@type\":\"ListItem\",\"position\":1,\"name\":\"Accueil\",\"item\":\"https:\/\/www.musee-mccord-stewart.ca\/fr\/\"},{\"@type\":\"ListItem\",\"position\":2,\"name\":\"Les premiers Peuples du Canada\"}]},{\"@type\":\"WebSite\",\"@id\":\"https:\/\/www.musee-mccord-stewart.ca\/fr\/#website\",\"url\":\"https:\/\/www.musee-mccord-stewart.ca\/fr\/\",\"name\":\"Mus\u00e9e McCord Stewart\",\"description\":\"Notre monde, nos histoires\",\"publisher\":{\"@id\":\"https:\/\/www.musee-mccord-stewart.ca\/fr\/#organization\"},\"alternateName\":\"MCS\",\"potentialAction\":[{\"@type\":\"SearchAction\",\"target\":{\"@type\":\"EntryPoint\",\"urlTemplate\":\"https:\/\/www.musee-mccord-stewart.ca\/fr\/?s={search_term_string}\"},\"query-input\":\"required name=search_term_string\"}],\"inLanguage\":\"fr-FR\"},{\"@type\":\"Organization\",\"@id\":\"https:\/\/www.musee-mccord-stewart.ca\/fr\/#organization\",\"name\":\"McCord Stewart Museum\",\"alternateName\":\"MCS\",\"url\":\"https:\/\/www.musee-mccord-stewart.ca\/fr\/\",\"logo\":{\"@type\":\"ImageObject\",\"inLanguage\":\"fr-FR\",\"@id\":\"https:\/\/www.musee-mccord-stewart.ca\/fr\/#\/schema\/logo\/image\/\",\"url\":\"https:\/\/www.musee-mccord-stewart.ca\/app\/uploads\/2023\/05\/logo_museemccordstewart_horizontal_noir_slogan.svg\",\"contentUrl\":\"https:\/\/www.musee-mccord-stewart.ca\/app\/uploads\/2023\/05\/logo_museemccordstewart_horizontal_noir_slogan.svg\",\"width\":1,\"height\":1,\"caption\":\"McCord Stewart Museum\"},\"image\":{\"@id\":\"https:\/\/www.musee-mccord-stewart.ca\/fr\/#\/schema\/logo\/image\/\"},\"sameAs\":[\"https:\/\/www.facebook.com\/museemccordstewart\",\"https:\/\/twitter.com\/MuseeMcCordStew\",\"https:\/\/instagram.com\/museemccordstewart\",\"https:\/\/www.linkedin.com\/company\/museemccordstewart\/\",\"https:\/\/www.pinterest.com\/museemccordstewart\/\",\"https:\/\/www.youtube.com\/c\/MuseeMcCordStewartMuseum\"]}]}<\/script>\n<!-- \/ Yoast SEO Premium plugin. -->","yoast_head_json":{"title":"Les premiers Peuples du Canada - Mus\u00e9e McCord Stewart","description":"Dur\u00e9e : 90 minutes Dates:\u00a0\u00e0 partir du 24\u00a0janvier 2017 Nombre max. : 30 Tarif : 6,50 $ par personne NIVEAU D\u00c9BUTANT \u00c0 AVANC\u00c9 (FRAN\u00c7AIS). Hommes et femmes","robots":{"index":"index","follow":"follow","max-snippet":"max-snippet:-1","max-image-preview":"max-image-preview:large","max-video-preview":"max-video-preview:-1"},"canonical":"https:\/\/www.musee-mccord-stewart.ca\/fr\/les-premiers-peuples-du-canada\/","og_locale":"fr_FR","og_type":"article","og_title":"Les premiers Peuples du Canada","og_description":"Dur\u00e9e : 90 minutes Dates:\u00a0\u00e0 partir du 24\u00a0janvier 2017 Nombre max. : 30 Tarif : 6,50 $ par personne NIVEAU D\u00c9BUTANT \u00c0 AVANC\u00c9 (FRAN\u00c7AIS). Hommes et femmes","og_url":"https:\/\/www.musee-mccord-stewart.ca\/fr\/les-premiers-peuples-du-canada\/","og_site_name":"Mus\u00e9e McCord Stewart","article_publisher":"https:\/\/www.facebook.com\/museemccordstewart","article_modified_time":"2016-08-12T14:03:52+00:00","og_image":[{"width":1320,"height":480,"url":"https:\/\/www.musee-mccord-stewart.ca\/app\/uploads\/2022\/09\/mccord-stewart_facade-exterieur-henderson-2022_roger-aziz_1320x480.jpg","type":"image\/jpeg"}],"twitter_card":"summary_large_image","twitter_site":"@MuseeMcCordStew","schema":{"@context":"https:\/\/schema.org","@graph":[{"@type":"WebPage","@id":"https:\/\/www.musee-mccord-stewart.ca\/fr\/les-premiers-peuples-du-canada\/","url":"https:\/\/www.musee-mccord-stewart.ca\/fr\/les-premiers-peuples-du-canada\/","name":"Les premiers Peuples du Canada - Mus\u00e9e McCord Stewart","isPartOf":{"@id":"https:\/\/www.musee-mccord-stewart.ca\/fr\/#website"},"datePublished":"2016-08-12T13:55:42+00:00","dateModified":"2016-08-12T14:03:52+00:00","description":"Dur\u00e9e : 90 minutes Dates:\u00a0\u00e0 partir du 24\u00a0janvier 2017 Nombre max. : 30 Tarif : 6,50 $ par personne NIVEAU D\u00c9BUTANT \u00c0 AVANC\u00c9 (FRAN\u00c7AIS). Hommes et femmes","breadcrumb":{"@id":"https:\/\/www.musee-mccord-stewart.ca\/fr\/les-premiers-peuples-du-canada\/#breadcrumb"},"inLanguage":"fr-FR","potentialAction":[{"@type":"ReadAction","target":["https:\/\/www.musee-mccord-stewart.ca\/fr\/les-premiers-peuples-du-canada\/"]}]},{"@type":"BreadcrumbList","@id":"https:\/\/www.musee-mccord-stewart.ca\/fr\/les-premiers-peuples-du-canada\/#breadcrumb","itemListElement":[{"@type":"ListItem","position":1,"name":"Accueil","item":"https:\/\/www.musee-mccord-stewart.ca\/fr\/"},{"@type":"ListItem","position":2,"name":"Les premiers Peuples du Canada"}]},{"@type":"WebSite","@id":"https:\/\/www.musee-mccord-stewart.ca\/fr\/#website","url":"https:\/\/www.musee-mccord-stewart.ca\/fr\/","name":"Mus\u00e9e McCord Stewart","description":"Notre monde, nos histoires","publisher":{"@id":"https:\/\/www.musee-mccord-stewart.ca\/fr\/#organization"},"alternateName":"MCS","potentialAction":[{"@type":"SearchAction","target":{"@type":"EntryPoint","urlTemplate":"https:\/\/www.musee-mccord-stewart.ca\/fr\/?s={search_term_string}"},"query-input":"required name=search_term_string"}],"inLanguage":"fr-FR"},{"@type":"Organization","@id":"https:\/\/www.musee-mccord-stewart.ca\/fr\/#organization","name":"McCord Stewart Museum","alternateName":"MCS","url":"https:\/\/www.musee-mccord-stewart.ca\/fr\/","logo":{"@type":"ImageObject","inLanguage":"fr-FR","@id":"https:\/\/www.musee-mccord-stewart.ca\/fr\/#\/schema\/logo\/image\/","url":"https:\/\/www.musee-mccord-stewart.ca\/app\/uploads\/2023\/05\/logo_museemccordstewart_horizontal_noir_slogan.svg","contentUrl":"https:\/\/www.musee-mccord-stewart.ca\/app\/uploads\/2023\/05\/logo_museemccordstewart_horizontal_noir_slogan.svg","width":1,"height":1,"caption":"McCord Stewart Museum"},"image":{"@id":"https:\/\/www.musee-mccord-stewart.ca\/fr\/#\/schema\/logo\/image\/"},"sameAs":["https:\/\/www.facebook.com\/museemccordstewart","https:\/\/twitter.com\/MuseeMcCordStew","https:\/\/instagram.com\/museemccordstewart","https:\/\/www.linkedin.com\/company\/museemccordstewart\/","https:\/\/www.pinterest.com\/museemccordstewart\/","https:\/\/www.youtube.com\/c\/MuseeMcCordStewartMuseum"]}]}},"_links":{"self":[{"href":"https:\/\/www.musee-mccord-stewart.ca\/fr\/wp-json\/wp\/v2\/pages\/17821"}],"collection":[{"href":"https:\/\/www.musee-mccord-stewart.ca\/fr\/wp-json\/wp\/v2\/pages"}],"about":[{"href":"https:\/\/www.musee-mccord-stewart.ca\/fr\/wp-json\/wp\/v2\/types\/page"}],"author":[{"embeddable":true,"href":"https:\/\/www.musee-mccord-stewart.ca\/fr\/wp-json\/wp\/v2\/users\/17"}],"replies":[{"embeddable":true,"href":"https:\/\/www.musee-mccord-stewart.ca\/fr\/wp-json\/wp\/v2\/comments?post=17821"}],"version-history":[{"count":0,"href":"https:\/\/www.musee-mccord-stewart.ca\/fr\/wp-json\/wp\/v2\/pages\/17821\/revisions"}],"wp:attachment":[{"href":"https:\/\/www.musee-mccord-stewart.ca\/fr\/wp-json\/wp\/v2\/media?parent=17821"}],"wp:term":[{"taxonomy":"category","embeddable":true,"href":"https:\/\/www.musee-mccord-stewart.ca\/fr\/wp-json\/wp\/v2\/categories?post=17821"},{"taxonomy":"post_tag","embeddable":true,"href":"https:\/\/www.musee-mccord-stewart.ca\/fr\/wp-json\/wp\/v2\/tags?post=17821"}],"curies":[{"name":"wp","href":"https:\/\/api.w.org\/{rel}","templated":true}]}}