{"id":17769,"date":"2016-08-11T14:49:54","date_gmt":"2016-08-11T18:49:54","guid":{"rendered":"http:\/\/www.musee-mccord-stewart.ca\/?page_id=17769"},"modified":"2016-08-15T10:11:36","modified_gmt":"2016-08-15T14:11:36","slug":"le-quartier-de-la-maison-notman","status":"publish","type":"page","link":"https:\/\/www.musee-mccord-stewart.ca\/fr\/le-quartier-de-la-maison-notman\/","title":{"rendered":"Le quartier de la maison Notman"},"content":{"rendered":"<p><strong>Client\u00e8le\u00a0: <\/strong>3<sup>e<\/sup> cycle du primaire \/ secondaire<br \/>\n<strong>Dates\u00a0: <\/strong>toute l\u2019ann\u00e9e<br \/>\n<strong>Dur\u00e9e\u00a0: <\/strong>90 minutes<br \/>\n<strong>Nombre max.\u00a0: <\/strong>60<br \/>\n<strong>Tarif\u00a0: <\/strong>6,50 $ par \u00e9l\u00e8ve<\/p>\n<p>Dans le cadre de l\u2019ouverture de la nouvelle exposition\u00a0<a title=\"Notman, Photographe visionnaire\" href=\"http:\/\/www.musee-mccord-stewart.ca\/fr\/notman-photographe-visionnaire\/\">Notman, photographe visionnaire<\/a>, le Mus\u00e9e propose\u00a0une visite du quartier Milton Parc jusqu\u2019\u00e0 la maison\u00a0Notman, situ\u00e9e au 51, rue Sherbrooke Ouest, \u00e0 la\u00a0d\u00e9couverte du patrimoine architectural. Les \u00e9l\u00e8ves\u00a0d\u00e9couvrent les diff\u00e9rentes vocations des somptueuses\u00a0maisons du quartier, l\u2019importance de la m\u00e9moire\u00a0des lieux historiques et de leur mise en valeur.<\/p>\n<p>&nbsp;<\/p>\n<p>FORFAIT NOTMAN D\u2019UN JOUR<\/p>\n<p>Cette visite \u00e0 l\u2019ext\u00e9rieur peut \u00eatre combin\u00e9e\u00a0\u00e0 la visite de l\u2019exposition <em><a title=\"Notman, Photographe visionnaire\" href=\"http:\/\/www.musee-mccord-stewart.ca\/fr\/notman-photographe-visionnaire\/\">Notman, photographe\u00a0visionnaire<\/a><\/em> pour un forfait d\u2019un jour.<\/p>\n<p><a href=\"http:\/\/www.musee-mccord-stewart.ca\/app\/uploads\/2015\/06\/telecharger-le-programme-dactivites-educatives-2016-2017-au-complet.pdf\">T\u00e9l\u00e9charger le programme d&rsquo;activit\u00e9s \u00e9ducatives 2016-2017 au complet<\/a><\/p>\n","protected":false},"excerpt":{"rendered":"<p>Client\u00e8le\u00a0: 3e cycle du primaire \/ secondaire Dates\u00a0: toute l\u2019ann\u00e9e Dur\u00e9e\u00a0: 90 minutes Nombre max.\u00a0: 60 Tarif\u00a0: 6,50 $ par \u00e9l\u00e8ve Dans le cadre de l\u2019ouverture de la nouvelle exposition\u00a0Notman, photographe visionnaire, le Mus\u00e9e propose\u00a0une visite du quartier Milton Parc jusqu\u2019\u00e0 la maison\u00a0Notman, situ\u00e9e au 51, rue Sherbrooke Ouest, \u00e0 la\u00a0d\u00e9couverte du patrimoine architectural. Les [&hellip;]<\/p>\n","protected":false},"author":17,"featured_media":0,"parent":0,"menu_order":0,"comment_status":"closed","ping_status":"closed","template":"page-templates\/page-texte.php","meta":{"footnotes":""},"categories":[],"tags":[],"acf":[],"yoast_head":"<!-- This site is optimized with the Yoast SEO Premium plugin v20.11 (Yoast SEO v20.11) - https:\/\/yoast.com\/wordpress\/plugins\/seo\/ -->\n<title>Le quartier de la maison Notman - Mus\u00e9e McCord Stewart<\/title>\n<meta name=\"description\" content=\"Client\u00e8le\u00a0: 3e cycle du primaire \/ secondaire Dates\u00a0: toute l\u2019ann\u00e9e Dur\u00e9e\u00a0: 90 minutes Nombre max.\u00a0: 60 Tarif\u00a0: 6,50 $ par \u00e9l\u00e8ve Dans le cadre de\" \/>\n<meta name=\"robots\" content=\"index, follow, max-snippet:-1, max-image-preview:large, max-video-preview:-1\" \/>\n<link rel=\"canonical\" href=\"https:\/\/www.musee-mccord-stewart.ca\/fr\/le-quartier-de-la-maison-notman\/\" \/>\n<meta property=\"og:locale\" content=\"fr_FR\" \/>\n<meta property=\"og:type\" content=\"article\" \/>\n<meta property=\"og:title\" content=\"Le quartier de la maison Notman\" \/>\n<meta property=\"og:description\" content=\"Client\u00e8le\u00a0: 3e cycle du primaire \/ secondaire Dates\u00a0: toute l\u2019ann\u00e9e Dur\u00e9e\u00a0: 90 minutes Nombre max.\u00a0: 60 Tarif\u00a0: 6,50 $ par \u00e9l\u00e8ve Dans le cadre de\" \/>\n<meta property=\"og:url\" content=\"https:\/\/www.musee-mccord-stewart.ca\/fr\/le-quartier-de-la-maison-notman\/\" \/>\n<meta property=\"og:site_name\" content=\"Mus\u00e9e McCord Stewart\" \/>\n<meta property=\"article:publisher\" content=\"https:\/\/www.facebook.com\/museemccordstewart\" \/>\n<meta property=\"article:modified_time\" content=\"2016-08-15T14:11:36+00:00\" \/>\n<meta property=\"og:image\" content=\"https:\/\/www.musee-mccord-stewart.ca\/app\/uploads\/2022\/09\/mccord-stewart_facade-exterieur-henderson-2022_roger-aziz_1320x480.jpg\" \/>\n\t<meta property=\"og:image:width\" content=\"1320\" \/>\n\t<meta property=\"og:image:height\" content=\"480\" \/>\n\t<meta property=\"og:image:type\" content=\"image\/jpeg\" \/>\n<meta name=\"twitter:card\" content=\"summary_large_image\" \/>\n<meta name=\"twitter:site\" content=\"@MuseeMcCordStew\" \/>\n<meta name=\"twitter:label1\" content=\"Dur\u00e9e de lecture estim\u00e9e\" \/>\n\t<meta name=\"twitter:data1\" content=\"1 minute\" \/>\n<script type=\"application\/ld+json\" class=\"yoast-schema-graph\">{\"@context\":\"https:\/\/schema.org\",\"@graph\":[{\"@type\":\"WebPage\",\"@id\":\"https:\/\/www.musee-mccord-stewart.ca\/fr\/le-quartier-de-la-maison-notman\/\",\"url\":\"https:\/\/www.musee-mccord-stewart.ca\/fr\/le-quartier-de-la-maison-notman\/\",\"name\":\"Le quartier de la maison Notman - Mus\u00e9e McCord Stewart\",\"isPartOf\":{\"@id\":\"https:\/\/www.musee-mccord-stewart.ca\/fr\/#website\"},\"datePublished\":\"2016-08-11T18:49:54+00:00\",\"dateModified\":\"2016-08-15T14:11:36+00:00\",\"description\":\"Client\u00e8le\u00a0: 3e cycle du primaire \/ secondaire Dates\u00a0: toute l\u2019ann\u00e9e Dur\u00e9e\u00a0: 90 minutes Nombre max.\u00a0: 60 Tarif\u00a0: 6,50 $ par \u00e9l\u00e8ve Dans le cadre de\",\"breadcrumb\":{\"@id\":\"https:\/\/www.musee-mccord-stewart.ca\/fr\/le-quartier-de-la-maison-notman\/#breadcrumb\"},\"inLanguage\":\"fr-FR\",\"potentialAction\":[{\"@type\":\"ReadAction\",\"target\":[\"https:\/\/www.musee-mccord-stewart.ca\/fr\/le-quartier-de-la-maison-notman\/\"]}]},{\"@type\":\"BreadcrumbList\",\"@id\":\"https:\/\/www.musee-mccord-stewart.ca\/fr\/le-quartier-de-la-maison-notman\/#breadcrumb\",\"itemListElement\":[{\"@type\":\"ListItem\",\"position\":1,\"name\":\"Accueil\",\"item\":\"https:\/\/www.musee-mccord-stewart.ca\/fr\/\"},{\"@type\":\"ListItem\",\"position\":2,\"name\":\"Le quartier de la maison Notman\"}]},{\"@type\":\"WebSite\",\"@id\":\"https:\/\/www.musee-mccord-stewart.ca\/fr\/#website\",\"url\":\"https:\/\/www.musee-mccord-stewart.ca\/fr\/\",\"name\":\"Mus\u00e9e McCord Stewart\",\"description\":\"Notre monde, nos histoires\",\"publisher\":{\"@id\":\"https:\/\/www.musee-mccord-stewart.ca\/fr\/#organization\"},\"alternateName\":\"MCS\",\"potentialAction\":[{\"@type\":\"SearchAction\",\"target\":{\"@type\":\"EntryPoint\",\"urlTemplate\":\"https:\/\/www.musee-mccord-stewart.ca\/fr\/?s={search_term_string}\"},\"query-input\":\"required name=search_term_string\"}],\"inLanguage\":\"fr-FR\"},{\"@type\":\"Organization\",\"@id\":\"https:\/\/www.musee-mccord-stewart.ca\/fr\/#organization\",\"name\":\"McCord Stewart Museum\",\"alternateName\":\"MCS\",\"url\":\"https:\/\/www.musee-mccord-stewart.ca\/fr\/\",\"logo\":{\"@type\":\"ImageObject\",\"inLanguage\":\"fr-FR\",\"@id\":\"https:\/\/www.musee-mccord-stewart.ca\/fr\/#\/schema\/logo\/image\/\",\"url\":\"https:\/\/www.musee-mccord-stewart.ca\/app\/uploads\/2023\/05\/logo_museemccordstewart_horizontal_noir_slogan.svg\",\"contentUrl\":\"https:\/\/www.musee-mccord-stewart.ca\/app\/uploads\/2023\/05\/logo_museemccordstewart_horizontal_noir_slogan.svg\",\"width\":1,\"height\":1,\"caption\":\"McCord Stewart Museum\"},\"image\":{\"@id\":\"https:\/\/www.musee-mccord-stewart.ca\/fr\/#\/schema\/logo\/image\/\"},\"sameAs\":[\"https:\/\/www.facebook.com\/museemccordstewart\",\"https:\/\/twitter.com\/MuseeMcCordStew\",\"https:\/\/instagram.com\/museemccordstewart\",\"https:\/\/www.linkedin.com\/company\/museemccordstewart\/\",\"https:\/\/www.pinterest.com\/museemccordstewart\/\",\"https:\/\/www.youtube.com\/c\/MuseeMcCordStewartMuseum\"]}]}<\/script>\n<!-- \/ Yoast SEO Premium plugin. -->","yoast_head_json":{"title":"Le quartier de la maison Notman - Mus\u00e9e McCord Stewart","description":"Client\u00e8le\u00a0: 3e cycle du primaire \/ secondaire Dates\u00a0: toute l\u2019ann\u00e9e Dur\u00e9e\u00a0: 90 minutes Nombre max.\u00a0: 60 Tarif\u00a0: 6,50 $ par \u00e9l\u00e8ve Dans le cadre de","robots":{"index":"index","follow":"follow","max-snippet":"max-snippet:-1","max-image-preview":"max-image-preview:large","max-video-preview":"max-video-preview:-1"},"canonical":"https:\/\/www.musee-mccord-stewart.ca\/fr\/le-quartier-de-la-maison-notman\/","og_locale":"fr_FR","og_type":"article","og_title":"Le quartier de la maison Notman","og_description":"Client\u00e8le\u00a0: 3e cycle du primaire \/ secondaire Dates\u00a0: toute l\u2019ann\u00e9e Dur\u00e9e\u00a0: 90 minutes Nombre max.\u00a0: 60 Tarif\u00a0: 6,50 $ par \u00e9l\u00e8ve Dans le cadre de","og_url":"https:\/\/www.musee-mccord-stewart.ca\/fr\/le-quartier-de-la-maison-notman\/","og_site_name":"Mus\u00e9e McCord Stewart","article_publisher":"https:\/\/www.facebook.com\/museemccordstewart","article_modified_time":"2016-08-15T14:11:36+00:00","og_image":[{"width":1320,"height":480,"url":"https:\/\/www.musee-mccord-stewart.ca\/app\/uploads\/2022\/09\/mccord-stewart_facade-exterieur-henderson-2022_roger-aziz_1320x480.jpg","type":"image\/jpeg"}],"twitter_card":"summary_large_image","twitter_site":"@MuseeMcCordStew","twitter_misc":{"Dur\u00e9e de lecture estim\u00e9e":"1 minute"},"schema":{"@context":"https:\/\/schema.org","@graph":[{"@type":"WebPage","@id":"https:\/\/www.musee-mccord-stewart.ca\/fr\/le-quartier-de-la-maison-notman\/","url":"https:\/\/www.musee-mccord-stewart.ca\/fr\/le-quartier-de-la-maison-notman\/","name":"Le quartier de la maison Notman - Mus\u00e9e McCord Stewart","isPartOf":{"@id":"https:\/\/www.musee-mccord-stewart.ca\/fr\/#website"},"datePublished":"2016-08-11T18:49:54+00:00","dateModified":"2016-08-15T14:11:36+00:00","description":"Client\u00e8le\u00a0: 3e cycle du primaire \/ secondaire Dates\u00a0: toute l\u2019ann\u00e9e Dur\u00e9e\u00a0: 90 minutes Nombre max.\u00a0: 60 Tarif\u00a0: 6,50 $ par \u00e9l\u00e8ve Dans le cadre de","breadcrumb":{"@id":"https:\/\/www.musee-mccord-stewart.ca\/fr\/le-quartier-de-la-maison-notman\/#breadcrumb"},"inLanguage":"fr-FR","potentialAction":[{"@type":"ReadAction","target":["https:\/\/www.musee-mccord-stewart.ca\/fr\/le-quartier-de-la-maison-notman\/"]}]},{"@type":"BreadcrumbList","@id":"https:\/\/www.musee-mccord-stewart.ca\/fr\/le-quartier-de-la-maison-notman\/#breadcrumb","itemListElement":[{"@type":"ListItem","position":1,"name":"Accueil","item":"https:\/\/www.musee-mccord-stewart.ca\/fr\/"},{"@type":"ListItem","position":2,"name":"Le quartier de la maison Notman"}]},{"@type":"WebSite","@id":"https:\/\/www.musee-mccord-stewart.ca\/fr\/#website","url":"https:\/\/www.musee-mccord-stewart.ca\/fr\/","name":"Mus\u00e9e McCord Stewart","description":"Notre monde, nos histoires","publisher":{"@id":"https:\/\/www.musee-mccord-stewart.ca\/fr\/#organization"},"alternateName":"MCS","potentialAction":[{"@type":"SearchAction","target":{"@type":"EntryPoint","urlTemplate":"https:\/\/www.musee-mccord-stewart.ca\/fr\/?s={search_term_string}"},"query-input":"required name=search_term_string"}],"inLanguage":"fr-FR"},{"@type":"Organization","@id":"https:\/\/www.musee-mccord-stewart.ca\/fr\/#organization","name":"McCord Stewart Museum","alternateName":"MCS","url":"https:\/\/www.musee-mccord-stewart.ca\/fr\/","logo":{"@type":"ImageObject","inLanguage":"fr-FR","@id":"https:\/\/www.musee-mccord-stewart.ca\/fr\/#\/schema\/logo\/image\/","url":"https:\/\/www.musee-mccord-stewart.ca\/app\/uploads\/2023\/05\/logo_museemccordstewart_horizontal_noir_slogan.svg","contentUrl":"https:\/\/www.musee-mccord-stewart.ca\/app\/uploads\/2023\/05\/logo_museemccordstewart_horizontal_noir_slogan.svg","width":1,"height":1,"caption":"McCord Stewart Museum"},"image":{"@id":"https:\/\/www.musee-mccord-stewart.ca\/fr\/#\/schema\/logo\/image\/"},"sameAs":["https:\/\/www.facebook.com\/museemccordstewart","https:\/\/twitter.com\/MuseeMcCordStew","https:\/\/instagram.com\/museemccordstewart","https:\/\/www.linkedin.com\/company\/museemccordstewart\/","https:\/\/www.pinterest.com\/museemccordstewart\/","https:\/\/www.youtube.com\/c\/MuseeMcCordStewartMuseum"]}]}},"_links":{"self":[{"href":"https:\/\/www.musee-mccord-stewart.ca\/fr\/wp-json\/wp\/v2\/pages\/17769"}],"collection":[{"href":"https:\/\/www.musee-mccord-stewart.ca\/fr\/wp-json\/wp\/v2\/pages"}],"about":[{"href":"https:\/\/www.musee-mccord-stewart.ca\/fr\/wp-json\/wp\/v2\/types\/page"}],"author":[{"embeddable":true,"href":"https:\/\/www.musee-mccord-stewart.ca\/fr\/wp-json\/wp\/v2\/users\/17"}],"replies":[{"embeddable":true,"href":"https:\/\/www.musee-mccord-stewart.ca\/fr\/wp-json\/wp\/v2\/comments?post=17769"}],"version-history":[{"count":0,"href":"https:\/\/www.musee-mccord-stewart.ca\/fr\/wp-json\/wp\/v2\/pages\/17769\/revisions"}],"wp:attachment":[{"href":"https:\/\/www.musee-mccord-stewart.ca\/fr\/wp-json\/wp\/v2\/media?parent=17769"}],"wp:term":[{"taxonomy":"category","embeddable":true,"href":"https:\/\/www.musee-mccord-stewart.ca\/fr\/wp-json\/wp\/v2\/categories?post=17769"},{"taxonomy":"post_tag","embeddable":true,"href":"https:\/\/www.musee-mccord-stewart.ca\/fr\/wp-json\/wp\/v2\/tags?post=17769"}],"curies":[{"name":"wp","href":"https:\/\/api.w.org\/{rel}","templated":true}]}}