{"id":17720,"date":"2016-08-11T11:51:05","date_gmt":"2016-08-11T15:51:05","guid":{"rendered":"http:\/\/www.musee-mccord-stewart.ca\/?page_id=17720"},"modified":"2017-09-05T09:51:50","modified_gmt":"2017-09-05T13:51:50","slug":"au-rythme-des-premiers-peuples","status":"publish","type":"page","link":"https:\/\/www.musee-mccord-stewart.ca\/fr\/au-rythme-des-premiers-peuples\/","title":{"rendered":"Au rythme des premiers peuples"},"content":{"rendered":"<p><strong>Client\u00e8le :<\/strong>\u00a0pr\u00e9scolaire \/ primaire \/ secondaire \/ classe d\u2019accueil<br \/>\n<strong>Dates :<\/strong>\u00a0Toute l&rsquo;ann\u00e9e<br \/>\n<strong>Dur\u00e9e :<\/strong> 120 minutes<br \/>\n<strong>Nombre max. :<\/strong> 60<br \/>\n<strong>Tarif :<\/strong>\u00a07,50 $ par \u00e9l\u00e8ve<\/p>\n<p>Les cultures et les savoirs traditionnels des Premiers Peuples, transmis\u00a0de g\u00e9n\u00e9ration en g\u00e9n\u00e9ration, demeurent bien vivants\u00a0aujourd\u2019hui. Les \u00e9l\u00e8ves d\u00e9couvrent la continuit\u00e9 entre\u00a0le pass\u00e9 et le pr\u00e9sent telle qu\u2019elle est exprim\u00e9e dans les v\u00eatements et les accessoires de l\u2019exposition\u00a0<em><a title=\"Porter son identit\u00e9 \u2013 La collection Premiers Peuples\" href=\"http:\/\/www.musee-mccord-stewart.ca\/fr\/porter-son-identite-la-collection-premiers-peuples\/\">Porter son identit\u00e9 \u2013 La collection Premiers Peuples<\/a><\/em>.<\/p>\n<p>Deux options offertes selon la disponibilit\u00e9 des salles :<br \/>\n1 Les \u00e9l\u00e8ves sont initi\u00e9s par des artistes aux l\u00e9gendes,\u00a0\u00e0 la musique et \u00e0 la danse des cultures autochtones.<br \/>\nou<br \/>\n2 Les \u00e9l\u00e8ves sont initi\u00e9s aux savoir-faire\u00a0de la culture des Premiers Peuples.<\/p>\n<p><a class=\"download\" title=\"Porter son identit\u00e9 mon coffret d\u2019activit\u00e9s\" href=\"http:\/\/www.musee-mccord-stewart.ca\/fr\/porter-son-identite-mon-coffret-dactivites\/\">Porter son identit\u00e9 mon coffret d&rsquo;activit\u00e9s<\/a><\/p>\n<p><a class=\"download\" href=\"http:\/\/www.musee-mccord-stewart.ca\/app\/uploads\/2017\/09\/mccord-education-brochure-scolaire-fr-reader.pdf\">T\u00e9l\u00e9charger le programme d&rsquo;activit\u00e9s \u00e9ducatives 2017-2018 au complet<br \/>\n<\/a><\/p>\n<h4>Pour votre r\u00e9servation, pr\u00e9parez les informations suivantes :<\/h4>\n<ul>\n<li>Le titre de l\u2019activit\u00e9 choisie;<\/li>\n<li>Trois dates possibles pour faciliter votre r\u00e9servation;<\/li>\n<li>L\u2019heure souhait\u00e9e de\u00a0la visite, le nombre d&rsquo;\u00e9l\u00e8ves, le niveau et le cycle de votre groupe, et la langue dans laquelle vous d\u00e9sirez que votre visite se d\u00e9roule;<\/li>\n<li>Les coordonn\u00e9es compl\u00e8tes de votre \u00e9cole\u00a0incluant une adresse de courriel afin que vous puissiez recevoir la confirmation de la visite.<\/li>\n<\/ul>\n<p>Apr\u00e8s avoir effectu\u00e9 votre r\u00e9servation, vous recevrez une confirmation par courriel et vous devrez en accuser r\u00e9ception pour confirmer l\u2019horaire de votre visite et le nombre de participants. Pour assurer le bon d\u00e9roulement de la visite, pr\u00e9voyez suffisamment de temps pour les d\u00e9placements au vestiaire et \u00e0 la toilette, ou pour prendre une collation. Finalement, pr\u00e9voyez un accompagnateur pour 15 \u00e9l\u00e8ves: l\u2019entr\u00e9e sera gratuite pour ce dernier.<\/p>\n<h4>CHANGEMENTS ET ANNULATIONS<\/h4>\n<p>\u00c0 moins d\u2019une modification de votre part 48 heures avant la date de votre activit\u00e9, le montant total sera factur\u00e9 pour le nombre de participants indiqu\u00e9 lors de la r\u00e9servation.<\/p>\n<h4>MODALIT\u00c9S DE PAIEMENT<\/h4>\n<p>Le jour de l\u2019activit\u00e9, la personne responsable du groupe devra aller \u00e0 la billetterie pour finaliser le paiement. Le montant total sera payable sur place en argent comptant ou par ch\u00e8que. Il est aussi possible de payer par facturation. Vous devrez libeller votre ch\u00e8que \u00e0 l\u2019ordre du Mus\u00e9e McCord.<\/p>\n<h4>Espace d\u00eener<\/h4>\n<p>\u00c0 noter, un espace pour d\u00eener est disponible sur r\u00e9servation pour un montant forfaitaire de 50 $.<\/p>\n","protected":false},"excerpt":{"rendered":"<p>Client\u00e8le :\u00a0pr\u00e9scolaire \/ primaire \/ secondaire \/ classe d\u2019accueil Dates :\u00a0Toute l&rsquo;ann\u00e9e Dur\u00e9e : 120 minutes Nombre max. : 60 Tarif :\u00a07,50 $ par \u00e9l\u00e8ve Les cultures et les savoirs traditionnels des Premiers Peuples, transmis\u00a0de g\u00e9n\u00e9ration en g\u00e9n\u00e9ration, demeurent bien vivants\u00a0aujourd\u2019hui. Les \u00e9l\u00e8ves d\u00e9couvrent la continuit\u00e9 entre\u00a0le pass\u00e9 et le pr\u00e9sent telle qu\u2019elle est exprim\u00e9e [&hellip;]<\/p>\n","protected":false},"author":17,"featured_media":0,"parent":0,"menu_order":0,"comment_status":"closed","ping_status":"closed","template":"page-templates\/page-texte.php","meta":{"footnotes":""},"categories":[],"tags":[],"acf":[],"yoast_head":"<!-- This site is optimized with the Yoast SEO Premium plugin v20.11 (Yoast SEO v20.11) - https:\/\/yoast.com\/wordpress\/plugins\/seo\/ -->\n<title>Au rythme des Premiers Peuples \u2013 Mus\u00e9e McCord<\/title>\n<meta name=\"description\" content=\"Invitez vos \u00e9l\u00e8ves \u00e0 d\u00e9couvrir les cultures et les savoirs traditionnels des Premiers Peuples.\" \/>\n<meta name=\"robots\" content=\"index, follow, max-snippet:-1, max-image-preview:large, max-video-preview:-1\" \/>\n<link rel=\"canonical\" href=\"https:\/\/www.musee-mccord-stewart.ca\/fr\/au-rythme-des-premiers-peuples\/\" \/>\n<meta property=\"og:locale\" content=\"fr_FR\" \/>\n<meta property=\"og:type\" content=\"article\" \/>\n<meta property=\"og:title\" content=\"Au rythme des premiers peuples\" \/>\n<meta property=\"og:description\" content=\"Client\u00e8le :\u00a0pr\u00e9scolaire \/ primaire \/ secondaire \/ classe d\u2019accueil Dates :\u00a0Toute l&#039;ann\u00e9e Dur\u00e9e : 120 minutes Nombre max. : 60 Tarif :\u00a07,50 $ par \u00e9l\u00e8ve Les\" \/>\n<meta property=\"og:url\" content=\"https:\/\/www.musee-mccord-stewart.ca\/fr\/au-rythme-des-premiers-peuples\/\" \/>\n<meta property=\"og:site_name\" content=\"Mus\u00e9e McCord Stewart\" \/>\n<meta property=\"article:publisher\" content=\"https:\/\/www.facebook.com\/museemccordstewart\" \/>\n<meta property=\"article:modified_time\" content=\"2017-09-05T13:51:50+00:00\" \/>\n<meta property=\"og:image\" content=\"https:\/\/www.musee-mccord-stewart.ca\/app\/uploads\/2022\/09\/mccord-stewart_facade-exterieur-henderson-2022_roger-aziz_1320x480.jpg\" \/>\n\t<meta property=\"og:image:width\" content=\"1320\" \/>\n\t<meta property=\"og:image:height\" content=\"480\" \/>\n\t<meta property=\"og:image:type\" content=\"image\/jpeg\" \/>\n<meta name=\"twitter:card\" content=\"summary_large_image\" \/>\n<meta name=\"twitter:site\" content=\"@MuseeMcCordStew\" \/>\n<meta name=\"twitter:label1\" content=\"Dur\u00e9e de lecture estim\u00e9e\" \/>\n\t<meta name=\"twitter:data1\" content=\"2 minutes\" \/>\n<script type=\"application\/ld+json\" class=\"yoast-schema-graph\">{\"@context\":\"https:\/\/schema.org\",\"@graph\":[{\"@type\":\"WebPage\",\"@id\":\"https:\/\/www.musee-mccord-stewart.ca\/fr\/au-rythme-des-premiers-peuples\/\",\"url\":\"https:\/\/www.musee-mccord-stewart.ca\/fr\/au-rythme-des-premiers-peuples\/\",\"name\":\"Au rythme des Premiers Peuples \u2013 Mus\u00e9e McCord\",\"isPartOf\":{\"@id\":\"https:\/\/www.musee-mccord-stewart.ca\/fr\/#website\"},\"datePublished\":\"2016-08-11T15:51:05+00:00\",\"dateModified\":\"2017-09-05T13:51:50+00:00\",\"description\":\"Invitez vos \u00e9l\u00e8ves \u00e0 d\u00e9couvrir les cultures et les savoirs traditionnels des Premiers Peuples.\",\"breadcrumb\":{\"@id\":\"https:\/\/www.musee-mccord-stewart.ca\/fr\/au-rythme-des-premiers-peuples\/#breadcrumb\"},\"inLanguage\":\"fr-FR\",\"potentialAction\":[{\"@type\":\"ReadAction\",\"target\":[\"https:\/\/www.musee-mccord-stewart.ca\/fr\/au-rythme-des-premiers-peuples\/\"]}]},{\"@type\":\"BreadcrumbList\",\"@id\":\"https:\/\/www.musee-mccord-stewart.ca\/fr\/au-rythme-des-premiers-peuples\/#breadcrumb\",\"itemListElement\":[{\"@type\":\"ListItem\",\"position\":1,\"name\":\"Accueil\",\"item\":\"https:\/\/www.musee-mccord-stewart.ca\/fr\/\"},{\"@type\":\"ListItem\",\"position\":2,\"name\":\"Au rythme des premiers peuples\"}]},{\"@type\":\"WebSite\",\"@id\":\"https:\/\/www.musee-mccord-stewart.ca\/fr\/#website\",\"url\":\"https:\/\/www.musee-mccord-stewart.ca\/fr\/\",\"name\":\"Mus\u00e9e McCord Stewart\",\"description\":\"Notre monde, nos histoires\",\"publisher\":{\"@id\":\"https:\/\/www.musee-mccord-stewart.ca\/fr\/#organization\"},\"alternateName\":\"MCS\",\"potentialAction\":[{\"@type\":\"SearchAction\",\"target\":{\"@type\":\"EntryPoint\",\"urlTemplate\":\"https:\/\/www.musee-mccord-stewart.ca\/fr\/?s={search_term_string}\"},\"query-input\":\"required name=search_term_string\"}],\"inLanguage\":\"fr-FR\"},{\"@type\":\"Organization\",\"@id\":\"https:\/\/www.musee-mccord-stewart.ca\/fr\/#organization\",\"name\":\"McCord Stewart Museum\",\"alternateName\":\"MCS\",\"url\":\"https:\/\/www.musee-mccord-stewart.ca\/fr\/\",\"logo\":{\"@type\":\"ImageObject\",\"inLanguage\":\"fr-FR\",\"@id\":\"https:\/\/www.musee-mccord-stewart.ca\/fr\/#\/schema\/logo\/image\/\",\"url\":\"https:\/\/www.musee-mccord-stewart.ca\/app\/uploads\/2023\/05\/logo_museemccordstewart_horizontal_noir_slogan.svg\",\"contentUrl\":\"https:\/\/www.musee-mccord-stewart.ca\/app\/uploads\/2023\/05\/logo_museemccordstewart_horizontal_noir_slogan.svg\",\"width\":1,\"height\":1,\"caption\":\"McCord Stewart Museum\"},\"image\":{\"@id\":\"https:\/\/www.musee-mccord-stewart.ca\/fr\/#\/schema\/logo\/image\/\"},\"sameAs\":[\"https:\/\/www.facebook.com\/museemccordstewart\",\"https:\/\/twitter.com\/MuseeMcCordStew\",\"https:\/\/instagram.com\/museemccordstewart\",\"https:\/\/www.linkedin.com\/company\/museemccordstewart\/\",\"https:\/\/www.pinterest.com\/museemccordstewart\/\",\"https:\/\/www.youtube.com\/c\/MuseeMcCordStewartMuseum\"]}]}<\/script>\n<!-- \/ Yoast SEO Premium plugin. -->","yoast_head_json":{"title":"Au rythme des Premiers Peuples \u2013 Mus\u00e9e McCord","description":"Invitez vos \u00e9l\u00e8ves \u00e0 d\u00e9couvrir les cultures et les savoirs traditionnels des Premiers Peuples.","robots":{"index":"index","follow":"follow","max-snippet":"max-snippet:-1","max-image-preview":"max-image-preview:large","max-video-preview":"max-video-preview:-1"},"canonical":"https:\/\/www.musee-mccord-stewart.ca\/fr\/au-rythme-des-premiers-peuples\/","og_locale":"fr_FR","og_type":"article","og_title":"Au rythme des premiers peuples","og_description":"Client\u00e8le :\u00a0pr\u00e9scolaire \/ primaire \/ secondaire \/ classe d\u2019accueil Dates :\u00a0Toute l'ann\u00e9e Dur\u00e9e : 120 minutes Nombre max. : 60 Tarif :\u00a07,50 $ par \u00e9l\u00e8ve Les","og_url":"https:\/\/www.musee-mccord-stewart.ca\/fr\/au-rythme-des-premiers-peuples\/","og_site_name":"Mus\u00e9e McCord Stewart","article_publisher":"https:\/\/www.facebook.com\/museemccordstewart","article_modified_time":"2017-09-05T13:51:50+00:00","og_image":[{"width":1320,"height":480,"url":"https:\/\/www.musee-mccord-stewart.ca\/app\/uploads\/2022\/09\/mccord-stewart_facade-exterieur-henderson-2022_roger-aziz_1320x480.jpg","type":"image\/jpeg"}],"twitter_card":"summary_large_image","twitter_site":"@MuseeMcCordStew","twitter_misc":{"Dur\u00e9e de lecture estim\u00e9e":"2 minutes"},"schema":{"@context":"https:\/\/schema.org","@graph":[{"@type":"WebPage","@id":"https:\/\/www.musee-mccord-stewart.ca\/fr\/au-rythme-des-premiers-peuples\/","url":"https:\/\/www.musee-mccord-stewart.ca\/fr\/au-rythme-des-premiers-peuples\/","name":"Au rythme des Premiers Peuples \u2013 Mus\u00e9e McCord","isPartOf":{"@id":"https:\/\/www.musee-mccord-stewart.ca\/fr\/#website"},"datePublished":"2016-08-11T15:51:05+00:00","dateModified":"2017-09-05T13:51:50+00:00","description":"Invitez vos \u00e9l\u00e8ves \u00e0 d\u00e9couvrir les cultures et les savoirs traditionnels des Premiers Peuples.","breadcrumb":{"@id":"https:\/\/www.musee-mccord-stewart.ca\/fr\/au-rythme-des-premiers-peuples\/#breadcrumb"},"inLanguage":"fr-FR","potentialAction":[{"@type":"ReadAction","target":["https:\/\/www.musee-mccord-stewart.ca\/fr\/au-rythme-des-premiers-peuples\/"]}]},{"@type":"BreadcrumbList","@id":"https:\/\/www.musee-mccord-stewart.ca\/fr\/au-rythme-des-premiers-peuples\/#breadcrumb","itemListElement":[{"@type":"ListItem","position":1,"name":"Accueil","item":"https:\/\/www.musee-mccord-stewart.ca\/fr\/"},{"@type":"ListItem","position":2,"name":"Au rythme des premiers peuples"}]},{"@type":"WebSite","@id":"https:\/\/www.musee-mccord-stewart.ca\/fr\/#website","url":"https:\/\/www.musee-mccord-stewart.ca\/fr\/","name":"Mus\u00e9e McCord Stewart","description":"Notre monde, nos histoires","publisher":{"@id":"https:\/\/www.musee-mccord-stewart.ca\/fr\/#organization"},"alternateName":"MCS","potentialAction":[{"@type":"SearchAction","target":{"@type":"EntryPoint","urlTemplate":"https:\/\/www.musee-mccord-stewart.ca\/fr\/?s={search_term_string}"},"query-input":"required name=search_term_string"}],"inLanguage":"fr-FR"},{"@type":"Organization","@id":"https:\/\/www.musee-mccord-stewart.ca\/fr\/#organization","name":"McCord Stewart Museum","alternateName":"MCS","url":"https:\/\/www.musee-mccord-stewart.ca\/fr\/","logo":{"@type":"ImageObject","inLanguage":"fr-FR","@id":"https:\/\/www.musee-mccord-stewart.ca\/fr\/#\/schema\/logo\/image\/","url":"https:\/\/www.musee-mccord-stewart.ca\/app\/uploads\/2023\/05\/logo_museemccordstewart_horizontal_noir_slogan.svg","contentUrl":"https:\/\/www.musee-mccord-stewart.ca\/app\/uploads\/2023\/05\/logo_museemccordstewart_horizontal_noir_slogan.svg","width":1,"height":1,"caption":"McCord Stewart Museum"},"image":{"@id":"https:\/\/www.musee-mccord-stewart.ca\/fr\/#\/schema\/logo\/image\/"},"sameAs":["https:\/\/www.facebook.com\/museemccordstewart","https:\/\/twitter.com\/MuseeMcCordStew","https:\/\/instagram.com\/museemccordstewart","https:\/\/www.linkedin.com\/company\/museemccordstewart\/","https:\/\/www.pinterest.com\/museemccordstewart\/","https:\/\/www.youtube.com\/c\/MuseeMcCordStewartMuseum"]}]}},"_links":{"self":[{"href":"https:\/\/www.musee-mccord-stewart.ca\/fr\/wp-json\/wp\/v2\/pages\/17720"}],"collection":[{"href":"https:\/\/www.musee-mccord-stewart.ca\/fr\/wp-json\/wp\/v2\/pages"}],"about":[{"href":"https:\/\/www.musee-mccord-stewart.ca\/fr\/wp-json\/wp\/v2\/types\/page"}],"author":[{"embeddable":true,"href":"https:\/\/www.musee-mccord-stewart.ca\/fr\/wp-json\/wp\/v2\/users\/17"}],"replies":[{"embeddable":true,"href":"https:\/\/www.musee-mccord-stewart.ca\/fr\/wp-json\/wp\/v2\/comments?post=17720"}],"version-history":[{"count":0,"href":"https:\/\/www.musee-mccord-stewart.ca\/fr\/wp-json\/wp\/v2\/pages\/17720\/revisions"}],"wp:attachment":[{"href":"https:\/\/www.musee-mccord-stewart.ca\/fr\/wp-json\/wp\/v2\/media?parent=17720"}],"wp:term":[{"taxonomy":"category","embeddable":true,"href":"https:\/\/www.musee-mccord-stewart.ca\/fr\/wp-json\/wp\/v2\/categories?post=17720"},{"taxonomy":"post_tag","embeddable":true,"href":"https:\/\/www.musee-mccord-stewart.ca\/fr\/wp-json\/wp\/v2\/tags?post=17720"}],"curies":[{"name":"wp","href":"https:\/\/api.w.org\/{rel}","templated":true}]}}