{"id":17708,"date":"2016-08-11T11:24:35","date_gmt":"2016-08-11T15:24:35","guid":{"rendered":"http:\/\/www.musee-mccord-stewart.ca\/?page_id=17708"},"modified":"2016-08-18T16:21:18","modified_gmt":"2016-08-18T20:21:18","slug":"notman-photographe-visionnaire","status":"publish","type":"page","link":"https:\/\/www.musee-mccord-stewart.ca\/fr\/notman-photographe-visionnaire\/","title":{"rendered":"Notman, Photographe visionnaire"},"content":{"rendered":"<p><strong>Client\u00e8le :<\/strong> primaire \/ secondaire \/ classe d\u2019accueil<br \/>\n<strong>Dates :<\/strong>\u00a0du 4 novembre 2016 au 26 mars 2017<br \/>\n<strong>Dur\u00e9e :<\/strong> 120 minutes<br \/>\n<strong>Nombre max. :<\/strong> 60<br \/>\n<strong>Tarif :<\/strong>\u00a07,50 $ par \u00e9l\u00e8ve<\/p>\n<p>William Notman (1826-1891), un important photographe\u00a0canadien du 19e si\u00e8cle, nous r\u00e9v\u00e8le son approche<br \/>\nmoderne de la photographie fond\u00e9e sur les principes\u00a0de la communication et de l\u2019innovation. Les n\u00e9gatifs<br \/>\nsur verre, les tirages d\u2019\u00e9poque, les st\u00e9r\u00e9ographies\u00a0(le 3D d\u2019alors), et les photographies peintes et\u00a0composites nous illustrent diff\u00e9rents aspects de\u00a0la vie au Qu\u00e9bec et au Canada au cours de la seconde\u00a0moiti\u00e9 du 19e si\u00e8cle.<\/p>\n<p>En atelier, les \u00e9l\u00e8ves r\u00e9alisent une version\u00a0contemporaine de la photo composite,\u00a0la narration num\u00e9rique (digital storytelling).<\/p>\n<p>Cette visite peut \u00eatre jumel\u00e9e \u00e0 la visite ext\u00e9rieure\u00a0<em><a title=\"Le quartier de la maison Notman\" href=\"http:\/\/www.musee-mccord-stewart.ca\/fr\/le-quartier-de-la-maison-notman\/\">Le quartier de la maison Notman<\/a><\/em> avec un forfait d\u2019un jour.<\/p>\n<p><a class=\"download\" href=\"http:\/\/www.musee-mccord-stewart.ca\/app\/uploads\/2015\/06\/telecharger-le-programme-dactivites-educatives-2016-2017-au-complet.pdf\">T\u00e9l\u00e9charger le programme d&rsquo;activit\u00e9s \u00e9ducatives 2016-2017 au complet<\/a><\/p>\n","protected":false},"excerpt":{"rendered":"<p>Client\u00e8le : primaire \/ secondaire \/ classe d\u2019accueil Dates :\u00a0du 4 novembre 2016 au 26 mars 2017 Dur\u00e9e : 120 minutes Nombre max. : 60 Tarif :\u00a07,50 $ par \u00e9l\u00e8ve William Notman (1826-1891), un important photographe\u00a0canadien du 19e si\u00e8cle, nous r\u00e9v\u00e8le son approche moderne de la photographie fond\u00e9e sur les principes\u00a0de la communication et de [&hellip;]<\/p>\n","protected":false},"author":17,"featured_media":0,"parent":0,"menu_order":0,"comment_status":"closed","ping_status":"closed","template":"page-templates\/page-texte.php","meta":{"footnotes":""},"categories":[],"tags":[],"acf":[],"yoast_head":"<!-- This site is optimized with the Yoast SEO Premium plugin v20.11 (Yoast SEO v20.11) - https:\/\/yoast.com\/wordpress\/plugins\/seo\/ -->\n<title>Notman, Photographe visionnaire - Mus\u00e9e McCord Stewart<\/title>\n<meta name=\"description\" content=\"Client\u00e8le : primaire \/ secondaire \/ classe d\u2019accueil Dates :\u00a0du 4 novembre 2016 au 26 mars 2017 Dur\u00e9e : 120 minutes Nombre max. : 60 Tarif :\u00a07,50 $ par\" \/>\n<meta name=\"robots\" content=\"index, follow, max-snippet:-1, max-image-preview:large, max-video-preview:-1\" \/>\n<link rel=\"canonical\" href=\"https:\/\/www.musee-mccord-stewart.ca\/fr\/notman-photographe-visionnaire\/\" \/>\n<meta property=\"og:locale\" content=\"fr_FR\" \/>\n<meta property=\"og:type\" content=\"article\" \/>\n<meta property=\"og:title\" content=\"Notman, Photographe visionnaire\" \/>\n<meta property=\"og:description\" content=\"Client\u00e8le : primaire \/ secondaire \/ classe d\u2019accueil Dates :\u00a0du 4 novembre 2016 au 26 mars 2017 Dur\u00e9e : 120 minutes Nombre max. : 60 Tarif :\u00a07,50 $ par\" \/>\n<meta property=\"og:url\" content=\"https:\/\/www.musee-mccord-stewart.ca\/fr\/notman-photographe-visionnaire\/\" \/>\n<meta property=\"og:site_name\" content=\"Mus\u00e9e McCord Stewart\" \/>\n<meta property=\"article:publisher\" content=\"https:\/\/www.facebook.com\/museemccordstewart\" \/>\n<meta property=\"article:modified_time\" content=\"2016-08-18T20:21:18+00:00\" \/>\n<meta property=\"og:image\" content=\"https:\/\/www.musee-mccord-stewart.ca\/app\/uploads\/2022\/09\/mccord-stewart_facade-exterieur-henderson-2022_roger-aziz_1320x480.jpg\" \/>\n\t<meta property=\"og:image:width\" content=\"1320\" \/>\n\t<meta property=\"og:image:height\" content=\"480\" \/>\n\t<meta property=\"og:image:type\" content=\"image\/jpeg\" \/>\n<meta name=\"twitter:card\" content=\"summary_large_image\" \/>\n<meta name=\"twitter:site\" content=\"@MuseeMcCordStew\" \/>\n<meta name=\"twitter:label1\" content=\"Dur\u00e9e de lecture estim\u00e9e\" \/>\n\t<meta name=\"twitter:data1\" content=\"1 minute\" \/>\n<script type=\"application\/ld+json\" class=\"yoast-schema-graph\">{\"@context\":\"https:\/\/schema.org\",\"@graph\":[{\"@type\":\"WebPage\",\"@id\":\"https:\/\/www.musee-mccord-stewart.ca\/fr\/notman-photographe-visionnaire\/\",\"url\":\"https:\/\/www.musee-mccord-stewart.ca\/fr\/notman-photographe-visionnaire\/\",\"name\":\"Notman, Photographe visionnaire - Mus\u00e9e McCord Stewart\",\"isPartOf\":{\"@id\":\"https:\/\/www.musee-mccord-stewart.ca\/fr\/#website\"},\"datePublished\":\"2016-08-11T15:24:35+00:00\",\"dateModified\":\"2016-08-18T20:21:18+00:00\",\"description\":\"Client\u00e8le : primaire \/ secondaire \/ classe d\u2019accueil Dates :\u00a0du 4 novembre 2016 au 26 mars 2017 Dur\u00e9e : 120 minutes Nombre max. : 60 Tarif :\u00a07,50 $ par\",\"breadcrumb\":{\"@id\":\"https:\/\/www.musee-mccord-stewart.ca\/fr\/notman-photographe-visionnaire\/#breadcrumb\"},\"inLanguage\":\"fr-FR\",\"potentialAction\":[{\"@type\":\"ReadAction\",\"target\":[\"https:\/\/www.musee-mccord-stewart.ca\/fr\/notman-photographe-visionnaire\/\"]}]},{\"@type\":\"BreadcrumbList\",\"@id\":\"https:\/\/www.musee-mccord-stewart.ca\/fr\/notman-photographe-visionnaire\/#breadcrumb\",\"itemListElement\":[{\"@type\":\"ListItem\",\"position\":1,\"name\":\"Accueil\",\"item\":\"https:\/\/www.musee-mccord-stewart.ca\/fr\/\"},{\"@type\":\"ListItem\",\"position\":2,\"name\":\"Notman, Photographe visionnaire\"}]},{\"@type\":\"WebSite\",\"@id\":\"https:\/\/www.musee-mccord-stewart.ca\/fr\/#website\",\"url\":\"https:\/\/www.musee-mccord-stewart.ca\/fr\/\",\"name\":\"Mus\u00e9e McCord Stewart\",\"description\":\"Notre monde, nos histoires\",\"publisher\":{\"@id\":\"https:\/\/www.musee-mccord-stewart.ca\/fr\/#organization\"},\"alternateName\":\"MCS\",\"potentialAction\":[{\"@type\":\"SearchAction\",\"target\":{\"@type\":\"EntryPoint\",\"urlTemplate\":\"https:\/\/www.musee-mccord-stewart.ca\/fr\/?s={search_term_string}\"},\"query-input\":\"required name=search_term_string\"}],\"inLanguage\":\"fr-FR\"},{\"@type\":\"Organization\",\"@id\":\"https:\/\/www.musee-mccord-stewart.ca\/fr\/#organization\",\"name\":\"McCord Stewart Museum\",\"alternateName\":\"MCS\",\"url\":\"https:\/\/www.musee-mccord-stewart.ca\/fr\/\",\"logo\":{\"@type\":\"ImageObject\",\"inLanguage\":\"fr-FR\",\"@id\":\"https:\/\/www.musee-mccord-stewart.ca\/fr\/#\/schema\/logo\/image\/\",\"url\":\"https:\/\/www.musee-mccord-stewart.ca\/app\/uploads\/2023\/05\/logo_museemccordstewart_horizontal_noir_slogan.svg\",\"contentUrl\":\"https:\/\/www.musee-mccord-stewart.ca\/app\/uploads\/2023\/05\/logo_museemccordstewart_horizontal_noir_slogan.svg\",\"width\":1,\"height\":1,\"caption\":\"McCord Stewart Museum\"},\"image\":{\"@id\":\"https:\/\/www.musee-mccord-stewart.ca\/fr\/#\/schema\/logo\/image\/\"},\"sameAs\":[\"https:\/\/www.facebook.com\/museemccordstewart\",\"https:\/\/twitter.com\/MuseeMcCordStew\",\"https:\/\/instagram.com\/museemccordstewart\",\"https:\/\/www.linkedin.com\/company\/museemccordstewart\/\",\"https:\/\/www.pinterest.com\/museemccordstewart\/\",\"https:\/\/www.youtube.com\/c\/MuseeMcCordStewartMuseum\"]}]}<\/script>\n<!-- \/ Yoast SEO Premium plugin. -->","yoast_head_json":{"title":"Notman, Photographe visionnaire - Mus\u00e9e McCord Stewart","description":"Client\u00e8le : primaire \/ secondaire \/ classe d\u2019accueil Dates :\u00a0du 4 novembre 2016 au 26 mars 2017 Dur\u00e9e : 120 minutes Nombre max. : 60 Tarif :\u00a07,50 $ par","robots":{"index":"index","follow":"follow","max-snippet":"max-snippet:-1","max-image-preview":"max-image-preview:large","max-video-preview":"max-video-preview:-1"},"canonical":"https:\/\/www.musee-mccord-stewart.ca\/fr\/notman-photographe-visionnaire\/","og_locale":"fr_FR","og_type":"article","og_title":"Notman, Photographe visionnaire","og_description":"Client\u00e8le : primaire \/ secondaire \/ classe d\u2019accueil Dates :\u00a0du 4 novembre 2016 au 26 mars 2017 Dur\u00e9e : 120 minutes Nombre max. : 60 Tarif :\u00a07,50 $ par","og_url":"https:\/\/www.musee-mccord-stewart.ca\/fr\/notman-photographe-visionnaire\/","og_site_name":"Mus\u00e9e McCord Stewart","article_publisher":"https:\/\/www.facebook.com\/museemccordstewart","article_modified_time":"2016-08-18T20:21:18+00:00","og_image":[{"width":1320,"height":480,"url":"https:\/\/www.musee-mccord-stewart.ca\/app\/uploads\/2022\/09\/mccord-stewart_facade-exterieur-henderson-2022_roger-aziz_1320x480.jpg","type":"image\/jpeg"}],"twitter_card":"summary_large_image","twitter_site":"@MuseeMcCordStew","twitter_misc":{"Dur\u00e9e de lecture estim\u00e9e":"1 minute"},"schema":{"@context":"https:\/\/schema.org","@graph":[{"@type":"WebPage","@id":"https:\/\/www.musee-mccord-stewart.ca\/fr\/notman-photographe-visionnaire\/","url":"https:\/\/www.musee-mccord-stewart.ca\/fr\/notman-photographe-visionnaire\/","name":"Notman, Photographe visionnaire - Mus\u00e9e McCord Stewart","isPartOf":{"@id":"https:\/\/www.musee-mccord-stewart.ca\/fr\/#website"},"datePublished":"2016-08-11T15:24:35+00:00","dateModified":"2016-08-18T20:21:18+00:00","description":"Client\u00e8le : primaire \/ secondaire \/ classe d\u2019accueil Dates :\u00a0du 4 novembre 2016 au 26 mars 2017 Dur\u00e9e : 120 minutes Nombre max. : 60 Tarif :\u00a07,50 $ par","breadcrumb":{"@id":"https:\/\/www.musee-mccord-stewart.ca\/fr\/notman-photographe-visionnaire\/#breadcrumb"},"inLanguage":"fr-FR","potentialAction":[{"@type":"ReadAction","target":["https:\/\/www.musee-mccord-stewart.ca\/fr\/notman-photographe-visionnaire\/"]}]},{"@type":"BreadcrumbList","@id":"https:\/\/www.musee-mccord-stewart.ca\/fr\/notman-photographe-visionnaire\/#breadcrumb","itemListElement":[{"@type":"ListItem","position":1,"name":"Accueil","item":"https:\/\/www.musee-mccord-stewart.ca\/fr\/"},{"@type":"ListItem","position":2,"name":"Notman, Photographe visionnaire"}]},{"@type":"WebSite","@id":"https:\/\/www.musee-mccord-stewart.ca\/fr\/#website","url":"https:\/\/www.musee-mccord-stewart.ca\/fr\/","name":"Mus\u00e9e McCord Stewart","description":"Notre monde, nos histoires","publisher":{"@id":"https:\/\/www.musee-mccord-stewart.ca\/fr\/#organization"},"alternateName":"MCS","potentialAction":[{"@type":"SearchAction","target":{"@type":"EntryPoint","urlTemplate":"https:\/\/www.musee-mccord-stewart.ca\/fr\/?s={search_term_string}"},"query-input":"required name=search_term_string"}],"inLanguage":"fr-FR"},{"@type":"Organization","@id":"https:\/\/www.musee-mccord-stewart.ca\/fr\/#organization","name":"McCord Stewart Museum","alternateName":"MCS","url":"https:\/\/www.musee-mccord-stewart.ca\/fr\/","logo":{"@type":"ImageObject","inLanguage":"fr-FR","@id":"https:\/\/www.musee-mccord-stewart.ca\/fr\/#\/schema\/logo\/image\/","url":"https:\/\/www.musee-mccord-stewart.ca\/app\/uploads\/2023\/05\/logo_museemccordstewart_horizontal_noir_slogan.svg","contentUrl":"https:\/\/www.musee-mccord-stewart.ca\/app\/uploads\/2023\/05\/logo_museemccordstewart_horizontal_noir_slogan.svg","width":1,"height":1,"caption":"McCord Stewart Museum"},"image":{"@id":"https:\/\/www.musee-mccord-stewart.ca\/fr\/#\/schema\/logo\/image\/"},"sameAs":["https:\/\/www.facebook.com\/museemccordstewart","https:\/\/twitter.com\/MuseeMcCordStew","https:\/\/instagram.com\/museemccordstewart","https:\/\/www.linkedin.com\/company\/museemccordstewart\/","https:\/\/www.pinterest.com\/museemccordstewart\/","https:\/\/www.youtube.com\/c\/MuseeMcCordStewartMuseum"]}]}},"_links":{"self":[{"href":"https:\/\/www.musee-mccord-stewart.ca\/fr\/wp-json\/wp\/v2\/pages\/17708"}],"collection":[{"href":"https:\/\/www.musee-mccord-stewart.ca\/fr\/wp-json\/wp\/v2\/pages"}],"about":[{"href":"https:\/\/www.musee-mccord-stewart.ca\/fr\/wp-json\/wp\/v2\/types\/page"}],"author":[{"embeddable":true,"href":"https:\/\/www.musee-mccord-stewart.ca\/fr\/wp-json\/wp\/v2\/users\/17"}],"replies":[{"embeddable":true,"href":"https:\/\/www.musee-mccord-stewart.ca\/fr\/wp-json\/wp\/v2\/comments?post=17708"}],"version-history":[{"count":0,"href":"https:\/\/www.musee-mccord-stewart.ca\/fr\/wp-json\/wp\/v2\/pages\/17708\/revisions"}],"wp:attachment":[{"href":"https:\/\/www.musee-mccord-stewart.ca\/fr\/wp-json\/wp\/v2\/media?parent=17708"}],"wp:term":[{"taxonomy":"category","embeddable":true,"href":"https:\/\/www.musee-mccord-stewart.ca\/fr\/wp-json\/wp\/v2\/categories?post=17708"},{"taxonomy":"post_tag","embeddable":true,"href":"https:\/\/www.musee-mccord-stewart.ca\/fr\/wp-json\/wp\/v2\/tags?post=17708"}],"curies":[{"name":"wp","href":"https:\/\/api.w.org\/{rel}","templated":true}]}}