{"id":15092,"date":"2016-03-16T13:58:27","date_gmt":"2016-03-16T17:58:27","guid":{"rendered":"http:\/\/www.mccord-museum.qc.ca\/?page_id=15092"},"modified":"2025-06-26T15:50:40","modified_gmt":"2025-06-26T19:50:40","slug":"collection-de-may-et-jack-cole","status":"publish","type":"page","link":"https:\/\/www.musee-mccord-stewart.ca\/fr\/collections\/collection-de-may-et-jack-cole\/","title":{"rendered":"Collection de May et Jack Cole"},"content":{"rendered":"<p>Constitu\u00e9e par May Cole, cette collection a \u00e9t\u00e9 donn\u00e9e au Mus\u00e9e par Barry Cole et Sylvie Plouffe. May Cole avait \u00e9t\u00e9 engag\u00e9e dans les ann\u00e9es 1940 pour d\u00e9corer le Manoir Tadoussac avec du mobilier canadien-fran\u00e7ais ainsi que des estampes et des dessins de sujets canadiens historiques. Elle avait \u00e9galement commenc\u00e9 alors \u00e0 r\u00e9unir sa propre collection.<\/p>\n<p>Offerte au Mus\u00e9e McCord en 2007, la Collection de May et Jack Cole a \u00e9t\u00e9 reconnue par la Commission canadienne d\u2019examen des exportations de biens culturels comme pr\u00e9sentant un int\u00e9r\u00eat exceptionnel et une importance nationale. La num\u00e9risation de cette collection a \u00e9t\u00e9 gracieusement financ\u00e9e par la Fondation Cole, Barry Cole et Sylvie Plouffe.<\/p>\n<p><a title=\"\" href=\"https:\/\/collections.musee-mccord-stewart.ca\/fr\/search\/m2007.125*\">Voir l\u2019ensemble de la Collection de May et Jack Cole.<\/a><\/p>\n<ul class=\"sliderTiny\">\n<li>\n<img decoding=\"async\" src=\"https:\/\/www.musee-mccord-stewart.ca\/app\/uploads\/2016\/03\/m2007-125-34_151209-p1_fr-1200x751.jpg\" alt=\"Tapis au crochet, La Malbaie Reg&#039;d. M. Ferron, Enrg., 1935-1945. Collection de May et Jack Cole donn\u00e9e par Barry Cole et Sylvie Plouffe, M2007.125.40 \u00a9 Mus\u00e9e McCord\" title=\"Tapis au crochet, La Malbaie Reg&#039;d. M. Ferron, Enrg., 1935-1945. Collection de May et Jack Cole donn\u00e9e par Barry Cole et Sylvie Plouffe, M2007.125.40 \u00a9 Mus\u00e9e McCord\" \/>\n<\/li>\n<li>\n<img decoding=\"async\" src=\"https:\/\/www.musee-mccord-stewart.ca\/app\/uploads\/2016\/03\/m2007-125-28_151209-p1_fr-1019x800.jpg\" alt=\"Coffre, 18e si\u00e8cle. Collection de May et Jack Cole donn\u00e9e par Barry Cole et Sylvie Plouffe, M2007.125.28 \u00a9 Mus\u00e9e McCord\" title=\"Coffre, 18e si\u00e8cle. Collection de May et Jack Cole donn\u00e9e par Barry Cole et Sylvie Plouffe, M2007.125.28 \u00a9 Mus\u00e9e McCord\" \/>\n<\/li>\n<li>\n<img decoding=\"async\" src=\"https:\/\/www.musee-mccord-stewart.ca\/app\/uploads\/2016\/03\/m2007-125-13-1-2_151209-p1_fr-1114x800.jpg\" alt=\"Huche \u00e0 pain, 1840-1860. Collection de May et Jack Cole donn\u00e9e par Barry Cole et Sylvie Plouffe, M2007.125.13.1-2 \u00a9 Mus\u00e9e McCord\" title=\"Huche \u00e0 pain, 1840-1860. Collection de May et Jack Cole donn\u00e9e par Barry Cole et Sylvie Plouffe, M2007.125.13.1-2 \u00a9 Mus\u00e9e McCord\" \/>\n<\/li>\n<li>\n<img decoding=\"async\" src=\"https:\/\/www.musee-mccord-stewart.ca\/app\/uploads\/2016\/03\/m2007-125-8_151209-p1_fr-569x800.jpg\" alt=\"Fauteuil, 1740-1760. Collection de May et Jack Cole donn\u00e9e par Barry Cole et Sylvie Plouffe, M2007.125.8 \u00a9 Mus\u00e9e McCord\" title=\"Fauteuil, 1740-1760. Collection de May et Jack Cole donn\u00e9e par Barry Cole et Sylvie Plouffe, M2007.125.8 \u00a9 Mus\u00e9e McCord\" \/>\n<\/li>\n<li>\n<img decoding=\"async\" src=\"https:\/\/www.musee-mccord-stewart.ca\/app\/uploads\/2016\/03\/m2007-125-4-p1_fr-1138x800.jpg\" alt=\"James Duncan, &lt;i&gt;Vue de la ville de Montr\u00e9al&lt;\/i&gt;, vers 1852-1856. Collection de May et Jack Cole donn\u00e9e par Barry Cole et Sylvie Plouffe, M2007.125.4 \u00a9 Mus\u00e9e McCord\" title=\"James Duncan, &lt;i&gt;Vue de la ville de Montr\u00e9al&lt;\/i&gt;, vers 1852-1856. Collection de May et Jack Cole donn\u00e9e par Barry Cole et Sylvie Plouffe, M2007.125.4 \u00a9 Mus\u00e9e McCord\" \/>\n<\/li>\n<\/ul>\n\n","protected":false},"excerpt":{"rendered":"<p>Constitu\u00e9e par May Cole, cette collection a \u00e9t\u00e9 donn\u00e9e au Mus\u00e9e par Barry Cole et Sylvie Plouffe. May Cole avait \u00e9t\u00e9 engag\u00e9e dans les ann\u00e9es 1940 pour d\u00e9corer le Manoir Tadoussac avec du mobilier canadien-fran\u00e7ais ainsi que des estampes et des dessins de sujets canadiens historiques. Elle avait \u00e9galement commenc\u00e9 alors \u00e0 r\u00e9unir sa propre [&hellip;]<\/p>\n","protected":false},"author":3,"featured_media":0,"parent":39985,"menu_order":0,"comment_status":"closed","ping_status":"closed","template":"page-templates\/page-texte.php","meta":{"footnotes":""},"categories":[],"tags":[],"acf":[],"yoast_head":"<!-- This site is optimized with the Yoast SEO Premium plugin v20.11 (Yoast SEO v20.11) - https:\/\/yoast.com\/wordpress\/plugins\/seo\/ -->\n<title>Collection de May et Jack Cole - Mus\u00e9e McCord Stewart<\/title>\n<meta name=\"description\" content=\"Constitu\u00e9e par May Cole, cette collection a \u00e9t\u00e9 donn\u00e9e au Mus\u00e9e par Barry Cole et Sylvie Plouffe. May Cole avait \u00e9t\u00e9 engag\u00e9e dans les ann\u00e9es 1940 pour\" \/>\n<meta name=\"robots\" content=\"index, follow, max-snippet:-1, max-image-preview:large, max-video-preview:-1\" \/>\n<link rel=\"canonical\" href=\"https:\/\/www.musee-mccord-stewart.ca\/fr\/collections\/collection-de-may-et-jack-cole\/\" \/>\n<meta property=\"og:locale\" content=\"fr_FR\" \/>\n<meta property=\"og:type\" content=\"article\" \/>\n<meta property=\"og:title\" content=\"Collection de May et Jack Cole\" \/>\n<meta property=\"og:description\" content=\"Constitu\u00e9e par May Cole, cette collection a \u00e9t\u00e9 donn\u00e9e au Mus\u00e9e par Barry Cole et Sylvie Plouffe. May Cole avait \u00e9t\u00e9 engag\u00e9e dans les ann\u00e9es 1940 pour\" \/>\n<meta property=\"og:url\" content=\"https:\/\/www.musee-mccord-stewart.ca\/fr\/collections\/collection-de-may-et-jack-cole\/\" \/>\n<meta property=\"og:site_name\" content=\"Mus\u00e9e McCord Stewart\" \/>\n<meta property=\"article:publisher\" content=\"https:\/\/www.facebook.com\/museemccordstewart\" \/>\n<meta property=\"article:modified_time\" content=\"2025-06-26T19:50:40+00:00\" \/>\n<meta property=\"og:image\" content=\"https:\/\/www.musee-mccord-stewart.ca\/app\/uploads\/2016\/03\/m2007-125-34_151209-p1_fr-1200x751.jpg\" \/>\n<meta name=\"twitter:card\" content=\"summary_large_image\" \/>\n<meta name=\"twitter:site\" content=\"@MuseeMcCordStew\" \/>\n<meta name=\"twitter:label1\" content=\"Dur\u00e9e de lecture estim\u00e9e\" \/>\n\t<meta name=\"twitter:data1\" content=\"1 minute\" \/>\n<script type=\"application\/ld+json\" class=\"yoast-schema-graph\">{\"@context\":\"https:\/\/schema.org\",\"@graph\":[{\"@type\":\"WebPage\",\"@id\":\"https:\/\/www.musee-mccord-stewart.ca\/fr\/collections\/collection-de-may-et-jack-cole\/\",\"url\":\"https:\/\/www.musee-mccord-stewart.ca\/fr\/collections\/collection-de-may-et-jack-cole\/\",\"name\":\"Collection de May et Jack Cole - Mus\u00e9e McCord Stewart\",\"isPartOf\":{\"@id\":\"https:\/\/www.musee-mccord-stewart.ca\/fr\/#website\"},\"datePublished\":\"2016-03-16T17:58:27+00:00\",\"dateModified\":\"2025-06-26T19:50:40+00:00\",\"description\":\"Constitu\u00e9e par May Cole, cette collection a \u00e9t\u00e9 donn\u00e9e au Mus\u00e9e par Barry Cole et Sylvie Plouffe. May Cole avait \u00e9t\u00e9 engag\u00e9e dans les ann\u00e9es 1940 pour\",\"breadcrumb\":{\"@id\":\"https:\/\/www.musee-mccord-stewart.ca\/fr\/collections\/collection-de-may-et-jack-cole\/#breadcrumb\"},\"inLanguage\":\"fr-FR\",\"potentialAction\":[{\"@type\":\"ReadAction\",\"target\":[\"https:\/\/www.musee-mccord-stewart.ca\/fr\/collections\/collection-de-may-et-jack-cole\/\"]}]},{\"@type\":\"BreadcrumbList\",\"@id\":\"https:\/\/www.musee-mccord-stewart.ca\/fr\/collections\/collection-de-may-et-jack-cole\/#breadcrumb\",\"itemListElement\":[{\"@type\":\"ListItem\",\"position\":1,\"name\":\"Accueil\",\"item\":\"https:\/\/www.musee-mccord-stewart.ca\/fr\/\"},{\"@type\":\"ListItem\",\"position\":2,\"name\":\"Collections\",\"item\":\"https:\/\/www.musee-mccord-stewart.ca\/fr\/collections\/\"},{\"@type\":\"ListItem\",\"position\":3,\"name\":\"Collection de May et Jack Cole\"}]},{\"@type\":\"WebSite\",\"@id\":\"https:\/\/www.musee-mccord-stewart.ca\/fr\/#website\",\"url\":\"https:\/\/www.musee-mccord-stewart.ca\/fr\/\",\"name\":\"Mus\u00e9e McCord Stewart\",\"description\":\"Notre monde, nos histoires\",\"publisher\":{\"@id\":\"https:\/\/www.musee-mccord-stewart.ca\/fr\/#organization\"},\"alternateName\":\"MCS\",\"potentialAction\":[{\"@type\":\"SearchAction\",\"target\":{\"@type\":\"EntryPoint\",\"urlTemplate\":\"https:\/\/www.musee-mccord-stewart.ca\/fr\/?s={search_term_string}\"},\"query-input\":\"required name=search_term_string\"}],\"inLanguage\":\"fr-FR\"},{\"@type\":\"Organization\",\"@id\":\"https:\/\/www.musee-mccord-stewart.ca\/fr\/#organization\",\"name\":\"McCord Stewart Museum\",\"alternateName\":\"MCS\",\"url\":\"https:\/\/www.musee-mccord-stewart.ca\/fr\/\",\"logo\":{\"@type\":\"ImageObject\",\"inLanguage\":\"fr-FR\",\"@id\":\"https:\/\/www.musee-mccord-stewart.ca\/fr\/#\/schema\/logo\/image\/\",\"url\":\"https:\/\/www.musee-mccord-stewart.ca\/app\/uploads\/2023\/05\/logo_museemccordstewart_horizontal_noir_slogan.svg\",\"contentUrl\":\"https:\/\/www.musee-mccord-stewart.ca\/app\/uploads\/2023\/05\/logo_museemccordstewart_horizontal_noir_slogan.svg\",\"width\":1,\"height\":1,\"caption\":\"McCord Stewart Museum\"},\"image\":{\"@id\":\"https:\/\/www.musee-mccord-stewart.ca\/fr\/#\/schema\/logo\/image\/\"},\"sameAs\":[\"https:\/\/www.facebook.com\/museemccordstewart\",\"https:\/\/twitter.com\/MuseeMcCordStew\",\"https:\/\/instagram.com\/museemccordstewart\",\"https:\/\/www.linkedin.com\/company\/museemccordstewart\/\",\"https:\/\/www.pinterest.com\/museemccordstewart\/\",\"https:\/\/www.youtube.com\/c\/MuseeMcCordStewartMuseum\"]}]}<\/script>\n<!-- \/ Yoast SEO Premium plugin. -->","yoast_head_json":{"title":"Collection de May et Jack Cole - Mus\u00e9e McCord Stewart","description":"Constitu\u00e9e par May Cole, cette collection a \u00e9t\u00e9 donn\u00e9e au Mus\u00e9e par Barry Cole et Sylvie Plouffe. May Cole avait \u00e9t\u00e9 engag\u00e9e dans les ann\u00e9es 1940 pour","robots":{"index":"index","follow":"follow","max-snippet":"max-snippet:-1","max-image-preview":"max-image-preview:large","max-video-preview":"max-video-preview:-1"},"canonical":"https:\/\/www.musee-mccord-stewart.ca\/fr\/collections\/collection-de-may-et-jack-cole\/","og_locale":"fr_FR","og_type":"article","og_title":"Collection de May et Jack Cole","og_description":"Constitu\u00e9e par May Cole, cette collection a \u00e9t\u00e9 donn\u00e9e au Mus\u00e9e par Barry Cole et Sylvie Plouffe. May Cole avait \u00e9t\u00e9 engag\u00e9e dans les ann\u00e9es 1940 pour","og_url":"https:\/\/www.musee-mccord-stewart.ca\/fr\/collections\/collection-de-may-et-jack-cole\/","og_site_name":"Mus\u00e9e McCord Stewart","article_publisher":"https:\/\/www.facebook.com\/museemccordstewart","article_modified_time":"2025-06-26T19:50:40+00:00","og_image":[{"url":"https:\/\/www.musee-mccord-stewart.ca\/app\/uploads\/2016\/03\/m2007-125-34_151209-p1_fr-1200x751.jpg"}],"twitter_card":"summary_large_image","twitter_site":"@MuseeMcCordStew","twitter_misc":{"Dur\u00e9e de lecture estim\u00e9e":"1 minute"},"schema":{"@context":"https:\/\/schema.org","@graph":[{"@type":"WebPage","@id":"https:\/\/www.musee-mccord-stewart.ca\/fr\/collections\/collection-de-may-et-jack-cole\/","url":"https:\/\/www.musee-mccord-stewart.ca\/fr\/collections\/collection-de-may-et-jack-cole\/","name":"Collection de May et Jack Cole - Mus\u00e9e McCord Stewart","isPartOf":{"@id":"https:\/\/www.musee-mccord-stewart.ca\/fr\/#website"},"datePublished":"2016-03-16T17:58:27+00:00","dateModified":"2025-06-26T19:50:40+00:00","description":"Constitu\u00e9e par May Cole, cette collection a \u00e9t\u00e9 donn\u00e9e au Mus\u00e9e par Barry Cole et Sylvie Plouffe. May Cole avait \u00e9t\u00e9 engag\u00e9e dans les ann\u00e9es 1940 pour","breadcrumb":{"@id":"https:\/\/www.musee-mccord-stewart.ca\/fr\/collections\/collection-de-may-et-jack-cole\/#breadcrumb"},"inLanguage":"fr-FR","potentialAction":[{"@type":"ReadAction","target":["https:\/\/www.musee-mccord-stewart.ca\/fr\/collections\/collection-de-may-et-jack-cole\/"]}]},{"@type":"BreadcrumbList","@id":"https:\/\/www.musee-mccord-stewart.ca\/fr\/collections\/collection-de-may-et-jack-cole\/#breadcrumb","itemListElement":[{"@type":"ListItem","position":1,"name":"Accueil","item":"https:\/\/www.musee-mccord-stewart.ca\/fr\/"},{"@type":"ListItem","position":2,"name":"Collections","item":"https:\/\/www.musee-mccord-stewart.ca\/fr\/collections\/"},{"@type":"ListItem","position":3,"name":"Collection de May et Jack Cole"}]},{"@type":"WebSite","@id":"https:\/\/www.musee-mccord-stewart.ca\/fr\/#website","url":"https:\/\/www.musee-mccord-stewart.ca\/fr\/","name":"Mus\u00e9e McCord Stewart","description":"Notre monde, nos histoires","publisher":{"@id":"https:\/\/www.musee-mccord-stewart.ca\/fr\/#organization"},"alternateName":"MCS","potentialAction":[{"@type":"SearchAction","target":{"@type":"EntryPoint","urlTemplate":"https:\/\/www.musee-mccord-stewart.ca\/fr\/?s={search_term_string}"},"query-input":"required name=search_term_string"}],"inLanguage":"fr-FR"},{"@type":"Organization","@id":"https:\/\/www.musee-mccord-stewart.ca\/fr\/#organization","name":"McCord Stewart Museum","alternateName":"MCS","url":"https:\/\/www.musee-mccord-stewart.ca\/fr\/","logo":{"@type":"ImageObject","inLanguage":"fr-FR","@id":"https:\/\/www.musee-mccord-stewart.ca\/fr\/#\/schema\/logo\/image\/","url":"https:\/\/www.musee-mccord-stewart.ca\/app\/uploads\/2023\/05\/logo_museemccordstewart_horizontal_noir_slogan.svg","contentUrl":"https:\/\/www.musee-mccord-stewart.ca\/app\/uploads\/2023\/05\/logo_museemccordstewart_horizontal_noir_slogan.svg","width":1,"height":1,"caption":"McCord Stewart Museum"},"image":{"@id":"https:\/\/www.musee-mccord-stewart.ca\/fr\/#\/schema\/logo\/image\/"},"sameAs":["https:\/\/www.facebook.com\/museemccordstewart","https:\/\/twitter.com\/MuseeMcCordStew","https:\/\/instagram.com\/museemccordstewart","https:\/\/www.linkedin.com\/company\/museemccordstewart\/","https:\/\/www.pinterest.com\/museemccordstewart\/","https:\/\/www.youtube.com\/c\/MuseeMcCordStewartMuseum"]}]}},"_links":{"self":[{"href":"https:\/\/www.musee-mccord-stewart.ca\/fr\/wp-json\/wp\/v2\/pages\/15092"}],"collection":[{"href":"https:\/\/www.musee-mccord-stewart.ca\/fr\/wp-json\/wp\/v2\/pages"}],"about":[{"href":"https:\/\/www.musee-mccord-stewart.ca\/fr\/wp-json\/wp\/v2\/types\/page"}],"author":[{"embeddable":true,"href":"https:\/\/www.musee-mccord-stewart.ca\/fr\/wp-json\/wp\/v2\/users\/3"}],"replies":[{"embeddable":true,"href":"https:\/\/www.musee-mccord-stewart.ca\/fr\/wp-json\/wp\/v2\/comments?post=15092"}],"version-history":[{"count":0,"href":"https:\/\/www.musee-mccord-stewart.ca\/fr\/wp-json\/wp\/v2\/pages\/15092\/revisions"}],"up":[{"embeddable":true,"href":"https:\/\/www.musee-mccord-stewart.ca\/fr\/wp-json\/wp\/v2\/pages\/39985"}],"wp:attachment":[{"href":"https:\/\/www.musee-mccord-stewart.ca\/fr\/wp-json\/wp\/v2\/media?parent=15092"}],"wp:term":[{"taxonomy":"category","embeddable":true,"href":"https:\/\/www.musee-mccord-stewart.ca\/fr\/wp-json\/wp\/v2\/categories?post=15092"},{"taxonomy":"post_tag","embeddable":true,"href":"https:\/\/www.musee-mccord-stewart.ca\/fr\/wp-json\/wp\/v2\/tags?post=15092"}],"curies":[{"name":"wp","href":"https:\/\/api.w.org\/{rel}","templated":true}]}}