{"id":1475,"date":"2015-04-21T12:15:32","date_gmt":"2015-04-21T16:15:32","guid":{"rendered":"http:\/\/www.musee-mccord-stewart.ca\/?page_id=1475"},"modified":"2025-09-05T16:50:35","modified_gmt":"2025-09-05T20:50:35","slug":"colloques-et-symposiums","status":"publish","type":"page","link":"https:\/\/www.musee-mccord-stewart.ca\/fr\/collections\/colloques-et-symposiums\/","title":{"rendered":"Colloques et symposiums"},"content":{"rendered":"<h3><a href=\"https:\/\/www.musee-mccord-stewart.ca\/fr\/activite\/bals-costumes-le-symposium\/\">Bals costum\u00e9s\u202f: le symposium<\/a><\/h3>\n<p><strong>20 et 21 mars 2025<\/strong><br \/>\nDes sp\u00e9cialistes du Mus\u00e9e McCord Stewart, des artistes et des auteurs partagent les connaissances acquises dans l\u2019ensemble des processus de la cr\u00e9ation de l\u2019exposition <a href=\"https:\/\/www.musee-mccord-stewart.ca\/fr\/expositions\/bals-costumes\/\"><em>Bals costum\u00e9s &#8211; Habiller l&rsquo;Histoire,\u00a0 1870-1927<\/em><\/a>, du processus mus\u00e9al \u00e0 long terme d\u2019identification et d\u2019analyse des v\u00eatements existants et de la culture visuelle, jusqu\u2019\u00e0 la remise en question subs\u00e9quente des objectifs des interventions de restauration, et l\u2019enjeu des injustices historiques par les appropriations de l\u2019autochton\u00e9it\u00e9.<\/p>\n<p><strong>Visionnez les communications en ligne, disponibles sur le Blogue du Mus\u00e9e :<\/strong><\/p>\n<ul>\n<li><a href=\"https:\/\/www.musee-mccord-stewart.ca\/fr\/audio-video\/jour-1-symposium-bals-costumes\/\" rel=\"noopener\">Jour 1<\/a><br \/>\nCet enregistrement inclut les quatre communications du 20 mars 2025<\/li>\n<li><a href=\"https:\/\/www.musee-mccord-stewart.ca\/fr\/audio-video\/jour-2-symposium-bals-costumes\/\" rel=\"noopener\">Jour 2<\/a><br \/>\nCet enregistrement inclut les huit communications du 21 mars 2025<\/li>\n<\/ul>\n<h3><a href=\"https:\/\/www.musee-mccord-stewart.ca\/fr\/activite\/decouvertes-mccord-stewart\/\">Les d\u00e9couvertes du McCord Stewart<\/a><\/h3>\n<p><strong><strong>22 mars 2024 | Demi journ\u00e9e de conf\u00e9rences<br \/>\n<\/strong><\/strong>Les expertes et experts du Mus\u00e9e d\u00e9voilent des projets de recherche qui les passionnent, et partagent leurs r\u00e9centes d\u00e9couvertes portant sur les c<a href=\"https:\/\/www.musee-mccord-stewart.ca\/fr\/collections\/\">ollections et les archives du Mus\u00e9e<\/a>.<\/p>\n<p><strong>Visionnez les pr\u00e9sentations en ligne, disponibles sur le Blogue du Mus\u00e9e :<\/strong><\/p>\n<ul>\n<li><a href=\"https:\/\/www.musee-mccord-stewart.ca\/fr\/audio-video\/james-duncan-correspondant-magazine-the-illustrated-london-news\"><em>James Duncan\u202f: correspondant artistique au magazine The Illustrated London News<\/em><\/a><br \/>\nPr\u00e9sentation en fran\u00e7ais par <span class=\"TextRun SCXW119267647 BCX0\" lang=\"FR-CA\" xml:lang=\"FR-CA\" data-contrast=\"auto\"><span class=\"NormalTextRun SCXW119267647 BCX0\"><a href=\"https:\/\/www.musee-mccord-stewart.ca\/fr\/collections\/equipe\/christian-vachon\/\">Christian Vachon<\/a><\/span><\/span>, chef, Gestion des collections, et conservateur, Art documentaire<\/li>\n<li><a href=\"https:\/\/www.musee-mccord-stewart.ca\/fr\/audio-video\/decouvrir-emotions-archives-projet-sensibilites-partagees\"><em>D\u00e9couvrir les \u00e9motions enfouies dans les archives\u202f: le projet Sensibilit\u00e9s partag\u00e9es<\/em><\/a><br \/>\nPr\u00e9sentation en fran\u00e7ais par <span class=\"NormalTextRun SCXW237874921 BCX0\"><a href=\"https:\/\/www.musee-mccord-stewart.ca\/fr\/collections\/equipe\/mathieu-lapointe\/\">Mathieu Lapointe<\/a><\/span>, conservateur, Archives<\/li>\n<li><a href=\"https:\/\/www.musee-mccord-stewart.ca\/fr\/audio-video\/curieux-cas-parka-kul-e-tuk-appropriation-vetement-inuit\"><em>Le curieux cas du parka Kul-e-Tuk : l\u2019appropriation d\u2019un v\u00eatement inuit<\/em><\/a><br \/>\nPr\u00e9sentation en anglais par <span class=\"TextRun SCXW230649279 BCX0\" lang=\"FR-CA\" xml:lang=\"FR-CA\" data-contrast=\"auto\"><span class=\"NormalTextRun SCXW230649279 BCX0\"><a href=\"https:\/\/www.musee-mccord-stewart.ca\/fr\/collections\/equipe\/alexis-walker\/\">Alexis Walker<\/a><\/span><\/span>, conservatrice adjointe, Costume, mode et textiles<\/li>\n<li><a href=\"https:\/\/www.musee-mccord-stewart.ca\/fr\/audio-video\/fils-emancipation-noire-robe-18-e-siecle\"><em>Les fils de l\u2019\u00e9mancipation noire dans une robe du 18<sup>e<\/sup> si\u00e8cle<\/em><\/a><br \/>\nPr\u00e9sentation en anglais par <a href=\"https:\/\/www.musee-mccord-stewart.ca\/fr\/collections\/equipe\/cynthia-cooper\/\">Cynthia Cooper<\/a>, cheffe, Collections et recherche et conservatrice, Costume, mode et textiles<\/li>\n<\/ul>\n<h3><a href=\"https:\/\/www.musee-mccord-stewart.ca\/fr\/activite\/symposium-international-wampums-histoires-perspectives\/\">Autour des wampums : histoires et perspectives<\/a><\/h3>\n<p><strong>22 et 23 f\u00e9vrier 2024 | Symposium international<br \/>\n<\/strong><span class=\"NormalTextRun SCXW99467944 BCX8\">Profitant de l\u2019int\u00e9r\u00eat sans pr\u00e9c\u00e9dent suscit\u00e9 par l\u2019exposition\u00a0<em><a href=\"https:\/\/www.musee-mccord-stewart.ca\/fr\/expositions\/wampum-perles\">Wampum\u202f: perles de diplomatie<\/a><\/em>, le Mus\u00e9e a organis\u00e9 un <a href=\"https:\/\/www.musee-mccord-stewart.ca\/fr\/activite\/symposium-international-wampums-histoires-perspectives\/\">symposium consacr\u00e9 \u00e0 ces objets culturels<\/a>, qui a r\u00e9uni une douzaine de <strong>sp\u00e9cialistes autochtones,\u00a0<\/strong><\/span><strong><span class=\"NormalTextRun SpellingErrorV2Themed SCXW99467944 BCX8\">qu\u00e9b\u00e9cois\u00b7e\u00b7s<\/span><span class=\"NormalTextRun SCXW99467944 BCX8\">,\u00a0<\/span><span class=\"NormalTextRun SpellingErrorV2Themed SCXW99467944 BCX8\">canadien\u00b7ne\u00b7s<\/span><\/strong><span class=\"NormalTextRun SCXW99467944 BCX8\"><strong>\u00a0et de l\u2019international<\/strong>.<\/span><\/p>\n<p><strong>Visionnez les communications en ligne, disponibles sur le Blogue du Mus\u00e9e :<\/strong><\/p>\n<ul>\n<li><a href=\"https:\/\/www.musee-mccord-stewart.ca\/fr\/audio-video\/symposium-international-jour-1-wampums-histoires-perspectives\/\" rel=\"noopener\">Jour 1<\/a><br \/>\nCet enregistrement inclut les allocutions et les communications du 22 f\u00e9vrier 2024<\/li>\n<li><a href=\"https:\/\/www.musee-mccord-stewart.ca\/fr\/audio-video\/symposium-international-jour-2-wampums-histoires-perspectives\/\" rel=\"noopener\">Jour 2<\/a><br \/>\nCet enregistrement inclut les allocutions et les communications du 23 f\u00e9vrier 2024<\/li>\n<\/ul>\n","protected":false},"excerpt":{"rendered":"<p>Bals costum\u00e9s\u202f: le symposium 20 et 21 mars 2025 Des sp\u00e9cialistes du Mus\u00e9e McCord Stewart, des artistes et des auteurs partagent les connaissances acquises dans l\u2019ensemble des processus de la cr\u00e9ation de l\u2019exposition Bals costum\u00e9s &#8211; Habiller l&rsquo;Histoire,\u00a0 1870-1927, du processus mus\u00e9al \u00e0 long terme d\u2019identification et d\u2019analyse des v\u00eatements existants et de la culture [&hellip;]<\/p>\n","protected":false},"author":1,"featured_media":0,"parent":39985,"menu_order":0,"comment_status":"closed","ping_status":"closed","template":"page-templates\/page-texte.php","meta":{"footnotes":""},"categories":[],"tags":[],"acf":[],"yoast_head":"<!-- This site is optimized with the Yoast SEO Premium plugin v20.11 (Yoast SEO v20.11) - https:\/\/yoast.com\/wordpress\/plugins\/seo\/ -->\n<title>Colloques et symposiums - Mus\u00e9e McCord Stewart<\/title>\n<meta name=\"description\" content=\"Apprenez-en plus sur toutes nos conf\u00e9rences, colloques et symposiums pass\u00e9s et futurs, comme Les d\u00e9couvertes du Mus\u00e9e McCord Stewart.\" \/>\n<meta name=\"robots\" content=\"index, follow, max-snippet:-1, max-image-preview:large, max-video-preview:-1\" \/>\n<link rel=\"canonical\" href=\"https:\/\/www.musee-mccord-stewart.ca\/fr\/collections\/colloques-et-symposiums\/\" \/>\n<meta property=\"og:locale\" content=\"fr_FR\" \/>\n<meta property=\"og:type\" content=\"article\" \/>\n<meta property=\"og:title\" content=\"Colloques et symposiums\" \/>\n<meta property=\"og:description\" content=\"Apprenez-en plus sur toutes nos conf\u00e9rences, colloques et symposiums pass\u00e9s et futurs, comme Les d\u00e9couvertes du Mus\u00e9e McCord Stewart.\" \/>\n<meta property=\"og:url\" content=\"https:\/\/www.musee-mccord-stewart.ca\/fr\/collections\/colloques-et-symposiums\/\" \/>\n<meta property=\"og:site_name\" content=\"Mus\u00e9e McCord Stewart\" \/>\n<meta property=\"article:publisher\" content=\"https:\/\/www.facebook.com\/museemccordstewart\" \/>\n<meta property=\"article:modified_time\" content=\"2025-09-05T20:50:35+00:00\" \/>\n<meta property=\"og:image\" content=\"https:\/\/www.musee-mccord-stewart.ca\/app\/uploads\/2024\/03\/mccord-stewart_activite_decouverte-conferences_assistance_640x375.jpg\" \/>\n\t<meta property=\"og:image:width\" content=\"640\" \/>\n\t<meta property=\"og:image:height\" content=\"375\" \/>\n\t<meta property=\"og:image:type\" content=\"image\/jpeg\" \/>\n<meta name=\"twitter:card\" content=\"summary_large_image\" \/>\n<meta name=\"twitter:description\" content=\"Apprenez-en plus sur toutes nos conf\u00e9rences, colloques et symposiums pass\u00e9s et futurs, comme Les d\u00e9couvertes du Mus\u00e9e McCord Stewart.\" \/>\n<meta name=\"twitter:site\" content=\"@MuseeMcCordStew\" \/>\n<meta name=\"twitter:label1\" content=\"Dur\u00e9e de lecture estim\u00e9e\" \/>\n\t<meta name=\"twitter:data1\" content=\"2 minutes\" \/>\n<script type=\"application\/ld+json\" class=\"yoast-schema-graph\">{\"@context\":\"https:\/\/schema.org\",\"@graph\":[{\"@type\":\"WebPage\",\"@id\":\"https:\/\/www.musee-mccord-stewart.ca\/fr\/collections\/colloques-et-symposiums\/\",\"url\":\"https:\/\/www.musee-mccord-stewart.ca\/fr\/collections\/colloques-et-symposiums\/\",\"name\":\"Colloques et symposiums - Mus\u00e9e McCord Stewart\",\"isPartOf\":{\"@id\":\"https:\/\/www.musee-mccord-stewart.ca\/fr\/#website\"},\"datePublished\":\"2015-04-21T16:15:32+00:00\",\"dateModified\":\"2025-09-05T20:50:35+00:00\",\"description\":\"Apprenez-en plus sur toutes nos conf\u00e9rences, colloques et symposiums pass\u00e9s et futurs, comme Les d\u00e9couvertes du Mus\u00e9e McCord Stewart.\",\"breadcrumb\":{\"@id\":\"https:\/\/www.musee-mccord-stewart.ca\/fr\/collections\/colloques-et-symposiums\/#breadcrumb\"},\"inLanguage\":\"fr-FR\",\"potentialAction\":[{\"@type\":\"ReadAction\",\"target\":[\"https:\/\/www.musee-mccord-stewart.ca\/fr\/collections\/colloques-et-symposiums\/\"]}]},{\"@type\":\"BreadcrumbList\",\"@id\":\"https:\/\/www.musee-mccord-stewart.ca\/fr\/collections\/colloques-et-symposiums\/#breadcrumb\",\"itemListElement\":[{\"@type\":\"ListItem\",\"position\":1,\"name\":\"Accueil\",\"item\":\"https:\/\/www.musee-mccord-stewart.ca\/fr\/\"},{\"@type\":\"ListItem\",\"position\":2,\"name\":\"Collections\",\"item\":\"https:\/\/www.musee-mccord-stewart.ca\/fr\/collections\/\"},{\"@type\":\"ListItem\",\"position\":3,\"name\":\"Colloques et symposiums\"}]},{\"@type\":\"WebSite\",\"@id\":\"https:\/\/www.musee-mccord-stewart.ca\/fr\/#website\",\"url\":\"https:\/\/www.musee-mccord-stewart.ca\/fr\/\",\"name\":\"Mus\u00e9e McCord Stewart\",\"description\":\"Notre monde, nos histoires\",\"publisher\":{\"@id\":\"https:\/\/www.musee-mccord-stewart.ca\/fr\/#organization\"},\"alternateName\":\"MCS\",\"potentialAction\":[{\"@type\":\"SearchAction\",\"target\":{\"@type\":\"EntryPoint\",\"urlTemplate\":\"https:\/\/www.musee-mccord-stewart.ca\/fr\/?s={search_term_string}\"},\"query-input\":\"required name=search_term_string\"}],\"inLanguage\":\"fr-FR\"},{\"@type\":\"Organization\",\"@id\":\"https:\/\/www.musee-mccord-stewart.ca\/fr\/#organization\",\"name\":\"McCord Stewart Museum\",\"alternateName\":\"MCS\",\"url\":\"https:\/\/www.musee-mccord-stewart.ca\/fr\/\",\"logo\":{\"@type\":\"ImageObject\",\"inLanguage\":\"fr-FR\",\"@id\":\"https:\/\/www.musee-mccord-stewart.ca\/fr\/#\/schema\/logo\/image\/\",\"url\":\"https:\/\/www.musee-mccord-stewart.ca\/app\/uploads\/2023\/05\/logo_museemccordstewart_horizontal_noir_slogan.svg\",\"contentUrl\":\"https:\/\/www.musee-mccord-stewart.ca\/app\/uploads\/2023\/05\/logo_museemccordstewart_horizontal_noir_slogan.svg\",\"width\":1,\"height\":1,\"caption\":\"McCord Stewart Museum\"},\"image\":{\"@id\":\"https:\/\/www.musee-mccord-stewart.ca\/fr\/#\/schema\/logo\/image\/\"},\"sameAs\":[\"https:\/\/www.facebook.com\/museemccordstewart\",\"https:\/\/twitter.com\/MuseeMcCordStew\",\"https:\/\/instagram.com\/museemccordstewart\",\"https:\/\/www.linkedin.com\/company\/museemccordstewart\/\",\"https:\/\/www.pinterest.com\/museemccordstewart\/\",\"https:\/\/www.youtube.com\/c\/MuseeMcCordStewartMuseum\"]}]}<\/script>\n<!-- \/ Yoast SEO Premium plugin. -->","yoast_head_json":{"title":"Colloques et symposiums - Mus\u00e9e McCord Stewart","description":"Apprenez-en plus sur toutes nos conf\u00e9rences, colloques et symposiums pass\u00e9s et futurs, comme Les d\u00e9couvertes du Mus\u00e9e McCord Stewart.","robots":{"index":"index","follow":"follow","max-snippet":"max-snippet:-1","max-image-preview":"max-image-preview:large","max-video-preview":"max-video-preview:-1"},"canonical":"https:\/\/www.musee-mccord-stewart.ca\/fr\/collections\/colloques-et-symposiums\/","og_locale":"fr_FR","og_type":"article","og_title":"Colloques et symposiums","og_description":"Apprenez-en plus sur toutes nos conf\u00e9rences, colloques et symposiums pass\u00e9s et futurs, comme Les d\u00e9couvertes du Mus\u00e9e McCord Stewart.","og_url":"https:\/\/www.musee-mccord-stewart.ca\/fr\/collections\/colloques-et-symposiums\/","og_site_name":"Mus\u00e9e McCord Stewart","article_publisher":"https:\/\/www.facebook.com\/museemccordstewart","article_modified_time":"2025-09-05T20:50:35+00:00","og_image":[{"width":640,"height":375,"url":"https:\/\/www.musee-mccord-stewart.ca\/app\/uploads\/2024\/03\/mccord-stewart_activite_decouverte-conferences_assistance_640x375.jpg","type":"image\/jpeg"}],"twitter_card":"summary_large_image","twitter_description":"Apprenez-en plus sur toutes nos conf\u00e9rences, colloques et symposiums pass\u00e9s et futurs, comme Les d\u00e9couvertes du Mus\u00e9e McCord Stewart.","twitter_site":"@MuseeMcCordStew","twitter_misc":{"Dur\u00e9e de lecture estim\u00e9e":"2 minutes"},"schema":{"@context":"https:\/\/schema.org","@graph":[{"@type":"WebPage","@id":"https:\/\/www.musee-mccord-stewart.ca\/fr\/collections\/colloques-et-symposiums\/","url":"https:\/\/www.musee-mccord-stewart.ca\/fr\/collections\/colloques-et-symposiums\/","name":"Colloques et symposiums - Mus\u00e9e McCord Stewart","isPartOf":{"@id":"https:\/\/www.musee-mccord-stewart.ca\/fr\/#website"},"datePublished":"2015-04-21T16:15:32+00:00","dateModified":"2025-09-05T20:50:35+00:00","description":"Apprenez-en plus sur toutes nos conf\u00e9rences, colloques et symposiums pass\u00e9s et futurs, comme Les d\u00e9couvertes du Mus\u00e9e McCord Stewart.","breadcrumb":{"@id":"https:\/\/www.musee-mccord-stewart.ca\/fr\/collections\/colloques-et-symposiums\/#breadcrumb"},"inLanguage":"fr-FR","potentialAction":[{"@type":"ReadAction","target":["https:\/\/www.musee-mccord-stewart.ca\/fr\/collections\/colloques-et-symposiums\/"]}]},{"@type":"BreadcrumbList","@id":"https:\/\/www.musee-mccord-stewart.ca\/fr\/collections\/colloques-et-symposiums\/#breadcrumb","itemListElement":[{"@type":"ListItem","position":1,"name":"Accueil","item":"https:\/\/www.musee-mccord-stewart.ca\/fr\/"},{"@type":"ListItem","position":2,"name":"Collections","item":"https:\/\/www.musee-mccord-stewart.ca\/fr\/collections\/"},{"@type":"ListItem","position":3,"name":"Colloques et symposiums"}]},{"@type":"WebSite","@id":"https:\/\/www.musee-mccord-stewart.ca\/fr\/#website","url":"https:\/\/www.musee-mccord-stewart.ca\/fr\/","name":"Mus\u00e9e McCord Stewart","description":"Notre monde, nos histoires","publisher":{"@id":"https:\/\/www.musee-mccord-stewart.ca\/fr\/#organization"},"alternateName":"MCS","potentialAction":[{"@type":"SearchAction","target":{"@type":"EntryPoint","urlTemplate":"https:\/\/www.musee-mccord-stewart.ca\/fr\/?s={search_term_string}"},"query-input":"required name=search_term_string"}],"inLanguage":"fr-FR"},{"@type":"Organization","@id":"https:\/\/www.musee-mccord-stewart.ca\/fr\/#organization","name":"McCord Stewart Museum","alternateName":"MCS","url":"https:\/\/www.musee-mccord-stewart.ca\/fr\/","logo":{"@type":"ImageObject","inLanguage":"fr-FR","@id":"https:\/\/www.musee-mccord-stewart.ca\/fr\/#\/schema\/logo\/image\/","url":"https:\/\/www.musee-mccord-stewart.ca\/app\/uploads\/2023\/05\/logo_museemccordstewart_horizontal_noir_slogan.svg","contentUrl":"https:\/\/www.musee-mccord-stewart.ca\/app\/uploads\/2023\/05\/logo_museemccordstewart_horizontal_noir_slogan.svg","width":1,"height":1,"caption":"McCord Stewart Museum"},"image":{"@id":"https:\/\/www.musee-mccord-stewart.ca\/fr\/#\/schema\/logo\/image\/"},"sameAs":["https:\/\/www.facebook.com\/museemccordstewart","https:\/\/twitter.com\/MuseeMcCordStew","https:\/\/instagram.com\/museemccordstewart","https:\/\/www.linkedin.com\/company\/museemccordstewart\/","https:\/\/www.pinterest.com\/museemccordstewart\/","https:\/\/www.youtube.com\/c\/MuseeMcCordStewartMuseum"]}]}},"_links":{"self":[{"href":"https:\/\/www.musee-mccord-stewart.ca\/fr\/wp-json\/wp\/v2\/pages\/1475"}],"collection":[{"href":"https:\/\/www.musee-mccord-stewart.ca\/fr\/wp-json\/wp\/v2\/pages"}],"about":[{"href":"https:\/\/www.musee-mccord-stewart.ca\/fr\/wp-json\/wp\/v2\/types\/page"}],"author":[{"embeddable":true,"href":"https:\/\/www.musee-mccord-stewart.ca\/fr\/wp-json\/wp\/v2\/users\/1"}],"replies":[{"embeddable":true,"href":"https:\/\/www.musee-mccord-stewart.ca\/fr\/wp-json\/wp\/v2\/comments?post=1475"}],"version-history":[{"count":0,"href":"https:\/\/www.musee-mccord-stewart.ca\/fr\/wp-json\/wp\/v2\/pages\/1475\/revisions"}],"up":[{"embeddable":true,"href":"https:\/\/www.musee-mccord-stewart.ca\/fr\/wp-json\/wp\/v2\/pages\/39985"}],"wp:attachment":[{"href":"https:\/\/www.musee-mccord-stewart.ca\/fr\/wp-json\/wp\/v2\/media?parent=1475"}],"wp:term":[{"taxonomy":"category","embeddable":true,"href":"https:\/\/www.musee-mccord-stewart.ca\/fr\/wp-json\/wp\/v2\/categories?post=1475"},{"taxonomy":"post_tag","embeddable":true,"href":"https:\/\/www.musee-mccord-stewart.ca\/fr\/wp-json\/wp\/v2\/tags?post=1475"}],"curies":[{"name":"wp","href":"https:\/\/api.w.org\/{rel}","templated":true}]}}