{"id":1472,"date":"2015-04-21T12:11:46","date_gmt":"2015-04-21T16:11:46","guid":{"rendered":"http:\/\/www.musee-mccord-stewart.ca\/?page_id=1472"},"modified":"2025-09-05T17:01:34","modified_gmt":"2025-09-05T21:01:34","slug":"dons-et-prets-objets","status":"publish","type":"page","link":"https:\/\/www.musee-mccord-stewart.ca\/fr\/collections\/dons-et-prets-objets\/","title":{"rendered":"Dons et pr\u00eats d&rsquo;objets"},"content":{"rendered":"<h3>Moratoire<\/h3>\n<p>Le Mus\u00e9e a pris la d\u00e9cision d\u2019\u00e9tablir un moratoire sur les nouvelles acquisitions pour une p\u00e9riode de 2 ans, <strong>en vigueur \u00e0 partir du 11 juin 2025<\/strong>.<\/p>\n<p>Cette p\u00e9riode de r\u00e9pit s\u2019av\u00e8re n\u00e9cessaire pour permettre \u00e0 l\u2019\u00e9quipe de r\u00e9viser ses politiques d\u2019acquisition et de gestion des collections, de r\u00e9am\u00e9nager ses espaces d\u2019entreposage et traiter l\u2019ensemble de ses fonds non catalogu\u00e9s. Si vous souhaitez faire don d\u2019objets ou de documents, veuillez nous contacter \u00e0 la fin du moratoire.<\/p>\n<p>Nous vous remercions pour votre compr\u00e9hension.<\/p>\n<h3>\u00c9valuations<\/h3>\n<p>\u00c0 la demande du donateur, le Mus\u00e9e d\u00e9livrera un re\u00e7u aux fins de l&rsquo;imp\u00f4t \u00e9quivalant \u00e0 la juste valeur marchande des objets donn\u00e9s. Lorsque la valeur d&rsquo;un objet est estim\u00e9e \u00e0 moins de 1 000 $, le personnel du Mus\u00e9e peut proc\u00e9der \u00e0 une \u00e9valuation sans frais pour le donateur. Dans le cas des objets estim\u00e9s \u00e0 plus de 1 000 $, l&rsquo;\u00e9valuation doit \u00eatre effectu\u00e9e par un expert ind\u00e9pendant. Les frais de cette \u00e9valuation devront \u00eatre assum\u00e9s par le donateur. Si vous songez \u00e0 faire un don, nous vous sugg\u00e9rons d&rsquo;en discuter avec un membre de notre personnel des collections qui vous guidera dans le processus et qui vous donnera toute l&rsquo;information n\u00e9cessaire au sujet des frais que cela pourrait entra\u00eener.<\/p>\n<p>Veuillez noter qu&rsquo;en vertu du Code de d\u00e9ontologie pour les mus\u00e9es du Conseil international des mus\u00e9es (ICOM), le personnel du Mus\u00e9e ne proc\u00e8de pas \u00e0 l&rsquo;estimation de la valeur mon\u00e9taire des objets du grand public, ni \u00e0 tout autre expertise. Nous vous invitons \u00e0 communiquer avec l&rsquo;<a href=\"http:\/\/www.ad-ac.ca\/\">Association des marchands d&rsquo;art du Canada<\/a> ou avec <a href=\"https:\/\/www.cadacanada.com\/\">L&rsquo;Association des Antiquaires du Canada<\/a>.<\/p>\n<h3>Pr\u00eats d&rsquo;objets<\/h3>\n<p>Conform\u00e9ment \u00e0 sa politique d\u2019accessibilit\u00e9 de sa collection, le Mus\u00e9e McCord Stewart autorise des pr\u00eats d\u2019objets \u00e0 d\u2019autres institutions mus\u00e9ales sous certaines conditions.<\/p>\n<p>Le Mus\u00e9e pr\u00eate g\u00e9n\u00e9ralement des objets lorsque les normes des demandeurs relatives \u00e0 l\u2019environnement et \u00e0 la s\u00e9curit\u00e9 garantissent leur exposition en toute s\u00fbret\u00e9.<\/p>\n<p>Vous avez des questions? Nous vous invitons \u00e0 consulter la Fiche d&rsquo;information.<br \/>\n<a class=\"cta\" title=\"\" href=\"https:\/\/www.musee-mccord-stewart.ca\/app\/uploads\/2024\/06\/mccord-stewart_info_demandeemprunt_20240529.pdf\" target=\"_blank\" rel=\"noopener\">Fiche d&rsquo;information<\/a><\/p>\n<h3>Renseignements<\/h3>\n<p><strong><a href=\"mailto:collections@mccord-stewart.ca\">collections@mccord-stewart.ca<br \/>\n<\/a><\/strong>514 861-6701, poste 1312<\/p>\n","protected":false},"excerpt":{"rendered":"<p>Moratoire Le Mus\u00e9e a pris la d\u00e9cision d\u2019\u00e9tablir un moratoire sur les nouvelles acquisitions pour une p\u00e9riode de 2 ans, en vigueur \u00e0 partir du 11 juin 2025. Cette p\u00e9riode de r\u00e9pit s\u2019av\u00e8re n\u00e9cessaire pour permettre \u00e0 l\u2019\u00e9quipe de r\u00e9viser ses politiques d\u2019acquisition et de gestion des collections, de r\u00e9am\u00e9nager ses espaces d\u2019entreposage et traiter [&hellip;]<\/p>\n","protected":false},"author":1,"featured_media":0,"parent":39985,"menu_order":0,"comment_status":"closed","ping_status":"closed","template":"page-templates\/page-texte.php","meta":{"footnotes":""},"categories":[],"tags":[],"acf":[],"yoast_head":"<!-- This site is optimized with the Yoast SEO Premium plugin v20.11 (Yoast SEO v20.11) - https:\/\/yoast.com\/wordpress\/plugins\/seo\/ -->\n<title>Dons et pr\u00eats d&#039;objets - Mus\u00e9e McCord Stewart<\/title>\n<meta name=\"description\" content=\"Vous d\u00e9sirez donner un objet, une photographie ou un document au Mus\u00e9e? Vous d\u00e9sirez faire une demande d&#039;emprunt?\" \/>\n<meta name=\"robots\" content=\"index, follow, max-snippet:-1, max-image-preview:large, max-video-preview:-1\" \/>\n<link rel=\"canonical\" href=\"https:\/\/www.musee-mccord-stewart.ca\/fr\/collections\/dons-et-prets-objets\/\" \/>\n<meta property=\"og:locale\" content=\"fr_FR\" \/>\n<meta property=\"og:type\" content=\"article\" \/>\n<meta property=\"og:title\" content=\"Dons et pr\u00eats d&#039;objets\" \/>\n<meta property=\"og:description\" content=\"Vous d\u00e9sirez donner un objet, une photographie ou un document au Mus\u00e9e? Vous d\u00e9sirez faire une demande d&#039;emprunt?\" \/>\n<meta property=\"og:url\" content=\"https:\/\/www.musee-mccord-stewart.ca\/fr\/collections\/dons-et-prets-objets\/\" \/>\n<meta property=\"og:site_name\" content=\"Mus\u00e9e McCord Stewart\" \/>\n<meta property=\"article:publisher\" content=\"https:\/\/www.facebook.com\/museemccordstewart\" \/>\n<meta property=\"article:modified_time\" content=\"2025-09-05T21:01:34+00:00\" \/>\n<meta property=\"og:image\" content=\"https:\/\/www.musee-mccord-stewart.ca\/app\/uploads\/2015\/06\/dons_pret_header.jpg\" \/>\n\t<meta property=\"og:image:width\" content=\"1320\" \/>\n\t<meta property=\"og:image:height\" content=\"480\" \/>\n\t<meta property=\"og:image:type\" content=\"image\/jpeg\" \/>\n<meta name=\"twitter:card\" content=\"summary_large_image\" \/>\n<meta name=\"twitter:description\" content=\"Vous d\u00e9sirez donner un objet, une photographie ou un document au Mus\u00e9e? Vous d\u00e9sirez faire une demande d&#039;emprunt?\" \/>\n<meta name=\"twitter:site\" content=\"@MuseeMcCordStew\" \/>\n<meta name=\"twitter:label1\" content=\"Dur\u00e9e de lecture estim\u00e9e\" \/>\n\t<meta name=\"twitter:data1\" content=\"2 minutes\" \/>\n<script type=\"application\/ld+json\" class=\"yoast-schema-graph\">{\"@context\":\"https:\/\/schema.org\",\"@graph\":[{\"@type\":\"WebPage\",\"@id\":\"https:\/\/www.musee-mccord-stewart.ca\/fr\/collections\/dons-et-prets-objets\/\",\"url\":\"https:\/\/www.musee-mccord-stewart.ca\/fr\/collections\/dons-et-prets-objets\/\",\"name\":\"Dons et pr\u00eats d'objets - Mus\u00e9e McCord Stewart\",\"isPartOf\":{\"@id\":\"https:\/\/www.musee-mccord-stewart.ca\/fr\/#website\"},\"datePublished\":\"2015-04-21T16:11:46+00:00\",\"dateModified\":\"2025-09-05T21:01:34+00:00\",\"description\":\"Vous d\u00e9sirez donner un objet, une photographie ou un document au Mus\u00e9e? Vous d\u00e9sirez faire une demande d'emprunt?\",\"breadcrumb\":{\"@id\":\"https:\/\/www.musee-mccord-stewart.ca\/fr\/collections\/dons-et-prets-objets\/#breadcrumb\"},\"inLanguage\":\"fr-FR\",\"potentialAction\":[{\"@type\":\"ReadAction\",\"target\":[\"https:\/\/www.musee-mccord-stewart.ca\/fr\/collections\/dons-et-prets-objets\/\"]}]},{\"@type\":\"BreadcrumbList\",\"@id\":\"https:\/\/www.musee-mccord-stewart.ca\/fr\/collections\/dons-et-prets-objets\/#breadcrumb\",\"itemListElement\":[{\"@type\":\"ListItem\",\"position\":1,\"name\":\"Accueil\",\"item\":\"https:\/\/www.musee-mccord-stewart.ca\/fr\/\"},{\"@type\":\"ListItem\",\"position\":2,\"name\":\"Collections\",\"item\":\"https:\/\/www.musee-mccord-stewart.ca\/fr\/collections\/\"},{\"@type\":\"ListItem\",\"position\":3,\"name\":\"Dons et pr\u00eats d&rsquo;objets\"}]},{\"@type\":\"WebSite\",\"@id\":\"https:\/\/www.musee-mccord-stewart.ca\/fr\/#website\",\"url\":\"https:\/\/www.musee-mccord-stewart.ca\/fr\/\",\"name\":\"Mus\u00e9e McCord Stewart\",\"description\":\"Notre monde, nos histoires\",\"publisher\":{\"@id\":\"https:\/\/www.musee-mccord-stewart.ca\/fr\/#organization\"},\"alternateName\":\"MCS\",\"potentialAction\":[{\"@type\":\"SearchAction\",\"target\":{\"@type\":\"EntryPoint\",\"urlTemplate\":\"https:\/\/www.musee-mccord-stewart.ca\/fr\/?s={search_term_string}\"},\"query-input\":\"required name=search_term_string\"}],\"inLanguage\":\"fr-FR\"},{\"@type\":\"Organization\",\"@id\":\"https:\/\/www.musee-mccord-stewart.ca\/fr\/#organization\",\"name\":\"McCord Stewart Museum\",\"alternateName\":\"MCS\",\"url\":\"https:\/\/www.musee-mccord-stewart.ca\/fr\/\",\"logo\":{\"@type\":\"ImageObject\",\"inLanguage\":\"fr-FR\",\"@id\":\"https:\/\/www.musee-mccord-stewart.ca\/fr\/#\/schema\/logo\/image\/\",\"url\":\"https:\/\/www.musee-mccord-stewart.ca\/app\/uploads\/2023\/05\/logo_museemccordstewart_horizontal_noir_slogan.svg\",\"contentUrl\":\"https:\/\/www.musee-mccord-stewart.ca\/app\/uploads\/2023\/05\/logo_museemccordstewart_horizontal_noir_slogan.svg\",\"width\":1,\"height\":1,\"caption\":\"McCord Stewart Museum\"},\"image\":{\"@id\":\"https:\/\/www.musee-mccord-stewart.ca\/fr\/#\/schema\/logo\/image\/\"},\"sameAs\":[\"https:\/\/www.facebook.com\/museemccordstewart\",\"https:\/\/twitter.com\/MuseeMcCordStew\",\"https:\/\/instagram.com\/museemccordstewart\",\"https:\/\/www.linkedin.com\/company\/museemccordstewart\/\",\"https:\/\/www.pinterest.com\/museemccordstewart\/\",\"https:\/\/www.youtube.com\/c\/MuseeMcCordStewartMuseum\"]}]}<\/script>\n<!-- \/ Yoast SEO Premium plugin. -->","yoast_head_json":{"title":"Dons et pr\u00eats d'objets - Mus\u00e9e McCord Stewart","description":"Vous d\u00e9sirez donner un objet, une photographie ou un document au Mus\u00e9e? Vous d\u00e9sirez faire une demande d'emprunt?","robots":{"index":"index","follow":"follow","max-snippet":"max-snippet:-1","max-image-preview":"max-image-preview:large","max-video-preview":"max-video-preview:-1"},"canonical":"https:\/\/www.musee-mccord-stewart.ca\/fr\/collections\/dons-et-prets-objets\/","og_locale":"fr_FR","og_type":"article","og_title":"Dons et pr\u00eats d'objets","og_description":"Vous d\u00e9sirez donner un objet, une photographie ou un document au Mus\u00e9e? Vous d\u00e9sirez faire une demande d'emprunt?","og_url":"https:\/\/www.musee-mccord-stewart.ca\/fr\/collections\/dons-et-prets-objets\/","og_site_name":"Mus\u00e9e McCord Stewart","article_publisher":"https:\/\/www.facebook.com\/museemccordstewart","article_modified_time":"2025-09-05T21:01:34+00:00","og_image":[{"width":1320,"height":480,"url":"https:\/\/www.musee-mccord-stewart.ca\/app\/uploads\/2015\/06\/dons_pret_header.jpg","type":"image\/jpeg"}],"twitter_card":"summary_large_image","twitter_description":"Vous d\u00e9sirez donner un objet, une photographie ou un document au Mus\u00e9e? Vous d\u00e9sirez faire une demande d'emprunt?","twitter_site":"@MuseeMcCordStew","twitter_misc":{"Dur\u00e9e de lecture estim\u00e9e":"2 minutes"},"schema":{"@context":"https:\/\/schema.org","@graph":[{"@type":"WebPage","@id":"https:\/\/www.musee-mccord-stewart.ca\/fr\/collections\/dons-et-prets-objets\/","url":"https:\/\/www.musee-mccord-stewart.ca\/fr\/collections\/dons-et-prets-objets\/","name":"Dons et pr\u00eats d'objets - Mus\u00e9e McCord Stewart","isPartOf":{"@id":"https:\/\/www.musee-mccord-stewart.ca\/fr\/#website"},"datePublished":"2015-04-21T16:11:46+00:00","dateModified":"2025-09-05T21:01:34+00:00","description":"Vous d\u00e9sirez donner un objet, une photographie ou un document au Mus\u00e9e? Vous d\u00e9sirez faire une demande d'emprunt?","breadcrumb":{"@id":"https:\/\/www.musee-mccord-stewart.ca\/fr\/collections\/dons-et-prets-objets\/#breadcrumb"},"inLanguage":"fr-FR","potentialAction":[{"@type":"ReadAction","target":["https:\/\/www.musee-mccord-stewart.ca\/fr\/collections\/dons-et-prets-objets\/"]}]},{"@type":"BreadcrumbList","@id":"https:\/\/www.musee-mccord-stewart.ca\/fr\/collections\/dons-et-prets-objets\/#breadcrumb","itemListElement":[{"@type":"ListItem","position":1,"name":"Accueil","item":"https:\/\/www.musee-mccord-stewart.ca\/fr\/"},{"@type":"ListItem","position":2,"name":"Collections","item":"https:\/\/www.musee-mccord-stewart.ca\/fr\/collections\/"},{"@type":"ListItem","position":3,"name":"Dons et pr\u00eats d&rsquo;objets"}]},{"@type":"WebSite","@id":"https:\/\/www.musee-mccord-stewart.ca\/fr\/#website","url":"https:\/\/www.musee-mccord-stewart.ca\/fr\/","name":"Mus\u00e9e McCord Stewart","description":"Notre monde, nos histoires","publisher":{"@id":"https:\/\/www.musee-mccord-stewart.ca\/fr\/#organization"},"alternateName":"MCS","potentialAction":[{"@type":"SearchAction","target":{"@type":"EntryPoint","urlTemplate":"https:\/\/www.musee-mccord-stewart.ca\/fr\/?s={search_term_string}"},"query-input":"required name=search_term_string"}],"inLanguage":"fr-FR"},{"@type":"Organization","@id":"https:\/\/www.musee-mccord-stewart.ca\/fr\/#organization","name":"McCord Stewart Museum","alternateName":"MCS","url":"https:\/\/www.musee-mccord-stewart.ca\/fr\/","logo":{"@type":"ImageObject","inLanguage":"fr-FR","@id":"https:\/\/www.musee-mccord-stewart.ca\/fr\/#\/schema\/logo\/image\/","url":"https:\/\/www.musee-mccord-stewart.ca\/app\/uploads\/2023\/05\/logo_museemccordstewart_horizontal_noir_slogan.svg","contentUrl":"https:\/\/www.musee-mccord-stewart.ca\/app\/uploads\/2023\/05\/logo_museemccordstewart_horizontal_noir_slogan.svg","width":1,"height":1,"caption":"McCord Stewart Museum"},"image":{"@id":"https:\/\/www.musee-mccord-stewart.ca\/fr\/#\/schema\/logo\/image\/"},"sameAs":["https:\/\/www.facebook.com\/museemccordstewart","https:\/\/twitter.com\/MuseeMcCordStew","https:\/\/instagram.com\/museemccordstewart","https:\/\/www.linkedin.com\/company\/museemccordstewart\/","https:\/\/www.pinterest.com\/museemccordstewart\/","https:\/\/www.youtube.com\/c\/MuseeMcCordStewartMuseum"]}]}},"_links":{"self":[{"href":"https:\/\/www.musee-mccord-stewart.ca\/fr\/wp-json\/wp\/v2\/pages\/1472"}],"collection":[{"href":"https:\/\/www.musee-mccord-stewart.ca\/fr\/wp-json\/wp\/v2\/pages"}],"about":[{"href":"https:\/\/www.musee-mccord-stewart.ca\/fr\/wp-json\/wp\/v2\/types\/page"}],"author":[{"embeddable":true,"href":"https:\/\/www.musee-mccord-stewart.ca\/fr\/wp-json\/wp\/v2\/users\/1"}],"replies":[{"embeddable":true,"href":"https:\/\/www.musee-mccord-stewart.ca\/fr\/wp-json\/wp\/v2\/comments?post=1472"}],"version-history":[{"count":0,"href":"https:\/\/www.musee-mccord-stewart.ca\/fr\/wp-json\/wp\/v2\/pages\/1472\/revisions"}],"up":[{"embeddable":true,"href":"https:\/\/www.musee-mccord-stewart.ca\/fr\/wp-json\/wp\/v2\/pages\/39985"}],"wp:attachment":[{"href":"https:\/\/www.musee-mccord-stewart.ca\/fr\/wp-json\/wp\/v2\/media?parent=1472"}],"wp:term":[{"taxonomy":"category","embeddable":true,"href":"https:\/\/www.musee-mccord-stewart.ca\/fr\/wp-json\/wp\/v2\/categories?post=1472"},{"taxonomy":"post_tag","embeddable":true,"href":"https:\/\/www.musee-mccord-stewart.ca\/fr\/wp-json\/wp\/v2\/tags?post=1472"}],"curies":[{"name":"wp","href":"https:\/\/api.w.org\/{rel}","templated":true}]}}