{"id":1467,"date":"2015-04-21T12:07:50","date_gmt":"2015-04-21T16:07:50","guid":{"rendered":"http:\/\/www.musee-mccord-stewart.ca\/?page_id=1467"},"modified":"2025-10-21T15:44:58","modified_gmt":"2025-10-21T19:44:58","slug":"services-photographiques-et-droits-auteur","status":"publish","type":"page","link":"https:\/\/www.musee-mccord-stewart.ca\/fr\/collections\/services-photographiques-et-droits-auteur\/","title":{"rendered":"Services photographiques et droits d\u2019auteur &#8211; FAQ"},"content":{"rendered":"<p>Le Mus\u00e9e McCord Stewart autorise <strong>la libre utilisation de toutes les images d\u2019archives et d\u2019objets r\u00e9put\u00e9es faire partie du domaine public<\/strong>, num\u00e9ris\u00e9es et accessibles en ligne. Ces images sont offertes gratuitement, et ce, sans restriction, selon les indications associ\u00e9es.<\/p>\n<p>Les collections en ligne regroupent plus de 185 000 objets, photographies et documents d\u2019archives. <strong>Pr\u00e8s de 155 000 images libres de droits sont t\u00e9l\u00e9chargeables dans la plus haute r\u00e9solution disponible<\/strong>.<\/p>\n<p><a href=\"https:\/\/collections.musee-mccord-stewart.ca\/fr\/collections\/\"><img loading=\"lazy\" decoding=\"async\" class=\"alignnone wp-image-40674 size-full\" src=\"http:\/\/www.musee-mccord-stewart.ca\/app\/uploads\/2022\/05\/mccord_collections_800x300_fr.jpg\" alt=\"\" width=\"800\" height=\"300\" srcset=\"https:\/\/www.musee-mccord-stewart.ca\/app\/uploads\/2022\/05\/mccord_collections_800x300_fr.jpg 800w, https:\/\/www.musee-mccord-stewart.ca\/app\/uploads\/2022\/05\/mccord_collections_800x300_fr-300x113.jpg 300w, https:\/\/www.musee-mccord-stewart.ca\/app\/uploads\/2022\/05\/mccord_collections_800x300_fr-768x288.jpg 768w\" sizes=\"(max-width: 800px) 100vw, 800px\" \/><\/a><\/p>\n<p><iframe loading=\"lazy\" title=\"YouTube video player\" src=\"\/\/www.youtube.com\/embed\/BID35effppY\" width=\"560\" height=\"315\" frameborder=\"0\" allowfullscreen=\"allowfullscreen\"><\/iframe><\/p>\n<h3>Demande d&rsquo;utilisation ou de num\u00e9risation<\/h3>\n<p>Il est possible de faire une demande d\u2019utilisation ou de num\u00e9risation des images d\u2019objets et de documents d\u2019archives encore sous la protection du droit d\u2019auteur. Toute demande d\u2019utilisation ou de num\u00e9risation doit \u00eatre soumise \u00e0 l\u2019aide du formulaire. Pour plus de renseignements, contactez <a href=\"mailto:photo@mccord-stewart.ca\">photo@mccord-stewart.ca<\/a>.<br \/>\n<a class=\"cta\" title=\"\" href=\"https:\/\/forms.office.com\/Pages\/ResponsePage.aspx?id=xybczXGqTkCnCbqmW8WrTk2tnK-f-3VJned4i1IlH99UREdSVUI0MllTM0VXUjVHVFEyWkVaODVPNi4u\">Remplir le formulaire<i class=\"arrow-right-thickicon-\"><\/i><\/a><\/p>\n","protected":false},"excerpt":{"rendered":"<p>Le Mus\u00e9e McCord Stewart autorise la libre utilisation de toutes les images d\u2019archives et d\u2019objets r\u00e9put\u00e9es faire partie du domaine public, num\u00e9ris\u00e9es et accessibles en ligne. Ces images sont offertes gratuitement, et ce, sans restriction, selon les indications associ\u00e9es. Les collections en ligne regroupent plus de 185 000 objets, photographies et documents d\u2019archives. Pr\u00e8s de [&hellip;]<\/p>\n","protected":false},"author":1,"featured_media":0,"parent":39985,"menu_order":0,"comment_status":"closed","ping_status":"closed","template":"page-templates\/page-texte.php","meta":{"footnotes":""},"categories":[],"tags":[],"acf":[],"yoast_head":"<!-- This site is optimized with the Yoast SEO Premium plugin v20.11 (Yoast SEO v20.11) - https:\/\/yoast.com\/wordpress\/plugins\/seo\/ -->\n<title>Services photographiques et droits d\u2019auteur - FAQ - Mus\u00e9e McCord Stewart<\/title>\n<meta name=\"description\" content=\"Les collections en ligne du Mus\u00e9e McCord Stewart regroupent plus de 185 000 objets, photographies et documents d\u2019archives.\" \/>\n<meta name=\"robots\" content=\"index, follow, max-snippet:-1, max-image-preview:large, max-video-preview:-1\" \/>\n<link rel=\"canonical\" href=\"https:\/\/www.musee-mccord-stewart.ca\/fr\/collections\/services-photographiques-et-droits-auteur\/\" \/>\n<meta property=\"og:locale\" content=\"fr_FR\" \/>\n<meta property=\"og:type\" content=\"article\" \/>\n<meta property=\"og:title\" content=\"Services photographiques et droits d\u2019auteur - FAQ\" \/>\n<meta property=\"og:description\" content=\"Les collections en ligne du Mus\u00e9e McCord Stewart regroupent plus de 185 000 objets, photographies et documents d\u2019archives.\" \/>\n<meta property=\"og:url\" content=\"https:\/\/www.musee-mccord-stewart.ca\/fr\/collections\/services-photographiques-et-droits-auteur\/\" \/>\n<meta property=\"og:site_name\" content=\"Mus\u00e9e McCord Stewart\" \/>\n<meta property=\"article:publisher\" content=\"https:\/\/www.facebook.com\/museemccordstewart\" \/>\n<meta property=\"article:modified_time\" content=\"2025-10-21T19:44:58+00:00\" \/>\n<meta property=\"og:image\" content=\"https:\/\/www.musee-mccord-stewart.ca\/app\/uploads\/2024\/01\/service-photographique_507x908.jpg\" \/>\n\t<meta property=\"og:image:width\" content=\"908\" \/>\n\t<meta property=\"og:image:height\" content=\"507\" \/>\n\t<meta property=\"og:image:type\" content=\"image\/jpeg\" \/>\n<meta name=\"twitter:card\" content=\"summary_large_image\" \/>\n<meta name=\"twitter:description\" content=\"Les collections en ligne du Mus\u00e9e McCord Stewart regroupent plus de 140 000 objets, photographies et documents d\u2019archives.\" \/>\n<meta name=\"twitter:site\" content=\"@MuseeMcCordStew\" \/>\n<meta name=\"twitter:label1\" content=\"Dur\u00e9e de lecture estim\u00e9e\" \/>\n\t<meta name=\"twitter:data1\" content=\"1 minute\" \/>\n<script type=\"application\/ld+json\" class=\"yoast-schema-graph\">{\"@context\":\"https:\/\/schema.org\",\"@graph\":[{\"@type\":\"WebPage\",\"@id\":\"https:\/\/www.musee-mccord-stewart.ca\/fr\/collections\/services-photographiques-et-droits-auteur\/\",\"url\":\"https:\/\/www.musee-mccord-stewart.ca\/fr\/collections\/services-photographiques-et-droits-auteur\/\",\"name\":\"Services photographiques et droits d\u2019auteur - FAQ - Mus\u00e9e McCord Stewart\",\"isPartOf\":{\"@id\":\"https:\/\/www.musee-mccord-stewart.ca\/fr\/#website\"},\"datePublished\":\"2015-04-21T16:07:50+00:00\",\"dateModified\":\"2025-10-21T19:44:58+00:00\",\"description\":\"Les collections en ligne du Mus\u00e9e McCord Stewart regroupent plus de 185 000 objets, photographies et documents d\u2019archives.\",\"breadcrumb\":{\"@id\":\"https:\/\/www.musee-mccord-stewart.ca\/fr\/collections\/services-photographiques-et-droits-auteur\/#breadcrumb\"},\"inLanguage\":\"fr-FR\",\"potentialAction\":[{\"@type\":\"ReadAction\",\"target\":[\"https:\/\/www.musee-mccord-stewart.ca\/fr\/collections\/services-photographiques-et-droits-auteur\/\"]}]},{\"@type\":\"BreadcrumbList\",\"@id\":\"https:\/\/www.musee-mccord-stewart.ca\/fr\/collections\/services-photographiques-et-droits-auteur\/#breadcrumb\",\"itemListElement\":[{\"@type\":\"ListItem\",\"position\":1,\"name\":\"Accueil\",\"item\":\"https:\/\/www.musee-mccord-stewart.ca\/fr\/\"},{\"@type\":\"ListItem\",\"position\":2,\"name\":\"Collections\",\"item\":\"https:\/\/www.musee-mccord-stewart.ca\/fr\/collections\/\"},{\"@type\":\"ListItem\",\"position\":3,\"name\":\"Services photographiques et droits d\u2019auteur &#8211; FAQ\"}]},{\"@type\":\"WebSite\",\"@id\":\"https:\/\/www.musee-mccord-stewart.ca\/fr\/#website\",\"url\":\"https:\/\/www.musee-mccord-stewart.ca\/fr\/\",\"name\":\"Mus\u00e9e McCord Stewart\",\"description\":\"Notre monde, nos histoires\",\"publisher\":{\"@id\":\"https:\/\/www.musee-mccord-stewart.ca\/fr\/#organization\"},\"alternateName\":\"MCS\",\"potentialAction\":[{\"@type\":\"SearchAction\",\"target\":{\"@type\":\"EntryPoint\",\"urlTemplate\":\"https:\/\/www.musee-mccord-stewart.ca\/fr\/?s={search_term_string}\"},\"query-input\":\"required name=search_term_string\"}],\"inLanguage\":\"fr-FR\"},{\"@type\":\"Organization\",\"@id\":\"https:\/\/www.musee-mccord-stewart.ca\/fr\/#organization\",\"name\":\"McCord Stewart Museum\",\"alternateName\":\"MCS\",\"url\":\"https:\/\/www.musee-mccord-stewart.ca\/fr\/\",\"logo\":{\"@type\":\"ImageObject\",\"inLanguage\":\"fr-FR\",\"@id\":\"https:\/\/www.musee-mccord-stewart.ca\/fr\/#\/schema\/logo\/image\/\",\"url\":\"https:\/\/www.musee-mccord-stewart.ca\/app\/uploads\/2023\/05\/logo_museemccordstewart_horizontal_noir_slogan.svg\",\"contentUrl\":\"https:\/\/www.musee-mccord-stewart.ca\/app\/uploads\/2023\/05\/logo_museemccordstewart_horizontal_noir_slogan.svg\",\"width\":1,\"height\":1,\"caption\":\"McCord Stewart Museum\"},\"image\":{\"@id\":\"https:\/\/www.musee-mccord-stewart.ca\/fr\/#\/schema\/logo\/image\/\"},\"sameAs\":[\"https:\/\/www.facebook.com\/museemccordstewart\",\"https:\/\/twitter.com\/MuseeMcCordStew\",\"https:\/\/instagram.com\/museemccordstewart\",\"https:\/\/www.linkedin.com\/company\/museemccordstewart\/\",\"https:\/\/www.pinterest.com\/museemccordstewart\/\",\"https:\/\/www.youtube.com\/c\/MuseeMcCordStewartMuseum\"]}]}<\/script>\n<!-- \/ Yoast SEO Premium plugin. -->","yoast_head_json":{"title":"Services photographiques et droits d\u2019auteur - FAQ - Mus\u00e9e McCord Stewart","description":"Les collections en ligne du Mus\u00e9e McCord Stewart regroupent plus de 185 000 objets, photographies et documents d\u2019archives.","robots":{"index":"index","follow":"follow","max-snippet":"max-snippet:-1","max-image-preview":"max-image-preview:large","max-video-preview":"max-video-preview:-1"},"canonical":"https:\/\/www.musee-mccord-stewart.ca\/fr\/collections\/services-photographiques-et-droits-auteur\/","og_locale":"fr_FR","og_type":"article","og_title":"Services photographiques et droits d\u2019auteur - FAQ","og_description":"Les collections en ligne du Mus\u00e9e McCord Stewart regroupent plus de 185 000 objets, photographies et documents d\u2019archives.","og_url":"https:\/\/www.musee-mccord-stewart.ca\/fr\/collections\/services-photographiques-et-droits-auteur\/","og_site_name":"Mus\u00e9e McCord Stewart","article_publisher":"https:\/\/www.facebook.com\/museemccordstewart","article_modified_time":"2025-10-21T19:44:58+00:00","og_image":[{"width":908,"height":507,"url":"https:\/\/www.musee-mccord-stewart.ca\/app\/uploads\/2024\/01\/service-photographique_507x908.jpg","type":"image\/jpeg"}],"twitter_card":"summary_large_image","twitter_description":"Les collections en ligne du Mus\u00e9e McCord Stewart regroupent plus de 140 000 objets, photographies et documents d\u2019archives.","twitter_site":"@MuseeMcCordStew","twitter_misc":{"Dur\u00e9e de lecture estim\u00e9e":"1 minute"},"schema":{"@context":"https:\/\/schema.org","@graph":[{"@type":"WebPage","@id":"https:\/\/www.musee-mccord-stewart.ca\/fr\/collections\/services-photographiques-et-droits-auteur\/","url":"https:\/\/www.musee-mccord-stewart.ca\/fr\/collections\/services-photographiques-et-droits-auteur\/","name":"Services photographiques et droits d\u2019auteur - FAQ - Mus\u00e9e McCord Stewart","isPartOf":{"@id":"https:\/\/www.musee-mccord-stewart.ca\/fr\/#website"},"datePublished":"2015-04-21T16:07:50+00:00","dateModified":"2025-10-21T19:44:58+00:00","description":"Les collections en ligne du Mus\u00e9e McCord Stewart regroupent plus de 185 000 objets, photographies et documents d\u2019archives.","breadcrumb":{"@id":"https:\/\/www.musee-mccord-stewart.ca\/fr\/collections\/services-photographiques-et-droits-auteur\/#breadcrumb"},"inLanguage":"fr-FR","potentialAction":[{"@type":"ReadAction","target":["https:\/\/www.musee-mccord-stewart.ca\/fr\/collections\/services-photographiques-et-droits-auteur\/"]}]},{"@type":"BreadcrumbList","@id":"https:\/\/www.musee-mccord-stewart.ca\/fr\/collections\/services-photographiques-et-droits-auteur\/#breadcrumb","itemListElement":[{"@type":"ListItem","position":1,"name":"Accueil","item":"https:\/\/www.musee-mccord-stewart.ca\/fr\/"},{"@type":"ListItem","position":2,"name":"Collections","item":"https:\/\/www.musee-mccord-stewart.ca\/fr\/collections\/"},{"@type":"ListItem","position":3,"name":"Services photographiques et droits d\u2019auteur &#8211; FAQ"}]},{"@type":"WebSite","@id":"https:\/\/www.musee-mccord-stewart.ca\/fr\/#website","url":"https:\/\/www.musee-mccord-stewart.ca\/fr\/","name":"Mus\u00e9e McCord Stewart","description":"Notre monde, nos histoires","publisher":{"@id":"https:\/\/www.musee-mccord-stewart.ca\/fr\/#organization"},"alternateName":"MCS","potentialAction":[{"@type":"SearchAction","target":{"@type":"EntryPoint","urlTemplate":"https:\/\/www.musee-mccord-stewart.ca\/fr\/?s={search_term_string}"},"query-input":"required name=search_term_string"}],"inLanguage":"fr-FR"},{"@type":"Organization","@id":"https:\/\/www.musee-mccord-stewart.ca\/fr\/#organization","name":"McCord Stewart Museum","alternateName":"MCS","url":"https:\/\/www.musee-mccord-stewart.ca\/fr\/","logo":{"@type":"ImageObject","inLanguage":"fr-FR","@id":"https:\/\/www.musee-mccord-stewart.ca\/fr\/#\/schema\/logo\/image\/","url":"https:\/\/www.musee-mccord-stewart.ca\/app\/uploads\/2023\/05\/logo_museemccordstewart_horizontal_noir_slogan.svg","contentUrl":"https:\/\/www.musee-mccord-stewart.ca\/app\/uploads\/2023\/05\/logo_museemccordstewart_horizontal_noir_slogan.svg","width":1,"height":1,"caption":"McCord Stewart Museum"},"image":{"@id":"https:\/\/www.musee-mccord-stewart.ca\/fr\/#\/schema\/logo\/image\/"},"sameAs":["https:\/\/www.facebook.com\/museemccordstewart","https:\/\/twitter.com\/MuseeMcCordStew","https:\/\/instagram.com\/museemccordstewart","https:\/\/www.linkedin.com\/company\/museemccordstewart\/","https:\/\/www.pinterest.com\/museemccordstewart\/","https:\/\/www.youtube.com\/c\/MuseeMcCordStewartMuseum"]}]}},"_links":{"self":[{"href":"https:\/\/www.musee-mccord-stewart.ca\/fr\/wp-json\/wp\/v2\/pages\/1467"}],"collection":[{"href":"https:\/\/www.musee-mccord-stewart.ca\/fr\/wp-json\/wp\/v2\/pages"}],"about":[{"href":"https:\/\/www.musee-mccord-stewart.ca\/fr\/wp-json\/wp\/v2\/types\/page"}],"author":[{"embeddable":true,"href":"https:\/\/www.musee-mccord-stewart.ca\/fr\/wp-json\/wp\/v2\/users\/1"}],"replies":[{"embeddable":true,"href":"https:\/\/www.musee-mccord-stewart.ca\/fr\/wp-json\/wp\/v2\/comments?post=1467"}],"version-history":[{"count":0,"href":"https:\/\/www.musee-mccord-stewart.ca\/fr\/wp-json\/wp\/v2\/pages\/1467\/revisions"}],"up":[{"embeddable":true,"href":"https:\/\/www.musee-mccord-stewart.ca\/fr\/wp-json\/wp\/v2\/pages\/39985"}],"wp:attachment":[{"href":"https:\/\/www.musee-mccord-stewart.ca\/fr\/wp-json\/wp\/v2\/media?parent=1467"}],"wp:term":[{"taxonomy":"category","embeddable":true,"href":"https:\/\/www.musee-mccord-stewart.ca\/fr\/wp-json\/wp\/v2\/categories?post=1467"},{"taxonomy":"post_tag","embeddable":true,"href":"https:\/\/www.musee-mccord-stewart.ca\/fr\/wp-json\/wp\/v2\/tags?post=1467"}],"curies":[{"name":"wp","href":"https:\/\/api.w.org\/{rel}","templated":true}]}}