{"id":1464,"date":"2015-04-21T12:04:00","date_gmt":"2015-04-21T16:04:00","guid":{"rendered":"http:\/\/www.musee-mccord-stewart.ca\/?page_id=1464"},"modified":"2026-03-20T10:29:17","modified_gmt":"2026-03-20T14:29:17","slug":"centre-archives-et-de-documentation","status":"publish","type":"page","link":"https:\/\/www.musee-mccord-stewart.ca\/fr\/collections\/centre-archives-et-de-documentation\/","title":{"rendered":"Centre d\u2019archives et de documentation"},"content":{"rendered":"<p>Les chercheurs peuvent avoir acc\u00e8s \u00e0 une partie des collections du Mus\u00e9e en consultant les <a href=\"https:\/\/collections.musee-mccord-stewart.ca\/fr\/collections\">Collections en ligne<\/a> ou notre catalogue informatis\u00e9 <em>The Museum System<\/em>, encore plus complet et disponible au Centre d&rsquo;archives et de documentation.<\/p>\n<p>Plus de 850 ensembles documentaires de la collection <a href=\"https:\/\/www.musee-mccord-stewart.ca\/fr\/collections\/archives\/\">Archives<\/a>, de m\u00eame que l\u2019importante collection <a href=\"https:\/\/www.musee-mccord-stewart.ca\/fr\/collections\/photographie\/\">Photographie<\/a>, sont \u00e0 la disposition du public. Le Centre d\u2019archives et de documentation offre \u00e9galement \u00e0 ses utilisateurs une biblioth\u00e8que de r\u00e9f\u00e9rence de <strong>9 000 ouvrages et p\u00e9riodiques sp\u00e9cialis\u00e9s<\/strong>, en plus des <strong>3 670 titres de la collection de livres rares<\/strong>.<br \/>\n<a class=\"cta\" title=\"\" href=\"https:\/\/www.musee-mccord-stewart.ca\/fr\/collections\/archives\/liste-principaux-fonds-collections\/\">Liste des principaux fonds et collections<i class=\"arrow-right-thickicon-\"><\/i><\/a><\/p>\n<h3>Prise de rendez-vous<\/h3>\n<p>Vous souhaitez prendre rendez-vous pour consulter la base de donn\u00e9es de nos collections, les collections Archives textuelles ou Photographie?<br \/>\nVous avez une question concernant l\u2019une de nos autres collections?<\/p>\n<p>Veuillez communiquer avec nous par courriel \u00e0 <a href=\"mailto:reference@mccord-stewart.ca\">reference@mccord-stewart.ca<\/a>.<\/p>\n<h3>Collections en ligne<\/h3>\n<p><a href=\"https:\/\/collections.musee-mccord-stewart.ca\/fr\/collections\/\"><img loading=\"lazy\" decoding=\"async\" class=\"alignnone wp-image-40674 size-full\" src=\"http:\/\/www.musee-mccord-stewart.ca\/app\/uploads\/2022\/05\/mccord_collections_800x300_fr.jpg\" alt=\"\" width=\"800\" height=\"300\" srcset=\"https:\/\/www.musee-mccord-stewart.ca\/app\/uploads\/2022\/05\/mccord_collections_800x300_fr.jpg 800w, https:\/\/www.musee-mccord-stewart.ca\/app\/uploads\/2022\/05\/mccord_collections_800x300_fr-300x113.jpg 300w, https:\/\/www.musee-mccord-stewart.ca\/app\/uploads\/2022\/05\/mccord_collections_800x300_fr-768x288.jpg 768w\" sizes=\"(max-width: 800px) 100vw, 800px\" \/><\/a><\/p>\n<p><iframe loading=\"lazy\" title=\"YouTube video player\" src=\"\/\/www.youtube.com\/embed\/BID35effppY\" width=\"560\" height=\"315\" frameborder=\"0\" allowfullscreen=\"allowfullscreen\"><\/iframe><\/p>\n<h3>R\u00e8gles \u00e0 l\u2019attention des usagers de la salle de consultation<\/h3>\n<p>Tous les usagers de la salle de consultation devront se conformer au <strong>R\u00e8gles \u00e0 l\u2019attention des usagers de la salle de consultation du Centre d&rsquo;archives et de documentation du Mus\u00e9e<\/strong>.<\/p>\n<p><a class=\"download\" href=\"https:\/\/www.musee-mccord-stewart.ca\/app\/uploads\/2026\/03\/regles_cad_20260313.pdf\"><strong>R\u00e8gles \u00e0 l\u2019attention des usagers de la salle de consultation<\/strong><\/a><\/p>\n<h3>Services photographiques et droits d&rsquo;auteur<\/h3>\n<p>Pour l\u2019utilisation d\u2019images provenant des collections du Mus\u00e9e, veuillez consulter la page<strong> <a href=\"http:\/\/www.musee-mccord-stewart.ca\/fr\/services-photographiques-et-droits-auteur\/\">Services photographiques et droits d\u2019auteur<\/a>.<\/strong><\/p>\n<h3>Heures d&rsquo;ouverture<\/h3>\n<p>Le Centre d&rsquo;archives et de documentation est ouvert, sur rendez-vous seulement, du <strong>mardi au jeudi de 9\u00a0h 30 \u00e0 17\u00a0h<\/strong>.<\/p>\n<h3>Renseignements<\/h3>\n<p><a title=\"\" href=\"mailto:reference@mccord-stewart.ca\">reference@mccord-stewart.ca<\/a><\/p>\n<p>Les <strong>membres de communaut\u00e9s autochtones<\/strong> qui souhaitent obtenir des informations sur les objets de la collection\u00a0<a title=\"Cultures autochtones\" href=\"https:\/\/www.musee-mccord-stewart.ca\/fr\/collections\/cultures-autochtones\/\">Cultures autochtones<\/a>\u00a0du Mus\u00e9e sont invit\u00e9s \u00e0 communiquer avec nous par courriel :\u00a0<a title=\"\" href=\"mailto:autochtones-indigenous@mccord-stewart.ca\">autochtones-indigenous@mccord-stewart.ca<\/a>.<\/p>\n<h3>Service d\u2019archives priv\u00e9es agr\u00e9\u00e9<\/h3>\n<p>Le Centre d\u2019archives et de documentation du Mus\u00e9e est un service d\u2019archives priv\u00e9es agr\u00e9\u00e9 par <a href=\"http:\/\/www.banq.qc.ca\/archives\/\">Biblioth\u00e8que et Archives nationales du Qu\u00e9bec <\/a>(BAnQ).<\/p>\n<p><img loading=\"lazy\" decoding=\"async\" class=\"alignnone wp-image-40419\" src=\"http:\/\/www.musee-mccord-stewart.ca\/app\/uploads\/2022\/03\/logo_sapa_noir.jpg\" alt=\"\" width=\"125\" height=\"125\" srcset=\"https:\/\/www.musee-mccord-stewart.ca\/app\/uploads\/2022\/03\/logo_sapa_noir.jpg 900w, https:\/\/www.musee-mccord-stewart.ca\/app\/uploads\/2022\/03\/logo_sapa_noir-300x300.jpg 300w, https:\/\/www.musee-mccord-stewart.ca\/app\/uploads\/2022\/03\/logo_sapa_noir-880x880.jpg 880w, https:\/\/www.musee-mccord-stewart.ca\/app\/uploads\/2022\/03\/logo_sapa_noir-150x150.jpg 150w, https:\/\/www.musee-mccord-stewart.ca\/app\/uploads\/2022\/03\/logo_sapa_noir-768x768.jpg 768w, https:\/\/www.musee-mccord-stewart.ca\/app\/uploads\/2022\/03\/logo_sapa_noir-800x800.jpg 800w\" sizes=\"(max-width: 125px) 100vw, 125px\" \/><\/p>\n","protected":false},"excerpt":{"rendered":"<p>Les chercheurs peuvent avoir acc\u00e8s \u00e0 une partie des collections du Mus\u00e9e en consultant les Collections en ligne ou notre catalogue informatis\u00e9 The Museum System, encore plus complet et disponible au Centre d&rsquo;archives et de documentation. Plus de 850 ensembles documentaires de la collection Archives, de m\u00eame que l\u2019importante collection Photographie, sont \u00e0 la disposition [&hellip;]<\/p>\n","protected":false},"author":1,"featured_media":0,"parent":39985,"menu_order":0,"comment_status":"closed","ping_status":"closed","template":"page-templates\/page-texte.php","meta":{"footnotes":""},"categories":[],"tags":[],"acf":[],"yoast_head":"<!-- This site is optimized with the Yoast SEO Premium plugin v20.11 (Yoast SEO v20.11) - https:\/\/yoast.com\/wordpress\/plugins\/seo\/ -->\n<title>Centre d\u2019archives et de documentation - Mus\u00e9e McCord Stewart<\/title>\n<meta name=\"description\" content=\"Consultez plus de 800 ensembles documentaires, l\u2019importante collection photographique, 9 000 ouvrages et p\u00e9riodiques sp\u00e9cialis\u00e9s, et 2 500 livres rares.\" \/>\n<meta name=\"robots\" content=\"index, follow, max-snippet:-1, max-image-preview:large, max-video-preview:-1\" \/>\n<link rel=\"canonical\" href=\"https:\/\/www.musee-mccord-stewart.ca\/fr\/collections\/centre-archives-et-de-documentation\/\" \/>\n<meta property=\"og:locale\" content=\"fr_FR\" \/>\n<meta property=\"og:type\" content=\"article\" \/>\n<meta property=\"og:title\" content=\"Centre d\u2019archives et de documentation\" \/>\n<meta property=\"og:description\" content=\"Consultez plus de 800 ensembles documentaires, l\u2019importante collection photographique, 9 000 ouvrages et p\u00e9riodiques sp\u00e9cialis\u00e9s, et 2 500 livres rares.\" \/>\n<meta property=\"og:url\" content=\"https:\/\/www.musee-mccord-stewart.ca\/fr\/collections\/centre-archives-et-de-documentation\/\" \/>\n<meta property=\"og:site_name\" content=\"Mus\u00e9e McCord Stewart\" \/>\n<meta property=\"article:publisher\" content=\"https:\/\/www.facebook.com\/museemccordstewart\" \/>\n<meta property=\"article:modified_time\" content=\"2026-03-20T14:29:17+00:00\" \/>\n<meta property=\"og:image\" content=\"https:\/\/www.musee-mccord-stewart.ca\/app\/uploads\/2025\/01\/cad_20241107_ld_1320x480.jpg\" \/>\n\t<meta property=\"og:image:width\" content=\"1320\" \/>\n\t<meta property=\"og:image:height\" content=\"480\" \/>\n\t<meta property=\"og:image:type\" content=\"image\/jpeg\" \/>\n<meta name=\"twitter:card\" content=\"summary_large_image\" \/>\n<meta name=\"twitter:description\" content=\"Consultez plus de 800 ensembles documentaires, l\u2019importante collection photographique, 9 000 ouvrages et p\u00e9riodiques sp\u00e9cialis\u00e9s, et 2 500 livres rares.\" \/>\n<meta name=\"twitter:site\" content=\"@MuseeMcCordStew\" \/>\n<meta name=\"twitter:label1\" content=\"Dur\u00e9e de lecture estim\u00e9e\" \/>\n\t<meta name=\"twitter:data1\" content=\"2 minutes\" \/>\n<script type=\"application\/ld+json\" class=\"yoast-schema-graph\">{\"@context\":\"https:\/\/schema.org\",\"@graph\":[{\"@type\":\"WebPage\",\"@id\":\"https:\/\/www.musee-mccord-stewart.ca\/fr\/collections\/centre-archives-et-de-documentation\/\",\"url\":\"https:\/\/www.musee-mccord-stewart.ca\/fr\/collections\/centre-archives-et-de-documentation\/\",\"name\":\"Centre d\u2019archives et de documentation - Mus\u00e9e McCord Stewart\",\"isPartOf\":{\"@id\":\"https:\/\/www.musee-mccord-stewart.ca\/fr\/#website\"},\"datePublished\":\"2015-04-21T16:04:00+00:00\",\"dateModified\":\"2026-03-20T14:29:17+00:00\",\"description\":\"Consultez plus de 800 ensembles documentaires, l\u2019importante collection photographique, 9 000 ouvrages et p\u00e9riodiques sp\u00e9cialis\u00e9s, et 2 500 livres rares.\",\"breadcrumb\":{\"@id\":\"https:\/\/www.musee-mccord-stewart.ca\/fr\/collections\/centre-archives-et-de-documentation\/#breadcrumb\"},\"inLanguage\":\"fr-FR\",\"potentialAction\":[{\"@type\":\"ReadAction\",\"target\":[\"https:\/\/www.musee-mccord-stewart.ca\/fr\/collections\/centre-archives-et-de-documentation\/\"]}]},{\"@type\":\"BreadcrumbList\",\"@id\":\"https:\/\/www.musee-mccord-stewart.ca\/fr\/collections\/centre-archives-et-de-documentation\/#breadcrumb\",\"itemListElement\":[{\"@type\":\"ListItem\",\"position\":1,\"name\":\"Accueil\",\"item\":\"https:\/\/www.musee-mccord-stewart.ca\/fr\/\"},{\"@type\":\"ListItem\",\"position\":2,\"name\":\"Collections\",\"item\":\"https:\/\/www.musee-mccord-stewart.ca\/fr\/collections\/\"},{\"@type\":\"ListItem\",\"position\":3,\"name\":\"Centre d\u2019archives et de documentation\"}]},{\"@type\":\"WebSite\",\"@id\":\"https:\/\/www.musee-mccord-stewart.ca\/fr\/#website\",\"url\":\"https:\/\/www.musee-mccord-stewart.ca\/fr\/\",\"name\":\"Mus\u00e9e McCord Stewart\",\"description\":\"Notre monde, nos histoires\",\"publisher\":{\"@id\":\"https:\/\/www.musee-mccord-stewart.ca\/fr\/#organization\"},\"alternateName\":\"MCS\",\"potentialAction\":[{\"@type\":\"SearchAction\",\"target\":{\"@type\":\"EntryPoint\",\"urlTemplate\":\"https:\/\/www.musee-mccord-stewart.ca\/fr\/?s={search_term_string}\"},\"query-input\":\"required name=search_term_string\"}],\"inLanguage\":\"fr-FR\"},{\"@type\":\"Organization\",\"@id\":\"https:\/\/www.musee-mccord-stewart.ca\/fr\/#organization\",\"name\":\"McCord Stewart Museum\",\"alternateName\":\"MCS\",\"url\":\"https:\/\/www.musee-mccord-stewart.ca\/fr\/\",\"logo\":{\"@type\":\"ImageObject\",\"inLanguage\":\"fr-FR\",\"@id\":\"https:\/\/www.musee-mccord-stewart.ca\/fr\/#\/schema\/logo\/image\/\",\"url\":\"https:\/\/www.musee-mccord-stewart.ca\/app\/uploads\/2023\/05\/logo_museemccordstewart_horizontal_noir_slogan.svg\",\"contentUrl\":\"https:\/\/www.musee-mccord-stewart.ca\/app\/uploads\/2023\/05\/logo_museemccordstewart_horizontal_noir_slogan.svg\",\"width\":1,\"height\":1,\"caption\":\"McCord Stewart Museum\"},\"image\":{\"@id\":\"https:\/\/www.musee-mccord-stewart.ca\/fr\/#\/schema\/logo\/image\/\"},\"sameAs\":[\"https:\/\/www.facebook.com\/museemccordstewart\",\"https:\/\/twitter.com\/MuseeMcCordStew\",\"https:\/\/instagram.com\/museemccordstewart\",\"https:\/\/www.linkedin.com\/company\/museemccordstewart\/\",\"https:\/\/www.pinterest.com\/museemccordstewart\/\",\"https:\/\/www.youtube.com\/c\/MuseeMcCordStewartMuseum\"]}]}<\/script>\n<!-- \/ Yoast SEO Premium plugin. -->","yoast_head_json":{"title":"Centre d\u2019archives et de documentation - Mus\u00e9e McCord Stewart","description":"Consultez plus de 800 ensembles documentaires, l\u2019importante collection photographique, 9 000 ouvrages et p\u00e9riodiques sp\u00e9cialis\u00e9s, et 2 500 livres rares.","robots":{"index":"index","follow":"follow","max-snippet":"max-snippet:-1","max-image-preview":"max-image-preview:large","max-video-preview":"max-video-preview:-1"},"canonical":"https:\/\/www.musee-mccord-stewart.ca\/fr\/collections\/centre-archives-et-de-documentation\/","og_locale":"fr_FR","og_type":"article","og_title":"Centre d\u2019archives et de documentation","og_description":"Consultez plus de 800 ensembles documentaires, l\u2019importante collection photographique, 9 000 ouvrages et p\u00e9riodiques sp\u00e9cialis\u00e9s, et 2 500 livres rares.","og_url":"https:\/\/www.musee-mccord-stewart.ca\/fr\/collections\/centre-archives-et-de-documentation\/","og_site_name":"Mus\u00e9e McCord Stewart","article_publisher":"https:\/\/www.facebook.com\/museemccordstewart","article_modified_time":"2026-03-20T14:29:17+00:00","og_image":[{"width":1320,"height":480,"url":"https:\/\/www.musee-mccord-stewart.ca\/app\/uploads\/2025\/01\/cad_20241107_ld_1320x480.jpg","type":"image\/jpeg"}],"twitter_card":"summary_large_image","twitter_description":"Consultez plus de 800 ensembles documentaires, l\u2019importante collection photographique, 9 000 ouvrages et p\u00e9riodiques sp\u00e9cialis\u00e9s, et 2 500 livres rares.","twitter_site":"@MuseeMcCordStew","twitter_misc":{"Dur\u00e9e de lecture estim\u00e9e":"2 minutes"},"schema":{"@context":"https:\/\/schema.org","@graph":[{"@type":"WebPage","@id":"https:\/\/www.musee-mccord-stewart.ca\/fr\/collections\/centre-archives-et-de-documentation\/","url":"https:\/\/www.musee-mccord-stewart.ca\/fr\/collections\/centre-archives-et-de-documentation\/","name":"Centre d\u2019archives et de documentation - Mus\u00e9e McCord Stewart","isPartOf":{"@id":"https:\/\/www.musee-mccord-stewart.ca\/fr\/#website"},"datePublished":"2015-04-21T16:04:00+00:00","dateModified":"2026-03-20T14:29:17+00:00","description":"Consultez plus de 800 ensembles documentaires, l\u2019importante collection photographique, 9 000 ouvrages et p\u00e9riodiques sp\u00e9cialis\u00e9s, et 2 500 livres rares.","breadcrumb":{"@id":"https:\/\/www.musee-mccord-stewart.ca\/fr\/collections\/centre-archives-et-de-documentation\/#breadcrumb"},"inLanguage":"fr-FR","potentialAction":[{"@type":"ReadAction","target":["https:\/\/www.musee-mccord-stewart.ca\/fr\/collections\/centre-archives-et-de-documentation\/"]}]},{"@type":"BreadcrumbList","@id":"https:\/\/www.musee-mccord-stewart.ca\/fr\/collections\/centre-archives-et-de-documentation\/#breadcrumb","itemListElement":[{"@type":"ListItem","position":1,"name":"Accueil","item":"https:\/\/www.musee-mccord-stewart.ca\/fr\/"},{"@type":"ListItem","position":2,"name":"Collections","item":"https:\/\/www.musee-mccord-stewart.ca\/fr\/collections\/"},{"@type":"ListItem","position":3,"name":"Centre d\u2019archives et de documentation"}]},{"@type":"WebSite","@id":"https:\/\/www.musee-mccord-stewart.ca\/fr\/#website","url":"https:\/\/www.musee-mccord-stewart.ca\/fr\/","name":"Mus\u00e9e McCord Stewart","description":"Notre monde, nos histoires","publisher":{"@id":"https:\/\/www.musee-mccord-stewart.ca\/fr\/#organization"},"alternateName":"MCS","potentialAction":[{"@type":"SearchAction","target":{"@type":"EntryPoint","urlTemplate":"https:\/\/www.musee-mccord-stewart.ca\/fr\/?s={search_term_string}"},"query-input":"required name=search_term_string"}],"inLanguage":"fr-FR"},{"@type":"Organization","@id":"https:\/\/www.musee-mccord-stewart.ca\/fr\/#organization","name":"McCord Stewart Museum","alternateName":"MCS","url":"https:\/\/www.musee-mccord-stewart.ca\/fr\/","logo":{"@type":"ImageObject","inLanguage":"fr-FR","@id":"https:\/\/www.musee-mccord-stewart.ca\/fr\/#\/schema\/logo\/image\/","url":"https:\/\/www.musee-mccord-stewart.ca\/app\/uploads\/2023\/05\/logo_museemccordstewart_horizontal_noir_slogan.svg","contentUrl":"https:\/\/www.musee-mccord-stewart.ca\/app\/uploads\/2023\/05\/logo_museemccordstewart_horizontal_noir_slogan.svg","width":1,"height":1,"caption":"McCord Stewart Museum"},"image":{"@id":"https:\/\/www.musee-mccord-stewart.ca\/fr\/#\/schema\/logo\/image\/"},"sameAs":["https:\/\/www.facebook.com\/museemccordstewart","https:\/\/twitter.com\/MuseeMcCordStew","https:\/\/instagram.com\/museemccordstewart","https:\/\/www.linkedin.com\/company\/museemccordstewart\/","https:\/\/www.pinterest.com\/museemccordstewart\/","https:\/\/www.youtube.com\/c\/MuseeMcCordStewartMuseum"]}]}},"_links":{"self":[{"href":"https:\/\/www.musee-mccord-stewart.ca\/fr\/wp-json\/wp\/v2\/pages\/1464"}],"collection":[{"href":"https:\/\/www.musee-mccord-stewart.ca\/fr\/wp-json\/wp\/v2\/pages"}],"about":[{"href":"https:\/\/www.musee-mccord-stewart.ca\/fr\/wp-json\/wp\/v2\/types\/page"}],"author":[{"embeddable":true,"href":"https:\/\/www.musee-mccord-stewart.ca\/fr\/wp-json\/wp\/v2\/users\/1"}],"replies":[{"embeddable":true,"href":"https:\/\/www.musee-mccord-stewart.ca\/fr\/wp-json\/wp\/v2\/comments?post=1464"}],"version-history":[{"count":0,"href":"https:\/\/www.musee-mccord-stewart.ca\/fr\/wp-json\/wp\/v2\/pages\/1464\/revisions"}],"up":[{"embeddable":true,"href":"https:\/\/www.musee-mccord-stewart.ca\/fr\/wp-json\/wp\/v2\/pages\/39985"}],"wp:attachment":[{"href":"https:\/\/www.musee-mccord-stewart.ca\/fr\/wp-json\/wp\/v2\/media?parent=1464"}],"wp:term":[{"taxonomy":"category","embeddable":true,"href":"https:\/\/www.musee-mccord-stewart.ca\/fr\/wp-json\/wp\/v2\/categories?post=1464"},{"taxonomy":"post_tag","embeddable":true,"href":"https:\/\/www.musee-mccord-stewart.ca\/fr\/wp-json\/wp\/v2\/tags?post=1464"}],"curies":[{"name":"wp","href":"https:\/\/api.w.org\/{rel}","templated":true}]}}