{"id":14608,"date":"2016-11-14T16:14:58","date_gmt":"2016-11-14T21:14:58","guid":{"rendered":"http:\/\/www.mccord-museum.qc.ca\/?page_id=14608"},"modified":"2024-01-11T12:00:04","modified_gmt":"2024-01-11T17:00:04","slug":"nos-familles-quelles-familles","status":"publish","type":"page","link":"https:\/\/www.musee-mccord-stewart.ca\/fr\/collections\/archives\/nos-familles-quelles-familles\/","title":{"rendered":"Nos familles, quelles familles! \u2013 Trois si\u00e8cles d\u2019\u00e9crits et d\u2019histoire du Qu\u00e9bec"},"content":{"rendered":"<p><strong>Chaque document est unique et t\u00e9moigne d\u2019un individu ou d\u2019une famille qu\u00e9b\u00e9coise, mais ensemble, tous ces documents forment un pan de notre histoire collective.<\/strong><\/p>\n<p>La collection d\u2019archives textuelles du Mus\u00e9e compte des pi\u00e8ces uniques, v\u00e9ritables t\u00e9moins de la vie des familles du Qu\u00e9bec. Jusqu\u2019\u00e0 tout r\u00e9cemment, moins de 1 % de ces archives \u00e9tait disponible en ligne. Gr\u00e2ce au soutien financier de la <a href=\"https:\/\/www.sunlife.ca\/ca?vgnLocale=fr_CA\">Financi\u00e8re Sun Life<\/a>, qui a choisi de contribuer de mani\u00e8re exceptionnelle \u00e0 la pr\u00e9servation et \u00e0 la mise en valeur du patrimoine du Qu\u00e9bec, le Mus\u00e9e McCord Stewart d\u00e9crira, num\u00e9risera et mettra en ligne 37 fonds d\u2019archives de familles. Ces archives priv\u00e9es, choisies parmi une vaste collection, jetteront un \u00e9clairage nouveau sur la ville, ses habitants ainsi que la vie urbaine \u00e0 diff\u00e9rentes \u00e9poques.<\/p>\n<p>L\u2019objectif d\u2019un tel projet est de rendre accessible \u00e0 tous des archives textuelles au contenu riche et in\u00e9dit, qui permettront de mieux conna\u00eetre l\u2019histoire du Qu\u00e9bec. Par cette contribution, la <a href=\"https:\/\/www.sunlife.ca\/ca?vgnLocale=fr_CA\">Financi\u00e8re Sun Life<\/a> assure non seulement la p\u00e9rennit\u00e9 de ces archives, mais \u00e9galement leur diffusion aupr\u00e8s d\u2019un vaste public.<\/p>\n<p>Une s\u00e9lection de 400 pages par fonds a \u00e9t\u00e9 num\u00e9ris\u00e9e et sera mise \u00e0 la disposition du public entre les mois de f\u00e9vrier 2017 et juin 2018. Par le biais de transcriptions \u2013 qui mettent en lumi\u00e8re quelques passages exceptionnels des documents \u2013, et de commentaires explicatifs, nous vous invitons \u00e0 d\u00e9couvrir ces familles et leur histoire \u00e0 travers le contenu de leurs archives.<\/p>\n<p id=\"eow-description\">Pour en apprendre plus sur le projet, visionner la conf\u00e9rence donn\u00e9e par <a href=\"http:\/\/www.musee-mccord-stewart.ca\/fr\/collections\/equipe\/celine-widmer\/\">C\u00e9line Widmer<\/a>, Conservatrice, Archives textuelles au Mus\u00e9e McCord Stewart et \u00c9l\u00e9onore Aubut-Robitaille, Archiviste de projets.<\/p>\n<p><iframe loading=\"lazy\" title=\"Trois cents ans d&#039;archives familiales qu\u00e9b\u00e9coises - Three Centuries of Quebec Family Archives\" width=\"474\" height=\"267\" src=\"https:\/\/www.youtube.com\/embed\/wgaGstCO1sg?list=PLloqlndT5dJjZSg93jc9xRYpTN0hIER4B\" frameborder=\"0\" allow=\"accelerometer; autoplay; clipboard-write; encrypted-media; gyroscope; picture-in-picture; web-share\" allowfullscreen><\/iframe><\/p>\n","protected":false},"excerpt":{"rendered":"<p>Chaque document est unique et t\u00e9moigne d\u2019un individu ou d\u2019une famille qu\u00e9b\u00e9coise, mais ensemble, tous ces documents forment un pan de notre histoire collective. La collection d\u2019archives textuelles du Mus\u00e9e compte des pi\u00e8ces uniques, v\u00e9ritables t\u00e9moins de la vie des familles du Qu\u00e9bec. Jusqu\u2019\u00e0 tout r\u00e9cemment, moins de 1 % de ces archives \u00e9tait disponible [&hellip;]<\/p>\n","protected":false},"author":3,"featured_media":0,"parent":1816,"menu_order":0,"comment_status":"closed","ping_status":"closed","template":"page-templates\/page-texte.php","meta":{"footnotes":""},"categories":[],"tags":[],"acf":[],"yoast_head":"<!-- This site is optimized with the Yoast SEO Premium plugin v20.11 (Yoast SEO v20.11) - https:\/\/yoast.com\/wordpress\/plugins\/seo\/ -->\n<title>Nos familles, quelles familles! - Mus\u00e9e McCord<\/title>\n<meta name=\"description\" content=\"Gr\u00e2ce au soutien financier de la Financi\u00e8re Sun Life, le Mus\u00e9e McCord a num\u00e9ris\u00e9 et mis en ligne plus de 25 fonds d\u2019archives de familles.\" \/>\n<meta name=\"robots\" content=\"index, follow, max-snippet:-1, max-image-preview:large, max-video-preview:-1\" \/>\n<link rel=\"canonical\" href=\"https:\/\/www.musee-mccord-stewart.ca\/fr\/collections\/archives\/nos-familles-quelles-familles\/\" \/>\n<meta property=\"og:locale\" content=\"fr_FR\" \/>\n<meta property=\"og:type\" content=\"article\" \/>\n<meta property=\"og:title\" content=\"Nos familles, quelles familles! \u2013 Trois si\u00e8cles d\u2019\u00e9crits et d\u2019histoire du Qu\u00e9bec\" \/>\n<meta property=\"og:description\" content=\"Chaque document est unique et t\u00e9moigne d\u2019un individu ou d\u2019une famille qu\u00e9b\u00e9coise, mais ensemble, tous ces documents forment un pan de notre histoire\" \/>\n<meta property=\"og:url\" content=\"https:\/\/www.musee-mccord-stewart.ca\/fr\/collections\/archives\/nos-familles-quelles-familles\/\" \/>\n<meta property=\"og:site_name\" content=\"Mus\u00e9e McCord Stewart\" \/>\n<meta property=\"article:publisher\" content=\"https:\/\/www.facebook.com\/museemccordstewart\" \/>\n<meta property=\"article:modified_time\" content=\"2024-01-11T17:00:04+00:00\" \/>\n<meta property=\"og:image\" content=\"https:\/\/www.musee-mccord-stewart.ca\/app\/uploads\/2022\/09\/mccord-stewart_facade-exterieur-henderson-2022_roger-aziz_1320x480.jpg\" \/>\n\t<meta property=\"og:image:width\" content=\"1320\" \/>\n\t<meta property=\"og:image:height\" content=\"480\" \/>\n\t<meta property=\"og:image:type\" content=\"image\/jpeg\" \/>\n<meta name=\"twitter:card\" content=\"summary_large_image\" \/>\n<meta name=\"twitter:site\" content=\"@MuseeMcCordStew\" \/>\n<meta name=\"twitter:label1\" content=\"Dur\u00e9e de lecture estim\u00e9e\" \/>\n\t<meta name=\"twitter:data1\" content=\"2 minutes\" \/>\n<script type=\"application\/ld+json\" class=\"yoast-schema-graph\">{\"@context\":\"https:\/\/schema.org\",\"@graph\":[{\"@type\":\"WebPage\",\"@id\":\"https:\/\/www.musee-mccord-stewart.ca\/fr\/collections\/archives\/nos-familles-quelles-familles\/\",\"url\":\"https:\/\/www.musee-mccord-stewart.ca\/fr\/collections\/archives\/nos-familles-quelles-familles\/\",\"name\":\"Nos familles, quelles familles! - Mus\u00e9e McCord\",\"isPartOf\":{\"@id\":\"https:\/\/www.musee-mccord-stewart.ca\/fr\/#website\"},\"datePublished\":\"2016-11-14T21:14:58+00:00\",\"dateModified\":\"2024-01-11T17:00:04+00:00\",\"description\":\"Gr\u00e2ce au soutien financier de la Financi\u00e8re Sun Life, le Mus\u00e9e McCord a num\u00e9ris\u00e9 et mis en ligne plus de 25 fonds d\u2019archives de familles.\",\"breadcrumb\":{\"@id\":\"https:\/\/www.musee-mccord-stewart.ca\/fr\/collections\/archives\/nos-familles-quelles-familles\/#breadcrumb\"},\"inLanguage\":\"fr-FR\",\"potentialAction\":[{\"@type\":\"ReadAction\",\"target\":[\"https:\/\/www.musee-mccord-stewart.ca\/fr\/collections\/archives\/nos-familles-quelles-familles\/\"]}]},{\"@type\":\"BreadcrumbList\",\"@id\":\"https:\/\/www.musee-mccord-stewart.ca\/fr\/collections\/archives\/nos-familles-quelles-familles\/#breadcrumb\",\"itemListElement\":[{\"@type\":\"ListItem\",\"position\":1,\"name\":\"Accueil\",\"item\":\"https:\/\/www.musee-mccord-stewart.ca\/fr\/\"},{\"@type\":\"ListItem\",\"position\":2,\"name\":\"Collections\",\"item\":\"https:\/\/www.musee-mccord-stewart.ca\/fr\/collections\/\"},{\"@type\":\"ListItem\",\"position\":3,\"name\":\"Archives\",\"item\":\"https:\/\/www.musee-mccord-stewart.ca\/fr\/collections\/archives\/\"},{\"@type\":\"ListItem\",\"position\":4,\"name\":\"Nos familles, quelles familles! \u2013 Trois si\u00e8cles d\u2019\u00e9crits et d\u2019histoire du Qu\u00e9bec\"}]},{\"@type\":\"WebSite\",\"@id\":\"https:\/\/www.musee-mccord-stewart.ca\/fr\/#website\",\"url\":\"https:\/\/www.musee-mccord-stewart.ca\/fr\/\",\"name\":\"Mus\u00e9e McCord Stewart\",\"description\":\"Notre monde, nos histoires\",\"publisher\":{\"@id\":\"https:\/\/www.musee-mccord-stewart.ca\/fr\/#organization\"},\"alternateName\":\"MCS\",\"potentialAction\":[{\"@type\":\"SearchAction\",\"target\":{\"@type\":\"EntryPoint\",\"urlTemplate\":\"https:\/\/www.musee-mccord-stewart.ca\/fr\/?s={search_term_string}\"},\"query-input\":\"required name=search_term_string\"}],\"inLanguage\":\"fr-FR\"},{\"@type\":\"Organization\",\"@id\":\"https:\/\/www.musee-mccord-stewart.ca\/fr\/#organization\",\"name\":\"McCord Stewart Museum\",\"alternateName\":\"MCS\",\"url\":\"https:\/\/www.musee-mccord-stewart.ca\/fr\/\",\"logo\":{\"@type\":\"ImageObject\",\"inLanguage\":\"fr-FR\",\"@id\":\"https:\/\/www.musee-mccord-stewart.ca\/fr\/#\/schema\/logo\/image\/\",\"url\":\"https:\/\/www.musee-mccord-stewart.ca\/app\/uploads\/2023\/05\/logo_museemccordstewart_horizontal_noir_slogan.svg\",\"contentUrl\":\"https:\/\/www.musee-mccord-stewart.ca\/app\/uploads\/2023\/05\/logo_museemccordstewart_horizontal_noir_slogan.svg\",\"width\":1,\"height\":1,\"caption\":\"McCord Stewart Museum\"},\"image\":{\"@id\":\"https:\/\/www.musee-mccord-stewart.ca\/fr\/#\/schema\/logo\/image\/\"},\"sameAs\":[\"https:\/\/www.facebook.com\/museemccordstewart\",\"https:\/\/twitter.com\/MuseeMcCordStew\",\"https:\/\/instagram.com\/museemccordstewart\",\"https:\/\/www.linkedin.com\/company\/museemccordstewart\/\",\"https:\/\/www.pinterest.com\/museemccordstewart\/\",\"https:\/\/www.youtube.com\/c\/MuseeMcCordStewartMuseum\"]}]}<\/script>\n<!-- \/ Yoast SEO Premium plugin. -->","yoast_head_json":{"title":"Nos familles, quelles familles! - Mus\u00e9e McCord","description":"Gr\u00e2ce au soutien financier de la Financi\u00e8re Sun Life, le Mus\u00e9e McCord a num\u00e9ris\u00e9 et mis en ligne plus de 25 fonds d\u2019archives de familles.","robots":{"index":"index","follow":"follow","max-snippet":"max-snippet:-1","max-image-preview":"max-image-preview:large","max-video-preview":"max-video-preview:-1"},"canonical":"https:\/\/www.musee-mccord-stewart.ca\/fr\/collections\/archives\/nos-familles-quelles-familles\/","og_locale":"fr_FR","og_type":"article","og_title":"Nos familles, quelles familles! \u2013 Trois si\u00e8cles d\u2019\u00e9crits et d\u2019histoire du Qu\u00e9bec","og_description":"Chaque document est unique et t\u00e9moigne d\u2019un individu ou d\u2019une famille qu\u00e9b\u00e9coise, mais ensemble, tous ces documents forment un pan de notre histoire","og_url":"https:\/\/www.musee-mccord-stewart.ca\/fr\/collections\/archives\/nos-familles-quelles-familles\/","og_site_name":"Mus\u00e9e McCord Stewart","article_publisher":"https:\/\/www.facebook.com\/museemccordstewart","article_modified_time":"2024-01-11T17:00:04+00:00","og_image":[{"width":1320,"height":480,"url":"https:\/\/www.musee-mccord-stewart.ca\/app\/uploads\/2022\/09\/mccord-stewart_facade-exterieur-henderson-2022_roger-aziz_1320x480.jpg","type":"image\/jpeg"}],"twitter_card":"summary_large_image","twitter_site":"@MuseeMcCordStew","twitter_misc":{"Dur\u00e9e de lecture estim\u00e9e":"2 minutes"},"schema":{"@context":"https:\/\/schema.org","@graph":[{"@type":"WebPage","@id":"https:\/\/www.musee-mccord-stewart.ca\/fr\/collections\/archives\/nos-familles-quelles-familles\/","url":"https:\/\/www.musee-mccord-stewart.ca\/fr\/collections\/archives\/nos-familles-quelles-familles\/","name":"Nos familles, quelles familles! - Mus\u00e9e McCord","isPartOf":{"@id":"https:\/\/www.musee-mccord-stewart.ca\/fr\/#website"},"datePublished":"2016-11-14T21:14:58+00:00","dateModified":"2024-01-11T17:00:04+00:00","description":"Gr\u00e2ce au soutien financier de la Financi\u00e8re Sun Life, le Mus\u00e9e McCord a num\u00e9ris\u00e9 et mis en ligne plus de 25 fonds d\u2019archives de familles.","breadcrumb":{"@id":"https:\/\/www.musee-mccord-stewart.ca\/fr\/collections\/archives\/nos-familles-quelles-familles\/#breadcrumb"},"inLanguage":"fr-FR","potentialAction":[{"@type":"ReadAction","target":["https:\/\/www.musee-mccord-stewart.ca\/fr\/collections\/archives\/nos-familles-quelles-familles\/"]}]},{"@type":"BreadcrumbList","@id":"https:\/\/www.musee-mccord-stewart.ca\/fr\/collections\/archives\/nos-familles-quelles-familles\/#breadcrumb","itemListElement":[{"@type":"ListItem","position":1,"name":"Accueil","item":"https:\/\/www.musee-mccord-stewart.ca\/fr\/"},{"@type":"ListItem","position":2,"name":"Collections","item":"https:\/\/www.musee-mccord-stewart.ca\/fr\/collections\/"},{"@type":"ListItem","position":3,"name":"Archives","item":"https:\/\/www.musee-mccord-stewart.ca\/fr\/collections\/archives\/"},{"@type":"ListItem","position":4,"name":"Nos familles, quelles familles! \u2013 Trois si\u00e8cles d\u2019\u00e9crits et d\u2019histoire du Qu\u00e9bec"}]},{"@type":"WebSite","@id":"https:\/\/www.musee-mccord-stewart.ca\/fr\/#website","url":"https:\/\/www.musee-mccord-stewart.ca\/fr\/","name":"Mus\u00e9e McCord Stewart","description":"Notre monde, nos histoires","publisher":{"@id":"https:\/\/www.musee-mccord-stewart.ca\/fr\/#organization"},"alternateName":"MCS","potentialAction":[{"@type":"SearchAction","target":{"@type":"EntryPoint","urlTemplate":"https:\/\/www.musee-mccord-stewart.ca\/fr\/?s={search_term_string}"},"query-input":"required name=search_term_string"}],"inLanguage":"fr-FR"},{"@type":"Organization","@id":"https:\/\/www.musee-mccord-stewart.ca\/fr\/#organization","name":"McCord Stewart Museum","alternateName":"MCS","url":"https:\/\/www.musee-mccord-stewart.ca\/fr\/","logo":{"@type":"ImageObject","inLanguage":"fr-FR","@id":"https:\/\/www.musee-mccord-stewart.ca\/fr\/#\/schema\/logo\/image\/","url":"https:\/\/www.musee-mccord-stewart.ca\/app\/uploads\/2023\/05\/logo_museemccordstewart_horizontal_noir_slogan.svg","contentUrl":"https:\/\/www.musee-mccord-stewart.ca\/app\/uploads\/2023\/05\/logo_museemccordstewart_horizontal_noir_slogan.svg","width":1,"height":1,"caption":"McCord Stewart Museum"},"image":{"@id":"https:\/\/www.musee-mccord-stewart.ca\/fr\/#\/schema\/logo\/image\/"},"sameAs":["https:\/\/www.facebook.com\/museemccordstewart","https:\/\/twitter.com\/MuseeMcCordStew","https:\/\/instagram.com\/museemccordstewart","https:\/\/www.linkedin.com\/company\/museemccordstewart\/","https:\/\/www.pinterest.com\/museemccordstewart\/","https:\/\/www.youtube.com\/c\/MuseeMcCordStewartMuseum"]}]}},"_links":{"self":[{"href":"https:\/\/www.musee-mccord-stewart.ca\/fr\/wp-json\/wp\/v2\/pages\/14608"}],"collection":[{"href":"https:\/\/www.musee-mccord-stewart.ca\/fr\/wp-json\/wp\/v2\/pages"}],"about":[{"href":"https:\/\/www.musee-mccord-stewart.ca\/fr\/wp-json\/wp\/v2\/types\/page"}],"author":[{"embeddable":true,"href":"https:\/\/www.musee-mccord-stewart.ca\/fr\/wp-json\/wp\/v2\/users\/3"}],"replies":[{"embeddable":true,"href":"https:\/\/www.musee-mccord-stewart.ca\/fr\/wp-json\/wp\/v2\/comments?post=14608"}],"version-history":[{"count":0,"href":"https:\/\/www.musee-mccord-stewart.ca\/fr\/wp-json\/wp\/v2\/pages\/14608\/revisions"}],"up":[{"embeddable":true,"href":"https:\/\/www.musee-mccord-stewart.ca\/fr\/wp-json\/wp\/v2\/pages\/1816"}],"wp:attachment":[{"href":"https:\/\/www.musee-mccord-stewart.ca\/fr\/wp-json\/wp\/v2\/media?parent=14608"}],"wp:term":[{"taxonomy":"category","embeddable":true,"href":"https:\/\/www.musee-mccord-stewart.ca\/fr\/wp-json\/wp\/v2\/categories?post=14608"},{"taxonomy":"post_tag","embeddable":true,"href":"https:\/\/www.musee-mccord-stewart.ca\/fr\/wp-json\/wp\/v2\/tags?post=14608"}],"curies":[{"name":"wp","href":"https:\/\/api.w.org\/{rel}","templated":true}]}}