{"id":5344,"date":"2015-06-08T16:10:06","date_gmt":"2015-06-08T20:10:06","guid":{"rendered":"http:\/\/www.musee-mccord-stewart.ca\/conseil-du-jeune-mccord-2\/"},"modified":"2019-05-23T16:37:53","modified_gmt":"2019-05-23T20:37:53","slug":"peer-to-peer-committee","status":"publish","type":"page","link":"https:\/\/www.musee-mccord-stewart.ca\/en\/young-mccord\/peer-to-peer-committee\/","title":{"rendered":"Peer-to-Peer Committee"},"content":{"rendered":"<p>The Peer-to-Peer Committee is made up of <strong>ten\u00a0young professionals<\/strong> who became involved in the Museum to be agents of change in their community. They wish to <strong>make a difference in the lives of Montreal families, by ensuring free access for children to our culture and to our history<\/strong>.<\/p>\n<p>A special thanks to the 2018 Peer-to-Peer Committee for their commitment and implication towards their <em><a href=\"http:\/\/www.musee-mccord-stewart.ca\/en\/make-a-donation\/sunday-workshops\/\">Sunday Workshops<\/a><\/em> campaign.<\/p>\n<h2>2018 COMMITTEE MEMBERS<\/h2>\n<p><strong>\u00a0<\/strong><strong>THANK YOU TO ALL OUR VOLUNTEERS!<\/strong><\/p>\n<p><strong>Jiad Joseph Ghoussoub, <\/strong><strong>Comit\u00e9 Ex\u00e9cutif<br \/>\n<\/strong><strong>Julie M\u00e9lissa Marin, Comit\u00e9 Ex\u00e9cutif<br \/>\n<\/strong><strong>Ka\u00efla A. Munro, Comit\u00e9 Ex\u00e9cutif<\/strong><\/p>\n<p>Sandra Araoune<br \/>\nAnnick Bissainthe<br \/>\nMarc Da Silva<br \/>\nLyne Lamarche<br \/>\nMarina Pilarinos<br \/>\nTiffany Zampini<\/p>\n<h2>PAST INITIATIVES<\/h2>\n<p><strong>2017\u00a0: <a href=\"http:\/\/www.musee-mccord-stewart.ca\/en\/once-upon-a-time\/\"><em>Once Upon a Time<\/em><\/a><\/strong><br \/>\n$20,099 were collected for the <em>Once Upon a Time<\/em> campaign, in order to restore toys and decorative objects from the McCord Museum\u2019s collection showcased in the <em><a href=\"http:\/\/www.musee-mccord-stewart.ca\/en\/exhibitions\/the-topsy-turvy-storyland\/\">Topsy-Turvy Storyland<\/a><\/em> exhibition, bringing to life some of the most famous fairy tales.<br \/>\n<a class=\"cta\" title=\"\" href=\"http:\/\/www.musee-mccord-stewart.ca\/en\/once-upon-a-time\/\">Learn more<i class=\"arrow-right-thickicon-\"><\/i><\/a><\/p>\n<p><strong>2016\u00a0: <a href=\"http:\/\/www.musee-mccord-stewart.ca\/en\/a-week-at-the-mccord-museum\/\"><em>A Week at the McCord Museum<\/em><\/a><\/strong><br \/>\n$30,515 were collected to support the program <em>A Week at the McCord Museum<\/em>, enabling Montreal children to spend a week of fun, creativity and discovery at the Museum, and to learn more about their history, culture and society. This campaign is now a regular activity of the McCord Museum Foundation.<br \/>\n<a class=\"cta\" title=\"\" href=\"http:\/\/www.musee-mccord-stewart.ca\/en\/a-week-at-the-mccord-museum\/\">Learn more<i class=\"arrow-right-thickicon-\"><\/i><\/a><\/p>\n","protected":false},"excerpt":{"rendered":"<p>The Peer-to-Peer Committee is made up of ten\u00a0young professionals who became involved in the Museum to be agents of change in their community. They wish to make a difference in the lives of Montreal families, by ensuring free access for children to our culture and to our history. A special thanks to the 2018 Peer-to-Peer [&hellip;]<\/p>\n","protected":false},"author":3,"featured_media":0,"parent":2305,"menu_order":0,"comment_status":"closed","ping_status":"closed","template":"page-templates\/page-texte.php","meta":{"footnotes":""},"categories":[],"tags":[],"acf":[],"yoast_head":"<!-- This site is optimized with the Yoast SEO Premium plugin v20.11 (Yoast SEO v20.11) - https:\/\/yoast.com\/wordpress\/plugins\/seo\/ -->\n<title>Peer-to-Peer Committee - McCord Stewart Museum<\/title>\n<meta name=\"description\" content=\"The Peer-to-Peer Committee is made up of ten\u00a0young professionals who became involved in the Museum to be agents of change in their community. They wish to\" \/>\n<meta name=\"robots\" content=\"index, follow, max-snippet:-1, max-image-preview:large, max-video-preview:-1\" \/>\n<link rel=\"canonical\" href=\"https:\/\/www.musee-mccord-stewart.ca\/en\/young-mccord\/peer-to-peer-committee\/\" \/>\n<meta property=\"og:locale\" content=\"en_US\" \/>\n<meta property=\"og:type\" content=\"article\" \/>\n<meta property=\"og:title\" content=\"Peer-to-Peer Committee\" \/>\n<meta property=\"og:description\" content=\"The Peer-to-Peer Committee is made up of ten\u00a0young professionals who became involved in the Museum to be agents of change in their community. They wish to\" \/>\n<meta property=\"og:url\" content=\"https:\/\/www.musee-mccord-stewart.ca\/en\/young-mccord\/peer-to-peer-committee\/\" \/>\n<meta property=\"og:site_name\" content=\"McCord Stewart Museum\" \/>\n<meta property=\"article:publisher\" content=\"https:\/\/www.facebook.com\/museemccordstewart\" \/>\n<meta property=\"article:modified_time\" content=\"2019-05-23T20:37:53+00:00\" \/>\n<meta property=\"og:image\" content=\"https:\/\/www.musee-mccord-stewart.ca\/app\/uploads\/2022\/09\/mccord-stewart_facade-exterieur-henderson-2022_roger-aziz_1320x480.jpg\" \/>\n\t<meta property=\"og:image:width\" content=\"1320\" \/>\n\t<meta property=\"og:image:height\" content=\"480\" \/>\n\t<meta property=\"og:image:type\" content=\"image\/jpeg\" \/>\n<meta name=\"twitter:card\" content=\"summary_large_image\" \/>\n<meta name=\"twitter:site\" content=\"@MuseeMcCordStew\" \/>\n<meta name=\"twitter:label1\" content=\"Est. reading time\" \/>\n\t<meta name=\"twitter:data1\" content=\"1 minute\" \/>\n<script type=\"application\/ld+json\" class=\"yoast-schema-graph\">{\"@context\":\"https:\/\/schema.org\",\"@graph\":[{\"@type\":\"WebPage\",\"@id\":\"https:\/\/www.musee-mccord-stewart.ca\/en\/young-mccord\/peer-to-peer-committee\/\",\"url\":\"https:\/\/www.musee-mccord-stewart.ca\/en\/young-mccord\/peer-to-peer-committee\/\",\"name\":\"Peer-to-Peer Committee - McCord Stewart Museum\",\"isPartOf\":{\"@id\":\"https:\/\/www.musee-mccord-stewart.ca\/fr\/#website\"},\"datePublished\":\"2015-06-08T20:10:06+00:00\",\"dateModified\":\"2019-05-23T20:37:53+00:00\",\"description\":\"The Peer-to-Peer Committee is made up of ten\u00a0young professionals who became involved in the Museum to be agents of change in their community. They wish to\",\"breadcrumb\":{\"@id\":\"https:\/\/www.musee-mccord-stewart.ca\/en\/young-mccord\/peer-to-peer-committee\/#breadcrumb\"},\"inLanguage\":\"en-US\",\"potentialAction\":[{\"@type\":\"ReadAction\",\"target\":[\"https:\/\/www.musee-mccord-stewart.ca\/en\/young-mccord\/peer-to-peer-committee\/\"]}]},{\"@type\":\"BreadcrumbList\",\"@id\":\"https:\/\/www.musee-mccord-stewart.ca\/en\/young-mccord\/peer-to-peer-committee\/#breadcrumb\",\"itemListElement\":[{\"@type\":\"ListItem\",\"position\":1,\"name\":\"Accueil\",\"item\":\"https:\/\/www.musee-mccord-stewart.ca\/en\/\"},{\"@type\":\"ListItem\",\"position\":2,\"name\":\"Young McCord Stewart\",\"item\":\"https:\/\/www.musee-mccord-stewart.ca\/en\/?page_id=2305\"},{\"@type\":\"ListItem\",\"position\":3,\"name\":\"Peer-to-Peer Committee\"}]},{\"@type\":\"WebSite\",\"@id\":\"https:\/\/www.musee-mccord-stewart.ca\/fr\/#website\",\"url\":\"https:\/\/www.musee-mccord-stewart.ca\/fr\/\",\"name\":\"McCord Stewart Museum\",\"description\":\"Our world, our stories\",\"publisher\":{\"@id\":\"https:\/\/www.musee-mccord-stewart.ca\/fr\/#organization\"},\"alternateName\":\"MCS\",\"potentialAction\":[{\"@type\":\"SearchAction\",\"target\":{\"@type\":\"EntryPoint\",\"urlTemplate\":\"https:\/\/www.musee-mccord-stewart.ca\/fr\/?s={search_term_string}\"},\"query-input\":\"required name=search_term_string\"}],\"inLanguage\":\"en-US\"},{\"@type\":\"Organization\",\"@id\":\"https:\/\/www.musee-mccord-stewart.ca\/fr\/#organization\",\"name\":\"McCord Stewart Museum\",\"alternateName\":\"MCS\",\"url\":\"https:\/\/www.musee-mccord-stewart.ca\/fr\/\",\"logo\":{\"@type\":\"ImageObject\",\"inLanguage\":\"en-US\",\"@id\":\"https:\/\/www.musee-mccord-stewart.ca\/fr\/#\/schema\/logo\/image\/\",\"url\":\"https:\/\/www.musee-mccord-stewart.ca\/app\/uploads\/2023\/05\/logo_museemccordstewart_horizontal_noir_slogan.svg\",\"contentUrl\":\"https:\/\/www.musee-mccord-stewart.ca\/app\/uploads\/2023\/05\/logo_museemccordstewart_horizontal_noir_slogan.svg\",\"width\":1,\"height\":1,\"caption\":\"McCord Stewart Museum\"},\"image\":{\"@id\":\"https:\/\/www.musee-mccord-stewart.ca\/fr\/#\/schema\/logo\/image\/\"},\"sameAs\":[\"https:\/\/www.facebook.com\/museemccordstewart\",\"https:\/\/twitter.com\/MuseeMcCordStew\",\"https:\/\/instagram.com\/museemccordstewart\",\"https:\/\/www.linkedin.com\/company\/museemccordstewart\/\",\"https:\/\/www.pinterest.com\/museemccordstewart\/\",\"https:\/\/www.youtube.com\/c\/MuseeMcCordStewartMuseum\"]}]}<\/script>\n<!-- \/ Yoast SEO Premium plugin. -->","yoast_head_json":{"title":"Peer-to-Peer Committee - McCord Stewart Museum","description":"The Peer-to-Peer Committee is made up of ten\u00a0young professionals who became involved in the Museum to be agents of change in their community. They wish to","robots":{"index":"index","follow":"follow","max-snippet":"max-snippet:-1","max-image-preview":"max-image-preview:large","max-video-preview":"max-video-preview:-1"},"canonical":"https:\/\/www.musee-mccord-stewart.ca\/en\/young-mccord\/peer-to-peer-committee\/","og_locale":"en_US","og_type":"article","og_title":"Peer-to-Peer Committee","og_description":"The Peer-to-Peer Committee is made up of ten\u00a0young professionals who became involved in the Museum to be agents of change in their community. They wish to","og_url":"https:\/\/www.musee-mccord-stewart.ca\/en\/young-mccord\/peer-to-peer-committee\/","og_site_name":"McCord Stewart Museum","article_publisher":"https:\/\/www.facebook.com\/museemccordstewart","article_modified_time":"2019-05-23T20:37:53+00:00","og_image":[{"width":1320,"height":480,"url":"https:\/\/www.musee-mccord-stewart.ca\/app\/uploads\/2022\/09\/mccord-stewart_facade-exterieur-henderson-2022_roger-aziz_1320x480.jpg","type":"image\/jpeg"}],"twitter_card":"summary_large_image","twitter_site":"@MuseeMcCordStew","twitter_misc":{"Est. reading time":"1 minute"},"schema":{"@context":"https:\/\/schema.org","@graph":[{"@type":"WebPage","@id":"https:\/\/www.musee-mccord-stewart.ca\/en\/young-mccord\/peer-to-peer-committee\/","url":"https:\/\/www.musee-mccord-stewart.ca\/en\/young-mccord\/peer-to-peer-committee\/","name":"Peer-to-Peer Committee - McCord Stewart Museum","isPartOf":{"@id":"https:\/\/www.musee-mccord-stewart.ca\/fr\/#website"},"datePublished":"2015-06-08T20:10:06+00:00","dateModified":"2019-05-23T20:37:53+00:00","description":"The Peer-to-Peer Committee is made up of ten\u00a0young professionals who became involved in the Museum to be agents of change in their community. They wish to","breadcrumb":{"@id":"https:\/\/www.musee-mccord-stewart.ca\/en\/young-mccord\/peer-to-peer-committee\/#breadcrumb"},"inLanguage":"en-US","potentialAction":[{"@type":"ReadAction","target":["https:\/\/www.musee-mccord-stewart.ca\/en\/young-mccord\/peer-to-peer-committee\/"]}]},{"@type":"BreadcrumbList","@id":"https:\/\/www.musee-mccord-stewart.ca\/en\/young-mccord\/peer-to-peer-committee\/#breadcrumb","itemListElement":[{"@type":"ListItem","position":1,"name":"Accueil","item":"https:\/\/www.musee-mccord-stewart.ca\/en\/"},{"@type":"ListItem","position":2,"name":"Young McCord Stewart","item":"https:\/\/www.musee-mccord-stewart.ca\/en\/?page_id=2305"},{"@type":"ListItem","position":3,"name":"Peer-to-Peer Committee"}]},{"@type":"WebSite","@id":"https:\/\/www.musee-mccord-stewart.ca\/fr\/#website","url":"https:\/\/www.musee-mccord-stewart.ca\/fr\/","name":"McCord Stewart Museum","description":"Our world, our stories","publisher":{"@id":"https:\/\/www.musee-mccord-stewart.ca\/fr\/#organization"},"alternateName":"MCS","potentialAction":[{"@type":"SearchAction","target":{"@type":"EntryPoint","urlTemplate":"https:\/\/www.musee-mccord-stewart.ca\/fr\/?s={search_term_string}"},"query-input":"required name=search_term_string"}],"inLanguage":"en-US"},{"@type":"Organization","@id":"https:\/\/www.musee-mccord-stewart.ca\/fr\/#organization","name":"McCord Stewart Museum","alternateName":"MCS","url":"https:\/\/www.musee-mccord-stewart.ca\/fr\/","logo":{"@type":"ImageObject","inLanguage":"en-US","@id":"https:\/\/www.musee-mccord-stewart.ca\/fr\/#\/schema\/logo\/image\/","url":"https:\/\/www.musee-mccord-stewart.ca\/app\/uploads\/2023\/05\/logo_museemccordstewart_horizontal_noir_slogan.svg","contentUrl":"https:\/\/www.musee-mccord-stewart.ca\/app\/uploads\/2023\/05\/logo_museemccordstewart_horizontal_noir_slogan.svg","width":1,"height":1,"caption":"McCord Stewart Museum"},"image":{"@id":"https:\/\/www.musee-mccord-stewart.ca\/fr\/#\/schema\/logo\/image\/"},"sameAs":["https:\/\/www.facebook.com\/museemccordstewart","https:\/\/twitter.com\/MuseeMcCordStew","https:\/\/instagram.com\/museemccordstewart","https:\/\/www.linkedin.com\/company\/museemccordstewart\/","https:\/\/www.pinterest.com\/museemccordstewart\/","https:\/\/www.youtube.com\/c\/MuseeMcCordStewartMuseum"]}]}},"_links":{"self":[{"href":"https:\/\/www.musee-mccord-stewart.ca\/en\/wp-json\/wp\/v2\/pages\/5344"}],"collection":[{"href":"https:\/\/www.musee-mccord-stewart.ca\/en\/wp-json\/wp\/v2\/pages"}],"about":[{"href":"https:\/\/www.musee-mccord-stewart.ca\/en\/wp-json\/wp\/v2\/types\/page"}],"author":[{"embeddable":true,"href":"https:\/\/www.musee-mccord-stewart.ca\/en\/wp-json\/wp\/v2\/users\/3"}],"replies":[{"embeddable":true,"href":"https:\/\/www.musee-mccord-stewart.ca\/en\/wp-json\/wp\/v2\/comments?post=5344"}],"version-history":[{"count":0,"href":"https:\/\/www.musee-mccord-stewart.ca\/en\/wp-json\/wp\/v2\/pages\/5344\/revisions"}],"up":[{"embeddable":true,"href":"https:\/\/www.musee-mccord-stewart.ca\/en\/wp-json\/wp\/v2\/pages\/2305"}],"wp:attachment":[{"href":"https:\/\/www.musee-mccord-stewart.ca\/en\/wp-json\/wp\/v2\/media?parent=5344"}],"wp:term":[{"taxonomy":"category","embeddable":true,"href":"https:\/\/www.musee-mccord-stewart.ca\/en\/wp-json\/wp\/v2\/categories?post=5344"},{"taxonomy":"post_tag","embeddable":true,"href":"https:\/\/www.musee-mccord-stewart.ca\/en\/wp-json\/wp\/v2\/tags?post=5344"}],"curies":[{"name":"wp","href":"https:\/\/api.w.org\/{rel}","templated":true}]}}