{"id":50781,"date":"2025-05-07T16:18:32","date_gmt":"2025-05-07T20:18:32","guid":{"rendered":"https:\/\/www.musee-mccord-stewart.ca\/?page_id=50781"},"modified":"2025-05-12T13:01:22","modified_gmt":"2025-05-12T17:01:22","slug":"bibliography","status":"publish","type":"page","link":"https:\/\/www.musee-mccord-stewart.ca\/en\/bibliography\/","title":{"rendered":"Bibliography"},"content":{"rendered":"<p>The images that compose the <a href=\"https:\/\/www.musee-mccord-stewart.ca\/en\/collections\/photography\/notman-photographic-archives\/\">Notman Photographic Archives<\/a> are regularly used as illustrations in scholarly studies that investigate various aspects of nineteenth-century history \u2013 for example, the histories of slavery, of westward colonialism or of railway technology. The Archives have also been the subject of numerous articles, theses, books and films on the histories of photography, art and visual culture, of which the following list offers a selection.<\/p>\n<p>Bara, Jana. \u201cCody\u2019s Wild West Show in Canada.\u201d <em>History of Photography<\/em>, vol. 20, no. 2 (Summer 1996), pp. 153\u2013156.<\/p>\n<p>______. \u201cThe image of Canada: Iconological Sources of Canadian Popular Symbolism: Nineteenth-century Souvenir Photographs.\u201d PhD diss., Concordia University, Montreal, 1991.<\/p>\n<p>______. \u201cThrough the Frosty Lens: William Notman and His Studio Props, 1861\u20131876.\u201d <em>History of Photography<\/em>, vol. 12, no. 1 (January\u2013 March 1988), pp. 23\u201330.<\/p>\n<p>Berton, Pierre. \u201cA Priceless Photo Collection Finds a Home.\u201d <em>Maclean\u2019s<\/em>, vol. 69, no. 24 (1956), pp. 16\u201327.<\/p>\n<p>Boone, Emilie. \u201cThe Likeness of Fugitivity: William Notman\u2019s <em>Carte-de-visite<\/em> Portrait of John Anderson.\u201d <em>History of Photography<\/em>, vol. 37, no. 2 (May 2013), pp. 221\u2013234.<\/p>\n<p>Cloutier, Nicole. \u201cLes disciples de Daguerre \u00e0 Qu\u00e9bec, 1839\u20131855.\u201d <em>Journal of Canadian Art History\/Annales d\u2019histoire de l\u2019art canadien<\/em>, vol. 5, no. 1 (1980), pp. 33\u201338.<\/p>\n<p>Evoughlian, Sandra. \u201cEnvisioning New Futures: Portrait Photographs of Black Victorians in Montreal, 1861\u20131901.\u201d MA thesis, McGill University, Montreal, 2018.<\/p>\n<p>Greenhill, Ralph. <em>Early Photography in Canada<\/em>. Toronto: Oxford University Press, 1965.<\/p>\n<p>Greenhill, Ralph, and Andrew Birrell. <em>Canadian Photography: 1839\u20131920<\/em>. Toronto: Coach House Press, 1979.<\/p>\n<p>Hall, Roger, Gordon Dodds and Stanley G. Triggs. <em>The World of William Notman: The Nineteenth Century through a Master Lens<\/em>. Toronto: McClelland &amp; Stewart, 1993.<\/p>\n<p>Harper, J. Russell, and Stanley G. Triggs. <em>Portrait of a Period: A Collection of Notman Photographs<\/em>, 1856\u20131915. Montreal: McGill University Press, 1967.<\/p>\n<p>Lavoie, Vincent. \u201cFrom the Final Sleep to the First Steps: Postmortem Portraiture and Childhood and Amateur Photography.\u201d In <em>Healing the World\u2019s Children: Interdisciplinary Perspectives on Child Health in the Twentieth Century<\/em>, edited by Cynthia Comacchio, Janet Golden and George Weisz, pp. 282\u2013294. Montreal and Kingston: McGill-Queen\u2019s University Press, 2008.<\/p>\n<p>Lee, Anthony W. <em>The Global Flows of Early Scottish Photography: Encounters in Scotland, Canada and China<\/em>. Montreal and Kingston: McGill-Queen\u2019s University Press, 2019.<\/p>\n<p>Lerner, Loren. \u201cWilliam Notman\u2019s Home Library: Discovering Underlying Meaning in the Portrait Photograph.\u201d In <em>Collecting Knowledge: New Dialogues on McCord Museum Collections\/\u00c0 la recherche du savoir : nouveaux \u00e9changes sur les collections du Mus\u00e9e McCord<\/em>, edited by Joanne Burgess, Cynthia Cooper, C\u00e9line Widmer and Natasha Zwarich, pp. 85\u201399. Montreal: \u00c9ditions MultiMondes, 2015.<\/p>\n<p>______. \u201cWilliam Notman\u2019s Portrait Photographs of Girls Reading from the 1860s to 1880s: A Pictorial Analysis Based on Contemporary Writings.\u201d <em>Papers of the Bibliographical Society of Canada\/Cahiers de la Soci\u00e9t\u00e9 bibliographique du Canada<\/em>, vol. 47, no. 1 (2009), pp. 45\u201373.<\/p>\n<p>______. \u201cWilliam Notman\u2019s Portrait Photographs of the Wealthy English-speaking Girls of Montreal: Representations of Informal Female Education in Relation to John Ruskin\u2019s \u2018Of Queens\u2019 Gardens\u2019 and Writings by and for Canadians from the 1850s to the 1890s.\u201d <em>Historical Studies in Education\/Revue d\u2019histoire de l\u2019\u00e9ducation<\/em>, vol. 21, no. 2 (2009), pp. 65\u201387.<\/p>\n<p>Lessard, Michel. \u201cPhotographie et id\u00e9ologie : W. McFarlane Notman (1857\u20131913).\u201d <em>Photo S\u00e9lection<\/em>, vol. 6, no. 3 (August 1986), pp. 42\u201343, 55.<\/p>\n<p>\u2013\u2013\u2013\u2013\u2013\u2013. \u201cAvec l\u2019av\u00e8nement du format cabinet&#8230; La maison Notman de Montr\u00e9al (1856\u20131935) : un commerce d\u2019art.\u201d <em>Photo S\u00e9lection<\/em>, vol. 5, no. 6 (February 1986), pp. 37\u201339.<\/p>\n<p>McNabb, Heather. \u201cVisions of Canada: Photographs and History in a Museum, 1921\u20131967.\u201d PhD diss., Concordia University, Montreal, 2015.<\/p>\n<p>Morisset, G\u00e9rard. \u201cLes pionniers de la photographie canadienne.\u201d <em>La Revue populaire<\/em>, vol. 44, no. 9 (September 1951), pp. 14\u201315, 58, 60\u201363.<\/p>\n<p>Newhall, Beaumont. \u201cWilliam Notman, 1826\u20131891.\u201d <em>Image: Journal of Photography of the George Eastman House<\/em>, vol. 4, no. 8 (November 1955), pp. 58\u201359.<\/p>\n<p>Omhov\u00e8re, Claire. \u201cDocumenting Disappearance: A Century of Canadian Photography, from William McFarlane Notman to Edward Burtynsky and Douglas Coupland.\u201d In <em>The Memory of Nature in Aboriginal, Canadian and American Contexts<\/em>. Newcastle upon Tyne: Cambridge Scholars Publishing, 2014.<\/p>\n<p>Paquet, Suzanne. \u201cTranscontinental Lines: Migrating Images and the Production of Space.\u201d <em>Photoresearcher<\/em> (Vienna, European Society for the History of Photography, Donau-Universt\u00e4t Krems), no. 12 (May 2009), pp. 26\u201335.<\/p>\n<p>Parsons, Sarah. \u201cDomesticating Jefferson Davis: Family Photography and Postwar Confederate Visual Culture.\u201d <em>American Art<\/em>, vol. 37, no. 1 (Spring 2023), pp. 82\u2013105.<\/p>\n<p>______. <em>William Notman: Life and Work<\/em>. Toronto: Art Canada Institute, 2014. E-book.<\/p>\n<p>Parsons, Sarah, and Vanessa Nicholas. \u201cVictorian Facebooks: Privacy Concerns at William Notman\u2019s Studio.\u201d <em>History of Photography<\/em>, vol. 46, no. 4 (November 2022), pp. 227\u2013242.<\/p>\n<p>Poulter, Gillian. <em>Becoming Native in a Foreign Land: Sport, Visual Culture, and Identity in Montreal<\/em>, 1840\u201385. Vancouver: UBC Press, 2009.<\/p>\n<p>Regimbald-Roy, Florence. \u201cElites and Scottishness in Montreal: Identity, Culture and the Self in Portrait Photography, 1860\u20131900.\u201d MA thesis, McGill University, Montreal, 2021.<\/p>\n<p>Reid, Dennis. \u201cWilliam Notman: St. Anne Falls, near Quebec.\u201d <em>Canadian Art<\/em>, vol. 29, no. 4 (Winter 2013), pp. 88\u201389.<\/p>\n<p>Rioux, Gilles. \u201cNotman et les jeux\/photomontages.\u201d <em>Vie des arts<\/em>, vol. 21, no. 83 (Summer 1976), pp. 18\u201321.<\/p>\n<p>Ruggles, Mervyn. \u201cPaintings on a Photographic Base.\u201d <em>Journal of the American Institute for Conservation<\/em>, vol. 24, no. 2 (Spring 1985), pp. 92\u2013103.<\/p>\n<p>Samson, H\u00e9l\u00e8ne. \u201c<em>Portrait of a Period<\/em> de J. Russell Harper et Stanley Triggs (dir.), 1967. Le livre devrait conjuguer \u00e9l\u00e9gance et distinction.\u201d In <em>Livres qu\u00e9b\u00e9cois remarquables du XX<sup>e<\/sup> si\u00e8cle<\/em>, edited by Claude Corbo, pp. 222\u2013235. Montreal: Presses de l\u2019Universit\u00e9 du Qu\u00e9bec and Biblioth\u00e8que et Archives nationales, 2012.<\/p>\n<p>______. \u201cNotman Photographic Archives.\u201d In <em>90 Treasures, 90 Stories, 90 Years<\/em>, edited by Nicole Valli\u00e8res and Cynthia Cooper, pp. 172\u2013211. Montreal: McCord Museum, 2011.<\/p>\n<p>______. \u201cNotman re\u00e7oit.\u201d <em>Continuit\u00e9<\/em>, no. 122 (Fall 2009), pp. 45\u201349.<\/p>\n<p>Samson, H\u00e9l\u00e8ne, and Suzanne Sauvage, eds. <em>Notman: A Visionary Photographer<\/em>. Montreal and Paris: McCord Museum and Hazan, 2016.<\/p>\n<p>Schwartz, Joan M. \u201cPhotographic Archives and the Idea of Nation: Images, Imaginings, and Imagined Community.\u201d In <em>Photo Archives and the Idea of Nation<\/em>, edited by Costanza Caraffa and Tiziana Serena, pp. 17\u201340. Berlin, Munich and Boston: De Gruyter, 2015.<\/p>\n<p>______. \u201cWilliam Notman\u2019s Hunting Photographs, 1866.\u201d <em>The Archivist\/L\u2019Archiviste<\/em>, no. 117 (1998), pp. 20\u201329.<\/p>\n<p>______. \u201cAnother Side of William Notman.\u201d <em>History of Photography<\/em>, vol. 10, no. 1 (Spring 1986), pp. 63\u201369.<\/p>\n<p>Skidmore, Colleen. \u201cNotman\u2019s Printing Room.\u201d In <em>Rare Merit: Women in Photography in Canada<\/em>, 1840\u20131940, pp. 59\u201381. Vancouver, UBC Press, 2022.<\/p>\n<p>______. \u201cWomen in Photography at the Notman Studio, Montreal, 1856\u20131881.\u201d PhD diss., University of Alberta, Edmonton, 1999.<\/p>\n<p>______. \u201c\u2018All That Is Interesting in the Canadas\u2019: William Notman\u2019s Maple Box Portfolio of Stereographic Views, 1860.\u201d <em>Journal of Canadian Studies\/Revue d\u2019\u00e9tudes canadiennes<\/em>, vol. 32, no. 4 (Winter 1997\u20131998), pp. 69\u201390.<\/p>\n<p>______. \u201cWomen Workers in Notman\u2019s Studio: Young Ladies of the Printing Room.\u201d <em>History of Photography<\/em>, vol. 20, no. 2 (Summer 1996), pp. 122\u2013128.<\/p>\n<p>Thomas, Ann. <em>Fact and Fiction: Canadian Painting and Photography, 1860\u20131900\/Le r\u00e9el et l\u2019imaginaire : peinture et photographie canadiennes, 1860\u20131900<\/em>. Montreal: McCord Museum, 1979.<\/p>\n<p>Triggs, Stanley G. \u201cThe Notman Photographic Archives.\u201d <em>History of Photography<\/em>, vol. 20, no. 2 (Summer 1996), pp. 180\u2013185.<\/p>\n<p>______. <em>The Composite Photographs of William Notman\/Les photographies composites de William Notman<\/em>. Montreal: McCord Museum of Canadian History, 1994.<\/p>\n<p>______. <em>William Notman\u2019s Studio: The Canadian Picture\/Le studio de William Notman : objectif Canada<\/em>. Montreal: McCord Museum of Canadian History, 1992.<\/p>\n<p>______. <em>William Notman: The Stamp of a Studio<\/em>. Toronto: Art Gallery of Ontario and The Coach House Press, 1985.<\/p>\n<p>Triggs, Stanley G., Conrad Graham, Brian Young and Gilles Lauzon. <em>Victoria Bridge: The Vital Link\/Le pont Victoria : un lien vital<\/em>. Montreal: McCord Museum of Canadian History, 1992.<\/p>\n<p>Willock, David. \u201cPioneer Picture-Takers.\u201d <em>Weekend Picture Magazine<\/em>, vol. 3, no. 52 (1953), pp. 14\u201316.<\/p>\n<p>Wilson, Robert G. \u201cNotman\u2019s Maple Box.\u201d <em>Stereo World<\/em>, vol. 23, no. 6 (January\u2013February 1997), pp. 14\u201322.<\/p>\n<p>______. \u201cWilliam Notman\u2019s Stereo Perspective: The Victoria Bridge, Montreal.\u201d <em>History of Photography<\/em>, vol. 20, no. 2 (Summer 1996), pp. 108\u2013112.<\/p>\n<h2>Audio\/video content<\/h2>\n<p><em>Notman\u2019s Canada: Photographer to the Queen<\/em>. Documentary directed by Murray Battle. Toronto: PTV Productions Inc., in conjunction with the McCord Museum, 2004. Film, 60 min.<\/p>\n<p><em>Notman\u2019s World<\/em>. Documentary short directed by Albert Kish. Montreal: National Film Board of Canada, 1989. Film, 29 min.<\/p>\n<p>William Notman of Montreal. Two-part radio documentary written by Elaine Kalman Naves. <em>Ideas<\/em>, Canadian Broadcasting Corporation, Montreal, 22 and 23 February 2012. Sound recording, 54 min. (each part).<\/p>\n","protected":false},"excerpt":{"rendered":"<p>The images that compose the Notman Photographic Archives are regularly used as illustrations in scholarly studies that investigate various aspects of nineteenth-century history \u2013 for example, the histories of slavery, of westward colonialism or of railway technology. The Archives have also been the subject of numerous articles, theses, books and films on the histories of [&hellip;]<\/p>\n","protected":false},"author":51,"featured_media":0,"parent":0,"menu_order":0,"comment_status":"closed","ping_status":"closed","template":"page-templates\/page-texte.php","meta":{"footnotes":""},"categories":[],"tags":[],"acf":[],"yoast_head":"<!-- This site is optimized with the Yoast SEO Premium plugin v20.11 (Yoast SEO v20.11) - https:\/\/yoast.com\/wordpress\/plugins\/seo\/ -->\n<title>Bibliography - McCord Stewart Museum<\/title>\n<meta name=\"description\" content=\"Notman Photographic Archives are regularly used as illustrations in scholarly studies that investigate various aspects of nineteenth-century history.\" \/>\n<meta name=\"robots\" content=\"index, follow, max-snippet:-1, max-image-preview:large, max-video-preview:-1\" \/>\n<link rel=\"canonical\" href=\"https:\/\/www.musee-mccord-stewart.ca\/en\/bibliography\/\" \/>\n<meta property=\"og:locale\" content=\"en_US\" \/>\n<meta property=\"og:type\" content=\"article\" \/>\n<meta property=\"og:title\" content=\"Bibliography\" \/>\n<meta property=\"og:description\" content=\"Complete your 19th century research with the bibliography from publication William Notman: A Visionary Photographer.\" \/>\n<meta property=\"og:url\" content=\"https:\/\/www.musee-mccord-stewart.ca\/en\/bibliography\/\" \/>\n<meta property=\"og:site_name\" content=\"McCord Stewart Museum\" \/>\n<meta property=\"article:publisher\" content=\"https:\/\/www.facebook.com\/museemccordstewart\" \/>\n<meta property=\"article:modified_time\" content=\"2025-05-12T17:01:22+00:00\" \/>\n<meta property=\"og:image\" content=\"https:\/\/www.musee-mccord-stewart.ca\/app\/uploads\/2015\/09\/echanges_1320.jpg\" \/>\n\t<meta property=\"og:image:width\" content=\"1320\" \/>\n\t<meta property=\"og:image:height\" content=\"480\" \/>\n\t<meta property=\"og:image:type\" content=\"image\/jpeg\" \/>\n<meta name=\"twitter:card\" content=\"summary_large_image\" \/>\n<meta name=\"twitter:description\" content=\"Complete your 19th century research with the bibliography from publication William Notman: A Visionary Photographer.\" \/>\n<meta name=\"twitter:site\" content=\"@MuseeMcCordStew\" \/>\n<meta name=\"twitter:label1\" content=\"Est. reading time\" \/>\n\t<meta name=\"twitter:data1\" content=\"7 minutes\" \/>\n<script type=\"application\/ld+json\" class=\"yoast-schema-graph\">{\"@context\":\"https:\/\/schema.org\",\"@graph\":[{\"@type\":\"WebPage\",\"@id\":\"https:\/\/www.musee-mccord-stewart.ca\/en\/bibliography\/\",\"url\":\"https:\/\/www.musee-mccord-stewart.ca\/en\/bibliography\/\",\"name\":\"Bibliography - McCord Stewart Museum\",\"isPartOf\":{\"@id\":\"https:\/\/www.musee-mccord-stewart.ca\/fr\/#website\"},\"datePublished\":\"2025-05-07T20:18:32+00:00\",\"dateModified\":\"2025-05-12T17:01:22+00:00\",\"description\":\"Notman Photographic Archives are regularly used as illustrations in scholarly studies that investigate various aspects of nineteenth-century history.\",\"breadcrumb\":{\"@id\":\"https:\/\/www.musee-mccord-stewart.ca\/en\/bibliography\/#breadcrumb\"},\"inLanguage\":\"en-US\",\"potentialAction\":[{\"@type\":\"ReadAction\",\"target\":[\"https:\/\/www.musee-mccord-stewart.ca\/en\/bibliography\/\"]}]},{\"@type\":\"BreadcrumbList\",\"@id\":\"https:\/\/www.musee-mccord-stewart.ca\/en\/bibliography\/#breadcrumb\",\"itemListElement\":[{\"@type\":\"ListItem\",\"position\":1,\"name\":\"Accueil\",\"item\":\"https:\/\/www.musee-mccord-stewart.ca\/en\/\"},{\"@type\":\"ListItem\",\"position\":2,\"name\":\"Bibliography\"}]},{\"@type\":\"WebSite\",\"@id\":\"https:\/\/www.musee-mccord-stewart.ca\/fr\/#website\",\"url\":\"https:\/\/www.musee-mccord-stewart.ca\/fr\/\",\"name\":\"McCord Stewart Museum\",\"description\":\"Our world, our stories\",\"publisher\":{\"@id\":\"https:\/\/www.musee-mccord-stewart.ca\/fr\/#organization\"},\"alternateName\":\"MCS\",\"potentialAction\":[{\"@type\":\"SearchAction\",\"target\":{\"@type\":\"EntryPoint\",\"urlTemplate\":\"https:\/\/www.musee-mccord-stewart.ca\/fr\/?s={search_term_string}\"},\"query-input\":\"required name=search_term_string\"}],\"inLanguage\":\"en-US\"},{\"@type\":\"Organization\",\"@id\":\"https:\/\/www.musee-mccord-stewart.ca\/fr\/#organization\",\"name\":\"McCord Stewart Museum\",\"alternateName\":\"MCS\",\"url\":\"https:\/\/www.musee-mccord-stewart.ca\/fr\/\",\"logo\":{\"@type\":\"ImageObject\",\"inLanguage\":\"en-US\",\"@id\":\"https:\/\/www.musee-mccord-stewart.ca\/fr\/#\/schema\/logo\/image\/\",\"url\":\"https:\/\/www.musee-mccord-stewart.ca\/app\/uploads\/2023\/05\/logo_museemccordstewart_horizontal_noir_slogan.svg\",\"contentUrl\":\"https:\/\/www.musee-mccord-stewart.ca\/app\/uploads\/2023\/05\/logo_museemccordstewart_horizontal_noir_slogan.svg\",\"width\":1,\"height\":1,\"caption\":\"McCord Stewart Museum\"},\"image\":{\"@id\":\"https:\/\/www.musee-mccord-stewart.ca\/fr\/#\/schema\/logo\/image\/\"},\"sameAs\":[\"https:\/\/www.facebook.com\/museemccordstewart\",\"https:\/\/twitter.com\/MuseeMcCordStew\",\"https:\/\/instagram.com\/museemccordstewart\",\"https:\/\/www.linkedin.com\/company\/museemccordstewart\/\",\"https:\/\/www.pinterest.com\/museemccordstewart\/\",\"https:\/\/www.youtube.com\/c\/MuseeMcCordStewartMuseum\"]}]}<\/script>\n<!-- \/ Yoast SEO Premium plugin. -->","yoast_head_json":{"title":"Bibliography - McCord Stewart Museum","description":"Notman Photographic Archives are regularly used as illustrations in scholarly studies that investigate various aspects of nineteenth-century history.","robots":{"index":"index","follow":"follow","max-snippet":"max-snippet:-1","max-image-preview":"max-image-preview:large","max-video-preview":"max-video-preview:-1"},"canonical":"https:\/\/www.musee-mccord-stewart.ca\/en\/bibliography\/","og_locale":"en_US","og_type":"article","og_title":"Bibliography","og_description":"Complete your 19th century research with the bibliography from publication William Notman: A Visionary Photographer.","og_url":"https:\/\/www.musee-mccord-stewart.ca\/en\/bibliography\/","og_site_name":"McCord Stewart Museum","article_publisher":"https:\/\/www.facebook.com\/museemccordstewart","article_modified_time":"2025-05-12T17:01:22+00:00","og_image":[{"width":1320,"height":480,"url":"https:\/\/www.musee-mccord-stewart.ca\/app\/uploads\/2015\/09\/echanges_1320.jpg","type":"image\/jpeg"}],"twitter_card":"summary_large_image","twitter_description":"Complete your 19th century research with the bibliography from publication William Notman: A Visionary Photographer.","twitter_site":"@MuseeMcCordStew","twitter_misc":{"Est. reading time":"7 minutes"},"schema":{"@context":"https:\/\/schema.org","@graph":[{"@type":"WebPage","@id":"https:\/\/www.musee-mccord-stewart.ca\/en\/bibliography\/","url":"https:\/\/www.musee-mccord-stewart.ca\/en\/bibliography\/","name":"Bibliography - McCord Stewart Museum","isPartOf":{"@id":"https:\/\/www.musee-mccord-stewart.ca\/fr\/#website"},"datePublished":"2025-05-07T20:18:32+00:00","dateModified":"2025-05-12T17:01:22+00:00","description":"Notman Photographic Archives are regularly used as illustrations in scholarly studies that investigate various aspects of nineteenth-century history.","breadcrumb":{"@id":"https:\/\/www.musee-mccord-stewart.ca\/en\/bibliography\/#breadcrumb"},"inLanguage":"en-US","potentialAction":[{"@type":"ReadAction","target":["https:\/\/www.musee-mccord-stewart.ca\/en\/bibliography\/"]}]},{"@type":"BreadcrumbList","@id":"https:\/\/www.musee-mccord-stewart.ca\/en\/bibliography\/#breadcrumb","itemListElement":[{"@type":"ListItem","position":1,"name":"Accueil","item":"https:\/\/www.musee-mccord-stewart.ca\/en\/"},{"@type":"ListItem","position":2,"name":"Bibliography"}]},{"@type":"WebSite","@id":"https:\/\/www.musee-mccord-stewart.ca\/fr\/#website","url":"https:\/\/www.musee-mccord-stewart.ca\/fr\/","name":"McCord Stewart Museum","description":"Our world, our stories","publisher":{"@id":"https:\/\/www.musee-mccord-stewart.ca\/fr\/#organization"},"alternateName":"MCS","potentialAction":[{"@type":"SearchAction","target":{"@type":"EntryPoint","urlTemplate":"https:\/\/www.musee-mccord-stewart.ca\/fr\/?s={search_term_string}"},"query-input":"required name=search_term_string"}],"inLanguage":"en-US"},{"@type":"Organization","@id":"https:\/\/www.musee-mccord-stewart.ca\/fr\/#organization","name":"McCord Stewart Museum","alternateName":"MCS","url":"https:\/\/www.musee-mccord-stewart.ca\/fr\/","logo":{"@type":"ImageObject","inLanguage":"en-US","@id":"https:\/\/www.musee-mccord-stewart.ca\/fr\/#\/schema\/logo\/image\/","url":"https:\/\/www.musee-mccord-stewart.ca\/app\/uploads\/2023\/05\/logo_museemccordstewart_horizontal_noir_slogan.svg","contentUrl":"https:\/\/www.musee-mccord-stewart.ca\/app\/uploads\/2023\/05\/logo_museemccordstewart_horizontal_noir_slogan.svg","width":1,"height":1,"caption":"McCord Stewart Museum"},"image":{"@id":"https:\/\/www.musee-mccord-stewart.ca\/fr\/#\/schema\/logo\/image\/"},"sameAs":["https:\/\/www.facebook.com\/museemccordstewart","https:\/\/twitter.com\/MuseeMcCordStew","https:\/\/instagram.com\/museemccordstewart","https:\/\/www.linkedin.com\/company\/museemccordstewart\/","https:\/\/www.pinterest.com\/museemccordstewart\/","https:\/\/www.youtube.com\/c\/MuseeMcCordStewartMuseum"]}]}},"_links":{"self":[{"href":"https:\/\/www.musee-mccord-stewart.ca\/en\/wp-json\/wp\/v2\/pages\/50781"}],"collection":[{"href":"https:\/\/www.musee-mccord-stewart.ca\/en\/wp-json\/wp\/v2\/pages"}],"about":[{"href":"https:\/\/www.musee-mccord-stewart.ca\/en\/wp-json\/wp\/v2\/types\/page"}],"author":[{"embeddable":true,"href":"https:\/\/www.musee-mccord-stewart.ca\/en\/wp-json\/wp\/v2\/users\/51"}],"replies":[{"embeddable":true,"href":"https:\/\/www.musee-mccord-stewart.ca\/en\/wp-json\/wp\/v2\/comments?post=50781"}],"version-history":[{"count":0,"href":"https:\/\/www.musee-mccord-stewart.ca\/en\/wp-json\/wp\/v2\/pages\/50781\/revisions"}],"wp:attachment":[{"href":"https:\/\/www.musee-mccord-stewart.ca\/en\/wp-json\/wp\/v2\/media?parent=50781"}],"wp:term":[{"taxonomy":"category","embeddable":true,"href":"https:\/\/www.musee-mccord-stewart.ca\/en\/wp-json\/wp\/v2\/categories?post=50781"},{"taxonomy":"post_tag","embeddable":true,"href":"https:\/\/www.musee-mccord-stewart.ca\/en\/wp-json\/wp\/v2\/tags?post=50781"}],"curies":[{"name":"wp","href":"https:\/\/api.w.org\/{rel}","templated":true}]}}