{"id":49329,"date":"2024-11-09T12:39:15","date_gmt":"2024-11-09T17:39:15","guid":{"rendered":"https:\/\/www.musee-mccord-stewart.ca\/?page_id=49329"},"modified":"2024-11-12T17:24:14","modified_gmt":"2024-11-12T22:24:14","slug":"costume-balls-books-in-exhibition","status":"publish","type":"page","link":"https:\/\/www.musee-mccord-stewart.ca\/en\/collections\/costume-balls-books-in-exhibition\/","title":{"rendered":"Books in the exhibition"},"content":{"rendered":"<p><strong>Want to know more about the books on display in the exhibition <a href=\"https:\/\/www.musee-mccord-stewart.ca\/en\/exhibitions\/costume-balls\/\"><em>Costume Balls: Dressing Up History, 1870-1927?\u00a0<\/em><\/a>Full online versions can be found here.<\/strong><\/p>\n<h3><strong><span data-teams=\"true\">Guidebooks, fashion plates and picture books<\/span><\/strong><\/h3>\n<p>Inspiration for characters and costumes came from a wide range of sources, including guidebooks offering encyclopedic lists of characters, descriptions of what to wear, and sometimes even patterns that could be purchased by mail order.<\/p>\n<p>Browsing through these guidebooks and fashion plates reveals the repertoire of Eurocentric cultural reference points of the time<\/p>\n<p>A closer reading of guidebooks of the period offers a great deal of insight into Victorian popular culture. Their catalogue of stereotypes and racist tropes notably demonstrates deeply entrenched beliefs in white superiority.<\/p>\n<table style=\"border-collapse: collapse; width: 100%;\">\n<tbody>\n<tr>\n<td style=\"width: 15.9898%;\"><a href=\"https:\/\/collections.musee-mccord-stewart.ca\/en\/objects\/482554\"><img loading=\"lazy\" decoding=\"async\" class=\"alignnone wp-image-49338 size-full\" src=\"https:\/\/www.musee-mccord-stewart.ca\/app\/uploads\/2024\/11\/mccord-stewart_bals-costumes_m2023x-5-6-4_20240710-p1_ld_800px.jpg\" alt=\"\" width=\"545\" height=\"800\" srcset=\"https:\/\/www.musee-mccord-stewart.ca\/app\/uploads\/2024\/11\/mccord-stewart_bals-costumes_m2023x-5-6-4_20240710-p1_ld_800px.jpg 545w, https:\/\/www.musee-mccord-stewart.ca\/app\/uploads\/2024\/11\/mccord-stewart_bals-costumes_m2023x-5-6-4_20240710-p1_ld_800px-204x300.jpg 204w\" sizes=\"(max-width: 545px) 100vw, 545px\" \/><\/a><\/td>\n<td style=\"width: 84.0102%;\"><a href=\"https:\/\/collections.musee-mccord-stewart.ca\/en\/objects\/482554\">Compte-Calix<em>, <\/em>Fran\u00e7ois Claudius, <em>Les travestissements \u00e9l\u00e9gants. Les Modes Parisiennes, <\/em>Paris, 1864.<\/a><br \/>\nMcCord Stewart Museum, M2023X.5.6.1-15<\/td>\n<\/tr>\n<tr>\n<td style=\"width: 15.9898%;\"><a href=\"https:\/\/collections.musee-mccord-stewart.ca\/en\/objects\/482512\"><img loading=\"lazy\" decoding=\"async\" class=\"alignnone wp-image-49331 size-full\" src=\"https:\/\/www.musee-mccord-stewart.ca\/app\/uploads\/2024\/11\/m977-45-3-1_20240710-p10_ld_800px.jpg\" alt=\"\" width=\"527\" height=\"800\" srcset=\"https:\/\/www.musee-mccord-stewart.ca\/app\/uploads\/2024\/11\/m977-45-3-1_20240710-p10_ld_800px.jpg 527w, https:\/\/www.musee-mccord-stewart.ca\/app\/uploads\/2024\/11\/m977-45-3-1_20240710-p10_ld_800px-198x300.jpg 198w\" sizes=\"(max-width: 527px) 100vw, 527px\" \/><\/a><\/td>\n<td style=\"width: 84.0102%;\"><a href=\"https:\/\/collections.musee-mccord-stewart.ca\/en\/objects\/482512\">Goubaud, Abel, <em>Travestissements<\/em>, Paris, [1880\u20131890].<\/a><br \/>\nGift in memory of Moe Lippman, McCord Stewart Museum, M977.45.3.1<\/td>\n<\/tr>\n<tr>\n<td style=\"width: 15.9898%;\"><a href=\"https:\/\/collections.musee-mccord-stewart.ca\/en\/objects\/482513\"><img loading=\"lazy\" decoding=\"async\" class=\"alignnone wp-image-49335 size-full\" src=\"https:\/\/www.musee-mccord-stewart.ca\/app\/uploads\/2024\/11\/mccord-stewart_bals-costumes_m977-45-3-2_20240710-p10_ld_800px.jpg\" alt=\"\" width=\"665\" height=\"800\" srcset=\"https:\/\/www.musee-mccord-stewart.ca\/app\/uploads\/2024\/11\/mccord-stewart_bals-costumes_m977-45-3-2_20240710-p10_ld_800px.jpg 665w, https:\/\/www.musee-mccord-stewart.ca\/app\/uploads\/2024\/11\/mccord-stewart_bals-costumes_m977-45-3-2_20240710-p10_ld_800px-249x300.jpg 249w\" sizes=\"(max-width: 665px) 100vw, 665px\" \/><\/a><\/td>\n<td style=\"width: 84.0102%;\"><a href=\"https:\/\/collections.musee-mccord-stewart.ca\/en\/objects\/482513\">Goubaud, Abel, <em>Travestissements<\/em>, Paris, [1880\u20131890].<\/a><br \/>\nGift in memory of Moe Lippman, McCord Stewart Museum, M977.45.3.2<\/td>\n<\/tr>\n<tr>\n<td style=\"width: 15.9898%;\"><a href=\"https:\/\/collections.musee-mccord-stewart.ca\/en\/objects\/482514\"><img loading=\"lazy\" decoding=\"async\" class=\"alignnone wp-image-49336 size-full\" src=\"https:\/\/www.musee-mccord-stewart.ca\/app\/uploads\/2024\/11\/mccord-stewart_bals-costumes_m977-45-3-3_20240710-p10_ld_800px.jpg\" alt=\"\" width=\"513\" height=\"800\" srcset=\"https:\/\/www.musee-mccord-stewart.ca\/app\/uploads\/2024\/11\/mccord-stewart_bals-costumes_m977-45-3-3_20240710-p10_ld_800px.jpg 513w, https:\/\/www.musee-mccord-stewart.ca\/app\/uploads\/2024\/11\/mccord-stewart_bals-costumes_m977-45-3-3_20240710-p10_ld_800px-192x300.jpg 192w\" sizes=\"(max-width: 513px) 100vw, 513px\" \/><\/a><\/td>\n<td style=\"width: 84.0102%;\"><a href=\"https:\/\/collections.musee-mccord-stewart.ca\/en\/objects\/482514\">Goubaud, Abel, <em>Travestissements<\/em>, Paris, [1880\u20131890].<\/a><br \/>\nGift in memory of Moe Lippman, McCord Stewart Museum, M977.45.3.3<\/td>\n<\/tr>\n<tr>\n<td style=\"width: 15.9898%;\"><a href=\"https:\/\/archive.org\/details\/cu31924029922451\/mode\/2up?view=theater\"><img loading=\"lazy\" decoding=\"async\" class=\"alignnone wp-image-49334 size-full\" src=\"https:\/\/www.musee-mccord-stewart.ca\/app\/uploads\/2024\/11\/mccord-stewart_bals-costumes_fancy_dress_6e_edition_800px.jpg\" alt=\"\" width=\"543\" height=\"800\" srcset=\"https:\/\/www.musee-mccord-stewart.ca\/app\/uploads\/2024\/11\/mccord-stewart_bals-costumes_fancy_dress_6e_edition_800px.jpg 543w, https:\/\/www.musee-mccord-stewart.ca\/app\/uploads\/2024\/11\/mccord-stewart_bals-costumes_fancy_dress_6e_edition_800px-204x300.jpg 204w\" sizes=\"(max-width: 543px) 100vw, 543px\" \/><\/a><\/td>\n<td style=\"width: 84.0102%;\"><a href=\"https:\/\/archive.org\/details\/cu31924029922451\/mode\/2up?view=theater\">Holt, Ardern. <em>Fancy Dresses Described; or, What to Wear at Fancy Balls<\/em>. 5th ed. London: Debenham and Freebody, 1887.<\/a><\/td>\n<\/tr>\n<tr>\n<td style=\"width: 15.9898%;\"><a href=\"https:\/\/archive.org\/details\/gri_33125002201586\/mode\/2up\"><img loading=\"lazy\" decoding=\"async\" class=\"alignnone wp-image-49333 size-full\" src=\"https:\/\/www.musee-mccord-stewart.ca\/app\/uploads\/2024\/11\/mccord-stewart_bals-costumes_ex2024-01-008-01_20240927-p7-fig9_ld_800px.jpg\" alt=\"\" width=\"530\" height=\"800\" srcset=\"https:\/\/www.musee-mccord-stewart.ca\/app\/uploads\/2024\/11\/mccord-stewart_bals-costumes_ex2024-01-008-01_20240927-p7-fig9_ld_800px.jpg 530w, https:\/\/www.musee-mccord-stewart.ca\/app\/uploads\/2024\/11\/mccord-stewart_bals-costumes_ex2024-01-008-01_20240927-p7-fig9_ld_800px-199x300.jpg 199w\" sizes=\"(max-width: 530px) 100vw, 530px\" \/><\/a><\/td>\n<td style=\"width: 84.0102%;\"><a href=\"https:\/\/archive.org\/details\/gri_33125002201586\/mode\/2up\">Holt, Ardern. <em>Fancy Dresses Described; or, What to Wear at Fancy Balls<\/em>. 6th ed. London: Debenham and Freebody, 1896.<\/a><\/td>\n<\/tr>\n<tr>\n<td style=\"width: 15.9898%;\"><a href=\"https:\/\/www.google.ca\/books\/edition\/Gentlemen_s_Fancy_Dress\/ED8CAAAAQAAJ?hl=en&amp;gbpv=1&amp;dq=Gentleman%27s+Fancy+Dress&amp;printsec=frontcover\"><img loading=\"lazy\" decoding=\"async\" class=\"alignnone wp-image-49341 size-full\" src=\"https:\/\/www.musee-mccord-stewart.ca\/app\/uploads\/2024\/11\/mccord-stewart_bals-costumes_m2024-61-3_20240927-p13_ld_800px.jpg\" alt=\"\" width=\"540\" height=\"800\" srcset=\"https:\/\/www.musee-mccord-stewart.ca\/app\/uploads\/2024\/11\/mccord-stewart_bals-costumes_m2024-61-3_20240927-p13_ld_800px.jpg 540w, https:\/\/www.musee-mccord-stewart.ca\/app\/uploads\/2024\/11\/mccord-stewart_bals-costumes_m2024-61-3_20240927-p13_ld_800px-203x300.jpg 203w\" sizes=\"(max-width: 540px) 100vw, 540px\" \/><\/a><\/td>\n<td style=\"width: 84.0102%;\"><a href=\"https:\/\/www.google.ca\/books\/edition\/Gentlemen_s_Fancy_Dress\/ED8CAAAAQAAJ?hl=en&amp;gbpv=1&amp;dq=Gentleman%27s+Fancy+Dress&amp;printsec=frontcover\">Holt, Ardern, <em>Gentlemen\u2019s Fancy Dress: How to Choose It<\/em>. London: Wyman &amp; Sons, 1882.<\/a><\/td>\n<\/tr>\n<tr>\n<td style=\"width: 15.9898%;\"><a href=\"https:\/\/collections.musee-mccord-stewart.ca\/en\/objects\/485233\"><img loading=\"lazy\" decoding=\"async\" class=\"alignnone wp-image-49339 size-full\" src=\"https:\/\/www.musee-mccord-stewart.ca\/app\/uploads\/2024\/11\/mccord-stewart_bals-costumes_m2024-61-1_20240619-p2_ld_800px.jpg\" alt=\"\" width=\"551\" height=\"800\" srcset=\"https:\/\/www.musee-mccord-stewart.ca\/app\/uploads\/2024\/11\/mccord-stewart_bals-costumes_m2024-61-1_20240619-p2_ld_800px.jpg 551w, https:\/\/www.musee-mccord-stewart.ca\/app\/uploads\/2024\/11\/mccord-stewart_bals-costumes_m2024-61-1_20240619-p2_ld_800px-207x300.jpg 207w\" sizes=\"(max-width: 551px) 100vw, 551px\" \/><\/a><\/td>\n<td style=\"width: 84.0102%;\"><a href=\"https:\/\/collections.musee-mccord-stewart.ca\/en\/objects\/485233\"><em>Le Bal Costum\u00e9, <\/em>Paris, Librairie Hachette et Cie, 1879<\/a><em>.<br \/>\n<\/em>McCord Stewart Museum, M2024.61.1<\/td>\n<\/tr>\n<tr>\n<td style=\"width: 15.9898%;\"><a href=\"ia801400.us.archive.org\/35\/items\/masqueradecarniv00wand\/masqueradecarniv00wand.pdf\"><img loading=\"lazy\" decoding=\"async\" class=\"alignnone wp-image-49343 size-full\" src=\"https:\/\/www.musee-mccord-stewart.ca\/app\/uploads\/2024\/11\/mccord-stewart_bals-costumes_rb-1801-1_20240927-p12-pg49_ld_800px.jpg\" alt=\"\" width=\"540\" height=\"800\" srcset=\"https:\/\/www.musee-mccord-stewart.ca\/app\/uploads\/2024\/11\/mccord-stewart_bals-costumes_rb-1801-1_20240927-p12-pg49_ld_800px.jpg 540w, https:\/\/www.musee-mccord-stewart.ca\/app\/uploads\/2024\/11\/mccord-stewart_bals-costumes_rb-1801-1_20240927-p12-pg49_ld_800px-203x300.jpg 203w\" sizes=\"(max-width: 540px) 100vw, 540px\" \/><\/a><\/td>\n<td style=\"width: 84.0102%;\"><a href=\"http:\/\/ia801400.us.archive.org\/35\/items\/masqueradecarniv00wand\/masqueradecarniv00wand.pdf\"><em>Masquerade and Carnival: Their Customs and Costumes<\/em>. New York: Butterick, 1892.<\/a><\/td>\n<\/tr>\n<tr>\n<td style=\"width: 15.9898%;\"><a href=\"https:\/\/collections.musee-mccord-stewart.ca\/en\/objects\/485234\"><img loading=\"lazy\" decoding=\"async\" class=\"alignnone wp-image-49340 size-full\" src=\"https:\/\/www.musee-mccord-stewart.ca\/app\/uploads\/2024\/11\/mccord-stewart_bals-costumes_m2024-61-2_20240619-p12-pg21_ld_800px.jpg\" alt=\"\" width=\"635\" height=\"800\" srcset=\"https:\/\/www.musee-mccord-stewart.ca\/app\/uploads\/2024\/11\/mccord-stewart_bals-costumes_m2024-61-2_20240619-p12-pg21_ld_800px.jpg 635w, https:\/\/www.musee-mccord-stewart.ca\/app\/uploads\/2024\/11\/mccord-stewart_bals-costumes_m2024-61-2_20240619-p12-pg21_ld_800px-238x300.jpg 238w\" sizes=\"(max-width: 635px) 100vw, 635px\" \/><\/a><\/td>\n<td style=\"width: 84.0102%;\"><a href=\"https:\/\/collections.musee-mccord-stewart.ca\/en\/objects\/485234\">Miller, Samuel, <em>Children\u2019s Fancy Costumes, <\/em>Londond, 1885.<\/a><br \/>\nMcCord Stewart Museum, M2024.61.2<\/td>\n<\/tr>\n<\/tbody>\n<\/table>\n<h3><strong>Souvenir publications<\/strong><\/h3>\n<p>The efforts put into creating souvenirs of these events reveal their importance to those who organized and attended them. Souvenir publications were created for the balls that Lady Aberdeen organized in 1896 in Ottawa and 1897 in Toronto.<\/p>\n<table style=\"border-collapse: collapse; width: 100%;\">\n<tbody>\n<tr>\n<td style=\"width: 16.4975%;\"><a href=\"https:\/\/collections.musee-mccord-stewart.ca\/en\/objects\/484866\"><img loading=\"lazy\" decoding=\"async\" class=\"alignnone wp-image-49337 size-full\" src=\"https:\/\/www.musee-mccord-stewart.ca\/app\/uploads\/2024\/11\/mccord-stewart_bals-costumes_m984-313-1_20241008-p7_ld_800px.jpg\" alt=\"\" width=\"1170\" height=\"800\" srcset=\"https:\/\/www.musee-mccord-stewart.ca\/app\/uploads\/2024\/11\/mccord-stewart_bals-costumes_m984-313-1_20241008-p7_ld_800px.jpg 1170w, https:\/\/www.musee-mccord-stewart.ca\/app\/uploads\/2024\/11\/mccord-stewart_bals-costumes_m984-313-1_20241008-p7_ld_800px-300x205.jpg 300w, https:\/\/www.musee-mccord-stewart.ca\/app\/uploads\/2024\/11\/mccord-stewart_bals-costumes_m984-313-1_20241008-p7_ld_800px-880x602.jpg 880w, https:\/\/www.musee-mccord-stewart.ca\/app\/uploads\/2024\/11\/mccord-stewart_bals-costumes_m984-313-1_20241008-p7_ld_800px-768x525.jpg 768w\" sizes=\"(max-width: 1170px) 100vw, 1170px\" \/><\/a><\/td>\n<td style=\"width: 83.5025%;\"><a href=\"https:\/\/collections.musee-mccord-stewart.ca\/en\/objects\/484866\"><em>Book of the Victorian Era Ball: Given at Toronto on the Twenty Eighth of December MDCCCXCVII<\/em>. Toronto: Rowsell &amp; Hutchison, 1898.<\/a><br \/>\n<span style=\"font-family: inherit; font-size: inherit;\">McCord Stewart Museum, M984.313.1<\/span><\/td>\n<\/tr>\n<tr>\n<td style=\"width: 16.4975%;\"><a href=\"https:\/\/collections.musee-mccord-stewart.ca\/en\/objects\/484903\"><img loading=\"lazy\" decoding=\"async\" class=\"alignnone wp-image-49342 size-full\" src=\"https:\/\/www.musee-mccord-stewart.ca\/app\/uploads\/2024\/11\/mccord-stewart_bals-costumes_m21227-5_20241002-p1_ld_800px.jpg\" alt=\"\" width=\"1422\" height=\"800\" srcset=\"https:\/\/www.musee-mccord-stewart.ca\/app\/uploads\/2024\/11\/mccord-stewart_bals-costumes_m21227-5_20241002-p1_ld_800px.jpg 1422w, https:\/\/www.musee-mccord-stewart.ca\/app\/uploads\/2024\/11\/mccord-stewart_bals-costumes_m21227-5_20241002-p1_ld_800px-300x169.jpg 300w, https:\/\/www.musee-mccord-stewart.ca\/app\/uploads\/2024\/11\/mccord-stewart_bals-costumes_m21227-5_20241002-p1_ld_800px-880x495.jpg 880w, https:\/\/www.musee-mccord-stewart.ca\/app\/uploads\/2024\/11\/mccord-stewart_bals-costumes_m21227-5_20241002-p1_ld_800px-768x432.jpg 768w, https:\/\/www.musee-mccord-stewart.ca\/app\/uploads\/2024\/11\/mccord-stewart_bals-costumes_m21227-5_20241002-p1_ld_800px-800x450.jpg 800w\" sizes=\"(max-width: 1422px) 100vw, 1422px\" \/><\/a><\/td>\n<td style=\"width: 83.5025%;\"><a href=\"https:\/\/collections.musee-mccord-stewart.ca\/en\/objects\/484903\"><em>Illustrations of the Historical Ball Given by Their Excellencies the Earl and Countess of Aberdeen: Ottawa, 1896<\/em>. Ottawa: Durie, 1896.<\/a><br \/>\n<span style=\"font-family: inherit; font-size: inherit;\">McCord Stewart Museum, M21227.5<\/span><\/td>\n<\/tr>\n<\/tbody>\n<\/table>\n","protected":false},"excerpt":{"rendered":"<p>Want to know more about the books on display in the exhibition Costume Balls: Dressing Up History, 1870-1927?\u00a0Full online versions can be found here. Guidebooks, fashion plates and picture books Inspiration for characters and costumes came from a wide range of sources, including guidebooks offering encyclopedic lists of characters, descriptions of what to wear, and [&hellip;]<\/p>\n","protected":false},"author":3,"featured_media":0,"parent":40121,"menu_order":0,"comment_status":"closed","ping_status":"closed","template":"page-templates\/page-texte.php","meta":{"footnotes":""},"categories":[],"tags":[],"acf":[],"yoast_head":"<!-- This site is optimized with the Yoast SEO Premium plugin v20.11 (Yoast SEO v20.11) - https:\/\/yoast.com\/wordpress\/plugins\/seo\/ -->\n<title>Books in the exhibition - McCord Stewart Museum<\/title>\n<meta name=\"description\" content=\"Inspiration for characters and costumes came from a wide range of sources, including guidebooks offering encyclopedic lists of characters, descriptions of what to wear, and sometimes even patterns that could be purchased by mail order.\" \/>\n<meta name=\"robots\" content=\"index, follow, max-snippet:-1, max-image-preview:large, max-video-preview:-1\" \/>\n<link rel=\"canonical\" href=\"https:\/\/www.musee-mccord-stewart.ca\/en\/collections\/costume-balls-books-in-exhibition\/\" \/>\n<meta property=\"og:locale\" content=\"en_US\" \/>\n<meta property=\"og:type\" content=\"article\" \/>\n<meta property=\"og:title\" content=\"Books in the exhibition\" \/>\n<meta property=\"og:description\" content=\"Want to know more about the books on display in the exhibition Costume Balls: Dressing Up History, 1870-1927?\u00a0Full online versions can be found here.\" \/>\n<meta property=\"og:url\" content=\"https:\/\/www.musee-mccord-stewart.ca\/en\/collections\/costume-balls-books-in-exhibition\/\" \/>\n<meta property=\"og:site_name\" content=\"McCord Stewart Museum\" \/>\n<meta property=\"article:publisher\" content=\"https:\/\/www.facebook.com\/museemccordstewart\" \/>\n<meta property=\"article:modified_time\" content=\"2024-11-12T22:24:14+00:00\" \/>\n<meta property=\"og:image\" content=\"https:\/\/www.musee-mccord-stewart.ca\/app\/uploads\/2024\/11\/mccord-stewart_bals-costumes_m2023x-5-6-4_20240710-p1_ld_800px.jpg\" \/>\n<meta name=\"twitter:card\" content=\"summary_large_image\" \/>\n<meta name=\"twitter:site\" content=\"@MuseeMcCordStew\" \/>\n<meta name=\"twitter:label1\" content=\"Est. reading time\" \/>\n\t<meta name=\"twitter:data1\" content=\"5 minutes\" \/>\n<script type=\"application\/ld+json\" class=\"yoast-schema-graph\">{\"@context\":\"https:\/\/schema.org\",\"@graph\":[{\"@type\":\"WebPage\",\"@id\":\"https:\/\/www.musee-mccord-stewart.ca\/en\/collections\/costume-balls-books-in-exhibition\/\",\"url\":\"https:\/\/www.musee-mccord-stewart.ca\/en\/collections\/costume-balls-books-in-exhibition\/\",\"name\":\"Books in the exhibition - McCord Stewart Museum\",\"isPartOf\":{\"@id\":\"https:\/\/www.musee-mccord-stewart.ca\/fr\/#website\"},\"datePublished\":\"2024-11-09T17:39:15+00:00\",\"dateModified\":\"2024-11-12T22:24:14+00:00\",\"description\":\"Inspiration for characters and costumes came from a wide range of sources, including guidebooks offering encyclopedic lists of characters, descriptions of what to wear, and sometimes even patterns that could be purchased by mail order.\",\"breadcrumb\":{\"@id\":\"https:\/\/www.musee-mccord-stewart.ca\/en\/collections\/costume-balls-books-in-exhibition\/#breadcrumb\"},\"inLanguage\":\"en-US\",\"potentialAction\":[{\"@type\":\"ReadAction\",\"target\":[\"https:\/\/www.musee-mccord-stewart.ca\/en\/collections\/costume-balls-books-in-exhibition\/\"]}]},{\"@type\":\"BreadcrumbList\",\"@id\":\"https:\/\/www.musee-mccord-stewart.ca\/en\/collections\/costume-balls-books-in-exhibition\/#breadcrumb\",\"itemListElement\":[{\"@type\":\"ListItem\",\"position\":1,\"name\":\"Accueil\",\"item\":\"https:\/\/www.musee-mccord-stewart.ca\/en\/\"},{\"@type\":\"ListItem\",\"position\":2,\"name\":\"Collections\",\"item\":\"https:\/\/www.musee-mccord-stewart.ca\/en\/collections\/\"},{\"@type\":\"ListItem\",\"position\":3,\"name\":\"Books in the exhibition\"}]},{\"@type\":\"WebSite\",\"@id\":\"https:\/\/www.musee-mccord-stewart.ca\/fr\/#website\",\"url\":\"https:\/\/www.musee-mccord-stewart.ca\/fr\/\",\"name\":\"McCord Stewart Museum\",\"description\":\"Our world, our stories\",\"publisher\":{\"@id\":\"https:\/\/www.musee-mccord-stewart.ca\/fr\/#organization\"},\"alternateName\":\"MCS\",\"potentialAction\":[{\"@type\":\"SearchAction\",\"target\":{\"@type\":\"EntryPoint\",\"urlTemplate\":\"https:\/\/www.musee-mccord-stewart.ca\/fr\/?s={search_term_string}\"},\"query-input\":\"required name=search_term_string\"}],\"inLanguage\":\"en-US\"},{\"@type\":\"Organization\",\"@id\":\"https:\/\/www.musee-mccord-stewart.ca\/fr\/#organization\",\"name\":\"McCord Stewart Museum\",\"alternateName\":\"MCS\",\"url\":\"https:\/\/www.musee-mccord-stewart.ca\/fr\/\",\"logo\":{\"@type\":\"ImageObject\",\"inLanguage\":\"en-US\",\"@id\":\"https:\/\/www.musee-mccord-stewart.ca\/fr\/#\/schema\/logo\/image\/\",\"url\":\"https:\/\/www.musee-mccord-stewart.ca\/app\/uploads\/2023\/05\/logo_museemccordstewart_horizontal_noir_slogan.svg\",\"contentUrl\":\"https:\/\/www.musee-mccord-stewart.ca\/app\/uploads\/2023\/05\/logo_museemccordstewart_horizontal_noir_slogan.svg\",\"width\":1,\"height\":1,\"caption\":\"McCord Stewart Museum\"},\"image\":{\"@id\":\"https:\/\/www.musee-mccord-stewart.ca\/fr\/#\/schema\/logo\/image\/\"},\"sameAs\":[\"https:\/\/www.facebook.com\/museemccordstewart\",\"https:\/\/twitter.com\/MuseeMcCordStew\",\"https:\/\/instagram.com\/museemccordstewart\",\"https:\/\/www.linkedin.com\/company\/museemccordstewart\/\",\"https:\/\/www.pinterest.com\/museemccordstewart\/\",\"https:\/\/www.youtube.com\/c\/MuseeMcCordStewartMuseum\"]}]}<\/script>\n<!-- \/ Yoast SEO Premium plugin. -->","yoast_head_json":{"title":"Books in the exhibition - McCord Stewart Museum","description":"Inspiration for characters and costumes came from a wide range of sources, including guidebooks offering encyclopedic lists of characters, descriptions of what to wear, and sometimes even patterns that could be purchased by mail order.","robots":{"index":"index","follow":"follow","max-snippet":"max-snippet:-1","max-image-preview":"max-image-preview:large","max-video-preview":"max-video-preview:-1"},"canonical":"https:\/\/www.musee-mccord-stewart.ca\/en\/collections\/costume-balls-books-in-exhibition\/","og_locale":"en_US","og_type":"article","og_title":"Books in the exhibition","og_description":"Want to know more about the books on display in the exhibition Costume Balls: Dressing Up History, 1870-1927?\u00a0Full online versions can be found here.","og_url":"https:\/\/www.musee-mccord-stewart.ca\/en\/collections\/costume-balls-books-in-exhibition\/","og_site_name":"McCord Stewart Museum","article_publisher":"https:\/\/www.facebook.com\/museemccordstewart","article_modified_time":"2024-11-12T22:24:14+00:00","og_image":[{"url":"https:\/\/www.musee-mccord-stewart.ca\/app\/uploads\/2024\/11\/mccord-stewart_bals-costumes_m2023x-5-6-4_20240710-p1_ld_800px.jpg"}],"twitter_card":"summary_large_image","twitter_site":"@MuseeMcCordStew","twitter_misc":{"Est. reading time":"5 minutes"},"schema":{"@context":"https:\/\/schema.org","@graph":[{"@type":"WebPage","@id":"https:\/\/www.musee-mccord-stewart.ca\/en\/collections\/costume-balls-books-in-exhibition\/","url":"https:\/\/www.musee-mccord-stewart.ca\/en\/collections\/costume-balls-books-in-exhibition\/","name":"Books in the exhibition - McCord Stewart Museum","isPartOf":{"@id":"https:\/\/www.musee-mccord-stewart.ca\/fr\/#website"},"datePublished":"2024-11-09T17:39:15+00:00","dateModified":"2024-11-12T22:24:14+00:00","description":"Inspiration for characters and costumes came from a wide range of sources, including guidebooks offering encyclopedic lists of characters, descriptions of what to wear, and sometimes even patterns that could be purchased by mail order.","breadcrumb":{"@id":"https:\/\/www.musee-mccord-stewart.ca\/en\/collections\/costume-balls-books-in-exhibition\/#breadcrumb"},"inLanguage":"en-US","potentialAction":[{"@type":"ReadAction","target":["https:\/\/www.musee-mccord-stewart.ca\/en\/collections\/costume-balls-books-in-exhibition\/"]}]},{"@type":"BreadcrumbList","@id":"https:\/\/www.musee-mccord-stewart.ca\/en\/collections\/costume-balls-books-in-exhibition\/#breadcrumb","itemListElement":[{"@type":"ListItem","position":1,"name":"Accueil","item":"https:\/\/www.musee-mccord-stewart.ca\/en\/"},{"@type":"ListItem","position":2,"name":"Collections","item":"https:\/\/www.musee-mccord-stewart.ca\/en\/collections\/"},{"@type":"ListItem","position":3,"name":"Books in the exhibition"}]},{"@type":"WebSite","@id":"https:\/\/www.musee-mccord-stewart.ca\/fr\/#website","url":"https:\/\/www.musee-mccord-stewart.ca\/fr\/","name":"McCord Stewart Museum","description":"Our world, our stories","publisher":{"@id":"https:\/\/www.musee-mccord-stewart.ca\/fr\/#organization"},"alternateName":"MCS","potentialAction":[{"@type":"SearchAction","target":{"@type":"EntryPoint","urlTemplate":"https:\/\/www.musee-mccord-stewart.ca\/fr\/?s={search_term_string}"},"query-input":"required name=search_term_string"}],"inLanguage":"en-US"},{"@type":"Organization","@id":"https:\/\/www.musee-mccord-stewart.ca\/fr\/#organization","name":"McCord Stewart Museum","alternateName":"MCS","url":"https:\/\/www.musee-mccord-stewart.ca\/fr\/","logo":{"@type":"ImageObject","inLanguage":"en-US","@id":"https:\/\/www.musee-mccord-stewart.ca\/fr\/#\/schema\/logo\/image\/","url":"https:\/\/www.musee-mccord-stewart.ca\/app\/uploads\/2023\/05\/logo_museemccordstewart_horizontal_noir_slogan.svg","contentUrl":"https:\/\/www.musee-mccord-stewart.ca\/app\/uploads\/2023\/05\/logo_museemccordstewart_horizontal_noir_slogan.svg","width":1,"height":1,"caption":"McCord Stewart Museum"},"image":{"@id":"https:\/\/www.musee-mccord-stewart.ca\/fr\/#\/schema\/logo\/image\/"},"sameAs":["https:\/\/www.facebook.com\/museemccordstewart","https:\/\/twitter.com\/MuseeMcCordStew","https:\/\/instagram.com\/museemccordstewart","https:\/\/www.linkedin.com\/company\/museemccordstewart\/","https:\/\/www.pinterest.com\/museemccordstewart\/","https:\/\/www.youtube.com\/c\/MuseeMcCordStewartMuseum"]}]}},"_links":{"self":[{"href":"https:\/\/www.musee-mccord-stewart.ca\/en\/wp-json\/wp\/v2\/pages\/49329"}],"collection":[{"href":"https:\/\/www.musee-mccord-stewart.ca\/en\/wp-json\/wp\/v2\/pages"}],"about":[{"href":"https:\/\/www.musee-mccord-stewart.ca\/en\/wp-json\/wp\/v2\/types\/page"}],"author":[{"embeddable":true,"href":"https:\/\/www.musee-mccord-stewart.ca\/en\/wp-json\/wp\/v2\/users\/3"}],"replies":[{"embeddable":true,"href":"https:\/\/www.musee-mccord-stewart.ca\/en\/wp-json\/wp\/v2\/comments?post=49329"}],"version-history":[{"count":0,"href":"https:\/\/www.musee-mccord-stewart.ca\/en\/wp-json\/wp\/v2\/pages\/49329\/revisions"}],"up":[{"embeddable":true,"href":"https:\/\/www.musee-mccord-stewart.ca\/en\/wp-json\/wp\/v2\/pages\/40121"}],"wp:attachment":[{"href":"https:\/\/www.musee-mccord-stewart.ca\/en\/wp-json\/wp\/v2\/media?parent=49329"}],"wp:term":[{"taxonomy":"category","embeddable":true,"href":"https:\/\/www.musee-mccord-stewart.ca\/en\/wp-json\/wp\/v2\/categories?post=49329"},{"taxonomy":"post_tag","embeddable":true,"href":"https:\/\/www.musee-mccord-stewart.ca\/en\/wp-json\/wp\/v2\/tags?post=49329"}],"curies":[{"name":"wp","href":"https:\/\/api.w.org\/{rel}","templated":true}]}}