{"id":42584,"date":"2022-10-11T12:34:03","date_gmt":"2022-10-11T16:34:03","guid":{"rendered":"https:\/\/www.musee-mccord-stewart.ca\/collections\/conferences-and-symposia\/nouveaux-echanges-collections-musee-mccord\/"},"modified":"2022-10-11T12:46:35","modified_gmt":"2022-10-11T16:46:35","slug":"new-dialogues-mccord-museum-collections","status":"publish","type":"page","link":"https:\/\/www.musee-mccord-stewart.ca\/en\/collections\/conferences-and-symposia\/new-dialogues-mccord-museum-collections\/","title":{"rendered":"Collecting Knowledge: New Dialogues on McCord Museum Collections"},"content":{"rendered":"<h4>Collecting Knowledge: New Dialogues on McCord Museum Collections<\/h4>\n<p><strong>Collecting Knowledge: New Dialogues on McCord Museum Collections<\/strong>, a colloquium organized jointly by the research team of Montr\u00e9al, Dynamic Hubspace, and the McCord Museum, was held November 7-9, 2013.<\/p>\n<p>Attracting 150 participants, this unique event was designed to establish a dialogue about new research frontiers and stimulate discussions to enhance public knowledge of the Museum&#8217;s collections. The colloquium was also an opportunity to present recent research findings that have made innovative use of the McCord Museum&#8217;s historical collections, one of Canada&#8217;s largest sources of documents and artefacts for historical research.<\/p>\n<p>The meeting presented a wealth of information and generated a great deal of interest, proof of the importance of encouraging exchanges between researchers and curators.<\/p>\n<p><strong>Presentations<\/strong><br \/>\nOver thirty speakers took part in eight sessions, sharing their work with fellow researchers, Museum staff, and a large public audience interested in Montreal and its key role in the history of Canada. The event began with the session entitled <strong>Voices from the Vaults: Object Biography and McCord Museum Collections<\/strong>, chaired by Joanne Burgess, from the Universit\u00e9 du Qu\u00e9bec \u00e0 Montr\u00e9al, and featuring presentations by Anne Mackay, Head, Conservation; Guislaine Lemay, Curator, Ethnology and Archaeology; and Cynthia Cooper, Curator, Costume and Textiles. The keynote address was given by Jacques Mathieu, Professor Emeritus, Universit\u00e9 Laval, an historian specializing in New France. His talk, entitled Journal intime de l&#8217;objet [Diary of an Object], examined the various approaches that may be used to document, study, analyze and present museum objects to different publics.<\/p>\n<p><a class=\"download\" href=\"http:\/\/www.musee-mccord-stewart.ca\/app\/uploads\/2015\/05\/colloque_recherche_savoir_2013_programme_en.pdf\">Programme<\/a> <a class=\"download\" href=\"http:\/\/www.musee-mccord-stewart.ca\/app\/uploads\/2015\/05\/colloque_recherche_savoir_2013_cahier_fr_en.pdf\">Abstracts<\/a><\/p>\n<p><strong>Visits<\/strong><br \/>\nApproximately sixty participants also enjoyed behind-the-scenes visits of or workshops on the Museum&#8217;s collections, or took a guided tour of the exhibition <em><a href=\"http:\/\/www.musee-mccord-stewart.ca\/en\/expositions\/wearing-our-identity-the-first-peoples-collection\/\">Wearing Our Identity &#8211; The First Peoples&#8217; Collection<\/a><\/em>, all presented by Museum curators.<\/p>\n<ul class=\"sliderTiny\">\n<li>\n<img decoding=\"async\" src=\"https:\/\/www.musee-mccord-stewart.ca\/app\/uploads\/2015\/06\/colloque_recherche_savoir_visite_biblio_2013_01.jpg\" alt=\"\" title=\"\" \/>\n<\/li>\n<li>\n<img decoding=\"async\" src=\"https:\/\/www.musee-mccord-stewart.ca\/app\/uploads\/2015\/06\/colloque_recherche_savoir_visite_biblio_2013_02.jpg\" alt=\"\" title=\"\" \/>\n<\/li>\n<li>\n<img decoding=\"async\" src=\"https:\/\/www.musee-mccord-stewart.ca\/app\/uploads\/2015\/06\/colloque_recherche_savoir_visite_expo_pp_2013_01.jpg\" alt=\"\" title=\"\" \/>\n<\/li>\n<li>\n<img decoding=\"async\" src=\"https:\/\/www.musee-mccord-stewart.ca\/app\/uploads\/2015\/06\/colloque_recherche_savoir_visite_expo_pp_2013_02.jpg\" alt=\"\" title=\"\" \/>\n<\/li>\n<li>\n<img decoding=\"async\" src=\"https:\/\/www.musee-mccord-stewart.ca\/app\/uploads\/2015\/06\/colloque_recherche_savoir_visite_labo_restauration_2013_01.jpg\" alt=\"\" title=\"\" \/>\n<\/li>\n<li>\n<img decoding=\"async\" src=\"https:\/\/www.musee-mccord-stewart.ca\/app\/uploads\/2015\/06\/colloque_recherche_savoir_visite_labo_restauration_2013_02-548x800.jpg\" alt=\"\" title=\"\" \/>\n<\/li>\n<li>\n<img decoding=\"async\" src=\"https:\/\/www.musee-mccord-stewart.ca\/app\/uploads\/2015\/06\/colloque_recherche_savoir_visite_reserve_ct_2013_01-549x800.jpg\" alt=\"\" title=\"\" \/>\n<\/li>\n<li>\n<img decoding=\"async\" src=\"https:\/\/www.musee-mccord-stewart.ca\/app\/uploads\/2015\/06\/colloque_recherche_savoir_visite_reserve_ct_2013_02-551x800.jpg\" alt=\"\" title=\"\" \/>\n<\/li>\n<li>\n<img decoding=\"async\" src=\"https:\/\/www.musee-mccord-stewart.ca\/app\/uploads\/2015\/06\/colloque_recherche_savoir_visite_reserve_ct_2013_03-547x800.jpg\" alt=\"\" title=\"\" \/>\n<\/li>\n<li>\n<img decoding=\"async\" src=\"https:\/\/www.musee-mccord-stewart.ca\/app\/uploads\/2015\/06\/colloque_recherche_savoir_visite_reserve_no_2013_01.jpg\" alt=\"\" title=\"\" \/>\n<\/li>\n<li>\n<img decoding=\"async\" src=\"https:\/\/www.musee-mccord-stewart.ca\/app\/uploads\/2015\/06\/colloque_recherche_savoir_visite_reserve_no_2013_02.jpg\" alt=\"\" title=\"\" \/>\n<\/li>\n<li>\n<img decoding=\"async\" src=\"https:\/\/www.musee-mccord-stewart.ca\/app\/uploads\/2015\/06\/colloque_recherche_savoir_visite_reserve_no_2013_03.jpg\" alt=\"\" title=\"\" \/>\n<\/li>\n<li>\n<img decoding=\"async\" src=\"https:\/\/www.musee-mccord-stewart.ca\/app\/uploads\/2015\/06\/colloque_recherche_savoir_visite_reserve_pt_2013_01-548x800.jpg\" alt=\"\" title=\"\" \/>\n<\/li>\n<li>\n<img decoding=\"async\" src=\"https:\/\/www.musee-mccord-stewart.ca\/app\/uploads\/2015\/06\/colloque_recherche_savoir_visite_reserve_pt_2013_02.jpg\" alt=\"\" title=\"\" \/>\n<\/li>\n<\/ul>\n\n<p><strong>Comments<\/strong><br \/>\n&#8220;There were many unexpected discussions, new ground broken, and memories of objects and fascinating research that enhance our understanding of what makes this extraordinary city.&#8221;<br \/>\n-Dominic Hardy, Chair of the Iconography and Politics session<\/p>\n<p><strong>Dissemination<\/strong><br \/>\nPresentations were recorded and are featured on the <a href=\"https:\/\/www.youtube.com\/user\/MuseeMcCordMuseum\"><strong>McCord Museum channel on Youtube<\/strong><\/a> and on <a href=\"http:\/\/tv.uqam.ca\/Recherche.aspx?s=63\"><strong>UQ\u00c0M.tv<\/strong><\/a>.<\/p>\n<p><iframe loading=\"lazy\" title=\"Colloque \u00ab \u00c0 la recherche du savoir \u00bb \u2013 Mot de bienvenue et s\u00e9ance 1\" width=\"474\" height=\"267\" src=\"https:\/\/www.youtube.com\/embed\/wpcTHgpAwyc?feature=oembed&rel=0&#038;enablejsapi=1&#038;origin=https:\/\/www.musee-mccord-stewart.ca\" frameborder=\"0\" allow=\"accelerometer; autoplay; clipboard-write; encrypted-media; gyroscope; picture-in-picture\" allowfullscreen><\/iframe><\/p>\n","protected":false},"excerpt":{"rendered":"<p>Collecting Knowledge: New Dialogues on McCord Museum Collections Collecting Knowledge: New Dialogues on McCord Museum Collections, a colloquium organized jointly by the research team of Montr\u00e9al, Dynamic Hubspace, and the McCord Museum, was held November 7-9, 2013. Attracting 150 participants, this unique event was designed to establish a dialogue about new research frontiers and stimulate [&hellip;]<\/p>\n","protected":false},"author":3,"featured_media":0,"parent":2299,"menu_order":0,"comment_status":"closed","ping_status":"closed","template":"page-templates\/page-texte.php","meta":{"footnotes":""},"categories":[],"tags":[],"acf":[],"yoast_head":"<!-- This site is optimized with the Yoast SEO Premium plugin v20.11 (Yoast SEO v20.11) - https:\/\/yoast.com\/wordpress\/plugins\/seo\/ -->\n<title>Collecting Knowledge: New Dialogues on McCord Museum Collections - McCord Stewart Museum<\/title>\n<meta name=\"description\" content=\"Colloquium designed to establish a dialogue about new research frontiers and stimulate discussions to enhance public knowledge of the Museum&#039;s collections.\" \/>\n<meta name=\"robots\" content=\"index, follow, max-snippet:-1, max-image-preview:large, max-video-preview:-1\" \/>\n<link rel=\"canonical\" href=\"https:\/\/www.musee-mccord-stewart.ca\/en\/collections\/conferences-and-symposia\/new-dialogues-mccord-museum-collections\/\" \/>\n<meta property=\"og:locale\" content=\"en_US\" \/>\n<meta property=\"og:type\" content=\"article\" \/>\n<meta property=\"og:title\" content=\"Collecting Knowledge: New Dialogues on McCord Museum Collections\" \/>\n<meta property=\"og:description\" content=\"Collecting Knowledge: New Dialogues on McCord Museum Collections Collecting Knowledge: New Dialogues on McCord Museum Collections, a colloquium organized\" \/>\n<meta property=\"og:url\" content=\"https:\/\/www.musee-mccord-stewart.ca\/en\/collections\/conferences-and-symposia\/new-dialogues-mccord-museum-collections\/\" \/>\n<meta property=\"og:site_name\" content=\"McCord Stewart Museum\" \/>\n<meta property=\"article:publisher\" content=\"https:\/\/www.facebook.com\/museemccordstewart\" \/>\n<meta property=\"article:modified_time\" content=\"2022-10-11T16:46:35+00:00\" \/>\n<meta property=\"og:image\" content=\"https:\/\/www.musee-mccord-stewart.ca\/app\/uploads\/2015\/06\/colloque_recherche_savoir_visite_biblio_2013_01.jpg\" \/>\n<meta name=\"twitter:card\" content=\"summary_large_image\" \/>\n<meta name=\"twitter:site\" content=\"@MuseeMcCordStew\" \/>\n<meta name=\"twitter:label1\" content=\"Est. reading time\" \/>\n\t<meta name=\"twitter:data1\" content=\"2 minutes\" \/>\n<script type=\"application\/ld+json\" class=\"yoast-schema-graph\">{\"@context\":\"https:\/\/schema.org\",\"@graph\":[{\"@type\":\"WebPage\",\"@id\":\"https:\/\/www.musee-mccord-stewart.ca\/en\/collections\/conferences-and-symposia\/new-dialogues-mccord-museum-collections\/\",\"url\":\"https:\/\/www.musee-mccord-stewart.ca\/en\/collections\/conferences-and-symposia\/new-dialogues-mccord-museum-collections\/\",\"name\":\"Collecting Knowledge: New Dialogues on McCord Museum Collections - McCord Stewart Museum\",\"isPartOf\":{\"@id\":\"https:\/\/www.musee-mccord-stewart.ca\/fr\/#website\"},\"datePublished\":\"2022-10-11T16:34:03+00:00\",\"dateModified\":\"2022-10-11T16:46:35+00:00\",\"description\":\"Colloquium designed to establish a dialogue about new research frontiers and stimulate discussions to enhance public knowledge of the Museum's collections.\",\"breadcrumb\":{\"@id\":\"https:\/\/www.musee-mccord-stewart.ca\/en\/collections\/conferences-and-symposia\/new-dialogues-mccord-museum-collections\/#breadcrumb\"},\"inLanguage\":\"en-US\",\"potentialAction\":[{\"@type\":\"ReadAction\",\"target\":[\"https:\/\/www.musee-mccord-stewart.ca\/en\/collections\/conferences-and-symposia\/new-dialogues-mccord-museum-collections\/\"]}]},{\"@type\":\"BreadcrumbList\",\"@id\":\"https:\/\/www.musee-mccord-stewart.ca\/en\/collections\/conferences-and-symposia\/new-dialogues-mccord-museum-collections\/#breadcrumb\",\"itemListElement\":[{\"@type\":\"ListItem\",\"position\":1,\"name\":\"Accueil\",\"item\":\"https:\/\/www.musee-mccord-stewart.ca\/en\/\"},{\"@type\":\"ListItem\",\"position\":2,\"name\":\"Collections\",\"item\":\"https:\/\/www.musee-mccord-stewart.ca\/en\/collections\/\"},{\"@type\":\"ListItem\",\"position\":3,\"name\":\"Conferences and Symposia\",\"item\":\"https:\/\/www.musee-mccord-stewart.ca\/en\/collections\/conferences-and-symposia\/\"},{\"@type\":\"ListItem\",\"position\":4,\"name\":\"Collecting Knowledge: New Dialogues on McCord Museum Collections\"}]},{\"@type\":\"WebSite\",\"@id\":\"https:\/\/www.musee-mccord-stewart.ca\/fr\/#website\",\"url\":\"https:\/\/www.musee-mccord-stewart.ca\/fr\/\",\"name\":\"McCord Stewart Museum\",\"description\":\"Our world, our stories\",\"publisher\":{\"@id\":\"https:\/\/www.musee-mccord-stewart.ca\/fr\/#organization\"},\"alternateName\":\"MCS\",\"potentialAction\":[{\"@type\":\"SearchAction\",\"target\":{\"@type\":\"EntryPoint\",\"urlTemplate\":\"https:\/\/www.musee-mccord-stewart.ca\/fr\/?s={search_term_string}\"},\"query-input\":\"required name=search_term_string\"}],\"inLanguage\":\"en-US\"},{\"@type\":\"Organization\",\"@id\":\"https:\/\/www.musee-mccord-stewart.ca\/fr\/#organization\",\"name\":\"McCord Stewart Museum\",\"alternateName\":\"MCS\",\"url\":\"https:\/\/www.musee-mccord-stewart.ca\/fr\/\",\"logo\":{\"@type\":\"ImageObject\",\"inLanguage\":\"en-US\",\"@id\":\"https:\/\/www.musee-mccord-stewart.ca\/fr\/#\/schema\/logo\/image\/\",\"url\":\"https:\/\/www.musee-mccord-stewart.ca\/app\/uploads\/2023\/05\/logo_museemccordstewart_horizontal_noir_slogan.svg\",\"contentUrl\":\"https:\/\/www.musee-mccord-stewart.ca\/app\/uploads\/2023\/05\/logo_museemccordstewart_horizontal_noir_slogan.svg\",\"width\":1,\"height\":1,\"caption\":\"McCord Stewart Museum\"},\"image\":{\"@id\":\"https:\/\/www.musee-mccord-stewart.ca\/fr\/#\/schema\/logo\/image\/\"},\"sameAs\":[\"https:\/\/www.facebook.com\/museemccordstewart\",\"https:\/\/twitter.com\/MuseeMcCordStew\",\"https:\/\/instagram.com\/museemccordstewart\",\"https:\/\/www.linkedin.com\/company\/museemccordstewart\/\",\"https:\/\/www.pinterest.com\/museemccordstewart\/\",\"https:\/\/www.youtube.com\/c\/MuseeMcCordStewartMuseum\"]}]}<\/script>\n<!-- \/ Yoast SEO Premium plugin. -->","yoast_head_json":{"title":"Collecting Knowledge: New Dialogues on McCord Museum Collections - McCord Stewart Museum","description":"Colloquium designed to establish a dialogue about new research frontiers and stimulate discussions to enhance public knowledge of the Museum's collections.","robots":{"index":"index","follow":"follow","max-snippet":"max-snippet:-1","max-image-preview":"max-image-preview:large","max-video-preview":"max-video-preview:-1"},"canonical":"https:\/\/www.musee-mccord-stewart.ca\/en\/collections\/conferences-and-symposia\/new-dialogues-mccord-museum-collections\/","og_locale":"en_US","og_type":"article","og_title":"Collecting Knowledge: New Dialogues on McCord Museum Collections","og_description":"Collecting Knowledge: New Dialogues on McCord Museum Collections Collecting Knowledge: New Dialogues on McCord Museum Collections, a colloquium organized","og_url":"https:\/\/www.musee-mccord-stewart.ca\/en\/collections\/conferences-and-symposia\/new-dialogues-mccord-museum-collections\/","og_site_name":"McCord Stewart Museum","article_publisher":"https:\/\/www.facebook.com\/museemccordstewart","article_modified_time":"2022-10-11T16:46:35+00:00","og_image":[{"url":"https:\/\/www.musee-mccord-stewart.ca\/app\/uploads\/2015\/06\/colloque_recherche_savoir_visite_biblio_2013_01.jpg"}],"twitter_card":"summary_large_image","twitter_site":"@MuseeMcCordStew","twitter_misc":{"Est. reading time":"2 minutes"},"schema":{"@context":"https:\/\/schema.org","@graph":[{"@type":"WebPage","@id":"https:\/\/www.musee-mccord-stewart.ca\/en\/collections\/conferences-and-symposia\/new-dialogues-mccord-museum-collections\/","url":"https:\/\/www.musee-mccord-stewart.ca\/en\/collections\/conferences-and-symposia\/new-dialogues-mccord-museum-collections\/","name":"Collecting Knowledge: New Dialogues on McCord Museum Collections - McCord Stewart Museum","isPartOf":{"@id":"https:\/\/www.musee-mccord-stewart.ca\/fr\/#website"},"datePublished":"2022-10-11T16:34:03+00:00","dateModified":"2022-10-11T16:46:35+00:00","description":"Colloquium designed to establish a dialogue about new research frontiers and stimulate discussions to enhance public knowledge of the Museum's collections.","breadcrumb":{"@id":"https:\/\/www.musee-mccord-stewart.ca\/en\/collections\/conferences-and-symposia\/new-dialogues-mccord-museum-collections\/#breadcrumb"},"inLanguage":"en-US","potentialAction":[{"@type":"ReadAction","target":["https:\/\/www.musee-mccord-stewart.ca\/en\/collections\/conferences-and-symposia\/new-dialogues-mccord-museum-collections\/"]}]},{"@type":"BreadcrumbList","@id":"https:\/\/www.musee-mccord-stewart.ca\/en\/collections\/conferences-and-symposia\/new-dialogues-mccord-museum-collections\/#breadcrumb","itemListElement":[{"@type":"ListItem","position":1,"name":"Accueil","item":"https:\/\/www.musee-mccord-stewart.ca\/en\/"},{"@type":"ListItem","position":2,"name":"Collections","item":"https:\/\/www.musee-mccord-stewart.ca\/en\/collections\/"},{"@type":"ListItem","position":3,"name":"Conferences and Symposia","item":"https:\/\/www.musee-mccord-stewart.ca\/en\/collections\/conferences-and-symposia\/"},{"@type":"ListItem","position":4,"name":"Collecting Knowledge: New Dialogues on McCord Museum Collections"}]},{"@type":"WebSite","@id":"https:\/\/www.musee-mccord-stewart.ca\/fr\/#website","url":"https:\/\/www.musee-mccord-stewart.ca\/fr\/","name":"McCord Stewart Museum","description":"Our world, our stories","publisher":{"@id":"https:\/\/www.musee-mccord-stewart.ca\/fr\/#organization"},"alternateName":"MCS","potentialAction":[{"@type":"SearchAction","target":{"@type":"EntryPoint","urlTemplate":"https:\/\/www.musee-mccord-stewart.ca\/fr\/?s={search_term_string}"},"query-input":"required name=search_term_string"}],"inLanguage":"en-US"},{"@type":"Organization","@id":"https:\/\/www.musee-mccord-stewart.ca\/fr\/#organization","name":"McCord Stewart Museum","alternateName":"MCS","url":"https:\/\/www.musee-mccord-stewart.ca\/fr\/","logo":{"@type":"ImageObject","inLanguage":"en-US","@id":"https:\/\/www.musee-mccord-stewart.ca\/fr\/#\/schema\/logo\/image\/","url":"https:\/\/www.musee-mccord-stewart.ca\/app\/uploads\/2023\/05\/logo_museemccordstewart_horizontal_noir_slogan.svg","contentUrl":"https:\/\/www.musee-mccord-stewart.ca\/app\/uploads\/2023\/05\/logo_museemccordstewart_horizontal_noir_slogan.svg","width":1,"height":1,"caption":"McCord Stewart Museum"},"image":{"@id":"https:\/\/www.musee-mccord-stewart.ca\/fr\/#\/schema\/logo\/image\/"},"sameAs":["https:\/\/www.facebook.com\/museemccordstewart","https:\/\/twitter.com\/MuseeMcCordStew","https:\/\/instagram.com\/museemccordstewart","https:\/\/www.linkedin.com\/company\/museemccordstewart\/","https:\/\/www.pinterest.com\/museemccordstewart\/","https:\/\/www.youtube.com\/c\/MuseeMcCordStewartMuseum"]}]}},"_links":{"self":[{"href":"https:\/\/www.musee-mccord-stewart.ca\/en\/wp-json\/wp\/v2\/pages\/42584"}],"collection":[{"href":"https:\/\/www.musee-mccord-stewart.ca\/en\/wp-json\/wp\/v2\/pages"}],"about":[{"href":"https:\/\/www.musee-mccord-stewart.ca\/en\/wp-json\/wp\/v2\/types\/page"}],"author":[{"embeddable":true,"href":"https:\/\/www.musee-mccord-stewart.ca\/en\/wp-json\/wp\/v2\/users\/3"}],"replies":[{"embeddable":true,"href":"https:\/\/www.musee-mccord-stewart.ca\/en\/wp-json\/wp\/v2\/comments?post=42584"}],"version-history":[{"count":0,"href":"https:\/\/www.musee-mccord-stewart.ca\/en\/wp-json\/wp\/v2\/pages\/42584\/revisions"}],"up":[{"embeddable":true,"href":"https:\/\/www.musee-mccord-stewart.ca\/en\/wp-json\/wp\/v2\/pages\/2299"}],"wp:attachment":[{"href":"https:\/\/www.musee-mccord-stewart.ca\/en\/wp-json\/wp\/v2\/media?parent=42584"}],"wp:term":[{"taxonomy":"category","embeddable":true,"href":"https:\/\/www.musee-mccord-stewart.ca\/en\/wp-json\/wp\/v2\/categories?post=42584"},{"taxonomy":"post_tag","embeddable":true,"href":"https:\/\/www.musee-mccord-stewart.ca\/en\/wp-json\/wp\/v2\/tags?post=42584"}],"curies":[{"name":"wp","href":"https:\/\/api.w.org\/{rel}","templated":true}]}}