{"id":42319,"date":"2022-09-26T11:19:42","date_gmt":"2022-09-26T15:19:42","guid":{"rendered":"https:\/\/www.musee-mccord-stewart.ca\/?page_id=42319"},"modified":"2025-12-18T12:43:37","modified_gmt":"2025-12-18T17:43:37","slug":"sugar-ball","status":"publish","type":"page","link":"https:\/\/www.musee-mccord-stewart.ca\/en\/give-and-join\/events\/sugar-ball\/","title":{"rendered":"Sugar Ball"},"content":{"rendered":"<p>Thank you for taking part in the success of the 13th edition of the Sugar Ball at the St-James Theatre, a true gem of Old Montreal. This exceptional venue, where architectural grandeur meets timeless charm, provides a majestic setting for an elegant evening where history, music, and gourmet delights come together brilliantly.<\/p>\n<p>Now one of Montreal\u2019s most sought-after fundraising events, the Sugar Ball brings together hundreds of young professionals in support of the McCord Stewart Museum and its educational programs. This fundraiser is an initiative of the <a href=\"https:\/\/www.musee-mccord-stewart.ca\/en\/give-and-join\/young-mccord-philanthropist\/\">Young McCord Philanthropist<\/a> Committee, a dedicated and engaged group of nearly 20 members.<\/p>\n<h2>Look back on the Sugar Ball 2025<\/h2>\n<ul class=\"sliderTiny\">\n<li>\n<img decoding=\"async\" src=\"https:\/\/www.musee-mccord-stewart.ca\/app\/uploads\/2025\/12\/mccordstewart_balsucre-288-photo-elias-touil.jpg\" alt=\"\u00a9 Elias Touil\" title=\"\u00a9 Elias Touil\" \/>\n<\/li>\n<li>\n<img decoding=\"async\" src=\"https:\/\/www.musee-mccord-stewart.ca\/app\/uploads\/2025\/12\/mccordstewart_balsucre-269-photo-elias-touil.jpg\" alt=\"\u00a9 Elias Touil\" title=\"\u00a9 Elias Touil\" \/>\n<\/li>\n<li>\n<img decoding=\"async\" src=\"https:\/\/www.musee-mccord-stewart.ca\/app\/uploads\/2025\/12\/mccordstewart_balsucre-305-photo-elias-touil.jpg\" alt=\"\u00a9 Elias Touil\" title=\"\u00a9 Elias Touil\" \/>\n<\/li>\n<li>\n<img decoding=\"async\" src=\"https:\/\/www.musee-mccord-stewart.ca\/app\/uploads\/2025\/12\/mccordstewart_balsucre-297-photo-elias-touil.jpg\" alt=\"\u00a9 Elias Touil\" title=\"\u00a9 Elias Touil\" \/>\n<\/li>\n<li>\n<img decoding=\"async\" src=\"https:\/\/www.musee-mccord-stewart.ca\/app\/uploads\/2025\/12\/mccordstewart_balsucre-287-photo-elias-touil.jpg\" alt=\"\u00a9 Elias Touil\" title=\"\u00a9 Elias Touil\" \/>\n<\/li>\n<li>\n<img decoding=\"async\" src=\"https:\/\/www.musee-mccord-stewart.ca\/app\/uploads\/2025\/12\/mccordstewart_balsucre-271-photo-elias-touil.jpg\" alt=\"\u00a9 Elias Touil\" title=\"\u00a9 Elias Touil\" \/>\n<\/li>\n<li>\n<img decoding=\"async\" src=\"https:\/\/www.musee-mccord-stewart.ca\/app\/uploads\/2025\/12\/mccordstewart_balsucre-242-photo-elias-touil.jpg\" alt=\"\u00a9 Elias Touil\" title=\"\u00a9 Elias Touil\" \/>\n<\/li>\n<li>\n<img decoding=\"async\" src=\"https:\/\/www.musee-mccord-stewart.ca\/app\/uploads\/2025\/12\/mccordstewart_balsucre-202-photo-elias-touil.jpg\" alt=\"\u00a9 Elias Touil\" title=\"\u00a9 Elias Touil\" \/>\n<\/li>\n<li>\n<img decoding=\"async\" src=\"https:\/\/www.musee-mccord-stewart.ca\/app\/uploads\/2025\/12\/mccordstewart_balsucre-90-photo-elias-touil.jpg\" alt=\"\u00a9 Elias Touil\" title=\"\u00a9 Elias Touil\" \/>\n<\/li>\n<li>\n<img decoding=\"async\" src=\"https:\/\/www.musee-mccord-stewart.ca\/app\/uploads\/2025\/12\/mccordstewart_balsucre-32-photo-elias-touil.jpg\" alt=\"\u00a9 Elias Touil\" title=\"\u00a9 Elias Touil\" \/>\n<\/li>\n<\/ul>\n\n<h2 style=\"caret-color: rgba(0, 0, 0, 0);\">Sugar Ball 2025 Committee<\/h2>\n<p style=\"caret-color: rgba(0, 0, 0, 0);\">The Young McCord Philanthropist Committee is dedicated to the success of the Sugar Ball. We thank them for their commitment and support.<\/p>\n<p style=\"caret-color: rgba(0, 0, 0, 0);\"><strong>Copresident of the Young McCord Philanthropist Committee:<\/strong>\u00a0Jiad Ghoussoub,\u00a0<span data-teams=\"true\">CIBC<\/span><br \/>\n<strong>Copresident of the Young McCord Philanthropist Committee:<\/strong>\u00a0Nahla Abdelhamid, Engel &amp; V\u00f6lkers Benoit Sansoucy<\/p>\n<ul style=\"caret-color: rgba(0, 0, 0, 0);\">\n<li>Joyce Abou-Merhi, Hydro-Qu\u00e9bec<\/li>\n<li>Patrick Bisson, Lloyd&#8217;s of London<\/li>\n<li>Marc-Andr\u00e9 Charron, Bardagi<\/li>\n<li>\u00c9l\u00e9onore Chatigny, L\u2019Or\u00e9al Canada<\/li>\n<li>Marina Chu, FC Art<\/li>\n<li>Spiro Dimitropoulos, PricewaterhouseCoopers<\/li>\n<li>Julie Duchas, BNP Paribas<\/li>\n<li>Laura Fabi, McCarthy T\u00e9trault<\/li>\n<li>Sierra Foster, Manulife Wealth Inc.<\/li>\n<li>Katherine Lacroix, Universit\u00e9 McGill<\/li>\n<li>Amanda Lane Papillon, Metro inc.<\/li>\n<li>Clara Leduc, Yves Rocher<\/li>\n<li>J\u00e9r\u00e9my Moreau, Caisse de d\u00e9p\u00f4t et placement du Qu\u00e9bec<\/li>\n<li>Karim Mousseau, Maison Marie Saint Pierre<\/li>\n<li>Adeola Odusanya, McKinsey &amp; Company<\/li>\n<li>Eran Stysis, BDO Canada<\/li>\n<li>Franck Tetouom, Kindustry<\/li>\n<li>Pierre-Olivier Valiquette, Norton Rose Fulbright<\/li>\n<li>Ralph Vallon, Sun Life<\/li>\n<\/ul>\n<h2>Questions? Get in touch with us!<\/h2>\n<p>For more information, please contact the McCord Stewart Museum Foundation.<\/p>\n<p><strong><span lang=\"EN-CA\">Minh Bui<\/span>\u00a0<\/strong><br \/>\n<span lang=\"EN-CA\">Officer, Fundraising Events<\/span><br \/>\n<a href=\"mailto:minh.bui@mccord-stewart.ca\" rel=\"noreferrer noopener\"><span lang=\"EN-CA\">minh.bui@mccord-stewart.ca<\/span><\/a><span lang=\"EN-CA\">\u00a0 <\/span><br \/>\n<span lang=\"EN-CA\">514 861-6701, ext.1278<\/span><\/p>\n","protected":false},"excerpt":{"rendered":"<p>Thank you for taking part in the success of the 13th edition of the Sugar Ball at the St-James Theatre, a true gem of Old Montreal. This exceptional venue, where architectural grandeur meets timeless charm, provides a majestic setting for an elegant evening where history, music, and gourmet delights come together brilliantly. Now one of [&hellip;]<\/p>\n","protected":false},"author":17,"featured_media":0,"parent":42388,"menu_order":0,"comment_status":"closed","ping_status":"closed","template":"page-templates\/page-texte.php","meta":{"footnotes":""},"categories":[],"tags":[],"acf":[],"yoast_head":"<!-- This site is optimized with the Yoast SEO Premium plugin v20.11 (Yoast SEO v20.11) - https:\/\/yoast.com\/wordpress\/plugins\/seo\/ -->\n<title>Sugar Ball - Fundraising Event - McCord Stewart Museum<\/title>\n<meta name=\"description\" content=\"One of Montreal&#039;s most popular fundraisers for young professionals: the Sugar Ball! Dance Party with DJs \u2022 Open Bar \u2022 Sweet Treats\" \/>\n<meta name=\"robots\" content=\"index, follow, max-snippet:-1, max-image-preview:large, max-video-preview:-1\" \/>\n<link rel=\"canonical\" href=\"https:\/\/www.musee-mccord-stewart.ca\/en\/give-and-join\/events\/sugar-ball\/\" \/>\n<meta property=\"og:locale\" content=\"en_US\" \/>\n<meta property=\"og:type\" content=\"article\" \/>\n<meta property=\"og:title\" content=\"Sugar Ball\" \/>\n<meta property=\"og:description\" content=\"One of Montreal&#039;s most popular fundraisers for young professionals: the Sugar Ball! Dance Party with DJs \u2022 Open Bar \u2022 Sweet Treats\" \/>\n<meta property=\"og:url\" content=\"https:\/\/www.musee-mccord-stewart.ca\/en\/give-and-join\/events\/sugar-ball\/\" \/>\n<meta property=\"og:site_name\" content=\"McCord Stewart Museum\" \/>\n<meta property=\"article:publisher\" content=\"https:\/\/www.facebook.com\/museemccordstewart\" \/>\n<meta property=\"article:modified_time\" content=\"2025-12-18T17:43:37+00:00\" \/>\n<meta property=\"og:image\" content=\"https:\/\/www.musee-mccord-stewart.ca\/app\/uploads\/2025\/08\/mccord-stewart_bal-sucre_2025_800x520.png\" \/>\n\t<meta property=\"og:image:width\" content=\"800\" \/>\n\t<meta property=\"og:image:height\" content=\"520\" \/>\n\t<meta property=\"og:image:type\" content=\"image\/png\" \/>\n<meta name=\"twitter:card\" content=\"summary_large_image\" \/>\n<meta name=\"twitter:description\" content=\"One of Montreal&#039;s most popular fundraisers for young professionals: the Sugar Ball! Dance Party with DJs \u2022 Open Bar \u2022 Sweet Treats\" \/>\n<meta name=\"twitter:site\" content=\"@MuseeMcCordStew\" \/>\n<meta name=\"twitter:label1\" content=\"Est. reading time\" \/>\n\t<meta name=\"twitter:data1\" content=\"2 minutes\" \/>\n<script type=\"application\/ld+json\" class=\"yoast-schema-graph\">{\"@context\":\"https:\/\/schema.org\",\"@graph\":[{\"@type\":\"WebPage\",\"@id\":\"https:\/\/www.musee-mccord-stewart.ca\/en\/give-and-join\/events\/sugar-ball\/\",\"url\":\"https:\/\/www.musee-mccord-stewart.ca\/en\/give-and-join\/events\/sugar-ball\/\",\"name\":\"Sugar Ball - Fundraising Event - McCord Stewart Museum\",\"isPartOf\":{\"@id\":\"https:\/\/www.musee-mccord-stewart.ca\/fr\/#website\"},\"datePublished\":\"2022-09-26T15:19:42+00:00\",\"dateModified\":\"2025-12-18T17:43:37+00:00\",\"description\":\"One of Montreal's most popular fundraisers for young professionals: the Sugar Ball! Dance Party with DJs \u2022 Open Bar \u2022 Sweet Treats\",\"breadcrumb\":{\"@id\":\"https:\/\/www.musee-mccord-stewart.ca\/en\/give-and-join\/events\/sugar-ball\/#breadcrumb\"},\"inLanguage\":\"en-US\",\"potentialAction\":[{\"@type\":\"ReadAction\",\"target\":[\"https:\/\/www.musee-mccord-stewart.ca\/en\/give-and-join\/events\/sugar-ball\/\"]}]},{\"@type\":\"BreadcrumbList\",\"@id\":\"https:\/\/www.musee-mccord-stewart.ca\/en\/give-and-join\/events\/sugar-ball\/#breadcrumb\",\"itemListElement\":[{\"@type\":\"ListItem\",\"position\":1,\"name\":\"Accueil\",\"item\":\"https:\/\/www.musee-mccord-stewart.ca\/en\/\"},{\"@type\":\"ListItem\",\"position\":2,\"name\":\"Give and join\",\"item\":\"https:\/\/www.musee-mccord-stewart.ca\/en\/?page_id=42308\"},{\"@type\":\"ListItem\",\"position\":3,\"name\":\"Events\",\"item\":\"https:\/\/www.musee-mccord-stewart.ca\/en\/give-and-join\/events\/\"},{\"@type\":\"ListItem\",\"position\":4,\"name\":\"Sugar Ball\"}]},{\"@type\":\"WebSite\",\"@id\":\"https:\/\/www.musee-mccord-stewart.ca\/fr\/#website\",\"url\":\"https:\/\/www.musee-mccord-stewart.ca\/fr\/\",\"name\":\"McCord Stewart Museum\",\"description\":\"Our world, our stories\",\"publisher\":{\"@id\":\"https:\/\/www.musee-mccord-stewart.ca\/fr\/#organization\"},\"alternateName\":\"MCS\",\"potentialAction\":[{\"@type\":\"SearchAction\",\"target\":{\"@type\":\"EntryPoint\",\"urlTemplate\":\"https:\/\/www.musee-mccord-stewart.ca\/fr\/?s={search_term_string}\"},\"query-input\":\"required name=search_term_string\"}],\"inLanguage\":\"en-US\"},{\"@type\":\"Organization\",\"@id\":\"https:\/\/www.musee-mccord-stewart.ca\/fr\/#organization\",\"name\":\"McCord Stewart Museum\",\"alternateName\":\"MCS\",\"url\":\"https:\/\/www.musee-mccord-stewart.ca\/fr\/\",\"logo\":{\"@type\":\"ImageObject\",\"inLanguage\":\"en-US\",\"@id\":\"https:\/\/www.musee-mccord-stewart.ca\/fr\/#\/schema\/logo\/image\/\",\"url\":\"https:\/\/www.musee-mccord-stewart.ca\/app\/uploads\/2023\/05\/logo_museemccordstewart_horizontal_noir_slogan.svg\",\"contentUrl\":\"https:\/\/www.musee-mccord-stewart.ca\/app\/uploads\/2023\/05\/logo_museemccordstewart_horizontal_noir_slogan.svg\",\"width\":1,\"height\":1,\"caption\":\"McCord Stewart Museum\"},\"image\":{\"@id\":\"https:\/\/www.musee-mccord-stewart.ca\/fr\/#\/schema\/logo\/image\/\"},\"sameAs\":[\"https:\/\/www.facebook.com\/museemccordstewart\",\"https:\/\/twitter.com\/MuseeMcCordStew\",\"https:\/\/instagram.com\/museemccordstewart\",\"https:\/\/www.linkedin.com\/company\/museemccordstewart\/\",\"https:\/\/www.pinterest.com\/museemccordstewart\/\",\"https:\/\/www.youtube.com\/c\/MuseeMcCordStewartMuseum\"]}]}<\/script>\n<!-- \/ Yoast SEO Premium plugin. -->","yoast_head_json":{"title":"Sugar Ball - Fundraising Event - McCord Stewart Museum","description":"One of Montreal's most popular fundraisers for young professionals: the Sugar Ball! Dance Party with DJs \u2022 Open Bar \u2022 Sweet Treats","robots":{"index":"index","follow":"follow","max-snippet":"max-snippet:-1","max-image-preview":"max-image-preview:large","max-video-preview":"max-video-preview:-1"},"canonical":"https:\/\/www.musee-mccord-stewart.ca\/en\/give-and-join\/events\/sugar-ball\/","og_locale":"en_US","og_type":"article","og_title":"Sugar Ball","og_description":"One of Montreal's most popular fundraisers for young professionals: the Sugar Ball! Dance Party with DJs \u2022 Open Bar \u2022 Sweet Treats","og_url":"https:\/\/www.musee-mccord-stewart.ca\/en\/give-and-join\/events\/sugar-ball\/","og_site_name":"McCord Stewart Museum","article_publisher":"https:\/\/www.facebook.com\/museemccordstewart","article_modified_time":"2025-12-18T17:43:37+00:00","og_image":[{"width":800,"height":520,"url":"https:\/\/www.musee-mccord-stewart.ca\/app\/uploads\/2025\/08\/mccord-stewart_bal-sucre_2025_800x520.png","type":"image\/png"}],"twitter_card":"summary_large_image","twitter_description":"One of Montreal's most popular fundraisers for young professionals: the Sugar Ball! Dance Party with DJs \u2022 Open Bar \u2022 Sweet Treats","twitter_site":"@MuseeMcCordStew","twitter_misc":{"Est. reading time":"2 minutes"},"schema":{"@context":"https:\/\/schema.org","@graph":[{"@type":"WebPage","@id":"https:\/\/www.musee-mccord-stewart.ca\/en\/give-and-join\/events\/sugar-ball\/","url":"https:\/\/www.musee-mccord-stewart.ca\/en\/give-and-join\/events\/sugar-ball\/","name":"Sugar Ball - Fundraising Event - McCord Stewart Museum","isPartOf":{"@id":"https:\/\/www.musee-mccord-stewart.ca\/fr\/#website"},"datePublished":"2022-09-26T15:19:42+00:00","dateModified":"2025-12-18T17:43:37+00:00","description":"One of Montreal's most popular fundraisers for young professionals: the Sugar Ball! Dance Party with DJs \u2022 Open Bar \u2022 Sweet Treats","breadcrumb":{"@id":"https:\/\/www.musee-mccord-stewart.ca\/en\/give-and-join\/events\/sugar-ball\/#breadcrumb"},"inLanguage":"en-US","potentialAction":[{"@type":"ReadAction","target":["https:\/\/www.musee-mccord-stewart.ca\/en\/give-and-join\/events\/sugar-ball\/"]}]},{"@type":"BreadcrumbList","@id":"https:\/\/www.musee-mccord-stewart.ca\/en\/give-and-join\/events\/sugar-ball\/#breadcrumb","itemListElement":[{"@type":"ListItem","position":1,"name":"Accueil","item":"https:\/\/www.musee-mccord-stewart.ca\/en\/"},{"@type":"ListItem","position":2,"name":"Give and join","item":"https:\/\/www.musee-mccord-stewart.ca\/en\/?page_id=42308"},{"@type":"ListItem","position":3,"name":"Events","item":"https:\/\/www.musee-mccord-stewart.ca\/en\/give-and-join\/events\/"},{"@type":"ListItem","position":4,"name":"Sugar Ball"}]},{"@type":"WebSite","@id":"https:\/\/www.musee-mccord-stewart.ca\/fr\/#website","url":"https:\/\/www.musee-mccord-stewart.ca\/fr\/","name":"McCord Stewart Museum","description":"Our world, our stories","publisher":{"@id":"https:\/\/www.musee-mccord-stewart.ca\/fr\/#organization"},"alternateName":"MCS","potentialAction":[{"@type":"SearchAction","target":{"@type":"EntryPoint","urlTemplate":"https:\/\/www.musee-mccord-stewart.ca\/fr\/?s={search_term_string}"},"query-input":"required name=search_term_string"}],"inLanguage":"en-US"},{"@type":"Organization","@id":"https:\/\/www.musee-mccord-stewart.ca\/fr\/#organization","name":"McCord Stewart Museum","alternateName":"MCS","url":"https:\/\/www.musee-mccord-stewart.ca\/fr\/","logo":{"@type":"ImageObject","inLanguage":"en-US","@id":"https:\/\/www.musee-mccord-stewart.ca\/fr\/#\/schema\/logo\/image\/","url":"https:\/\/www.musee-mccord-stewart.ca\/app\/uploads\/2023\/05\/logo_museemccordstewart_horizontal_noir_slogan.svg","contentUrl":"https:\/\/www.musee-mccord-stewart.ca\/app\/uploads\/2023\/05\/logo_museemccordstewart_horizontal_noir_slogan.svg","width":1,"height":1,"caption":"McCord Stewart Museum"},"image":{"@id":"https:\/\/www.musee-mccord-stewart.ca\/fr\/#\/schema\/logo\/image\/"},"sameAs":["https:\/\/www.facebook.com\/museemccordstewart","https:\/\/twitter.com\/MuseeMcCordStew","https:\/\/instagram.com\/museemccordstewart","https:\/\/www.linkedin.com\/company\/museemccordstewart\/","https:\/\/www.pinterest.com\/museemccordstewart\/","https:\/\/www.youtube.com\/c\/MuseeMcCordStewartMuseum"]}]}},"_links":{"self":[{"href":"https:\/\/www.musee-mccord-stewart.ca\/en\/wp-json\/wp\/v2\/pages\/42319"}],"collection":[{"href":"https:\/\/www.musee-mccord-stewart.ca\/en\/wp-json\/wp\/v2\/pages"}],"about":[{"href":"https:\/\/www.musee-mccord-stewart.ca\/en\/wp-json\/wp\/v2\/types\/page"}],"author":[{"embeddable":true,"href":"https:\/\/www.musee-mccord-stewart.ca\/en\/wp-json\/wp\/v2\/users\/17"}],"replies":[{"embeddable":true,"href":"https:\/\/www.musee-mccord-stewart.ca\/en\/wp-json\/wp\/v2\/comments?post=42319"}],"version-history":[{"count":0,"href":"https:\/\/www.musee-mccord-stewart.ca\/en\/wp-json\/wp\/v2\/pages\/42319\/revisions"}],"up":[{"embeddable":true,"href":"https:\/\/www.musee-mccord-stewart.ca\/en\/wp-json\/wp\/v2\/pages\/42388"}],"wp:attachment":[{"href":"https:\/\/www.musee-mccord-stewart.ca\/en\/wp-json\/wp\/v2\/media?parent=42319"}],"wp:term":[{"taxonomy":"category","embeddable":true,"href":"https:\/\/www.musee-mccord-stewart.ca\/en\/wp-json\/wp\/v2\/categories?post=42319"},{"taxonomy":"post_tag","embeddable":true,"href":"https:\/\/www.musee-mccord-stewart.ca\/en\/wp-json\/wp\/v2\/tags?post=42319"}],"curies":[{"name":"wp","href":"https:\/\/api.w.org\/{rel}","templated":true}]}}