{"id":39525,"date":"2021-12-03T13:45:13","date_gmt":"2021-12-03T18:45:13","guid":{"rendered":"https:\/\/www.musee-mccord-stewart.ca\/?page_id=39525"},"modified":"2022-12-05T16:59:11","modified_gmt":"2022-12-05T21:59:11","slug":"recipes-holiday-table","status":"publish","type":"page","link":"https:\/\/www.musee-mccord-stewart.ca\/en\/collections\/archives\/whats-cooking-in-our-archives-a-taste-of-the-past\/recipes-holiday-table\/","title":{"rendered":"Recipes for Your Holiday Table"},"content":{"rendered":"<p>The Museum&#8217;s <a href=\"https:\/\/www.musee-mccord-stewart.ca\/en\/collections\/archives\/\">Archives collection<\/a> includes nearly <strong>1,000 cookbooks and recipe pamphlets produced between the mid-18<sup>th<\/sup> and early 21<sup>st<\/sup> centuries<\/strong>. Appealing in more ways than one, the collection offers information about changing eating habits, social norms surrounding meals, the role of women in the family home, advertising, and the development of new culinary practices.<\/p>\n<h2>Holiday Table<\/h2>\n<p>In this time of year, the Museum invites you to dive into its <a title=\"Archives\" href=\"https:\/\/www.musee-mccord-stewart.ca\/en\/collections\/archives\/\">Archives collection<\/a> to <strong>rediscover the tastes of yesteryear with recipes that will inspire your holiday menus<\/strong>! Share your holiday favourites on social media: #McCordStewartMuseum.<\/p>\n<ul class=\"sliderTiny\">\n<li>\n<img decoding=\"async\" src=\"https:\/\/www.musee-mccord-stewart.ca\/app\/uploads\/2020\/11\/stephanie_poisson_napolitains_07_800px_en.jpg\" alt=\"Biscuits napolitains, prepared by St\u00e9phanie, Digital Outreach, Collections\" title=\"Biscuits napolitains, prepared by St\u00e9phanie, Digital Outreach, Collections\" \/>\n<\/li>\n<li>\n<img decoding=\"async\" src=\"https:\/\/www.musee-mccord-stewart.ca\/app\/uploads\/2020\/11\/anne-frederique_beaulieu_plamondon_tourtieres_800px_en.jpg\" alt=\"Tourti\u00e8res miniatures,  prepared by Anne-Fr\u00e9d\u00e9rique, Coordinator, Digital Information Management\" title=\"Tourti\u00e8res miniatures,  prepared by Anne-Fr\u00e9d\u00e9rique, Coordinator, Digital Information Management\" \/>\n<\/li>\n<li>\n<img decoding=\"async\" src=\"https:\/\/www.musee-mccord-stewart.ca\/app\/uploads\/2020\/12\/genevieve_deziel_coronation_cocktail_01_800px_en.jpg\" alt=\"Coronation Cocktail, prepared by Genevi\u00e8ve, Cataloguer\" title=\"Coronation Cocktail, prepared by Genevi\u00e8ve, Cataloguer\" \/>\n<\/li>\n<li>\n<img decoding=\"async\" src=\"https:\/\/www.musee-mccord-stewart.ca\/app\/uploads\/2020\/11\/stephanie_poisson_batonnets_melasse_800px_en.jpg\" alt=\"B\u00e2tonnets \u00e0 la m\u00e9lasse, prepared by St\u00e9phanie, Digital Outreach, Collections\" title=\"B\u00e2tonnets \u00e0 la m\u00e9lasse, prepared by St\u00e9phanie, Digital Outreach, Collections\" \/>\n<\/li>\n<li>\n<img decoding=\"async\" src=\"https:\/\/www.musee-mccord-stewart.ca\/app\/uploads\/2020\/12\/genevieve_deziel_saucisses_coronation_cocktail_800px_en.jpg\" alt=\"Saucisses cocktail fum\u00e9es \u00ab au Porter \u00bb, prepared by Genevi\u00e8ve, Cataloguer\" title=\"Saucisses cocktail fum\u00e9es \u00ab au Porter \u00bb, prepared by Genevi\u00e8ve, Cataloguer\" \/>\n<\/li>\n<li>\n<img decoding=\"async\" src=\"https:\/\/www.musee-mccord-stewart.ca\/app\/uploads\/2020\/11\/stephanie_poisson_biscuits_01_800px_en.jpg\" alt=\"Cookies, prepared by St\u00e9phanie, Digital Outreach, Collections\" title=\"Cookies, prepared by St\u00e9phanie, Digital Outreach, Collections\" \/>\n<\/li>\n<li>\n<img decoding=\"async\" src=\"https:\/\/www.musee-mccord-stewart.ca\/app\/uploads\/2020\/12\/genevieve_deziel_heather-hopper_800px_en.jpg\" alt=\"Heather Hopper, prepared by Genevi\u00e8ve, Cataloguer\" title=\"Heather Hopper, prepared by Genevi\u00e8ve, Cataloguer\" \/>\n<\/li>\n<li>\n<img decoding=\"async\" src=\"https:\/\/www.musee-mccord-stewart.ca\/app\/uploads\/2020\/12\/genevieve_deziel_spirales_fromage_800px_en.jpg\" alt=\"Spirales dor\u00e9es au fromage, prepared by Genevi\u00e8ve, Cataloguer\" title=\"Spirales dor\u00e9es au fromage, prepared by Genevi\u00e8ve, Cataloguer\" \/>\n<\/li>\n<\/ul>\n\n<ul>\n<li><strong>Spirales dor\u00e9e au fromage <\/strong>| <a href=\"http:\/\/www.musee-mccord-stewart.ca\/app\/uploads\/2022\/10\/spirales_fromage_en.pdf\">See recipe<\/a><\/li>\n<li><strong>Creamed Chestnut Soup<\/strong> | <a href=\"http:\/\/www.musee-mccord-stewart.ca\/app\/uploads\/2022\/10\/chestnut_soup_fr.pdf\">See recipe<\/a><\/li>\n<li><strong>Christmas Cucumber Mould with Dill<\/strong> | <a href=\"https:\/\/www.musee-mccord-stewart.ca\/app\/uploads\/2022\/10\/christmas_cucumber_mould_with_dill_en.pdf\">See recipe<\/a><\/li>\n<li><strong>Tourti\u00e8res miniatures<\/strong> | <a href=\"http:\/\/www.musee-mccord-stewart.ca\/app\/uploads\/2022\/10\/mini_tourtieres_en.pdf\">See recipe<\/a><\/li>\n<li><strong>Rago\u00fbt du jour de l\u2019An<\/strong> | <a href=\"http:\/\/www.musee-mccord-stewart.ca\/app\/uploads\/2022\/10\/ragout_en.pdf\">See recipe<\/a><\/li>\n<li><strong>Saucisses cocktail fum\u00e9es \u00ab au Porter \u00bb (chaud) <\/strong>| <a href=\"http:\/\/www.musee-mccord-stewart.ca\/app\/uploads\/2022\/10\/saucisses_cocktail_en.pdf\">See recipe<\/a><\/li>\n<li><strong>Riz \u00e0 la cr\u00e8me \u00ab Molson \u00bb<\/strong> | <a href=\"http:\/\/www.musee-mccord-stewart.ca\/app\/uploads\/2022\/10\/riz_molson_en.pdf\">See recipe<\/a><\/li>\n<li><strong>Sandwichs roul\u00e9s \u00e0 la gel\u00e9e <\/strong>| <a href=\"http:\/\/www.musee-mccord-stewart.ca\/app\/uploads\/2022\/10\/sandwichs_roules_en.pdf\">See recipe<\/a><\/li>\n<li><strong>B\u00e2tonnets \u00e0 la m\u00e9lasse<\/strong> | <a href=\"https:\/\/www.musee-mccord-stewart.ca\/app\/uploads\/2022\/10\/batonnets_melasse_en.pdf\">See recipe<\/a><\/li>\n<li><strong>Biscuits napolitains<\/strong> | <a href=\"http:\/\/www.musee-mccord-stewart.ca\/app\/uploads\/2022\/10\/biscuits_napolitains_en.pdf\">See recipe<\/a><\/li>\n<li><strong>G\u00e2teau Streusel aux cerises<\/strong> | <a href=\"http:\/\/www.musee-mccord-stewart.ca\/app\/uploads\/2022\/10\/gateau_cerises_en.pdf\">See recipe<\/a><\/li>\n<li><strong>Egg-nog Ice Cream<\/strong> | <a href=\"http:\/\/www.musee-mccord-stewart.ca\/app\/uploads\/2022\/10\/eggnog_icecream_en.pdf\">See recipe<\/a><\/li>\n<li><strong>Chocolat au moka<\/strong> | <a href=\"http:\/\/www.musee-mccord-stewart.ca\/app\/uploads\/2022\/10\/chocolat_moka_en.pdf\">See recipe<\/a><\/li>\n<\/ul>\n<h2>Cocktails<\/h2>\n<ul>\n<li><a href=\"http:\/\/www.musee-mccord-stewart.ca\/app\/uploads\/2022\/10\/cocktail_noel_en.pdf\">Great Mistletoe Drinks<\/a><\/li>\n<li><a title=\"\" href=\"http:\/\/www.musee-mccord-stewart.ca\/app\/uploads\/2022\/10\/coronation_cocktail_en.pdf\">Coronation Cocktail<\/a><\/li>\n<\/ul>\n<h2>Decorations<\/h2>\n<ul>\n<li><a href=\"http:\/\/www.musee-mccord-stewart.ca\/app\/uploads\/2022\/10\/arbre_jujubes_en.pdf\">Arbre fleuri de jujubes<\/a><\/li>\n<li><a href=\"http:\/\/www.musee-mccord-stewart.ca\/app\/uploads\/2022\/10\/anges_en.pdf\">Anges<\/a><\/li>\n<\/ul>\n","protected":false},"excerpt":{"rendered":"<p>The Museum&#8217;s Archives collection includes nearly 1,000 cookbooks and recipe pamphlets produced between the mid-18th and early 21st centuries. Appealing in more ways than one, the collection offers information about changing eating habits, social norms surrounding meals, the role of women in the family home, advertising, and the development of new culinary practices. Holiday Table [&hellip;]<\/p>\n","protected":false},"author":17,"featured_media":0,"parent":30473,"menu_order":0,"comment_status":"closed","ping_status":"closed","template":"page-templates\/page-texte.php","meta":{"footnotes":""},"categories":[],"tags":[],"acf":[],"yoast_head":"<!-- This site is optimized with the Yoast SEO Premium plugin v20.11 (Yoast SEO v20.11) - https:\/\/yoast.com\/wordpress\/plugins\/seo\/ -->\n<title>Recipes for Your Holiday Table - McCord Stewart Museum<\/title>\n<meta name=\"description\" content=\"The Museum&#039;s Archives collection includes nearly 1,000 cookbooks and recipe pamphlets produced between the mid-18th and early 21st centuries. Appealing in\" \/>\n<meta name=\"robots\" content=\"index, follow, max-snippet:-1, max-image-preview:large, max-video-preview:-1\" \/>\n<link rel=\"canonical\" href=\"https:\/\/www.musee-mccord-stewart.ca\/en\/collections\/archives\/whats-cooking-in-our-archives-a-taste-of-the-past\/recipes-holiday-table\/\" \/>\n<meta property=\"og:locale\" content=\"en_US\" \/>\n<meta property=\"og:type\" content=\"article\" \/>\n<meta property=\"og:title\" content=\"Recipes for Your Holiday Table\" \/>\n<meta property=\"og:description\" content=\"The Museum&#039;s Archives collection includes nearly 1,000 cookbooks and recipe pamphlets produced between the mid-18th and early 21st centuries. Appealing in\" \/>\n<meta property=\"og:url\" content=\"https:\/\/www.musee-mccord-stewart.ca\/en\/collections\/archives\/whats-cooking-in-our-archives-a-taste-of-the-past\/recipes-holiday-table\/\" \/>\n<meta property=\"og:site_name\" content=\"McCord Stewart Museum\" \/>\n<meta property=\"article:publisher\" content=\"https:\/\/www.facebook.com\/museemccordstewart\" \/>\n<meta property=\"article:modified_time\" content=\"2022-12-05T21:59:11+00:00\" \/>\n<meta property=\"og:image\" content=\"https:\/\/www.musee-mccord-stewart.ca\/app\/uploads\/2020\/11\/stephanie_poisson_napolitains_07_800px_en.jpg\" \/>\n<meta name=\"twitter:card\" content=\"summary_large_image\" \/>\n<meta name=\"twitter:site\" content=\"@MuseeMcCordStew\" \/>\n<meta name=\"twitter:label1\" content=\"Est. reading time\" \/>\n\t<meta name=\"twitter:data1\" content=\"2 minutes\" \/>\n<script type=\"application\/ld+json\" class=\"yoast-schema-graph\">{\"@context\":\"https:\/\/schema.org\",\"@graph\":[{\"@type\":\"WebPage\",\"@id\":\"https:\/\/www.musee-mccord-stewart.ca\/en\/collections\/archives\/whats-cooking-in-our-archives-a-taste-of-the-past\/recipes-holiday-table\/\",\"url\":\"https:\/\/www.musee-mccord-stewart.ca\/en\/collections\/archives\/whats-cooking-in-our-archives-a-taste-of-the-past\/recipes-holiday-table\/\",\"name\":\"Recipes for Your Holiday Table - McCord Stewart Museum\",\"isPartOf\":{\"@id\":\"https:\/\/www.musee-mccord-stewart.ca\/fr\/#website\"},\"datePublished\":\"2021-12-03T18:45:13+00:00\",\"dateModified\":\"2022-12-05T21:59:11+00:00\",\"description\":\"The Museum's Archives collection includes nearly 1,000 cookbooks and recipe pamphlets produced between the mid-18th and early 21st centuries. Appealing in\",\"breadcrumb\":{\"@id\":\"https:\/\/www.musee-mccord-stewart.ca\/en\/collections\/archives\/whats-cooking-in-our-archives-a-taste-of-the-past\/recipes-holiday-table\/#breadcrumb\"},\"inLanguage\":\"en-US\",\"potentialAction\":[{\"@type\":\"ReadAction\",\"target\":[\"https:\/\/www.musee-mccord-stewart.ca\/en\/collections\/archives\/whats-cooking-in-our-archives-a-taste-of-the-past\/recipes-holiday-table\/\"]}]},{\"@type\":\"BreadcrumbList\",\"@id\":\"https:\/\/www.musee-mccord-stewart.ca\/en\/collections\/archives\/whats-cooking-in-our-archives-a-taste-of-the-past\/recipes-holiday-table\/#breadcrumb\",\"itemListElement\":[{\"@type\":\"ListItem\",\"position\":1,\"name\":\"Accueil\",\"item\":\"https:\/\/www.musee-mccord-stewart.ca\/en\/\"},{\"@type\":\"ListItem\",\"position\":2,\"name\":\"Collections\",\"item\":\"https:\/\/www.musee-mccord-stewart.ca\/en\/collections\/\"},{\"@type\":\"ListItem\",\"position\":3,\"name\":\"Archives\",\"item\":\"https:\/\/www.musee-mccord-stewart.ca\/en\/collections\/archives\/\"},{\"@type\":\"ListItem\",\"position\":4,\"name\":\"What&rsquo;s cooking in our archives! A taste of the past\",\"item\":\"https:\/\/www.musee-mccord-stewart.ca\/en\/collections\/archives\/whats-cooking-in-our-archives-a-taste-of-the-past\/\"},{\"@type\":\"ListItem\",\"position\":5,\"name\":\"Recipes for Your Holiday Table\"}]},{\"@type\":\"WebSite\",\"@id\":\"https:\/\/www.musee-mccord-stewart.ca\/fr\/#website\",\"url\":\"https:\/\/www.musee-mccord-stewart.ca\/fr\/\",\"name\":\"McCord Stewart Museum\",\"description\":\"Our world, our stories\",\"publisher\":{\"@id\":\"https:\/\/www.musee-mccord-stewart.ca\/fr\/#organization\"},\"alternateName\":\"MCS\",\"potentialAction\":[{\"@type\":\"SearchAction\",\"target\":{\"@type\":\"EntryPoint\",\"urlTemplate\":\"https:\/\/www.musee-mccord-stewart.ca\/fr\/?s={search_term_string}\"},\"query-input\":\"required name=search_term_string\"}],\"inLanguage\":\"en-US\"},{\"@type\":\"Organization\",\"@id\":\"https:\/\/www.musee-mccord-stewart.ca\/fr\/#organization\",\"name\":\"McCord Stewart Museum\",\"alternateName\":\"MCS\",\"url\":\"https:\/\/www.musee-mccord-stewart.ca\/fr\/\",\"logo\":{\"@type\":\"ImageObject\",\"inLanguage\":\"en-US\",\"@id\":\"https:\/\/www.musee-mccord-stewart.ca\/fr\/#\/schema\/logo\/image\/\",\"url\":\"https:\/\/www.musee-mccord-stewart.ca\/app\/uploads\/2023\/05\/logo_museemccordstewart_horizontal_noir_slogan.svg\",\"contentUrl\":\"https:\/\/www.musee-mccord-stewart.ca\/app\/uploads\/2023\/05\/logo_museemccordstewart_horizontal_noir_slogan.svg\",\"width\":1,\"height\":1,\"caption\":\"McCord Stewart Museum\"},\"image\":{\"@id\":\"https:\/\/www.musee-mccord-stewart.ca\/fr\/#\/schema\/logo\/image\/\"},\"sameAs\":[\"https:\/\/www.facebook.com\/museemccordstewart\",\"https:\/\/twitter.com\/MuseeMcCordStew\",\"https:\/\/instagram.com\/museemccordstewart\",\"https:\/\/www.linkedin.com\/company\/museemccordstewart\/\",\"https:\/\/www.pinterest.com\/museemccordstewart\/\",\"https:\/\/www.youtube.com\/c\/MuseeMcCordStewartMuseum\"]}]}<\/script>\n<!-- \/ Yoast SEO Premium plugin. -->","yoast_head_json":{"title":"Recipes for Your Holiday Table - McCord Stewart Museum","description":"The Museum's Archives collection includes nearly 1,000 cookbooks and recipe pamphlets produced between the mid-18th and early 21st centuries. Appealing in","robots":{"index":"index","follow":"follow","max-snippet":"max-snippet:-1","max-image-preview":"max-image-preview:large","max-video-preview":"max-video-preview:-1"},"canonical":"https:\/\/www.musee-mccord-stewart.ca\/en\/collections\/archives\/whats-cooking-in-our-archives-a-taste-of-the-past\/recipes-holiday-table\/","og_locale":"en_US","og_type":"article","og_title":"Recipes for Your Holiday Table","og_description":"The Museum's Archives collection includes nearly 1,000 cookbooks and recipe pamphlets produced between the mid-18th and early 21st centuries. Appealing in","og_url":"https:\/\/www.musee-mccord-stewart.ca\/en\/collections\/archives\/whats-cooking-in-our-archives-a-taste-of-the-past\/recipes-holiday-table\/","og_site_name":"McCord Stewart Museum","article_publisher":"https:\/\/www.facebook.com\/museemccordstewart","article_modified_time":"2022-12-05T21:59:11+00:00","og_image":[{"url":"https:\/\/www.musee-mccord-stewart.ca\/app\/uploads\/2020\/11\/stephanie_poisson_napolitains_07_800px_en.jpg"}],"twitter_card":"summary_large_image","twitter_site":"@MuseeMcCordStew","twitter_misc":{"Est. reading time":"2 minutes"},"schema":{"@context":"https:\/\/schema.org","@graph":[{"@type":"WebPage","@id":"https:\/\/www.musee-mccord-stewart.ca\/en\/collections\/archives\/whats-cooking-in-our-archives-a-taste-of-the-past\/recipes-holiday-table\/","url":"https:\/\/www.musee-mccord-stewart.ca\/en\/collections\/archives\/whats-cooking-in-our-archives-a-taste-of-the-past\/recipes-holiday-table\/","name":"Recipes for Your Holiday Table - McCord Stewart Museum","isPartOf":{"@id":"https:\/\/www.musee-mccord-stewart.ca\/fr\/#website"},"datePublished":"2021-12-03T18:45:13+00:00","dateModified":"2022-12-05T21:59:11+00:00","description":"The Museum's Archives collection includes nearly 1,000 cookbooks and recipe pamphlets produced between the mid-18th and early 21st centuries. Appealing in","breadcrumb":{"@id":"https:\/\/www.musee-mccord-stewart.ca\/en\/collections\/archives\/whats-cooking-in-our-archives-a-taste-of-the-past\/recipes-holiday-table\/#breadcrumb"},"inLanguage":"en-US","potentialAction":[{"@type":"ReadAction","target":["https:\/\/www.musee-mccord-stewart.ca\/en\/collections\/archives\/whats-cooking-in-our-archives-a-taste-of-the-past\/recipes-holiday-table\/"]}]},{"@type":"BreadcrumbList","@id":"https:\/\/www.musee-mccord-stewart.ca\/en\/collections\/archives\/whats-cooking-in-our-archives-a-taste-of-the-past\/recipes-holiday-table\/#breadcrumb","itemListElement":[{"@type":"ListItem","position":1,"name":"Accueil","item":"https:\/\/www.musee-mccord-stewart.ca\/en\/"},{"@type":"ListItem","position":2,"name":"Collections","item":"https:\/\/www.musee-mccord-stewart.ca\/en\/collections\/"},{"@type":"ListItem","position":3,"name":"Archives","item":"https:\/\/www.musee-mccord-stewart.ca\/en\/collections\/archives\/"},{"@type":"ListItem","position":4,"name":"What&rsquo;s cooking in our archives! A taste of the past","item":"https:\/\/www.musee-mccord-stewart.ca\/en\/collections\/archives\/whats-cooking-in-our-archives-a-taste-of-the-past\/"},{"@type":"ListItem","position":5,"name":"Recipes for Your Holiday Table"}]},{"@type":"WebSite","@id":"https:\/\/www.musee-mccord-stewart.ca\/fr\/#website","url":"https:\/\/www.musee-mccord-stewart.ca\/fr\/","name":"McCord Stewart Museum","description":"Our world, our stories","publisher":{"@id":"https:\/\/www.musee-mccord-stewart.ca\/fr\/#organization"},"alternateName":"MCS","potentialAction":[{"@type":"SearchAction","target":{"@type":"EntryPoint","urlTemplate":"https:\/\/www.musee-mccord-stewart.ca\/fr\/?s={search_term_string}"},"query-input":"required name=search_term_string"}],"inLanguage":"en-US"},{"@type":"Organization","@id":"https:\/\/www.musee-mccord-stewart.ca\/fr\/#organization","name":"McCord Stewart Museum","alternateName":"MCS","url":"https:\/\/www.musee-mccord-stewart.ca\/fr\/","logo":{"@type":"ImageObject","inLanguage":"en-US","@id":"https:\/\/www.musee-mccord-stewart.ca\/fr\/#\/schema\/logo\/image\/","url":"https:\/\/www.musee-mccord-stewart.ca\/app\/uploads\/2023\/05\/logo_museemccordstewart_horizontal_noir_slogan.svg","contentUrl":"https:\/\/www.musee-mccord-stewart.ca\/app\/uploads\/2023\/05\/logo_museemccordstewart_horizontal_noir_slogan.svg","width":1,"height":1,"caption":"McCord Stewart Museum"},"image":{"@id":"https:\/\/www.musee-mccord-stewart.ca\/fr\/#\/schema\/logo\/image\/"},"sameAs":["https:\/\/www.facebook.com\/museemccordstewart","https:\/\/twitter.com\/MuseeMcCordStew","https:\/\/instagram.com\/museemccordstewart","https:\/\/www.linkedin.com\/company\/museemccordstewart\/","https:\/\/www.pinterest.com\/museemccordstewart\/","https:\/\/www.youtube.com\/c\/MuseeMcCordStewartMuseum"]}]}},"_links":{"self":[{"href":"https:\/\/www.musee-mccord-stewart.ca\/en\/wp-json\/wp\/v2\/pages\/39525"}],"collection":[{"href":"https:\/\/www.musee-mccord-stewart.ca\/en\/wp-json\/wp\/v2\/pages"}],"about":[{"href":"https:\/\/www.musee-mccord-stewart.ca\/en\/wp-json\/wp\/v2\/types\/page"}],"author":[{"embeddable":true,"href":"https:\/\/www.musee-mccord-stewart.ca\/en\/wp-json\/wp\/v2\/users\/17"}],"replies":[{"embeddable":true,"href":"https:\/\/www.musee-mccord-stewart.ca\/en\/wp-json\/wp\/v2\/comments?post=39525"}],"version-history":[{"count":0,"href":"https:\/\/www.musee-mccord-stewart.ca\/en\/wp-json\/wp\/v2\/pages\/39525\/revisions"}],"up":[{"embeddable":true,"href":"https:\/\/www.musee-mccord-stewart.ca\/en\/wp-json\/wp\/v2\/pages\/30473"}],"wp:attachment":[{"href":"https:\/\/www.musee-mccord-stewart.ca\/en\/wp-json\/wp\/v2\/media?parent=39525"}],"wp:term":[{"taxonomy":"category","embeddable":true,"href":"https:\/\/www.musee-mccord-stewart.ca\/en\/wp-json\/wp\/v2\/categories?post=39525"},{"taxonomy":"post_tag","embeddable":true,"href":"https:\/\/www.musee-mccord-stewart.ca\/en\/wp-json\/wp\/v2\/tags?post=39525"}],"curies":[{"name":"wp","href":"https:\/\/api.w.org\/{rel}","templated":true}]}}