{"id":34190,"date":"2021-04-27T11:53:55","date_gmt":"2021-04-27T15:53:55","guid":{"rendered":"http:\/\/www.musee-mccord-stewart.ca\/make-a-donation\/merci-a-tous-nos-donateurs\/"},"modified":"2021-04-27T13:54:05","modified_gmt":"2021-04-27T17:54:05","slug":"thanks-to-all-our-donors","status":"publish","type":"page","link":"https:\/\/www.musee-mccord-stewart.ca\/en\/make-a-donation-centennial\/thanks-to-all-our-donors\/","title":{"rendered":"Thanks to all our donors!"},"content":{"rendered":"<p>La Fondation du Mus\u00e9e McCord tient \u00e0 remercier tous ses g\u00e9n\u00e9reux donateurs et donatrices qui se sont mobilis\u00e9s pour soutenir le <a href=\"http:\/\/www.musee-mccord-stewart.ca\/en\/make-a-donation\/\"><em>Fonds de relance<\/em><\/a> du Mus\u00e9e McCord, en vous invitant \u00e0 participer \u00e0 une visite virtuelle des expositions <a href=\"https:\/\/www.musee-mccord-stewart.ca\/fr\/expositions\/christian-dior\/\">Christian Dior<\/a> et\/ou <a href=\"https:\/\/www.musee-mccord-stewart.ca\/fr\/expositions\/chapleau-profession-caricaturiste\/\">Chapleau \u2013 Profession\u00a0: caricaturiste<\/a>.<\/p>\n<p>La dur\u00e9e d\u2019une visite virtuelle, en compagnie de notre \u00e9quipe de m\u00e9diation, est de 45 minutes (sur Zoom). Elle sera suivie d\u2019une p\u00e9riode de questions de 15 minutes. Veuillez cliquer sur l\u2019horaire de votre choix (blocs ci-dessous) correspondant aux visites qui vous int\u00e9ressent, puis suivre les instructions pour r\u00e9server votre place.<\/p>\n<h2>VISITE VIRTUELLE \u2013 <em>CHRISTIAN DIOR<\/em><\/h2>\n<p>D\u00e9couvrez cette grande exposition consacr\u00e9e au g\u00e9nie derri\u00e8re les cr\u00e9ations spectaculaires qui ont relanc\u00e9 la haute couture parisienne dans les ann\u00e9es\u00a01950 avec le\u00a0\u00ab New Look \u00bb r\u00e9volutionnaire.<\/p>\n<h2><strong>VISITE<\/strong> VIRTUELLE<strong> \u2013 <em>CHAPLEAU \u2013 PROFESSION\u00a0: CARICATURISTE<\/em><\/strong><\/h2>\n<p>Plongez dans le monde de Serge Chapleau gr\u00e2ce \u00e0 la\u00a0premi\u00e8re grande r\u00e9trospective consacr\u00e9e \u00e0 l\u2019\u0153uvre de ce monument de la caricature.<\/p>\n<p><strong>Pierre Poirier, Conseiller, Relations donateurs et Campagne annuelle<\/strong><br \/>\nFondation du Mus\u00e9e McCord<br \/>\n514 861-6701, poste 1237<br \/>\n<a href=\"mailto:fondation-mccord@mccord-stewart.ca\"><strong>fondation-mccord@mccord-stewart.ca<\/strong><\/a><\/p>\n","protected":false},"excerpt":{"rendered":"<p>La Fondation du Mus\u00e9e McCord tient \u00e0 remercier tous ses g\u00e9n\u00e9reux donateurs et donatrices qui se sont mobilis\u00e9s pour soutenir le Fonds de relance du Mus\u00e9e McCord, en vous invitant \u00e0 participer \u00e0 une visite virtuelle des expositions Christian Dior et\/ou Chapleau \u2013 Profession\u00a0: caricaturiste. La dur\u00e9e d\u2019une visite virtuelle, en compagnie de notre \u00e9quipe [&hellip;]<\/p>\n","protected":false},"author":35,"featured_media":0,"parent":875,"menu_order":0,"comment_status":"closed","ping_status":"closed","template":"page-templates\/page-landing.php","meta":{"footnotes":""},"categories":[],"tags":[],"acf":[],"yoast_head":"<!-- This site is optimized with the Yoast SEO Premium plugin v20.11 (Yoast SEO v20.11) - https:\/\/yoast.com\/wordpress\/plugins\/seo\/ -->\n<title>Thanks to all our donors! - McCord Stewart Museum<\/title>\n<meta name=\"description\" content=\"La Fondation du Mus\u00e9e McCord tient \u00e0 remercier tous ses g\u00e9n\u00e9reux donateurs et donatrices qui se sont mobilis\u00e9s pour soutenir le Fonds de relance du Mus\u00e9e\" \/>\n<meta name=\"robots\" content=\"index, follow, max-snippet:-1, max-image-preview:large, max-video-preview:-1\" \/>\n<link rel=\"canonical\" href=\"https:\/\/www.musee-mccord-stewart.ca\/en\/make-a-donation\/thanks-to-all-our-donors\/\" \/>\n<meta property=\"og:locale\" content=\"en_US\" \/>\n<meta property=\"og:type\" content=\"article\" \/>\n<meta property=\"og:title\" content=\"Thanks to all our donors!\" \/>\n<meta property=\"og:description\" content=\"La Fondation du Mus\u00e9e McCord tient \u00e0 remercier tous ses g\u00e9n\u00e9reux donateurs et donatrices qui se sont mobilis\u00e9s pour soutenir le Fonds de relance du Mus\u00e9e\" \/>\n<meta property=\"og:url\" content=\"https:\/\/www.musee-mccord-stewart.ca\/en\/make-a-donation\/thanks-to-all-our-donors\/\" \/>\n<meta property=\"og:site_name\" content=\"McCord Stewart Museum\" \/>\n<meta property=\"article:publisher\" content=\"https:\/\/www.facebook.com\/museemccordstewart\" \/>\n<meta property=\"article:modified_time\" content=\"2021-04-27T17:54:05+00:00\" \/>\n<meta property=\"og:image\" content=\"https:\/\/www.musee-mccord-stewart.ca\/app\/uploads\/2022\/09\/mccord-stewart_facade-exterieur-henderson-2022_roger-aziz_1320x480.jpg\" \/>\n\t<meta property=\"og:image:width\" content=\"1320\" \/>\n\t<meta property=\"og:image:height\" content=\"480\" \/>\n\t<meta property=\"og:image:type\" content=\"image\/jpeg\" \/>\n<meta name=\"twitter:card\" content=\"summary_large_image\" \/>\n<meta name=\"twitter:site\" content=\"@MuseeMcCordStew\" \/>\n<meta name=\"twitter:label1\" content=\"Est. reading time\" \/>\n\t<meta name=\"twitter:data1\" content=\"1 minute\" \/>\n<script type=\"application\/ld+json\" class=\"yoast-schema-graph\">{\"@context\":\"https:\/\/schema.org\",\"@graph\":[{\"@type\":\"WebPage\",\"@id\":\"https:\/\/www.musee-mccord-stewart.ca\/en\/make-a-donation\/thanks-to-all-our-donors\/\",\"url\":\"https:\/\/www.musee-mccord-stewart.ca\/en\/make-a-donation\/thanks-to-all-our-donors\/\",\"name\":\"Thanks to all our donors! - McCord Stewart Museum\",\"isPartOf\":{\"@id\":\"https:\/\/www.musee-mccord-stewart.ca\/fr\/#website\"},\"datePublished\":\"2021-04-27T15:53:55+00:00\",\"dateModified\":\"2021-04-27T17:54:05+00:00\",\"description\":\"La Fondation du Mus\u00e9e McCord tient \u00e0 remercier tous ses g\u00e9n\u00e9reux donateurs et donatrices qui se sont mobilis\u00e9s pour soutenir le Fonds de relance du Mus\u00e9e\",\"breadcrumb\":{\"@id\":\"https:\/\/www.musee-mccord-stewart.ca\/en\/make-a-donation\/thanks-to-all-our-donors\/#breadcrumb\"},\"inLanguage\":\"en-US\",\"potentialAction\":[{\"@type\":\"ReadAction\",\"target\":[\"https:\/\/www.musee-mccord-stewart.ca\/en\/make-a-donation\/thanks-to-all-our-donors\/\"]}]},{\"@type\":\"BreadcrumbList\",\"@id\":\"https:\/\/www.musee-mccord-stewart.ca\/en\/make-a-donation\/thanks-to-all-our-donors\/#breadcrumb\",\"itemListElement\":[{\"@type\":\"ListItem\",\"position\":1,\"name\":\"Accueil\",\"item\":\"https:\/\/www.musee-mccord-stewart.ca\/en\/\"},{\"@type\":\"ListItem\",\"position\":2,\"name\":\"MAKE A DONATION (centennial)\",\"item\":\"https:\/\/www.musee-mccord-stewart.ca\/en\/?page_id=875\"},{\"@type\":\"ListItem\",\"position\":3,\"name\":\"Thanks to all our donors!\"}]},{\"@type\":\"WebSite\",\"@id\":\"https:\/\/www.musee-mccord-stewart.ca\/fr\/#website\",\"url\":\"https:\/\/www.musee-mccord-stewart.ca\/fr\/\",\"name\":\"McCord Stewart Museum\",\"description\":\"Our world, our stories\",\"publisher\":{\"@id\":\"https:\/\/www.musee-mccord-stewart.ca\/fr\/#organization\"},\"alternateName\":\"MCS\",\"potentialAction\":[{\"@type\":\"SearchAction\",\"target\":{\"@type\":\"EntryPoint\",\"urlTemplate\":\"https:\/\/www.musee-mccord-stewart.ca\/fr\/?s={search_term_string}\"},\"query-input\":\"required name=search_term_string\"}],\"inLanguage\":\"en-US\"},{\"@type\":\"Organization\",\"@id\":\"https:\/\/www.musee-mccord-stewart.ca\/fr\/#organization\",\"name\":\"McCord Stewart Museum\",\"alternateName\":\"MCS\",\"url\":\"https:\/\/www.musee-mccord-stewart.ca\/fr\/\",\"logo\":{\"@type\":\"ImageObject\",\"inLanguage\":\"en-US\",\"@id\":\"https:\/\/www.musee-mccord-stewart.ca\/fr\/#\/schema\/logo\/image\/\",\"url\":\"https:\/\/www.musee-mccord-stewart.ca\/app\/uploads\/2023\/05\/logo_museemccordstewart_horizontal_noir_slogan.svg\",\"contentUrl\":\"https:\/\/www.musee-mccord-stewart.ca\/app\/uploads\/2023\/05\/logo_museemccordstewart_horizontal_noir_slogan.svg\",\"width\":1,\"height\":1,\"caption\":\"McCord Stewart Museum\"},\"image\":{\"@id\":\"https:\/\/www.musee-mccord-stewart.ca\/fr\/#\/schema\/logo\/image\/\"},\"sameAs\":[\"https:\/\/www.facebook.com\/museemccordstewart\",\"https:\/\/twitter.com\/MuseeMcCordStew\",\"https:\/\/instagram.com\/museemccordstewart\",\"https:\/\/www.linkedin.com\/company\/museemccordstewart\/\",\"https:\/\/www.pinterest.com\/museemccordstewart\/\",\"https:\/\/www.youtube.com\/c\/MuseeMcCordStewartMuseum\"]}]}<\/script>\n<!-- \/ Yoast SEO Premium plugin. -->","yoast_head_json":{"title":"Thanks to all our donors! - McCord Stewart Museum","description":"La Fondation du Mus\u00e9e McCord tient \u00e0 remercier tous ses g\u00e9n\u00e9reux donateurs et donatrices qui se sont mobilis\u00e9s pour soutenir le Fonds de relance du Mus\u00e9e","robots":{"index":"index","follow":"follow","max-snippet":"max-snippet:-1","max-image-preview":"max-image-preview:large","max-video-preview":"max-video-preview:-1"},"canonical":"https:\/\/www.musee-mccord-stewart.ca\/en\/make-a-donation\/thanks-to-all-our-donors\/","og_locale":"en_US","og_type":"article","og_title":"Thanks to all our donors!","og_description":"La Fondation du Mus\u00e9e McCord tient \u00e0 remercier tous ses g\u00e9n\u00e9reux donateurs et donatrices qui se sont mobilis\u00e9s pour soutenir le Fonds de relance du Mus\u00e9e","og_url":"https:\/\/www.musee-mccord-stewart.ca\/en\/make-a-donation\/thanks-to-all-our-donors\/","og_site_name":"McCord Stewart Museum","article_publisher":"https:\/\/www.facebook.com\/museemccordstewart","article_modified_time":"2021-04-27T17:54:05+00:00","og_image":[{"width":1320,"height":480,"url":"https:\/\/www.musee-mccord-stewart.ca\/app\/uploads\/2022\/09\/mccord-stewart_facade-exterieur-henderson-2022_roger-aziz_1320x480.jpg","type":"image\/jpeg"}],"twitter_card":"summary_large_image","twitter_site":"@MuseeMcCordStew","twitter_misc":{"Est. reading time":"1 minute"},"schema":{"@context":"https:\/\/schema.org","@graph":[{"@type":"WebPage","@id":"https:\/\/www.musee-mccord-stewart.ca\/en\/make-a-donation\/thanks-to-all-our-donors\/","url":"https:\/\/www.musee-mccord-stewart.ca\/en\/make-a-donation\/thanks-to-all-our-donors\/","name":"Thanks to all our donors! - McCord Stewart Museum","isPartOf":{"@id":"https:\/\/www.musee-mccord-stewart.ca\/fr\/#website"},"datePublished":"2021-04-27T15:53:55+00:00","dateModified":"2021-04-27T17:54:05+00:00","description":"La Fondation du Mus\u00e9e McCord tient \u00e0 remercier tous ses g\u00e9n\u00e9reux donateurs et donatrices qui se sont mobilis\u00e9s pour soutenir le Fonds de relance du Mus\u00e9e","breadcrumb":{"@id":"https:\/\/www.musee-mccord-stewart.ca\/en\/make-a-donation\/thanks-to-all-our-donors\/#breadcrumb"},"inLanguage":"en-US","potentialAction":[{"@type":"ReadAction","target":["https:\/\/www.musee-mccord-stewart.ca\/en\/make-a-donation\/thanks-to-all-our-donors\/"]}]},{"@type":"BreadcrumbList","@id":"https:\/\/www.musee-mccord-stewart.ca\/en\/make-a-donation\/thanks-to-all-our-donors\/#breadcrumb","itemListElement":[{"@type":"ListItem","position":1,"name":"Accueil","item":"https:\/\/www.musee-mccord-stewart.ca\/en\/"},{"@type":"ListItem","position":2,"name":"MAKE A DONATION (centennial)","item":"https:\/\/www.musee-mccord-stewart.ca\/en\/?page_id=875"},{"@type":"ListItem","position":3,"name":"Thanks to all our donors!"}]},{"@type":"WebSite","@id":"https:\/\/www.musee-mccord-stewart.ca\/fr\/#website","url":"https:\/\/www.musee-mccord-stewart.ca\/fr\/","name":"McCord Stewart Museum","description":"Our world, our stories","publisher":{"@id":"https:\/\/www.musee-mccord-stewart.ca\/fr\/#organization"},"alternateName":"MCS","potentialAction":[{"@type":"SearchAction","target":{"@type":"EntryPoint","urlTemplate":"https:\/\/www.musee-mccord-stewart.ca\/fr\/?s={search_term_string}"},"query-input":"required name=search_term_string"}],"inLanguage":"en-US"},{"@type":"Organization","@id":"https:\/\/www.musee-mccord-stewart.ca\/fr\/#organization","name":"McCord Stewart Museum","alternateName":"MCS","url":"https:\/\/www.musee-mccord-stewart.ca\/fr\/","logo":{"@type":"ImageObject","inLanguage":"en-US","@id":"https:\/\/www.musee-mccord-stewart.ca\/fr\/#\/schema\/logo\/image\/","url":"https:\/\/www.musee-mccord-stewart.ca\/app\/uploads\/2023\/05\/logo_museemccordstewart_horizontal_noir_slogan.svg","contentUrl":"https:\/\/www.musee-mccord-stewart.ca\/app\/uploads\/2023\/05\/logo_museemccordstewart_horizontal_noir_slogan.svg","width":1,"height":1,"caption":"McCord Stewart Museum"},"image":{"@id":"https:\/\/www.musee-mccord-stewart.ca\/fr\/#\/schema\/logo\/image\/"},"sameAs":["https:\/\/www.facebook.com\/museemccordstewart","https:\/\/twitter.com\/MuseeMcCordStew","https:\/\/instagram.com\/museemccordstewart","https:\/\/www.linkedin.com\/company\/museemccordstewart\/","https:\/\/www.pinterest.com\/museemccordstewart\/","https:\/\/www.youtube.com\/c\/MuseeMcCordStewartMuseum"]}]}},"_links":{"self":[{"href":"https:\/\/www.musee-mccord-stewart.ca\/en\/wp-json\/wp\/v2\/pages\/34190"}],"collection":[{"href":"https:\/\/www.musee-mccord-stewart.ca\/en\/wp-json\/wp\/v2\/pages"}],"about":[{"href":"https:\/\/www.musee-mccord-stewart.ca\/en\/wp-json\/wp\/v2\/types\/page"}],"author":[{"embeddable":true,"href":"https:\/\/www.musee-mccord-stewart.ca\/en\/wp-json\/wp\/v2\/users\/35"}],"replies":[{"embeddable":true,"href":"https:\/\/www.musee-mccord-stewart.ca\/en\/wp-json\/wp\/v2\/comments?post=34190"}],"version-history":[{"count":0,"href":"https:\/\/www.musee-mccord-stewart.ca\/en\/wp-json\/wp\/v2\/pages\/34190\/revisions"}],"up":[{"embeddable":true,"href":"https:\/\/www.musee-mccord-stewart.ca\/en\/wp-json\/wp\/v2\/pages\/875"}],"wp:attachment":[{"href":"https:\/\/www.musee-mccord-stewart.ca\/en\/wp-json\/wp\/v2\/media?parent=34190"}],"wp:term":[{"taxonomy":"category","embeddable":true,"href":"https:\/\/www.musee-mccord-stewart.ca\/en\/wp-json\/wp\/v2\/categories?post=34190"},{"taxonomy":"post_tag","embeddable":true,"href":"https:\/\/www.musee-mccord-stewart.ca\/en\/wp-json\/wp\/v2\/tags?post=34190"}],"curies":[{"name":"wp","href":"https:\/\/api.w.org\/{rel}","templated":true}]}}