{"id":34159,"date":"2021-04-15T15:13:23","date_gmt":"2021-04-15T19:13:23","guid":{"rendered":"http:\/\/www.musee-mccord-stewart.ca\/become-a-volunteer\/histoires-engagement-etre-benevole-au-musee-mccord\/"},"modified":"2021-04-21T10:10:56","modified_gmt":"2021-04-21T14:10:56","slug":"stories-of-involvement-volunteering-at-the-mccord-museum","status":"publish","type":"page","link":"https:\/\/www.musee-mccord-stewart.ca\/en\/become-a-volunteer\/stories-of-involvement-volunteering-at-the-mccord-museum\/","title":{"rendered":"Stories of Involvement \u2013 Volunteering at the McCord Museum"},"content":{"rendered":"<p>There are as many reasons to volunteer as there are volunteers. Some seek community involvement as a way to effect positive change, while others want to express their support for a cause or continue learning by sharing skills and knowledge.<\/p>\n<p>Regardless of their different backgrounds and reasons for getting involved, <strong>volunteers come to the Museum because they appreciate the many opportunities for human contact and believe it is important to nurture the broader museum community.<\/strong><\/p>\n<p>I telephoned or had a virtual meeting with four volunteers to learn about their experiences. Despite the distance, I could clearly sense how much they all cherish the relationship they have built with the Museum, its visitors and its collections.<\/p>\n<div class=\"imgTiny\"><img loading=\"lazy\" decoding=\"async\" width=\"930\" height=\"593\" class=\"wp-image-34151 size-full\" src=\"http:\/\/www.musee-mccord-stewart.ca\/app\/uploads\/2021\/04\/semaine_action_benevole_kathleen_elizabeth_930x593px_en.jpg\" alt=\"\" srcset=\"https:\/\/www.musee-mccord-stewart.ca\/app\/uploads\/2021\/04\/semaine_action_benevole_kathleen_elizabeth_930x593px_en.jpg 930w, https:\/\/www.musee-mccord-stewart.ca\/app\/uploads\/2021\/04\/semaine_action_benevole_kathleen_elizabeth_930x593px_en-300x191.jpg 300w, https:\/\/www.musee-mccord-stewart.ca\/app\/uploads\/2021\/04\/semaine_action_benevole_kathleen_elizabeth_930x593px_en-880x561.jpg 880w, https:\/\/www.musee-mccord-stewart.ca\/app\/uploads\/2021\/04\/semaine_action_benevole_kathleen_elizabeth_930x593px_en-768x490.jpg 768w\" sizes=\"(max-width: 930px) 100vw, 930px\" \/><div class=\"credit\">Elizabeth Jennaway-Eaman and Kathleen Verdon, members of the Museum&#8217;s Association of Volunteer Guides<\/div><\/div>\n<p>The Museum&#8217;s volunteer guides lead discussions with visitor groups of all ages to provide a lively, personalized look into the exhibitions. I spoke on the telephone with two of them, <strong>Kathleen Verdon<\/strong>, President of the Museum&#8217;s Association of Volunteer Guides, and <strong>Elizabeth Jennaway-Eaman<\/strong>, the McCord\u2019s oldest volunteer guide.<\/p>\n<p>Kathleen, a former member of the City of Montreal&#8217;s Executive Committee and head of cultural development, intercultural relations and tourism, told me she has long been interested in social history. <em><strong>Being a volunteer guide is a real commitment, to both the Museum and the community<\/strong>. Working on a team, with and for others, is a way to help get things done. In short,<\/em> she added, <em>it&#8217;s part of being human. <\/em><\/p>\n<p>Elizabeth began volunteering at the Museum in 2001, after years of working for the Quebec government and teaching at McGill University. <em>Becoming a volunteer guide was a logical next step for me,<\/em> she explained. <em>It&#8217;s been a long-term love affair<\/em>, she added with a smile in her voice.<\/p>\n<p><strong>Susan Nish<\/strong>, a former librarian, does volunteer research at the Museum&#8217;s Archives and Documentation Centre, mainly in the Photography collection. <em>The Notman Photographic Archives, the largest subdivision in the collection, are a little like the tip of an iceberg<\/em>, she explained during our virtual meeting. Her work therefore consists of looking through the submerged part of the iceberg to find valuable information for the historians, genealogists and students who ask for help. <em>Though it is a vast collection, all the photos were carefully catalogued by the Notman Studio. <strong>So many lives and so many stories are hidden among these images. I conduct research to bring the lives of these unknown people to light, to make sense of all the faces captured in these albumen prints<\/strong><\/em>, she declared passionately.<\/p>\n<p><iframe loading=\"lazy\" src=\"\/\/www.youtube.com\/embed\/uMRO-caugoU?rel=0\" width=\"560\" height=\"314\" allowfullscreen=\"allowfullscreen\" data-mce-fragment=\"1\"><\/iframe><\/p>\n<p>The last person I met with was <strong>Jacob Lithgow<\/strong>. He is the president of the Young McCord and a member of the McCord Stewart Museum Board of Trustees. <em>Professionally, I am an analyst at the Caisse de d\u00e9p\u00f4t et placement du Qu\u00e9bec<\/em>. Jacob loves a challenge and volunteering at the Museum provides a new type of stimulation, while enabling him to have incredibly enriching interactions and the feeling of making a positive contribution to society. <strong><em>When young professionals get involved, they can really make a difference. <\/em><\/strong>Even through my computer screen, his enthusiasm and pride in the projects he has worked on were palpable.<\/p>\n<p><iframe loading=\"lazy\" src=\"\/\/www.youtube.com\/embed\/Vch-BsFSJzo?rel=0\" width=\"560\" height=\"314\" allowfullscreen=\"allowfullscreen\" data-mce-fragment=\"1\"><\/iframe><\/p>\n<p>What I found most striking in all these testimonials is the human aspect of volunteering. As an activity, it goes beyond simply performing admittedly valuable work; it enables those involved to make connections with others. Like a friendship nurtured by smiles and shared experiences, volunteering connects people so they can work together to build a vibrant community.<\/p>\n<p><img loading=\"lazy\" decoding=\"async\" width=\"100\" height=\"100\" class=\"alignnone size-full wp-image-31649\" src=\"http:\/\/www.musee-mccord-stewart.ca\/app\/uploads\/2020\/08\/alexis_curodeau_codere_nb_100x100.jpg\" alt=\"\" \/><br \/>\n<strong>Alexis Cod\u00e8re-Curodeau<br \/>\n<\/strong><em>Alexis roams the Museum meeting people who, each in their own way, shape the institution and bring it to life.<br \/>\n<\/em>April 2021<\/p>\n","protected":false},"excerpt":{"rendered":"<p>There are as many reasons to volunteer as there are volunteers. Some seek community involvement as a way to effect positive change, while others want to express their support for a cause or continue learning by sharing skills and knowledge. Regardless of their different backgrounds and reasons for getting involved, volunteers come to the Museum [&hellip;]<\/p>\n","protected":false},"author":3,"featured_media":0,"parent":943,"menu_order":0,"comment_status":"closed","ping_status":"closed","template":"page-templates\/page-texte.php","meta":{"footnotes":""},"categories":[],"tags":[],"acf":[],"yoast_head":"<!-- This site is optimized with the Yoast SEO Premium plugin v20.11 (Yoast SEO v20.11) - https:\/\/yoast.com\/wordpress\/plugins\/seo\/ -->\n<title>Stories of Involvement \u2013 Volunteering at the McCord Museum - McCord Museum<\/title>\n<meta name=\"description\" content=\"There are as many reasons to volunteer as there are volunteers. Meet four volunteers from the McCord Museum.\" \/>\n<meta name=\"robots\" content=\"index, follow, max-snippet:-1, max-image-preview:large, max-video-preview:-1\" \/>\n<link rel=\"canonical\" href=\"https:\/\/www.musee-mccord-stewart.ca\/en\/become-a-volunteer\/stories-of-involvement-volunteering-at-the-mccord-museum\/\" \/>\n<meta property=\"og:locale\" content=\"en_US\" \/>\n<meta property=\"og:type\" content=\"article\" \/>\n<meta property=\"og:title\" content=\"Stories of Involvement \u2013 Volunteering at the McCord Museum\" \/>\n<meta property=\"og:description\" content=\"There are as many reasons to volunteer as there are volunteers. Some seek community involvement as a way to effect positive change, while others want to\" \/>\n<meta property=\"og:url\" content=\"https:\/\/www.musee-mccord-stewart.ca\/en\/become-a-volunteer\/stories-of-involvement-volunteering-at-the-mccord-museum\/\" \/>\n<meta property=\"og:site_name\" content=\"McCord Stewart Museum\" \/>\n<meta property=\"article:publisher\" content=\"https:\/\/www.facebook.com\/museemccordstewart\" \/>\n<meta property=\"article:modified_time\" content=\"2021-04-21T14:10:56+00:00\" \/>\n<meta property=\"og:image\" content=\"http:\/\/www.musee-mccord.qc.ca\/app\/uploads\/2021\/04\/semaine_action_benevole_kathleen_elizabeth_930x593px_en.jpg\" \/>\n<meta name=\"twitter:card\" content=\"summary_large_image\" \/>\n<meta name=\"twitter:site\" content=\"@MuseeMcCordStew\" \/>\n<meta name=\"twitter:label1\" content=\"Est. reading time\" \/>\n\t<meta name=\"twitter:data1\" content=\"4 minutes\" \/>\n<script type=\"application\/ld+json\" class=\"yoast-schema-graph\">{\"@context\":\"https:\/\/schema.org\",\"@graph\":[{\"@type\":\"WebPage\",\"@id\":\"https:\/\/www.musee-mccord-stewart.ca\/en\/become-a-volunteer\/stories-of-involvement-volunteering-at-the-mccord-museum\/\",\"url\":\"https:\/\/www.musee-mccord-stewart.ca\/en\/become-a-volunteer\/stories-of-involvement-volunteering-at-the-mccord-museum\/\",\"name\":\"Stories of Involvement \u2013 Volunteering at the McCord Museum - McCord Museum\",\"isPartOf\":{\"@id\":\"https:\/\/www.musee-mccord-stewart.ca\/fr\/#website\"},\"datePublished\":\"2021-04-15T19:13:23+00:00\",\"dateModified\":\"2021-04-21T14:10:56+00:00\",\"description\":\"There are as many reasons to volunteer as there are volunteers. Meet four volunteers from the McCord Museum.\",\"breadcrumb\":{\"@id\":\"https:\/\/www.musee-mccord-stewart.ca\/en\/become-a-volunteer\/stories-of-involvement-volunteering-at-the-mccord-museum\/#breadcrumb\"},\"inLanguage\":\"en-US\",\"potentialAction\":[{\"@type\":\"ReadAction\",\"target\":[\"https:\/\/www.musee-mccord-stewart.ca\/en\/become-a-volunteer\/stories-of-involvement-volunteering-at-the-mccord-museum\/\"]}]},{\"@type\":\"BreadcrumbList\",\"@id\":\"https:\/\/www.musee-mccord-stewart.ca\/en\/become-a-volunteer\/stories-of-involvement-volunteering-at-the-mccord-museum\/#breadcrumb\",\"itemListElement\":[{\"@type\":\"ListItem\",\"position\":1,\"name\":\"Accueil\",\"item\":\"https:\/\/www.musee-mccord-stewart.ca\/en\/\"},{\"@type\":\"ListItem\",\"position\":2,\"name\":\"Become a Volunteer\",\"item\":\"https:\/\/www.musee-mccord-stewart.ca\/en\/?page_id=943\"},{\"@type\":\"ListItem\",\"position\":3,\"name\":\"Stories of Involvement \u2013 Volunteering at the McCord Museum\"}]},{\"@type\":\"WebSite\",\"@id\":\"https:\/\/www.musee-mccord-stewart.ca\/fr\/#website\",\"url\":\"https:\/\/www.musee-mccord-stewart.ca\/fr\/\",\"name\":\"McCord Stewart Museum\",\"description\":\"Our world, our stories\",\"publisher\":{\"@id\":\"https:\/\/www.musee-mccord-stewart.ca\/fr\/#organization\"},\"alternateName\":\"MCS\",\"potentialAction\":[{\"@type\":\"SearchAction\",\"target\":{\"@type\":\"EntryPoint\",\"urlTemplate\":\"https:\/\/www.musee-mccord-stewart.ca\/fr\/?s={search_term_string}\"},\"query-input\":\"required name=search_term_string\"}],\"inLanguage\":\"en-US\"},{\"@type\":\"Organization\",\"@id\":\"https:\/\/www.musee-mccord-stewart.ca\/fr\/#organization\",\"name\":\"McCord Stewart Museum\",\"alternateName\":\"MCS\",\"url\":\"https:\/\/www.musee-mccord-stewart.ca\/fr\/\",\"logo\":{\"@type\":\"ImageObject\",\"inLanguage\":\"en-US\",\"@id\":\"https:\/\/www.musee-mccord-stewart.ca\/fr\/#\/schema\/logo\/image\/\",\"url\":\"https:\/\/www.musee-mccord-stewart.ca\/app\/uploads\/2023\/05\/logo_museemccordstewart_horizontal_noir_slogan.svg\",\"contentUrl\":\"https:\/\/www.musee-mccord-stewart.ca\/app\/uploads\/2023\/05\/logo_museemccordstewart_horizontal_noir_slogan.svg\",\"width\":1,\"height\":1,\"caption\":\"McCord Stewart Museum\"},\"image\":{\"@id\":\"https:\/\/www.musee-mccord-stewart.ca\/fr\/#\/schema\/logo\/image\/\"},\"sameAs\":[\"https:\/\/www.facebook.com\/museemccordstewart\",\"https:\/\/twitter.com\/MuseeMcCordStew\",\"https:\/\/instagram.com\/museemccordstewart\",\"https:\/\/www.linkedin.com\/company\/museemccordstewart\/\",\"https:\/\/www.pinterest.com\/museemccordstewart\/\",\"https:\/\/www.youtube.com\/c\/MuseeMcCordStewartMuseum\"]}]}<\/script>\n<!-- \/ Yoast SEO Premium plugin. -->","yoast_head_json":{"title":"Stories of Involvement \u2013 Volunteering at the McCord Museum - McCord Museum","description":"There are as many reasons to volunteer as there are volunteers. Meet four volunteers from the McCord Museum.","robots":{"index":"index","follow":"follow","max-snippet":"max-snippet:-1","max-image-preview":"max-image-preview:large","max-video-preview":"max-video-preview:-1"},"canonical":"https:\/\/www.musee-mccord-stewart.ca\/en\/become-a-volunteer\/stories-of-involvement-volunteering-at-the-mccord-museum\/","og_locale":"en_US","og_type":"article","og_title":"Stories of Involvement \u2013 Volunteering at the McCord Museum","og_description":"There are as many reasons to volunteer as there are volunteers. Some seek community involvement as a way to effect positive change, while others want to","og_url":"https:\/\/www.musee-mccord-stewart.ca\/en\/become-a-volunteer\/stories-of-involvement-volunteering-at-the-mccord-museum\/","og_site_name":"McCord Stewart Museum","article_publisher":"https:\/\/www.facebook.com\/museemccordstewart","article_modified_time":"2021-04-21T14:10:56+00:00","og_image":[{"url":"http:\/\/www.musee-mccord.qc.ca\/app\/uploads\/2021\/04\/semaine_action_benevole_kathleen_elizabeth_930x593px_en.jpg"}],"twitter_card":"summary_large_image","twitter_site":"@MuseeMcCordStew","twitter_misc":{"Est. reading time":"4 minutes"},"schema":{"@context":"https:\/\/schema.org","@graph":[{"@type":"WebPage","@id":"https:\/\/www.musee-mccord-stewart.ca\/en\/become-a-volunteer\/stories-of-involvement-volunteering-at-the-mccord-museum\/","url":"https:\/\/www.musee-mccord-stewart.ca\/en\/become-a-volunteer\/stories-of-involvement-volunteering-at-the-mccord-museum\/","name":"Stories of Involvement \u2013 Volunteering at the McCord Museum - McCord Museum","isPartOf":{"@id":"https:\/\/www.musee-mccord-stewart.ca\/fr\/#website"},"datePublished":"2021-04-15T19:13:23+00:00","dateModified":"2021-04-21T14:10:56+00:00","description":"There are as many reasons to volunteer as there are volunteers. Meet four volunteers from the McCord Museum.","breadcrumb":{"@id":"https:\/\/www.musee-mccord-stewart.ca\/en\/become-a-volunteer\/stories-of-involvement-volunteering-at-the-mccord-museum\/#breadcrumb"},"inLanguage":"en-US","potentialAction":[{"@type":"ReadAction","target":["https:\/\/www.musee-mccord-stewart.ca\/en\/become-a-volunteer\/stories-of-involvement-volunteering-at-the-mccord-museum\/"]}]},{"@type":"BreadcrumbList","@id":"https:\/\/www.musee-mccord-stewart.ca\/en\/become-a-volunteer\/stories-of-involvement-volunteering-at-the-mccord-museum\/#breadcrumb","itemListElement":[{"@type":"ListItem","position":1,"name":"Accueil","item":"https:\/\/www.musee-mccord-stewart.ca\/en\/"},{"@type":"ListItem","position":2,"name":"Become a Volunteer","item":"https:\/\/www.musee-mccord-stewart.ca\/en\/?page_id=943"},{"@type":"ListItem","position":3,"name":"Stories of Involvement \u2013 Volunteering at the McCord Museum"}]},{"@type":"WebSite","@id":"https:\/\/www.musee-mccord-stewart.ca\/fr\/#website","url":"https:\/\/www.musee-mccord-stewart.ca\/fr\/","name":"McCord Stewart Museum","description":"Our world, our stories","publisher":{"@id":"https:\/\/www.musee-mccord-stewart.ca\/fr\/#organization"},"alternateName":"MCS","potentialAction":[{"@type":"SearchAction","target":{"@type":"EntryPoint","urlTemplate":"https:\/\/www.musee-mccord-stewart.ca\/fr\/?s={search_term_string}"},"query-input":"required name=search_term_string"}],"inLanguage":"en-US"},{"@type":"Organization","@id":"https:\/\/www.musee-mccord-stewart.ca\/fr\/#organization","name":"McCord Stewart Museum","alternateName":"MCS","url":"https:\/\/www.musee-mccord-stewart.ca\/fr\/","logo":{"@type":"ImageObject","inLanguage":"en-US","@id":"https:\/\/www.musee-mccord-stewart.ca\/fr\/#\/schema\/logo\/image\/","url":"https:\/\/www.musee-mccord-stewart.ca\/app\/uploads\/2023\/05\/logo_museemccordstewart_horizontal_noir_slogan.svg","contentUrl":"https:\/\/www.musee-mccord-stewart.ca\/app\/uploads\/2023\/05\/logo_museemccordstewart_horizontal_noir_slogan.svg","width":1,"height":1,"caption":"McCord Stewart Museum"},"image":{"@id":"https:\/\/www.musee-mccord-stewart.ca\/fr\/#\/schema\/logo\/image\/"},"sameAs":["https:\/\/www.facebook.com\/museemccordstewart","https:\/\/twitter.com\/MuseeMcCordStew","https:\/\/instagram.com\/museemccordstewart","https:\/\/www.linkedin.com\/company\/museemccordstewart\/","https:\/\/www.pinterest.com\/museemccordstewart\/","https:\/\/www.youtube.com\/c\/MuseeMcCordStewartMuseum"]}]}},"_links":{"self":[{"href":"https:\/\/www.musee-mccord-stewart.ca\/en\/wp-json\/wp\/v2\/pages\/34159"}],"collection":[{"href":"https:\/\/www.musee-mccord-stewart.ca\/en\/wp-json\/wp\/v2\/pages"}],"about":[{"href":"https:\/\/www.musee-mccord-stewart.ca\/en\/wp-json\/wp\/v2\/types\/page"}],"author":[{"embeddable":true,"href":"https:\/\/www.musee-mccord-stewart.ca\/en\/wp-json\/wp\/v2\/users\/3"}],"replies":[{"embeddable":true,"href":"https:\/\/www.musee-mccord-stewart.ca\/en\/wp-json\/wp\/v2\/comments?post=34159"}],"version-history":[{"count":0,"href":"https:\/\/www.musee-mccord-stewart.ca\/en\/wp-json\/wp\/v2\/pages\/34159\/revisions"}],"up":[{"embeddable":true,"href":"https:\/\/www.musee-mccord-stewart.ca\/en\/wp-json\/wp\/v2\/pages\/943"}],"wp:attachment":[{"href":"https:\/\/www.musee-mccord-stewart.ca\/en\/wp-json\/wp\/v2\/media?parent=34159"}],"wp:term":[{"taxonomy":"category","embeddable":true,"href":"https:\/\/www.musee-mccord-stewart.ca\/en\/wp-json\/wp\/v2\/categories?post=34159"},{"taxonomy":"post_tag","embeddable":true,"href":"https:\/\/www.musee-mccord-stewart.ca\/en\/wp-json\/wp\/v2\/tags?post=34159"}],"curies":[{"name":"wp","href":"https:\/\/api.w.org\/{rel}","templated":true}]}}