{"id":25073,"date":"2019-03-26T10:25:21","date_gmt":"2019-03-26T14:25:21","guid":{"rendered":"https:\/\/www.musee-mccord-stewart.ca\/?page_id=25073\/"},"modified":"2024-05-15T10:22:40","modified_gmt":"2024-05-15T14:22:40","slug":"shared-emotions","status":"publish","type":"page","link":"https:\/\/www.musee-mccord-stewart.ca\/en\/collections\/archives\/shared-emotions\/","title":{"rendered":"Shared Emotions"},"content":{"rendered":"<p><strong>Uncovering the sentiments buried in archival documents <\/strong><\/p>\n<p>Anyone who has ever read archival documents like letters and diaries knows that these witnesses of the past can be full of emotion. Such documents may convey <strong>feelings<\/strong>, <strong>sensations<\/strong>, <strong>attitudes<\/strong>, <strong>values<\/strong> and <strong>ideologies<\/strong>, aspects that are often ignored by the traditional indexing process (tagging documents using keywords) and thus difficult to track down in historical records.<\/p>\n<p>The goal of the <strong><em>Shared Emotions<\/em><\/strong> project is to make it easier for researchers and members of the public to locate elements associated with the history of sensibilities. By developing and implementing an innovative procedure to index emotional themes, the McCord Stewart Museum hopes to showcase one of the strengths of its Textual Archives collection, a corpus that contains numerous personal documents illustrating the social, cultural, emotional and intimate dimensions of <strong>life in Montreal<\/strong>.<\/p>\n<p>Building on the digitization projects carried out at the Museum over the past few years, <strong>this initiative has enhanced the descriptions<\/strong> and indexing of digitized archives to make them more accessible and easier to find on the Web.<\/p>\n<p>With the financial support of <a href=\"http:\/\/www.bac-lac.gc.ca\/eng\/Pages\/home.aspx\">Library and Archives Canada<\/a>, our team has written up detailed descriptions of 100 groups of archival records from 29 different fonds and collections. In addition, some 200 individual items have been described and indexed, and 48 of the most compelling ones have undergone a participatory transcription process, making these handwritten documents easier to locate and read.<\/p>\n<h2>Processed archival fonds and collections<\/h2>\n<ul class=\"sliderTiny\">\n<li>\n<img decoding=\"async\" src=\"https:\/\/www.musee-mccord-stewart.ca\/app\/uploads\/2019\/03\/m2009-31-64-7_170818-p2_crop_en-1004x800.jpg\" alt=\"Excerpt from a scrapbook created by Katherine Mary Cuthbert Skelton (1901-1972) (detail), about 1934. Gift of Dr. Wendy C. Weaver, Cuthbert Family Fonds P105, M2009.31.64 \u00a9 McCord Museum\" title=\"Excerpt from a scrapbook created by Katherine Mary Cuthbert Skelton (1901-1972) (detail), about 1934. Gift of Dr. Wendy C. Weaver, Cuthbert Family Fonds P105, M2009.31.64 \u00a9 McCord Museum\" \/>\n<\/li>\n<li>\n<img decoding=\"async\" src=\"https:\/\/www.musee-mccord-stewart.ca\/app\/uploads\/2019\/03\/p748_a1-7_161004-p1_crop_en-1200x693.jpg\" alt=\"Letter by L\u00e9ontine Poutr\u00e9 to Hercule Martin, November 16, 1924. Gift of Marthe and Patrick McDonald, L\u00e9ontine Poutr\u00e9 and Hercule Martin Fonds P748, M2012.58.1.3 \u00a9 McCord Museum\" title=\"Letter by L\u00e9ontine Poutr\u00e9 to Hercule Martin, November 16, 1924. Gift of Marthe and Patrick McDonald, L\u00e9ontine Poutr\u00e9 and Hercule Martin Fonds P748, M2012.58.1.3 \u00a9 McCord Museum\" \/>\n<\/li>\n<li>\n<img decoding=\"async\" src=\"https:\/\/www.musee-mccord-stewart.ca\/app\/uploads\/2019\/03\/p106_c-2_170526-p1_crop_en-1051x800.jpg\" alt=\"&lt;i&gt;Complainte des personnes qui se sont noy\u00e9 dans le fleuve saint laurent en l\u2019ann\u00e9e 1819&lt;\/i&gt; (detail), Anonymous, about 1820. Gift of Mr. Peter Williamson, Robillard Family Fonds P106, P106\/C.1 \u00a9 McCord Museum\" title=\"&lt;i&gt;Complainte des personnes qui se sont noy\u00e9 dans le fleuve saint laurent en l\u2019ann\u00e9e 1819&lt;\/i&gt; (detail), Anonymous, about 1820. Gift of Mr. Peter Williamson, Robillard Family Fonds P106, P106\/C.1 \u00a9 McCord Museum\" \/>\n<\/li>\n<li>\n<img decoding=\"async\" src=\"https:\/\/www.musee-mccord-stewart.ca\/app\/uploads\/2019\/03\/p556_c-76_170510-p1_crop_en-1200x726.jpg\" alt=\"Excerpt from Monique Meloche autograph book (detail), 1940-1944. Gift of Monique Meloche, Meloche Family Fonds P556, M2000.89.35.2 \u00a9 McCord Museum\" title=\"Excerpt from Monique Meloche autograph book (detail), 1940-1944. Gift of Monique Meloche, Meloche Family Fonds P556, M2000.89.35.2 \u00a9 McCord Museum\" \/>\n<\/li>\n<li>\n<img decoding=\"async\" src=\"https:\/\/www.musee-mccord-stewart.ca\/app\/uploads\/2019\/03\/p010_a95-8_161004-p1_crop_en-859x800.jpg\" alt=\"Letter by Louis-Antoine Dessaulles to Fanny Leman (detail), August 1st, 1864. Dessaulles, Papineau, Leman and B\u00e9ique Families Fonds P010, P010\/A9,5.1 \u00a9 McCord Museum\" title=\"Letter by Louis-Antoine Dessaulles to Fanny Leman (detail), August 1st, 1864. Dessaulles, Papineau, Leman and B\u00e9ique Families Fonds P010, P010\/A9,5.1 \u00a9 McCord Museum\" \/>\n<\/li>\n<li>\n<img decoding=\"async\" src=\"https:\/\/www.musee-mccord-stewart.ca\/app\/uploads\/2019\/03\/m2001-8-2-36_170905-p1_crop_en-1200x775.jpg\" alt=\"Excerpt from a scrapbook created by Gilberte Christin (1906-1977) (detail), 1918-1921. Gift of Cardaillac Family, Gilberte Christin de Cardaillac Fonds P573, M2001.8.2 \u00a9 McCord Museum\" title=\"Excerpt from a scrapbook created by Gilberte Christin (1906-1977) (detail), 1918-1921. Gift of Cardaillac Family, Gilberte Christin de Cardaillac Fonds P573, M2001.8.2 \u00a9 McCord Museum\" \/>\n<\/li>\n<li>\n<img decoding=\"async\" src=\"https:\/\/www.musee-mccord-stewart.ca\/app\/uploads\/2019\/03\/p139_b4-745_170117-p1_crop_en-1200x722.jpg\" alt=\"&lt;i&gt;The Lost Treasure (A Psychological Sketch)&lt;\/i&gt;, Essay by Dr. Thomas Joseph Workman Burgess, extract from Pen and Pencil Club scrapbook (detail), February 22, 1896. Transfer from McGill University, Pen and Pencil Club of Montreal Fonds P139, M966.176.103D \u00a9 McCord Museum\" title=\"&lt;i&gt;The Lost Treasure (A Psychological Sketch)&lt;\/i&gt;, Essay by Dr. Thomas Joseph Workman Burgess, extract from Pen and Pencil Club scrapbook (detail), February 22, 1896. Transfer from McGill University, Pen and Pencil Club of Montreal Fonds P139, M966.176.103D \u00a9 McCord Museum\" \/>\n<\/li>\n<\/ul>\n\n<table width=\"543\">\n<tbody>\n<tr>\n<td><a title=\"\" href=\"https:\/\/collections.musee-mccord-stewart.ca\/en\/objects\/176414\" target=\"_blank\" rel=\"noopener\">Dessaulles, Papineau, Leman and B\u00e9ique Families Fonds<\/a><\/td>\n<td>P010<\/td>\n<td>1737-2003<\/td>\n<\/tr>\n<tr>\n<td><a title=\"\" href=\"https:\/\/collections.musee-mccord-stewart.ca\/en\/objects\/176469\" target=\"_blank\" rel=\"noopener\">Racey Family Fonds<\/a><\/td>\n<td>P057<\/td>\n<td>1802-1964<\/td>\n<\/tr>\n<tr>\n<td><a title=\"\" href=\"https:\/\/collections.musee-mccord-stewart.ca\/en\/objects\/176540\" target=\"_blank\" rel=\"noopener\">Cuthbert Family Fonds<\/a><\/td>\n<td>P105<\/td>\n<td>1648-1971<\/td>\n<\/tr>\n<tr>\n<td><a title=\"\" href=\"https:\/\/collections.musee-mccord-stewart.ca\/en\/objects\/176541\" target=\"_blank\" rel=\"noopener\">Robillard Family Fonds<\/a><\/td>\n<td>P106<\/td>\n<td>1739-1943<\/td>\n<\/tr>\n<tr>\n<td><a title=\"\" href=\"https:\/\/collections.musee-mccord-stewart.ca\/en\/objects\/176553\" target=\"_blank\" rel=\"noopener\">Clarence A. Gagnon Fonds<\/a><\/td>\n<td>P116<\/td>\n<td>1904-1978<\/td>\n<\/tr>\n<tr>\n<td><a title=\"\" href=\"https:\/\/collections.musee-mccord-stewart.ca\/en\/objects\/176640\" target=\"_blank\" rel=\"noopener\">H\u00e9l\u00e8ne Baillargeon-C\u00f4t\u00e9 Fonds<\/a><\/td>\n<td>P132<\/td>\n<td>1960-1989<\/td>\n<\/tr>\n<tr>\n<td><a title=\"\" href=\"https:\/\/collections.musee-mccord-stewart.ca\/en\/objects\/176647\" target=\"_blank\" rel=\"noopener\">Pen and Pencil Club of Montreal Fonds<\/a><\/td>\n<td>P139<\/td>\n<td>1890-1966<\/td>\n<\/tr>\n<tr>\n<td><a title=\"\" href=\"https:\/\/collections.musee-mccord-stewart.ca\/en\/objects\/176681\" target=\"_blank\" rel=\"noopener\">The Montreal Thistle Curling Club Fonds<\/a><\/td>\n<td>P148<\/td>\n<td>1843-1995<\/td>\n<\/tr>\n<tr>\n<td><a title=\"\" href=\"https:\/\/collections.musee-mccord-stewart.ca\/en\/objects\/176733\" target=\"_blank\" rel=\"noopener\">John Wardrop Ross Fonds<\/a><\/td>\n<td>P217<\/td>\n<td>1899-1951<\/td>\n<\/tr>\n<tr>\n<td><a title=\"\" href=\"https:\/\/collections.musee-mccord-stewart.ca\/en\/objects\/176323\" target=\"_blank\" rel=\"noopener\">Recipes and Food Collection<\/a><\/td>\n<td>C265<\/td>\n<td>1749-2000<\/td>\n<\/tr>\n<tr>\n<td><a title=\"\" href=\"https:\/\/collections.musee-mccord-stewart.ca\/en\/objects\/176857\" target=\"_blank\" rel=\"noopener\">Meloche Family Fonds<\/a><\/td>\n<td>P556<\/td>\n<td>1867-1966<\/td>\n<\/tr>\n<tr>\n<td><a title=\"\" href=\"https:\/\/collections.musee-mccord-stewart.ca\/en\/objects\/178814\/\" target=\"_blank\" rel=\"noopener\">Gilberte Christin de Cardaillac Fonds<\/a><\/td>\n<td>P573<\/td>\n<td>1906-1978<\/td>\n<\/tr>\n<tr>\n<td><a title=\"\" href=\"https:\/\/collections.musee-mccord-stewart.ca\/en\/objects\/214241\" target=\"_blank\" rel=\"noopener\">Fashion, Fabrics and Clothing Collection<\/a><\/td>\n<td>C609<\/td>\n<td>1826-2008<\/td>\n<\/tr>\n<tr>\n<td><a title=\"\" href=\"https:\/\/collections.musee-mccord-stewart.ca\/en\/objects\/214589\" target=\"_blank\" rel=\"noopener\">Guerin Family Fonds<\/a><\/td>\n<td>P610<\/td>\n<td>1780-1961<\/td>\n<\/tr>\n<tr>\n<td><a title=\"\" href=\"https:\/\/collections.musee-mccord-stewart.ca\/en\/objects\/218195\" target=\"_blank\" rel=\"noopener\">Fonds Louis-Alexandre Taschereau<\/a><\/td>\n<td>P632<\/td>\n<td>1883-1885<\/td>\n<\/tr>\n<tr>\n<td><a title=\"\" href=\"https:\/\/collections.musee-mccord-stewart.ca\/en\/objects\/226299\" target=\"_blank\" rel=\"noopener\">Caverhill Family Fonds<\/a><\/td>\n<td>P645<\/td>\n<td>1761, 1817-1970<\/td>\n<\/tr>\n<tr>\n<td><a title=\"\" href=\"https:\/\/collections.musee-mccord-stewart.ca\/en\/objects\/230524\" target=\"_blank\" rel=\"noopener\">Louis-Joseph Cartier Family Fonds<\/a><\/td>\n<td>P660<\/td>\n<td>1797-1996<\/td>\n<\/tr>\n<tr>\n<td><a title=\"\" href=\"https:\/\/collections.musee-mccord-stewart.ca\/en\/objects\/241148\" target=\"_blank\" rel=\"noopener\">Honor\u00e9 Beaugrand Fonds<\/a><\/td>\n<td>P675<\/td>\n<td>1593-1959<\/td>\n<\/tr>\n<tr>\n<td><a title=\"\" href=\"https:\/\/collections.musee-mccord-stewart.ca\/en\/objects\/176700\" target=\"_blank\" rel=\"noopener\">Casgrain, Forget and Berthelot Families Fonds<\/a><\/td>\n<td>P683<\/td>\n<td>1801-2005<\/td>\n<\/tr>\n<tr>\n<td><a title=\"\" href=\"https:\/\/collections.musee-mccord-stewart.ca\/en\/objects\/244002\" target=\"_blank\" rel=\"noopener\">Murielle Mailloux Fonds<\/a><\/td>\n<td>P687<\/td>\n<td>1934-1969<\/td>\n<\/tr>\n<tr>\n<td><a title=\"\" href=\"https:\/\/collections.musee-mccord-stewart.ca\/en\/objects\/245274\" target=\"_blank\" rel=\"noopener\">Jean-Claude Poitras Fonds<\/a><\/td>\n<td>P689<\/td>\n<td>1949-2006<\/td>\n<\/tr>\n<tr>\n<td><a title=\"\" href=\"https:\/\/collections.musee-mccord-stewart.ca\/en\/objects\/289463\" target=\"_blank\" rel=\"noopener\">Lecl\u00e8re (Leclerc) Family Fonds<\/a><\/td>\n<td>P731<\/td>\n<td>1750-1949<\/td>\n<\/tr>\n<tr>\n<td><a title=\"\" href=\"https:\/\/collections.musee-mccord-stewart.ca\/en\/objects\/332555\" target=\"_blank\" rel=\"noopener\">Grignon and Gu\u00e8vremont Families Fonds<\/a><\/td>\n<td>P747<\/td>\n<td>1892-1974<\/td>\n<\/tr>\n<tr>\n<td><a title=\"\" href=\"https:\/\/collections.musee-mccord-stewart.ca\/en\/objects\/328728\" target=\"_blank\" rel=\"noopener\">L\u00e9ontine Poutr\u00e9 and Hercule Martin Fonds<\/a><\/td>\n<td>P748<\/td>\n<td>1847-1982<\/td>\n<\/tr>\n<tr>\n<td><a title=\"\" href=\"https:\/\/collections.musee-mccord-stewart.ca\/en\/objects\/332631\" target=\"_blank\" rel=\"noopener\">The Westmount Thespians Fonds<\/a><\/td>\n<td>P751<\/td>\n<td>1922-2001<\/td>\n<\/tr>\n<tr>\n<td><a title=\"\" href=\"https:\/\/collections.musee-mccord-stewart.ca\/en\/objects\/332898\" target=\"_blank\" rel=\"noopener\">Des Rivi\u00e8res and Taschereau Families Fonds<\/a><\/td>\n<td>P752<\/td>\n<td>1839-1972<\/td>\n<\/tr>\n<tr>\n<td><a title=\"\" href=\"https:\/\/collections.musee-mccord-stewart.ca\/en\/objects\/356417\" target=\"_blank\" rel=\"noopener\">J\u00e9r\u00e9mie Tremblay and Mariette Bergeron Fonds<\/a><\/td>\n<td>P757<\/td>\n<td>1930-2016<\/td>\n<\/tr>\n<tr>\n<td><a title=\"\" href=\"https:\/\/collections.musee-mccord-stewart.ca\/en\/objects\/372754\" target=\"_blank\" rel=\"noopener\">Le Moine Family Fonds<\/a><\/td>\n<td>P761<\/td>\n<td>1849-1955<\/td>\n<\/tr>\n<tr>\n<td><a title=\"\" href=\"https:\/\/collections.musee-mccord-stewart.ca\/en\/objects\/393631\" target=\"_blank\" rel=\"noopener\">Willie Eckstein Fonds<\/a><\/td>\n<td>P767<\/td>\n<td>1877, 1900-1990<\/td>\n<\/tr>\n<\/tbody>\n<\/table>\n","protected":false},"excerpt":{"rendered":"<p>Uncovering the sentiments buried in archival documents Anyone who has ever read archival documents like letters and diaries knows that these witnesses of the past can be full of emotion. Such documents may convey feelings, sensations, attitudes, values and ideologies, aspects that are often ignored by the traditional indexing process (tagging documents using keywords) and [&hellip;]<\/p>\n","protected":false},"author":3,"featured_media":0,"parent":2332,"menu_order":0,"comment_status":"closed","ping_status":"closed","template":"page-templates\/page-texte.php","meta":{"footnotes":""},"categories":[],"tags":[],"acf":[],"yoast_head":"<!-- This site is optimized with the Yoast SEO Premium plugin v20.11 (Yoast SEO v20.11) - https:\/\/yoast.com\/wordpress\/plugins\/seo\/ -->\n<title>Shared Emotions - McCord Stewart Museum<\/title>\n<meta name=\"description\" content=\"Discover archival documents like letters and diaries who witnesses the past full of emotions in this series brought forth by the Museum.\" \/>\n<meta name=\"robots\" content=\"index, follow, max-snippet:-1, max-image-preview:large, max-video-preview:-1\" \/>\n<link rel=\"canonical\" href=\"https:\/\/www.musee-mccord-stewart.ca\/en\/collections\/archives\/shared-emotions\/\" \/>\n<meta property=\"og:locale\" content=\"en_US\" \/>\n<meta property=\"og:type\" content=\"article\" \/>\n<meta property=\"og:title\" content=\"Shared Emotions\" \/>\n<meta property=\"og:description\" content=\"Discover archival documents like letters and diaries who witnesses the past full of emotions in this series brought forth by the Museum.\" \/>\n<meta property=\"og:url\" content=\"https:\/\/www.musee-mccord-stewart.ca\/en\/collections\/archives\/shared-emotions\/\" \/>\n<meta property=\"og:site_name\" content=\"McCord Stewart Museum\" \/>\n<meta property=\"article:publisher\" content=\"https:\/\/www.facebook.com\/museemccordstewart\" \/>\n<meta property=\"article:modified_time\" content=\"2024-05-15T14:22:40+00:00\" \/>\n<meta property=\"og:image\" content=\"https:\/\/www.musee-mccord-stewart.ca\/app\/uploads\/2021\/12\/mccord_sensibilites_partages_640x448px_en.jpg\" \/>\n\t<meta property=\"og:image:width\" content=\"640\" \/>\n\t<meta property=\"og:image:height\" content=\"448\" \/>\n\t<meta property=\"og:image:type\" content=\"image\/jpeg\" \/>\n<meta name=\"twitter:card\" content=\"summary_large_image\" \/>\n<meta name=\"twitter:description\" content=\"Discover archival documents like letters and diaries who witnesses the past full of emotions in this series brought forth by the Museum.\" \/>\n<meta name=\"twitter:site\" content=\"@MuseeMcCordStew\" \/>\n<meta name=\"twitter:label1\" content=\"Est. reading time\" \/>\n\t<meta name=\"twitter:data1\" content=\"3 minutes\" \/>\n<script type=\"application\/ld+json\" class=\"yoast-schema-graph\">{\"@context\":\"https:\/\/schema.org\",\"@graph\":[{\"@type\":\"WebPage\",\"@id\":\"https:\/\/www.musee-mccord-stewart.ca\/en\/collections\/archives\/shared-emotions\/\",\"url\":\"https:\/\/www.musee-mccord-stewart.ca\/en\/collections\/archives\/shared-emotions\/\",\"name\":\"Shared Emotions - McCord Stewart Museum\",\"isPartOf\":{\"@id\":\"https:\/\/www.musee-mccord-stewart.ca\/fr\/#website\"},\"datePublished\":\"2019-03-26T14:25:21+00:00\",\"dateModified\":\"2024-05-15T14:22:40+00:00\",\"description\":\"Discover archival documents like letters and diaries who witnesses the past full of emotions in this series brought forth by the Museum.\",\"breadcrumb\":{\"@id\":\"https:\/\/www.musee-mccord-stewart.ca\/en\/collections\/archives\/shared-emotions\/#breadcrumb\"},\"inLanguage\":\"en-US\",\"potentialAction\":[{\"@type\":\"ReadAction\",\"target\":[\"https:\/\/www.musee-mccord-stewart.ca\/en\/collections\/archives\/shared-emotions\/\"]}]},{\"@type\":\"BreadcrumbList\",\"@id\":\"https:\/\/www.musee-mccord-stewart.ca\/en\/collections\/archives\/shared-emotions\/#breadcrumb\",\"itemListElement\":[{\"@type\":\"ListItem\",\"position\":1,\"name\":\"Accueil\",\"item\":\"https:\/\/www.musee-mccord-stewart.ca\/en\/\"},{\"@type\":\"ListItem\",\"position\":2,\"name\":\"Collections\",\"item\":\"https:\/\/www.musee-mccord-stewart.ca\/en\/collections\/\"},{\"@type\":\"ListItem\",\"position\":3,\"name\":\"Archives\",\"item\":\"https:\/\/www.musee-mccord-stewart.ca\/en\/collections\/archives\/\"},{\"@type\":\"ListItem\",\"position\":4,\"name\":\"Shared Emotions\"}]},{\"@type\":\"WebSite\",\"@id\":\"https:\/\/www.musee-mccord-stewart.ca\/fr\/#website\",\"url\":\"https:\/\/www.musee-mccord-stewart.ca\/fr\/\",\"name\":\"McCord Stewart Museum\",\"description\":\"Our world, our stories\",\"publisher\":{\"@id\":\"https:\/\/www.musee-mccord-stewart.ca\/fr\/#organization\"},\"alternateName\":\"MCS\",\"potentialAction\":[{\"@type\":\"SearchAction\",\"target\":{\"@type\":\"EntryPoint\",\"urlTemplate\":\"https:\/\/www.musee-mccord-stewart.ca\/fr\/?s={search_term_string}\"},\"query-input\":\"required name=search_term_string\"}],\"inLanguage\":\"en-US\"},{\"@type\":\"Organization\",\"@id\":\"https:\/\/www.musee-mccord-stewart.ca\/fr\/#organization\",\"name\":\"McCord Stewart Museum\",\"alternateName\":\"MCS\",\"url\":\"https:\/\/www.musee-mccord-stewart.ca\/fr\/\",\"logo\":{\"@type\":\"ImageObject\",\"inLanguage\":\"en-US\",\"@id\":\"https:\/\/www.musee-mccord-stewart.ca\/fr\/#\/schema\/logo\/image\/\",\"url\":\"https:\/\/www.musee-mccord-stewart.ca\/app\/uploads\/2023\/05\/logo_museemccordstewart_horizontal_noir_slogan.svg\",\"contentUrl\":\"https:\/\/www.musee-mccord-stewart.ca\/app\/uploads\/2023\/05\/logo_museemccordstewart_horizontal_noir_slogan.svg\",\"width\":1,\"height\":1,\"caption\":\"McCord Stewart Museum\"},\"image\":{\"@id\":\"https:\/\/www.musee-mccord-stewart.ca\/fr\/#\/schema\/logo\/image\/\"},\"sameAs\":[\"https:\/\/www.facebook.com\/museemccordstewart\",\"https:\/\/twitter.com\/MuseeMcCordStew\",\"https:\/\/instagram.com\/museemccordstewart\",\"https:\/\/www.linkedin.com\/company\/museemccordstewart\/\",\"https:\/\/www.pinterest.com\/museemccordstewart\/\",\"https:\/\/www.youtube.com\/c\/MuseeMcCordStewartMuseum\"]}]}<\/script>\n<!-- \/ Yoast SEO Premium plugin. -->","yoast_head_json":{"title":"Shared Emotions - McCord Stewart Museum","description":"Discover archival documents like letters and diaries who witnesses the past full of emotions in this series brought forth by the Museum.","robots":{"index":"index","follow":"follow","max-snippet":"max-snippet:-1","max-image-preview":"max-image-preview:large","max-video-preview":"max-video-preview:-1"},"canonical":"https:\/\/www.musee-mccord-stewart.ca\/en\/collections\/archives\/shared-emotions\/","og_locale":"en_US","og_type":"article","og_title":"Shared Emotions","og_description":"Discover archival documents like letters and diaries who witnesses the past full of emotions in this series brought forth by the Museum.","og_url":"https:\/\/www.musee-mccord-stewart.ca\/en\/collections\/archives\/shared-emotions\/","og_site_name":"McCord Stewart Museum","article_publisher":"https:\/\/www.facebook.com\/museemccordstewart","article_modified_time":"2024-05-15T14:22:40+00:00","og_image":[{"width":640,"height":448,"url":"https:\/\/www.musee-mccord-stewart.ca\/app\/uploads\/2021\/12\/mccord_sensibilites_partages_640x448px_en.jpg","type":"image\/jpeg"}],"twitter_card":"summary_large_image","twitter_description":"Discover archival documents like letters and diaries who witnesses the past full of emotions in this series brought forth by the Museum.","twitter_site":"@MuseeMcCordStew","twitter_misc":{"Est. reading time":"3 minutes"},"schema":{"@context":"https:\/\/schema.org","@graph":[{"@type":"WebPage","@id":"https:\/\/www.musee-mccord-stewart.ca\/en\/collections\/archives\/shared-emotions\/","url":"https:\/\/www.musee-mccord-stewart.ca\/en\/collections\/archives\/shared-emotions\/","name":"Shared Emotions - McCord Stewart Museum","isPartOf":{"@id":"https:\/\/www.musee-mccord-stewart.ca\/fr\/#website"},"datePublished":"2019-03-26T14:25:21+00:00","dateModified":"2024-05-15T14:22:40+00:00","description":"Discover archival documents like letters and diaries who witnesses the past full of emotions in this series brought forth by the Museum.","breadcrumb":{"@id":"https:\/\/www.musee-mccord-stewart.ca\/en\/collections\/archives\/shared-emotions\/#breadcrumb"},"inLanguage":"en-US","potentialAction":[{"@type":"ReadAction","target":["https:\/\/www.musee-mccord-stewart.ca\/en\/collections\/archives\/shared-emotions\/"]}]},{"@type":"BreadcrumbList","@id":"https:\/\/www.musee-mccord-stewart.ca\/en\/collections\/archives\/shared-emotions\/#breadcrumb","itemListElement":[{"@type":"ListItem","position":1,"name":"Accueil","item":"https:\/\/www.musee-mccord-stewart.ca\/en\/"},{"@type":"ListItem","position":2,"name":"Collections","item":"https:\/\/www.musee-mccord-stewart.ca\/en\/collections\/"},{"@type":"ListItem","position":3,"name":"Archives","item":"https:\/\/www.musee-mccord-stewart.ca\/en\/collections\/archives\/"},{"@type":"ListItem","position":4,"name":"Shared Emotions"}]},{"@type":"WebSite","@id":"https:\/\/www.musee-mccord-stewart.ca\/fr\/#website","url":"https:\/\/www.musee-mccord-stewart.ca\/fr\/","name":"McCord Stewart Museum","description":"Our world, our stories","publisher":{"@id":"https:\/\/www.musee-mccord-stewart.ca\/fr\/#organization"},"alternateName":"MCS","potentialAction":[{"@type":"SearchAction","target":{"@type":"EntryPoint","urlTemplate":"https:\/\/www.musee-mccord-stewart.ca\/fr\/?s={search_term_string}"},"query-input":"required name=search_term_string"}],"inLanguage":"en-US"},{"@type":"Organization","@id":"https:\/\/www.musee-mccord-stewart.ca\/fr\/#organization","name":"McCord Stewart Museum","alternateName":"MCS","url":"https:\/\/www.musee-mccord-stewart.ca\/fr\/","logo":{"@type":"ImageObject","inLanguage":"en-US","@id":"https:\/\/www.musee-mccord-stewart.ca\/fr\/#\/schema\/logo\/image\/","url":"https:\/\/www.musee-mccord-stewart.ca\/app\/uploads\/2023\/05\/logo_museemccordstewart_horizontal_noir_slogan.svg","contentUrl":"https:\/\/www.musee-mccord-stewart.ca\/app\/uploads\/2023\/05\/logo_museemccordstewart_horizontal_noir_slogan.svg","width":1,"height":1,"caption":"McCord Stewart Museum"},"image":{"@id":"https:\/\/www.musee-mccord-stewart.ca\/fr\/#\/schema\/logo\/image\/"},"sameAs":["https:\/\/www.facebook.com\/museemccordstewart","https:\/\/twitter.com\/MuseeMcCordStew","https:\/\/instagram.com\/museemccordstewart","https:\/\/www.linkedin.com\/company\/museemccordstewart\/","https:\/\/www.pinterest.com\/museemccordstewart\/","https:\/\/www.youtube.com\/c\/MuseeMcCordStewartMuseum"]}]}},"_links":{"self":[{"href":"https:\/\/www.musee-mccord-stewart.ca\/en\/wp-json\/wp\/v2\/pages\/25073"}],"collection":[{"href":"https:\/\/www.musee-mccord-stewart.ca\/en\/wp-json\/wp\/v2\/pages"}],"about":[{"href":"https:\/\/www.musee-mccord-stewart.ca\/en\/wp-json\/wp\/v2\/types\/page"}],"author":[{"embeddable":true,"href":"https:\/\/www.musee-mccord-stewart.ca\/en\/wp-json\/wp\/v2\/users\/3"}],"replies":[{"embeddable":true,"href":"https:\/\/www.musee-mccord-stewart.ca\/en\/wp-json\/wp\/v2\/comments?post=25073"}],"version-history":[{"count":0,"href":"https:\/\/www.musee-mccord-stewart.ca\/en\/wp-json\/wp\/v2\/pages\/25073\/revisions"}],"up":[{"embeddable":true,"href":"https:\/\/www.musee-mccord-stewart.ca\/en\/wp-json\/wp\/v2\/pages\/2332"}],"wp:attachment":[{"href":"https:\/\/www.musee-mccord-stewart.ca\/en\/wp-json\/wp\/v2\/media?parent=25073"}],"wp:term":[{"taxonomy":"category","embeddable":true,"href":"https:\/\/www.musee-mccord-stewart.ca\/en\/wp-json\/wp\/v2\/categories?post=25073"},{"taxonomy":"post_tag","embeddable":true,"href":"https:\/\/www.musee-mccord-stewart.ca\/en\/wp-json\/wp\/v2\/tags?post=25073"}],"curies":[{"name":"wp","href":"https:\/\/api.w.org\/{rel}","templated":true}]}}