{"id":2332,"date":"2015-05-10T17:07:06","date_gmt":"2015-05-10T21:07:06","guid":{"rendered":"http:\/\/www.musee-mccord-stewart.ca\/?page_id=2332"},"modified":"2025-12-11T16:30:23","modified_gmt":"2025-12-11T21:30:23","slug":"archives","status":"publish","type":"page","link":"https:\/\/www.musee-mccord-stewart.ca\/en\/collections\/archives\/","title":{"rendered":"Archives"},"content":{"rendered":"<p>The Archives collection is composed of 850 sets of documents, most of which are archival fonds related to individuals, families or organizations, or special collections organized around a theme or type of document. Totalling over 340 linear metres, <strong>these archives cover the entire history of Canada, but focus more particularly on that of Montreal and Montrealers during the 19<sup>th<\/sup>\u00a0and 20<sup>th<\/sup>\u00a0centuries<\/strong>.<br \/>\n<a class=\"cta\" title=\"\" href=\"https:\/\/collections.musee-mccord-stewart.ca\/en\/collections\/155915\/archives\/objects\">Explore the collection online<i class=\"arrow-right-thickicon-\"><\/i><\/a><br \/>\n<a class=\"cta\" title=\"\" href=\"https:\/\/www.musee-mccord-stewart.ca\/en\/collections\/archives\/list-main-fonds-collections\/\">List of main fonds and collections<i class=\"arrow-right-thickicon-\"><\/i><\/a><\/p>\n<p>The textual records include personal, administrative, financial and legal documents, such as correspondence, diaries, minutes, books of account, contracts, publications, maps, plans and ephemera like dance cards, advertisements and menus.<\/p>\n<p>Initially focussed on the history of events and figures of importance to Montreal and Canada, <strong>the collection now concentrates on acquisitions that illustrate social history<\/strong>: family history, commerce and industry, armed conflicts, amateur sports clubs, artistic and charitable associations, cultural events like Expo 67, fashion, the arts, and so on.<\/p>\n<p><strong>The Stewart Museum&#8217;s collection of archives contains 16 linear metres of textual archives and over 1,000 cartographic records<\/strong>, most of them collected by the Museum&#8217;s founder, David M. Stewart. It documents multiple aspects of Quebec and Canadian history dating back to New France in the broader context of Atlantic history, as many documents also cover European history, notably that of France and England. Military history is also very well represented, with fonds documenting organizations like the Royal Regiment Canadian Artillery and the Victoria Rifles of Canada.<\/p>\n<ul class=\"sliderTiny\">\n<li>\n<img decoding=\"async\" src=\"https:\/\/www.musee-mccord-stewart.ca\/app\/uploads\/2015\/06\/c146_a6-2-p1_en-1200x665.jpg\" alt=\"Site Map of Expo 67, George E. Porcell Enterprises Inc., 1966. C146\/A,6.2 \u00a9 McCord Stewart Museum\" title=\"Site Map of Expo 67, George E. Porcell Enterprises Inc., 1966. C146\/A,6.2 \u00a9 McCord Stewart Museum\" \/>\n<\/li>\n<li>\n<img decoding=\"async\" src=\"https:\/\/www.musee-mccord-stewart.ca\/app\/uploads\/2021\/12\/mccord_collection_nf-9_101116-p1_800px_en.jpg\" alt=\"Samuel de Champlain, &lt;i&gt;Les voyages du Sieur de Champlain, Xaintongeois, capitaine ordinaire pour le Roy, en la marine&lt;\/i&gt;, 1613. HC-1613, McCord Stewart Museum\" title=\"Samuel de Champlain, &lt;i&gt;Les voyages du Sieur de Champlain, Xaintongeois, capitaine ordinaire pour le Roy, en la marine&lt;\/i&gt;, 1613. HC-1613, McCord Stewart Museum\" \/>\n<\/li>\n<li>\n<img decoding=\"async\" src=\"https:\/\/www.musee-mccord-stewart.ca\/app\/uploads\/2022\/01\/mccord_collection_1979-523_800px_en.jpg\" alt=\"Jodocus Hondius the Elder, &lt;i&gt;Nosce Te Ipsum [Know thyself]&lt;\/i&gt; (detail), 1590. 1979.523, McCord Stewart Museum\" title=\"Jodocus Hondius the Elder, &lt;i&gt;Nosce Te Ipsum [Know thyself]&lt;\/i&gt; (detail), 1590. 1979.523, McCord Stewart Museum\" \/>\n<\/li>\n<li>\n<img decoding=\"async\" src=\"https:\/\/www.musee-mccord-stewart.ca\/app\/uploads\/2015\/06\/m2012-103-1-p6_en-553x800.jpg\" alt=\"Stock book for the hardware store of Arthur Webster, 1820-1821. Gift of Mrs. Helen Day Cooper, M2012.103, McCord Stewart Museum\" title=\"Stock book for the hardware store of Arthur Webster, 1820-1821. Gift of Mrs. Helen Day Cooper, M2012.103, McCord Stewart Museum\" \/>\n<\/li>\n<li>\n<img decoding=\"async\" src=\"https:\/\/www.musee-mccord-stewart.ca\/app\/uploads\/2021\/12\/mccord_collection_1979-261_800px_en.jpg\" alt=\"Guillaume Delisle, &lt;i&gt;H\u00e9misph\u00e8re septentrional pour voir plus distinctement les terres arctiques&lt;\/i&gt;, 1714. 1979.261, McCord Stewart Museum\" title=\"Guillaume Delisle, &lt;i&gt;H\u00e9misph\u00e8re septentrional pour voir plus distinctement les terres arctiques&lt;\/i&gt;, 1714. 1979.261, McCord Stewart Museum\" \/>\n<\/li>\n<li>\n<img decoding=\"async\" src=\"https:\/\/www.musee-mccord-stewart.ca\/app\/uploads\/2015\/06\/m2634_en-934x800.jpg\" alt=\"Sir George Back\u2019s travel journal, 1833-1835. Gift of Reverend Norman Pares and David Ross McCord, M2634, McCord Stewart Museum\" title=\"Sir George Back\u2019s travel journal, 1833-1835. Gift of Reverend Norman Pares and David Ross McCord, M2634, McCord Stewart Museum\" \/>\n<\/li>\n<li>\n<img decoding=\"async\" src=\"https:\/\/www.musee-mccord-stewart.ca\/app\/uploads\/2015\/06\/m19113-p2_en-1154x800.jpg\" alt=\"Thomas Molson&#039;s notebook, 1820-1824. Gift of Miss Mabel Molson, Molson Family Fonds P046, M19113, McCord Stewart Museum\" title=\"Thomas Molson&#039;s notebook, 1820-1824. Gift of Miss Mabel Molson, Molson Family Fonds P046, M19113, McCord Stewart Museum\" \/>\n<\/li>\n<li>\n<img decoding=\"async\" src=\"https:\/\/www.musee-mccord-stewart.ca\/app\/uploads\/2015\/06\/m20193-ph1_en-589x800.jpg\" alt=\"Last wishes of Louis Riel, expressed to Reverend Father Alexis Andr\u00e9, November 16, 1885. Gift of Brian McGreevy, Louis Riel Collection C209, M20193, McCord Stewart Museum\" title=\"Last wishes of Louis Riel, expressed to Reverend Father Alexis Andr\u00e9, November 16, 1885. Gift of Brian McGreevy, Louis Riel Collection C209, M20193, McCord Stewart Museum\" \/>\n<\/li>\n<li>\n<img decoding=\"async\" src=\"https:\/\/www.musee-mccord-stewart.ca\/app\/uploads\/2015\/06\/p163_b-01-p1_en-466x800.jpg\" alt=\"1911-1912 Program for Le Canadien de St-Henri Snowshoe Club. Gift of Mrs. Irene Jensen, P163\/B.01 \u00a9 McCord Stewart Museum\" title=\"1911-1912 Program for Le Canadien de St-Henri Snowshoe Club. Gift of Mrs. Irene Jensen, P163\/B.01 \u00a9 McCord Stewart Museum\" \/>\n<\/li>\n<\/ul>\n\n<h4>Rare books<\/h4>\n<p>The McCord Museum&#8217;s rare book collection features <strong>nearly 2,500 volumes and brochures published from the 17<sup>th<\/sup>\u00a0to the 20<sup>th<\/sup>\u00a0centuries<\/strong>. Dating primarily from the 19<sup>th<\/sup> and early 20<sup>th<\/sup> centuries, the collection is largely composed of the personal libraries of David Ross McCord and William Notman.<\/p>\n<p>The other volumes, most of which were published in Canada, complement the Museum\u2019s various collections. For example, there are books on the history of Canada and Montreal, directories and almanacs, tourist booklets, art books, books written in First Nations languages, explorers&#8217; travel accounts, children&#8217;s books, books about magic, military censuses and plan books.<\/p>\n<p>These writings are not only reference documents for collections research, they are also artefacts, available for consultation and displayed as part of exhibitions and other dissemination projects.<\/p>\n<p><strong>The Stewart Museum&#8217;s rare book collection comprises over 1,500 antiquarian books published in Europe and Canada, dating from the 15<sup>th<\/sup> to the 19<sup>th<\/sup> centuries.<\/strong> This collection is evidence of the importance that David M. Stewart attached to written materials, both handwritten and printed, in the teaching of history.<\/p>\n<ul class=\"sliderTiny\">\n<li>\n<img decoding=\"async\" src=\"https:\/\/www.musee-mccord-stewart.ca\/app\/uploads\/2015\/06\/m242-p3_en-517x800.jpg\" alt=\"F. Mesplet et C. Berger, &lt;i&gt;R\u00e8glement de la confr\u00e9rie de l&#039;adoration perp\u00e9tuelle du S. Sacrement et de la bonne mort&lt;\/i&gt;, 1776. Gift of David Ross McCord. M242, McCord Stewart Museum\" title=\"F. Mesplet et C. Berger, &lt;i&gt;R\u00e8glement de la confr\u00e9rie de l&#039;adoration perp\u00e9tuelle du S. Sacrement et de la bonne mort&lt;\/i&gt;, 1776. Gift of David Ross McCord. M242, McCord Stewart Museum\" \/>\n<\/li>\n<li>\n<img decoding=\"async\" src=\"https:\/\/www.musee-mccord-stewart.ca\/app\/uploads\/2021\/12\/mccord_collection_hc-1613_1_800px_en.jpg\" alt=\"Samuel de Champlain, &lt;i&gt;Les voyages du Sieur de Champlain, Xaintongeois, capitaine ordinaire pour le Roy, en la marine&lt;\/i&gt;, 1613. HC-1613, McCord Stewart Stewart Museum\" title=\"Samuel de Champlain, &lt;i&gt;Les voyages du Sieur de Champlain, Xaintongeois, capitaine ordinaire pour le Roy, en la marine&lt;\/i&gt;, 1613. HC-1613, McCord Stewart Stewart Museum\" \/>\n<\/li>\n<li>\n<img decoding=\"async\" src=\"https:\/\/www.musee-mccord-stewart.ca\/app\/uploads\/2015\/06\/m2004-117-20-p5_en-1041x800.jpg\" alt=\"Jacques Grasset de Saint-Sauveur, &lt;i&gt;Moeurs, loix et costumes des sauvages de la Baye d&#039;Hudson&lt;\/i&gt;, about 1796. Gift of  Dr. J. lawrence Hutchison. M2004.117.20, McCord Stewart Museum\" title=\"Jacques Grasset de Saint-Sauveur, &lt;i&gt;Moeurs, loix et costumes des sauvages de la Baye d&#039;Hudson&lt;\/i&gt;, about 1796. Gift of  Dr. J. lawrence Hutchison. M2004.117.20, McCord Stewart Museum\" \/>\n<\/li>\n<li>\n<img decoding=\"async\" src=\"https:\/\/www.musee-mccord-stewart.ca\/app\/uploads\/2015\/06\/m2010-19-23-p2_en-1078x800.jpg\" alt=\"Mi\u2019kmaq Ideographic Prayer Book, 1921. Gift of J\u00e9r\u00f4me Rousseau. M2010.19.23, McCord Stewart Museum\" title=\"Mi\u2019kmaq Ideographic Prayer Book, 1921. Gift of J\u00e9r\u00f4me Rousseau. M2010.19.23, McCord Stewart Museum\" \/>\n<\/li>\n<li>\n<img decoding=\"async\" src=\"https:\/\/www.musee-mccord-stewart.ca\/app\/uploads\/2015\/06\/m11712-p6_en.jpg\" alt=\"Fran\u00e7ois Du Creux, &lt;i&gt;Historiae Canadensis, sev Novae-Franciae Libri Decem, Ad Annum usque Christi&lt;\/i&gt;, 1664. Gift of Ward C. Pitfield. M11712, McCord Stewart Museum\" title=\"Fran\u00e7ois Du Creux, &lt;i&gt;Historiae Canadensis, sev Novae-Franciae Libri Decem, Ad Annum usque Christi&lt;\/i&gt;, 1664. Gift of Ward C. Pitfield. M11712, McCord Stewart Museum\" \/>\n<\/li>\n<li>\n<img decoding=\"async\" src=\"https:\/\/www.musee-mccord-stewart.ca\/app\/uploads\/2015\/06\/rb-0695_en-1200x634.jpg\" alt=\"&lt;i&gt;Diseases of the Nervous System, and How to Cure Them : Paine&#039;s Celery Compound&lt;\/i&gt;, Wells &amp; Richardson Co., 1896. RB-0695, McCord Stewart Museum\" title=\"&lt;i&gt;Diseases of the Nervous System, and How to Cure Them : Paine&#039;s Celery Compound&lt;\/i&gt;, Wells &amp; Richardson Co., 1896. RB-0695, McCord Stewart Museum\" \/>\n<\/li>\n<li>\n<img decoding=\"async\" src=\"https:\/\/www.musee-mccord-stewart.ca\/app\/uploads\/2015\/06\/rb-1889-p1_en-1002x800.jpg\" alt=\"J. Bell, Gallery of Fine Arts, &lt;i&gt;La Belle Assembl\u00e9e or, Bell&#039;s Court and Fashionable Magazine, addressed particulary to The Ladies&lt;\/i&gt;, vol. I part II, 1806. M2011X.6.33, McCord Stewart Museum\" title=\"J. Bell, Gallery of Fine Arts, &lt;i&gt;La Belle Assembl\u00e9e or, Bell&#039;s Court and Fashionable Magazine, addressed particulary to The Ladies&lt;\/i&gt;, vol. I part II, 1806. M2011X.6.33, McCord Stewart Museum\" \/>\n<\/li>\n<\/ul>\n\n","protected":false},"excerpt":{"rendered":"<p>The Archives collection is composed of 850 sets of documents, most of which are archival fonds related to individuals, families or organizations, or special collections organized around a theme or type of document. Totalling over 340 linear metres, these archives cover the entire history of Canada, but focus more particularly on that of Montreal and [&hellip;]<\/p>\n","protected":false},"author":17,"featured_media":0,"parent":40121,"menu_order":0,"comment_status":"closed","ping_status":"closed","template":"page-templates\/page-texte.php","meta":{"footnotes":""},"categories":[],"tags":[],"acf":[],"yoast_head":"<!-- This site is optimized with the Yoast SEO Premium plugin v20.11 (Yoast SEO v20.11) - https:\/\/yoast.com\/wordpress\/plugins\/seo\/ -->\n<title>Archives - McCord Stewart Museum<\/title>\n<meta name=\"description\" content=\"The Archives collection covers the entire history of Canada, but focus more particularly on that of Montreal and Montrealers during the 19th and 20th centuries.\" \/>\n<meta name=\"robots\" content=\"index, follow, max-snippet:-1, max-image-preview:large, max-video-preview:-1\" \/>\n<link rel=\"canonical\" href=\"https:\/\/www.musee-mccord-stewart.ca\/en\/collections\/archives\/\" \/>\n<meta property=\"og:locale\" content=\"en_US\" \/>\n<meta property=\"og:type\" content=\"article\" \/>\n<meta property=\"og:title\" content=\"Archives\" \/>\n<meta property=\"og:description\" content=\"The Archives collection covers the entire history of Canada, but focus more particularly on that of Montreal and Montrealers during the 19th and 20th centuries.\" \/>\n<meta property=\"og:url\" content=\"https:\/\/www.musee-mccord-stewart.ca\/en\/collections\/archives\/\" \/>\n<meta property=\"og:site_name\" content=\"McCord Stewart Museum\" \/>\n<meta property=\"article:publisher\" content=\"https:\/\/www.facebook.com\/museemccordstewart\" \/>\n<meta property=\"article:modified_time\" content=\"2025-12-11T21:30:23+00:00\" \/>\n<meta property=\"og:image\" content=\"https:\/\/www.musee-mccord-stewart.ca\/app\/uploads\/2022\/02\/mccord_collection_archives_1979-523_800px_640x375.jpg\" \/>\n\t<meta property=\"og:image:width\" content=\"640\" \/>\n\t<meta property=\"og:image:height\" content=\"375\" \/>\n\t<meta property=\"og:image:type\" content=\"image\/jpeg\" \/>\n<meta name=\"twitter:card\" content=\"summary_large_image\" \/>\n<meta name=\"twitter:description\" content=\"The Archives collection covers the entire history of Canada, but focus more particularly on that of Montreal and Montrealers during the 19th and 20th centuries.\" \/>\n<meta name=\"twitter:site\" content=\"@MuseeMcCordStew\" \/>\n<meta name=\"twitter:label1\" content=\"Est. reading time\" \/>\n\t<meta name=\"twitter:data1\" content=\"3 minutes\" \/>\n<script type=\"application\/ld+json\" class=\"yoast-schema-graph\">{\"@context\":\"https:\/\/schema.org\",\"@graph\":[{\"@type\":\"WebPage\",\"@id\":\"https:\/\/www.musee-mccord-stewart.ca\/en\/collections\/archives\/\",\"url\":\"https:\/\/www.musee-mccord-stewart.ca\/en\/collections\/archives\/\",\"name\":\"Archives - McCord Stewart Museum\",\"isPartOf\":{\"@id\":\"https:\/\/www.musee-mccord-stewart.ca\/fr\/#website\"},\"datePublished\":\"2015-05-10T21:07:06+00:00\",\"dateModified\":\"2025-12-11T21:30:23+00:00\",\"description\":\"The Archives collection covers the entire history of Canada, but focus more particularly on that of Montreal and Montrealers during the 19th and 20th centuries.\",\"breadcrumb\":{\"@id\":\"https:\/\/www.musee-mccord-stewart.ca\/en\/collections\/archives\/#breadcrumb\"},\"inLanguage\":\"en-US\",\"potentialAction\":[{\"@type\":\"ReadAction\",\"target\":[\"https:\/\/www.musee-mccord-stewart.ca\/en\/collections\/archives\/\"]}]},{\"@type\":\"BreadcrumbList\",\"@id\":\"https:\/\/www.musee-mccord-stewart.ca\/en\/collections\/archives\/#breadcrumb\",\"itemListElement\":[{\"@type\":\"ListItem\",\"position\":1,\"name\":\"Accueil\",\"item\":\"https:\/\/www.musee-mccord-stewart.ca\/en\/\"},{\"@type\":\"ListItem\",\"position\":2,\"name\":\"Collections\",\"item\":\"https:\/\/www.musee-mccord-stewart.ca\/en\/collections\/\"},{\"@type\":\"ListItem\",\"position\":3,\"name\":\"Archives\"}]},{\"@type\":\"WebSite\",\"@id\":\"https:\/\/www.musee-mccord-stewart.ca\/fr\/#website\",\"url\":\"https:\/\/www.musee-mccord-stewart.ca\/fr\/\",\"name\":\"McCord Stewart Museum\",\"description\":\"Our world, our stories\",\"publisher\":{\"@id\":\"https:\/\/www.musee-mccord-stewart.ca\/fr\/#organization\"},\"alternateName\":\"MCS\",\"potentialAction\":[{\"@type\":\"SearchAction\",\"target\":{\"@type\":\"EntryPoint\",\"urlTemplate\":\"https:\/\/www.musee-mccord-stewart.ca\/fr\/?s={search_term_string}\"},\"query-input\":\"required name=search_term_string\"}],\"inLanguage\":\"en-US\"},{\"@type\":\"Organization\",\"@id\":\"https:\/\/www.musee-mccord-stewart.ca\/fr\/#organization\",\"name\":\"McCord Stewart Museum\",\"alternateName\":\"MCS\",\"url\":\"https:\/\/www.musee-mccord-stewart.ca\/fr\/\",\"logo\":{\"@type\":\"ImageObject\",\"inLanguage\":\"en-US\",\"@id\":\"https:\/\/www.musee-mccord-stewart.ca\/fr\/#\/schema\/logo\/image\/\",\"url\":\"https:\/\/www.musee-mccord-stewart.ca\/app\/uploads\/2023\/05\/logo_museemccordstewart_horizontal_noir_slogan.svg\",\"contentUrl\":\"https:\/\/www.musee-mccord-stewart.ca\/app\/uploads\/2023\/05\/logo_museemccordstewart_horizontal_noir_slogan.svg\",\"width\":1,\"height\":1,\"caption\":\"McCord Stewart Museum\"},\"image\":{\"@id\":\"https:\/\/www.musee-mccord-stewart.ca\/fr\/#\/schema\/logo\/image\/\"},\"sameAs\":[\"https:\/\/www.facebook.com\/museemccordstewart\",\"https:\/\/twitter.com\/MuseeMcCordStew\",\"https:\/\/instagram.com\/museemccordstewart\",\"https:\/\/www.linkedin.com\/company\/museemccordstewart\/\",\"https:\/\/www.pinterest.com\/museemccordstewart\/\",\"https:\/\/www.youtube.com\/c\/MuseeMcCordStewartMuseum\"]}]}<\/script>\n<!-- \/ Yoast SEO Premium plugin. -->","yoast_head_json":{"title":"Archives - McCord Stewart Museum","description":"The Archives collection covers the entire history of Canada, but focus more particularly on that of Montreal and Montrealers during the 19th and 20th centuries.","robots":{"index":"index","follow":"follow","max-snippet":"max-snippet:-1","max-image-preview":"max-image-preview:large","max-video-preview":"max-video-preview:-1"},"canonical":"https:\/\/www.musee-mccord-stewart.ca\/en\/collections\/archives\/","og_locale":"en_US","og_type":"article","og_title":"Archives","og_description":"The Archives collection covers the entire history of Canada, but focus more particularly on that of Montreal and Montrealers during the 19th and 20th centuries.","og_url":"https:\/\/www.musee-mccord-stewart.ca\/en\/collections\/archives\/","og_site_name":"McCord Stewart Museum","article_publisher":"https:\/\/www.facebook.com\/museemccordstewart","article_modified_time":"2025-12-11T21:30:23+00:00","og_image":[{"width":640,"height":375,"url":"https:\/\/www.musee-mccord-stewart.ca\/app\/uploads\/2022\/02\/mccord_collection_archives_1979-523_800px_640x375.jpg","type":"image\/jpeg"}],"twitter_card":"summary_large_image","twitter_description":"The Archives collection covers the entire history of Canada, but focus more particularly on that of Montreal and Montrealers during the 19th and 20th centuries.","twitter_site":"@MuseeMcCordStew","twitter_misc":{"Est. reading time":"3 minutes"},"schema":{"@context":"https:\/\/schema.org","@graph":[{"@type":"WebPage","@id":"https:\/\/www.musee-mccord-stewart.ca\/en\/collections\/archives\/","url":"https:\/\/www.musee-mccord-stewart.ca\/en\/collections\/archives\/","name":"Archives - McCord Stewart Museum","isPartOf":{"@id":"https:\/\/www.musee-mccord-stewart.ca\/fr\/#website"},"datePublished":"2015-05-10T21:07:06+00:00","dateModified":"2025-12-11T21:30:23+00:00","description":"The Archives collection covers the entire history of Canada, but focus more particularly on that of Montreal and Montrealers during the 19th and 20th centuries.","breadcrumb":{"@id":"https:\/\/www.musee-mccord-stewart.ca\/en\/collections\/archives\/#breadcrumb"},"inLanguage":"en-US","potentialAction":[{"@type":"ReadAction","target":["https:\/\/www.musee-mccord-stewart.ca\/en\/collections\/archives\/"]}]},{"@type":"BreadcrumbList","@id":"https:\/\/www.musee-mccord-stewart.ca\/en\/collections\/archives\/#breadcrumb","itemListElement":[{"@type":"ListItem","position":1,"name":"Accueil","item":"https:\/\/www.musee-mccord-stewart.ca\/en\/"},{"@type":"ListItem","position":2,"name":"Collections","item":"https:\/\/www.musee-mccord-stewart.ca\/en\/collections\/"},{"@type":"ListItem","position":3,"name":"Archives"}]},{"@type":"WebSite","@id":"https:\/\/www.musee-mccord-stewart.ca\/fr\/#website","url":"https:\/\/www.musee-mccord-stewart.ca\/fr\/","name":"McCord Stewart Museum","description":"Our world, our stories","publisher":{"@id":"https:\/\/www.musee-mccord-stewart.ca\/fr\/#organization"},"alternateName":"MCS","potentialAction":[{"@type":"SearchAction","target":{"@type":"EntryPoint","urlTemplate":"https:\/\/www.musee-mccord-stewart.ca\/fr\/?s={search_term_string}"},"query-input":"required name=search_term_string"}],"inLanguage":"en-US"},{"@type":"Organization","@id":"https:\/\/www.musee-mccord-stewart.ca\/fr\/#organization","name":"McCord Stewart Museum","alternateName":"MCS","url":"https:\/\/www.musee-mccord-stewart.ca\/fr\/","logo":{"@type":"ImageObject","inLanguage":"en-US","@id":"https:\/\/www.musee-mccord-stewart.ca\/fr\/#\/schema\/logo\/image\/","url":"https:\/\/www.musee-mccord-stewart.ca\/app\/uploads\/2023\/05\/logo_museemccordstewart_horizontal_noir_slogan.svg","contentUrl":"https:\/\/www.musee-mccord-stewart.ca\/app\/uploads\/2023\/05\/logo_museemccordstewart_horizontal_noir_slogan.svg","width":1,"height":1,"caption":"McCord Stewart Museum"},"image":{"@id":"https:\/\/www.musee-mccord-stewart.ca\/fr\/#\/schema\/logo\/image\/"},"sameAs":["https:\/\/www.facebook.com\/museemccordstewart","https:\/\/twitter.com\/MuseeMcCordStew","https:\/\/instagram.com\/museemccordstewart","https:\/\/www.linkedin.com\/company\/museemccordstewart\/","https:\/\/www.pinterest.com\/museemccordstewart\/","https:\/\/www.youtube.com\/c\/MuseeMcCordStewartMuseum"]}]}},"_links":{"self":[{"href":"https:\/\/www.musee-mccord-stewart.ca\/en\/wp-json\/wp\/v2\/pages\/2332"}],"collection":[{"href":"https:\/\/www.musee-mccord-stewart.ca\/en\/wp-json\/wp\/v2\/pages"}],"about":[{"href":"https:\/\/www.musee-mccord-stewart.ca\/en\/wp-json\/wp\/v2\/types\/page"}],"author":[{"embeddable":true,"href":"https:\/\/www.musee-mccord-stewart.ca\/en\/wp-json\/wp\/v2\/users\/17"}],"replies":[{"embeddable":true,"href":"https:\/\/www.musee-mccord-stewart.ca\/en\/wp-json\/wp\/v2\/comments?post=2332"}],"version-history":[{"count":0,"href":"https:\/\/www.musee-mccord-stewart.ca\/en\/wp-json\/wp\/v2\/pages\/2332\/revisions"}],"up":[{"embeddable":true,"href":"https:\/\/www.musee-mccord-stewart.ca\/en\/wp-json\/wp\/v2\/pages\/40121"}],"wp:attachment":[{"href":"https:\/\/www.musee-mccord-stewart.ca\/en\/wp-json\/wp\/v2\/media?parent=2332"}],"wp:term":[{"taxonomy":"category","embeddable":true,"href":"https:\/\/www.musee-mccord-stewart.ca\/en\/wp-json\/wp\/v2\/categories?post=2332"},{"taxonomy":"post_tag","embeddable":true,"href":"https:\/\/www.musee-mccord-stewart.ca\/en\/wp-json\/wp\/v2\/tags?post=2332"}],"curies":[{"name":"wp","href":"https:\/\/api.w.org\/{rel}","templated":true}]}}