{"id":21600,"date":"2018-01-25T09:12:33","date_gmt":"2018-01-25T14:12:33","guid":{"rendered":"http:\/\/www.musee-mccord-stewart.ca\/?page_id=21600\/"},"modified":"2025-12-11T16:46:14","modified_gmt":"2025-12-11T21:46:14","slug":"christian-vachon","status":"publish","type":"page","link":"https:\/\/www.musee-mccord-stewart.ca\/en\/collections\/team\/christian-vachon\/","title":{"rendered":"Christian Vachon"},"content":{"rendered":"<h4>Director, Collections Management<br \/>\nCurator, Documentary Art<\/h4>\n<p><strong><em>My interest in all forms of Canadian illustration led me to develop a real passion for editorial cartoons. As both an art and a manifesto, caricature combines drawing and satire to offer a political, sociological and psychological interpretation of an event. If a picture is worth a thousand words, I would venture that a caricature is worth an entire chapter. <\/em><\/strong><\/p>\n<p>________<\/p>\n<p>Art historian Christian Vachon specializes in Canadian illustration from the 18<sup>th<\/sup> century to the present day, specifically in the fields of graphic satire and printing processes. He has researched the development of printing in the 19<sup>th<\/sup> and 20<sup>th<\/sup> centuries to understand its fundamental role in the dissemination of iconography produced in Canada. An in-depth study of Canada&#8217;s illustrated press ignited his passion for political and editorial cartooning.<\/p>\n<p>After earning a master&#8217;s degree in Art Studies from the Universit\u00e9 du Qu\u00e9bec \u00e0 Montr\u00e9al, he joined the Museum in 1989 to organize the layout of new reserves in the Paintings, Prints and Drawings collection for the Museum&#8217;s 1992 reopening. He subsequently worked as the Museum\u2019s Registrar before being named Director, Collections Management.<\/p>\n<p>In 2010, he was also appointed Curator, Paintings, Prints and Drawings, a department now known as Documentary Art. Since then, he has curated a number of exhibitions featuring this collection\u2014notably the cartoons section, which now consists of over 45,000 drawings\u2014including <strong><a href=\"http:\/\/www.musee-mccord.qc.ca\/en\/exhibitions\/cartooning-calamities\/\"><em>Cartooning Calamities!<\/em><\/a><\/strong>, <strong><a href=\"http:\/\/www.musee-mccord.qc.ca\/en\/exhibitions\/aislin\/\"><em>Aislin: 50 Years of Cartoons<\/em><\/a><\/strong> and <strong><a href=\"https:\/\/www.musee-mccord.qc.ca\/en\/exhibitions\/chapleau-profession-cartoonist\/\"><em>Chapleau, Profession: Cartoonist<\/em><\/a><\/strong>.<\/p>\n<p>In 2012, Christian Vachon was named an honorary member of the Association of Canadian Editorial Cartoonists for his exceptional service to the association. When the organization was renamed the <a title=\"\" href=\"https:\/\/acc.format.com\/l-association\" target=\"_blank\" rel=\"noopener\">Association of Canadian Cartoonists<\/a> in 2016, he was elected to serve on the Board of Directors as associate curator. His expertise in the history of Canadian cartooning has led him to give numerous lectures on the subject and take part in a variety of events devoted to caricatures, past and present<\/p>\n<p>As the curator responsible for the acquisition of the Allan Slaight Collection, which contains posters on the theme of magic along with numerous archival items documenting the career of Harry Houdini, he worked on documenting these collected works as part of preparing the 2017 exhibition <strong><a href=\"https:\/\/www.musee-mccord.qc.ca\/en\/exhibitions\/magic\/\"><em>Illusions \u2013 The Art of Magic<\/em><\/a><\/strong>.<\/p>\n<p>In 2023, he co-curated the exhibition\u00a0<strong><a href=\"https:\/\/can01.safelinks.protection.outlook.com\/?url=https%3A%2F%2Fwww.musee-mccord-stewart.ca%2Fen%2Fexhibitions%2Fbecoming-montreal-1800s-painted-duncan%2F&amp;data=05%7C02%7Cstephanie.poisson%40mccord-stewart.ca%7C9213da82f2484671c94908dc899d2436%7Ccddc26c7aa71404ea709baa65bc5ab4e%7C0%7C0%7C638536555204580506%7CUnknown%7CTWFpbGZsb3d8eyJWIjoiMC4wLjAwMDAiLCJQIjoiV2luMzIiLCJBTiI6Ik1haWwiLCJXVCI6Mn0%3D%7C0%7C%7C%7C&amp;sdata=CveIhZfRMD9qUQPp5pHQ3abDh3OCrmQeqsaoMpWq9NI%3D&amp;reserved=0\"><em>Becoming Montreal: The 1800s Painted by Duncan<\/em><\/a><\/strong>. An avid follower of the latest developments marking his adopted city, Duncan celebrated and documented Montreal\u2019s evolution for approximately 50 years.<\/p>\n<p><a class=\"cta\" title=\"\" href=\"http:\/\/www.musee-mccord-stewart.ca\/en\/collections\/documentary-art\/\">More about the Documentary Art Collection<i class=\"arrow-right-thickicon-\"><\/i><\/a><br \/>\n<a class=\"cta\" title=\"\" href=\"https:\/\/collections.musee-mccord-stewart.ca\/en\/collections\/155917\/documentary-art\/objects\">Explore the collection online<i class=\"arrow-right-thickicon-\"><\/i><\/a><\/p>\n","protected":false},"excerpt":{"rendered":"<p>Director, Collections Management Curator, Documentary Art My interest in all forms of Canadian illustration led me to develop a real passion for editorial cartoons. As both an art and a manifesto, caricature combines drawing and satire to offer a political, sociological and psychological interpretation of an event. If a picture is worth a thousand words, [&hellip;]<\/p>\n","protected":false},"author":3,"featured_media":0,"parent":21589,"menu_order":0,"comment_status":"closed","ping_status":"closed","template":"page-templates\/page-texte.php","meta":{"footnotes":""},"categories":[],"tags":[],"acf":[],"yoast_head":"<!-- This site is optimized with the Yoast SEO Premium plugin v20.11 (Yoast SEO v20.11) - https:\/\/yoast.com\/wordpress\/plugins\/seo\/ -->\n<title>Christian Vachon - Curator, Paintings, Prints and Drawings - McCord Stewart Museum<\/title>\n<meta name=\"description\" content=\"Meet Christian Vachon, Head, Collections Management, and Curator of the Documentary Art collection and learn more about his expertise and his work.\" \/>\n<meta name=\"robots\" content=\"index, follow, max-snippet:-1, max-image-preview:large, max-video-preview:-1\" \/>\n<link rel=\"canonical\" href=\"https:\/\/www.musee-mccord-stewart.ca\/en\/collections\/team\/christian-vachon\/\" \/>\n<meta property=\"og:locale\" content=\"en_US\" \/>\n<meta property=\"og:type\" content=\"article\" \/>\n<meta property=\"og:title\" content=\"Christian Vachon\" \/>\n<meta property=\"og:description\" content=\"Director, Collections Management Curator, Documentary Art My interest in all forms of Canadian illustration led me to develop a real passion for editorial\" \/>\n<meta property=\"og:url\" content=\"https:\/\/www.musee-mccord-stewart.ca\/en\/collections\/team\/christian-vachon\/\" \/>\n<meta property=\"og:site_name\" content=\"McCord Stewart Museum\" \/>\n<meta property=\"article:publisher\" content=\"https:\/\/www.facebook.com\/museemccordstewart\" \/>\n<meta property=\"article:modified_time\" content=\"2025-12-11T21:46:14+00:00\" \/>\n<meta property=\"og:image\" content=\"https:\/\/www.musee-mccord-stewart.ca\/app\/uploads\/2022\/09\/mccord-stewart_facade-exterieur-henderson-2022_roger-aziz_1320x480.jpg\" \/>\n\t<meta property=\"og:image:width\" content=\"1320\" \/>\n\t<meta property=\"og:image:height\" content=\"480\" \/>\n\t<meta property=\"og:image:type\" content=\"image\/jpeg\" \/>\n<meta name=\"twitter:card\" content=\"summary_large_image\" \/>\n<meta name=\"twitter:site\" content=\"@MuseeMcCordStew\" \/>\n<meta name=\"twitter:label1\" content=\"Est. reading time\" \/>\n\t<meta name=\"twitter:data1\" content=\"3 minutes\" \/>\n<script type=\"application\/ld+json\" class=\"yoast-schema-graph\">{\"@context\":\"https:\/\/schema.org\",\"@graph\":[{\"@type\":\"WebPage\",\"@id\":\"https:\/\/www.musee-mccord-stewart.ca\/en\/collections\/team\/christian-vachon\/\",\"url\":\"https:\/\/www.musee-mccord-stewart.ca\/en\/collections\/team\/christian-vachon\/\",\"name\":\"Christian Vachon - Curator, Paintings, Prints and Drawings - McCord Stewart Museum\",\"isPartOf\":{\"@id\":\"https:\/\/www.musee-mccord-stewart.ca\/fr\/#website\"},\"datePublished\":\"2018-01-25T14:12:33+00:00\",\"dateModified\":\"2025-12-11T21:46:14+00:00\",\"description\":\"Meet Christian Vachon, Head, Collections Management, and Curator of the Documentary Art collection and learn more about his expertise and his work.\",\"breadcrumb\":{\"@id\":\"https:\/\/www.musee-mccord-stewart.ca\/en\/collections\/team\/christian-vachon\/#breadcrumb\"},\"inLanguage\":\"en-US\",\"potentialAction\":[{\"@type\":\"ReadAction\",\"target\":[\"https:\/\/www.musee-mccord-stewart.ca\/en\/collections\/team\/christian-vachon\/\"]}]},{\"@type\":\"BreadcrumbList\",\"@id\":\"https:\/\/www.musee-mccord-stewart.ca\/en\/collections\/team\/christian-vachon\/#breadcrumb\",\"itemListElement\":[{\"@type\":\"ListItem\",\"position\":1,\"name\":\"Accueil\",\"item\":\"https:\/\/www.musee-mccord-stewart.ca\/en\/\"},{\"@type\":\"ListItem\",\"position\":2,\"name\":\"Collections\",\"item\":\"https:\/\/www.musee-mccord-stewart.ca\/en\/collections\/\"},{\"@type\":\"ListItem\",\"position\":3,\"name\":\"Team\",\"item\":\"https:\/\/www.musee-mccord-stewart.ca\/en\/collections\/team\/\"},{\"@type\":\"ListItem\",\"position\":4,\"name\":\"Christian Vachon\"}]},{\"@type\":\"WebSite\",\"@id\":\"https:\/\/www.musee-mccord-stewart.ca\/fr\/#website\",\"url\":\"https:\/\/www.musee-mccord-stewart.ca\/fr\/\",\"name\":\"McCord Stewart Museum\",\"description\":\"Our world, our stories\",\"publisher\":{\"@id\":\"https:\/\/www.musee-mccord-stewart.ca\/fr\/#organization\"},\"alternateName\":\"MCS\",\"potentialAction\":[{\"@type\":\"SearchAction\",\"target\":{\"@type\":\"EntryPoint\",\"urlTemplate\":\"https:\/\/www.musee-mccord-stewart.ca\/fr\/?s={search_term_string}\"},\"query-input\":\"required name=search_term_string\"}],\"inLanguage\":\"en-US\"},{\"@type\":\"Organization\",\"@id\":\"https:\/\/www.musee-mccord-stewart.ca\/fr\/#organization\",\"name\":\"McCord Stewart Museum\",\"alternateName\":\"MCS\",\"url\":\"https:\/\/www.musee-mccord-stewart.ca\/fr\/\",\"logo\":{\"@type\":\"ImageObject\",\"inLanguage\":\"en-US\",\"@id\":\"https:\/\/www.musee-mccord-stewart.ca\/fr\/#\/schema\/logo\/image\/\",\"url\":\"https:\/\/www.musee-mccord-stewart.ca\/app\/uploads\/2023\/05\/logo_museemccordstewart_horizontal_noir_slogan.svg\",\"contentUrl\":\"https:\/\/www.musee-mccord-stewart.ca\/app\/uploads\/2023\/05\/logo_museemccordstewart_horizontal_noir_slogan.svg\",\"width\":1,\"height\":1,\"caption\":\"McCord Stewart Museum\"},\"image\":{\"@id\":\"https:\/\/www.musee-mccord-stewart.ca\/fr\/#\/schema\/logo\/image\/\"},\"sameAs\":[\"https:\/\/www.facebook.com\/museemccordstewart\",\"https:\/\/twitter.com\/MuseeMcCordStew\",\"https:\/\/instagram.com\/museemccordstewart\",\"https:\/\/www.linkedin.com\/company\/museemccordstewart\/\",\"https:\/\/www.pinterest.com\/museemccordstewart\/\",\"https:\/\/www.youtube.com\/c\/MuseeMcCordStewartMuseum\"]}]}<\/script>\n<!-- \/ Yoast SEO Premium plugin. -->","yoast_head_json":{"title":"Christian Vachon - Curator, Paintings, Prints and Drawings - McCord Stewart Museum","description":"Meet Christian Vachon, Head, Collections Management, and Curator of the Documentary Art collection and learn more about his expertise and his work.","robots":{"index":"index","follow":"follow","max-snippet":"max-snippet:-1","max-image-preview":"max-image-preview:large","max-video-preview":"max-video-preview:-1"},"canonical":"https:\/\/www.musee-mccord-stewart.ca\/en\/collections\/team\/christian-vachon\/","og_locale":"en_US","og_type":"article","og_title":"Christian Vachon","og_description":"Director, Collections Management Curator, Documentary Art My interest in all forms of Canadian illustration led me to develop a real passion for editorial","og_url":"https:\/\/www.musee-mccord-stewart.ca\/en\/collections\/team\/christian-vachon\/","og_site_name":"McCord Stewart Museum","article_publisher":"https:\/\/www.facebook.com\/museemccordstewart","article_modified_time":"2025-12-11T21:46:14+00:00","og_image":[{"width":1320,"height":480,"url":"https:\/\/www.musee-mccord-stewart.ca\/app\/uploads\/2022\/09\/mccord-stewart_facade-exterieur-henderson-2022_roger-aziz_1320x480.jpg","type":"image\/jpeg"}],"twitter_card":"summary_large_image","twitter_site":"@MuseeMcCordStew","twitter_misc":{"Est. reading time":"3 minutes"},"schema":{"@context":"https:\/\/schema.org","@graph":[{"@type":"WebPage","@id":"https:\/\/www.musee-mccord-stewart.ca\/en\/collections\/team\/christian-vachon\/","url":"https:\/\/www.musee-mccord-stewart.ca\/en\/collections\/team\/christian-vachon\/","name":"Christian Vachon - Curator, Paintings, Prints and Drawings - McCord Stewart Museum","isPartOf":{"@id":"https:\/\/www.musee-mccord-stewart.ca\/fr\/#website"},"datePublished":"2018-01-25T14:12:33+00:00","dateModified":"2025-12-11T21:46:14+00:00","description":"Meet Christian Vachon, Head, Collections Management, and Curator of the Documentary Art collection and learn more about his expertise and his work.","breadcrumb":{"@id":"https:\/\/www.musee-mccord-stewart.ca\/en\/collections\/team\/christian-vachon\/#breadcrumb"},"inLanguage":"en-US","potentialAction":[{"@type":"ReadAction","target":["https:\/\/www.musee-mccord-stewart.ca\/en\/collections\/team\/christian-vachon\/"]}]},{"@type":"BreadcrumbList","@id":"https:\/\/www.musee-mccord-stewart.ca\/en\/collections\/team\/christian-vachon\/#breadcrumb","itemListElement":[{"@type":"ListItem","position":1,"name":"Accueil","item":"https:\/\/www.musee-mccord-stewart.ca\/en\/"},{"@type":"ListItem","position":2,"name":"Collections","item":"https:\/\/www.musee-mccord-stewart.ca\/en\/collections\/"},{"@type":"ListItem","position":3,"name":"Team","item":"https:\/\/www.musee-mccord-stewart.ca\/en\/collections\/team\/"},{"@type":"ListItem","position":4,"name":"Christian Vachon"}]},{"@type":"WebSite","@id":"https:\/\/www.musee-mccord-stewart.ca\/fr\/#website","url":"https:\/\/www.musee-mccord-stewart.ca\/fr\/","name":"McCord Stewart Museum","description":"Our world, our stories","publisher":{"@id":"https:\/\/www.musee-mccord-stewart.ca\/fr\/#organization"},"alternateName":"MCS","potentialAction":[{"@type":"SearchAction","target":{"@type":"EntryPoint","urlTemplate":"https:\/\/www.musee-mccord-stewart.ca\/fr\/?s={search_term_string}"},"query-input":"required name=search_term_string"}],"inLanguage":"en-US"},{"@type":"Organization","@id":"https:\/\/www.musee-mccord-stewart.ca\/fr\/#organization","name":"McCord Stewart Museum","alternateName":"MCS","url":"https:\/\/www.musee-mccord-stewart.ca\/fr\/","logo":{"@type":"ImageObject","inLanguage":"en-US","@id":"https:\/\/www.musee-mccord-stewart.ca\/fr\/#\/schema\/logo\/image\/","url":"https:\/\/www.musee-mccord-stewart.ca\/app\/uploads\/2023\/05\/logo_museemccordstewart_horizontal_noir_slogan.svg","contentUrl":"https:\/\/www.musee-mccord-stewart.ca\/app\/uploads\/2023\/05\/logo_museemccordstewart_horizontal_noir_slogan.svg","width":1,"height":1,"caption":"McCord Stewart Museum"},"image":{"@id":"https:\/\/www.musee-mccord-stewart.ca\/fr\/#\/schema\/logo\/image\/"},"sameAs":["https:\/\/www.facebook.com\/museemccordstewart","https:\/\/twitter.com\/MuseeMcCordStew","https:\/\/instagram.com\/museemccordstewart","https:\/\/www.linkedin.com\/company\/museemccordstewart\/","https:\/\/www.pinterest.com\/museemccordstewart\/","https:\/\/www.youtube.com\/c\/MuseeMcCordStewartMuseum"]}]}},"_links":{"self":[{"href":"https:\/\/www.musee-mccord-stewart.ca\/en\/wp-json\/wp\/v2\/pages\/21600"}],"collection":[{"href":"https:\/\/www.musee-mccord-stewart.ca\/en\/wp-json\/wp\/v2\/pages"}],"about":[{"href":"https:\/\/www.musee-mccord-stewart.ca\/en\/wp-json\/wp\/v2\/types\/page"}],"author":[{"embeddable":true,"href":"https:\/\/www.musee-mccord-stewart.ca\/en\/wp-json\/wp\/v2\/users\/3"}],"replies":[{"embeddable":true,"href":"https:\/\/www.musee-mccord-stewart.ca\/en\/wp-json\/wp\/v2\/comments?post=21600"}],"version-history":[{"count":0,"href":"https:\/\/www.musee-mccord-stewart.ca\/en\/wp-json\/wp\/v2\/pages\/21600\/revisions"}],"up":[{"embeddable":true,"href":"https:\/\/www.musee-mccord-stewart.ca\/en\/wp-json\/wp\/v2\/pages\/21589"}],"wp:attachment":[{"href":"https:\/\/www.musee-mccord-stewart.ca\/en\/wp-json\/wp\/v2\/media?parent=21600"}],"wp:term":[{"taxonomy":"category","embeddable":true,"href":"https:\/\/www.musee-mccord-stewart.ca\/en\/wp-json\/wp\/v2\/categories?post=21600"},{"taxonomy":"post_tag","embeddable":true,"href":"https:\/\/www.musee-mccord-stewart.ca\/en\/wp-json\/wp\/v2\/tags?post=21600"}],"curies":[{"name":"wp","href":"https:\/\/api.w.org\/{rel}","templated":true}]}}